{"id":98649,"date":"2026-02-24T17:26:33","date_gmt":"2026-02-24T16:26:33","guid":{"rendered":"https:\/\/artistics.com\/?post_type=product&#038;p=98649"},"modified":"2026-04-07T12:22:40","modified_gmt":"2026-04-07T10:22:40","slug":"sezione-aurea-c-1-sezione-aurea-c-2-sezione-aurea-c-3","status":"publish","type":"product","link":"https:\/\/artistics.com\/fr\/oeuvre\/sezione-aurea-c-1-sezione-aurea-c-2-sezione-aurea-c-3\/","title":{"rendered":"Sezione Aurea C-1, Sezione Aurea C-2, Sezione Aurea C-3"},"content":{"rendered":"","protected":false},"excerpt":{"rendered":"","protected":false},"featured_media":99250,"template":"","meta":{"_acf_changed":false,"_searchwp_excluded":"","inline_featured_image":false},"product_cat":[421,2067,413,2491,164,189,204,215,227,238,338],"product_tag":[565,537,368],"series":[1969],"class_list":{"0":"post-98649","1":"product","2":"type-product","3":"status-publish","4":"has-post-thumbnail","6":"product_cat-sculpture-dexterieur","7":"product_cat-sculpture-en-marbre","8":"product_cat-sculpture-minimaliste","9":"product_cat-sculpture-soustractive","10":"product_cat-sculpture-contemporaine","11":"product_cat-art-abstrait","12":"product_cat-sculpture-abstraite","13":"product_cat-grand","14":"product_cat-tons-clairs","15":"product_cat-plus-de-10-000-e","16":"product_cat-sculpture-en-pierre","17":"product_tag-dore","18":"product_tag-feuille-dor","19":"product_tag-sculpture-grand-format","20":"series-mattia-bosco-sezione-aurea-section-doree-fr","22":"first","23":"instock","24":"shipping-taxable","25":"purchasable","26":"product-type-simple"},"acf":{"artwork_artist":[2796],"artwork_medium":164,"artwork_categories":[204,338,2067,413,421,2491],"artwork_overall-tones":[227],"artwork_main-material":[],"artwork_art-genre":[],"artwork_art-movement":[189],"artwork_miscellaneous":[],"artwork_formats":[215],"artwork_price-ranges":[238],"artwork_main_subject":[],"artwork_technique":[537],"artwork_featured_location":[],"artwork_dominant_color":[565],"artwork_physical_attributes":[368,368],"artwork_creation_date":"20230101","artwork_unique_piece":true,"artwork_description":"Marbre statuaire des caves de Michel-Ange et feuille d\u2019or 23,8 carats","artwork_signature":"x","artwork_authenticity":"L\u2019\u0153uvre est vendue avec un certificat d\u2019authenticit\u00e9 sign\u00e9 par l\u2019artiste.","artwork_framing":"not_specified","artwork_has_custom_framing_info":false,"artwork_custom_framing_info":"Not specified","artwork_location_country":"IT","artwork_location_city":"Milan","artwork_location_zipcode":"20159","artwork_shipment_type":"3D_artwork","artwork_shipping_delivery":"sculpture_unique_piece_immediate_availability","artwork_has_custom_shipping_delivery_info":false,"artwork_custom_shipping_delivery_info":"Not specified","artwork_360_view_url":"","artwork_video_url":"","artwork_video_format":[],"artwork_preview_type":"featured_image","artwork_reserved":false,"artwork_hide_price":false,"artwork_about":"<em><strong>Sezione Aurea C-1, Sezione Aurea C-2, Sezione Aurea C-3<\/strong><\/em> est un ensemble de trois sculptures monumentales r\u00e9alis\u00e9es par l'artiste italien contemporain Mattia Bosco. Elles sont r\u00e9alis\u00e9es en marbre statuaire des caves de Michel-Ange et en feuille d'or 23,8 carats.\r\n\r\nCe groupe de trois sculptures a \u00e9t\u00e9 sp\u00e9cialement con\u00e7u pour l'\u00e9dition 2023 du festival White Carrara. Mattia Bosco commente ce projet : \u00ab <em>Il \u00e9tait important pour moi de choisir un lieu o\u00f9 les sculptures que j'avais imagin\u00e9es dans ma t\u00eate trouveraient les meilleures conditions pour prendre vie. Je me suis souvenu de la cath\u00e9drale de Carrare, avec son emplacement inhabituel, en retrait, avec une fa\u00e7ade presque cach\u00e9e par les maisons. Son long flanc en marbre, d\u00e9pourvu de fen\u00eatres \u2013 \u00e0 l'exception d'une petite porte lat\u00e9rale \u2013 constituait la toile de fond parfaite pour une vue imprenable sur les sculptures.<\/em> \u00bb\r\n\r\nPour plus d\u2019information et de photos sur le festival White Carrara 2023, veuillez retrouver un article d\u00e9di\u00e9\u00a0<a href=\"https:\/\/artistics.com\/fr\/artzine\/sculpture-white-carrara-2023-sezione-aurea-de-mattia-bosco\/\" target=\"_blank\" rel=\"noopener\">ici<\/a>.\r\n\r\nL'artiste a appliqu\u00e9 des feuilles d'or sur la pierre afin d'accentuer certaines formes et lignes. Cette s\u00e9rie d'\u0153uvres d'art, intitul\u00e9e \u00ab Sezione aurea \u00bb (\u00ab Section dor\u00e9e \u00bb), est n\u00e9e de l'observation de pierres contenant du mica. Ce min\u00e9ral fait scintiller la pierre, c'est pourquoi l'artiste a d\u00e9cid\u00e9 de cristalliser la pr\u00e9sence de l'or avec des feuilles d'or. Pour Mattia Bosco, si la pierre est une incarnation solide du temps, l'or s'apparente \u00e0 la lumi\u00e8re \u00e0 l'\u00e9tat solide.\r\n\r\nLe marbre des grottes de Michel-Ange provient des carri\u00e8res de Carrare, en Toscane. Ces carri\u00e8res sont connues depuis l'Antiquit\u00e9. Le marbre de Carrare est appr\u00e9ci\u00e9 pour son grain fin et sa blancheur tr\u00e8s uniforme, presque sans veines. Le marbre utilis\u00e9 pour cette sculpture provient des grottes de Michel-Ange, qui s'est rendu en personne \u00e0 Carrare il y a pr\u00e8s de cinq si\u00e8cles pour s\u00e9lectionner les blocs destin\u00e9s \u00e0 ses \u0153uvres. Plusieurs de ses chefs-d'\u0153uvre ont \u00e9t\u00e9 sculpt\u00e9s \u00e0 partir de ces blocs (dont sa somptueuse \u00ab Piet\u00e0 \u00bb).\r\n\r\nLes dimensions sont approximatives et varient selon la position des sculptures. Voici les dimensions et les poids des sculptures :\r\n\r\n<a href=\"https:\/\/artistics.com\/fr\/oeuvre\/sezione-aurea-c1\/\" target=\"_blank\" rel=\"noopener\"><em><strong>Sezione Aurea C-1<\/strong><\/em><\/a>, 232 \u00d7 86 \u00d7 69 cm, 1300 kg\r\n\r\n<a href=\"https:\/\/artistics.com\/fr\/oeuvre\/sezione-aurea-c2\/\" target=\"_blank\" rel=\"noopener\"><em><strong>Sezione Aurea C-2<\/strong><\/em><\/a>, 270 \u00d7 100 \u00d7 52 cm, 1700 kg\r\n\r\n<a href=\"https:\/\/artistics.com\/fr\/oeuvre\/sezione-aurea-c2\/\" target=\"_blank\" rel=\"noopener\"><em><strong>Sezione Aurea C-3<\/strong><\/em><\/a>, 223 \u00d7 82 \u00d7 60 cm, 1200 kg\r\n\r\nPhotos dans l'atelier et avec Mattia Bosco : @Giuseppe D'Aleo","artwork_series":[1969],"artwork_query_group":"10","artwork_lowest_grid_position":1,"artwork_random_position":1667670,"explicit_sensitive_content":false,"drupal_id":"9258"},"yoast_head":"<!-- This site is optimized with the Yoast SEO Premium plugin v27.3 (Yoast SEO v27.3) - https:\/\/yoast.com\/product\/yoast-seo-premium-wordpress\/ -->\n<title>Sezione Aurea C-1, Sezione Aurea C-2, Sezione Aurea C-3 par Mattia Bosco - Sculpture contemporaine | Artistics<\/title>\n<meta name=\"description\" content=\"Sezione Aurea C-1, Sezione Aurea C-2, Sezione Aurea C-3 par Mattia Bosco - achetez en ligne cette \u0153uvre d\u2019art originale avec son certificat d\u2019authenticit\u00e9 et b\u00e9n\u00e9ficiez de notre service premium.\" \/>\n<meta name=\"robots\" content=\"index, follow, max-snippet:-1, max-image-preview:large, max-video-preview:-1\" \/>\n<link rel=\"canonical\" href=\"https:\/\/artistics.com\/fr\/oeuvre\/sezione-aurea-c-1-sezione-aurea-c-2-sezione-aurea-c-3\/\" \/>\n<meta property=\"og:locale\" content=\"fr_FR\" \/>\n<meta property=\"og:type\" content=\"article\" \/>\n<meta property=\"og:title\" content=\"Sezione Aurea C-1, Sezione Aurea C-2, Sezione Aurea C-3\" \/>\n<meta property=\"og:description\" content=\"Sezione Aurea C-1, Sezione Aurea C-2, Sezione Aurea C-3 par Mattia Bosco - achetez en ligne cette \u0153uvre d\u2019art originale avec son certificat d\u2019authenticit\u00e9 et b\u00e9n\u00e9ficiez de notre service premium.\" \/>\n<meta property=\"og:url\" content=\"https:\/\/artistics.com\/fr\/oeuvre\/sezione-aurea-c-1-sezione-aurea-c-2-sezione-aurea-c-3\/\" \/>\n<meta property=\"og:site_name\" content=\"Artistics\" \/>\n<meta property=\"article:publisher\" content=\"https:\/\/www.facebook.com\/ArtisticsMag\" \/>\n<meta property=\"article:modified_time\" content=\"2026-04-07T10:22:40+00:00\" \/>\n<meta property=\"og:image\" content=\"https:\/\/artistics.com\/wp-content\/uploads\/2026\/02\/sezione-aurea-c1-c2-c3-by-mattia-bosco-2-scaled.jpg\" \/>\n\t<meta property=\"og:image:width\" content=\"2560\" \/>\n\t<meta property=\"og:image:height\" content=\"1727\" \/>\n\t<meta property=\"og:image:type\" content=\"image\/jpeg\" \/>\n<meta name=\"twitter:card\" content=\"summary_large_image\" \/>\n<meta name=\"twitter:site\" content=\"@Artistics_FR\" \/>\n<meta name=\"twitter:label1\" content=\"Prix\" \/>\n\t<meta name=\"twitter:data1\" content=\"89 000&nbsp;&euro;\" \/>\n\t<meta name=\"twitter:label2\" content=\"Disponibilit\u00e9\" \/>\n\t<meta name=\"twitter:data2\" content=\"En stock\" \/>\n<script type=\"application\/ld+json\" class=\"yoast-schema-graph\">{\"@context\":\"https:\\\/\\\/schema.org\",\"@graph\":[{\"@type\":[\"WebPage\",\"ItemPage\"],\"@id\":\"https:\\\/\\\/artistics.com\\\/fr\\\/oeuvre\\\/sezione-aurea-c-1-sezione-aurea-c-2-sezione-aurea-c-3\\\/\",\"url\":\"https:\\\/\\\/artistics.com\\\/fr\\\/oeuvre\\\/sezione-aurea-c-1-sezione-aurea-c-2-sezione-aurea-c-3\\\/\",\"name\":\"Sezione Aurea C-1, Sezione Aurea C-2, Sezione Aurea C-3 par Mattia Bosco - Sculpture contemporaine | Artistics\",\"isPartOf\":{\"@id\":\"https:\\\/\\\/artistics.com\\\/fr\\\/#website\"},\"primaryImageOfPage\":{\"@id\":\"https:\\\/\\\/artistics.com\\\/fr\\\/oeuvre\\\/sezione-aurea-c-1-sezione-aurea-c-2-sezione-aurea-c-3\\\/#primaryimage\"},\"image\":{\"@id\":\"https:\\\/\\\/artistics.com\\\/fr\\\/oeuvre\\\/sezione-aurea-c-1-sezione-aurea-c-2-sezione-aurea-c-3\\\/#primaryimage\"},\"thumbnailUrl\":\"https:\\\/\\\/artistics.com\\\/wp-content\\\/uploads\\\/2026\\\/02\\\/sezione-aurea-c1-c2-c3-by-mattia-bosco-2-scaled.jpg\",\"datePublished\":\"2026-02-24T16:26:33+00:00\",\"dateModified\":\"2026-04-07T10:22:40+00:00\",\"description\":\"Sezione Aurea C-1, Sezione Aurea C-2, Sezione Aurea C-3 par Mattia Bosco - achetez en ligne cette \u0153uvre d\u2019art originale avec son certificat d\u2019authenticit\u00e9 et b\u00e9n\u00e9ficiez de notre service premium.\",\"breadcrumb\":{\"@id\":\"https:\\\/\\\/artistics.com\\\/fr\\\/oeuvre\\\/sezione-aurea-c-1-sezione-aurea-c-2-sezione-aurea-c-3\\\/#breadcrumb\"},\"inLanguage\":\"fr-FR\",\"potentialAction\":[{\"@type\":\"ReadAction\",\"target\":[\"https:\\\/\\\/artistics.com\\\/fr\\\/oeuvre\\\/sezione-aurea-c-1-sezione-aurea-c-2-sezione-aurea-c-3\\\/\"]}]},{\"@type\":\"ImageObject\",\"inLanguage\":\"fr-FR\",\"@id\":\"https:\\\/\\\/artistics.com\\\/fr\\\/oeuvre\\\/sezione-aurea-c-1-sezione-aurea-c-2-sezione-aurea-c-3\\\/#primaryimage\",\"url\":\"https:\\\/\\\/artistics.com\\\/wp-content\\\/uploads\\\/2026\\\/02\\\/sezione-aurea-c1-c2-c3-by-mattia-bosco-2-scaled.jpg\",\"contentUrl\":\"https:\\\/\\\/artistics.com\\\/wp-content\\\/uploads\\\/2026\\\/02\\\/sezione-aurea-c1-c2-c3-by-mattia-bosco-2-scaled.jpg\",\"width\":2560,\"height\":1727},{\"@type\":\"BreadcrumbList\",\"@id\":\"https:\\\/\\\/artistics.com\\\/fr\\\/oeuvre\\\/sezione-aurea-c-1-sezione-aurea-c-2-sezione-aurea-c-3\\\/#breadcrumb\",\"itemListElement\":[{\"@type\":\"ListItem\",\"position\":1,\"name\":\"Achat \u0153uvre d'art\",\"item\":\"https:\\\/\\\/artistics.com\\\/fr\\\/\"},{\"@type\":\"ListItem\",\"position\":2,\"name\":\"Galerie\",\"item\":\"https:\\\/\\\/artistics.com\\\/fr\\\/galerie\\\/\"},{\"@type\":\"ListItem\",\"position\":3,\"name\":\"Sculpture contemporaine\",\"item\":\"https:\\\/\\\/artistics.com\\\/fr\\\/categorie-oeuvre\\\/sculpture-contemporaine\\\/\"},{\"@type\":\"ListItem\",\"position\":4,\"name\":\"Sezione Aurea C-1, Sezione Aurea C-2, Sezione Aurea C-3\"}]},{\"@type\":\"WebSite\",\"@id\":\"https:\\\/\\\/artistics.com\\\/fr\\\/#website\",\"url\":\"https:\\\/\\\/artistics.com\\\/fr\\\/\",\"name\":\"Artistics\",\"description\":\"The online art gallery\",\"publisher\":{\"@id\":\"https:\\\/\\\/artistics.com\\\/fr\\\/#organization\"},\"potentialAction\":[{\"@type\":\"SearchAction\",\"target\":{\"@type\":\"EntryPoint\",\"urlTemplate\":\"https:\\\/\\\/artistics.com\\\/fr\\\/?s={search_term_string}\"},\"query-input\":{\"@type\":\"PropertyValueSpecification\",\"valueRequired\":true,\"valueName\":\"search_term_string\"}}],\"inLanguage\":\"fr-FR\"},{\"@type\":\"Organization\",\"@id\":\"https:\\\/\\\/artistics.com\\\/fr\\\/#organization\",\"name\":\"Artistics\",\"url\":\"https:\\\/\\\/artistics.com\\\/fr\\\/\",\"logo\":{\"@type\":\"ImageObject\",\"inLanguage\":\"fr-FR\",\"@id\":\"https:\\\/\\\/artistics.com\\\/fr\\\/#\\\/schema\\\/logo\\\/image\\\/\",\"url\":\"https:\\\/\\\/artistics.com\\\/wp-content\\\/uploads\\\/2023\\\/02\\\/artistics-logo-web-1.svg\",\"contentUrl\":\"https:\\\/\\\/artistics.com\\\/wp-content\\\/uploads\\\/2023\\\/02\\\/artistics-logo-web-1.svg\",\"caption\":\"Artistics\"},\"image\":{\"@id\":\"https:\\\/\\\/artistics.com\\\/fr\\\/#\\\/schema\\\/logo\\\/image\\\/\"},\"sameAs\":[\"https:\\\/\\\/www.facebook.com\\\/ArtisticsMag\",\"https:\\\/\\\/x.com\\\/Artistics_FR\",\"http:\\\/\\\/www.linkedin.com\\\/company\\\/artistics\",\"https:\\\/\\\/www.instagram.com\\\/artistics_com\\\/\",\"http:\\\/\\\/www.pinterest.com\\\/ArtisticsMag\"],\"hasMerchantReturnPolicy\":{\"@type\":\"MerchantReturnPolicy\",\"merchantReturnLink\":\"https:\\\/\\\/artistics.com\\\/free-return-policy\\\/\"}}]}<\/script>\n<meta property=\"product:price:amount\" content=\"89000\" \/>\n<meta property=\"product:price:currency\" content=\"EUR\" \/>\n<meta property=\"og:availability\" content=\"instock\" \/>\n<meta property=\"product:availability\" content=\"instock\" \/>\n<meta property=\"product:retailer_item_id\" content=\"9259-1-1-1\" \/>\n<meta property=\"product:condition\" content=\"new\" \/>\n<!-- \/ Yoast SEO Premium plugin. -->","yoast_head_json":{"title":"Sezione Aurea C-1, Sezione Aurea C-2, Sezione Aurea C-3 par Mattia Bosco - Sculpture contemporaine | Artistics","description":"Sezione Aurea C-1, Sezione Aurea C-2, Sezione Aurea C-3 par Mattia Bosco - achetez en ligne cette \u0153uvre d\u2019art originale avec son certificat d\u2019authenticit\u00e9 et b\u00e9n\u00e9ficiez de notre service premium.","robots":{"index":"index","follow":"follow","max-snippet":"max-snippet:-1","max-image-preview":"max-image-preview:large","max-video-preview":"max-video-preview:-1"},"canonical":"https:\/\/artistics.com\/fr\/oeuvre\/sezione-aurea-c-1-sezione-aurea-c-2-sezione-aurea-c-3\/","og_locale":"fr_FR","og_type":"article","og_title":"Sezione Aurea C-1, Sezione Aurea C-2, Sezione Aurea C-3","og_description":"Sezione Aurea C-1, Sezione Aurea C-2, Sezione Aurea C-3 par Mattia Bosco - achetez en ligne cette \u0153uvre d\u2019art originale avec son certificat d\u2019authenticit\u00e9 et b\u00e9n\u00e9ficiez de notre service premium.","og_url":"https:\/\/artistics.com\/fr\/oeuvre\/sezione-aurea-c-1-sezione-aurea-c-2-sezione-aurea-c-3\/","og_site_name":"Artistics","article_publisher":"https:\/\/www.facebook.com\/ArtisticsMag","article_modified_time":"2026-04-07T10:22:40+00:00","og_image":[{"width":2560,"height":1727,"url":"https:\/\/artistics.com\/wp-content\/uploads\/2026\/02\/sezione-aurea-c1-c2-c3-by-mattia-bosco-2-scaled.jpg","type":"image\/jpeg"}],"twitter_card":"summary_large_image","twitter_site":"@Artistics_FR","twitter_misc":{"Prix":"89 000&nbsp;&euro;","Disponibilit\u00e9":"En stock"},"schema":{"@context":"https:\/\/schema.org","@graph":[{"@type":["WebPage","ItemPage"],"@id":"https:\/\/artistics.com\/fr\/oeuvre\/sezione-aurea-c-1-sezione-aurea-c-2-sezione-aurea-c-3\/","url":"https:\/\/artistics.com\/fr\/oeuvre\/sezione-aurea-c-1-sezione-aurea-c-2-sezione-aurea-c-3\/","name":"Sezione Aurea C-1, Sezione Aurea C-2, Sezione Aurea C-3 par Mattia Bosco - Sculpture contemporaine | Artistics","isPartOf":{"@id":"https:\/\/artistics.com\/fr\/#website"},"primaryImageOfPage":{"@id":"https:\/\/artistics.com\/fr\/oeuvre\/sezione-aurea-c-1-sezione-aurea-c-2-sezione-aurea-c-3\/#primaryimage"},"image":{"@id":"https:\/\/artistics.com\/fr\/oeuvre\/sezione-aurea-c-1-sezione-aurea-c-2-sezione-aurea-c-3\/#primaryimage"},"thumbnailUrl":"https:\/\/artistics.com\/wp-content\/uploads\/2026\/02\/sezione-aurea-c1-c2-c3-by-mattia-bosco-2-scaled.jpg","datePublished":"2026-02-24T16:26:33+00:00","dateModified":"2026-04-07T10:22:40+00:00","description":"Sezione Aurea C-1, Sezione Aurea C-2, Sezione Aurea C-3 par Mattia Bosco - achetez en ligne cette \u0153uvre d\u2019art originale avec son certificat d\u2019authenticit\u00e9 et b\u00e9n\u00e9ficiez de notre service premium.","breadcrumb":{"@id":"https:\/\/artistics.com\/fr\/oeuvre\/sezione-aurea-c-1-sezione-aurea-c-2-sezione-aurea-c-3\/#breadcrumb"},"inLanguage":"fr-FR","potentialAction":[{"@type":"ReadAction","target":["https:\/\/artistics.com\/fr\/oeuvre\/sezione-aurea-c-1-sezione-aurea-c-2-sezione-aurea-c-3\/"]}]},{"@type":"ImageObject","inLanguage":"fr-FR","@id":"https:\/\/artistics.com\/fr\/oeuvre\/sezione-aurea-c-1-sezione-aurea-c-2-sezione-aurea-c-3\/#primaryimage","url":"https:\/\/artistics.com\/wp-content\/uploads\/2026\/02\/sezione-aurea-c1-c2-c3-by-mattia-bosco-2-scaled.jpg","contentUrl":"https:\/\/artistics.com\/wp-content\/uploads\/2026\/02\/sezione-aurea-c1-c2-c3-by-mattia-bosco-2-scaled.jpg","width":2560,"height":1727},{"@type":"BreadcrumbList","@id":"https:\/\/artistics.com\/fr\/oeuvre\/sezione-aurea-c-1-sezione-aurea-c-2-sezione-aurea-c-3\/#breadcrumb","itemListElement":[{"@type":"ListItem","position":1,"name":"Achat \u0153uvre d'art","item":"https:\/\/artistics.com\/fr\/"},{"@type":"ListItem","position":2,"name":"Galerie","item":"https:\/\/artistics.com\/fr\/galerie\/"},{"@type":"ListItem","position":3,"name":"Sculpture contemporaine","item":"https:\/\/artistics.com\/fr\/categorie-oeuvre\/sculpture-contemporaine\/"},{"@type":"ListItem","position":4,"name":"Sezione Aurea C-1, Sezione Aurea C-2, Sezione Aurea C-3"}]},{"@type":"WebSite","@id":"https:\/\/artistics.com\/fr\/#website","url":"https:\/\/artistics.com\/fr\/","name":"Artistics","description":"The online art gallery","publisher":{"@id":"https:\/\/artistics.com\/fr\/#organization"},"potentialAction":[{"@type":"SearchAction","target":{"@type":"EntryPoint","urlTemplate":"https:\/\/artistics.com\/fr\/?s={search_term_string}"},"query-input":{"@type":"PropertyValueSpecification","valueRequired":true,"valueName":"search_term_string"}}],"inLanguage":"fr-FR"},{"@type":"Organization","@id":"https:\/\/artistics.com\/fr\/#organization","name":"Artistics","url":"https:\/\/artistics.com\/fr\/","logo":{"@type":"ImageObject","inLanguage":"fr-FR","@id":"https:\/\/artistics.com\/fr\/#\/schema\/logo\/image\/","url":"https:\/\/artistics.com\/wp-content\/uploads\/2023\/02\/artistics-logo-web-1.svg","contentUrl":"https:\/\/artistics.com\/wp-content\/uploads\/2023\/02\/artistics-logo-web-1.svg","caption":"Artistics"},"image":{"@id":"https:\/\/artistics.com\/fr\/#\/schema\/logo\/image\/"},"sameAs":["https:\/\/www.facebook.com\/ArtisticsMag","https:\/\/x.com\/Artistics_FR","http:\/\/www.linkedin.com\/company\/artistics","https:\/\/www.instagram.com\/artistics_com\/","http:\/\/www.pinterest.com\/ArtisticsMag"],"hasMerchantReturnPolicy":{"@type":"MerchantReturnPolicy","merchantReturnLink":"https:\/\/artistics.com\/free-return-policy\/"}}]},"product_price_amount":"89000","product_price_currency":"EUR","og_availability":"instock","product_availability":"instock","product_retailer_item_id":"9259-1-1-1","product_condition":"new"},"_links":{"self":[{"href":"https:\/\/artistics.com\/fr\/wp-json\/wp\/v2\/product\/98649","targetHints":{"allow":["GET"]}}],"collection":[{"href":"https:\/\/artistics.com\/fr\/wp-json\/wp\/v2\/product"}],"about":[{"href":"https:\/\/artistics.com\/fr\/wp-json\/wp\/v2\/types\/product"}],"acf:term":[{"embeddable":true,"taxonomy":"series","href":"https:\/\/artistics.com\/fr\/wp-json\/wp\/v2\/series\/1969"},{"embeddable":true,"taxonomy":"product_tag","href":"https:\/\/artistics.com\/fr\/wp-json\/wp\/v2\/product_tag\/368"},{"embeddable":true,"taxonomy":"product_tag","href":"https:\/\/artistics.com\/fr\/wp-json\/wp\/v2\/product_tag\/565"},{"embeddable":true,"taxonomy":"product_tag","href":"https:\/\/artistics.com\/fr\/wp-json\/wp\/v2\/product_tag\/537"},{"embeddable":true,"taxonomy":"product_cat","href":"https:\/\/artistics.com\/fr\/wp-json\/wp\/v2\/product_cat\/238"},{"embeddable":true,"taxonomy":"product_cat","href":"https:\/\/artistics.com\/fr\/wp-json\/wp\/v2\/product_cat\/215"},{"embeddable":true,"taxonomy":"product_cat","href":"https:\/\/artistics.com\/fr\/wp-json\/wp\/v2\/product_cat\/189"},{"embeddable":true,"taxonomy":"product_cat","href":"https:\/\/artistics.com\/fr\/wp-json\/wp\/v2\/product_cat\/227"},{"embeddable":true,"taxonomy":"product_cat","href":"https:\/\/artistics.com\/fr\/wp-json\/wp\/v2\/product_cat\/2491"},{"embeddable":true,"taxonomy":"product_cat","href":"https:\/\/artistics.com\/fr\/wp-json\/wp\/v2\/product_cat\/421"},{"embeddable":true,"taxonomy":"product_cat","href":"https:\/\/artistics.com\/fr\/wp-json\/wp\/v2\/product_cat\/413"},{"embeddable":true,"taxonomy":"product_cat","href":"https:\/\/artistics.com\/fr\/wp-json\/wp\/v2\/product_cat\/2067"},{"embeddable":true,"taxonomy":"product_cat","href":"https:\/\/artistics.com\/fr\/wp-json\/wp\/v2\/product_cat\/338"},{"embeddable":true,"taxonomy":"product_cat","href":"https:\/\/artistics.com\/fr\/wp-json\/wp\/v2\/product_cat\/204"},{"embeddable":true,"taxonomy":"product_cat","href":"https:\/\/artistics.com\/fr\/wp-json\/wp\/v2\/product_cat\/164"}],"acf:post":[{"embeddable":true,"href":"https:\/\/artistics.com\/fr\/wp-json\/wp\/v2\/artist\/2796"}],"wp:featuredmedia":[{"embeddable":true,"href":"https:\/\/artistics.com\/fr\/wp-json\/wp\/v2\/media\/99250"}],"wp:attachment":[{"href":"https:\/\/artistics.com\/fr\/wp-json\/wp\/v2\/media?parent=98649"}],"wp:term":[{"taxonomy":"product_cat","embeddable":true,"href":"https:\/\/artistics.com\/fr\/wp-json\/wp\/v2\/product_cat?post=98649"},{"taxonomy":"product_tag","embeddable":true,"href":"https:\/\/artistics.com\/fr\/wp-json\/wp\/v2\/product_tag?post=98649"},{"taxonomy":"series","embeddable":true,"href":"https:\/\/artistics.com\/fr\/wp-json\/wp\/v2\/series?post=98649"}],"curies":[{"name":"wp","href":"https:\/\/api.w.org\/{rel}","templated":true}]}}