{"id":94893,"date":"2025-12-08T16:22:42","date_gmt":"2025-12-08T15:22:42","guid":{"rendered":"https:\/\/artistics.com\/?post_type=product&#038;p=94893"},"modified":"2026-03-04T18:00:12","modified_gmt":"2026-03-04T17:00:12","slug":"m-251001","status":"publish","type":"product","link":"https:\/\/artistics.com\/fr\/oeuvre\/m-251001\/","title":{"rendered":"M.251001"},"content":{"rendered":"","protected":false},"excerpt":{"rendered":"","protected":false},"featured_media":94881,"template":"","meta":{"_acf_changed":false,"_searchwp_excluded":"","inline_featured_image":false},"product_cat":[407,2243,2489,407,413,2243,2489,413,2491,2491,164,164,204,189,204,216,216,189,236,236],"product_tag":[572,2505,572,2505],"series":[2007],"class_list":{"0":"post-94893","1":"product","2":"type-product","3":"status-publish","4":"has-post-thumbnail","6":"product_cat-art-minimaliste","7":"product_cat-art-optique-et-art-cinetique","8":"product_cat-sculpture-en-verre","10":"product_cat-sculpture-minimaliste","14":"product_cat-sculpture-soustractive","16":"product_cat-sculpture-contemporaine","18":"product_cat-sculpture-abstraite","19":"product_cat-art-abstrait","21":"product_cat-moyen","24":"product_cat-de-3000-a-10-000-e","26":"product_tag-vert","27":"product_tag-oeuvres-dart-verticales","30":"series-toshio-iezumi-move-fr","32":"first","33":"instock","34":"shipping-taxable","35":"purchasable","36":"product-type-simple"},"acf":{"artwork_artist":[2801],"artwork_medium":164,"artwork_categories":[204,2243,2489,2491],"artwork_overall-tones":[],"artwork_main-material":[],"artwork_art-genre":[],"artwork_art-movement":[413,407,189],"artwork_miscellaneous":[],"artwork_formats":[216],"artwork_price-ranges":[236],"artwork_main_subject":[],"artwork_technique":[],"artwork_featured_location":[],"artwork_dominant_color":[572],"artwork_physical_attributes":[2505],"artwork_creation_date":"20250101","artwork_unique_piece":false,"artwork_description":"Verre r\u00e9flechissant et miroir semi-transparent, base en acier inoxydable","artwork_signature":"\u0152uvre sign\u00e9e","artwork_authenticity":"L\u2019\u0153uvre est vendue avec un certificat d\u2019authenticit\u00e9 sign\u00e9 par l\u2019artiste.","artwork_framing":"not_specified","artwork_has_custom_framing_info":false,"artwork_custom_framing_info":"Not specified","artwork_location_country":"JP","artwork_location_city":"Tsukahara","artwork_location_zipcode":"2500117","artwork_shipment_type":"3D_artwork","artwork_shipping_delivery":"sculpture_edition_production_time","artwork_has_custom_shipping_delivery_info":false,"artwork_custom_shipping_delivery_info":"Not specified","artwork_360_view_url":"https:\/\/embed.spinshot.io\/933794372","artwork_video_url":"https:\/\/youtube.com\/watch\/HXPlASVwh5E","artwork_video_format":[],"artwork_preview_type":"featured_image","artwork_reserved":false,"artwork_hide_price":false,"artwork_about":"<em><strong>M.251001<\/strong><\/em>\u00a0est une \u0153uvre de Toshio Iezumi, issue de la s\u00e9rie \"Move\".\r\n<p data-start=\"163\" data-end=\"1126\">Cette sculpture en verre, saisissante, captive par sa pr\u00e9sence \u00e9l\u00e9gante et po\u00e9tique ainsi que par ses aspects visuels en perp\u00e9tuelle transformation. Elle pr\u00e9sente des nuances tourbillonnantes de vert intense et extr\u00eamement pur, cr\u00e9ant des volumes \u00e0 la fois r\u00e9els et illusoires qui invitent le spectateur \u00e0 en d\u00e9chiffrer les espaces internes. Des distorsions inattendues se refl\u00e8tent sur la surface, tandis qu\u2019une impression de mouvement se d\u00e9ploie puissamment gr\u00e2ce \u00e0 l\u2019alternance de formes concaves et convexes qui se vrillent le long de l\u2019axe vertical. Le verre, avec sa capacit\u00e9 intrins\u00e8que \u00e0 r\u00e9fracter et moduler la lumi\u00e8re, est le v\u00e9ritable protagoniste de cette \u0153uvre, sublim\u00e9 par la ma\u00eetrise et l\u2019exp\u00e9rience exceptionnelle de l\u2019artiste. La forme \u00e9lanc\u00e9e, organique, semblable \u00e0 un sablier, s\u2019inspire des \u00e9l\u00e9ments fluides de la nature : les ondulations cr\u00e9\u00e9es par le vent sur l\u2019eau ou l\u2019herbe, les motifs de la mer, ou encore la douceur arrondie des galets.<\/p>\r\n<p data-start=\"1128\" data-end=\"1942\">La technique de sculpture de Toshio Iezumi est longue et complexe. Il commence par coller des plaques de verre \u2014 naturellement teint\u00e9es de vert en raison de leur teneur en fer \u2014 pour cr\u00e9er un bloc massif de verre profond\u00e9ment color\u00e9. Il utilise ensuite une meuleuse d\u2019angle, un outil habituellement destin\u00e9 \u00e0 la taille de la pierre, pour fa\u00e7onner minutieusement la sculpture. L\u2019\u00e9tape suivante consiste \u00e0 \u00e9liminer les rayures de surface \u00e0 l\u2019aide d\u2019abrasifs de diff\u00e9rents grains. Enfin, un polissage minutieux au disque de feutre conf\u00e8re \u00e0 la sculpture sa transparence finale et impeccable, qui en transforme enti\u00e8rement l\u2019apparence. L\u2019artiste recherche un \u00e9quilibre parfait entre la forme souhait\u00e9e (obtenue par la taille) et la texture finale (obtenue par le polissage) afin d\u2019optimiser l\u2019impact visuel de l\u2019\u0153uvre.<\/p>\r\n<p data-start=\"1944\" data-end=\"2457\">Faisant partie de la s\u00e9rie <em data-start=\"1971\" data-end=\"1977\">Move<\/em>, initi\u00e9e dans les ann\u00e9es 2000, cette sculpture verticale se distingue par une pr\u00e9sence \u00e0 la fois puissante et d\u00e9licate. Pour cette s\u00e9rie, Toshio Iezumi s\u2019est particuli\u00e8rement concentr\u00e9 sur l\u2019effet des vagues, alternant soigneusement formes convexes et concaves afin d\u2019insuffler \u00e0 la sculpture un mouvement perp\u00e9tuel. L\u2019artiste int\u00e8gre parfois un miroir semi-transparent \u00e0 l\u2019int\u00e9rieur de l\u2019\u0153uvre pour accentuer encore davantage les jeux de r\u00e9flexion et la diffusion de la lumi\u00e8re.<\/p>\r\n<p data-start=\"2459\" data-end=\"2621\">Cette \u0153uvre est vendue en \u00e9dition limit\u00e9e \u00e0 8 exemplaires + 4 \u00e9preuves d\u2019artiste. Elle est accompagn\u00e9e de son certificat d\u2019authenticit\u00e9 sign\u00e9 par l\u2019artiste.<\/p>\r\n<p data-start=\"2459\" data-end=\"2621\">Les dimensions sp\u00e9cifi\u00e9es n\u2019incluent pas la base. Le diam\u00e8tre de la base en acier inoxydable est de 13,5 cm.<\/p>\r\nLes photographies prises \u00e0 l'int\u00e9rieur d'un h\u00f4tel montrent les \u0153uvres expos\u00e9es \u00e0 l'H\u00f4tel de Crillon (Paris, janvier 2026).","artwork_series":[2007],"artwork_query_group":"10","artwork_lowest_grid_position":1,"artwork_random_position":2450419,"explicit_sensitive_content":false,"drupal_id":"8352"},"yoast_head":"<!-- This site is optimized with the Yoast SEO Premium plugin v27.3 (Yoast SEO v27.3) - https:\/\/yoast.com\/product\/yoast-seo-premium-wordpress\/ -->\n<title>Artistics | M.251001 par Toshio Iezumi - Sculpture contemporaine<\/title>\n<meta name=\"description\" content=\"M.251001 par Toshio Iezumi - achat d&#039;\u0153uvres d&#039;art contemporain originales sur la galerie d&#039;art en ligne Artistics.\" \/>\n<meta name=\"robots\" content=\"index, follow, max-snippet:-1, max-image-preview:large, max-video-preview:-1\" \/>\n<link rel=\"canonical\" href=\"https:\/\/artistics.com\/fr\/oeuvre\/m-251001\/\" \/>\n<meta property=\"og:locale\" content=\"fr_FR\" \/>\n<meta property=\"og:type\" content=\"article\" \/>\n<meta property=\"og:title\" content=\"M.251001\" \/>\n<meta property=\"og:description\" content=\"M.251001 par Toshio Iezumi - achat d&#039;\u0153uvres d&#039;art contemporain originales sur la galerie d&#039;art en ligne Artistics.\" \/>\n<meta property=\"og:url\" content=\"https:\/\/artistics.com\/fr\/oeuvre\/m-251001\/\" \/>\n<meta property=\"og:site_name\" content=\"Artistics\" \/>\n<meta property=\"article:publisher\" content=\"https:\/\/www.facebook.com\/ArtisticsMag\" \/>\n<meta property=\"article:modified_time\" content=\"2026-03-04T17:00:12+00:00\" \/>\n<meta property=\"og:image\" content=\"https:\/\/artistics.com\/wp-content\/uploads\/2025\/12\/m251001-glass-sculpture-by-toshio-iezumi-1-1.jpg\" \/>\n\t<meta property=\"og:image:width\" content=\"1660\" \/>\n\t<meta property=\"og:image:height\" content=\"2000\" \/>\n\t<meta property=\"og:image:type\" content=\"image\/jpeg\" \/>\n<meta name=\"twitter:card\" content=\"summary_large_image\" \/>\n<meta name=\"twitter:site\" content=\"@Artistics_FR\" \/>\n<meta name=\"twitter:label1\" content=\"Prix\" \/>\n\t<meta name=\"twitter:data1\" content=\"5 000&nbsp;&euro;\" \/>\n\t<meta name=\"twitter:label2\" content=\"Disponibilit\u00e9\" \/>\n\t<meta name=\"twitter:data2\" content=\"En stock\" \/>\n<script type=\"application\/ld+json\" class=\"yoast-schema-graph\">{\"@context\":\"https:\\\/\\\/schema.org\",\"@graph\":[{\"@type\":[\"WebPage\",\"ItemPage\"],\"@id\":\"https:\\\/\\\/artistics.com\\\/fr\\\/oeuvre\\\/m-251001\\\/\",\"url\":\"https:\\\/\\\/artistics.com\\\/fr\\\/oeuvre\\\/m-251001\\\/\",\"name\":\"Artistics | M.251001 par Toshio Iezumi - Sculpture contemporaine\",\"isPartOf\":{\"@id\":\"https:\\\/\\\/artistics.com\\\/fr\\\/#website\"},\"primaryImageOfPage\":{\"@id\":\"https:\\\/\\\/artistics.com\\\/fr\\\/oeuvre\\\/m-251001\\\/#primaryimage\"},\"image\":{\"@id\":\"https:\\\/\\\/artistics.com\\\/fr\\\/oeuvre\\\/m-251001\\\/#primaryimage\"},\"thumbnailUrl\":\"https:\\\/\\\/artistics.com\\\/wp-content\\\/uploads\\\/2025\\\/12\\\/m251001-glass-sculpture-by-toshio-iezumi-1-1.jpg\",\"datePublished\":\"2025-12-08T15:22:42+00:00\",\"dateModified\":\"2026-03-04T17:00:12+00:00\",\"description\":\"M.251001 par Toshio Iezumi - achat d'\u0153uvres d'art contemporain originales sur la galerie d'art en ligne Artistics.\",\"breadcrumb\":{\"@id\":\"https:\\\/\\\/artistics.com\\\/fr\\\/oeuvre\\\/m-251001\\\/#breadcrumb\"},\"inLanguage\":\"fr-FR\",\"potentialAction\":[{\"@type\":\"ReadAction\",\"target\":[\"https:\\\/\\\/artistics.com\\\/fr\\\/oeuvre\\\/m-251001\\\/\"]}]},{\"@type\":\"ImageObject\",\"inLanguage\":\"fr-FR\",\"@id\":\"https:\\\/\\\/artistics.com\\\/fr\\\/oeuvre\\\/m-251001\\\/#primaryimage\",\"url\":\"https:\\\/\\\/artistics.com\\\/wp-content\\\/uploads\\\/2025\\\/12\\\/m251001-glass-sculpture-by-toshio-iezumi-1-1.jpg\",\"contentUrl\":\"https:\\\/\\\/artistics.com\\\/wp-content\\\/uploads\\\/2025\\\/12\\\/m251001-glass-sculpture-by-toshio-iezumi-1-1.jpg\",\"width\":1660,\"height\":2000},{\"@type\":\"BreadcrumbList\",\"@id\":\"https:\\\/\\\/artistics.com\\\/fr\\\/oeuvre\\\/m-251001\\\/#breadcrumb\",\"itemListElement\":[{\"@type\":\"ListItem\",\"position\":1,\"name\":\"Achat \u0153uvre d'art\",\"item\":\"https:\\\/\\\/artistics.com\\\/fr\\\/\"},{\"@type\":\"ListItem\",\"position\":2,\"name\":\"Galerie\",\"item\":\"https:\\\/\\\/artistics.com\\\/fr\\\/galerie\\\/\"},{\"@type\":\"ListItem\",\"position\":3,\"name\":\"Sculpture contemporaine\",\"item\":\"https:\\\/\\\/artistics.com\\\/fr\\\/categorie-oeuvre\\\/sculpture-contemporaine\\\/\"},{\"@type\":\"ListItem\",\"position\":4,\"name\":\"M.251001\"}]},{\"@type\":\"WebSite\",\"@id\":\"https:\\\/\\\/artistics.com\\\/fr\\\/#website\",\"url\":\"https:\\\/\\\/artistics.com\\\/fr\\\/\",\"name\":\"Artistics\",\"description\":\"The online art gallery\",\"publisher\":{\"@id\":\"https:\\\/\\\/artistics.com\\\/fr\\\/#organization\"},\"potentialAction\":[{\"@type\":\"SearchAction\",\"target\":{\"@type\":\"EntryPoint\",\"urlTemplate\":\"https:\\\/\\\/artistics.com\\\/fr\\\/?s={search_term_string}\"},\"query-input\":{\"@type\":\"PropertyValueSpecification\",\"valueRequired\":true,\"valueName\":\"search_term_string\"}}],\"inLanguage\":\"fr-FR\"},{\"@type\":\"Organization\",\"@id\":\"https:\\\/\\\/artistics.com\\\/fr\\\/#organization\",\"name\":\"Artistics\",\"url\":\"https:\\\/\\\/artistics.com\\\/fr\\\/\",\"logo\":{\"@type\":\"ImageObject\",\"inLanguage\":\"fr-FR\",\"@id\":\"https:\\\/\\\/artistics.com\\\/fr\\\/#\\\/schema\\\/logo\\\/image\\\/\",\"url\":\"https:\\\/\\\/artistics.com\\\/wp-content\\\/uploads\\\/2023\\\/02\\\/artistics-logo-web-1.svg\",\"contentUrl\":\"https:\\\/\\\/artistics.com\\\/wp-content\\\/uploads\\\/2023\\\/02\\\/artistics-logo-web-1.svg\",\"caption\":\"Artistics\"},\"image\":{\"@id\":\"https:\\\/\\\/artistics.com\\\/fr\\\/#\\\/schema\\\/logo\\\/image\\\/\"},\"sameAs\":[\"https:\\\/\\\/www.facebook.com\\\/ArtisticsMag\",\"https:\\\/\\\/x.com\\\/Artistics_FR\",\"http:\\\/\\\/www.linkedin.com\\\/company\\\/artistics\",\"https:\\\/\\\/www.instagram.com\\\/artistics_com\\\/\",\"http:\\\/\\\/www.pinterest.com\\\/ArtisticsMag\"],\"hasMerchantReturnPolicy\":{\"@type\":\"MerchantReturnPolicy\",\"merchantReturnLink\":\"https:\\\/\\\/artistics.com\\\/free-return-policy\\\/\"}}]}<\/script>\n<meta property=\"product:price:amount\" content=\"5000\" \/>\n<meta property=\"product:price:currency\" content=\"EUR\" \/>\n<meta property=\"og:availability\" content=\"instock\" \/>\n<meta property=\"product:availability\" content=\"instock\" \/>\n<meta property=\"product:retailer_item_id\" content=\"8353-1\" \/>\n<meta property=\"product:condition\" content=\"new\" \/>\n<!-- \/ Yoast SEO Premium plugin. -->","yoast_head_json":{"title":"Artistics | M.251001 par Toshio Iezumi - Sculpture contemporaine","description":"M.251001 par Toshio Iezumi - achat d'\u0153uvres d'art contemporain originales sur la galerie d'art en ligne Artistics.","robots":{"index":"index","follow":"follow","max-snippet":"max-snippet:-1","max-image-preview":"max-image-preview:large","max-video-preview":"max-video-preview:-1"},"canonical":"https:\/\/artistics.com\/fr\/oeuvre\/m-251001\/","og_locale":"fr_FR","og_type":"article","og_title":"M.251001","og_description":"M.251001 par Toshio Iezumi - achat d'\u0153uvres d'art contemporain originales sur la galerie d'art en ligne Artistics.","og_url":"https:\/\/artistics.com\/fr\/oeuvre\/m-251001\/","og_site_name":"Artistics","article_publisher":"https:\/\/www.facebook.com\/ArtisticsMag","article_modified_time":"2026-03-04T17:00:12+00:00","og_image":[{"width":1660,"height":2000,"url":"https:\/\/artistics.com\/wp-content\/uploads\/2025\/12\/m251001-glass-sculpture-by-toshio-iezumi-1-1.jpg","type":"image\/jpeg"}],"twitter_card":"summary_large_image","twitter_site":"@Artistics_FR","twitter_misc":{"Prix":"5 000&nbsp;&euro;","Disponibilit\u00e9":"En stock"},"schema":{"@context":"https:\/\/schema.org","@graph":[{"@type":["WebPage","ItemPage"],"@id":"https:\/\/artistics.com\/fr\/oeuvre\/m-251001\/","url":"https:\/\/artistics.com\/fr\/oeuvre\/m-251001\/","name":"Artistics | M.251001 par Toshio Iezumi - Sculpture contemporaine","isPartOf":{"@id":"https:\/\/artistics.com\/fr\/#website"},"primaryImageOfPage":{"@id":"https:\/\/artistics.com\/fr\/oeuvre\/m-251001\/#primaryimage"},"image":{"@id":"https:\/\/artistics.com\/fr\/oeuvre\/m-251001\/#primaryimage"},"thumbnailUrl":"https:\/\/artistics.com\/wp-content\/uploads\/2025\/12\/m251001-glass-sculpture-by-toshio-iezumi-1-1.jpg","datePublished":"2025-12-08T15:22:42+00:00","dateModified":"2026-03-04T17:00:12+00:00","description":"M.251001 par Toshio Iezumi - achat d'\u0153uvres d'art contemporain originales sur la galerie d'art en ligne Artistics.","breadcrumb":{"@id":"https:\/\/artistics.com\/fr\/oeuvre\/m-251001\/#breadcrumb"},"inLanguage":"fr-FR","potentialAction":[{"@type":"ReadAction","target":["https:\/\/artistics.com\/fr\/oeuvre\/m-251001\/"]}]},{"@type":"ImageObject","inLanguage":"fr-FR","@id":"https:\/\/artistics.com\/fr\/oeuvre\/m-251001\/#primaryimage","url":"https:\/\/artistics.com\/wp-content\/uploads\/2025\/12\/m251001-glass-sculpture-by-toshio-iezumi-1-1.jpg","contentUrl":"https:\/\/artistics.com\/wp-content\/uploads\/2025\/12\/m251001-glass-sculpture-by-toshio-iezumi-1-1.jpg","width":1660,"height":2000},{"@type":"BreadcrumbList","@id":"https:\/\/artistics.com\/fr\/oeuvre\/m-251001\/#breadcrumb","itemListElement":[{"@type":"ListItem","position":1,"name":"Achat \u0153uvre d'art","item":"https:\/\/artistics.com\/fr\/"},{"@type":"ListItem","position":2,"name":"Galerie","item":"https:\/\/artistics.com\/fr\/galerie\/"},{"@type":"ListItem","position":3,"name":"Sculpture contemporaine","item":"https:\/\/artistics.com\/fr\/categorie-oeuvre\/sculpture-contemporaine\/"},{"@type":"ListItem","position":4,"name":"M.251001"}]},{"@type":"WebSite","@id":"https:\/\/artistics.com\/fr\/#website","url":"https:\/\/artistics.com\/fr\/","name":"Artistics","description":"The online art gallery","publisher":{"@id":"https:\/\/artistics.com\/fr\/#organization"},"potentialAction":[{"@type":"SearchAction","target":{"@type":"EntryPoint","urlTemplate":"https:\/\/artistics.com\/fr\/?s={search_term_string}"},"query-input":{"@type":"PropertyValueSpecification","valueRequired":true,"valueName":"search_term_string"}}],"inLanguage":"fr-FR"},{"@type":"Organization","@id":"https:\/\/artistics.com\/fr\/#organization","name":"Artistics","url":"https:\/\/artistics.com\/fr\/","logo":{"@type":"ImageObject","inLanguage":"fr-FR","@id":"https:\/\/artistics.com\/fr\/#\/schema\/logo\/image\/","url":"https:\/\/artistics.com\/wp-content\/uploads\/2023\/02\/artistics-logo-web-1.svg","contentUrl":"https:\/\/artistics.com\/wp-content\/uploads\/2023\/02\/artistics-logo-web-1.svg","caption":"Artistics"},"image":{"@id":"https:\/\/artistics.com\/fr\/#\/schema\/logo\/image\/"},"sameAs":["https:\/\/www.facebook.com\/ArtisticsMag","https:\/\/x.com\/Artistics_FR","http:\/\/www.linkedin.com\/company\/artistics","https:\/\/www.instagram.com\/artistics_com\/","http:\/\/www.pinterest.com\/ArtisticsMag"],"hasMerchantReturnPolicy":{"@type":"MerchantReturnPolicy","merchantReturnLink":"https:\/\/artistics.com\/free-return-policy\/"}}]},"product_price_amount":"5000","product_price_currency":"EUR","og_availability":"instock","product_availability":"instock","product_retailer_item_id":"8353-1","product_condition":"new"},"_links":{"self":[{"href":"https:\/\/artistics.com\/fr\/wp-json\/wp\/v2\/product\/94893","targetHints":{"allow":["GET"]}}],"collection":[{"href":"https:\/\/artistics.com\/fr\/wp-json\/wp\/v2\/product"}],"about":[{"href":"https:\/\/artistics.com\/fr\/wp-json\/wp\/v2\/types\/product"}],"acf:term":[{"embeddable":true,"taxonomy":"series","href":"https:\/\/artistics.com\/fr\/wp-json\/wp\/v2\/series\/2007"},{"embeddable":true,"taxonomy":"product_tag","href":"https:\/\/artistics.com\/fr\/wp-json\/wp\/v2\/product_tag\/2505"},{"embeddable":true,"taxonomy":"product_tag","href":"https:\/\/artistics.com\/fr\/wp-json\/wp\/v2\/product_tag\/572"},{"embeddable":true,"taxonomy":"product_cat","href":"https:\/\/artistics.com\/fr\/wp-json\/wp\/v2\/product_cat\/236"},{"embeddable":true,"taxonomy":"product_cat","href":"https:\/\/artistics.com\/fr\/wp-json\/wp\/v2\/product_cat\/216"},{"embeddable":true,"taxonomy":"product_cat","href":"https:\/\/artistics.com\/fr\/wp-json\/wp\/v2\/product_cat\/189"},{"embeddable":true,"taxonomy":"product_cat","href":"https:\/\/artistics.com\/fr\/wp-json\/wp\/v2\/product_cat\/407"},{"embeddable":true,"taxonomy":"product_cat","href":"https:\/\/artistics.com\/fr\/wp-json\/wp\/v2\/product_cat\/413"},{"embeddable":true,"taxonomy":"product_cat","href":"https:\/\/artistics.com\/fr\/wp-json\/wp\/v2\/product_cat\/2491"},{"embeddable":true,"taxonomy":"product_cat","href":"https:\/\/artistics.com\/fr\/wp-json\/wp\/v2\/product_cat\/2489"},{"embeddable":true,"taxonomy":"product_cat","href":"https:\/\/artistics.com\/fr\/wp-json\/wp\/v2\/product_cat\/2243"},{"embeddable":true,"taxonomy":"product_cat","href":"https:\/\/artistics.com\/fr\/wp-json\/wp\/v2\/product_cat\/204"},{"embeddable":true,"taxonomy":"product_cat","href":"https:\/\/artistics.com\/fr\/wp-json\/wp\/v2\/product_cat\/164"}],"acf:post":[{"embeddable":true,"href":"https:\/\/artistics.com\/fr\/wp-json\/wp\/v2\/artist\/2801"}],"wp:featuredmedia":[{"embeddable":true,"href":"https:\/\/artistics.com\/fr\/wp-json\/wp\/v2\/media\/94881"}],"wp:attachment":[{"href":"https:\/\/artistics.com\/fr\/wp-json\/wp\/v2\/media?parent=94893"}],"wp:term":[{"taxonomy":"product_cat","embeddable":true,"href":"https:\/\/artistics.com\/fr\/wp-json\/wp\/v2\/product_cat?post=94893"},{"taxonomy":"product_tag","embeddable":true,"href":"https:\/\/artistics.com\/fr\/wp-json\/wp\/v2\/product_tag?post=94893"},{"taxonomy":"series","embeddable":true,"href":"https:\/\/artistics.com\/fr\/wp-json\/wp\/v2\/series?post=94893"}],"curies":[{"name":"wp","href":"https:\/\/api.w.org\/{rel}","templated":true}]}}