{"id":93494,"date":"2025-11-28T17:56:50","date_gmt":"2025-11-28T16:56:50","guid":{"rendered":"https:\/\/artistics.com\/?post_type=product&#038;p=93494"},"modified":"2025-12-04T15:48:53","modified_gmt":"2025-12-04T14:48:53","slug":"breach","status":"publish","type":"product","link":"https:\/\/artistics.com\/fr\/oeuvre\/breach\/","title":{"rendered":"Breach"},"content":{"rendered":"","protected":false},"excerpt":{"rendered":"","protected":false},"featured_media":93471,"template":"","meta":{"_acf_changed":false,"_searchwp_excluded":"","inline_featured_image":false},"product_cat":[2336,426,164,189,204,215,238],"product_tag":[2505,368,545],"series":[2004],"class_list":{"0":"post-93494","1":"product","2":"type-product","3":"status-publish","4":"has-post-thumbnail","6":"product_cat-art-et-design","7":"product_cat-sculpture-en-resine","8":"product_cat-sculpture-contemporaine","9":"product_cat-art-abstrait","10":"product_cat-sculpture-abstraite","11":"product_cat-grand","12":"product_cat-plus-de-10-000-e","13":"product_tag-oeuvres-dart-verticales","14":"product_tag-sculpture-grand-format","15":"product_tag-technique-mixte","16":"series-tom-price-synthesis-fr","18":"first","19":"instock","20":"taxable","21":"shipping-taxable","22":"purchasable","23":"product-type-simple"},"acf":{"artwork_artist":[2798],"artwork_medium":164,"artwork_categories":[204,426],"artwork_overall-tones":[],"artwork_main-material":[426],"artwork_art-genre":[2336],"artwork_art-movement":[189],"artwork_miscellaneous":[],"artwork_formats":[215],"artwork_price-ranges":[238],"artwork_main_subject":[],"artwork_technique":[545],"artwork_featured_location":[],"artwork_dominant_color":[],"artwork_physical_attributes":[368,2505,368],"artwork_creation_date":"20250101","artwork_unique_piece":true,"artwork_description":"R\u00e9sine, goudron, b\u00e9ton, LEDs","artwork_signature":"\u0152uvre sign\u00e9e","artwork_authenticity":"L\u2019\u0153uvre est vendue avec un certificat d\u2019authenticit\u00e9 sign\u00e9 par l\u2019artiste.","artwork_framing":"not_specified","artwork_has_custom_framing_info":false,"artwork_custom_framing_info":"Not specified","artwork_location_country":"ES","artwork_location_city":"Manacor","artwork_location_zipcode":"07509","artwork_shipment_type":"3D_artwork","artwork_shipping_delivery":"sculpture_commissioned_production_time","artwork_has_custom_shipping_delivery_info":false,"artwork_custom_shipping_delivery_info":"Not specified","artwork_360_view_url":"","artwork_video_url":"https:\/\/www.youtube.com\/watch\/eT-uESsiiq4","artwork_video_format":["vertical"],"artwork_preview_type":"featured_image","artwork_reserved":false,"artwork_hide_price":false,"artwork_about":"<p class=\"ai-optimize-24\"><strong><em>Breach <\/em><\/strong>est une sculpture unique en r\u00e9sine, goudron, b\u00e9ton et LED r\u00e9alis\u00e9e par l\u2019artiste anglais Tom Price.<\/p>\r\n<p data-start=\"160\" data-end=\"450\">Cette \u0153uvre constitue un exemple frappant de l\u2019exploration continue des mat\u00e9riaux par Tom Price, un \u00e9l\u00e9ment central de sa pratique artistique. L\u2019artiste d\u00e9crit son travail comme \u00ab <em>un travail en collaboration avec les mat\u00e9riaux, les processus et les ph\u00e9nom\u00e8nes, dont le r\u00e9sultat physique final est le produit d\u2019un accord mutue<\/em>l \u00bb. Elle remet en question la perception que le spectateur a des \u00e9l\u00e9ments naturels et artificiels, pr\u00e9sentant un objet \u00e0 la fois ancien et futuriste.\u00a0L\u2019artiste utilise une colonne contemporaine aust\u00e8re en b\u00e9ton comme support pour une croissance synth\u00e9tique, une \u00e9ruption de formations minutieusement sculpt\u00e9es, semblables \u00e0 des min\u00e9raux et compos\u00e9es principalement de r\u00e9sine. Ces formes cristallines, aux teintes translucides de lavande et d\u2019ambre, imitent la g\u00e9om\u00e9trie organique des g\u00e9odes ou des formations rocheuses naturelles, et peuvent \u00eatre illumin\u00e9es par un \u00e9clairage LED.<\/p>\r\n<p data-start=\"1000\" data-end=\"1413\"><em>Breach<\/em> suscite une r\u00e9flexion puissante sur l\u2019Anthropoc\u00e8ne, l\u2019\u00e9poque g\u00e9ologique actuelle d\u00e9finie par l\u2019impact dominant de l\u2019humanit\u00e9 sur la g\u00e9ologie et les \u00e9cosyst\u00e8mes de la Terre. Price imagine un futur o\u00f9 les mat\u00e9riaux synth\u00e9tiques \u2014 les r\u00e9sidus de l\u2019industrie humaine tels que le goudron et la r\u00e9sine \u2014 sont absorb\u00e9s et transform\u00e9s par la nature, devenant indiscernables des v\u00e9ritables d\u00e9p\u00f4ts g\u00e9ologiques.\u00a0 L\u2019\u0153uvre incarne \u00e0 la fois tension et transformation : la g\u00e9om\u00e9trie froide et rigide de la colonne moderne est interrompue avec force par la cristallisation chaotique et scintillante. \u00c0 travers ce processus, Tom Price continue de cr\u00e9er des sculptures intrigantes et visuellement impressionnantes qui captivent le spectateur tout en offrant un commentaire profond sur l\u2019h\u00e9ritage, la mat\u00e9rialit\u00e9 et la relation complexe entre les artefacts humains et le monde naturel.<\/p>\r\n<p data-start=\"2280\" data-end=\"3208\">Les dimensions incluent la base de la sculpture (dimensions de la colonne : 15 x 15 cm). Poids : b\u00e9ton \u2013 60 kg, r\u00e9sine \u2013 20 kg, plaque \u2013 19 kg. L\u2019\u0153uvre est \u00e9clair\u00e9e par un ruban LED (dur\u00e9e de vie typique d\u2019environ 50 000 heures). L\u2019acc\u00e8s \u00e0 l\u2019\u00e9clairage se fait en desserrant les vis de blocage de l\u2019armature et en soulevant la barre en r\u00e9sine. Les lumi\u00e8res sont mont\u00e9es sur un plateau maintenu par des aimants et peuvent \u00eatre facilement retir\u00e9es pour changer le ruban LED. La sculpture est l\u00e9g\u00e8rement sur\u00e9lev\u00e9e du sol, ce qui permet au c\u00e2ble de passer sous la base. L\u2019adaptateur secteur poss\u00e8de des embouts interchangeables et est compatible avec l\u2019Europe, l\u2019Asie, le Royaume-Uni et les \u00c9tats-Unis. La signature de l\u2019artiste se trouve \u00e0 l\u2019int\u00e9rieur de l\u2019armature en acier. <em>Breach<\/em> sera exp\u00e9di\u00e9e avec la base et la barre emball\u00e9es s\u00e9par\u00e9ment, sauf demande contraire. \u00c0 l\u2019arriv\u00e9e, la barre devra \u00eatre viss\u00e9e \u00e0 la base. Les instructions, une cl\u00e9 Allen et une vis sont fournies.<\/p>","artwork_series":[2004],"artwork_query_group":"10","artwork_lowest_grid_position":1,"artwork_random_position":9291162,"explicit_sensitive_content":false,"drupal_id":"8224"},"yoast_head":"<!-- This site is optimized with the Yoast SEO Premium plugin v27.3 (Yoast SEO v27.3) - https:\/\/yoast.com\/product\/yoast-seo-premium-wordpress\/ -->\n<title>Breach par Tom Price - Sculpture contemporaine | Artistics<\/title>\n<meta name=\"description\" content=\"Breach by Tom Price : enjoy our premium service and buy this original artwork online which comes with a certificate of authenticity.\" \/>\n<meta name=\"robots\" content=\"index, follow, max-snippet:-1, max-image-preview:large, max-video-preview:-1\" \/>\n<link rel=\"canonical\" href=\"https:\/\/artistics.com\/fr\/oeuvre\/breach\/\" \/>\n<meta property=\"og:locale\" content=\"fr_FR\" \/>\n<meta property=\"og:type\" content=\"article\" \/>\n<meta property=\"og:title\" content=\"Breach\" \/>\n<meta property=\"og:description\" content=\"Breach by Tom Price : enjoy our premium service and buy this original artwork online which comes with a certificate of authenticity.\" \/>\n<meta property=\"og:url\" content=\"https:\/\/artistics.com\/fr\/oeuvre\/breach\/\" \/>\n<meta property=\"og:site_name\" content=\"Artistics\" \/>\n<meta property=\"article:publisher\" content=\"https:\/\/www.facebook.com\/ArtisticsMag\" \/>\n<meta property=\"article:modified_time\" content=\"2025-12-04T14:48:53+00:00\" \/>\n<meta property=\"og:image\" content=\"https:\/\/artistics.com\/wp-content\/uploads\/2025\/11\/breach-contemporary-sculpture-by-tom-price-1.jpg\" \/>\n\t<meta property=\"og:image:width\" content=\"1328\" \/>\n\t<meta property=\"og:image:height\" content=\"2000\" \/>\n\t<meta property=\"og:image:type\" content=\"image\/jpeg\" \/>\n<meta name=\"twitter:card\" content=\"summary_large_image\" \/>\n<meta name=\"twitter:site\" content=\"@Artistics_FR\" \/>\n<meta name=\"twitter:label1\" content=\"Prix\" \/>\n\t<meta name=\"twitter:data1\" content=\"23 000&nbsp;&euro;\" \/>\n\t<meta name=\"twitter:label2\" content=\"Disponibilit\u00e9\" \/>\n\t<meta name=\"twitter:data2\" content=\"En stock\" \/>\n<script type=\"application\/ld+json\" class=\"yoast-schema-graph\">{\"@context\":\"https:\\\/\\\/schema.org\",\"@graph\":[{\"@type\":[\"WebPage\",\"ItemPage\"],\"@id\":\"https:\\\/\\\/artistics.com\\\/fr\\\/oeuvre\\\/breach\\\/\",\"url\":\"https:\\\/\\\/artistics.com\\\/fr\\\/oeuvre\\\/breach\\\/\",\"name\":\"Breach par Tom Price - Sculpture contemporaine | Artistics\",\"isPartOf\":{\"@id\":\"https:\\\/\\\/artistics.com\\\/fr\\\/#website\"},\"primaryImageOfPage\":{\"@id\":\"https:\\\/\\\/artistics.com\\\/fr\\\/oeuvre\\\/breach\\\/#primaryimage\"},\"image\":{\"@id\":\"https:\\\/\\\/artistics.com\\\/fr\\\/oeuvre\\\/breach\\\/#primaryimage\"},\"thumbnailUrl\":\"https:\\\/\\\/artistics.com\\\/wp-content\\\/uploads\\\/2025\\\/11\\\/breach-contemporary-sculpture-by-tom-price-1.jpg\",\"datePublished\":\"2025-11-28T16:56:50+00:00\",\"dateModified\":\"2025-12-04T14:48:53+00:00\",\"description\":\"Breach by Tom Price : enjoy our premium service and buy this original artwork online which comes with a certificate of authenticity.\",\"breadcrumb\":{\"@id\":\"https:\\\/\\\/artistics.com\\\/fr\\\/oeuvre\\\/breach\\\/#breadcrumb\"},\"inLanguage\":\"fr-FR\",\"potentialAction\":[{\"@type\":\"ReadAction\",\"target\":[\"https:\\\/\\\/artistics.com\\\/fr\\\/oeuvre\\\/breach\\\/\"]}]},{\"@type\":\"ImageObject\",\"inLanguage\":\"fr-FR\",\"@id\":\"https:\\\/\\\/artistics.com\\\/fr\\\/oeuvre\\\/breach\\\/#primaryimage\",\"url\":\"https:\\\/\\\/artistics.com\\\/wp-content\\\/uploads\\\/2025\\\/11\\\/breach-contemporary-sculpture-by-tom-price-1.jpg\",\"contentUrl\":\"https:\\\/\\\/artistics.com\\\/wp-content\\\/uploads\\\/2025\\\/11\\\/breach-contemporary-sculpture-by-tom-price-1.jpg\",\"width\":1328,\"height\":2000},{\"@type\":\"BreadcrumbList\",\"@id\":\"https:\\\/\\\/artistics.com\\\/fr\\\/oeuvre\\\/breach\\\/#breadcrumb\",\"itemListElement\":[{\"@type\":\"ListItem\",\"position\":1,\"name\":\"Achat \u0153uvre d'art\",\"item\":\"https:\\\/\\\/artistics.com\\\/fr\\\/\"},{\"@type\":\"ListItem\",\"position\":2,\"name\":\"Galerie\",\"item\":\"https:\\\/\\\/artistics.com\\\/fr\\\/galerie\\\/\"},{\"@type\":\"ListItem\",\"position\":3,\"name\":\"Sculpture contemporaine\",\"item\":\"https:\\\/\\\/artistics.com\\\/fr\\\/categorie-oeuvre\\\/sculpture-contemporaine\\\/\"},{\"@type\":\"ListItem\",\"position\":4,\"name\":\"Breach\"}]},{\"@type\":\"WebSite\",\"@id\":\"https:\\\/\\\/artistics.com\\\/fr\\\/#website\",\"url\":\"https:\\\/\\\/artistics.com\\\/fr\\\/\",\"name\":\"Artistics\",\"description\":\"The online art gallery\",\"publisher\":{\"@id\":\"https:\\\/\\\/artistics.com\\\/fr\\\/#organization\"},\"potentialAction\":[{\"@type\":\"SearchAction\",\"target\":{\"@type\":\"EntryPoint\",\"urlTemplate\":\"https:\\\/\\\/artistics.com\\\/fr\\\/?s={search_term_string}\"},\"query-input\":{\"@type\":\"PropertyValueSpecification\",\"valueRequired\":true,\"valueName\":\"search_term_string\"}}],\"inLanguage\":\"fr-FR\"},{\"@type\":\"Organization\",\"@id\":\"https:\\\/\\\/artistics.com\\\/fr\\\/#organization\",\"name\":\"Artistics\",\"url\":\"https:\\\/\\\/artistics.com\\\/fr\\\/\",\"logo\":{\"@type\":\"ImageObject\",\"inLanguage\":\"fr-FR\",\"@id\":\"https:\\\/\\\/artistics.com\\\/fr\\\/#\\\/schema\\\/logo\\\/image\\\/\",\"url\":\"https:\\\/\\\/artistics.com\\\/wp-content\\\/uploads\\\/2023\\\/02\\\/artistics-logo-web-1.svg\",\"contentUrl\":\"https:\\\/\\\/artistics.com\\\/wp-content\\\/uploads\\\/2023\\\/02\\\/artistics-logo-web-1.svg\",\"caption\":\"Artistics\"},\"image\":{\"@id\":\"https:\\\/\\\/artistics.com\\\/fr\\\/#\\\/schema\\\/logo\\\/image\\\/\"},\"sameAs\":[\"https:\\\/\\\/www.facebook.com\\\/ArtisticsMag\",\"https:\\\/\\\/x.com\\\/Artistics_FR\",\"http:\\\/\\\/www.linkedin.com\\\/company\\\/artistics\",\"https:\\\/\\\/www.instagram.com\\\/artistics_com\\\/\",\"http:\\\/\\\/www.pinterest.com\\\/ArtisticsMag\"],\"hasMerchantReturnPolicy\":{\"@type\":\"MerchantReturnPolicy\",\"merchantReturnLink\":\"https:\\\/\\\/artistics.com\\\/free-return-policy\\\/\"}}]}<\/script>\n<meta property=\"product:price:amount\" content=\"23000\" \/>\n<meta property=\"product:price:currency\" content=\"EUR\" \/>\n<meta property=\"og:availability\" content=\"instock\" \/>\n<meta property=\"product:availability\" content=\"instock\" \/>\n<meta property=\"product:condition\" content=\"new\" \/>\n<!-- \/ Yoast SEO Premium plugin. -->","yoast_head_json":{"title":"Breach par Tom Price - Sculpture contemporaine | Artistics","description":"Breach by Tom Price : enjoy our premium service and buy this original artwork online which comes with a certificate of authenticity.","robots":{"index":"index","follow":"follow","max-snippet":"max-snippet:-1","max-image-preview":"max-image-preview:large","max-video-preview":"max-video-preview:-1"},"canonical":"https:\/\/artistics.com\/fr\/oeuvre\/breach\/","og_locale":"fr_FR","og_type":"article","og_title":"Breach","og_description":"Breach by Tom Price : enjoy our premium service and buy this original artwork online which comes with a certificate of authenticity.","og_url":"https:\/\/artistics.com\/fr\/oeuvre\/breach\/","og_site_name":"Artistics","article_publisher":"https:\/\/www.facebook.com\/ArtisticsMag","article_modified_time":"2025-12-04T14:48:53+00:00","og_image":[{"width":1328,"height":2000,"url":"https:\/\/artistics.com\/wp-content\/uploads\/2025\/11\/breach-contemporary-sculpture-by-tom-price-1.jpg","type":"image\/jpeg"}],"twitter_card":"summary_large_image","twitter_site":"@Artistics_FR","twitter_misc":{"Prix":"23 000&nbsp;&euro;","Disponibilit\u00e9":"En stock"},"schema":{"@context":"https:\/\/schema.org","@graph":[{"@type":["WebPage","ItemPage"],"@id":"https:\/\/artistics.com\/fr\/oeuvre\/breach\/","url":"https:\/\/artistics.com\/fr\/oeuvre\/breach\/","name":"Breach par Tom Price - Sculpture contemporaine | Artistics","isPartOf":{"@id":"https:\/\/artistics.com\/fr\/#website"},"primaryImageOfPage":{"@id":"https:\/\/artistics.com\/fr\/oeuvre\/breach\/#primaryimage"},"image":{"@id":"https:\/\/artistics.com\/fr\/oeuvre\/breach\/#primaryimage"},"thumbnailUrl":"https:\/\/artistics.com\/wp-content\/uploads\/2025\/11\/breach-contemporary-sculpture-by-tom-price-1.jpg","datePublished":"2025-11-28T16:56:50+00:00","dateModified":"2025-12-04T14:48:53+00:00","description":"Breach by Tom Price : enjoy our premium service and buy this original artwork online which comes with a certificate of authenticity.","breadcrumb":{"@id":"https:\/\/artistics.com\/fr\/oeuvre\/breach\/#breadcrumb"},"inLanguage":"fr-FR","potentialAction":[{"@type":"ReadAction","target":["https:\/\/artistics.com\/fr\/oeuvre\/breach\/"]}]},{"@type":"ImageObject","inLanguage":"fr-FR","@id":"https:\/\/artistics.com\/fr\/oeuvre\/breach\/#primaryimage","url":"https:\/\/artistics.com\/wp-content\/uploads\/2025\/11\/breach-contemporary-sculpture-by-tom-price-1.jpg","contentUrl":"https:\/\/artistics.com\/wp-content\/uploads\/2025\/11\/breach-contemporary-sculpture-by-tom-price-1.jpg","width":1328,"height":2000},{"@type":"BreadcrumbList","@id":"https:\/\/artistics.com\/fr\/oeuvre\/breach\/#breadcrumb","itemListElement":[{"@type":"ListItem","position":1,"name":"Achat \u0153uvre d'art","item":"https:\/\/artistics.com\/fr\/"},{"@type":"ListItem","position":2,"name":"Galerie","item":"https:\/\/artistics.com\/fr\/galerie\/"},{"@type":"ListItem","position":3,"name":"Sculpture contemporaine","item":"https:\/\/artistics.com\/fr\/categorie-oeuvre\/sculpture-contemporaine\/"},{"@type":"ListItem","position":4,"name":"Breach"}]},{"@type":"WebSite","@id":"https:\/\/artistics.com\/fr\/#website","url":"https:\/\/artistics.com\/fr\/","name":"Artistics","description":"The online art gallery","publisher":{"@id":"https:\/\/artistics.com\/fr\/#organization"},"potentialAction":[{"@type":"SearchAction","target":{"@type":"EntryPoint","urlTemplate":"https:\/\/artistics.com\/fr\/?s={search_term_string}"},"query-input":{"@type":"PropertyValueSpecification","valueRequired":true,"valueName":"search_term_string"}}],"inLanguage":"fr-FR"},{"@type":"Organization","@id":"https:\/\/artistics.com\/fr\/#organization","name":"Artistics","url":"https:\/\/artistics.com\/fr\/","logo":{"@type":"ImageObject","inLanguage":"fr-FR","@id":"https:\/\/artistics.com\/fr\/#\/schema\/logo\/image\/","url":"https:\/\/artistics.com\/wp-content\/uploads\/2023\/02\/artistics-logo-web-1.svg","contentUrl":"https:\/\/artistics.com\/wp-content\/uploads\/2023\/02\/artistics-logo-web-1.svg","caption":"Artistics"},"image":{"@id":"https:\/\/artistics.com\/fr\/#\/schema\/logo\/image\/"},"sameAs":["https:\/\/www.facebook.com\/ArtisticsMag","https:\/\/x.com\/Artistics_FR","http:\/\/www.linkedin.com\/company\/artistics","https:\/\/www.instagram.com\/artistics_com\/","http:\/\/www.pinterest.com\/ArtisticsMag"],"hasMerchantReturnPolicy":{"@type":"MerchantReturnPolicy","merchantReturnLink":"https:\/\/artistics.com\/free-return-policy\/"}}]},"product_price_amount":"23000","product_price_currency":"EUR","og_availability":"instock","product_availability":"instock","product_condition":"new"},"_links":{"self":[{"href":"https:\/\/artistics.com\/fr\/wp-json\/wp\/v2\/product\/93494","targetHints":{"allow":["GET"]}}],"collection":[{"href":"https:\/\/artistics.com\/fr\/wp-json\/wp\/v2\/product"}],"about":[{"href":"https:\/\/artistics.com\/fr\/wp-json\/wp\/v2\/types\/product"}],"acf:term":[{"embeddable":true,"taxonomy":"series","href":"https:\/\/artistics.com\/fr\/wp-json\/wp\/v2\/series\/2004"},{"embeddable":true,"taxonomy":"product_tag","href":"https:\/\/artistics.com\/fr\/wp-json\/wp\/v2\/product_tag\/2505"},{"embeddable":true,"taxonomy":"product_tag","href":"https:\/\/artistics.com\/fr\/wp-json\/wp\/v2\/product_tag\/368"},{"embeddable":true,"taxonomy":"product_tag","href":"https:\/\/artistics.com\/fr\/wp-json\/wp\/v2\/product_tag\/545"},{"embeddable":true,"taxonomy":"product_cat","href":"https:\/\/artistics.com\/fr\/wp-json\/wp\/v2\/product_cat\/238"},{"embeddable":true,"taxonomy":"product_cat","href":"https:\/\/artistics.com\/fr\/wp-json\/wp\/v2\/product_cat\/215"},{"embeddable":true,"taxonomy":"product_cat","href":"https:\/\/artistics.com\/fr\/wp-json\/wp\/v2\/product_cat\/189"},{"embeddable":true,"taxonomy":"product_cat","href":"https:\/\/artistics.com\/fr\/wp-json\/wp\/v2\/product_cat\/2336"},{"embeddable":true,"taxonomy":"product_cat","href":"https:\/\/artistics.com\/fr\/wp-json\/wp\/v2\/product_cat\/426"},{"embeddable":true,"taxonomy":"product_cat","href":"https:\/\/artistics.com\/fr\/wp-json\/wp\/v2\/product_cat\/204"},{"embeddable":true,"taxonomy":"product_cat","href":"https:\/\/artistics.com\/fr\/wp-json\/wp\/v2\/product_cat\/164"}],"acf:post":[{"embeddable":true,"href":"https:\/\/artistics.com\/fr\/wp-json\/wp\/v2\/artist\/2798"}],"wp:featuredmedia":[{"embeddable":true,"href":"https:\/\/artistics.com\/fr\/wp-json\/wp\/v2\/media\/93471"}],"wp:attachment":[{"href":"https:\/\/artistics.com\/fr\/wp-json\/wp\/v2\/media?parent=93494"}],"wp:term":[{"taxonomy":"product_cat","embeddable":true,"href":"https:\/\/artistics.com\/fr\/wp-json\/wp\/v2\/product_cat?post=93494"},{"taxonomy":"product_tag","embeddable":true,"href":"https:\/\/artistics.com\/fr\/wp-json\/wp\/v2\/product_tag?post=93494"},{"taxonomy":"series","embeddable":true,"href":"https:\/\/artistics.com\/fr\/wp-json\/wp\/v2\/series?post=93494"}],"curies":[{"name":"wp","href":"https:\/\/api.w.org\/{rel}","templated":true}]}}