{"id":93299,"date":"2025-11-26T12:24:56","date_gmt":"2025-11-26T11:24:56","guid":{"rendered":"https:\/\/artistics.com\/?post_type=product&#038;p=93299"},"modified":"2025-11-27T16:03:10","modified_gmt":"2025-11-27T15:03:10","slug":"erratic-movement-ii","status":"publish","type":"product","link":"https:\/\/artistics.com\/fr\/oeuvre\/erratic-movement-ii\/","title":{"rendered":"Erratic Movement II"},"content":{"rendered":"","protected":false},"excerpt":{"rendered":"","protected":false},"featured_media":100870,"template":"","meta":{"_acf_changed":false,"_searchwp_excluded":"","inline_featured_image":false},"product_cat":[2602,428,423,2491,164,189,204,216,236],"product_tag":[],"series":[2441],"class_list":{"0":"post-93299","1":"product","2":"type-product","3":"status-publish","4":"has-post-thumbnail","6":"product_cat-art-organique","7":"product_cat-couleurs-neutres","8":"product_cat-sculpture-en-bois","9":"product_cat-sculpture-soustractive","10":"product_cat-sculpture-contemporaine","11":"product_cat-art-abstrait","12":"product_cat-sculpture-abstraite","13":"product_cat-moyen","14":"product_cat-de-3000-a-10-000-e","15":"series-wouter-van-der-vlugt-sculptures-en-bois","17":"first","18":"instock","19":"taxable","20":"shipping-taxable","21":"purchasable","22":"product-type-simple"},"acf":{"artwork_artist":[67731],"artwork_medium":164,"artwork_categories":[423,204,2491],"artwork_overall-tones":[428],"artwork_main-material":[],"artwork_art-genre":[2602],"artwork_art-movement":[189],"artwork_miscellaneous":[],"artwork_formats":[216],"artwork_price-ranges":[236],"artwork_main_subject":[],"artwork_technique":[],"artwork_featured_location":[],"artwork_dominant_color":[],"artwork_physical_attributes":[],"artwork_creation_date":"20250101","artwork_unique_piece":true,"artwork_description":"Sculpture en bois (noyer)","artwork_signature":"x","artwork_authenticity":"L\u2019\u0153uvre est vendue avec un certificat d\u2019authenticit\u00e9 sign\u00e9 par l\u2019artiste.","artwork_framing":"unframed","artwork_has_custom_framing_info":false,"artwork_custom_framing_info":"Not specified","artwork_location_country":"","artwork_location_city":"","artwork_location_zipcode":"","artwork_shipment_type":"3D_artwork","artwork_shipping_delivery":"sculpture_unique_piece_immediate_availability","artwork_has_custom_shipping_delivery_info":false,"artwork_custom_shipping_delivery_info":"Not specified","artwork_360_view_url":"","artwork_video_url":"","artwork_video_format":[],"artwork_preview_type":"auto","artwork_reserved":true,"artwork_hide_price":false,"artwork_about":"<span data-contrast=\"auto\"><em><strong>Erratic Movement II<\/strong><\/em> est une sculpture en n<\/span><span class=\"TextRun SCXW224155639 BCX2\" lang=\"FR-LU\" xml:lang=\"FR-LU\" data-contrast=\"auto\"><span class=\"NormalTextRun SCXW224155639 BCX2\">oyer<\/span><\/span> <span data-contrast=\"auto\">de l\u2019artiste hollandais Wouter van der Vlugt.<\/span>\r\n\r\n<i><\/i><span class=\"TextRun SCXW180710881 BCX2\" lang=\"FR-FR\" xml:lang=\"FR-FR\" data-contrast=\"auto\"><span class=\"NormalTextRun SCXW180710881 BCX2\">Cette sculpture est <\/span><span class=\"NormalTextRun SCXW180710881 BCX2\">r\u00e9alis\u00e9e<\/span><span class=\"NormalTextRun SCXW180710881 BCX2\"> en <\/span><span class=\"NormalTextRun SCXW180710881 BCX2\">bois, le mat\u00e9riau <\/span><span class=\"NormalTextRun SCXW180710881 BCX2\">que<\/span><span class=\"NormalTextRun SCXW180710881 BCX2\"> l\u2019artiste<\/span><span class=\"NormalTextRun SCXW180710881 BCX2\"> privil\u00e9gie pour son c<\/span><span class=\"NormalTextRun SCXW180710881 BCX2\">\u00f4<\/span><span class=\"NormalTextRun SCXW180710881 BCX2\">t\u00e9 naturel<\/span><span class=\"NormalTextRun SCXW180710881 BCX2\">, s<\/span><span class=\"NormalTextRun SCXW180710881 BCX2\">a texture, <\/span><span class=\"NormalTextRun SCXW180710881 BCX2\">son odeur<\/span><span class=\"NormalTextRun SCXW180710881 BCX2\">, <\/span><span class=\"NormalTextRun SCXW180710881 BCX2\">et la <\/span><span class=\"NormalTextRun SCXW180710881 BCX2\">sensation <\/span><span class=\"NormalTextRun SCXW180710881 BCX2\">qu\u2019il procure <\/span><span class=\"NormalTextRun SCXW180710881 BCX2\">au toucher. Le sculpteur utilise exclusivement des essences de bois locales et les choisit sur la base de leur taille, dans laquelle r\u00e9side le potentiel sculptural. L<\/span><span class=\"NormalTextRun SCXW180710881 BCX2\">\u2019artiste <\/span><span class=\"NormalTextRun SCXW180710881 BCX2\">approche cette mati\u00e8re vivante avec beaucoup de respect\u202f: il <\/span><span class=\"NormalTextRun SCXW180710881 BCX2\">impose sa volont\u00e9 sur la mati\u00e8re<\/span><span class=\"NormalTextRun SCXW180710881 BCX2\"> pour la sculpter mais<\/span><span class=\"NormalTextRun SCXW180710881 BCX2\">,<\/span><span class=\"NormalTextRun SCXW180710881 BCX2\"> en m\u00eame temps<\/span><span class=\"NormalTextRun SCXW180710881 BCX2\">,<\/span> <span class=\"NormalTextRun SCXW180710881 BCX2\">c\u2019est <\/span><span class=\"NormalTextRun SCXW180710881 BCX2\">le bois<\/span><span class=\"NormalTextRun SCXW180710881 BCX2\"> aussi qui<\/span><span class=\"NormalTextRun SCXW180710881 BCX2\"> dirige<\/span><span class=\"NormalTextRun SCXW180710881 BCX2\"> son travail<\/span><span class=\"NormalTextRun SCXW180710881 BCX2\"> avec ses imperfections, ses formes, ses n\u0153uds, ses morceaux noircis.<\/span><\/span>\r\n\r\n<span data-contrast=\"auto\">Les sculptures de Wouter van der Vlugt explorent le rapport entre forme, lumi\u00e8re et mati\u00e8re \u00e0 travers un jeu de pleins et de vides qui leur conf\u00e8rent un sens du mouvement. Dans ses \u0153uvres, les formes \u00e9l\u00e9gantes et organiques de la nature cohabitent avec des structures plus g\u00e9om\u00e9triques, presque architecturales. Le sculpteur aime creuser la mati\u00e8re en profondeur dans sa masse, comme pour en faire ressortir la vraie essence, transformant ainsi une forme massive et imposante en une forme l\u00e9g\u00e8re et a\u00e9rienne.\u00a0<\/span><span data-ccp-props=\"{&quot;335551550&quot;:6,&quot;335551620&quot;:6}\">\u00a0<\/span>\r\n\r\n<span data-contrast=\"auto\">L\u2019artiste hollandais Wouter van der Vlugt (1970) vit et travaille au Luxembourg.<\/span><span data-contrast=\"auto\"> Il <\/span><span data-contrast=\"auto\">expose depuis les ann\u00e9es 2000 dans des galeries, des foires et des biennales en Europe. Son travail a \u00e9t\u00e9 s\u00e9lectionn\u00e9 par des \u00e9v\u00e9nements de premier plan d\u00e9di\u00e9s \u00e0 la cr\u00e9ation artisanale et artistique d\u2019excellence : en 2017 et en 2019 par le salon <\/span><i><span data-contrast=\"auto\">R\u00e9v\u00e9lations<\/span><\/i><span data-contrast=\"auto\">, biennale internationale des m\u00e9tiers d'art et cr\u00e9ation au Grand Palais (Paris, France) et en 2022 pour l\u2019exposition <\/span><i><span data-contrast=\"auto\">Homo Faber<\/span><\/i><span data-contrast=\"auto\"> \u00e0 la Fondation Giorgio Cini (Venise, Italie).<\/span><span data-ccp-props=\"{&quot;335551550&quot;:6,&quot;335551620&quot;:6}\">\u00a0<\/span>\r\n\r\nLa sculpture n\u2019est pas fix\u00e9e \u00e0 un socle et celui qui figure sur la photo n\u2019est pas inclus.","artwork_series":[2441],"artwork_query_group":"20","artwork_lowest_grid_position":1,"artwork_random_position":2417706,"explicit_sensitive_content":false,"drupal_id":""},"yoast_head":"<!-- This site is optimized with the Yoast SEO Premium plugin v27.3 (Yoast SEO v27.3) - https:\/\/yoast.com\/product\/yoast-seo-premium-wordpress\/ -->\n<title>Erratic Movement II par Wouter van der Vlugt - Sculpture contemporaine | Artistics<\/title>\n<meta name=\"description\" content=\"Erratic Movement II par Wouter van der Vlugt - achetez en ligne cette \u0153uvre d\u2019art originale avec son certificat d\u2019authenticit\u00e9 et b\u00e9n\u00e9ficiez de notre service premium.\" \/>\n<meta name=\"robots\" content=\"index, follow, max-snippet:-1, max-image-preview:large, max-video-preview:-1\" \/>\n<link rel=\"canonical\" href=\"https:\/\/artistics.com\/fr\/oeuvre\/erratic-movement-ii\/\" \/>\n<meta property=\"og:locale\" content=\"fr_FR\" \/>\n<meta property=\"og:type\" content=\"article\" \/>\n<meta property=\"og:title\" content=\"Erratic Movement II\" \/>\n<meta property=\"og:description\" content=\"Erratic Movement II par Wouter van der Vlugt - achetez en ligne cette \u0153uvre d\u2019art originale avec son certificat d\u2019authenticit\u00e9 et b\u00e9n\u00e9ficiez de notre service premium.\" \/>\n<meta property=\"og:url\" content=\"https:\/\/artistics.com\/fr\/oeuvre\/erratic-movement-ii\/\" \/>\n<meta property=\"og:site_name\" content=\"Artistics\" \/>\n<meta property=\"article:publisher\" content=\"https:\/\/www.facebook.com\/ArtisticsMag\" \/>\n<meta property=\"article:modified_time\" content=\"2025-11-27T15:03:10+00:00\" \/>\n<meta property=\"og:image\" content=\"https:\/\/artistics.com\/wp-content\/uploads\/2025\/11\/erratic-movement-ii-by-wouter-1.jpg\" \/>\n\t<meta property=\"og:image:width\" content=\"1500\" \/>\n\t<meta property=\"og:image:height\" content=\"2000\" \/>\n\t<meta property=\"og:image:type\" content=\"image\/jpeg\" \/>\n<meta name=\"twitter:card\" content=\"summary_large_image\" \/>\n<meta name=\"twitter:site\" content=\"@Artistics_FR\" \/>\n<meta name=\"twitter:label1\" content=\"Prix\" \/>\n\t<meta name=\"twitter:data1\" content=\"4 100&nbsp;&euro;\" \/>\n\t<meta name=\"twitter:label2\" content=\"Disponibilit\u00e9\" \/>\n\t<meta name=\"twitter:data2\" content=\"En stock\" \/>\n<script type=\"application\/ld+json\" class=\"yoast-schema-graph\">{\"@context\":\"https:\\\/\\\/schema.org\",\"@graph\":[{\"@type\":[\"WebPage\",\"ItemPage\"],\"@id\":\"https:\\\/\\\/artistics.com\\\/fr\\\/oeuvre\\\/erratic-movement-ii\\\/\",\"url\":\"https:\\\/\\\/artistics.com\\\/fr\\\/oeuvre\\\/erratic-movement-ii\\\/\",\"name\":\"Erratic Movement II par Wouter van der Vlugt - Sculpture contemporaine | Artistics\",\"isPartOf\":{\"@id\":\"https:\\\/\\\/artistics.com\\\/fr\\\/#website\"},\"primaryImageOfPage\":{\"@id\":\"https:\\\/\\\/artistics.com\\\/fr\\\/oeuvre\\\/erratic-movement-ii\\\/#primaryimage\"},\"image\":{\"@id\":\"https:\\\/\\\/artistics.com\\\/fr\\\/oeuvre\\\/erratic-movement-ii\\\/#primaryimage\"},\"thumbnailUrl\":\"https:\\\/\\\/artistics.com\\\/wp-content\\\/uploads\\\/2026\\\/04\\\/erractic-mouvement-ii-wood-sculpture-by-wouter-van-der-vlugt-1.jpg\",\"datePublished\":\"2025-11-26T11:24:56+00:00\",\"dateModified\":\"2025-11-27T15:03:10+00:00\",\"description\":\"Erratic Movement II par Wouter van der Vlugt - achetez en ligne cette \u0153uvre d\u2019art originale avec son certificat d\u2019authenticit\u00e9 et b\u00e9n\u00e9ficiez de notre service premium.\",\"breadcrumb\":{\"@id\":\"https:\\\/\\\/artistics.com\\\/fr\\\/oeuvre\\\/erratic-movement-ii\\\/#breadcrumb\"},\"inLanguage\":\"fr-FR\",\"potentialAction\":[{\"@type\":\"ReadAction\",\"target\":[\"https:\\\/\\\/artistics.com\\\/fr\\\/oeuvre\\\/erratic-movement-ii\\\/\"]}]},{\"@type\":\"ImageObject\",\"inLanguage\":\"fr-FR\",\"@id\":\"https:\\\/\\\/artistics.com\\\/fr\\\/oeuvre\\\/erratic-movement-ii\\\/#primaryimage\",\"url\":\"https:\\\/\\\/artistics.com\\\/wp-content\\\/uploads\\\/2026\\\/04\\\/erractic-mouvement-ii-wood-sculpture-by-wouter-van-der-vlugt-1.jpg\",\"contentUrl\":\"https:\\\/\\\/artistics.com\\\/wp-content\\\/uploads\\\/2026\\\/04\\\/erractic-mouvement-ii-wood-sculpture-by-wouter-van-der-vlugt-1.jpg\",\"width\":2076,\"height\":2000},{\"@type\":\"BreadcrumbList\",\"@id\":\"https:\\\/\\\/artistics.com\\\/fr\\\/oeuvre\\\/erratic-movement-ii\\\/#breadcrumb\",\"itemListElement\":[{\"@type\":\"ListItem\",\"position\":1,\"name\":\"Achat \u0153uvre d'art\",\"item\":\"https:\\\/\\\/artistics.com\\\/fr\\\/\"},{\"@type\":\"ListItem\",\"position\":2,\"name\":\"Galerie\",\"item\":\"https:\\\/\\\/artistics.com\\\/fr\\\/galerie\\\/\"},{\"@type\":\"ListItem\",\"position\":3,\"name\":\"Sculpture contemporaine\",\"item\":\"https:\\\/\\\/artistics.com\\\/fr\\\/categorie-oeuvre\\\/sculpture-contemporaine\\\/\"},{\"@type\":\"ListItem\",\"position\":4,\"name\":\"Erratic Movement II\"}]},{\"@type\":\"WebSite\",\"@id\":\"https:\\\/\\\/artistics.com\\\/fr\\\/#website\",\"url\":\"https:\\\/\\\/artistics.com\\\/fr\\\/\",\"name\":\"Artistics\",\"description\":\"The online art gallery\",\"publisher\":{\"@id\":\"https:\\\/\\\/artistics.com\\\/fr\\\/#organization\"},\"potentialAction\":[{\"@type\":\"SearchAction\",\"target\":{\"@type\":\"EntryPoint\",\"urlTemplate\":\"https:\\\/\\\/artistics.com\\\/fr\\\/?s={search_term_string}\"},\"query-input\":{\"@type\":\"PropertyValueSpecification\",\"valueRequired\":true,\"valueName\":\"search_term_string\"}}],\"inLanguage\":\"fr-FR\"},{\"@type\":\"Organization\",\"@id\":\"https:\\\/\\\/artistics.com\\\/fr\\\/#organization\",\"name\":\"Artistics\",\"url\":\"https:\\\/\\\/artistics.com\\\/fr\\\/\",\"logo\":{\"@type\":\"ImageObject\",\"inLanguage\":\"fr-FR\",\"@id\":\"https:\\\/\\\/artistics.com\\\/fr\\\/#\\\/schema\\\/logo\\\/image\\\/\",\"url\":\"https:\\\/\\\/artistics.com\\\/wp-content\\\/uploads\\\/2023\\\/02\\\/artistics-logo-web-1.svg\",\"contentUrl\":\"https:\\\/\\\/artistics.com\\\/wp-content\\\/uploads\\\/2023\\\/02\\\/artistics-logo-web-1.svg\",\"caption\":\"Artistics\"},\"image\":{\"@id\":\"https:\\\/\\\/artistics.com\\\/fr\\\/#\\\/schema\\\/logo\\\/image\\\/\"},\"sameAs\":[\"https:\\\/\\\/www.facebook.com\\\/ArtisticsMag\",\"https:\\\/\\\/x.com\\\/Artistics_FR\",\"http:\\\/\\\/www.linkedin.com\\\/company\\\/artistics\",\"https:\\\/\\\/www.instagram.com\\\/artistics_com\\\/\",\"http:\\\/\\\/www.pinterest.com\\\/ArtisticsMag\"],\"hasMerchantReturnPolicy\":{\"@type\":\"MerchantReturnPolicy\",\"merchantReturnLink\":\"https:\\\/\\\/artistics.com\\\/free-return-policy\\\/\"}}]}<\/script>\n<meta property=\"product:price:amount\" content=\"4100\" \/>\n<meta property=\"product:price:currency\" content=\"EUR\" \/>\n<meta property=\"og:availability\" content=\"instock\" \/>\n<meta property=\"product:availability\" content=\"instock\" \/>\n<meta property=\"product:condition\" content=\"new\" \/>\n<!-- \/ Yoast SEO Premium plugin. -->","yoast_head_json":{"title":"Erratic Movement II par Wouter van der Vlugt - Sculpture contemporaine | Artistics","description":"Erratic Movement II par Wouter van der Vlugt - achetez en ligne cette \u0153uvre d\u2019art originale avec son certificat d\u2019authenticit\u00e9 et b\u00e9n\u00e9ficiez de notre service premium.","robots":{"index":"index","follow":"follow","max-snippet":"max-snippet:-1","max-image-preview":"max-image-preview:large","max-video-preview":"max-video-preview:-1"},"canonical":"https:\/\/artistics.com\/fr\/oeuvre\/erratic-movement-ii\/","og_locale":"fr_FR","og_type":"article","og_title":"Erratic Movement II","og_description":"Erratic Movement II par Wouter van der Vlugt - achetez en ligne cette \u0153uvre d\u2019art originale avec son certificat d\u2019authenticit\u00e9 et b\u00e9n\u00e9ficiez de notre service premium.","og_url":"https:\/\/artistics.com\/fr\/oeuvre\/erratic-movement-ii\/","og_site_name":"Artistics","article_publisher":"https:\/\/www.facebook.com\/ArtisticsMag","article_modified_time":"2025-11-27T15:03:10+00:00","og_image":[{"width":1500,"height":2000,"url":"https:\/\/artistics.com\/wp-content\/uploads\/2025\/11\/erratic-movement-ii-by-wouter-1.jpg","type":"image\/jpeg"}],"twitter_card":"summary_large_image","twitter_site":"@Artistics_FR","twitter_misc":{"Prix":"4 100&nbsp;&euro;","Disponibilit\u00e9":"En stock"},"schema":{"@context":"https:\/\/schema.org","@graph":[{"@type":["WebPage","ItemPage"],"@id":"https:\/\/artistics.com\/fr\/oeuvre\/erratic-movement-ii\/","url":"https:\/\/artistics.com\/fr\/oeuvre\/erratic-movement-ii\/","name":"Erratic Movement II par Wouter van der Vlugt - Sculpture contemporaine | Artistics","isPartOf":{"@id":"https:\/\/artistics.com\/fr\/#website"},"primaryImageOfPage":{"@id":"https:\/\/artistics.com\/fr\/oeuvre\/erratic-movement-ii\/#primaryimage"},"image":{"@id":"https:\/\/artistics.com\/fr\/oeuvre\/erratic-movement-ii\/#primaryimage"},"thumbnailUrl":"https:\/\/artistics.com\/wp-content\/uploads\/2026\/04\/erractic-mouvement-ii-wood-sculpture-by-wouter-van-der-vlugt-1.jpg","datePublished":"2025-11-26T11:24:56+00:00","dateModified":"2025-11-27T15:03:10+00:00","description":"Erratic Movement II par Wouter van der Vlugt - achetez en ligne cette \u0153uvre d\u2019art originale avec son certificat d\u2019authenticit\u00e9 et b\u00e9n\u00e9ficiez de notre service premium.","breadcrumb":{"@id":"https:\/\/artistics.com\/fr\/oeuvre\/erratic-movement-ii\/#breadcrumb"},"inLanguage":"fr-FR","potentialAction":[{"@type":"ReadAction","target":["https:\/\/artistics.com\/fr\/oeuvre\/erratic-movement-ii\/"]}]},{"@type":"ImageObject","inLanguage":"fr-FR","@id":"https:\/\/artistics.com\/fr\/oeuvre\/erratic-movement-ii\/#primaryimage","url":"https:\/\/artistics.com\/wp-content\/uploads\/2026\/04\/erractic-mouvement-ii-wood-sculpture-by-wouter-van-der-vlugt-1.jpg","contentUrl":"https:\/\/artistics.com\/wp-content\/uploads\/2026\/04\/erractic-mouvement-ii-wood-sculpture-by-wouter-van-der-vlugt-1.jpg","width":2076,"height":2000},{"@type":"BreadcrumbList","@id":"https:\/\/artistics.com\/fr\/oeuvre\/erratic-movement-ii\/#breadcrumb","itemListElement":[{"@type":"ListItem","position":1,"name":"Achat \u0153uvre d'art","item":"https:\/\/artistics.com\/fr\/"},{"@type":"ListItem","position":2,"name":"Galerie","item":"https:\/\/artistics.com\/fr\/galerie\/"},{"@type":"ListItem","position":3,"name":"Sculpture contemporaine","item":"https:\/\/artistics.com\/fr\/categorie-oeuvre\/sculpture-contemporaine\/"},{"@type":"ListItem","position":4,"name":"Erratic Movement II"}]},{"@type":"WebSite","@id":"https:\/\/artistics.com\/fr\/#website","url":"https:\/\/artistics.com\/fr\/","name":"Artistics","description":"The online art gallery","publisher":{"@id":"https:\/\/artistics.com\/fr\/#organization"},"potentialAction":[{"@type":"SearchAction","target":{"@type":"EntryPoint","urlTemplate":"https:\/\/artistics.com\/fr\/?s={search_term_string}"},"query-input":{"@type":"PropertyValueSpecification","valueRequired":true,"valueName":"search_term_string"}}],"inLanguage":"fr-FR"},{"@type":"Organization","@id":"https:\/\/artistics.com\/fr\/#organization","name":"Artistics","url":"https:\/\/artistics.com\/fr\/","logo":{"@type":"ImageObject","inLanguage":"fr-FR","@id":"https:\/\/artistics.com\/fr\/#\/schema\/logo\/image\/","url":"https:\/\/artistics.com\/wp-content\/uploads\/2023\/02\/artistics-logo-web-1.svg","contentUrl":"https:\/\/artistics.com\/wp-content\/uploads\/2023\/02\/artistics-logo-web-1.svg","caption":"Artistics"},"image":{"@id":"https:\/\/artistics.com\/fr\/#\/schema\/logo\/image\/"},"sameAs":["https:\/\/www.facebook.com\/ArtisticsMag","https:\/\/x.com\/Artistics_FR","http:\/\/www.linkedin.com\/company\/artistics","https:\/\/www.instagram.com\/artistics_com\/","http:\/\/www.pinterest.com\/ArtisticsMag"],"hasMerchantReturnPolicy":{"@type":"MerchantReturnPolicy","merchantReturnLink":"https:\/\/artistics.com\/free-return-policy\/"}}]},"product_price_amount":"4100","product_price_currency":"EUR","og_availability":"instock","product_availability":"instock","product_condition":"new"},"_links":{"self":[{"href":"https:\/\/artistics.com\/fr\/wp-json\/wp\/v2\/product\/93299","targetHints":{"allow":["GET"]}}],"collection":[{"href":"https:\/\/artistics.com\/fr\/wp-json\/wp\/v2\/product"}],"about":[{"href":"https:\/\/artistics.com\/fr\/wp-json\/wp\/v2\/types\/product"}],"acf:term":[{"embeddable":true,"taxonomy":"series","href":"https:\/\/artistics.com\/fr\/wp-json\/wp\/v2\/series\/2441"},{"embeddable":true,"taxonomy":"product_cat","href":"https:\/\/artistics.com\/fr\/wp-json\/wp\/v2\/product_cat\/236"},{"embeddable":true,"taxonomy":"product_cat","href":"https:\/\/artistics.com\/fr\/wp-json\/wp\/v2\/product_cat\/216"},{"embeddable":true,"taxonomy":"product_cat","href":"https:\/\/artistics.com\/fr\/wp-json\/wp\/v2\/product_cat\/189"},{"embeddable":true,"taxonomy":"product_cat","href":"https:\/\/artistics.com\/fr\/wp-json\/wp\/v2\/product_cat\/2602"},{"embeddable":true,"taxonomy":"product_cat","href":"https:\/\/artistics.com\/fr\/wp-json\/wp\/v2\/product_cat\/428"},{"embeddable":true,"taxonomy":"product_cat","href":"https:\/\/artistics.com\/fr\/wp-json\/wp\/v2\/product_cat\/2491"},{"embeddable":true,"taxonomy":"product_cat","href":"https:\/\/artistics.com\/fr\/wp-json\/wp\/v2\/product_cat\/204"},{"embeddable":true,"taxonomy":"product_cat","href":"https:\/\/artistics.com\/fr\/wp-json\/wp\/v2\/product_cat\/423"},{"embeddable":true,"taxonomy":"product_cat","href":"https:\/\/artistics.com\/fr\/wp-json\/wp\/v2\/product_cat\/164"}],"acf:post":[{"embeddable":true,"href":"https:\/\/artistics.com\/fr\/wp-json\/wp\/v2\/artist\/67731"}],"wp:featuredmedia":[{"embeddable":true,"href":"https:\/\/artistics.com\/fr\/wp-json\/wp\/v2\/media\/100870"}],"wp:attachment":[{"href":"https:\/\/artistics.com\/fr\/wp-json\/wp\/v2\/media?parent=93299"}],"wp:term":[{"taxonomy":"product_cat","embeddable":true,"href":"https:\/\/artistics.com\/fr\/wp-json\/wp\/v2\/product_cat?post=93299"},{"taxonomy":"product_tag","embeddable":true,"href":"https:\/\/artistics.com\/fr\/wp-json\/wp\/v2\/product_tag?post=93299"},{"taxonomy":"series","embeddable":true,"href":"https:\/\/artistics.com\/fr\/wp-json\/wp\/v2\/series?post=93299"}],"curies":[{"name":"wp","href":"https:\/\/api.w.org\/{rel}","templated":true}]}}