{"id":92941,"date":"2025-11-25T10:30:01","date_gmt":"2025-11-25T09:30:01","guid":{"rendered":"https:\/\/artistics.com\/?post_type=product&#038;p=92941"},"modified":"2026-01-06T15:05:16","modified_gmt":"2026-01-06T14:05:16","slug":"gardens-v","status":"publish","type":"product","link":"https:\/\/artistics.com\/fr\/oeuvre\/gardens-v\/","title":{"rendered":"Gardens V"},"content":{"rendered":"","protected":false},"excerpt":{"rendered":"","protected":false},"featured_media":92889,"template":"","meta":{"_acf_changed":false,"_searchwp_excluded":"","inline_featured_image":false},"product_cat":[162,169,170,189,192,215,228,236],"product_tag":[363,342,570,354],"series":[2575],"class_list":{"0":"post-92941","1":"product","2":"type-product","3":"status-publish","4":"has-post-thumbnail","6":"product_cat-peinture-contemporaine","7":"product_cat-peinture-abstraite","8":"product_cat-peinture-figurative","9":"product_cat-art-abstrait","10":"product_cat-art-figuratif","11":"product_cat-grand","12":"product_cat-couleurs-vives","13":"product_cat-de-3000-a-10-000-e","14":"product_tag-jaune","15":"product_tag-peinture-couleurs-vives","16":"product_tag-rose","17":"product_tag-tableau-grand-format","18":"series-zoran-simunovic-gardens-fr","20":"first","21":"instock","22":"taxable","23":"shipping-taxable","24":"purchasable","25":"product-type-simple"},"acf":{"artwork_artist":[2808],"artwork_medium":162,"artwork_categories":[169,170],"artwork_overall-tones":[228],"artwork_main-material":[],"artwork_art-genre":[],"artwork_art-movement":[189,192],"artwork_miscellaneous":[],"artwork_formats":[215],"artwork_price-ranges":[236],"artwork_main_subject":[],"artwork_technique":[],"artwork_featured_location":[],"artwork_dominant_color":[570,363],"artwork_physical_attributes":[354,342,354,342],"artwork_creation_date":"20250101","artwork_unique_piece":true,"artwork_description":"Huile sur toile","artwork_signature":"\u0152uvre sign\u00e9e","artwork_authenticity":"L\u2019\u0153uvre est vendue avec un certificat d\u2019authenticit\u00e9 sign\u00e9 par l\u2019artiste.","artwork_framing":"framed","artwork_has_custom_framing_info":true,"artwork_custom_framing_info":"L'\u0153uvre est vendue encadr\u00e9e. Dimensions de l\u2019\u0153uvre encadr\u00e9e\u00a0: 147 x 147 cm.","artwork_location_country":"","artwork_location_city":"","artwork_location_zipcode":"","artwork_shipment_type":"2D_flat_artwork","artwork_shipping_delivery":"painting_immediate_availability","artwork_has_custom_shipping_delivery_info":false,"artwork_custom_shipping_delivery_info":"Not specified","artwork_360_view_url":"","artwork_video_url":"","artwork_video_format":[],"artwork_preview_type":"auto","artwork_reserved":false,"artwork_hide_price":false,"artwork_about":"<p style=\"font-weight: 400;\"><span style=\"font-style: inherit; font-weight: inherit;\"><em><strong>Gardens V <\/strong><\/em>est une huile sur toile de l\u2019artiste croate Zoran \u0160imunovi\u0107 issue de la s\u00e9rie GARDENS. Dans cette \u0153uvre il y a un m\u00e9lange d'\u00e9l\u00e9ments qui se d\u00e9tachent d'un fond domin\u00e9 par des nuances de rose p\u00e2le et de jaune. Une figure centrale turquoise est en premier plan, entour\u00e9e d'un feuillage vibrant rouge et vert.<\/span><\/p>\r\n<p style=\"font-weight: 400;\"><span style=\"font-style: inherit; font-weight: inherit;\">Toutes les s\u00e9ries de l\u2019artiste sont intrins\u00e8quement li\u00e9es les unes aux autres, en tant qu\u2019il consid\u00e8re que chaque s\u00e9rie est une \u00e9volution de la pr\u00e9c\u00e9dente. La s\u00e9rie GARDENS poursuit la r\u00e9flexion sur l\u2019importance de l\u2019art et son omnipr\u00e9sence dans la vie quotidienne d\u00e9j\u00e0 initi\u00e9e avec les s\u00e9ries pr\u00e9c\u00e9dentes. En choisissant de peindre des objets communs et familiers dans ses tableaux, l\u2019artiste saisit la capacit\u00e9 picturale du r\u00e9el et exhorte le public \u00e0 consid\u00e9rer le potentiel artistique dans tout ce qui l\u2019entoure. Cette s\u00e9rie met en sc\u00e8ne des nus f\u00e9minins associ\u00e9s \u00e0 des motifs luxuriants de plantes, de feuilles et de fleurs. Dans certaines toiles, l\u2019artiste introduit un nouveau symbole : le c\u0153ur, qui enrichit son univers color\u00e9 d\u2019une r\u00e9f\u00e9rence explicite \u00e0 l\u2019amour.<\/span><\/p>\r\n<p style=\"font-weight: 400;\"><span style=\"font-style: inherit; font-weight: inherit;\">\u00ab\u00a0<em>Ce qui n'\u00e9tait autrefois que des poup\u00e9es gonflables dans ses \u0153uvres ant\u00e9rieures est d\u00e9sormais devenu de vraies femmes, repr\u00e9sent\u00e9es sous des formes douces et arrondies, aux cheveux flottants \u2013 une sorte d'\u00c8ve dans les jardins paradisiaques de \u0160imunovi\u0107. [\u2026] Aux c\u00f4t\u00e9s des courtisanes, ses motifs familiers r\u00e9apparaissent, invitant les spectateurs \u00e0 interpr\u00e9ter leur signification et leurs relations au sein de chaque \u0153uvre. [\u2026] Lorsque l'on se prom\u00e8ne dans les univers cr\u00e9atifs et les jardins de Zoran, on ne sait jamais ce qui va appara\u00eetre, mais c'est toujours une surprise et un plaisir.<\/em>\u00a0\u00bb Valentina Bach<\/span><\/p>\r\n<p style=\"font-weight: 400;\"><span style=\"font-style: inherit; font-weight: inherit;\">Pour Zoran \u0160imunovi\u0107, l\u2019art est avant tout jeu et plaisir. Sa vision de la vie est extr\u00eamement optimiste et il cherche \u00e0 travers ses \u0153uvres \u00e0 \u00e9voquer chez l\u2019observateur des \u00e9motions positives ou des souvenirs personnels heureux. Pour cela, il emploie dans ses peintures des combinaisons raffin\u00e9es de couleurs vives et attrayantes. L\u2019artiste trouve son inspiration dans les espaces qui l\u2019entourent et les objets ordinaires qui font partie de sa vie : les jouets, les fruits, les meubles, les plantes\u2026 Ces petites choses communes mais importantes qui attirent son attention et sa cr\u00e9ativit\u00e9 sont mises \u00e0 l\u2019honneur dans ses tableaux.<\/span><span style=\"font-style: inherit; font-weight: inherit;\">\u00a0<\/span><\/p>\r\n<p style=\"font-weight: 400;\"><span style=\"font-style: inherit; font-weight: inherit;\">\u00ab\u00a0<em>Certaines des choses que je peins datent de mon enfance, d\u2019autres sont plus r\u00e9centes. Leur datation n\u2019est pas importante. Ce qui l\u2019est, c\u2019est l\u2019\u00e9motion qu\u2019ils \u00e9veillent en moi. Il est parfois difficile pour les artistes de mettre \u00e0 nu leur intimit\u00e9 et de la montrer au monde, mais cela ne me pose aucun probl\u00e8me. Peut-\u00eatre parce que je suis toujours heureux avec les peintures, qui me procurent du plaisir et du bonheur, et j\u2019esp\u00e8re qu\u2019elles auront le m\u00eame effet sur le public.<\/em>\u00a0\u00bb<\/span><span style=\"font-style: inherit; font-weight: inherit;\">\u00a0<\/span><\/p>\r\n<p style=\"font-weight: 400;\"><span style=\"font-style: inherit; font-weight: inherit;\">Gr\u00e2ce \u00e0 une composition unique qui m\u00e9lange harmonieusement motifs figuratifs et \u00e9l\u00e9ments abstraits, Zoran parvient \u00e0 cr\u00e9er des mondes imaginaires et po\u00e9tiques, charg\u00e9s d\u2019interrelations symboliques \u00e0 d\u00e9chiffrer. Ces espaces narratifs et introspectifs racontent ses souvenirs, ses \u00e9motions et ses r\u00eaves mais ils trouvent en m\u00eame temps un \u00e9cho chez l\u2019observateur, gr\u00e2ce \u00e0 l\u2019interpr\u00e9tation personnelle qu\u2019ils suscitent.<\/span><\/p>\r\nL'\u0153uvre est vendue encadr\u00e9e. Dimensions de l\u2019\u0153uvre encadr\u00e9e : 147 x 147 cm.\r\n<div>\r\n\r\nVue de l'exposition \u00ab Gimme a Kiss \u00bb, une exposition solo de Zoran \u0160imunovi\u0107 organis\u00e9e en 2025 \u00e0 la galerie Klovi\u0107evi Dvori \u00e0 Zagreb, en Croatie.\r\n\r\n<\/div>","artwork_series":[2575],"artwork_query_group":"20","artwork_lowest_grid_position":1,"artwork_random_position":3779607,"explicit_sensitive_content":false,"drupal_id":""},"yoast_head":"<!-- This site is optimized with the Yoast SEO Premium plugin v27.3 (Yoast SEO v27.3) - https:\/\/yoast.com\/product\/yoast-seo-premium-wordpress\/ -->\n<title>Gardens V par Zoran \u0160imunovi\u0107 - Peinture contemporaine | Artistics<\/title>\n<meta name=\"description\" content=\"Gardens V by Zoran \u0160imunovi\u0107 : enjoy our premium service and buy this original artwork online which comes with a certificate of authenticity.\" \/>\n<meta name=\"robots\" content=\"index, follow, max-snippet:-1, max-image-preview:large, max-video-preview:-1\" \/>\n<link rel=\"canonical\" href=\"https:\/\/artistics.com\/fr\/oeuvre\/gardens-v\/\" \/>\n<meta property=\"og:locale\" content=\"fr_FR\" \/>\n<meta property=\"og:type\" content=\"article\" \/>\n<meta property=\"og:title\" content=\"Gardens V\" \/>\n<meta property=\"og:description\" content=\"Gardens V by Zoran \u0160imunovi\u0107 : enjoy our premium service and buy this original artwork online which comes with a certificate of authenticity.\" \/>\n<meta property=\"og:url\" content=\"https:\/\/artistics.com\/fr\/oeuvre\/gardens-v\/\" \/>\n<meta property=\"og:site_name\" content=\"Artistics\" \/>\n<meta property=\"article:publisher\" content=\"https:\/\/www.facebook.com\/ArtisticsMag\" \/>\n<meta property=\"article:modified_time\" content=\"2026-01-06T14:05:16+00:00\" \/>\n<meta property=\"og:image\" content=\"https:\/\/artistics.com\/wp-content\/uploads\/2025\/11\/gardens-v-oil-painting-by-zoran-simunovic-1-scaled.jpg\" \/>\n\t<meta property=\"og:image:width\" content=\"2517\" \/>\n\t<meta property=\"og:image:height\" content=\"2560\" \/>\n\t<meta property=\"og:image:type\" content=\"image\/jpeg\" \/>\n<meta name=\"twitter:card\" content=\"summary_large_image\" \/>\n<meta name=\"twitter:site\" content=\"@Artistics_FR\" \/>\n<meta name=\"twitter:label1\" content=\"Prix\" \/>\n\t<meta name=\"twitter:data1\" content=\"7 500&nbsp;&euro;\" \/>\n\t<meta name=\"twitter:label2\" content=\"Disponibilit\u00e9\" \/>\n\t<meta name=\"twitter:data2\" content=\"En stock\" \/>\n<script type=\"application\/ld+json\" class=\"yoast-schema-graph\">{\"@context\":\"https:\\\/\\\/schema.org\",\"@graph\":[{\"@type\":[\"WebPage\",\"ItemPage\"],\"@id\":\"https:\\\/\\\/artistics.com\\\/fr\\\/oeuvre\\\/gardens-v\\\/\",\"url\":\"https:\\\/\\\/artistics.com\\\/fr\\\/oeuvre\\\/gardens-v\\\/\",\"name\":\"Gardens V par Zoran \u0160imunovi\u0107 - Peinture contemporaine | Artistics\",\"isPartOf\":{\"@id\":\"https:\\\/\\\/artistics.com\\\/fr\\\/#website\"},\"primaryImageOfPage\":{\"@id\":\"https:\\\/\\\/artistics.com\\\/fr\\\/oeuvre\\\/gardens-v\\\/#primaryimage\"},\"image\":{\"@id\":\"https:\\\/\\\/artistics.com\\\/fr\\\/oeuvre\\\/gardens-v\\\/#primaryimage\"},\"thumbnailUrl\":\"https:\\\/\\\/artistics.com\\\/wp-content\\\/uploads\\\/2025\\\/11\\\/gardens-v-oil-painting-by-zoran-simunovic-1-scaled.jpg\",\"datePublished\":\"2025-11-25T09:30:01+00:00\",\"dateModified\":\"2026-01-06T14:05:16+00:00\",\"description\":\"Gardens V by Zoran \u0160imunovi\u0107 : enjoy our premium service and buy this original artwork online which comes with a certificate of authenticity.\",\"breadcrumb\":{\"@id\":\"https:\\\/\\\/artistics.com\\\/fr\\\/oeuvre\\\/gardens-v\\\/#breadcrumb\"},\"inLanguage\":\"fr-FR\",\"potentialAction\":[{\"@type\":\"ReadAction\",\"target\":[\"https:\\\/\\\/artistics.com\\\/fr\\\/oeuvre\\\/gardens-v\\\/\"]}]},{\"@type\":\"ImageObject\",\"inLanguage\":\"fr-FR\",\"@id\":\"https:\\\/\\\/artistics.com\\\/fr\\\/oeuvre\\\/gardens-v\\\/#primaryimage\",\"url\":\"https:\\\/\\\/artistics.com\\\/wp-content\\\/uploads\\\/2025\\\/11\\\/gardens-v-oil-painting-by-zoran-simunovic-1-scaled.jpg\",\"contentUrl\":\"https:\\\/\\\/artistics.com\\\/wp-content\\\/uploads\\\/2025\\\/11\\\/gardens-v-oil-painting-by-zoran-simunovic-1-scaled.jpg\",\"width\":2517,\"height\":2560},{\"@type\":\"BreadcrumbList\",\"@id\":\"https:\\\/\\\/artistics.com\\\/fr\\\/oeuvre\\\/gardens-v\\\/#breadcrumb\",\"itemListElement\":[{\"@type\":\"ListItem\",\"position\":1,\"name\":\"Achat \u0153uvre d'art\",\"item\":\"https:\\\/\\\/artistics.com\\\/fr\\\/\"},{\"@type\":\"ListItem\",\"position\":2,\"name\":\"Galerie\",\"item\":\"https:\\\/\\\/artistics.com\\\/fr\\\/galerie\\\/\"},{\"@type\":\"ListItem\",\"position\":3,\"name\":\"Peinture contemporaine\",\"item\":\"https:\\\/\\\/artistics.com\\\/fr\\\/categorie-oeuvre\\\/peinture-contemporaine\\\/\"},{\"@type\":\"ListItem\",\"position\":4,\"name\":\"Gardens V\"}]},{\"@type\":\"WebSite\",\"@id\":\"https:\\\/\\\/artistics.com\\\/fr\\\/#website\",\"url\":\"https:\\\/\\\/artistics.com\\\/fr\\\/\",\"name\":\"Artistics\",\"description\":\"The online art gallery\",\"publisher\":{\"@id\":\"https:\\\/\\\/artistics.com\\\/fr\\\/#organization\"},\"potentialAction\":[{\"@type\":\"SearchAction\",\"target\":{\"@type\":\"EntryPoint\",\"urlTemplate\":\"https:\\\/\\\/artistics.com\\\/fr\\\/?s={search_term_string}\"},\"query-input\":{\"@type\":\"PropertyValueSpecification\",\"valueRequired\":true,\"valueName\":\"search_term_string\"}}],\"inLanguage\":\"fr-FR\"},{\"@type\":\"Organization\",\"@id\":\"https:\\\/\\\/artistics.com\\\/fr\\\/#organization\",\"name\":\"Artistics\",\"url\":\"https:\\\/\\\/artistics.com\\\/fr\\\/\",\"logo\":{\"@type\":\"ImageObject\",\"inLanguage\":\"fr-FR\",\"@id\":\"https:\\\/\\\/artistics.com\\\/fr\\\/#\\\/schema\\\/logo\\\/image\\\/\",\"url\":\"https:\\\/\\\/artistics.com\\\/wp-content\\\/uploads\\\/2023\\\/02\\\/artistics-logo-web-1.svg\",\"contentUrl\":\"https:\\\/\\\/artistics.com\\\/wp-content\\\/uploads\\\/2023\\\/02\\\/artistics-logo-web-1.svg\",\"caption\":\"Artistics\"},\"image\":{\"@id\":\"https:\\\/\\\/artistics.com\\\/fr\\\/#\\\/schema\\\/logo\\\/image\\\/\"},\"sameAs\":[\"https:\\\/\\\/www.facebook.com\\\/ArtisticsMag\",\"https:\\\/\\\/x.com\\\/Artistics_FR\",\"http:\\\/\\\/www.linkedin.com\\\/company\\\/artistics\",\"https:\\\/\\\/www.instagram.com\\\/artistics_com\\\/\",\"http:\\\/\\\/www.pinterest.com\\\/ArtisticsMag\"],\"hasMerchantReturnPolicy\":{\"@type\":\"MerchantReturnPolicy\",\"merchantReturnLink\":\"https:\\\/\\\/artistics.com\\\/free-return-policy\\\/\"}}]}<\/script>\n<meta property=\"product:price:amount\" content=\"7500\" \/>\n<meta property=\"product:price:currency\" content=\"EUR\" \/>\n<meta property=\"og:availability\" content=\"instock\" \/>\n<meta property=\"product:availability\" content=\"instock\" \/>\n<meta property=\"product:condition\" content=\"new\" \/>\n<!-- \/ Yoast SEO Premium plugin. -->","yoast_head_json":{"title":"Gardens V par Zoran \u0160imunovi\u0107 - Peinture contemporaine | Artistics","description":"Gardens V by Zoran \u0160imunovi\u0107 : enjoy our premium service and buy this original artwork online which comes with a certificate of authenticity.","robots":{"index":"index","follow":"follow","max-snippet":"max-snippet:-1","max-image-preview":"max-image-preview:large","max-video-preview":"max-video-preview:-1"},"canonical":"https:\/\/artistics.com\/fr\/oeuvre\/gardens-v\/","og_locale":"fr_FR","og_type":"article","og_title":"Gardens V","og_description":"Gardens V by Zoran \u0160imunovi\u0107 : enjoy our premium service and buy this original artwork online which comes with a certificate of authenticity.","og_url":"https:\/\/artistics.com\/fr\/oeuvre\/gardens-v\/","og_site_name":"Artistics","article_publisher":"https:\/\/www.facebook.com\/ArtisticsMag","article_modified_time":"2026-01-06T14:05:16+00:00","og_image":[{"width":2517,"height":2560,"url":"https:\/\/artistics.com\/wp-content\/uploads\/2025\/11\/gardens-v-oil-painting-by-zoran-simunovic-1-scaled.jpg","type":"image\/jpeg"}],"twitter_card":"summary_large_image","twitter_site":"@Artistics_FR","twitter_misc":{"Prix":"7 500&nbsp;&euro;","Disponibilit\u00e9":"En stock"},"schema":{"@context":"https:\/\/schema.org","@graph":[{"@type":["WebPage","ItemPage"],"@id":"https:\/\/artistics.com\/fr\/oeuvre\/gardens-v\/","url":"https:\/\/artistics.com\/fr\/oeuvre\/gardens-v\/","name":"Gardens V par Zoran \u0160imunovi\u0107 - Peinture contemporaine | Artistics","isPartOf":{"@id":"https:\/\/artistics.com\/fr\/#website"},"primaryImageOfPage":{"@id":"https:\/\/artistics.com\/fr\/oeuvre\/gardens-v\/#primaryimage"},"image":{"@id":"https:\/\/artistics.com\/fr\/oeuvre\/gardens-v\/#primaryimage"},"thumbnailUrl":"https:\/\/artistics.com\/wp-content\/uploads\/2025\/11\/gardens-v-oil-painting-by-zoran-simunovic-1-scaled.jpg","datePublished":"2025-11-25T09:30:01+00:00","dateModified":"2026-01-06T14:05:16+00:00","description":"Gardens V by Zoran \u0160imunovi\u0107 : enjoy our premium service and buy this original artwork online which comes with a certificate of authenticity.","breadcrumb":{"@id":"https:\/\/artistics.com\/fr\/oeuvre\/gardens-v\/#breadcrumb"},"inLanguage":"fr-FR","potentialAction":[{"@type":"ReadAction","target":["https:\/\/artistics.com\/fr\/oeuvre\/gardens-v\/"]}]},{"@type":"ImageObject","inLanguage":"fr-FR","@id":"https:\/\/artistics.com\/fr\/oeuvre\/gardens-v\/#primaryimage","url":"https:\/\/artistics.com\/wp-content\/uploads\/2025\/11\/gardens-v-oil-painting-by-zoran-simunovic-1-scaled.jpg","contentUrl":"https:\/\/artistics.com\/wp-content\/uploads\/2025\/11\/gardens-v-oil-painting-by-zoran-simunovic-1-scaled.jpg","width":2517,"height":2560},{"@type":"BreadcrumbList","@id":"https:\/\/artistics.com\/fr\/oeuvre\/gardens-v\/#breadcrumb","itemListElement":[{"@type":"ListItem","position":1,"name":"Achat \u0153uvre d'art","item":"https:\/\/artistics.com\/fr\/"},{"@type":"ListItem","position":2,"name":"Galerie","item":"https:\/\/artistics.com\/fr\/galerie\/"},{"@type":"ListItem","position":3,"name":"Peinture contemporaine","item":"https:\/\/artistics.com\/fr\/categorie-oeuvre\/peinture-contemporaine\/"},{"@type":"ListItem","position":4,"name":"Gardens V"}]},{"@type":"WebSite","@id":"https:\/\/artistics.com\/fr\/#website","url":"https:\/\/artistics.com\/fr\/","name":"Artistics","description":"The online art gallery","publisher":{"@id":"https:\/\/artistics.com\/fr\/#organization"},"potentialAction":[{"@type":"SearchAction","target":{"@type":"EntryPoint","urlTemplate":"https:\/\/artistics.com\/fr\/?s={search_term_string}"},"query-input":{"@type":"PropertyValueSpecification","valueRequired":true,"valueName":"search_term_string"}}],"inLanguage":"fr-FR"},{"@type":"Organization","@id":"https:\/\/artistics.com\/fr\/#organization","name":"Artistics","url":"https:\/\/artistics.com\/fr\/","logo":{"@type":"ImageObject","inLanguage":"fr-FR","@id":"https:\/\/artistics.com\/fr\/#\/schema\/logo\/image\/","url":"https:\/\/artistics.com\/wp-content\/uploads\/2023\/02\/artistics-logo-web-1.svg","contentUrl":"https:\/\/artistics.com\/wp-content\/uploads\/2023\/02\/artistics-logo-web-1.svg","caption":"Artistics"},"image":{"@id":"https:\/\/artistics.com\/fr\/#\/schema\/logo\/image\/"},"sameAs":["https:\/\/www.facebook.com\/ArtisticsMag","https:\/\/x.com\/Artistics_FR","http:\/\/www.linkedin.com\/company\/artistics","https:\/\/www.instagram.com\/artistics_com\/","http:\/\/www.pinterest.com\/ArtisticsMag"],"hasMerchantReturnPolicy":{"@type":"MerchantReturnPolicy","merchantReturnLink":"https:\/\/artistics.com\/free-return-policy\/"}}]},"product_price_amount":"7500","product_price_currency":"EUR","og_availability":"instock","product_availability":"instock","product_condition":"new"},"_links":{"self":[{"href":"https:\/\/artistics.com\/fr\/wp-json\/wp\/v2\/product\/92941","targetHints":{"allow":["GET"]}}],"collection":[{"href":"https:\/\/artistics.com\/fr\/wp-json\/wp\/v2\/product"}],"about":[{"href":"https:\/\/artistics.com\/fr\/wp-json\/wp\/v2\/types\/product"}],"acf:term":[{"embeddable":true,"taxonomy":"series","href":"https:\/\/artistics.com\/fr\/wp-json\/wp\/v2\/series\/2575"},{"embeddable":true,"taxonomy":"product_tag","href":"https:\/\/artistics.com\/fr\/wp-json\/wp\/v2\/product_tag\/342"},{"embeddable":true,"taxonomy":"product_tag","href":"https:\/\/artistics.com\/fr\/wp-json\/wp\/v2\/product_tag\/354"},{"embeddable":true,"taxonomy":"product_tag","href":"https:\/\/artistics.com\/fr\/wp-json\/wp\/v2\/product_tag\/363"},{"embeddable":true,"taxonomy":"product_tag","href":"https:\/\/artistics.com\/fr\/wp-json\/wp\/v2\/product_tag\/570"},{"embeddable":true,"taxonomy":"product_cat","href":"https:\/\/artistics.com\/fr\/wp-json\/wp\/v2\/product_cat\/236"},{"embeddable":true,"taxonomy":"product_cat","href":"https:\/\/artistics.com\/fr\/wp-json\/wp\/v2\/product_cat\/215"},{"embeddable":true,"taxonomy":"product_cat","href":"https:\/\/artistics.com\/fr\/wp-json\/wp\/v2\/product_cat\/192"},{"embeddable":true,"taxonomy":"product_cat","href":"https:\/\/artistics.com\/fr\/wp-json\/wp\/v2\/product_cat\/189"},{"embeddable":true,"taxonomy":"product_cat","href":"https:\/\/artistics.com\/fr\/wp-json\/wp\/v2\/product_cat\/228"},{"embeddable":true,"taxonomy":"product_cat","href":"https:\/\/artistics.com\/fr\/wp-json\/wp\/v2\/product_cat\/170"},{"embeddable":true,"taxonomy":"product_cat","href":"https:\/\/artistics.com\/fr\/wp-json\/wp\/v2\/product_cat\/169"},{"embeddable":true,"taxonomy":"product_cat","href":"https:\/\/artistics.com\/fr\/wp-json\/wp\/v2\/product_cat\/162"}],"acf:post":[{"embeddable":true,"href":"https:\/\/artistics.com\/fr\/wp-json\/wp\/v2\/artist\/2808"}],"wp:featuredmedia":[{"embeddable":true,"href":"https:\/\/artistics.com\/fr\/wp-json\/wp\/v2\/media\/92889"}],"wp:attachment":[{"href":"https:\/\/artistics.com\/fr\/wp-json\/wp\/v2\/media?parent=92941"}],"wp:term":[{"taxonomy":"product_cat","embeddable":true,"href":"https:\/\/artistics.com\/fr\/wp-json\/wp\/v2\/product_cat?post=92941"},{"taxonomy":"product_tag","embeddable":true,"href":"https:\/\/artistics.com\/fr\/wp-json\/wp\/v2\/product_tag?post=92941"},{"taxonomy":"series","embeddable":true,"href":"https:\/\/artistics.com\/fr\/wp-json\/wp\/v2\/series?post=92941"}],"curies":[{"name":"wp","href":"https:\/\/api.w.org\/{rel}","templated":true}]}}