{"id":91325,"date":"2025-10-14T16:07:40","date_gmt":"2025-10-14T14:07:40","guid":{"rendered":"https:\/\/artistics.com\/?post_type=product&#038;p=91325"},"modified":"2025-10-20T17:30:50","modified_gmt":"2025-10-20T15:30:50","slug":"contrapuntal-painting-3-25","status":"publish","type":"product","link":"https:\/\/artistics.com\/fr\/oeuvre\/contrapuntal-painting-3-25\/","title":{"rendered":"Contrapuntal Painting (3\/25)"},"content":{"rendered":"","protected":false},"excerpt":{"rendered":"","protected":false},"featured_media":91309,"template":"","meta":{"_acf_changed":false,"_searchwp_excluded":"","inline_featured_image":false},"product_cat":[162,169,174,189,216,228,235],"product_tag":[2492,563,342,571],"series":[2195],"class_list":{"0":"post-91325","1":"product","2":"type-product","3":"status-publish","4":"has-post-thumbnail","6":"product_cat-peinture-contemporaine","7":"product_cat-peinture-abstraite","8":"product_cat-peinture-minimaliste","9":"product_cat-art-abstrait","10":"product_cat-moyen","11":"product_cat-couleurs-vives","12":"product_cat-de-1000-a-3000-e","13":"product_tag-art-acrylique","14":"product_tag-bleu","15":"product_tag-peinture-couleurs-vives","16":"product_tag-rouge","17":"series-james-lumsden-contrapuntal-fr","19":"first","20":"instock","21":"shipping-taxable","22":"purchasable","23":"product-type-simple"},"acf":{"artwork_artist":[41457],"artwork_medium":162,"artwork_categories":[169,174],"artwork_overall-tones":[228],"artwork_main-material":[],"artwork_art-genre":[],"artwork_art-movement":[189],"artwork_miscellaneous":[],"artwork_formats":[216],"artwork_price-ranges":[235],"artwork_main_subject":[],"artwork_technique":[2492],"artwork_featured_location":[],"artwork_dominant_color":[563,571],"artwork_physical_attributes":[342,342],"artwork_creation_date":"20250101","artwork_unique_piece":true,"artwork_description":"Acrylique sur toile, finition brillante","artwork_signature":"\u0152uvre sign\u00e9e","artwork_authenticity":"L\u2019\u0153uvre est vendue avec un certificat d\u2019authenticit\u00e9 sign\u00e9 par l\u2019artiste.","artwork_framing":"unframed","artwork_has_custom_framing_info":false,"artwork_custom_framing_info":"Not specified","artwork_location_country":"","artwork_location_city":"","artwork_location_zipcode":"","artwork_shipment_type":"2D_flat_artwork","artwork_shipping_delivery":"painting_immediate_availability","artwork_has_custom_shipping_delivery_info":false,"artwork_custom_shipping_delivery_info":"Not specified","artwork_360_view_url":"","artwork_video_url":"","artwork_video_format":[],"artwork_preview_type":"auto","artwork_reserved":false,"artwork_hide_price":false,"artwork_about":"<span class=\"x_Aucun\"><em><strong>Contrapuntal Painting (3\/25)<\/strong><\/em> est une \u0153uvre de l\u2019artiste \u00e9cossais James Lumsden. <\/span>Cette pi\u00e8ce est divis\u00e9e horizontalement : la partie sup\u00e9rieure pr\u00e9sente un rouge vif et flamboyant, tandis que la partie inf\u00e9rieure se d\u00e9ploie dans un bleu nuit profond. Les couleurs, tr\u00e8s contrast\u00e9es, poss\u00e8dent n\u00e9anmoins une qualit\u00e9 translucide et lumineuse.\r\n<p data-start=\"435\" data-end=\"548\">En choisissant pour cette s\u00e9rie un titre issu du monde de la musique, l\u2019artiste souhaite \u00e9tablir une analogie : <em>\u00ab Les tableaux ne parlent pas de musique, mais ils aspirent \u00e0 en atteindre la condition : j\u2019esp\u00e8re que le spectateur r\u00e9agira aux peintures comme il r\u00e9agirait \u00e0 une \u0153uvre musicale, sans avoir besoin de mots. Comme pour la musique, j\u2019esp\u00e8re que le travail suscite une \u00e9motion chez le spectateur. \u00bb<\/em><\/p>\r\n<p data-start=\"850\" data-end=\"1374\">Les peintures abstraites de James Lumsden explorent les th\u00e8mes de la lumi\u00e8re, de la couleur et de la profondeur. Son processus cr\u00e9atif consiste \u00e0 superposer des dizaines de fines couches de peinture acrylique et de gel brillant sur la toile. Ce m\u00e9lange est ensuite travaill\u00e9 \u00e0 l\u2019aide d\u2019outils sp\u00e9cifiques afin de r\u00e9v\u00e9ler ou dissimuler certaines traces et marques. Couche apr\u00e8s couche, l\u2019artiste parvient \u00e0 cr\u00e9er une illusion de profondeur et de lumi\u00e8re, plongeant le spectateur dans un univers myst\u00e9rieux et envo\u00fbtant.<\/p>\r\n<p data-start=\"1376\" data-end=\"1853\">Les traces et marques de couleur se rencontrent \u00e0 la surface mais semblent \u00e9merger de l\u2019int\u00e9rieur de la toile, dans ce que l\u2019artiste d\u00e9finit comme \u00ab<em> un acte de mouvement fig\u00e9<\/em> \u00bb. Les teintes translucides et vibrantes se juxtaposent et se fondent pour cr\u00e9er des combinaisons \u00e0 la fois d\u00e9licates, audacieuses et contrast\u00e9es. Gr\u00e2ce \u00e0 cette technique picturale, qui allie habilement hasard et ma\u00eetrise, le support mat\u00e9riel se transforme en une \u0153uvre po\u00e9tique, empreinte d\u2019\u00e9motion.<\/p>\r\n<p data-start=\"1376\" data-end=\"1853\"><em>\u00ab Je veux voir quelque chose prendre vie, fruit d\u2019un effort, porteur d\u2019une histoire propre et du temps consacr\u00e9 \u00e0 sa cr\u00e9ation. Mon objectif est de produire quelque chose de positif et d\u2019affirmatif, empli \u00e0 la fois de lumi\u00e8re et d\u2019obscurit\u00e9, de contrastes, d\u2019h\u00e9sitations et de contradictions \u2014 des peintures ouvertes qui permettent \u00e0 l\u2019imagination du spectateur de chercher, d\u2019errer ou de r\u00e9agir librement. \u00bb<\/em><\/p>\r\n<p data-start=\"1857\" data-end=\"2286\" data-is-last-node=\"\">\u2014 James Lumsden<\/p>","artwork_series":[2195],"artwork_query_group":"10","artwork_lowest_grid_position":1,"artwork_random_position":9453066,"explicit_sensitive_content":false,"drupal_id":""},"yoast_head":"<!-- This site is optimized with the Yoast SEO Premium plugin v27.3 (Yoast SEO v27.3) - https:\/\/yoast.com\/product\/yoast-seo-premium-wordpress\/ -->\n<title>Contrapuntal Painting (3\/25) par James Lumsden - Peinture contemporaine | Artistics<\/title>\n<meta name=\"description\" content=\"Contrapuntal Painting (3\/25) by James Lumsden : enjoy our premium service and buy this original artwork online which comes with a certificate of authenticity.\" \/>\n<meta name=\"robots\" content=\"index, follow, max-snippet:-1, max-image-preview:large, max-video-preview:-1\" \/>\n<link rel=\"canonical\" href=\"https:\/\/artistics.com\/fr\/oeuvre\/contrapuntal-painting-3-25\/\" \/>\n<meta property=\"og:locale\" content=\"fr_FR\" \/>\n<meta property=\"og:type\" content=\"article\" \/>\n<meta property=\"og:title\" content=\"Contrapuntal Painting (3\/25)\" \/>\n<meta property=\"og:description\" content=\"Contrapuntal Painting (3\/25) by James Lumsden : enjoy our premium service and buy this original artwork online which comes with a certificate of authenticity.\" \/>\n<meta property=\"og:url\" content=\"https:\/\/artistics.com\/fr\/oeuvre\/contrapuntal-painting-3-25\/\" \/>\n<meta property=\"og:site_name\" content=\"Artistics\" \/>\n<meta property=\"article:publisher\" content=\"https:\/\/www.facebook.com\/ArtisticsMag\" \/>\n<meta property=\"article:modified_time\" content=\"2025-10-20T15:30:50+00:00\" \/>\n<meta property=\"og:image\" content=\"https:\/\/artistics.com\/wp-content\/uploads\/2025\/10\/contrapuntal-painting-3-25-abstract-painting-by-james-lumsden-1-1.jpg\" \/>\n\t<meta property=\"og:image:width\" content=\"1748\" \/>\n\t<meta property=\"og:image:height\" content=\"2000\" \/>\n\t<meta property=\"og:image:type\" content=\"image\/jpeg\" \/>\n<meta name=\"twitter:card\" content=\"summary_large_image\" \/>\n<meta name=\"twitter:site\" content=\"@Artistics_FR\" \/>\n<meta name=\"twitter:label1\" content=\"Prix\" \/>\n\t<meta name=\"twitter:data1\" content=\"1 800&nbsp;&euro;\" \/>\n\t<meta name=\"twitter:label2\" content=\"Disponibilit\u00e9\" \/>\n\t<meta name=\"twitter:data2\" content=\"En stock\" \/>\n<script type=\"application\/ld+json\" class=\"yoast-schema-graph\">{\"@context\":\"https:\\\/\\\/schema.org\",\"@graph\":[{\"@type\":[\"WebPage\",\"ItemPage\"],\"@id\":\"https:\\\/\\\/artistics.com\\\/fr\\\/oeuvre\\\/contrapuntal-painting-3-25\\\/\",\"url\":\"https:\\\/\\\/artistics.com\\\/fr\\\/oeuvre\\\/contrapuntal-painting-3-25\\\/\",\"name\":\"Contrapuntal Painting (3\\\/25) par James Lumsden - Peinture contemporaine | Artistics\",\"isPartOf\":{\"@id\":\"https:\\\/\\\/artistics.com\\\/fr\\\/#website\"},\"primaryImageOfPage\":{\"@id\":\"https:\\\/\\\/artistics.com\\\/fr\\\/oeuvre\\\/contrapuntal-painting-3-25\\\/#primaryimage\"},\"image\":{\"@id\":\"https:\\\/\\\/artistics.com\\\/fr\\\/oeuvre\\\/contrapuntal-painting-3-25\\\/#primaryimage\"},\"thumbnailUrl\":\"https:\\\/\\\/artistics.com\\\/wp-content\\\/uploads\\\/2025\\\/10\\\/contrapuntal-painting-3-25-abstract-painting-by-james-lumsden-1-1.jpg\",\"datePublished\":\"2025-10-14T14:07:40+00:00\",\"dateModified\":\"2025-10-20T15:30:50+00:00\",\"description\":\"Contrapuntal Painting (3\\\/25) by James Lumsden : enjoy our premium service and buy this original artwork online which comes with a certificate of authenticity.\",\"breadcrumb\":{\"@id\":\"https:\\\/\\\/artistics.com\\\/fr\\\/oeuvre\\\/contrapuntal-painting-3-25\\\/#breadcrumb\"},\"inLanguage\":\"fr-FR\",\"potentialAction\":[{\"@type\":\"ReadAction\",\"target\":[\"https:\\\/\\\/artistics.com\\\/fr\\\/oeuvre\\\/contrapuntal-painting-3-25\\\/\"]}]},{\"@type\":\"ImageObject\",\"inLanguage\":\"fr-FR\",\"@id\":\"https:\\\/\\\/artistics.com\\\/fr\\\/oeuvre\\\/contrapuntal-painting-3-25\\\/#primaryimage\",\"url\":\"https:\\\/\\\/artistics.com\\\/wp-content\\\/uploads\\\/2025\\\/10\\\/contrapuntal-painting-3-25-abstract-painting-by-james-lumsden-1-1.jpg\",\"contentUrl\":\"https:\\\/\\\/artistics.com\\\/wp-content\\\/uploads\\\/2025\\\/10\\\/contrapuntal-painting-3-25-abstract-painting-by-james-lumsden-1-1.jpg\",\"width\":1748,\"height\":2000},{\"@type\":\"BreadcrumbList\",\"@id\":\"https:\\\/\\\/artistics.com\\\/fr\\\/oeuvre\\\/contrapuntal-painting-3-25\\\/#breadcrumb\",\"itemListElement\":[{\"@type\":\"ListItem\",\"position\":1,\"name\":\"Achat \u0153uvre d'art\",\"item\":\"https:\\\/\\\/artistics.com\\\/fr\\\/\"},{\"@type\":\"ListItem\",\"position\":2,\"name\":\"Galerie\",\"item\":\"https:\\\/\\\/artistics.com\\\/fr\\\/galerie\\\/\"},{\"@type\":\"ListItem\",\"position\":3,\"name\":\"Peinture contemporaine\",\"item\":\"https:\\\/\\\/artistics.com\\\/fr\\\/categorie-oeuvre\\\/peinture-contemporaine\\\/\"},{\"@type\":\"ListItem\",\"position\":4,\"name\":\"Contrapuntal Painting (3\\\/25)\"}]},{\"@type\":\"WebSite\",\"@id\":\"https:\\\/\\\/artistics.com\\\/fr\\\/#website\",\"url\":\"https:\\\/\\\/artistics.com\\\/fr\\\/\",\"name\":\"Artistics\",\"description\":\"The online art gallery\",\"publisher\":{\"@id\":\"https:\\\/\\\/artistics.com\\\/fr\\\/#organization\"},\"potentialAction\":[{\"@type\":\"SearchAction\",\"target\":{\"@type\":\"EntryPoint\",\"urlTemplate\":\"https:\\\/\\\/artistics.com\\\/fr\\\/?s={search_term_string}\"},\"query-input\":{\"@type\":\"PropertyValueSpecification\",\"valueRequired\":true,\"valueName\":\"search_term_string\"}}],\"inLanguage\":\"fr-FR\"},{\"@type\":\"Organization\",\"@id\":\"https:\\\/\\\/artistics.com\\\/fr\\\/#organization\",\"name\":\"Artistics\",\"url\":\"https:\\\/\\\/artistics.com\\\/fr\\\/\",\"logo\":{\"@type\":\"ImageObject\",\"inLanguage\":\"fr-FR\",\"@id\":\"https:\\\/\\\/artistics.com\\\/fr\\\/#\\\/schema\\\/logo\\\/image\\\/\",\"url\":\"https:\\\/\\\/artistics.com\\\/wp-content\\\/uploads\\\/2023\\\/02\\\/artistics-logo-web-1.svg\",\"contentUrl\":\"https:\\\/\\\/artistics.com\\\/wp-content\\\/uploads\\\/2023\\\/02\\\/artistics-logo-web-1.svg\",\"caption\":\"Artistics\"},\"image\":{\"@id\":\"https:\\\/\\\/artistics.com\\\/fr\\\/#\\\/schema\\\/logo\\\/image\\\/\"},\"sameAs\":[\"https:\\\/\\\/www.facebook.com\\\/ArtisticsMag\",\"https:\\\/\\\/x.com\\\/Artistics_FR\",\"http:\\\/\\\/www.linkedin.com\\\/company\\\/artistics\",\"https:\\\/\\\/www.instagram.com\\\/artistics_com\\\/\",\"http:\\\/\\\/www.pinterest.com\\\/ArtisticsMag\"],\"hasMerchantReturnPolicy\":{\"@type\":\"MerchantReturnPolicy\",\"merchantReturnLink\":\"https:\\\/\\\/artistics.com\\\/free-return-policy\\\/\"}}]}<\/script>\n<meta property=\"product:price:amount\" content=\"1800\" \/>\n<meta property=\"product:price:currency\" content=\"EUR\" \/>\n<meta property=\"og:availability\" content=\"instock\" \/>\n<meta property=\"product:availability\" content=\"instock\" \/>\n<meta property=\"product:condition\" content=\"new\" \/>\n<!-- \/ Yoast SEO Premium plugin. -->","yoast_head_json":{"title":"Contrapuntal Painting (3\/25) par James Lumsden - Peinture contemporaine | Artistics","description":"Contrapuntal Painting (3\/25) by James Lumsden : enjoy our premium service and buy this original artwork online which comes with a certificate of authenticity.","robots":{"index":"index","follow":"follow","max-snippet":"max-snippet:-1","max-image-preview":"max-image-preview:large","max-video-preview":"max-video-preview:-1"},"canonical":"https:\/\/artistics.com\/fr\/oeuvre\/contrapuntal-painting-3-25\/","og_locale":"fr_FR","og_type":"article","og_title":"Contrapuntal Painting (3\/25)","og_description":"Contrapuntal Painting (3\/25) by James Lumsden : enjoy our premium service and buy this original artwork online which comes with a certificate of authenticity.","og_url":"https:\/\/artistics.com\/fr\/oeuvre\/contrapuntal-painting-3-25\/","og_site_name":"Artistics","article_publisher":"https:\/\/www.facebook.com\/ArtisticsMag","article_modified_time":"2025-10-20T15:30:50+00:00","og_image":[{"width":1748,"height":2000,"url":"https:\/\/artistics.com\/wp-content\/uploads\/2025\/10\/contrapuntal-painting-3-25-abstract-painting-by-james-lumsden-1-1.jpg","type":"image\/jpeg"}],"twitter_card":"summary_large_image","twitter_site":"@Artistics_FR","twitter_misc":{"Prix":"1 800&nbsp;&euro;","Disponibilit\u00e9":"En stock"},"schema":{"@context":"https:\/\/schema.org","@graph":[{"@type":["WebPage","ItemPage"],"@id":"https:\/\/artistics.com\/fr\/oeuvre\/contrapuntal-painting-3-25\/","url":"https:\/\/artistics.com\/fr\/oeuvre\/contrapuntal-painting-3-25\/","name":"Contrapuntal Painting (3\/25) par James Lumsden - Peinture contemporaine | Artistics","isPartOf":{"@id":"https:\/\/artistics.com\/fr\/#website"},"primaryImageOfPage":{"@id":"https:\/\/artistics.com\/fr\/oeuvre\/contrapuntal-painting-3-25\/#primaryimage"},"image":{"@id":"https:\/\/artistics.com\/fr\/oeuvre\/contrapuntal-painting-3-25\/#primaryimage"},"thumbnailUrl":"https:\/\/artistics.com\/wp-content\/uploads\/2025\/10\/contrapuntal-painting-3-25-abstract-painting-by-james-lumsden-1-1.jpg","datePublished":"2025-10-14T14:07:40+00:00","dateModified":"2025-10-20T15:30:50+00:00","description":"Contrapuntal Painting (3\/25) by James Lumsden : enjoy our premium service and buy this original artwork online which comes with a certificate of authenticity.","breadcrumb":{"@id":"https:\/\/artistics.com\/fr\/oeuvre\/contrapuntal-painting-3-25\/#breadcrumb"},"inLanguage":"fr-FR","potentialAction":[{"@type":"ReadAction","target":["https:\/\/artistics.com\/fr\/oeuvre\/contrapuntal-painting-3-25\/"]}]},{"@type":"ImageObject","inLanguage":"fr-FR","@id":"https:\/\/artistics.com\/fr\/oeuvre\/contrapuntal-painting-3-25\/#primaryimage","url":"https:\/\/artistics.com\/wp-content\/uploads\/2025\/10\/contrapuntal-painting-3-25-abstract-painting-by-james-lumsden-1-1.jpg","contentUrl":"https:\/\/artistics.com\/wp-content\/uploads\/2025\/10\/contrapuntal-painting-3-25-abstract-painting-by-james-lumsden-1-1.jpg","width":1748,"height":2000},{"@type":"BreadcrumbList","@id":"https:\/\/artistics.com\/fr\/oeuvre\/contrapuntal-painting-3-25\/#breadcrumb","itemListElement":[{"@type":"ListItem","position":1,"name":"Achat \u0153uvre d'art","item":"https:\/\/artistics.com\/fr\/"},{"@type":"ListItem","position":2,"name":"Galerie","item":"https:\/\/artistics.com\/fr\/galerie\/"},{"@type":"ListItem","position":3,"name":"Peinture contemporaine","item":"https:\/\/artistics.com\/fr\/categorie-oeuvre\/peinture-contemporaine\/"},{"@type":"ListItem","position":4,"name":"Contrapuntal Painting (3\/25)"}]},{"@type":"WebSite","@id":"https:\/\/artistics.com\/fr\/#website","url":"https:\/\/artistics.com\/fr\/","name":"Artistics","description":"The online art gallery","publisher":{"@id":"https:\/\/artistics.com\/fr\/#organization"},"potentialAction":[{"@type":"SearchAction","target":{"@type":"EntryPoint","urlTemplate":"https:\/\/artistics.com\/fr\/?s={search_term_string}"},"query-input":{"@type":"PropertyValueSpecification","valueRequired":true,"valueName":"search_term_string"}}],"inLanguage":"fr-FR"},{"@type":"Organization","@id":"https:\/\/artistics.com\/fr\/#organization","name":"Artistics","url":"https:\/\/artistics.com\/fr\/","logo":{"@type":"ImageObject","inLanguage":"fr-FR","@id":"https:\/\/artistics.com\/fr\/#\/schema\/logo\/image\/","url":"https:\/\/artistics.com\/wp-content\/uploads\/2023\/02\/artistics-logo-web-1.svg","contentUrl":"https:\/\/artistics.com\/wp-content\/uploads\/2023\/02\/artistics-logo-web-1.svg","caption":"Artistics"},"image":{"@id":"https:\/\/artistics.com\/fr\/#\/schema\/logo\/image\/"},"sameAs":["https:\/\/www.facebook.com\/ArtisticsMag","https:\/\/x.com\/Artistics_FR","http:\/\/www.linkedin.com\/company\/artistics","https:\/\/www.instagram.com\/artistics_com\/","http:\/\/www.pinterest.com\/ArtisticsMag"],"hasMerchantReturnPolicy":{"@type":"MerchantReturnPolicy","merchantReturnLink":"https:\/\/artistics.com\/free-return-policy\/"}}]},"product_price_amount":"1800","product_price_currency":"EUR","og_availability":"instock","product_availability":"instock","product_condition":"new"},"_links":{"self":[{"href":"https:\/\/artistics.com\/fr\/wp-json\/wp\/v2\/product\/91325","targetHints":{"allow":["GET"]}}],"collection":[{"href":"https:\/\/artistics.com\/fr\/wp-json\/wp\/v2\/product"}],"about":[{"href":"https:\/\/artistics.com\/fr\/wp-json\/wp\/v2\/types\/product"}],"acf:term":[{"embeddable":true,"taxonomy":"series","href":"https:\/\/artistics.com\/fr\/wp-json\/wp\/v2\/series\/2195"},{"embeddable":true,"taxonomy":"product_tag","href":"https:\/\/artistics.com\/fr\/wp-json\/wp\/v2\/product_tag\/342"},{"embeddable":true,"taxonomy":"product_tag","href":"https:\/\/artistics.com\/fr\/wp-json\/wp\/v2\/product_tag\/571"},{"embeddable":true,"taxonomy":"product_tag","href":"https:\/\/artistics.com\/fr\/wp-json\/wp\/v2\/product_tag\/563"},{"embeddable":true,"taxonomy":"product_tag","href":"https:\/\/artistics.com\/fr\/wp-json\/wp\/v2\/product_tag\/2492"},{"embeddable":true,"taxonomy":"product_cat","href":"https:\/\/artistics.com\/fr\/wp-json\/wp\/v2\/product_cat\/235"},{"embeddable":true,"taxonomy":"product_cat","href":"https:\/\/artistics.com\/fr\/wp-json\/wp\/v2\/product_cat\/216"},{"embeddable":true,"taxonomy":"product_cat","href":"https:\/\/artistics.com\/fr\/wp-json\/wp\/v2\/product_cat\/189"},{"embeddable":true,"taxonomy":"product_cat","href":"https:\/\/artistics.com\/fr\/wp-json\/wp\/v2\/product_cat\/228"},{"embeddable":true,"taxonomy":"product_cat","href":"https:\/\/artistics.com\/fr\/wp-json\/wp\/v2\/product_cat\/174"},{"embeddable":true,"taxonomy":"product_cat","href":"https:\/\/artistics.com\/fr\/wp-json\/wp\/v2\/product_cat\/169"},{"embeddable":true,"taxonomy":"product_cat","href":"https:\/\/artistics.com\/fr\/wp-json\/wp\/v2\/product_cat\/162"}],"acf:post":[{"embeddable":true,"href":"https:\/\/artistics.com\/fr\/wp-json\/wp\/v2\/artist\/41457"}],"wp:featuredmedia":[{"embeddable":true,"href":"https:\/\/artistics.com\/fr\/wp-json\/wp\/v2\/media\/91309"}],"wp:attachment":[{"href":"https:\/\/artistics.com\/fr\/wp-json\/wp\/v2\/media?parent=91325"}],"wp:term":[{"taxonomy":"product_cat","embeddable":true,"href":"https:\/\/artistics.com\/fr\/wp-json\/wp\/v2\/product_cat?post=91325"},{"taxonomy":"product_tag","embeddable":true,"href":"https:\/\/artistics.com\/fr\/wp-json\/wp\/v2\/product_tag?post=91325"},{"taxonomy":"series","embeddable":true,"href":"https:\/\/artistics.com\/fr\/wp-json\/wp\/v2\/series?post=91325"}],"curies":[{"name":"wp","href":"https:\/\/api.w.org\/{rel}","templated":true}]}}