{"id":90953,"date":"2025-10-09T16:52:01","date_gmt":"2025-10-09T14:52:01","guid":{"rendered":"https:\/\/artistics.com\/?post_type=product&#038;p=90953"},"modified":"2025-10-10T16:46:22","modified_gmt":"2025-10-10T14:46:22","slug":"no-172","status":"publish","type":"product","link":"https:\/\/artistics.com\/fr\/oeuvre\/no-172\/","title":{"rendered":"No.172"},"content":{"rendered":"","protected":false},"excerpt":{"rendered":"","protected":false},"featured_media":90882,"template":"","meta":{"_acf_changed":false,"_searchwp_excluded":"","inline_featured_image":false},"product_cat":[428,2488,162,170,173,192,196,216,236],"product_tag":[535,538,518,2505,545],"series":[1903],"class_list":{"0":"post-90953","1":"product","2":"type-product","3":"status-publish","4":"has-post-thumbnail","6":"product_cat-couleurs-neutres","7":"product_cat-oeuvre-dart-asiatique","8":"product_cat-peinture-contemporaine","9":"product_cat-peinture-figurative","10":"product_cat-tableau-portrait-et-figure","11":"product_cat-art-figuratif","12":"product_cat-portrait-et-figure","13":"product_cat-moyen","14":"product_cat-de-3000-a-10-000-e","15":"product_tag-encre","16":"product_tag-fusain","17":"product_tag-homme","18":"product_tag-oeuvres-dart-verticales","19":"product_tag-technique-mixte","20":"series-hongyu-zhang-paysage-humain","22":"first","23":"instock","24":"shipping-taxable","25":"purchasable","26":"product-type-simple"},"acf":{"artwork_artist":[2761],"artwork_medium":162,"artwork_categories":[170,173],"artwork_overall-tones":[428],"artwork_main-material":[],"artwork_art-genre":[196],"artwork_art-movement":[192,2488],"artwork_miscellaneous":[],"artwork_formats":[216],"artwork_price-ranges":[236],"artwork_main_subject":[518],"artwork_technique":[538,535,545],"artwork_featured_location":[],"artwork_dominant_color":[],"artwork_physical_attributes":[2505],"artwork_creation_date":"20120101","artwork_unique_piece":true,"artwork_description":"Encre de Chine et fusain sur papier kraft maroufl\u00e9 sur toile","artwork_signature":"\u0152uvre sign\u00e9e","artwork_authenticity":"L\u2019\u0153uvre est vendue avec un certificat d\u2019authenticit\u00e9 sign\u00e9 par l\u2019artiste.","artwork_framing":"framed","artwork_has_custom_framing_info":true,"artwork_custom_framing_info":"Cette \u0153uvre est vendue encadr\u00e9e (caisse am\u00e9ricaine noire). Dimensions de l\u2019\u0153uvre encadr\u00e9e 105 x 70 x 5 cm\u00a0","artwork_location_country":"FR","artwork_location_city":"Paris","artwork_location_zipcode":"95220","artwork_shipment_type":"2D_flat_artwork","artwork_shipping_delivery":"painting_immediate_availability","artwork_has_custom_shipping_delivery_info":false,"artwork_custom_shipping_delivery_info":"Not specified","artwork_360_view_url":"","artwork_video_url":"","artwork_video_format":[],"artwork_preview_type":"featured_image","artwork_reserved":false,"artwork_hide_price":false,"artwork_about":"<strong><em>N\u00b0172<\/em>\u00a0<\/strong>est une \u0153uvre de l'artiste contemporain chinois Hongyu Zhang. Cette pi\u00e8ce constitue un puissant t\u00e9moignage de l\u2019enracinement de Zhang dans la tradition de la calligraphie et de la peinture chinoise classique, tout en s\u2019\u00e9lan\u00e7ant vers un style visc\u00e9ral et expressionniste. Ce mouvement est renforc\u00e9 par le choix du papier kraft, dont les tons ocre jaun\u00e2tres offrent un fond chaud qui intensifie le contraste brut et dramatique des lignes \u00e0 l\u2019encre et au fusain.\r\n<p data-start=\"484\" data-end=\"1260\">Le portrait capte imm\u00e9diatement le spectateur par l\u2019essence intime de son sujet, que l\u2019artiste saisit par la sensation et le ressenti plut\u00f4t que par la repr\u00e9sentation fid\u00e8le. Le visage est un r\u00e9seau dense de lignes nerveuses et fr\u00e9n\u00e9tiques \u2014 de fines griffures de fusain croisent de larges et fluides coups de pinceau \u00e0 l\u2019encre de Chine. Zhang joue sur diff\u00e9rentes dilutions d\u2019encre pour obtenir une gamme de gris et de noirs, cr\u00e9ant un jeu dramatique d\u2019ombres et de lumi\u00e8res. Cette technique conf\u00e8re \u00e0 la figure une impression de lassitude, d\u2019introspection ou de profonde turbulence \u00e9motionnelle.<\/p>\r\n<p data-start=\"1262\" data-end=\"1982\" data-is-last-node=\"\" data-is-only-node=\"\">Pour Hongyu Zhang, la ligne est l\u2019unit\u00e9 fondamentale de ses portraits. Il d\u00e9clare : \u00ab <em>Je travaille avec des lignes. Lorsque je peins un portrait, je trace chaque ligne et chaque coup de pinceau selon les principes de la calligraphie. Chaque ligne a une vie, et toutes ensemble \u2014 par leur force, leur mouvement et leur rythme \u2014 elles composent un espace \u00e9nerg\u00e9tique.<\/em> \u00bb Dans<em> N\u00b0172<\/em>, cet espace \u00e9nerg\u00e9tique nous attire et nous retient magn\u00e9tiquement, nous invitant \u00e0 d\u00e9chiffrer cette \u00e9criture chaotique mais ma\u00eetris\u00e9e, semblant invent\u00e9e pour d\u00e9crire les profondeurs de l\u2019\u00e2me. L\u2019artiste pr\u00e9cise que ses sujets n\u2019existent pas \u00e0 l\u2019ext\u00e9rieur ; ils sont en r\u00e9alit\u00e9 des autoportraits : \u00ab <em>Tous mes portraits, c\u2019est moi<\/em>. \u00bb<\/p>\r\n<p data-start=\"1262\" data-end=\"1982\" data-is-last-node=\"\" data-is-only-node=\"\">Cette \u0153uvre est vendue encadr\u00e9e (caisse am\u00e9ricaine noire). Dimensions de l\u2019\u0153uvre encadr\u00e9e 105 x 70 x 5 cm<\/p>","artwork_series":[1903],"artwork_query_group":"20","artwork_lowest_grid_position":1,"artwork_random_position":7071882,"explicit_sensitive_content":false,"drupal_id":"9520"},"yoast_head":"<!-- This site is optimized with the Yoast SEO Premium plugin v27.3 (Yoast SEO v27.3) - https:\/\/yoast.com\/product\/yoast-seo-premium-wordpress\/ -->\n<title>Artistics | No.172 par Hongyu Zhang - Peinture contemporaine<\/title>\n<meta name=\"description\" content=\"No.172 par Hongyu Zhang - achat d&#039;\u0153uvres d&#039;art contemporain originales sur la galerie d&#039;art en ligne Artistics.\" \/>\n<meta name=\"robots\" content=\"index, follow, max-snippet:-1, max-image-preview:large, max-video-preview:-1\" \/>\n<link rel=\"canonical\" href=\"https:\/\/artistics.com\/fr\/oeuvre\/no-172\/\" \/>\n<meta property=\"og:locale\" content=\"fr_FR\" \/>\n<meta property=\"og:type\" content=\"article\" \/>\n<meta property=\"og:title\" content=\"No.172\" \/>\n<meta property=\"og:description\" content=\"No.172 par Hongyu Zhang - achat d&#039;\u0153uvres d&#039;art contemporain originales sur la galerie d&#039;art en ligne Artistics.\" \/>\n<meta property=\"og:url\" content=\"https:\/\/artistics.com\/fr\/oeuvre\/no-172\/\" \/>\n<meta property=\"og:site_name\" content=\"Artistics\" \/>\n<meta property=\"article:publisher\" content=\"https:\/\/www.facebook.com\/ArtisticsMag\" \/>\n<meta property=\"article:modified_time\" content=\"2025-10-10T14:46:22+00:00\" \/>\n<meta property=\"og:image\" content=\"https:\/\/artistics.com\/wp-content\/uploads\/2025\/10\/no-172-contemporary-portrait-painting-by-hongyu-zhang-1-scaled.jpg\" \/>\n\t<meta property=\"og:image:width\" content=\"1707\" \/>\n\t<meta property=\"og:image:height\" content=\"2560\" \/>\n\t<meta property=\"og:image:type\" content=\"image\/jpeg\" \/>\n<meta name=\"twitter:card\" content=\"summary_large_image\" \/>\n<meta name=\"twitter:site\" content=\"@Artistics_FR\" \/>\n<meta name=\"twitter:label1\" content=\"Prix\" \/>\n\t<meta name=\"twitter:data1\" content=\"3 300&nbsp;&euro;\" \/>\n\t<meta name=\"twitter:label2\" content=\"Disponibilit\u00e9\" \/>\n\t<meta name=\"twitter:data2\" content=\"En stock\" \/>\n<script type=\"application\/ld+json\" class=\"yoast-schema-graph\">{\"@context\":\"https:\\\/\\\/schema.org\",\"@graph\":[{\"@type\":[\"WebPage\",\"ItemPage\"],\"@id\":\"https:\\\/\\\/artistics.com\\\/fr\\\/oeuvre\\\/no-172\\\/\",\"url\":\"https:\\\/\\\/artistics.com\\\/fr\\\/oeuvre\\\/no-172\\\/\",\"name\":\"Artistics | No.172 par Hongyu Zhang - Peinture contemporaine\",\"isPartOf\":{\"@id\":\"https:\\\/\\\/artistics.com\\\/fr\\\/#website\"},\"primaryImageOfPage\":{\"@id\":\"https:\\\/\\\/artistics.com\\\/fr\\\/oeuvre\\\/no-172\\\/#primaryimage\"},\"image\":{\"@id\":\"https:\\\/\\\/artistics.com\\\/fr\\\/oeuvre\\\/no-172\\\/#primaryimage\"},\"thumbnailUrl\":\"https:\\\/\\\/artistics.com\\\/wp-content\\\/uploads\\\/2025\\\/10\\\/no-172-contemporary-portrait-painting-by-hongyu-zhang-1-scaled.jpg\",\"datePublished\":\"2025-10-09T14:52:01+00:00\",\"dateModified\":\"2025-10-10T14:46:22+00:00\",\"description\":\"No.172 par Hongyu Zhang - achat d'\u0153uvres d'art contemporain originales sur la galerie d'art en ligne Artistics.\",\"breadcrumb\":{\"@id\":\"https:\\\/\\\/artistics.com\\\/fr\\\/oeuvre\\\/no-172\\\/#breadcrumb\"},\"inLanguage\":\"fr-FR\",\"potentialAction\":[{\"@type\":\"ReadAction\",\"target\":[\"https:\\\/\\\/artistics.com\\\/fr\\\/oeuvre\\\/no-172\\\/\"]}]},{\"@type\":\"ImageObject\",\"inLanguage\":\"fr-FR\",\"@id\":\"https:\\\/\\\/artistics.com\\\/fr\\\/oeuvre\\\/no-172\\\/#primaryimage\",\"url\":\"https:\\\/\\\/artistics.com\\\/wp-content\\\/uploads\\\/2025\\\/10\\\/no-172-contemporary-portrait-painting-by-hongyu-zhang-1-scaled.jpg\",\"contentUrl\":\"https:\\\/\\\/artistics.com\\\/wp-content\\\/uploads\\\/2025\\\/10\\\/no-172-contemporary-portrait-painting-by-hongyu-zhang-1-scaled.jpg\",\"width\":1707,\"height\":2560},{\"@type\":\"BreadcrumbList\",\"@id\":\"https:\\\/\\\/artistics.com\\\/fr\\\/oeuvre\\\/no-172\\\/#breadcrumb\",\"itemListElement\":[{\"@type\":\"ListItem\",\"position\":1,\"name\":\"Achat \u0153uvre d'art\",\"item\":\"https:\\\/\\\/artistics.com\\\/fr\\\/\"},{\"@type\":\"ListItem\",\"position\":2,\"name\":\"Galerie\",\"item\":\"https:\\\/\\\/artistics.com\\\/fr\\\/galerie\\\/\"},{\"@type\":\"ListItem\",\"position\":3,\"name\":\"Peinture contemporaine\",\"item\":\"https:\\\/\\\/artistics.com\\\/fr\\\/categorie-oeuvre\\\/peinture-contemporaine\\\/\"},{\"@type\":\"ListItem\",\"position\":4,\"name\":\"No.172\"}]},{\"@type\":\"WebSite\",\"@id\":\"https:\\\/\\\/artistics.com\\\/fr\\\/#website\",\"url\":\"https:\\\/\\\/artistics.com\\\/fr\\\/\",\"name\":\"Artistics\",\"description\":\"The online art gallery\",\"publisher\":{\"@id\":\"https:\\\/\\\/artistics.com\\\/fr\\\/#organization\"},\"potentialAction\":[{\"@type\":\"SearchAction\",\"target\":{\"@type\":\"EntryPoint\",\"urlTemplate\":\"https:\\\/\\\/artistics.com\\\/fr\\\/?s={search_term_string}\"},\"query-input\":{\"@type\":\"PropertyValueSpecification\",\"valueRequired\":true,\"valueName\":\"search_term_string\"}}],\"inLanguage\":\"fr-FR\"},{\"@type\":\"Organization\",\"@id\":\"https:\\\/\\\/artistics.com\\\/fr\\\/#organization\",\"name\":\"Artistics\",\"url\":\"https:\\\/\\\/artistics.com\\\/fr\\\/\",\"logo\":{\"@type\":\"ImageObject\",\"inLanguage\":\"fr-FR\",\"@id\":\"https:\\\/\\\/artistics.com\\\/fr\\\/#\\\/schema\\\/logo\\\/image\\\/\",\"url\":\"https:\\\/\\\/artistics.com\\\/wp-content\\\/uploads\\\/2023\\\/02\\\/artistics-logo-web-1.svg\",\"contentUrl\":\"https:\\\/\\\/artistics.com\\\/wp-content\\\/uploads\\\/2023\\\/02\\\/artistics-logo-web-1.svg\",\"caption\":\"Artistics\"},\"image\":{\"@id\":\"https:\\\/\\\/artistics.com\\\/fr\\\/#\\\/schema\\\/logo\\\/image\\\/\"},\"sameAs\":[\"https:\\\/\\\/www.facebook.com\\\/ArtisticsMag\",\"https:\\\/\\\/x.com\\\/Artistics_FR\",\"http:\\\/\\\/www.linkedin.com\\\/company\\\/artistics\",\"https:\\\/\\\/www.instagram.com\\\/artistics_com\\\/\",\"http:\\\/\\\/www.pinterest.com\\\/ArtisticsMag\"],\"hasMerchantReturnPolicy\":{\"@type\":\"MerchantReturnPolicy\",\"merchantReturnLink\":\"https:\\\/\\\/artistics.com\\\/free-return-policy\\\/\"}}]}<\/script>\n<meta property=\"product:price:amount\" content=\"3300\" \/>\n<meta property=\"product:price:currency\" content=\"EUR\" \/>\n<meta property=\"og:availability\" content=\"instock\" \/>\n<meta property=\"product:availability\" content=\"instock\" \/>\n<meta property=\"product:retailer_item_id\" content=\"9521-2\" \/>\n<meta property=\"product:condition\" content=\"new\" \/>\n<!-- \/ Yoast SEO Premium plugin. -->","yoast_head_json":{"title":"Artistics | No.172 par Hongyu Zhang - Peinture contemporaine","description":"No.172 par Hongyu Zhang - achat d'\u0153uvres d'art contemporain originales sur la galerie d'art en ligne Artistics.","robots":{"index":"index","follow":"follow","max-snippet":"max-snippet:-1","max-image-preview":"max-image-preview:large","max-video-preview":"max-video-preview:-1"},"canonical":"https:\/\/artistics.com\/fr\/oeuvre\/no-172\/","og_locale":"fr_FR","og_type":"article","og_title":"No.172","og_description":"No.172 par Hongyu Zhang - achat d'\u0153uvres d'art contemporain originales sur la galerie d'art en ligne Artistics.","og_url":"https:\/\/artistics.com\/fr\/oeuvre\/no-172\/","og_site_name":"Artistics","article_publisher":"https:\/\/www.facebook.com\/ArtisticsMag","article_modified_time":"2025-10-10T14:46:22+00:00","og_image":[{"width":1707,"height":2560,"url":"https:\/\/artistics.com\/wp-content\/uploads\/2025\/10\/no-172-contemporary-portrait-painting-by-hongyu-zhang-1-scaled.jpg","type":"image\/jpeg"}],"twitter_card":"summary_large_image","twitter_site":"@Artistics_FR","twitter_misc":{"Prix":"3 300&nbsp;&euro;","Disponibilit\u00e9":"En stock"},"schema":{"@context":"https:\/\/schema.org","@graph":[{"@type":["WebPage","ItemPage"],"@id":"https:\/\/artistics.com\/fr\/oeuvre\/no-172\/","url":"https:\/\/artistics.com\/fr\/oeuvre\/no-172\/","name":"Artistics | No.172 par Hongyu Zhang - Peinture contemporaine","isPartOf":{"@id":"https:\/\/artistics.com\/fr\/#website"},"primaryImageOfPage":{"@id":"https:\/\/artistics.com\/fr\/oeuvre\/no-172\/#primaryimage"},"image":{"@id":"https:\/\/artistics.com\/fr\/oeuvre\/no-172\/#primaryimage"},"thumbnailUrl":"https:\/\/artistics.com\/wp-content\/uploads\/2025\/10\/no-172-contemporary-portrait-painting-by-hongyu-zhang-1-scaled.jpg","datePublished":"2025-10-09T14:52:01+00:00","dateModified":"2025-10-10T14:46:22+00:00","description":"No.172 par Hongyu Zhang - achat d'\u0153uvres d'art contemporain originales sur la galerie d'art en ligne Artistics.","breadcrumb":{"@id":"https:\/\/artistics.com\/fr\/oeuvre\/no-172\/#breadcrumb"},"inLanguage":"fr-FR","potentialAction":[{"@type":"ReadAction","target":["https:\/\/artistics.com\/fr\/oeuvre\/no-172\/"]}]},{"@type":"ImageObject","inLanguage":"fr-FR","@id":"https:\/\/artistics.com\/fr\/oeuvre\/no-172\/#primaryimage","url":"https:\/\/artistics.com\/wp-content\/uploads\/2025\/10\/no-172-contemporary-portrait-painting-by-hongyu-zhang-1-scaled.jpg","contentUrl":"https:\/\/artistics.com\/wp-content\/uploads\/2025\/10\/no-172-contemporary-portrait-painting-by-hongyu-zhang-1-scaled.jpg","width":1707,"height":2560},{"@type":"BreadcrumbList","@id":"https:\/\/artistics.com\/fr\/oeuvre\/no-172\/#breadcrumb","itemListElement":[{"@type":"ListItem","position":1,"name":"Achat \u0153uvre d'art","item":"https:\/\/artistics.com\/fr\/"},{"@type":"ListItem","position":2,"name":"Galerie","item":"https:\/\/artistics.com\/fr\/galerie\/"},{"@type":"ListItem","position":3,"name":"Peinture contemporaine","item":"https:\/\/artistics.com\/fr\/categorie-oeuvre\/peinture-contemporaine\/"},{"@type":"ListItem","position":4,"name":"No.172"}]},{"@type":"WebSite","@id":"https:\/\/artistics.com\/fr\/#website","url":"https:\/\/artistics.com\/fr\/","name":"Artistics","description":"The online art gallery","publisher":{"@id":"https:\/\/artistics.com\/fr\/#organization"},"potentialAction":[{"@type":"SearchAction","target":{"@type":"EntryPoint","urlTemplate":"https:\/\/artistics.com\/fr\/?s={search_term_string}"},"query-input":{"@type":"PropertyValueSpecification","valueRequired":true,"valueName":"search_term_string"}}],"inLanguage":"fr-FR"},{"@type":"Organization","@id":"https:\/\/artistics.com\/fr\/#organization","name":"Artistics","url":"https:\/\/artistics.com\/fr\/","logo":{"@type":"ImageObject","inLanguage":"fr-FR","@id":"https:\/\/artistics.com\/fr\/#\/schema\/logo\/image\/","url":"https:\/\/artistics.com\/wp-content\/uploads\/2023\/02\/artistics-logo-web-1.svg","contentUrl":"https:\/\/artistics.com\/wp-content\/uploads\/2023\/02\/artistics-logo-web-1.svg","caption":"Artistics"},"image":{"@id":"https:\/\/artistics.com\/fr\/#\/schema\/logo\/image\/"},"sameAs":["https:\/\/www.facebook.com\/ArtisticsMag","https:\/\/x.com\/Artistics_FR","http:\/\/www.linkedin.com\/company\/artistics","https:\/\/www.instagram.com\/artistics_com\/","http:\/\/www.pinterest.com\/ArtisticsMag"],"hasMerchantReturnPolicy":{"@type":"MerchantReturnPolicy","merchantReturnLink":"https:\/\/artistics.com\/free-return-policy\/"}}]},"product_price_amount":"3300","product_price_currency":"EUR","og_availability":"instock","product_availability":"instock","product_retailer_item_id":"9521-2","product_condition":"new"},"_links":{"self":[{"href":"https:\/\/artistics.com\/fr\/wp-json\/wp\/v2\/product\/90953","targetHints":{"allow":["GET"]}}],"collection":[{"href":"https:\/\/artistics.com\/fr\/wp-json\/wp\/v2\/product"}],"about":[{"href":"https:\/\/artistics.com\/fr\/wp-json\/wp\/v2\/types\/product"}],"acf:term":[{"embeddable":true,"taxonomy":"series","href":"https:\/\/artistics.com\/fr\/wp-json\/wp\/v2\/series\/1903"},{"embeddable":true,"taxonomy":"product_tag","href":"https:\/\/artistics.com\/fr\/wp-json\/wp\/v2\/product_tag\/2505"},{"embeddable":true,"taxonomy":"product_tag","href":"https:\/\/artistics.com\/fr\/wp-json\/wp\/v2\/product_tag\/545"},{"embeddable":true,"taxonomy":"product_tag","href":"https:\/\/artistics.com\/fr\/wp-json\/wp\/v2\/product_tag\/535"},{"embeddable":true,"taxonomy":"product_tag","href":"https:\/\/artistics.com\/fr\/wp-json\/wp\/v2\/product_tag\/538"},{"embeddable":true,"taxonomy":"product_tag","href":"https:\/\/artistics.com\/fr\/wp-json\/wp\/v2\/product_tag\/518"},{"embeddable":true,"taxonomy":"product_cat","href":"https:\/\/artistics.com\/fr\/wp-json\/wp\/v2\/product_cat\/236"},{"embeddable":true,"taxonomy":"product_cat","href":"https:\/\/artistics.com\/fr\/wp-json\/wp\/v2\/product_cat\/216"},{"embeddable":true,"taxonomy":"product_cat","href":"https:\/\/artistics.com\/fr\/wp-json\/wp\/v2\/product_cat\/2488"},{"embeddable":true,"taxonomy":"product_cat","href":"https:\/\/artistics.com\/fr\/wp-json\/wp\/v2\/product_cat\/192"},{"embeddable":true,"taxonomy":"product_cat","href":"https:\/\/artistics.com\/fr\/wp-json\/wp\/v2\/product_cat\/196"},{"embeddable":true,"taxonomy":"product_cat","href":"https:\/\/artistics.com\/fr\/wp-json\/wp\/v2\/product_cat\/428"},{"embeddable":true,"taxonomy":"product_cat","href":"https:\/\/artistics.com\/fr\/wp-json\/wp\/v2\/product_cat\/173"},{"embeddable":true,"taxonomy":"product_cat","href":"https:\/\/artistics.com\/fr\/wp-json\/wp\/v2\/product_cat\/170"},{"embeddable":true,"taxonomy":"product_cat","href":"https:\/\/artistics.com\/fr\/wp-json\/wp\/v2\/product_cat\/162"}],"acf:post":[{"embeddable":true,"href":"https:\/\/artistics.com\/fr\/wp-json\/wp\/v2\/artist\/2761"}],"wp:featuredmedia":[{"embeddable":true,"href":"https:\/\/artistics.com\/fr\/wp-json\/wp\/v2\/media\/90882"}],"wp:attachment":[{"href":"https:\/\/artistics.com\/fr\/wp-json\/wp\/v2\/media?parent=90953"}],"wp:term":[{"taxonomy":"product_cat","embeddable":true,"href":"https:\/\/artistics.com\/fr\/wp-json\/wp\/v2\/product_cat?post=90953"},{"taxonomy":"product_tag","embeddable":true,"href":"https:\/\/artistics.com\/fr\/wp-json\/wp\/v2\/product_tag?post=90953"},{"taxonomy":"series","embeddable":true,"href":"https:\/\/artistics.com\/fr\/wp-json\/wp\/v2\/series?post=90953"}],"curies":[{"name":"wp","href":"https:\/\/api.w.org\/{rel}","templated":true}]}}