{"id":90937,"date":"2025-10-09T16:35:09","date_gmt":"2025-10-09T14:35:09","guid":{"rendered":"https:\/\/artistics.com\/?post_type=product&#038;p=90937"},"modified":"2025-10-20T17:30:28","modified_gmt":"2025-10-20T15:30:28","slug":"contrapuntal-painting-study-12-25","status":"publish","type":"product","link":"https:\/\/artistics.com\/fr\/oeuvre\/contrapuntal-painting-study-12-25\/","title":{"rendered":"Contrapuntal Painting Study (12\/25)"},"content":{"rendered":"","protected":false},"excerpt":{"rendered":"","protected":false},"featured_media":90853,"template":"","meta":{"_acf_changed":false,"_searchwp_excluded":"","inline_featured_image":false},"product_cat":[189,237,169,162,174,217],"product_tag":[2492,570,572],"series":[2195],"class_list":{"0":"post-90937","1":"product","2":"type-product","3":"status-publish","4":"has-post-thumbnail","6":"product_cat-art-abstrait","7":"product_cat-moins-de-1000-e","8":"product_cat-peinture-abstraite","9":"product_cat-peinture-contemporaine","10":"product_cat-peinture-minimaliste","11":"product_cat-petit","12":"product_tag-art-acrylique","13":"product_tag-rose","14":"product_tag-vert","15":"series-james-lumsden-contrapuntal-fr","17":"first","18":"instock","19":"shipping-taxable","20":"purchasable","21":"product-type-simple"},"acf":{"artwork_artist":[41457],"artwork_medium":162,"artwork_categories":[169,174],"artwork_overall-tones":[],"artwork_main-material":[],"artwork_art-genre":[],"artwork_art-movement":[189],"artwork_miscellaneous":[],"artwork_formats":[217],"artwork_price-ranges":[237],"artwork_main_subject":[],"artwork_technique":[2492],"artwork_featured_location":[],"artwork_dominant_color":[570,572],"artwork_physical_attributes":[],"artwork_creation_date":"20250101","artwork_unique_piece":true,"artwork_description":"Acrylique sur toile, finition brillante","artwork_signature":"\u0152uvre sign\u00e9e","artwork_authenticity":"L\u2019\u0153uvre est vendue avec un certificat d\u2019authenticit\u00e9 sign\u00e9 par l\u2019artiste.","artwork_framing":"unframed","artwork_has_custom_framing_info":false,"artwork_custom_framing_info":"Not specified","artwork_location_country":"","artwork_location_city":"","artwork_location_zipcode":"","artwork_shipment_type":"2D_flat_artwork","artwork_shipping_delivery":"painting_immediate_availability","artwork_has_custom_shipping_delivery_info":false,"artwork_custom_shipping_delivery_info":"Not specified","artwork_360_view_url":"","artwork_video_url":"","artwork_video_format":[],"artwork_preview_type":"auto","artwork_reserved":false,"artwork_hide_price":false,"artwork_about":"<span class=\"x_Aucun\"><strong><em>Contrapuntal Painting Study (12\/25) <\/em><\/strong>est une \u0153uvre de l\u2019artiste \u00e9cossais James Lumsden. Cette pi\u00e8ce est divis\u00e9e horizontalement : la partie sup\u00e9rieure pr\u00e9sente un rose clair, tandis que la partie inf\u00e9rieure se d\u00e9ploie dans un vert fonc\u00e9 profond. Les couleurs, tr\u00e8s contrast\u00e9es, poss\u00e8dent n\u00e9anmoins une qualit\u00e9 translucide et lumineuse.<\/span>\r\n\r\n<span class=\"x_Aucun\">En choisissant pour cette s\u00e9rie un titre issu de l\u2019univers musical, l\u2019artiste souhaite \u00e9tablir une analogie : \u00ab\u00a0<i>Les \u0153uvres ne traitent pas de la musique, mais aspirent \u00e0 la condition de la musique : j\u2019esp\u00e8re que les spectateurs r\u00e9agiront aux peintures comme ils le feraient avec un morceau de musique, sans avoir besoin de mots. J\u2019esp\u00e8re qu\u2019elles \u00e9veilleront une \u00e9motion.<\/i>\u00a0\u00bb<\/span>\r\n<p class=\"x_Corps\"><span class=\"x_Aucun\">Les peintures abstraites de James Lumsden explorent les th\u00e8mes de la lumi\u00e8re, de la couleur et de la profondeur. Son processus cr\u00e9atif consiste \u00e0 superposer sur la toile des dizaines de couches fines de peinture acrylique et du gloss gel. Ce m\u00e9lange est travaill\u00e9 avec des outils sp\u00e9cifiques afin de dissimuler ou faire \u00e9merger des traces et des marques. Couche apr\u00e8s couche, l\u2019artiste parvient \u00e0 cr\u00e9er une illusion de profondeur et de lumi\u00e8re int\u00e9rieure au tableau qui plonge l\u2019observateur dans un univers myst\u00e9rieux et s\u00e9duisant.<\/span><\/p>\r\n<p class=\"x_Corps\"><span class=\"x_Aucun\">Les traces et les marques de couleur se rencontrent sur la surface mais semblent \u00e9merger de l\u2019int\u00e9rieur de la toile, dans ce que l\u2019artiste d\u00e9finit \u00ab\u00a0<i>un acte de mouvement fix\u00e9<\/i>\u00a0\u00bb. Les couleurs translucides et vibrantes sont juxtapos\u00e9es et m\u00e9lang\u00e9es pour donner vie \u00e0 des associations d\u00e9licates, mais audacieuses et contrast\u00e9es. Gr\u00e2ce \u00e0 cette technique picturale qui combine habillement hasard et contr\u00f4le, le support mat\u00e9riel est ainsi transform\u00e9 dans une \u0153uvre d\u2019art po\u00e9tique et pleine d\u2019\u00e9motion.<\/span><\/p>\r\n<p class=\"x_Corps\"><span class=\"x_Aucun\">\u00ab\u00a0<i>Je veux voir quelque chose qui prend vie, pour lequel on s\u2019est battu, quelque chose qui a sa propre histoire et qui refl\u00e8te le temps pass\u00e9 pour sa cr\u00e9ation. Mon but est de cr\u00e9er quelque chose de positif et d\u2019affirmatif qui soit rempli de lumi\u00e8re et d\u2019obscurit\u00e9, de contrastes, d\u2019h\u00e9sitations et de contradictions \u2013 des peintures ouvertes qui permettent \u00e0 l\u2019imagination du spectateur de chercher, d\u2019errer ou de r\u00e9agir \u00e0 sa guise<\/i>. \u00bb \u2013 James Lumsden.<\/span><\/p>","artwork_series":[2195],"artwork_query_group":"10","artwork_lowest_grid_position":1,"artwork_random_position":1122692,"explicit_sensitive_content":false,"drupal_id":""},"yoast_head":"<!-- This site is optimized with the Yoast SEO Premium plugin v27.3 (Yoast SEO v27.3) - https:\/\/yoast.com\/product\/yoast-seo-premium-wordpress\/ -->\n<title>Contrapuntal Painting Study (12\/25) par James Lumsden - Peinture contemporaine | Artistics<\/title>\n<meta name=\"description\" content=\"Contrapuntal Painting Study (12\/25) par James Lumsden - achetez en ligne cette \u0153uvre d\u2019art originale avec son certificat d\u2019authenticit\u00e9 et b\u00e9n\u00e9ficiez de notre service premium.\" \/>\n<meta name=\"robots\" content=\"index, follow, max-snippet:-1, max-image-preview:large, max-video-preview:-1\" \/>\n<link rel=\"canonical\" href=\"https:\/\/artistics.com\/fr\/oeuvre\/contrapuntal-painting-study-12-25\/\" \/>\n<meta property=\"og:locale\" content=\"fr_FR\" \/>\n<meta property=\"og:type\" content=\"article\" \/>\n<meta property=\"og:title\" content=\"Contrapuntal Painting Study (12\/25)\" \/>\n<meta property=\"og:description\" content=\"Contrapuntal Painting Study (12\/25) par James Lumsden - achetez en ligne cette \u0153uvre d\u2019art originale avec son certificat d\u2019authenticit\u00e9 et b\u00e9n\u00e9ficiez de notre service premium.\" \/>\n<meta property=\"og:url\" content=\"https:\/\/artistics.com\/fr\/oeuvre\/contrapuntal-painting-study-12-25\/\" \/>\n<meta property=\"og:site_name\" content=\"Artistics\" \/>\n<meta property=\"article:publisher\" content=\"https:\/\/www.facebook.com\/ArtisticsMag\" \/>\n<meta property=\"article:modified_time\" content=\"2025-10-20T15:30:28+00:00\" \/>\n<meta property=\"og:image\" content=\"https:\/\/artistics.com\/wp-content\/uploads\/2025\/10\/contrapuntal-painting-study-12-25-abstract-painting-by-james-lumsden.jpg\" \/>\n\t<meta property=\"og:image:width\" content=\"1497\" \/>\n\t<meta property=\"og:image:height\" content=\"2000\" \/>\n\t<meta property=\"og:image:type\" content=\"image\/jpeg\" \/>\n<meta name=\"twitter:card\" content=\"summary_large_image\" \/>\n<meta name=\"twitter:site\" content=\"@Artistics_FR\" \/>\n<meta name=\"twitter:label1\" content=\"Prix\" \/>\n\t<meta name=\"twitter:data1\" content=\"900&nbsp;&euro;\" \/>\n\t<meta name=\"twitter:label2\" content=\"Disponibilit\u00e9\" \/>\n\t<meta name=\"twitter:data2\" content=\"En stock\" \/>\n<script type=\"application\/ld+json\" class=\"yoast-schema-graph\">{\"@context\":\"https:\\\/\\\/schema.org\",\"@graph\":[{\"@type\":[\"WebPage\",\"ItemPage\"],\"@id\":\"https:\\\/\\\/artistics.com\\\/fr\\\/oeuvre\\\/contrapuntal-painting-study-12-25\\\/\",\"url\":\"https:\\\/\\\/artistics.com\\\/fr\\\/oeuvre\\\/contrapuntal-painting-study-12-25\\\/\",\"name\":\"Contrapuntal Painting Study (12\\\/25) par James Lumsden - Peinture contemporaine | Artistics\",\"isPartOf\":{\"@id\":\"https:\\\/\\\/artistics.com\\\/fr\\\/#website\"},\"primaryImageOfPage\":{\"@id\":\"https:\\\/\\\/artistics.com\\\/fr\\\/oeuvre\\\/contrapuntal-painting-study-12-25\\\/#primaryimage\"},\"image\":{\"@id\":\"https:\\\/\\\/artistics.com\\\/fr\\\/oeuvre\\\/contrapuntal-painting-study-12-25\\\/#primaryimage\"},\"thumbnailUrl\":\"https:\\\/\\\/artistics.com\\\/wp-content\\\/uploads\\\/2025\\\/10\\\/contrapuntal-painting-study-12-25-abstract-painting-by-james-lumsden.jpg\",\"datePublished\":\"2025-10-09T14:35:09+00:00\",\"dateModified\":\"2025-10-20T15:30:28+00:00\",\"description\":\"Contrapuntal Painting Study (12\\\/25) par James Lumsden - achetez en ligne cette \u0153uvre d\u2019art originale avec son certificat d\u2019authenticit\u00e9 et b\u00e9n\u00e9ficiez de notre service premium.\",\"breadcrumb\":{\"@id\":\"https:\\\/\\\/artistics.com\\\/fr\\\/oeuvre\\\/contrapuntal-painting-study-12-25\\\/#breadcrumb\"},\"inLanguage\":\"fr-FR\",\"potentialAction\":[{\"@type\":\"ReadAction\",\"target\":[\"https:\\\/\\\/artistics.com\\\/fr\\\/oeuvre\\\/contrapuntal-painting-study-12-25\\\/\"]}]},{\"@type\":\"ImageObject\",\"inLanguage\":\"fr-FR\",\"@id\":\"https:\\\/\\\/artistics.com\\\/fr\\\/oeuvre\\\/contrapuntal-painting-study-12-25\\\/#primaryimage\",\"url\":\"https:\\\/\\\/artistics.com\\\/wp-content\\\/uploads\\\/2025\\\/10\\\/contrapuntal-painting-study-12-25-abstract-painting-by-james-lumsden.jpg\",\"contentUrl\":\"https:\\\/\\\/artistics.com\\\/wp-content\\\/uploads\\\/2025\\\/10\\\/contrapuntal-painting-study-12-25-abstract-painting-by-james-lumsden.jpg\",\"width\":1497,\"height\":2000},{\"@type\":\"BreadcrumbList\",\"@id\":\"https:\\\/\\\/artistics.com\\\/fr\\\/oeuvre\\\/contrapuntal-painting-study-12-25\\\/#breadcrumb\",\"itemListElement\":[{\"@type\":\"ListItem\",\"position\":1,\"name\":\"Achat \u0153uvre d'art\",\"item\":\"https:\\\/\\\/artistics.com\\\/fr\\\/\"},{\"@type\":\"ListItem\",\"position\":2,\"name\":\"Galerie\",\"item\":\"https:\\\/\\\/artistics.com\\\/fr\\\/galerie\\\/\"},{\"@type\":\"ListItem\",\"position\":3,\"name\":\"Peinture contemporaine\",\"item\":\"https:\\\/\\\/artistics.com\\\/fr\\\/categorie-oeuvre\\\/peinture-contemporaine\\\/\"},{\"@type\":\"ListItem\",\"position\":4,\"name\":\"Contrapuntal Painting Study (12\\\/25)\"}]},{\"@type\":\"WebSite\",\"@id\":\"https:\\\/\\\/artistics.com\\\/fr\\\/#website\",\"url\":\"https:\\\/\\\/artistics.com\\\/fr\\\/\",\"name\":\"Artistics\",\"description\":\"The online art gallery\",\"publisher\":{\"@id\":\"https:\\\/\\\/artistics.com\\\/fr\\\/#organization\"},\"potentialAction\":[{\"@type\":\"SearchAction\",\"target\":{\"@type\":\"EntryPoint\",\"urlTemplate\":\"https:\\\/\\\/artistics.com\\\/fr\\\/?s={search_term_string}\"},\"query-input\":{\"@type\":\"PropertyValueSpecification\",\"valueRequired\":true,\"valueName\":\"search_term_string\"}}],\"inLanguage\":\"fr-FR\"},{\"@type\":\"Organization\",\"@id\":\"https:\\\/\\\/artistics.com\\\/fr\\\/#organization\",\"name\":\"Artistics\",\"url\":\"https:\\\/\\\/artistics.com\\\/fr\\\/\",\"logo\":{\"@type\":\"ImageObject\",\"inLanguage\":\"fr-FR\",\"@id\":\"https:\\\/\\\/artistics.com\\\/fr\\\/#\\\/schema\\\/logo\\\/image\\\/\",\"url\":\"https:\\\/\\\/artistics.com\\\/wp-content\\\/uploads\\\/2023\\\/02\\\/artistics-logo-web-1.svg\",\"contentUrl\":\"https:\\\/\\\/artistics.com\\\/wp-content\\\/uploads\\\/2023\\\/02\\\/artistics-logo-web-1.svg\",\"caption\":\"Artistics\"},\"image\":{\"@id\":\"https:\\\/\\\/artistics.com\\\/fr\\\/#\\\/schema\\\/logo\\\/image\\\/\"},\"sameAs\":[\"https:\\\/\\\/www.facebook.com\\\/ArtisticsMag\",\"https:\\\/\\\/x.com\\\/Artistics_FR\",\"http:\\\/\\\/www.linkedin.com\\\/company\\\/artistics\",\"https:\\\/\\\/www.instagram.com\\\/artistics_com\\\/\",\"http:\\\/\\\/www.pinterest.com\\\/ArtisticsMag\"],\"hasMerchantReturnPolicy\":{\"@type\":\"MerchantReturnPolicy\",\"merchantReturnLink\":\"https:\\\/\\\/artistics.com\\\/free-return-policy\\\/\"}}]}<\/script>\n<meta property=\"product:price:amount\" content=\"900\" \/>\n<meta property=\"product:price:currency\" content=\"EUR\" \/>\n<meta property=\"og:availability\" content=\"instock\" \/>\n<meta property=\"product:availability\" content=\"instock\" \/>\n<meta property=\"product:condition\" content=\"new\" \/>\n<!-- \/ Yoast SEO Premium plugin. -->","yoast_head_json":{"title":"Contrapuntal Painting Study (12\/25) par James Lumsden - Peinture contemporaine | Artistics","description":"Contrapuntal Painting Study (12\/25) par James Lumsden - achetez en ligne cette \u0153uvre d\u2019art originale avec son certificat d\u2019authenticit\u00e9 et b\u00e9n\u00e9ficiez de notre service premium.","robots":{"index":"index","follow":"follow","max-snippet":"max-snippet:-1","max-image-preview":"max-image-preview:large","max-video-preview":"max-video-preview:-1"},"canonical":"https:\/\/artistics.com\/fr\/oeuvre\/contrapuntal-painting-study-12-25\/","og_locale":"fr_FR","og_type":"article","og_title":"Contrapuntal Painting Study (12\/25)","og_description":"Contrapuntal Painting Study (12\/25) par James Lumsden - achetez en ligne cette \u0153uvre d\u2019art originale avec son certificat d\u2019authenticit\u00e9 et b\u00e9n\u00e9ficiez de notre service premium.","og_url":"https:\/\/artistics.com\/fr\/oeuvre\/contrapuntal-painting-study-12-25\/","og_site_name":"Artistics","article_publisher":"https:\/\/www.facebook.com\/ArtisticsMag","article_modified_time":"2025-10-20T15:30:28+00:00","og_image":[{"width":1497,"height":2000,"url":"https:\/\/artistics.com\/wp-content\/uploads\/2025\/10\/contrapuntal-painting-study-12-25-abstract-painting-by-james-lumsden.jpg","type":"image\/jpeg"}],"twitter_card":"summary_large_image","twitter_site":"@Artistics_FR","twitter_misc":{"Prix":"900&nbsp;&euro;","Disponibilit\u00e9":"En stock"},"schema":{"@context":"https:\/\/schema.org","@graph":[{"@type":["WebPage","ItemPage"],"@id":"https:\/\/artistics.com\/fr\/oeuvre\/contrapuntal-painting-study-12-25\/","url":"https:\/\/artistics.com\/fr\/oeuvre\/contrapuntal-painting-study-12-25\/","name":"Contrapuntal Painting Study (12\/25) par James Lumsden - Peinture contemporaine | Artistics","isPartOf":{"@id":"https:\/\/artistics.com\/fr\/#website"},"primaryImageOfPage":{"@id":"https:\/\/artistics.com\/fr\/oeuvre\/contrapuntal-painting-study-12-25\/#primaryimage"},"image":{"@id":"https:\/\/artistics.com\/fr\/oeuvre\/contrapuntal-painting-study-12-25\/#primaryimage"},"thumbnailUrl":"https:\/\/artistics.com\/wp-content\/uploads\/2025\/10\/contrapuntal-painting-study-12-25-abstract-painting-by-james-lumsden.jpg","datePublished":"2025-10-09T14:35:09+00:00","dateModified":"2025-10-20T15:30:28+00:00","description":"Contrapuntal Painting Study (12\/25) par James Lumsden - achetez en ligne cette \u0153uvre d\u2019art originale avec son certificat d\u2019authenticit\u00e9 et b\u00e9n\u00e9ficiez de notre service premium.","breadcrumb":{"@id":"https:\/\/artistics.com\/fr\/oeuvre\/contrapuntal-painting-study-12-25\/#breadcrumb"},"inLanguage":"fr-FR","potentialAction":[{"@type":"ReadAction","target":["https:\/\/artistics.com\/fr\/oeuvre\/contrapuntal-painting-study-12-25\/"]}]},{"@type":"ImageObject","inLanguage":"fr-FR","@id":"https:\/\/artistics.com\/fr\/oeuvre\/contrapuntal-painting-study-12-25\/#primaryimage","url":"https:\/\/artistics.com\/wp-content\/uploads\/2025\/10\/contrapuntal-painting-study-12-25-abstract-painting-by-james-lumsden.jpg","contentUrl":"https:\/\/artistics.com\/wp-content\/uploads\/2025\/10\/contrapuntal-painting-study-12-25-abstract-painting-by-james-lumsden.jpg","width":1497,"height":2000},{"@type":"BreadcrumbList","@id":"https:\/\/artistics.com\/fr\/oeuvre\/contrapuntal-painting-study-12-25\/#breadcrumb","itemListElement":[{"@type":"ListItem","position":1,"name":"Achat \u0153uvre d'art","item":"https:\/\/artistics.com\/fr\/"},{"@type":"ListItem","position":2,"name":"Galerie","item":"https:\/\/artistics.com\/fr\/galerie\/"},{"@type":"ListItem","position":3,"name":"Peinture contemporaine","item":"https:\/\/artistics.com\/fr\/categorie-oeuvre\/peinture-contemporaine\/"},{"@type":"ListItem","position":4,"name":"Contrapuntal Painting Study (12\/25)"}]},{"@type":"WebSite","@id":"https:\/\/artistics.com\/fr\/#website","url":"https:\/\/artistics.com\/fr\/","name":"Artistics","description":"The online art gallery","publisher":{"@id":"https:\/\/artistics.com\/fr\/#organization"},"potentialAction":[{"@type":"SearchAction","target":{"@type":"EntryPoint","urlTemplate":"https:\/\/artistics.com\/fr\/?s={search_term_string}"},"query-input":{"@type":"PropertyValueSpecification","valueRequired":true,"valueName":"search_term_string"}}],"inLanguage":"fr-FR"},{"@type":"Organization","@id":"https:\/\/artistics.com\/fr\/#organization","name":"Artistics","url":"https:\/\/artistics.com\/fr\/","logo":{"@type":"ImageObject","inLanguage":"fr-FR","@id":"https:\/\/artistics.com\/fr\/#\/schema\/logo\/image\/","url":"https:\/\/artistics.com\/wp-content\/uploads\/2023\/02\/artistics-logo-web-1.svg","contentUrl":"https:\/\/artistics.com\/wp-content\/uploads\/2023\/02\/artistics-logo-web-1.svg","caption":"Artistics"},"image":{"@id":"https:\/\/artistics.com\/fr\/#\/schema\/logo\/image\/"},"sameAs":["https:\/\/www.facebook.com\/ArtisticsMag","https:\/\/x.com\/Artistics_FR","http:\/\/www.linkedin.com\/company\/artistics","https:\/\/www.instagram.com\/artistics_com\/","http:\/\/www.pinterest.com\/ArtisticsMag"],"hasMerchantReturnPolicy":{"@type":"MerchantReturnPolicy","merchantReturnLink":"https:\/\/artistics.com\/free-return-policy\/"}}]},"product_price_amount":"900","product_price_currency":"EUR","og_availability":"instock","product_availability":"instock","product_condition":"new"},"_links":{"self":[{"href":"https:\/\/artistics.com\/fr\/wp-json\/wp\/v2\/product\/90937","targetHints":{"allow":["GET"]}}],"collection":[{"href":"https:\/\/artistics.com\/fr\/wp-json\/wp\/v2\/product"}],"about":[{"href":"https:\/\/artistics.com\/fr\/wp-json\/wp\/v2\/types\/product"}],"acf:term":[{"embeddable":true,"taxonomy":"series","href":"https:\/\/artistics.com\/fr\/wp-json\/wp\/v2\/series\/2195"},{"embeddable":true,"taxonomy":"product_tag","href":"https:\/\/artistics.com\/fr\/wp-json\/wp\/v2\/product_tag\/572"},{"embeddable":true,"taxonomy":"product_tag","href":"https:\/\/artistics.com\/fr\/wp-json\/wp\/v2\/product_tag\/570"},{"embeddable":true,"taxonomy":"product_tag","href":"https:\/\/artistics.com\/fr\/wp-json\/wp\/v2\/product_tag\/2492"},{"embeddable":true,"taxonomy":"product_cat","href":"https:\/\/artistics.com\/fr\/wp-json\/wp\/v2\/product_cat\/237"},{"embeddable":true,"taxonomy":"product_cat","href":"https:\/\/artistics.com\/fr\/wp-json\/wp\/v2\/product_cat\/217"},{"embeddable":true,"taxonomy":"product_cat","href":"https:\/\/artistics.com\/fr\/wp-json\/wp\/v2\/product_cat\/189"},{"embeddable":true,"taxonomy":"product_cat","href":"https:\/\/artistics.com\/fr\/wp-json\/wp\/v2\/product_cat\/174"},{"embeddable":true,"taxonomy":"product_cat","href":"https:\/\/artistics.com\/fr\/wp-json\/wp\/v2\/product_cat\/169"},{"embeddable":true,"taxonomy":"product_cat","href":"https:\/\/artistics.com\/fr\/wp-json\/wp\/v2\/product_cat\/162"}],"acf:post":[{"embeddable":true,"href":"https:\/\/artistics.com\/fr\/wp-json\/wp\/v2\/artist\/41457"}],"wp:featuredmedia":[{"embeddable":true,"href":"https:\/\/artistics.com\/fr\/wp-json\/wp\/v2\/media\/90853"}],"wp:attachment":[{"href":"https:\/\/artistics.com\/fr\/wp-json\/wp\/v2\/media?parent=90937"}],"wp:term":[{"taxonomy":"product_cat","embeddable":true,"href":"https:\/\/artistics.com\/fr\/wp-json\/wp\/v2\/product_cat?post=90937"},{"taxonomy":"product_tag","embeddable":true,"href":"https:\/\/artistics.com\/fr\/wp-json\/wp\/v2\/product_tag?post=90937"},{"taxonomy":"series","embeddable":true,"href":"https:\/\/artistics.com\/fr\/wp-json\/wp\/v2\/series?post=90937"}],"curies":[{"name":"wp","href":"https:\/\/api.w.org\/{rel}","templated":true}]}}