{"id":90175,"date":"2025-10-01T18:44:36","date_gmt":"2025-10-01T16:44:36","guid":{"rendered":"https:\/\/artistics.com\/?post_type=product&#038;p=90175"},"modified":"2025-10-02T17:53:53","modified_gmt":"2025-10-02T15:53:53","slug":"valdes","status":"publish","type":"product","link":"https:\/\/artistics.com\/fr\/oeuvre\/valdes\/","title":{"rendered":"Valdes"},"content":{"rendered":"","protected":false},"excerpt":{"rendered":"","protected":false},"featured_media":90349,"template":"","meta":{"_acf_changed":false,"_searchwp_excluded":"","inline_featured_image":false},"product_cat":[152,25,157,164,158,190,192,205,119,208,209,216,122,123,236,233],"product_tag":[526,567,567,526],"series":[1948],"class_list":{"0":"post-90175","1":"product","2":"type-product","3":"status-publish","4":"has-post-thumbnail","6":"product_cat-figurative-sculpture","7":"product_cat-contemporary-sculpture","8":"product_cat-bronze-sculpture","9":"product_cat-sculpture-contemporaine","10":"product_cat-animal-sculpture","11":"product_cat-animal","12":"product_cat-art-figuratif","13":"product_cat-sculpture-animaliere","14":"product_cat-medium","15":"product_cat-sculpture-en-bronze","16":"product_cat-sculpture-figurative","17":"product_cat-moyen","18":"product_cat-figurative-art","20":"product_cat-de-3000-a-10-000-e","21":"product_cat-from-3000-to-10000","22":"product_tag-oiseau","23":"product_tag-noir","26":"series-marie-louise-sorbac-absolues-fr","28":"first","29":"instock","30":"taxable","31":"shipping-taxable","32":"purchasable","33":"product-type-simple"},"acf":{"artwork_artist":[2782],"artwork_medium":164,"artwork_categories":[208,205,209],"artwork_overall-tones":[],"artwork_main-material":[],"artwork_art-genre":[],"artwork_art-movement":[192],"artwork_miscellaneous":[190],"artwork_formats":[216],"artwork_price-ranges":[236],"artwork_main_subject":[526],"artwork_technique":[],"artwork_featured_location":[],"artwork_dominant_color":[567],"artwork_physical_attributes":[],"artwork_creation_date":"20250101","artwork_unique_piece":false,"artwork_description":"Sculpture en bronze patin\u00e9","artwork_signature":"\u0152uvre sign\u00e9e","artwork_authenticity":"L\u2019\u0153uvre est vendue avec un certificat d\u2019authenticit\u00e9 sign\u00e9 par l\u2019artiste.","artwork_framing":"not_specified","artwork_has_custom_framing_info":false,"artwork_custom_framing_info":"Not specified","artwork_location_country":"FR","artwork_location_city":"Boulogne Billancourt","artwork_location_zipcode":"92100","artwork_shipment_type":"3D_artwork","artwork_shipping_delivery":"sculpture_edition_production_time","artwork_has_custom_shipping_delivery_info":false,"artwork_custom_shipping_delivery_info":"Not specified","artwork_360_view_url":"","artwork_video_url":"","artwork_video_format":[],"artwork_preview_type":"featured_image","artwork_reserved":false,"artwork_hide_price":false,"artwork_about":"<strong><em>Valdes<\/em>\u00a0<\/strong>est une sculpture en bronze r\u00e9alis\u00e9e par l\u2019artiste Marie Louise Sorbac. Cette \u0153uvre particuli\u00e8re saisit l\u2019essence de la vari\u00e9t\u00e9 des manchots de l\u2019h\u00e9misph\u00e8re sud, en particulier celle des manchots de Patagonie. La pi\u00e8ce constitue un ajout pr\u00e9cieux \u00e0 la collection de bronzes animaliers de la sculptrice, qui c\u00e9l\u00e8bre dans son ensemble la beaut\u00e9 de la nature et du r\u00e8gne animal \u00e0 travers un langage sculptural \u00e0 la fois audacieux et raffin\u00e9.\r\n<p data-start=\"502\" data-end=\"765\">La sculpture met en valeur la silhouette classique du manchot : la t\u00eate et le dos, tr\u00e8s polis et presque noirs, contrastent magnifiquement avec le bronze patin\u00e9 gris bleut\u00e9 et subtil de son ventre, cr\u00e9ant une repr\u00e9sentation \u00e0 la fois naturaliste et stylis\u00e9e.<\/p>\r\n<p data-start=\"767\" data-end=\"1124\" data-is-last-node=\"\" data-is-only-node=\"\">Le d\u00e9vouement de Sorbac \u00e0 son art lui a valu une reconnaissance notable, notamment le prix Fran\u00e7ois Pompon en 2015 pour ses sculptures <em data-start=\"904\" data-end=\"912\">Paloma<\/em> et <em data-start=\"916\" data-end=\"925\">Prosper<\/em>. De plus, son \u0153uvre <em data-start=\"946\" data-end=\"957\">Patagonia<\/em> a remport\u00e9 la M\u00e9daille d\u2019argent au Salon des Beaux-Arts en d\u00e9cembre 2019, soulignant ainsi sa ma\u00eetrise dans la repr\u00e9sentation des cr\u00e9atures majestueuses du monde.<\/p>","artwork_series":[1948],"artwork_query_group":"20","artwork_lowest_grid_position":1,"artwork_random_position":8973558,"explicit_sensitive_content":false,"drupal_id":"4111"},"yoast_head":"<!-- This site is optimized with the Yoast SEO Premium plugin v27.3 (Yoast SEO v27.3) - https:\/\/yoast.com\/product\/yoast-seo-premium-wordpress\/ -->\n<title>Artistics | Valdes par Marie Louise Sorbac - Sculpture contemporaine<\/title>\n<meta name=\"description\" content=\"Valdes par Marie Louise Sorbac - achat d&#039;\u0153uvres d&#039;art contemporain originales sur la galerie d&#039;art en ligne Artistic\" \/>\n<meta name=\"robots\" content=\"index, follow, max-snippet:-1, max-image-preview:large, max-video-preview:-1\" \/>\n<link rel=\"canonical\" href=\"https:\/\/artistics.com\/fr\/oeuvre\/valdes\/\" \/>\n<meta property=\"og:locale\" content=\"fr_FR\" \/>\n<meta property=\"og:type\" content=\"article\" \/>\n<meta property=\"og:title\" content=\"Valdes\" \/>\n<meta property=\"og:description\" content=\"Valdes par Marie Louise Sorbac - achat d&#039;\u0153uvres d&#039;art contemporain originales sur la galerie d&#039;art en ligne Artistic\" \/>\n<meta property=\"og:url\" content=\"https:\/\/artistics.com\/fr\/oeuvre\/valdes\/\" \/>\n<meta property=\"og:site_name\" content=\"Artistics\" \/>\n<meta property=\"article:publisher\" content=\"https:\/\/www.facebook.com\/ArtisticsMag\" \/>\n<meta property=\"article:modified_time\" content=\"2025-10-02T15:53:53+00:00\" \/>\n<meta property=\"og:image\" content=\"https:\/\/artistics.com\/wp-content\/uploads\/2025\/10\/valdes-bronze-animal-sculpture-by-marie-louise-sorbac-1.jpg\" \/>\n\t<meta property=\"og:image:width\" content=\"1745\" \/>\n\t<meta property=\"og:image:height\" content=\"2000\" \/>\n\t<meta property=\"og:image:type\" content=\"image\/jpeg\" \/>\n<meta name=\"twitter:card\" content=\"summary_large_image\" \/>\n<meta name=\"twitter:site\" content=\"@Artistics_FR\" \/>\n<meta name=\"twitter:label1\" content=\"Prix\" \/>\n\t<meta name=\"twitter:data1\" content=\"10 300&nbsp;&euro;\" \/>\n\t<meta name=\"twitter:label2\" content=\"Disponibilit\u00e9\" \/>\n\t<meta name=\"twitter:data2\" content=\"En stock\" \/>\n<script type=\"application\/ld+json\" class=\"yoast-schema-graph\">{\"@context\":\"https:\\\/\\\/schema.org\",\"@graph\":[{\"@type\":[\"WebPage\",\"ItemPage\"],\"@id\":\"https:\\\/\\\/artistics.com\\\/fr\\\/oeuvre\\\/valdes\\\/\",\"url\":\"https:\\\/\\\/artistics.com\\\/fr\\\/oeuvre\\\/valdes\\\/\",\"name\":\"Artistics | Valdes par Marie Louise Sorbac - Sculpture contemporaine\",\"isPartOf\":{\"@id\":\"https:\\\/\\\/artistics.com\\\/fr\\\/#website\"},\"primaryImageOfPage\":{\"@id\":\"https:\\\/\\\/artistics.com\\\/fr\\\/oeuvre\\\/valdes\\\/#primaryimage\"},\"image\":{\"@id\":\"https:\\\/\\\/artistics.com\\\/fr\\\/oeuvre\\\/valdes\\\/#primaryimage\"},\"thumbnailUrl\":\"https:\\\/\\\/artistics.com\\\/wp-content\\\/uploads\\\/2025\\\/10\\\/valdes-bronze-animal-sculpture-by-marie-louise-sorbac-3-2.jpg\",\"datePublished\":\"2025-10-01T16:44:36+00:00\",\"dateModified\":\"2025-10-02T15:53:53+00:00\",\"description\":\"Valdes par Marie Louise Sorbac - achat d'\u0153uvres d'art contemporain originales sur la galerie d'art en ligne Artistic\",\"breadcrumb\":{\"@id\":\"https:\\\/\\\/artistics.com\\\/fr\\\/oeuvre\\\/valdes\\\/#breadcrumb\"},\"inLanguage\":\"fr-FR\",\"potentialAction\":[{\"@type\":\"ReadAction\",\"target\":[\"https:\\\/\\\/artistics.com\\\/fr\\\/oeuvre\\\/valdes\\\/\"]}]},{\"@type\":\"ImageObject\",\"inLanguage\":\"fr-FR\",\"@id\":\"https:\\\/\\\/artistics.com\\\/fr\\\/oeuvre\\\/valdes\\\/#primaryimage\",\"url\":\"https:\\\/\\\/artistics.com\\\/wp-content\\\/uploads\\\/2025\\\/10\\\/valdes-bronze-animal-sculpture-by-marie-louise-sorbac-3-2.jpg\",\"contentUrl\":\"https:\\\/\\\/artistics.com\\\/wp-content\\\/uploads\\\/2025\\\/10\\\/valdes-bronze-animal-sculpture-by-marie-louise-sorbac-3-2.jpg\",\"width\":1686,\"height\":2500},{\"@type\":\"BreadcrumbList\",\"@id\":\"https:\\\/\\\/artistics.com\\\/fr\\\/oeuvre\\\/valdes\\\/#breadcrumb\",\"itemListElement\":[{\"@type\":\"ListItem\",\"position\":1,\"name\":\"Achat \u0153uvre d'art\",\"item\":\"https:\\\/\\\/artistics.com\\\/fr\\\/\"},{\"@type\":\"ListItem\",\"position\":2,\"name\":\"Galerie\",\"item\":\"https:\\\/\\\/artistics.com\\\/fr\\\/galerie\\\/\"},{\"@type\":\"ListItem\",\"position\":3,\"name\":\"Sculpture contemporaine\",\"item\":\"https:\\\/\\\/artistics.com\\\/fr\\\/categorie-oeuvre\\\/sculpture-contemporaine\\\/\"},{\"@type\":\"ListItem\",\"position\":4,\"name\":\"Valdes\"}]},{\"@type\":\"WebSite\",\"@id\":\"https:\\\/\\\/artistics.com\\\/fr\\\/#website\",\"url\":\"https:\\\/\\\/artistics.com\\\/fr\\\/\",\"name\":\"Artistics\",\"description\":\"The online art gallery\",\"publisher\":{\"@id\":\"https:\\\/\\\/artistics.com\\\/fr\\\/#organization\"},\"potentialAction\":[{\"@type\":\"SearchAction\",\"target\":{\"@type\":\"EntryPoint\",\"urlTemplate\":\"https:\\\/\\\/artistics.com\\\/fr\\\/?s={search_term_string}\"},\"query-input\":{\"@type\":\"PropertyValueSpecification\",\"valueRequired\":true,\"valueName\":\"search_term_string\"}}],\"inLanguage\":\"fr-FR\"},{\"@type\":\"Organization\",\"@id\":\"https:\\\/\\\/artistics.com\\\/fr\\\/#organization\",\"name\":\"Artistics\",\"url\":\"https:\\\/\\\/artistics.com\\\/fr\\\/\",\"logo\":{\"@type\":\"ImageObject\",\"inLanguage\":\"fr-FR\",\"@id\":\"https:\\\/\\\/artistics.com\\\/fr\\\/#\\\/schema\\\/logo\\\/image\\\/\",\"url\":\"https:\\\/\\\/artistics.com\\\/wp-content\\\/uploads\\\/2023\\\/02\\\/artistics-logo-web-1.svg\",\"contentUrl\":\"https:\\\/\\\/artistics.com\\\/wp-content\\\/uploads\\\/2023\\\/02\\\/artistics-logo-web-1.svg\",\"caption\":\"Artistics\"},\"image\":{\"@id\":\"https:\\\/\\\/artistics.com\\\/fr\\\/#\\\/schema\\\/logo\\\/image\\\/\"},\"sameAs\":[\"https:\\\/\\\/www.facebook.com\\\/ArtisticsMag\",\"https:\\\/\\\/x.com\\\/Artistics_FR\",\"http:\\\/\\\/www.linkedin.com\\\/company\\\/artistics\",\"https:\\\/\\\/www.instagram.com\\\/artistics_com\\\/\",\"http:\\\/\\\/www.pinterest.com\\\/ArtisticsMag\"],\"hasMerchantReturnPolicy\":{\"@type\":\"MerchantReturnPolicy\",\"merchantReturnLink\":\"https:\\\/\\\/artistics.com\\\/free-return-policy\\\/\"}}]}<\/script>\n<meta property=\"product:price:amount\" content=\"10300\" \/>\n<meta property=\"product:price:currency\" content=\"EUR\" \/>\n<meta property=\"og:availability\" content=\"instock\" \/>\n<meta property=\"product:availability\" content=\"instock\" \/>\n<meta property=\"product:retailer_item_id\" content=\"4121-1\" \/>\n<meta property=\"product:condition\" content=\"new\" \/>\n<!-- \/ Yoast SEO Premium plugin. -->","yoast_head_json":{"title":"Artistics | Valdes par Marie Louise Sorbac - Sculpture contemporaine","description":"Valdes par Marie Louise Sorbac - achat d'\u0153uvres d'art contemporain originales sur la galerie d'art en ligne Artistic","robots":{"index":"index","follow":"follow","max-snippet":"max-snippet:-1","max-image-preview":"max-image-preview:large","max-video-preview":"max-video-preview:-1"},"canonical":"https:\/\/artistics.com\/fr\/oeuvre\/valdes\/","og_locale":"fr_FR","og_type":"article","og_title":"Valdes","og_description":"Valdes par Marie Louise Sorbac - achat d'\u0153uvres d'art contemporain originales sur la galerie d'art en ligne Artistic","og_url":"https:\/\/artistics.com\/fr\/oeuvre\/valdes\/","og_site_name":"Artistics","article_publisher":"https:\/\/www.facebook.com\/ArtisticsMag","article_modified_time":"2025-10-02T15:53:53+00:00","og_image":[{"width":1745,"height":2000,"url":"https:\/\/artistics.com\/wp-content\/uploads\/2025\/10\/valdes-bronze-animal-sculpture-by-marie-louise-sorbac-1.jpg","type":"image\/jpeg"}],"twitter_card":"summary_large_image","twitter_site":"@Artistics_FR","twitter_misc":{"Prix":"10 300&nbsp;&euro;","Disponibilit\u00e9":"En stock"},"schema":{"@context":"https:\/\/schema.org","@graph":[{"@type":["WebPage","ItemPage"],"@id":"https:\/\/artistics.com\/fr\/oeuvre\/valdes\/","url":"https:\/\/artistics.com\/fr\/oeuvre\/valdes\/","name":"Artistics | Valdes par Marie Louise Sorbac - Sculpture contemporaine","isPartOf":{"@id":"https:\/\/artistics.com\/fr\/#website"},"primaryImageOfPage":{"@id":"https:\/\/artistics.com\/fr\/oeuvre\/valdes\/#primaryimage"},"image":{"@id":"https:\/\/artistics.com\/fr\/oeuvre\/valdes\/#primaryimage"},"thumbnailUrl":"https:\/\/artistics.com\/wp-content\/uploads\/2025\/10\/valdes-bronze-animal-sculpture-by-marie-louise-sorbac-3-2.jpg","datePublished":"2025-10-01T16:44:36+00:00","dateModified":"2025-10-02T15:53:53+00:00","description":"Valdes par Marie Louise Sorbac - achat d'\u0153uvres d'art contemporain originales sur la galerie d'art en ligne Artistic","breadcrumb":{"@id":"https:\/\/artistics.com\/fr\/oeuvre\/valdes\/#breadcrumb"},"inLanguage":"fr-FR","potentialAction":[{"@type":"ReadAction","target":["https:\/\/artistics.com\/fr\/oeuvre\/valdes\/"]}]},{"@type":"ImageObject","inLanguage":"fr-FR","@id":"https:\/\/artistics.com\/fr\/oeuvre\/valdes\/#primaryimage","url":"https:\/\/artistics.com\/wp-content\/uploads\/2025\/10\/valdes-bronze-animal-sculpture-by-marie-louise-sorbac-3-2.jpg","contentUrl":"https:\/\/artistics.com\/wp-content\/uploads\/2025\/10\/valdes-bronze-animal-sculpture-by-marie-louise-sorbac-3-2.jpg","width":1686,"height":2500},{"@type":"BreadcrumbList","@id":"https:\/\/artistics.com\/fr\/oeuvre\/valdes\/#breadcrumb","itemListElement":[{"@type":"ListItem","position":1,"name":"Achat \u0153uvre d'art","item":"https:\/\/artistics.com\/fr\/"},{"@type":"ListItem","position":2,"name":"Galerie","item":"https:\/\/artistics.com\/fr\/galerie\/"},{"@type":"ListItem","position":3,"name":"Sculpture contemporaine","item":"https:\/\/artistics.com\/fr\/categorie-oeuvre\/sculpture-contemporaine\/"},{"@type":"ListItem","position":4,"name":"Valdes"}]},{"@type":"WebSite","@id":"https:\/\/artistics.com\/fr\/#website","url":"https:\/\/artistics.com\/fr\/","name":"Artistics","description":"The online art gallery","publisher":{"@id":"https:\/\/artistics.com\/fr\/#organization"},"potentialAction":[{"@type":"SearchAction","target":{"@type":"EntryPoint","urlTemplate":"https:\/\/artistics.com\/fr\/?s={search_term_string}"},"query-input":{"@type":"PropertyValueSpecification","valueRequired":true,"valueName":"search_term_string"}}],"inLanguage":"fr-FR"},{"@type":"Organization","@id":"https:\/\/artistics.com\/fr\/#organization","name":"Artistics","url":"https:\/\/artistics.com\/fr\/","logo":{"@type":"ImageObject","inLanguage":"fr-FR","@id":"https:\/\/artistics.com\/fr\/#\/schema\/logo\/image\/","url":"https:\/\/artistics.com\/wp-content\/uploads\/2023\/02\/artistics-logo-web-1.svg","contentUrl":"https:\/\/artistics.com\/wp-content\/uploads\/2023\/02\/artistics-logo-web-1.svg","caption":"Artistics"},"image":{"@id":"https:\/\/artistics.com\/fr\/#\/schema\/logo\/image\/"},"sameAs":["https:\/\/www.facebook.com\/ArtisticsMag","https:\/\/x.com\/Artistics_FR","http:\/\/www.linkedin.com\/company\/artistics","https:\/\/www.instagram.com\/artistics_com\/","http:\/\/www.pinterest.com\/ArtisticsMag"],"hasMerchantReturnPolicy":{"@type":"MerchantReturnPolicy","merchantReturnLink":"https:\/\/artistics.com\/free-return-policy\/"}}]},"product_price_amount":"10300","product_price_currency":"EUR","og_availability":"instock","product_availability":"instock","product_retailer_item_id":"4121-1","product_condition":"new"},"_links":{"self":[{"href":"https:\/\/artistics.com\/fr\/wp-json\/wp\/v2\/product\/90175","targetHints":{"allow":["GET"]}}],"collection":[{"href":"https:\/\/artistics.com\/fr\/wp-json\/wp\/v2\/product"}],"about":[{"href":"https:\/\/artistics.com\/fr\/wp-json\/wp\/v2\/types\/product"}],"acf:term":[{"embeddable":true,"taxonomy":"series","href":"https:\/\/artistics.com\/fr\/wp-json\/wp\/v2\/series\/1948"},{"embeddable":true,"taxonomy":"product_tag","href":"https:\/\/artistics.com\/fr\/wp-json\/wp\/v2\/product_tag\/567"},{"embeddable":true,"taxonomy":"product_tag","href":"https:\/\/artistics.com\/fr\/wp-json\/wp\/v2\/product_tag\/526"},{"embeddable":true,"taxonomy":"product_cat","href":"https:\/\/artistics.com\/fr\/wp-json\/wp\/v2\/product_cat\/236"},{"embeddable":true,"taxonomy":"product_cat","href":"https:\/\/artistics.com\/fr\/wp-json\/wp\/v2\/product_cat\/216"},{"embeddable":true,"taxonomy":"product_cat","href":"https:\/\/artistics.com\/fr\/wp-json\/wp\/v2\/product_cat\/190"},{"embeddable":true,"taxonomy":"product_cat","href":"https:\/\/artistics.com\/fr\/wp-json\/wp\/v2\/product_cat\/192"},{"embeddable":true,"taxonomy":"product_cat","href":"https:\/\/artistics.com\/fr\/wp-json\/wp\/v2\/product_cat\/209"},{"embeddable":true,"taxonomy":"product_cat","href":"https:\/\/artistics.com\/fr\/wp-json\/wp\/v2\/product_cat\/205"},{"embeddable":true,"taxonomy":"product_cat","href":"https:\/\/artistics.com\/fr\/wp-json\/wp\/v2\/product_cat\/208"},{"embeddable":true,"taxonomy":"product_cat","href":"https:\/\/artistics.com\/fr\/wp-json\/wp\/v2\/product_cat\/164"}],"acf:post":[{"embeddable":true,"href":"https:\/\/artistics.com\/fr\/wp-json\/wp\/v2\/artist\/2782"}],"wp:featuredmedia":[{"embeddable":true,"href":"https:\/\/artistics.com\/fr\/wp-json\/wp\/v2\/media\/90349"}],"wp:attachment":[{"href":"https:\/\/artistics.com\/fr\/wp-json\/wp\/v2\/media?parent=90175"}],"wp:term":[{"taxonomy":"product_cat","embeddable":true,"href":"https:\/\/artistics.com\/fr\/wp-json\/wp\/v2\/product_cat?post=90175"},{"taxonomy":"product_tag","embeddable":true,"href":"https:\/\/artistics.com\/fr\/wp-json\/wp\/v2\/product_tag?post=90175"},{"taxonomy":"series","embeddable":true,"href":"https:\/\/artistics.com\/fr\/wp-json\/wp\/v2\/series?post=90175"}],"curies":[{"name":"wp","href":"https:\/\/api.w.org\/{rel}","templated":true}]}}