{"id":89568,"date":"2025-09-25T17:03:35","date_gmt":"2025-09-25T15:03:35","guid":{"rendered":"https:\/\/artistics.com\/?post_type=product&#038;p=89568"},"modified":"2026-01-21T17:59:35","modified_gmt":"2026-01-21T16:59:35","slug":"shibari-plate-1-subcultural","status":"publish","type":"product","link":"https:\/\/artistics.com\/fr\/oeuvre\/shibari-plate-1-subcultural\/","title":{"rendered":"Shibari plate #1, Subcultural"},"content":{"rendered":"","protected":false},"excerpt":{"rendered":"","protected":false},"featured_media":89510,"template":"","meta":{"_acf_changed":false,"_searchwp_excluded":"","inline_featured_image":false},"product_cat":[428,2173,163,195,206,215,216,237],"product_tag":[513],"series":[2542],"class_list":{"0":"post-89568","1":"product","2":"type-product","3":"status-publish","4":"has-post-thumbnail","6":"product_cat-couleurs-neutres","7":"product_cat-mise-en-scene-photographique","8":"product_cat-photographie-contemporaine","9":"product_cat-nu-artistique","10":"product_cat-photographie-de-nu","11":"product_cat-grand","12":"product_cat-moyen","13":"product_cat-moins-de-1000-e","14":"product_tag-femme","15":"series-christian-houge-subcultural-series-fr","17":"first","18":"instock","19":"shipping-taxable","20":"purchasable","21":"product-type-variable","22":"has-default-attributes"},"acf":{"artwork_artist":[2763],"artwork_medium":163,"artwork_categories":[206,2173],"artwork_overall-tones":[428],"artwork_main-material":[],"artwork_art-genre":[195],"artwork_art-movement":[],"artwork_miscellaneous":[],"artwork_formats":[216,216,215],"artwork_price-ranges":[237],"artwork_main_subject":[513],"artwork_technique":[],"artwork_featured_location":[],"artwork_dominant_color":[],"artwork_physical_attributes":[],"artwork_creation_date":"20250101","artwork_unique_piece":false,"artwork_description":"Impression pigmentaire Archival sur papier coton Canson contrecoll\u00e9e sur aluminium ","artwork_signature":"\u0152uvre sign\u00e9e","artwork_authenticity":"L\u2019\u0153uvre est vendue avec un certificat d\u2019authenticit\u00e9 sign\u00e9 par l\u2019artiste.","artwork_framing":"unframed","artwork_has_custom_framing_info":false,"artwork_custom_framing_info":"Not specified","artwork_location_country":"NO","artwork_location_city":"Oslo","artwork_location_zipcode":"0170","artwork_shipment_type":"2D_flat_artwork","artwork_shipping_delivery":"photography_production_time","artwork_has_custom_shipping_delivery_info":false,"artwork_custom_shipping_delivery_info":"Not specified","artwork_360_view_url":"","artwork_video_url":"https:\/\/youtu.be\/LUgloaAIQhw?si=2Lf3_T3txldRAaHj","artwork_video_format":[],"artwork_preview_type":"featured_image","artwork_reserved":false,"artwork_hide_price":false,"artwork_about":"<p class=\"ai-optimize-24\"><strong><em>Shibari plate #1 <\/em><\/strong>est une photographie de Christian Houge issue de la s\u00e9rie <strong><em>Subcultural <\/em><\/strong>qui repr\u00e9sente le corps d\u2019une femme attach\u00e9 avec plusieurs cordes. \u00ab Shibari \u00bb est un mot japonais qui signifie au sens large \u00ab lier \u00bb ou \u00ab attacher \u00bb et qui est devenu d'usage courant en Occident pour d\u00e9crire l'art du bondage Kinbaku.<\/p>\r\n<p style=\"font-weight: 400;\">Dans cette s\u00e9rie, le photographe immortalise des individus fascinants dont la pr\u00e9sence sugg\u00e8re des histoires riches et in\u00e9dites. \u00c0 travers ses portraits, il cherche \u00e0 transmettre authenticit\u00e9, profondeur \u00e9motionnelle et identit\u00e9 distincte. Son objectif est de cr\u00e9er des images qui transcendent la simple repr\u00e9sentation de surface pour capturer un moment de v\u00e9rit\u00e9 et de pr\u00e9sence.<\/p>\r\n<p style=\"font-weight: 400;\">Pour cette s\u00e9rie, Christian Houge a choisi d'utiliser la technique du collodion humide, un proc\u00e9d\u00e9 photographique d\u00e9couvert par le Britannique Frederick Scott Archer en 1851. Reconnu pour son rendu unique, organique et d'une qualit\u00e9 exceptionnelle, ce proc\u00e9d\u00e9 est toutefois tr\u00e8s complexe, impliquant des processus chimiques et des temps de r\u00e9alisation tr\u00e8s longs, ce qui explique sa raret\u00e9. Les mod\u00e8les doivent rester immobiles pendant de longues expositions, et une s\u00e9ance peut durer plusieurs heures.<\/p>\r\n<p style=\"font-weight: 400;\">\u00ab <em>Parall\u00e8lement \u00e0 la photographie d'art, j'ai consacr\u00e9 d'innombrables heures \u00e0 l'apprentissage et \u00e0 la pratique de la technique du collodion humide. Chaque d\u00e9faut m'a permis d'approfondir ma compr\u00e9hension de ce processus alchimique complexe. Un portrait sur plaque de collodion humide est bien plus qu'une simple image : c'est une rencontre tangible, une expression unique d'authenticit\u00e9 et de pr\u00e9sence<\/em>.\u00a0\u00bb Christian Houge<\/p>\r\n<p style=\"font-weight: 400;\">Le photographe a opt\u00e9 pour cette technique car elle comporte un \u00e9l\u00e9ment d'impr\u00e9visibilit\u00e9 qui refl\u00e8te la fragilit\u00e9, la fugacit\u00e9 et l'imperfection de la vie. Le r\u00e9sultat sont des portraits vibrants et profonds. Dans le paysage num\u00e9rique actuel, o\u00f9 les images sont captur\u00e9es et consomm\u00e9es en quelques secondes, la photographie au collodion humide redonne vie au portrait classique en exigeant du temps, du savoir-faire et un engagement profond envers le m\u00e9dium.<\/p>\r\nLa photographie propos\u00e9e \u00e0 la vente est un tirage en \u00e9dition limit\u00e9e, et non la photographie originale r\u00e9alis\u00e9e avec la technique du collodion humide. L\u2019image originale a \u00e9t\u00e9 num\u00e9ris\u00e9e \u00e0 partir d\u2019une plaque au collodion humide, puis imprim\u00e9e en tirage pigmentaire Archival sur papier coton en \u00e9dition limit\u00e9e.","artwork_series":[2542],"artwork_query_group":"10","artwork_lowest_grid_position":1,"artwork_random_position":6760593,"explicit_sensitive_content":true,"drupal_id":"5609"},"yoast_head":"<!-- This site is optimized with the Yoast SEO Premium plugin v27.3 (Yoast SEO v27.3) - https:\/\/yoast.com\/product\/yoast-seo-premium-wordpress\/ -->\n<title>Shibari plate #1, Subcultural par Christian Houge - Photographie contemporaine | Artistics<\/title>\n<meta name=\"description\" content=\"Shibari plate #1, Subcultural par Christian Houge - achetez en ligne cette \u0153uvre d\u2019art originale avec son certificat d\u2019authenticit\u00e9 et b\u00e9n\u00e9ficiez de notre service premium.\" \/>\n<meta name=\"robots\" content=\"index, follow, max-snippet:-1, max-image-preview:large, max-video-preview:-1\" \/>\n<link rel=\"canonical\" href=\"https:\/\/artistics.com\/fr\/oeuvre\/shibari-plate-1-subcultural\/\" \/>\n<meta property=\"og:locale\" content=\"fr_FR\" \/>\n<meta property=\"og:type\" content=\"article\" \/>\n<meta property=\"og:title\" content=\"Shibari plate #1, Subcultural\" \/>\n<meta property=\"og:description\" content=\"Shibari plate #1, Subcultural par Christian Houge - achetez en ligne cette \u0153uvre d\u2019art originale avec son certificat d\u2019authenticit\u00e9 et b\u00e9n\u00e9ficiez de notre service premium.\" \/>\n<meta property=\"og:url\" content=\"https:\/\/artistics.com\/fr\/oeuvre\/shibari-plate-1-subcultural\/\" \/>\n<meta property=\"og:site_name\" content=\"Artistics\" \/>\n<meta property=\"article:publisher\" content=\"https:\/\/www.facebook.com\/ArtisticsMag\" \/>\n<meta property=\"article:modified_time\" content=\"2026-01-21T16:59:35+00:00\" \/>\n<meta property=\"og:image\" content=\"https:\/\/artistics.com\/wp-content\/uploads\/2025\/09\/shibari-plate-1-photography-by-christian-houge-6-1.jpg\" \/>\n\t<meta property=\"og:image:width\" content=\"1619\" \/>\n\t<meta property=\"og:image:height\" content=\"2000\" \/>\n\t<meta property=\"og:image:type\" content=\"image\/jpeg\" \/>\n<meta name=\"twitter:card\" content=\"summary_large_image\" \/>\n<meta name=\"twitter:site\" content=\"@Artistics_FR\" \/>\n<meta name=\"twitter:label1\" content=\"Disponibilit\u00e9\" \/>\n\t<meta name=\"twitter:data1\" content=\"En stock\" \/>\n<script type=\"application\/ld+json\" class=\"yoast-schema-graph\">{\"@context\":\"https:\\\/\\\/schema.org\",\"@graph\":[{\"@type\":[\"WebPage\",\"ItemPage\"],\"@id\":\"https:\\\/\\\/artistics.com\\\/fr\\\/oeuvre\\\/shibari-plate-1-subcultural\\\/\",\"url\":\"https:\\\/\\\/artistics.com\\\/fr\\\/oeuvre\\\/shibari-plate-1-subcultural\\\/\",\"name\":\"Shibari plate #1, Subcultural par Christian Houge - Photographie contemporaine | Artistics\",\"isPartOf\":{\"@id\":\"https:\\\/\\\/artistics.com\\\/fr\\\/#website\"},\"primaryImageOfPage\":{\"@id\":\"https:\\\/\\\/artistics.com\\\/fr\\\/oeuvre\\\/shibari-plate-1-subcultural\\\/#primaryimage\"},\"image\":{\"@id\":\"https:\\\/\\\/artistics.com\\\/fr\\\/oeuvre\\\/shibari-plate-1-subcultural\\\/#primaryimage\"},\"thumbnailUrl\":\"https:\\\/\\\/artistics.com\\\/wp-content\\\/uploads\\\/2025\\\/09\\\/shibari-plate-1-photography-by-christian-houge-6-1.jpg\",\"datePublished\":\"2025-09-25T15:03:35+00:00\",\"dateModified\":\"2026-01-21T16:59:35+00:00\",\"description\":\"Shibari plate #1, Subcultural par Christian Houge - achetez en ligne cette \u0153uvre d\u2019art originale avec son certificat d\u2019authenticit\u00e9 et b\u00e9n\u00e9ficiez de notre service premium.\",\"breadcrumb\":{\"@id\":\"https:\\\/\\\/artistics.com\\\/fr\\\/oeuvre\\\/shibari-plate-1-subcultural\\\/#breadcrumb\"},\"inLanguage\":\"fr-FR\",\"potentialAction\":[{\"@type\":\"ReadAction\",\"target\":[\"https:\\\/\\\/artistics.com\\\/fr\\\/oeuvre\\\/shibari-plate-1-subcultural\\\/\"]}]},{\"@type\":\"ImageObject\",\"inLanguage\":\"fr-FR\",\"@id\":\"https:\\\/\\\/artistics.com\\\/fr\\\/oeuvre\\\/shibari-plate-1-subcultural\\\/#primaryimage\",\"url\":\"https:\\\/\\\/artistics.com\\\/wp-content\\\/uploads\\\/2025\\\/09\\\/shibari-plate-1-photography-by-christian-houge-6-1.jpg\",\"contentUrl\":\"https:\\\/\\\/artistics.com\\\/wp-content\\\/uploads\\\/2025\\\/09\\\/shibari-plate-1-photography-by-christian-houge-6-1.jpg\",\"width\":1619,\"height\":2000},{\"@type\":\"BreadcrumbList\",\"@id\":\"https:\\\/\\\/artistics.com\\\/fr\\\/oeuvre\\\/shibari-plate-1-subcultural\\\/#breadcrumb\",\"itemListElement\":[{\"@type\":\"ListItem\",\"position\":1,\"name\":\"Achat \u0153uvre d'art\",\"item\":\"https:\\\/\\\/artistics.com\\\/fr\\\/\"},{\"@type\":\"ListItem\",\"position\":2,\"name\":\"Galerie\",\"item\":\"https:\\\/\\\/artistics.com\\\/fr\\\/galerie\\\/\"},{\"@type\":\"ListItem\",\"position\":3,\"name\":\"Photographie contemporaine\",\"item\":\"https:\\\/\\\/artistics.com\\\/fr\\\/categorie-oeuvre\\\/photographie-contemporaine\\\/\"},{\"@type\":\"ListItem\",\"position\":4,\"name\":\"Shibari plate #1, Subcultural\"}]},{\"@type\":\"WebSite\",\"@id\":\"https:\\\/\\\/artistics.com\\\/fr\\\/#website\",\"url\":\"https:\\\/\\\/artistics.com\\\/fr\\\/\",\"name\":\"Artistics\",\"description\":\"The online art gallery\",\"publisher\":{\"@id\":\"https:\\\/\\\/artistics.com\\\/fr\\\/#organization\"},\"potentialAction\":[{\"@type\":\"SearchAction\",\"target\":{\"@type\":\"EntryPoint\",\"urlTemplate\":\"https:\\\/\\\/artistics.com\\\/fr\\\/?s={search_term_string}\"},\"query-input\":{\"@type\":\"PropertyValueSpecification\",\"valueRequired\":true,\"valueName\":\"search_term_string\"}}],\"inLanguage\":\"fr-FR\"},{\"@type\":\"Organization\",\"@id\":\"https:\\\/\\\/artistics.com\\\/fr\\\/#organization\",\"name\":\"Artistics\",\"url\":\"https:\\\/\\\/artistics.com\\\/fr\\\/\",\"logo\":{\"@type\":\"ImageObject\",\"inLanguage\":\"fr-FR\",\"@id\":\"https:\\\/\\\/artistics.com\\\/fr\\\/#\\\/schema\\\/logo\\\/image\\\/\",\"url\":\"https:\\\/\\\/artistics.com\\\/wp-content\\\/uploads\\\/2023\\\/02\\\/artistics-logo-web-1.svg\",\"contentUrl\":\"https:\\\/\\\/artistics.com\\\/wp-content\\\/uploads\\\/2023\\\/02\\\/artistics-logo-web-1.svg\",\"caption\":\"Artistics\"},\"image\":{\"@id\":\"https:\\\/\\\/artistics.com\\\/fr\\\/#\\\/schema\\\/logo\\\/image\\\/\"},\"sameAs\":[\"https:\\\/\\\/www.facebook.com\\\/ArtisticsMag\",\"https:\\\/\\\/x.com\\\/Artistics_FR\",\"http:\\\/\\\/www.linkedin.com\\\/company\\\/artistics\",\"https:\\\/\\\/www.instagram.com\\\/artistics_com\\\/\",\"http:\\\/\\\/www.pinterest.com\\\/ArtisticsMag\"],\"hasMerchantReturnPolicy\":{\"@type\":\"MerchantReturnPolicy\",\"merchantReturnLink\":\"https:\\\/\\\/artistics.com\\\/free-return-policy\\\/\"}}]}<\/script>\n<meta property=\"og:availability\" content=\"instock\" \/>\n<meta property=\"product:availability\" content=\"instock\" \/>\n<meta property=\"product:retailer_item_id\" content=\"5610-4\" \/>\n<meta property=\"product:condition\" content=\"new\" \/>\n<!-- \/ Yoast SEO Premium plugin. -->","yoast_head_json":{"title":"Shibari plate #1, Subcultural par Christian Houge - Photographie contemporaine | Artistics","description":"Shibari plate #1, Subcultural par Christian Houge - achetez en ligne cette \u0153uvre d\u2019art originale avec son certificat d\u2019authenticit\u00e9 et b\u00e9n\u00e9ficiez de notre service premium.","robots":{"index":"index","follow":"follow","max-snippet":"max-snippet:-1","max-image-preview":"max-image-preview:large","max-video-preview":"max-video-preview:-1"},"canonical":"https:\/\/artistics.com\/fr\/oeuvre\/shibari-plate-1-subcultural\/","og_locale":"fr_FR","og_type":"article","og_title":"Shibari plate #1, Subcultural","og_description":"Shibari plate #1, Subcultural par Christian Houge - achetez en ligne cette \u0153uvre d\u2019art originale avec son certificat d\u2019authenticit\u00e9 et b\u00e9n\u00e9ficiez de notre service premium.","og_url":"https:\/\/artistics.com\/fr\/oeuvre\/shibari-plate-1-subcultural\/","og_site_name":"Artistics","article_publisher":"https:\/\/www.facebook.com\/ArtisticsMag","article_modified_time":"2026-01-21T16:59:35+00:00","og_image":[{"width":1619,"height":2000,"url":"https:\/\/artistics.com\/wp-content\/uploads\/2025\/09\/shibari-plate-1-photography-by-christian-houge-6-1.jpg","type":"image\/jpeg"}],"twitter_card":"summary_large_image","twitter_site":"@Artistics_FR","twitter_misc":{"Disponibilit\u00e9":"En stock"},"schema":{"@context":"https:\/\/schema.org","@graph":[{"@type":["WebPage","ItemPage"],"@id":"https:\/\/artistics.com\/fr\/oeuvre\/shibari-plate-1-subcultural\/","url":"https:\/\/artistics.com\/fr\/oeuvre\/shibari-plate-1-subcultural\/","name":"Shibari plate #1, Subcultural par Christian Houge - Photographie contemporaine | Artistics","isPartOf":{"@id":"https:\/\/artistics.com\/fr\/#website"},"primaryImageOfPage":{"@id":"https:\/\/artistics.com\/fr\/oeuvre\/shibari-plate-1-subcultural\/#primaryimage"},"image":{"@id":"https:\/\/artistics.com\/fr\/oeuvre\/shibari-plate-1-subcultural\/#primaryimage"},"thumbnailUrl":"https:\/\/artistics.com\/wp-content\/uploads\/2025\/09\/shibari-plate-1-photography-by-christian-houge-6-1.jpg","datePublished":"2025-09-25T15:03:35+00:00","dateModified":"2026-01-21T16:59:35+00:00","description":"Shibari plate #1, Subcultural par Christian Houge - achetez en ligne cette \u0153uvre d\u2019art originale avec son certificat d\u2019authenticit\u00e9 et b\u00e9n\u00e9ficiez de notre service premium.","breadcrumb":{"@id":"https:\/\/artistics.com\/fr\/oeuvre\/shibari-plate-1-subcultural\/#breadcrumb"},"inLanguage":"fr-FR","potentialAction":[{"@type":"ReadAction","target":["https:\/\/artistics.com\/fr\/oeuvre\/shibari-plate-1-subcultural\/"]}]},{"@type":"ImageObject","inLanguage":"fr-FR","@id":"https:\/\/artistics.com\/fr\/oeuvre\/shibari-plate-1-subcultural\/#primaryimage","url":"https:\/\/artistics.com\/wp-content\/uploads\/2025\/09\/shibari-plate-1-photography-by-christian-houge-6-1.jpg","contentUrl":"https:\/\/artistics.com\/wp-content\/uploads\/2025\/09\/shibari-plate-1-photography-by-christian-houge-6-1.jpg","width":1619,"height":2000},{"@type":"BreadcrumbList","@id":"https:\/\/artistics.com\/fr\/oeuvre\/shibari-plate-1-subcultural\/#breadcrumb","itemListElement":[{"@type":"ListItem","position":1,"name":"Achat \u0153uvre d'art","item":"https:\/\/artistics.com\/fr\/"},{"@type":"ListItem","position":2,"name":"Galerie","item":"https:\/\/artistics.com\/fr\/galerie\/"},{"@type":"ListItem","position":3,"name":"Photographie contemporaine","item":"https:\/\/artistics.com\/fr\/categorie-oeuvre\/photographie-contemporaine\/"},{"@type":"ListItem","position":4,"name":"Shibari plate #1, Subcultural"}]},{"@type":"WebSite","@id":"https:\/\/artistics.com\/fr\/#website","url":"https:\/\/artistics.com\/fr\/","name":"Artistics","description":"The online art gallery","publisher":{"@id":"https:\/\/artistics.com\/fr\/#organization"},"potentialAction":[{"@type":"SearchAction","target":{"@type":"EntryPoint","urlTemplate":"https:\/\/artistics.com\/fr\/?s={search_term_string}"},"query-input":{"@type":"PropertyValueSpecification","valueRequired":true,"valueName":"search_term_string"}}],"inLanguage":"fr-FR"},{"@type":"Organization","@id":"https:\/\/artistics.com\/fr\/#organization","name":"Artistics","url":"https:\/\/artistics.com\/fr\/","logo":{"@type":"ImageObject","inLanguage":"fr-FR","@id":"https:\/\/artistics.com\/fr\/#\/schema\/logo\/image\/","url":"https:\/\/artistics.com\/wp-content\/uploads\/2023\/02\/artistics-logo-web-1.svg","contentUrl":"https:\/\/artistics.com\/wp-content\/uploads\/2023\/02\/artistics-logo-web-1.svg","caption":"Artistics"},"image":{"@id":"https:\/\/artistics.com\/fr\/#\/schema\/logo\/image\/"},"sameAs":["https:\/\/www.facebook.com\/ArtisticsMag","https:\/\/x.com\/Artistics_FR","http:\/\/www.linkedin.com\/company\/artistics","https:\/\/www.instagram.com\/artistics_com\/","http:\/\/www.pinterest.com\/ArtisticsMag"],"hasMerchantReturnPolicy":{"@type":"MerchantReturnPolicy","merchantReturnLink":"https:\/\/artistics.com\/free-return-policy\/"}}]},"og_availability":"instock","product_availability":"instock","product_retailer_item_id":"5610-4","product_condition":"new"},"_links":{"self":[{"href":"https:\/\/artistics.com\/fr\/wp-json\/wp\/v2\/product\/89568","targetHints":{"allow":["GET"]}}],"collection":[{"href":"https:\/\/artistics.com\/fr\/wp-json\/wp\/v2\/product"}],"about":[{"href":"https:\/\/artistics.com\/fr\/wp-json\/wp\/v2\/types\/product"}],"acf:term":[{"embeddable":true,"taxonomy":"series","href":"https:\/\/artistics.com\/fr\/wp-json\/wp\/v2\/series\/2542"},{"embeddable":true,"taxonomy":"product_tag","href":"https:\/\/artistics.com\/fr\/wp-json\/wp\/v2\/product_tag\/513"},{"embeddable":true,"taxonomy":"product_cat","href":"https:\/\/artistics.com\/fr\/wp-json\/wp\/v2\/product_cat\/237"},{"embeddable":true,"taxonomy":"product_cat","href":"https:\/\/artistics.com\/fr\/wp-json\/wp\/v2\/product_cat\/215"},{"embeddable":true,"taxonomy":"product_cat","href":"https:\/\/artistics.com\/fr\/wp-json\/wp\/v2\/product_cat\/216"},{"embeddable":true,"taxonomy":"product_cat","href":"https:\/\/artistics.com\/fr\/wp-json\/wp\/v2\/product_cat\/195"},{"embeddable":true,"taxonomy":"product_cat","href":"https:\/\/artistics.com\/fr\/wp-json\/wp\/v2\/product_cat\/428"},{"embeddable":true,"taxonomy":"product_cat","href":"https:\/\/artistics.com\/fr\/wp-json\/wp\/v2\/product_cat\/2173"},{"embeddable":true,"taxonomy":"product_cat","href":"https:\/\/artistics.com\/fr\/wp-json\/wp\/v2\/product_cat\/206"},{"embeddable":true,"taxonomy":"product_cat","href":"https:\/\/artistics.com\/fr\/wp-json\/wp\/v2\/product_cat\/163"}],"acf:post":[{"embeddable":true,"href":"https:\/\/artistics.com\/fr\/wp-json\/wp\/v2\/artist\/2763"}],"wp:featuredmedia":[{"embeddable":true,"href":"https:\/\/artistics.com\/fr\/wp-json\/wp\/v2\/media\/89510"}],"wp:attachment":[{"href":"https:\/\/artistics.com\/fr\/wp-json\/wp\/v2\/media?parent=89568"}],"wp:term":[{"taxonomy":"product_cat","embeddable":true,"href":"https:\/\/artistics.com\/fr\/wp-json\/wp\/v2\/product_cat?post=89568"},{"taxonomy":"product_tag","embeddable":true,"href":"https:\/\/artistics.com\/fr\/wp-json\/wp\/v2\/product_tag?post=89568"},{"taxonomy":"series","embeddable":true,"href":"https:\/\/artistics.com\/fr\/wp-json\/wp\/v2\/series?post=89568"}],"curies":[{"name":"wp","href":"https:\/\/api.w.org\/{rel}","templated":true}]}}