{"id":89157,"date":"2025-09-23T12:48:50","date_gmt":"2025-09-23T10:48:50","guid":{"rendered":"https:\/\/artistics.com\/?post_type=product&#038;p=89157"},"modified":"2025-09-23T18:12:36","modified_gmt":"2025-09-23T16:12:36","slug":"vanitas-7-vanitas","status":"publish","type":"product","link":"https:\/\/artistics.com\/fr\/oeuvre\/vanitas-7-vanitas\/","title":{"rendered":"Vanitas 7, Vanitas"},"content":{"rendered":"","protected":false},"excerpt":{"rendered":"","protected":false},"featured_media":86955,"template":"","meta":{"_acf_changed":false,"_searchwp_excluded":"","inline_featured_image":false},"product_cat":[428,2173,414,418,2244,163,215,216,236],"product_tag":[530],"series":[2527],"class_list":{"0":"post-89157","1":"product","2":"type-product","3":"status-publish","4":"has-post-thumbnail","6":"product_cat-couleurs-neutres","7":"product_cat-mise-en-scene-photographique","8":"product_cat-nature-morte","9":"product_cat-photographie-de-studio","10":"product_cat-photographie-nature-morte","11":"product_cat-photographie-contemporaine","12":"product_cat-grand","13":"product_cat-moyen","14":"product_cat-de-3000-a-10-000-e","15":"product_tag-vanite","16":"series-christian-houge-vanitas-fr","18":"first","19":"instock","20":"shipping-taxable","21":"purchasable","22":"product-type-variable","23":"has-default-attributes"},"acf":{"artwork_artist":[2763],"artwork_medium":163,"artwork_categories":[2173,2244,418],"artwork_overall-tones":[428],"artwork_main-material":[],"artwork_art-genre":[414],"artwork_art-movement":[],"artwork_miscellaneous":[],"artwork_formats":[216,215,215],"artwork_price-ranges":[236],"artwork_main_subject":[530],"artwork_technique":[],"artwork_featured_location":[],"artwork_dominant_color":[],"artwork_physical_attributes":[],"artwork_creation_date":"20220101","artwork_unique_piece":false,"artwork_description":"Impression pigmentaire Archival contrecoll\u00e9e sur aluminium ou impression UV sur aluminium","artwork_signature":"\u0152uvre sign\u00e9e","artwork_authenticity":"L\u2019\u0153uvre est vendue avec un certificat d\u2019authenticit\u00e9 sign\u00e9 par l\u2019artiste.","artwork_framing":"unframed","artwork_has_custom_framing_info":false,"artwork_custom_framing_info":"Not specified","artwork_location_country":"NO","artwork_location_city":"Oslo","artwork_location_zipcode":"0170","artwork_shipment_type":"2D_flat_artwork","artwork_shipping_delivery":"photography_production_time","artwork_has_custom_shipping_delivery_info":false,"artwork_custom_shipping_delivery_info":"Not specified","artwork_360_view_url":"","artwork_video_url":"https:\/\/youtu.be\/V3aTQHF7jEU","artwork_video_format":[],"artwork_preview_type":"featured_image","artwork_reserved":false,"artwork_hide_price":false,"artwork_about":"<p class=\"ai-optimize-24\"><em><strong>Vanitas 7 (Norv\u00e8ge)<\/strong><\/em>\u00a0est une photographie de Christian Houge de la s\u00e9rie <em>Vanitas<\/em>, repr\u00e9sentant un cr\u00e2ne qui br\u00fble parmi des \u00e9l\u00e9ments min\u00e9raux.<\/p>\r\n<p class=\"ai-optimize-24\">Dans la s\u00e9rie <em>Vanit\u00e9s <\/em>(2019-2022), Christian Houge reprend l\u2019iconographie des <em>Vanit\u00e9s<\/em>, un genre pictural de nature morte qui se diffuse en Europe au XVII<sup>e<\/sup> si\u00e8cle et qui se caract\u00e9rise par des \u00e9l\u00e9ments symbolisant la condition \u00e9ph\u00e9m\u00e8re de la vie humaine et la futilit\u00e9 de ses plaisirs. Un cr\u00e2ne (qui illustre le <em>Memento mori<\/em>, locution latine rendue par \u00ab Souviens-toi que tu vas mourir \u00bb) est souvent associ\u00e9 \u00e0 d\u2019autres objets qui \u00e9voquent le temps qui passe ainsi que les passions et les loisirs humains : des bougies, des livres, des instruments de musique, des bijoux, des fruits, des fleurs. Les Vanit\u00e9s \u00e9taient des contemplations sur la vie et la mort, incitant l\u2019observateur \u00e0 vivre sa vie avec conscience. Dans son interpr\u00e9tation photographique contemporaine, Christian Houge s\u2019inspire notamment des ma\u00eetres hollandais du d\u00e9but du XVII<sup>e<\/sup> si\u00e8cle, tels que Pieter Claesz et David Bailly.<\/p>\r\n<p class=\"ai-optimize-25\">Au c\u0153ur de ses compositions, l\u2019artiste place le cr\u00e2ne \u2014 symbole universel traversant les \u00e9poques, les cultures et les disciplines \u2014 mais il y introduit un \u00e9l\u00e9ment inattendu par rapport \u00e0 l\u2019iconographie traditionnelle des Vanit\u00e9s : le feu. \u00c9l\u00e9ment ambivalent, \u00e0 la fois destructeur et purificateur, le feu enrichit l\u2019\u0153uvre de multiples strates de lecture : il incarne la destruction de la culture contemporaine centr\u00e9e sur l\u2019ego et l\u2019image num\u00e9rique, tout en op\u00e9rant une m\u00e9tamorphose du cr\u00e2ne et des identit\u00e9s qu\u2019il repr\u00e9sente au fil du processus artistique.<\/p>\r\n<p class=\"ai-optimize-26\">\u00ab <em>La performance cathartique de la combustion est tr\u00e8s pr\u00e9sente \u00e0 chaque instant, car le feu modifie constamment le cr\u00e2ne et la nature morte, d\u00e9truisant tous les \u00e9l\u00e9ments par \u00e9tapes. Il s'agit \u00e0 la fois d'une cr\u00e9mation et de la lib\u00e9ration de l'objet lui-m\u00eame. Une conclusion, si l'on peut dire, et un dernier souffle de vie. [\u2026] Vanitas est un magnifique rappel que nous transcenderons un jour cette vie. La question de ce qui nous attend apr\u00e8s est l'un des plus grands myst\u00e8res non r\u00e9solus \u00e0 travers l'histoire,<\/em> <em>qui reste sans r\u00e9ponse malgr\u00e9 les progr\u00e8s de la science. <\/em>\u00bb Christian Houge<\/p>\r\nPetit format : impression pigmentaire Archival contrecoll\u00e9e sur aluminium \/ Moyen et grand formats : impression UV sur aluminium","artwork_series":[2527],"artwork_query_group":"10","artwork_lowest_grid_position":1,"artwork_random_position":5657866,"explicit_sensitive_content":false,"drupal_id":"2507"},"yoast_head":"<!-- This site is optimized with the Yoast SEO Premium plugin v27.3 (Yoast SEO v27.3) - https:\/\/yoast.com\/product\/yoast-seo-premium-wordpress\/ -->\n<title>Vanitas 7, Vanitas par Christian Houge - Photographie contemporaine | Artistics<\/title>\n<meta name=\"description\" content=\"Vanitas 7, Vanitas par Christian Houge - achetez en ligne cette \u0153uvre d\u2019art originale avec son certificat d\u2019authenticit\u00e9 et b\u00e9n\u00e9ficiez de notre service premium.\" \/>\n<meta name=\"robots\" content=\"index, follow, max-snippet:-1, max-image-preview:large, max-video-preview:-1\" \/>\n<link rel=\"canonical\" href=\"https:\/\/artistics.com\/fr\/oeuvre\/vanitas-7-vanitas\/\" \/>\n<meta property=\"og:locale\" content=\"fr_FR\" \/>\n<meta property=\"og:type\" content=\"article\" \/>\n<meta property=\"og:title\" content=\"Vanitas 7, Vanitas\" \/>\n<meta property=\"og:description\" content=\"Vanitas 7, Vanitas par Christian Houge - achetez en ligne cette \u0153uvre d\u2019art originale avec son certificat d\u2019authenticit\u00e9 et b\u00e9n\u00e9ficiez de notre service premium.\" \/>\n<meta property=\"og:url\" content=\"https:\/\/artistics.com\/fr\/oeuvre\/vanitas-7-vanitas\/\" \/>\n<meta property=\"og:site_name\" content=\"Artistics\" \/>\n<meta property=\"article:publisher\" content=\"https:\/\/www.facebook.com\/ArtisticsMag\" \/>\n<meta property=\"article:modified_time\" content=\"2025-09-23T16:12:36+00:00\" \/>\n<meta property=\"og:image\" content=\"https:\/\/artistics.com\/wp-content\/uploads\/2025\/07\/vanitas-7-oslo-2022-by-christian-houge.jpg\" \/>\n\t<meta property=\"og:image:width\" content=\"1425\" \/>\n\t<meta property=\"og:image:height\" content=\"1900\" \/>\n\t<meta property=\"og:image:type\" content=\"image\/jpeg\" \/>\n<meta name=\"twitter:card\" content=\"summary_large_image\" \/>\n<meta name=\"twitter:site\" content=\"@Artistics_FR\" \/>\n<meta name=\"twitter:label1\" content=\"Disponibilit\u00e9\" \/>\n\t<meta name=\"twitter:data1\" content=\"En stock\" \/>\n<script type=\"application\/ld+json\" class=\"yoast-schema-graph\">{\"@context\":\"https:\\\/\\\/schema.org\",\"@graph\":[{\"@type\":[\"WebPage\",\"ItemPage\"],\"@id\":\"https:\\\/\\\/artistics.com\\\/fr\\\/oeuvre\\\/vanitas-7-vanitas\\\/\",\"url\":\"https:\\\/\\\/artistics.com\\\/fr\\\/oeuvre\\\/vanitas-7-vanitas\\\/\",\"name\":\"Vanitas 7, Vanitas par Christian Houge - Photographie contemporaine | Artistics\",\"isPartOf\":{\"@id\":\"https:\\\/\\\/artistics.com\\\/fr\\\/#website\"},\"primaryImageOfPage\":{\"@id\":\"https:\\\/\\\/artistics.com\\\/fr\\\/oeuvre\\\/vanitas-7-vanitas\\\/#primaryimage\"},\"image\":{\"@id\":\"https:\\\/\\\/artistics.com\\\/fr\\\/oeuvre\\\/vanitas-7-vanitas\\\/#primaryimage\"},\"thumbnailUrl\":\"https:\\\/\\\/artistics.com\\\/wp-content\\\/uploads\\\/2025\\\/07\\\/vanitas-7-oslo-2022-by-christian-houge.jpg\",\"datePublished\":\"2025-09-23T10:48:50+00:00\",\"dateModified\":\"2025-09-23T16:12:36+00:00\",\"description\":\"Vanitas 7, Vanitas par Christian Houge - achetez en ligne cette \u0153uvre d\u2019art originale avec son certificat d\u2019authenticit\u00e9 et b\u00e9n\u00e9ficiez de notre service premium.\",\"breadcrumb\":{\"@id\":\"https:\\\/\\\/artistics.com\\\/fr\\\/oeuvre\\\/vanitas-7-vanitas\\\/#breadcrumb\"},\"inLanguage\":\"fr-FR\",\"potentialAction\":[{\"@type\":\"ReadAction\",\"target\":[\"https:\\\/\\\/artistics.com\\\/fr\\\/oeuvre\\\/vanitas-7-vanitas\\\/\"]}]},{\"@type\":\"ImageObject\",\"inLanguage\":\"fr-FR\",\"@id\":\"https:\\\/\\\/artistics.com\\\/fr\\\/oeuvre\\\/vanitas-7-vanitas\\\/#primaryimage\",\"url\":\"https:\\\/\\\/artistics.com\\\/wp-content\\\/uploads\\\/2025\\\/07\\\/vanitas-7-oslo-2022-by-christian-houge.jpg\",\"contentUrl\":\"https:\\\/\\\/artistics.com\\\/wp-content\\\/uploads\\\/2025\\\/07\\\/vanitas-7-oslo-2022-by-christian-houge.jpg\",\"width\":1425,\"height\":1900},{\"@type\":\"BreadcrumbList\",\"@id\":\"https:\\\/\\\/artistics.com\\\/fr\\\/oeuvre\\\/vanitas-7-vanitas\\\/#breadcrumb\",\"itemListElement\":[{\"@type\":\"ListItem\",\"position\":1,\"name\":\"Achat \u0153uvre d'art\",\"item\":\"https:\\\/\\\/artistics.com\\\/fr\\\/\"},{\"@type\":\"ListItem\",\"position\":2,\"name\":\"Galerie\",\"item\":\"https:\\\/\\\/artistics.com\\\/fr\\\/galerie\\\/\"},{\"@type\":\"ListItem\",\"position\":3,\"name\":\"Photographie contemporaine\",\"item\":\"https:\\\/\\\/artistics.com\\\/fr\\\/categorie-oeuvre\\\/photographie-contemporaine\\\/\"},{\"@type\":\"ListItem\",\"position\":4,\"name\":\"Vanitas 7, Vanitas\"}]},{\"@type\":\"WebSite\",\"@id\":\"https:\\\/\\\/artistics.com\\\/fr\\\/#website\",\"url\":\"https:\\\/\\\/artistics.com\\\/fr\\\/\",\"name\":\"Artistics\",\"description\":\"The online art gallery\",\"publisher\":{\"@id\":\"https:\\\/\\\/artistics.com\\\/fr\\\/#organization\"},\"potentialAction\":[{\"@type\":\"SearchAction\",\"target\":{\"@type\":\"EntryPoint\",\"urlTemplate\":\"https:\\\/\\\/artistics.com\\\/fr\\\/?s={search_term_string}\"},\"query-input\":{\"@type\":\"PropertyValueSpecification\",\"valueRequired\":true,\"valueName\":\"search_term_string\"}}],\"inLanguage\":\"fr-FR\"},{\"@type\":\"Organization\",\"@id\":\"https:\\\/\\\/artistics.com\\\/fr\\\/#organization\",\"name\":\"Artistics\",\"url\":\"https:\\\/\\\/artistics.com\\\/fr\\\/\",\"logo\":{\"@type\":\"ImageObject\",\"inLanguage\":\"fr-FR\",\"@id\":\"https:\\\/\\\/artistics.com\\\/fr\\\/#\\\/schema\\\/logo\\\/image\\\/\",\"url\":\"https:\\\/\\\/artistics.com\\\/wp-content\\\/uploads\\\/2023\\\/02\\\/artistics-logo-web-1.svg\",\"contentUrl\":\"https:\\\/\\\/artistics.com\\\/wp-content\\\/uploads\\\/2023\\\/02\\\/artistics-logo-web-1.svg\",\"caption\":\"Artistics\"},\"image\":{\"@id\":\"https:\\\/\\\/artistics.com\\\/fr\\\/#\\\/schema\\\/logo\\\/image\\\/\"},\"sameAs\":[\"https:\\\/\\\/www.facebook.com\\\/ArtisticsMag\",\"https:\\\/\\\/x.com\\\/Artistics_FR\",\"http:\\\/\\\/www.linkedin.com\\\/company\\\/artistics\",\"https:\\\/\\\/www.instagram.com\\\/artistics_com\\\/\",\"http:\\\/\\\/www.pinterest.com\\\/ArtisticsMag\"],\"hasMerchantReturnPolicy\":{\"@type\":\"MerchantReturnPolicy\",\"merchantReturnLink\":\"https:\\\/\\\/artistics.com\\\/free-return-policy\\\/\"}}]}<\/script>\n<meta property=\"og:availability\" content=\"instock\" \/>\n<meta property=\"product:availability\" content=\"instock\" \/>\n<meta property=\"product:condition\" content=\"new\" \/>\n<!-- \/ Yoast SEO Premium plugin. -->","yoast_head_json":{"title":"Vanitas 7, Vanitas par Christian Houge - Photographie contemporaine | Artistics","description":"Vanitas 7, Vanitas par Christian Houge - achetez en ligne cette \u0153uvre d\u2019art originale avec son certificat d\u2019authenticit\u00e9 et b\u00e9n\u00e9ficiez de notre service premium.","robots":{"index":"index","follow":"follow","max-snippet":"max-snippet:-1","max-image-preview":"max-image-preview:large","max-video-preview":"max-video-preview:-1"},"canonical":"https:\/\/artistics.com\/fr\/oeuvre\/vanitas-7-vanitas\/","og_locale":"fr_FR","og_type":"article","og_title":"Vanitas 7, Vanitas","og_description":"Vanitas 7, Vanitas par Christian Houge - achetez en ligne cette \u0153uvre d\u2019art originale avec son certificat d\u2019authenticit\u00e9 et b\u00e9n\u00e9ficiez de notre service premium.","og_url":"https:\/\/artistics.com\/fr\/oeuvre\/vanitas-7-vanitas\/","og_site_name":"Artistics","article_publisher":"https:\/\/www.facebook.com\/ArtisticsMag","article_modified_time":"2025-09-23T16:12:36+00:00","og_image":[{"width":1425,"height":1900,"url":"https:\/\/artistics.com\/wp-content\/uploads\/2025\/07\/vanitas-7-oslo-2022-by-christian-houge.jpg","type":"image\/jpeg"}],"twitter_card":"summary_large_image","twitter_site":"@Artistics_FR","twitter_misc":{"Disponibilit\u00e9":"En stock"},"schema":{"@context":"https:\/\/schema.org","@graph":[{"@type":["WebPage","ItemPage"],"@id":"https:\/\/artistics.com\/fr\/oeuvre\/vanitas-7-vanitas\/","url":"https:\/\/artistics.com\/fr\/oeuvre\/vanitas-7-vanitas\/","name":"Vanitas 7, Vanitas par Christian Houge - Photographie contemporaine | Artistics","isPartOf":{"@id":"https:\/\/artistics.com\/fr\/#website"},"primaryImageOfPage":{"@id":"https:\/\/artistics.com\/fr\/oeuvre\/vanitas-7-vanitas\/#primaryimage"},"image":{"@id":"https:\/\/artistics.com\/fr\/oeuvre\/vanitas-7-vanitas\/#primaryimage"},"thumbnailUrl":"https:\/\/artistics.com\/wp-content\/uploads\/2025\/07\/vanitas-7-oslo-2022-by-christian-houge.jpg","datePublished":"2025-09-23T10:48:50+00:00","dateModified":"2025-09-23T16:12:36+00:00","description":"Vanitas 7, Vanitas par Christian Houge - achetez en ligne cette \u0153uvre d\u2019art originale avec son certificat d\u2019authenticit\u00e9 et b\u00e9n\u00e9ficiez de notre service premium.","breadcrumb":{"@id":"https:\/\/artistics.com\/fr\/oeuvre\/vanitas-7-vanitas\/#breadcrumb"},"inLanguage":"fr-FR","potentialAction":[{"@type":"ReadAction","target":["https:\/\/artistics.com\/fr\/oeuvre\/vanitas-7-vanitas\/"]}]},{"@type":"ImageObject","inLanguage":"fr-FR","@id":"https:\/\/artistics.com\/fr\/oeuvre\/vanitas-7-vanitas\/#primaryimage","url":"https:\/\/artistics.com\/wp-content\/uploads\/2025\/07\/vanitas-7-oslo-2022-by-christian-houge.jpg","contentUrl":"https:\/\/artistics.com\/wp-content\/uploads\/2025\/07\/vanitas-7-oslo-2022-by-christian-houge.jpg","width":1425,"height":1900},{"@type":"BreadcrumbList","@id":"https:\/\/artistics.com\/fr\/oeuvre\/vanitas-7-vanitas\/#breadcrumb","itemListElement":[{"@type":"ListItem","position":1,"name":"Achat \u0153uvre d'art","item":"https:\/\/artistics.com\/fr\/"},{"@type":"ListItem","position":2,"name":"Galerie","item":"https:\/\/artistics.com\/fr\/galerie\/"},{"@type":"ListItem","position":3,"name":"Photographie contemporaine","item":"https:\/\/artistics.com\/fr\/categorie-oeuvre\/photographie-contemporaine\/"},{"@type":"ListItem","position":4,"name":"Vanitas 7, Vanitas"}]},{"@type":"WebSite","@id":"https:\/\/artistics.com\/fr\/#website","url":"https:\/\/artistics.com\/fr\/","name":"Artistics","description":"The online art gallery","publisher":{"@id":"https:\/\/artistics.com\/fr\/#organization"},"potentialAction":[{"@type":"SearchAction","target":{"@type":"EntryPoint","urlTemplate":"https:\/\/artistics.com\/fr\/?s={search_term_string}"},"query-input":{"@type":"PropertyValueSpecification","valueRequired":true,"valueName":"search_term_string"}}],"inLanguage":"fr-FR"},{"@type":"Organization","@id":"https:\/\/artistics.com\/fr\/#organization","name":"Artistics","url":"https:\/\/artistics.com\/fr\/","logo":{"@type":"ImageObject","inLanguage":"fr-FR","@id":"https:\/\/artistics.com\/fr\/#\/schema\/logo\/image\/","url":"https:\/\/artistics.com\/wp-content\/uploads\/2023\/02\/artistics-logo-web-1.svg","contentUrl":"https:\/\/artistics.com\/wp-content\/uploads\/2023\/02\/artistics-logo-web-1.svg","caption":"Artistics"},"image":{"@id":"https:\/\/artistics.com\/fr\/#\/schema\/logo\/image\/"},"sameAs":["https:\/\/www.facebook.com\/ArtisticsMag","https:\/\/x.com\/Artistics_FR","http:\/\/www.linkedin.com\/company\/artistics","https:\/\/www.instagram.com\/artistics_com\/","http:\/\/www.pinterest.com\/ArtisticsMag"],"hasMerchantReturnPolicy":{"@type":"MerchantReturnPolicy","merchantReturnLink":"https:\/\/artistics.com\/free-return-policy\/"}}]},"og_availability":"instock","product_availability":"instock","product_condition":"new"},"_links":{"self":[{"href":"https:\/\/artistics.com\/fr\/wp-json\/wp\/v2\/product\/89157","targetHints":{"allow":["GET"]}}],"collection":[{"href":"https:\/\/artistics.com\/fr\/wp-json\/wp\/v2\/product"}],"about":[{"href":"https:\/\/artistics.com\/fr\/wp-json\/wp\/v2\/types\/product"}],"acf:term":[{"embeddable":true,"taxonomy":"series","href":"https:\/\/artistics.com\/fr\/wp-json\/wp\/v2\/series\/2527"},{"embeddable":true,"taxonomy":"product_tag","href":"https:\/\/artistics.com\/fr\/wp-json\/wp\/v2\/product_tag\/530"},{"embeddable":true,"taxonomy":"product_cat","href":"https:\/\/artistics.com\/fr\/wp-json\/wp\/v2\/product_cat\/236"},{"embeddable":true,"taxonomy":"product_cat","href":"https:\/\/artistics.com\/fr\/wp-json\/wp\/v2\/product_cat\/215"},{"embeddable":true,"taxonomy":"product_cat","href":"https:\/\/artistics.com\/fr\/wp-json\/wp\/v2\/product_cat\/216"},{"embeddable":true,"taxonomy":"product_cat","href":"https:\/\/artistics.com\/fr\/wp-json\/wp\/v2\/product_cat\/414"},{"embeddable":true,"taxonomy":"product_cat","href":"https:\/\/artistics.com\/fr\/wp-json\/wp\/v2\/product_cat\/428"},{"embeddable":true,"taxonomy":"product_cat","href":"https:\/\/artistics.com\/fr\/wp-json\/wp\/v2\/product_cat\/418"},{"embeddable":true,"taxonomy":"product_cat","href":"https:\/\/artistics.com\/fr\/wp-json\/wp\/v2\/product_cat\/2244"},{"embeddable":true,"taxonomy":"product_cat","href":"https:\/\/artistics.com\/fr\/wp-json\/wp\/v2\/product_cat\/2173"},{"embeddable":true,"taxonomy":"product_cat","href":"https:\/\/artistics.com\/fr\/wp-json\/wp\/v2\/product_cat\/163"}],"acf:post":[{"embeddable":true,"href":"https:\/\/artistics.com\/fr\/wp-json\/wp\/v2\/artist\/2763"}],"wp:featuredmedia":[{"embeddable":true,"href":"https:\/\/artistics.com\/fr\/wp-json\/wp\/v2\/media\/86955"}],"wp:attachment":[{"href":"https:\/\/artistics.com\/fr\/wp-json\/wp\/v2\/media?parent=89157"}],"wp:term":[{"taxonomy":"product_cat","embeddable":true,"href":"https:\/\/artistics.com\/fr\/wp-json\/wp\/v2\/product_cat?post=89157"},{"taxonomy":"product_tag","embeddable":true,"href":"https:\/\/artistics.com\/fr\/wp-json\/wp\/v2\/product_tag?post=89157"},{"taxonomy":"series","embeddable":true,"href":"https:\/\/artistics.com\/fr\/wp-json\/wp\/v2\/series?post=89157"}],"curies":[{"name":"wp","href":"https:\/\/api.w.org\/{rel}","templated":true}]}}