{"id":89058,"date":"2025-09-15T16:59:55","date_gmt":"2025-09-15T14:59:55","guid":{"rendered":"https:\/\/artistics.com\/?post_type=product&#038;p=89058"},"modified":"2025-09-17T16:31:00","modified_gmt":"2025-09-17T14:31:00","slug":"organique","status":"publish","type":"product","link":"https:\/\/artistics.com\/fr\/oeuvre\/organique\/","title":{"rendered":"Organique"},"content":{"rendered":"","protected":false},"excerpt":{"rendered":"","protected":false},"featured_media":88992,"template":"","meta":{"_acf_changed":false,"_searchwp_excluded":"","inline_featured_image":false},"product_cat":[2243,428,235,193,216,169,162,174,171],"product_tag":[2506,570,354,573],"series":[2300],"class_list":{"0":"post-89058","1":"product","2":"type-product","3":"status-publish","4":"has-post-thumbnail","6":"product_cat-art-optique-et-art-cinetique","7":"product_cat-couleurs-neutres","8":"product_cat-de-1000-a-3000-e","9":"product_cat-geometrique","10":"product_cat-moyen","11":"product_cat-peinture-abstraite","12":"product_cat-peinture-contemporaine","13":"product_cat-peinture-minimaliste","14":"product_cat-tableau-geometrique","15":"product_tag-peinture-texturee","16":"product_tag-rose","17":"product_tag-tableau-grand-format","18":"product_tag-violet-fr","19":"series-mathieu-piffeteau-peintures-a-lhuile-violet-et-bleu","21":"first","22":"instock","23":"shipping-taxable","24":"purchasable","25":"product-type-simple"},"acf":{"artwork_artist":[55679],"artwork_medium":162,"artwork_categories":[169,171,174],"artwork_overall-tones":[428],"artwork_main-material":[],"artwork_art-genre":[],"artwork_art-movement":[2243],"artwork_miscellaneous":[193],"artwork_formats":[216],"artwork_price-ranges":[235],"artwork_main_subject":[],"artwork_technique":[],"artwork_featured_location":[],"artwork_dominant_color":[573,570],"artwork_physical_attributes":[354,2506],"artwork_creation_date":"20250101","artwork_unique_piece":true,"artwork_description":"Huile et acrylique sur toile","artwork_signature":"\u0152uvre sign\u00e9e","artwork_authenticity":"L\u2019\u0153uvre est vendue avec un certificat d\u2019authenticit\u00e9 sign\u00e9 par l\u2019artiste.","artwork_framing":"not_specified","artwork_has_custom_framing_info":false,"artwork_custom_framing_info":"Not specified","artwork_location_country":"","artwork_location_city":"","artwork_location_zipcode":"","artwork_shipment_type":"2D_flat_artwork","artwork_shipping_delivery":"painting_immediate_availability","artwork_has_custom_shipping_delivery_info":false,"artwork_custom_shipping_delivery_info":"Not specified","artwork_360_view_url":"","artwork_video_url":"","artwork_video_format":[],"artwork_preview_type":"auto","artwork_reserved":false,"artwork_hide_price":false,"artwork_about":"<p class=\"ai-optimize-27\"><span data-contrast=\"auto\"><em><strong>Organique<\/strong><\/em> est une peinture de l\u2019artiste fran\u00e7ais Mathieu Piffeteau, r\u00e9alis\u00e9e \u00e0 l\u2019huile et \u00e0 l\u2019acrylique sur toile, mettant en avant la couleur magenta.<\/span><\/p>\r\n<p class=\"ai-optimize-28\"><span data-contrast=\"auto\">L\u2019artiste emploie une technique particuli\u00e8re et originale qui consiste \u00e0 fragmenter l\u2019action de peindre\u202f: il peint par touches, carr\u00e9 apr\u00e8s carr\u00e9, ligne apr\u00e8s ligne. Chaque ligne change l\u00e9g\u00e8rement de nuance, afin de cr\u00e9er le d\u00e9grad\u00e9 de couleurs qui g\u00e9n\u00e8re l\u2019illusion de lumi\u00e8re souhait\u00e9e. Ce proc\u00e9d\u00e9 r\u00e9p\u00e9titif demande une grande minutie et patience, l\u2019\u0153uvre requ\u00e9rant plusieurs semaines ou mois pour \u00eatre finalis\u00e9e. Le processus de cr\u00e9ation est toujours r\u00e9fl\u00e9chi et calcul\u00e9, mais des surprises peuvent naitre des exp\u00e9rimentations ou des erreurs.\u00a0\u00a0<\/span><\/p>\r\n<p class=\"ai-optimize-29\"><span data-ccp-props=\"{&quot;335551550&quot;:6,&quot;335551620&quot;:6}\"><span class=\"TextRun SCXW87561656 BCX0\" lang=\"FR-FR\" xml:lang=\"FR-FR\" data-contrast=\"auto\"><span class=\"NormalTextRun SCXW87561656 BCX0\"><span class=\"TextRun SCXW20917878 BCX0\" lang=\"FR-FR\" xml:lang=\"FR-FR\" data-contrast=\"auto\"><span class=\"NormalTextRun SCXW20917878 BCX0\">Mathieu Piffeteau travaille toutes les couleurs sauf le rouge ; pour ce tableau, il a choisi de se concentrer sur le magenta. Dans cette peinture <\/span><span class=\"NormalTextRun SCXW20917878 BCX0\">il est possible d\u2019<\/span><span class=\"NormalTextRun SCXW20917878 BCX0\">appr\u00e9cier un effet<\/span><span class=\"NormalTextRun SCXW20917878 BCX0\"> visuel<\/span><span class=\"NormalTextRun SCXW20917878 BCX0\"> de \u00ab\u202fflou\u202f\u00bb<\/span><span class=\"NormalTextRun SCXW20917878 BCX0\"> lumineux<\/span><span class=\"NormalTextRun SCXW20917878 BCX0\">, une illusion <\/span><span class=\"NormalTextRun SCXW20917878 BCX0\">d\u2019<\/span><span class=\"NormalTextRun SCXW20917878 BCX0\">optique <\/span><span class=\"NormalTextRun SCXW20917878 BCX0\">que l\u2019artiste <\/span><span class=\"NormalTextRun SCXW20917878 BCX0\">cr\u00e9e <\/span><span class=\"NormalTextRun SCXW20917878 BCX0\">gr\u00e2ce \u00e0 u<\/span><span class=\"NormalTextRun SCXW20917878 BCX0\">n <\/span><span class=\"NormalTextRun SCXW20917878 BCX0\">d\u00e9grad\u00e9<\/span><span class=\"NormalTextRun SCXW20917878 BCX0\"> de couleurs <\/span><span class=\"NormalTextRun SCXW20917878 BCX0\">court.<\/span> <span class=\"NormalTextRun SCXW20917878 BCX0\">L\u2019observateur peut avoir l\u2019impression qu\u2019une lumi\u00e8re artificielle, comme un n\u00e9on ou une <\/span><span class=\"NormalTextRun SpellingErrorV2Themed SCXW20917878 BCX0\">lightbox<\/span><span class=\"NormalTextRun SCXW20917878 BCX0\">, <\/span><span class=\"NormalTextRun SCXW20917878 BCX0\">illumin<\/span><span class=\"NormalTextRun SCXW20917878 BCX0\">e le tableau.<\/span><\/span><\/span><\/span><span class=\"EOP SCXW87561656 BCX0\" data-ccp-props=\"{&quot;335551550&quot;:6,&quot;335551620&quot;:6}\">\u00a0<\/span><\/span><\/p>\r\n<p class=\"ai-optimize-30\"><span data-contrast=\"auto\">Les tableaux abstraits de l\u2019artiste Mathieu Piffeteau explorent la diffusion de la lumi\u00e8re et les illusions d\u2019optique \u00e0 travers une combinaison harmonieuse de formes g\u00e9om\u00e9triques simples et universelles (des cercles, des carr\u00e9s, des triangles\u2026) avec des d\u00e9grad\u00e9s de couleurs peints \u00e0 l\u2019huile. Le r\u00e9sultat est une \u0153uvre captivante qui d\u00e9gage une \u00e9nergie fr\u00e9missante\u202f; l\u2019observateur est immerg\u00e9 dans une pure contemplation esth\u00e9tique, une exp\u00e9rience sensorielle subjective et unique.\u00a0\u00a0<\/span><span data-ccp-props=\"{&quot;335551550&quot;:6,&quot;335551620&quot;:6}\">\u00a0<\/span><\/p>\r\n<p class=\"ai-optimize-31\"><span data-contrast=\"auto\">\u00ab\u202f<\/span><i><span data-contrast=\"auto\">Pour moi, la personne qui regarde mes tableaux est aussi artiste que moi\u202f: elle va participer \u00e0 l'\u0153uvre d'art, la voir avec sa propre perception, \u00e9prouver un sentiment personnel. C\u2019est le but du tableau<\/span><\/i><span data-contrast=\"auto\">.\u202f\u00bb Mathieu Piffeteau<\/span><\/p>","artwork_series":[2300],"artwork_query_group":"20","artwork_lowest_grid_position":1,"artwork_random_position":3644823,"explicit_sensitive_content":false,"drupal_id":""},"yoast_head":"<!-- This site is optimized with the Yoast SEO Premium plugin v27.3 (Yoast SEO v27.3) - https:\/\/yoast.com\/product\/yoast-seo-premium-wordpress\/ -->\n<title>Organique par Mathieu Piffeteau - Peinture contemporaine | Artistics<\/title>\n<meta name=\"description\" content=\"Organique par Mathieu Piffeteau - achetez en ligne cette \u0153uvre d\u2019art originale avec son certificat d\u2019authenticit\u00e9 et b\u00e9n\u00e9ficiez de notre service premium.\" \/>\n<meta name=\"robots\" content=\"index, follow, max-snippet:-1, max-image-preview:large, max-video-preview:-1\" \/>\n<link rel=\"canonical\" href=\"https:\/\/artistics.com\/fr\/oeuvre\/organique\/\" \/>\n<meta property=\"og:locale\" content=\"fr_FR\" \/>\n<meta property=\"og:type\" content=\"article\" \/>\n<meta property=\"og:title\" content=\"Organique\" \/>\n<meta property=\"og:description\" content=\"Organique par Mathieu Piffeteau - achetez en ligne cette \u0153uvre d\u2019art originale avec son certificat d\u2019authenticit\u00e9 et b\u00e9n\u00e9ficiez de notre service premium.\" \/>\n<meta property=\"og:url\" content=\"https:\/\/artistics.com\/fr\/oeuvre\/organique\/\" \/>\n<meta property=\"og:site_name\" content=\"Artistics\" \/>\n<meta property=\"article:publisher\" content=\"https:\/\/www.facebook.com\/ArtisticsMag\" \/>\n<meta property=\"article:modified_time\" content=\"2025-09-17T14:31:00+00:00\" \/>\n<meta property=\"og:image\" content=\"https:\/\/artistics.com\/wp-content\/uploads\/2025\/09\/organique-painting-by-mathieu-piffeteau-1-scaled.jpg\" \/>\n\t<meta property=\"og:image:width\" content=\"2097\" \/>\n\t<meta property=\"og:image:height\" content=\"2560\" \/>\n\t<meta property=\"og:image:type\" content=\"image\/jpeg\" \/>\n<meta name=\"twitter:card\" content=\"summary_large_image\" \/>\n<meta name=\"twitter:site\" content=\"@Artistics_FR\" \/>\n<meta name=\"twitter:label1\" content=\"Prix\" \/>\n\t<meta name=\"twitter:data1\" content=\"2 900&nbsp;&euro;\" \/>\n\t<meta name=\"twitter:label2\" content=\"Disponibilit\u00e9\" \/>\n\t<meta name=\"twitter:data2\" content=\"En stock\" \/>\n<script type=\"application\/ld+json\" class=\"yoast-schema-graph\">{\"@context\":\"https:\\\/\\\/schema.org\",\"@graph\":[{\"@type\":[\"WebPage\",\"ItemPage\"],\"@id\":\"https:\\\/\\\/artistics.com\\\/fr\\\/oeuvre\\\/organique\\\/\",\"url\":\"https:\\\/\\\/artistics.com\\\/fr\\\/oeuvre\\\/organique\\\/\",\"name\":\"Organique par Mathieu Piffeteau - Peinture contemporaine | Artistics\",\"isPartOf\":{\"@id\":\"https:\\\/\\\/artistics.com\\\/fr\\\/#website\"},\"primaryImageOfPage\":{\"@id\":\"https:\\\/\\\/artistics.com\\\/fr\\\/oeuvre\\\/organique\\\/#primaryimage\"},\"image\":{\"@id\":\"https:\\\/\\\/artistics.com\\\/fr\\\/oeuvre\\\/organique\\\/#primaryimage\"},\"thumbnailUrl\":\"https:\\\/\\\/artistics.com\\\/wp-content\\\/uploads\\\/2025\\\/09\\\/organique-painting-by-mathieu-piffeteau-1-scaled.jpg\",\"datePublished\":\"2025-09-15T14:59:55+00:00\",\"dateModified\":\"2025-09-17T14:31:00+00:00\",\"description\":\"Organique par Mathieu Piffeteau - achetez en ligne cette \u0153uvre d\u2019art originale avec son certificat d\u2019authenticit\u00e9 et b\u00e9n\u00e9ficiez de notre service premium.\",\"breadcrumb\":{\"@id\":\"https:\\\/\\\/artistics.com\\\/fr\\\/oeuvre\\\/organique\\\/#breadcrumb\"},\"inLanguage\":\"fr-FR\",\"potentialAction\":[{\"@type\":\"ReadAction\",\"target\":[\"https:\\\/\\\/artistics.com\\\/fr\\\/oeuvre\\\/organique\\\/\"]}]},{\"@type\":\"ImageObject\",\"inLanguage\":\"fr-FR\",\"@id\":\"https:\\\/\\\/artistics.com\\\/fr\\\/oeuvre\\\/organique\\\/#primaryimage\",\"url\":\"https:\\\/\\\/artistics.com\\\/wp-content\\\/uploads\\\/2025\\\/09\\\/organique-painting-by-mathieu-piffeteau-1-scaled.jpg\",\"contentUrl\":\"https:\\\/\\\/artistics.com\\\/wp-content\\\/uploads\\\/2025\\\/09\\\/organique-painting-by-mathieu-piffeteau-1-scaled.jpg\",\"width\":2097,\"height\":2560},{\"@type\":\"BreadcrumbList\",\"@id\":\"https:\\\/\\\/artistics.com\\\/fr\\\/oeuvre\\\/organique\\\/#breadcrumb\",\"itemListElement\":[{\"@type\":\"ListItem\",\"position\":1,\"name\":\"Achat \u0153uvre d'art\",\"item\":\"https:\\\/\\\/artistics.com\\\/fr\\\/\"},{\"@type\":\"ListItem\",\"position\":2,\"name\":\"Galerie\",\"item\":\"https:\\\/\\\/artistics.com\\\/fr\\\/galerie\\\/\"},{\"@type\":\"ListItem\",\"position\":3,\"name\":\"Peinture contemporaine\",\"item\":\"https:\\\/\\\/artistics.com\\\/fr\\\/categorie-oeuvre\\\/peinture-contemporaine\\\/\"},{\"@type\":\"ListItem\",\"position\":4,\"name\":\"Organique\"}]},{\"@type\":\"WebSite\",\"@id\":\"https:\\\/\\\/artistics.com\\\/fr\\\/#website\",\"url\":\"https:\\\/\\\/artistics.com\\\/fr\\\/\",\"name\":\"Artistics\",\"description\":\"The online art gallery\",\"publisher\":{\"@id\":\"https:\\\/\\\/artistics.com\\\/fr\\\/#organization\"},\"potentialAction\":[{\"@type\":\"SearchAction\",\"target\":{\"@type\":\"EntryPoint\",\"urlTemplate\":\"https:\\\/\\\/artistics.com\\\/fr\\\/?s={search_term_string}\"},\"query-input\":{\"@type\":\"PropertyValueSpecification\",\"valueRequired\":true,\"valueName\":\"search_term_string\"}}],\"inLanguage\":\"fr-FR\"},{\"@type\":\"Organization\",\"@id\":\"https:\\\/\\\/artistics.com\\\/fr\\\/#organization\",\"name\":\"Artistics\",\"url\":\"https:\\\/\\\/artistics.com\\\/fr\\\/\",\"logo\":{\"@type\":\"ImageObject\",\"inLanguage\":\"fr-FR\",\"@id\":\"https:\\\/\\\/artistics.com\\\/fr\\\/#\\\/schema\\\/logo\\\/image\\\/\",\"url\":\"https:\\\/\\\/artistics.com\\\/wp-content\\\/uploads\\\/2023\\\/02\\\/artistics-logo-web-1.svg\",\"contentUrl\":\"https:\\\/\\\/artistics.com\\\/wp-content\\\/uploads\\\/2023\\\/02\\\/artistics-logo-web-1.svg\",\"caption\":\"Artistics\"},\"image\":{\"@id\":\"https:\\\/\\\/artistics.com\\\/fr\\\/#\\\/schema\\\/logo\\\/image\\\/\"},\"sameAs\":[\"https:\\\/\\\/www.facebook.com\\\/ArtisticsMag\",\"https:\\\/\\\/x.com\\\/Artistics_FR\",\"http:\\\/\\\/www.linkedin.com\\\/company\\\/artistics\",\"https:\\\/\\\/www.instagram.com\\\/artistics_com\\\/\",\"http:\\\/\\\/www.pinterest.com\\\/ArtisticsMag\"],\"hasMerchantReturnPolicy\":{\"@type\":\"MerchantReturnPolicy\",\"merchantReturnLink\":\"https:\\\/\\\/artistics.com\\\/free-return-policy\\\/\"}}]}<\/script>\n<meta property=\"product:price:amount\" content=\"2900\" \/>\n<meta property=\"product:price:currency\" content=\"EUR\" \/>\n<meta property=\"og:availability\" content=\"instock\" \/>\n<meta property=\"product:availability\" content=\"instock\" \/>\n<meta property=\"product:condition\" content=\"new\" \/>\n<!-- \/ Yoast SEO Premium plugin. -->","yoast_head_json":{"title":"Organique par Mathieu Piffeteau - Peinture contemporaine | Artistics","description":"Organique par Mathieu Piffeteau - achetez en ligne cette \u0153uvre d\u2019art originale avec son certificat d\u2019authenticit\u00e9 et b\u00e9n\u00e9ficiez de notre service premium.","robots":{"index":"index","follow":"follow","max-snippet":"max-snippet:-1","max-image-preview":"max-image-preview:large","max-video-preview":"max-video-preview:-1"},"canonical":"https:\/\/artistics.com\/fr\/oeuvre\/organique\/","og_locale":"fr_FR","og_type":"article","og_title":"Organique","og_description":"Organique par Mathieu Piffeteau - achetez en ligne cette \u0153uvre d\u2019art originale avec son certificat d\u2019authenticit\u00e9 et b\u00e9n\u00e9ficiez de notre service premium.","og_url":"https:\/\/artistics.com\/fr\/oeuvre\/organique\/","og_site_name":"Artistics","article_publisher":"https:\/\/www.facebook.com\/ArtisticsMag","article_modified_time":"2025-09-17T14:31:00+00:00","og_image":[{"width":2097,"height":2560,"url":"https:\/\/artistics.com\/wp-content\/uploads\/2025\/09\/organique-painting-by-mathieu-piffeteau-1-scaled.jpg","type":"image\/jpeg"}],"twitter_card":"summary_large_image","twitter_site":"@Artistics_FR","twitter_misc":{"Prix":"2 900&nbsp;&euro;","Disponibilit\u00e9":"En stock"},"schema":{"@context":"https:\/\/schema.org","@graph":[{"@type":["WebPage","ItemPage"],"@id":"https:\/\/artistics.com\/fr\/oeuvre\/organique\/","url":"https:\/\/artistics.com\/fr\/oeuvre\/organique\/","name":"Organique par Mathieu Piffeteau - Peinture contemporaine | Artistics","isPartOf":{"@id":"https:\/\/artistics.com\/fr\/#website"},"primaryImageOfPage":{"@id":"https:\/\/artistics.com\/fr\/oeuvre\/organique\/#primaryimage"},"image":{"@id":"https:\/\/artistics.com\/fr\/oeuvre\/organique\/#primaryimage"},"thumbnailUrl":"https:\/\/artistics.com\/wp-content\/uploads\/2025\/09\/organique-painting-by-mathieu-piffeteau-1-scaled.jpg","datePublished":"2025-09-15T14:59:55+00:00","dateModified":"2025-09-17T14:31:00+00:00","description":"Organique par Mathieu Piffeteau - achetez en ligne cette \u0153uvre d\u2019art originale avec son certificat d\u2019authenticit\u00e9 et b\u00e9n\u00e9ficiez de notre service premium.","breadcrumb":{"@id":"https:\/\/artistics.com\/fr\/oeuvre\/organique\/#breadcrumb"},"inLanguage":"fr-FR","potentialAction":[{"@type":"ReadAction","target":["https:\/\/artistics.com\/fr\/oeuvre\/organique\/"]}]},{"@type":"ImageObject","inLanguage":"fr-FR","@id":"https:\/\/artistics.com\/fr\/oeuvre\/organique\/#primaryimage","url":"https:\/\/artistics.com\/wp-content\/uploads\/2025\/09\/organique-painting-by-mathieu-piffeteau-1-scaled.jpg","contentUrl":"https:\/\/artistics.com\/wp-content\/uploads\/2025\/09\/organique-painting-by-mathieu-piffeteau-1-scaled.jpg","width":2097,"height":2560},{"@type":"BreadcrumbList","@id":"https:\/\/artistics.com\/fr\/oeuvre\/organique\/#breadcrumb","itemListElement":[{"@type":"ListItem","position":1,"name":"Achat \u0153uvre d'art","item":"https:\/\/artistics.com\/fr\/"},{"@type":"ListItem","position":2,"name":"Galerie","item":"https:\/\/artistics.com\/fr\/galerie\/"},{"@type":"ListItem","position":3,"name":"Peinture contemporaine","item":"https:\/\/artistics.com\/fr\/categorie-oeuvre\/peinture-contemporaine\/"},{"@type":"ListItem","position":4,"name":"Organique"}]},{"@type":"WebSite","@id":"https:\/\/artistics.com\/fr\/#website","url":"https:\/\/artistics.com\/fr\/","name":"Artistics","description":"The online art gallery","publisher":{"@id":"https:\/\/artistics.com\/fr\/#organization"},"potentialAction":[{"@type":"SearchAction","target":{"@type":"EntryPoint","urlTemplate":"https:\/\/artistics.com\/fr\/?s={search_term_string}"},"query-input":{"@type":"PropertyValueSpecification","valueRequired":true,"valueName":"search_term_string"}}],"inLanguage":"fr-FR"},{"@type":"Organization","@id":"https:\/\/artistics.com\/fr\/#organization","name":"Artistics","url":"https:\/\/artistics.com\/fr\/","logo":{"@type":"ImageObject","inLanguage":"fr-FR","@id":"https:\/\/artistics.com\/fr\/#\/schema\/logo\/image\/","url":"https:\/\/artistics.com\/wp-content\/uploads\/2023\/02\/artistics-logo-web-1.svg","contentUrl":"https:\/\/artistics.com\/wp-content\/uploads\/2023\/02\/artistics-logo-web-1.svg","caption":"Artistics"},"image":{"@id":"https:\/\/artistics.com\/fr\/#\/schema\/logo\/image\/"},"sameAs":["https:\/\/www.facebook.com\/ArtisticsMag","https:\/\/x.com\/Artistics_FR","http:\/\/www.linkedin.com\/company\/artistics","https:\/\/www.instagram.com\/artistics_com\/","http:\/\/www.pinterest.com\/ArtisticsMag"],"hasMerchantReturnPolicy":{"@type":"MerchantReturnPolicy","merchantReturnLink":"https:\/\/artistics.com\/free-return-policy\/"}}]},"product_price_amount":"2900","product_price_currency":"EUR","og_availability":"instock","product_availability":"instock","product_condition":"new"},"_links":{"self":[{"href":"https:\/\/artistics.com\/fr\/wp-json\/wp\/v2\/product\/89058","targetHints":{"allow":["GET"]}}],"collection":[{"href":"https:\/\/artistics.com\/fr\/wp-json\/wp\/v2\/product"}],"about":[{"href":"https:\/\/artistics.com\/fr\/wp-json\/wp\/v2\/types\/product"}],"acf:term":[{"embeddable":true,"taxonomy":"series","href":"https:\/\/artistics.com\/fr\/wp-json\/wp\/v2\/series\/2300"},{"embeddable":true,"taxonomy":"product_tag","href":"https:\/\/artistics.com\/fr\/wp-json\/wp\/v2\/product_tag\/2506"},{"embeddable":true,"taxonomy":"product_tag","href":"https:\/\/artistics.com\/fr\/wp-json\/wp\/v2\/product_tag\/354"},{"embeddable":true,"taxonomy":"product_tag","href":"https:\/\/artistics.com\/fr\/wp-json\/wp\/v2\/product_tag\/570"},{"embeddable":true,"taxonomy":"product_tag","href":"https:\/\/artistics.com\/fr\/wp-json\/wp\/v2\/product_tag\/573"},{"embeddable":true,"taxonomy":"product_cat","href":"https:\/\/artistics.com\/fr\/wp-json\/wp\/v2\/product_cat\/235"},{"embeddable":true,"taxonomy":"product_cat","href":"https:\/\/artistics.com\/fr\/wp-json\/wp\/v2\/product_cat\/216"},{"embeddable":true,"taxonomy":"product_cat","href":"https:\/\/artistics.com\/fr\/wp-json\/wp\/v2\/product_cat\/193"},{"embeddable":true,"taxonomy":"product_cat","href":"https:\/\/artistics.com\/fr\/wp-json\/wp\/v2\/product_cat\/2243"},{"embeddable":true,"taxonomy":"product_cat","href":"https:\/\/artistics.com\/fr\/wp-json\/wp\/v2\/product_cat\/428"},{"embeddable":true,"taxonomy":"product_cat","href":"https:\/\/artistics.com\/fr\/wp-json\/wp\/v2\/product_cat\/174"},{"embeddable":true,"taxonomy":"product_cat","href":"https:\/\/artistics.com\/fr\/wp-json\/wp\/v2\/product_cat\/171"},{"embeddable":true,"taxonomy":"product_cat","href":"https:\/\/artistics.com\/fr\/wp-json\/wp\/v2\/product_cat\/169"},{"embeddable":true,"taxonomy":"product_cat","href":"https:\/\/artistics.com\/fr\/wp-json\/wp\/v2\/product_cat\/162"}],"acf:post":[{"embeddable":true,"href":"https:\/\/artistics.com\/fr\/wp-json\/wp\/v2\/artist\/55679"}],"wp:featuredmedia":[{"embeddable":true,"href":"https:\/\/artistics.com\/fr\/wp-json\/wp\/v2\/media\/88992"}],"wp:attachment":[{"href":"https:\/\/artistics.com\/fr\/wp-json\/wp\/v2\/media?parent=89058"}],"wp:term":[{"taxonomy":"product_cat","embeddable":true,"href":"https:\/\/artistics.com\/fr\/wp-json\/wp\/v2\/product_cat?post=89058"},{"taxonomy":"product_tag","embeddable":true,"href":"https:\/\/artistics.com\/fr\/wp-json\/wp\/v2\/product_tag?post=89058"},{"taxonomy":"series","embeddable":true,"href":"https:\/\/artistics.com\/fr\/wp-json\/wp\/v2\/series?post=89058"}],"curies":[{"name":"wp","href":"https:\/\/api.w.org\/{rel}","templated":true}]}}