{"id":88529,"date":"2025-09-09T12:12:03","date_gmt":"2025-09-09T10:12:03","guid":{"rendered":"https:\/\/artistics.com\/?post_type=product&#038;p=88529"},"modified":"2025-09-09T15:40:07","modified_gmt":"2025-09-09T13:40:07","slug":"longing-instant-at-dusk-15","status":"publish","type":"product","link":"https:\/\/artistics.com\/fr\/oeuvre\/longing-instant-at-dusk-15\/","title":{"rendered":"Longing instant at dusk #15"},"content":{"rendered":"","protected":false},"excerpt":{"rendered":"","protected":false},"featured_media":88314,"template":"","meta":{"_acf_changed":false,"_searchwp_excluded":"","inline_featured_image":false},"product_cat":[235,194,2488,162,168,217],"product_tag":[563,536,542,573],"series":[2536],"class_list":{"0":"post-88529","1":"product","2":"type-product","3":"status-publish","4":"has-post-thumbnail","6":"product_cat-de-1000-a-3000-e","7":"product_cat-nature-et-paysage","8":"product_cat-oeuvre-dart-asiatique","9":"product_cat-peinture-contemporaine","10":"product_cat-peinture-japonaise","11":"product_cat-petit","12":"product_tag-bleu","13":"product_tag-feuille-dargent","14":"product_tag-pigment-fr","15":"product_tag-violet-fr","16":"series-shoko-okumura-ephemeral-moments-fr","18":"first","19":"instock","20":"shipping-taxable","21":"purchasable","22":"product-type-simple"},"acf":{"artwork_artist":[87492],"artwork_medium":162,"artwork_categories":[194,168],"artwork_overall-tones":[],"artwork_main-material":[],"artwork_art-genre":[194],"artwork_art-movement":[2488],"artwork_miscellaneous":[],"artwork_formats":[217],"artwork_price-ranges":[235],"artwork_main_subject":[],"artwork_technique":[542,536],"artwork_featured_location":[],"artwork_dominant_color":[563,573],"artwork_physical_attributes":[],"artwork_creation_date":"20230101","artwork_unique_piece":true,"artwork_description":"Pigments et feuille d'argent sur papier japonais maroufl\u00e9 sur panneau de bois","artwork_signature":"\u0152uvre sign\u00e9e","artwork_authenticity":"L\u2019\u0153uvre est vendue avec un certificat d\u2019authenticit\u00e9 sign\u00e9 par l\u2019artiste.","artwork_framing":"not_specified","artwork_has_custom_framing_info":true,"artwork_custom_framing_info":"Cette \u0153uvre est vendue encadr\u00e9e. Dimensions sans cadre : 42 H x 22 L cm. Dimensions avec cadre : 59,2 H x 36,2 L x 4 P cm.","artwork_location_country":"JP","artwork_location_city":"","artwork_location_zipcode":"","artwork_shipment_type":"2D_flat_artwork","artwork_shipping_delivery":"painting_immediate_availability","artwork_has_custom_shipping_delivery_info":false,"artwork_custom_shipping_delivery_info":"Not specified","artwork_360_view_url":"","artwork_video_url":"https:\/\/youtube.com\/watch\/zcsZpVsGHyU?si=iMM_WPaU-mymuePX","artwork_video_format":[],"artwork_preview_type":"auto","artwork_reserved":false,"artwork_hide_price":false,"artwork_about":"<p class=\"ai-optimize-24\"><em><strong>Longing instant at dusk #15<\/strong><\/em> est une peinture de l\u2019artiste japonaise Shoko Okumura, issue de la s\u00e9rie <em>Ephemeral Moments<\/em>. Ce tableau repr\u00e9sente un ciel cr\u00e9pusculaire aux tons doux de rose et de violet m\u00eal\u00e9s au bleu profond, encadr\u00e9 par de fines branches d'arbres. Deux tra\u00een\u00e9es lumineuses traversent les nuages en diagonale tandis que de petites \u00e9toiles scintillent faiblement dans la lumi\u00e8re paisible du soir.<\/p>\r\n<p class=\"ai-optimize-29\">Dans <em>Ephemeral Moments<\/em>, Shoko Okumura capte la beaut\u00e9 fragile de l\u2019instant \u00e0 travers des paysages naturels. La s\u00e9rie est inspir\u00e9e par le concept japonais de mono no aware, qui exprime une conscience profonde de l\u2019impermanence du monde et une m\u00e9lancolie douce mais profonde face \u00e0 la fugacit\u00e9 des choses. Les compositions immortalisent avec po\u00e9sie et d\u00e9licatesse les instants \u00e9ph\u00e9m\u00e8res du cr\u00e9puscule, lorsque lumi\u00e8re et couleurs se transforment \u00e0 chaque moment. Ephemeral Moments est une invitation \u00e0 contempler ce qui est sur le point de changer \u2014 et \u00e0 y trouver, paradoxalement, une forme de permanence \u00e9motionnelle.<\/p>\r\n<p class=\"ai-optimize-30\"><em>\u00ab La vie est faite de choses permanentes et temporaires, qui sont \u00e0 la fois belles et harmonieuses. Nous devrions en appr\u00e9cier et en admirer chaque instant. \u00bb<\/em> Shoko Okumura<\/p>\r\n<p class=\"ai-optimize-27\">Les \u0153uvres de Shoko Okumura explorent le lien entre l\u2019homme et la nature. Inspir\u00e9e par les croyances shinto\u00efstes, qui consid\u00e8rent la nature comme sacr\u00e9e et habit\u00e9e par des forces invisibles, l\u2019artiste donne vie aux \u00e9l\u00e9ments naturels \u00e0 travers des tableaux d\u00e9licats, illumin\u00e9s par des feuilles d\u2019or et d\u2019argent. Sa peinture c\u00e9l\u00e8bre une nature anim\u00e9e et en mouvement, reflet d\u2019un monde o\u00f9 chaque d\u00e9tail est porteur de sens. En capturant l\u2019instant pr\u00e9sent dans des paysages naturels en perp\u00e9tuelle transformation, elle cherche \u00e0 figer l\u2019essence de l\u2019instant. Cette approche, \u00e0 la fois esth\u00e9tique et philosophique, fait de sa peinture une m\u00e9ditation sur le temps et la vie.<\/p>\r\n<p class=\"ai-optimize-28\">N\u00e9e \u00e0 Tokyo en 1983, Shoko Okumura fusionne les traditions artistiques japonaise et italienne. Apr\u00e8s s'\u00eatre form\u00e9e \u00e0 la peinture traditionnelle au Japon, puis \u00e0 la restauration de fresques \u00e0 Florence, elle d\u00e9veloppe une technique unique m\u00ealant feuilles d'or sur papier japonais et pigments des deux cultures. Install\u00e9e entre Milan et Tokyo, elle expose depuis 2010 en Europe et au Japon, et collabore dans des domaines vari\u00e9s comme la mode ou la joaillerie.<\/p>\r\n<p class=\"ai-optimize-25\">Cette \u0153uvre est vendue encadr\u00e9e. Dimensions sans cadre : 42 H x 22 L cm. Dimensions avec cadre : 59,2 H x 36,2 L x 4 P cm.<\/p>","artwork_series":[2536],"artwork_query_group":"10","artwork_lowest_grid_position":1,"artwork_random_position":8496696,"explicit_sensitive_content":false,"drupal_id":""},"yoast_head":"<!-- This site is optimized with the Yoast SEO Premium plugin v27.3 (Yoast SEO v27.3) - https:\/\/yoast.com\/product\/yoast-seo-premium-wordpress\/ -->\n<title>Longing instant at dusk #15 par Shoko Okumura - Peinture contemporaine | Artistics<\/title>\n<meta name=\"description\" content=\"Longing instant at dusk #15 par Shoko Okumura - achetez en ligne cette \u0153uvre d\u2019art originale avec son certificat d\u2019authenticit\u00e9 et b\u00e9n\u00e9ficiez de notre service premium.\" \/>\n<meta name=\"robots\" content=\"index, follow, max-snippet:-1, max-image-preview:large, max-video-preview:-1\" \/>\n<link rel=\"canonical\" href=\"https:\/\/artistics.com\/fr\/oeuvre\/longing-instant-at-dusk-15\/\" \/>\n<meta property=\"og:locale\" content=\"fr_FR\" \/>\n<meta property=\"og:type\" content=\"article\" \/>\n<meta property=\"og:title\" content=\"Longing instant at dusk #15\" \/>\n<meta property=\"og:description\" content=\"Longing instant at dusk #15 par Shoko Okumura - achetez en ligne cette \u0153uvre d\u2019art originale avec son certificat d\u2019authenticit\u00e9 et b\u00e9n\u00e9ficiez de notre service premium.\" \/>\n<meta property=\"og:url\" content=\"https:\/\/artistics.com\/fr\/oeuvre\/longing-instant-at-dusk-15\/\" \/>\n<meta property=\"og:site_name\" content=\"Artistics\" \/>\n<meta property=\"article:publisher\" content=\"https:\/\/www.facebook.com\/ArtisticsMag\" \/>\n<meta property=\"article:modified_time\" content=\"2025-09-09T13:40:07+00:00\" \/>\n<meta property=\"og:image\" content=\"https:\/\/artistics.com\/wp-content\/uploads\/2025\/09\/longing-instant-at-dusk-15-painting-by-shoko-okumura-1.jpg\" \/>\n\t<meta property=\"og:image:width\" content=\"999\" \/>\n\t<meta property=\"og:image:height\" content=\"2000\" \/>\n\t<meta property=\"og:image:type\" content=\"image\/jpeg\" \/>\n<meta name=\"twitter:card\" content=\"summary_large_image\" \/>\n<meta name=\"twitter:site\" content=\"@Artistics_FR\" \/>\n<meta name=\"twitter:label1\" content=\"Prix\" \/>\n\t<meta name=\"twitter:data1\" content=\"2 200&nbsp;&euro;\" \/>\n\t<meta name=\"twitter:label2\" content=\"Disponibilit\u00e9\" \/>\n\t<meta name=\"twitter:data2\" content=\"En stock\" \/>\n<script type=\"application\/ld+json\" class=\"yoast-schema-graph\">{\"@context\":\"https:\\\/\\\/schema.org\",\"@graph\":[{\"@type\":[\"WebPage\",\"ItemPage\"],\"@id\":\"https:\\\/\\\/artistics.com\\\/fr\\\/oeuvre\\\/longing-instant-at-dusk-15\\\/\",\"url\":\"https:\\\/\\\/artistics.com\\\/fr\\\/oeuvre\\\/longing-instant-at-dusk-15\\\/\",\"name\":\"Longing instant at dusk #15 par Shoko Okumura - Peinture contemporaine | Artistics\",\"isPartOf\":{\"@id\":\"https:\\\/\\\/artistics.com\\\/fr\\\/#website\"},\"primaryImageOfPage\":{\"@id\":\"https:\\\/\\\/artistics.com\\\/fr\\\/oeuvre\\\/longing-instant-at-dusk-15\\\/#primaryimage\"},\"image\":{\"@id\":\"https:\\\/\\\/artistics.com\\\/fr\\\/oeuvre\\\/longing-instant-at-dusk-15\\\/#primaryimage\"},\"thumbnailUrl\":\"https:\\\/\\\/artistics.com\\\/wp-content\\\/uploads\\\/2025\\\/09\\\/longing-instant-at-dusk-15-painting-by-shoko-okumura-1.jpg\",\"datePublished\":\"2025-09-09T10:12:03+00:00\",\"dateModified\":\"2025-09-09T13:40:07+00:00\",\"description\":\"Longing instant at dusk #15 par Shoko Okumura - achetez en ligne cette \u0153uvre d\u2019art originale avec son certificat d\u2019authenticit\u00e9 et b\u00e9n\u00e9ficiez de notre service premium.\",\"breadcrumb\":{\"@id\":\"https:\\\/\\\/artistics.com\\\/fr\\\/oeuvre\\\/longing-instant-at-dusk-15\\\/#breadcrumb\"},\"inLanguage\":\"fr-FR\",\"potentialAction\":[{\"@type\":\"ReadAction\",\"target\":[\"https:\\\/\\\/artistics.com\\\/fr\\\/oeuvre\\\/longing-instant-at-dusk-15\\\/\"]}]},{\"@type\":\"ImageObject\",\"inLanguage\":\"fr-FR\",\"@id\":\"https:\\\/\\\/artistics.com\\\/fr\\\/oeuvre\\\/longing-instant-at-dusk-15\\\/#primaryimage\",\"url\":\"https:\\\/\\\/artistics.com\\\/wp-content\\\/uploads\\\/2025\\\/09\\\/longing-instant-at-dusk-15-painting-by-shoko-okumura-1.jpg\",\"contentUrl\":\"https:\\\/\\\/artistics.com\\\/wp-content\\\/uploads\\\/2025\\\/09\\\/longing-instant-at-dusk-15-painting-by-shoko-okumura-1.jpg\",\"width\":999,\"height\":2000},{\"@type\":\"BreadcrumbList\",\"@id\":\"https:\\\/\\\/artistics.com\\\/fr\\\/oeuvre\\\/longing-instant-at-dusk-15\\\/#breadcrumb\",\"itemListElement\":[{\"@type\":\"ListItem\",\"position\":1,\"name\":\"Achat \u0153uvre d'art\",\"item\":\"https:\\\/\\\/artistics.com\\\/fr\\\/\"},{\"@type\":\"ListItem\",\"position\":2,\"name\":\"Galerie\",\"item\":\"https:\\\/\\\/artistics.com\\\/fr\\\/galerie\\\/\"},{\"@type\":\"ListItem\",\"position\":3,\"name\":\"Peinture contemporaine\",\"item\":\"https:\\\/\\\/artistics.com\\\/fr\\\/categorie-oeuvre\\\/peinture-contemporaine\\\/\"},{\"@type\":\"ListItem\",\"position\":4,\"name\":\"Longing instant at dusk #15\"}]},{\"@type\":\"WebSite\",\"@id\":\"https:\\\/\\\/artistics.com\\\/fr\\\/#website\",\"url\":\"https:\\\/\\\/artistics.com\\\/fr\\\/\",\"name\":\"Artistics\",\"description\":\"The online art gallery\",\"publisher\":{\"@id\":\"https:\\\/\\\/artistics.com\\\/fr\\\/#organization\"},\"potentialAction\":[{\"@type\":\"SearchAction\",\"target\":{\"@type\":\"EntryPoint\",\"urlTemplate\":\"https:\\\/\\\/artistics.com\\\/fr\\\/?s={search_term_string}\"},\"query-input\":{\"@type\":\"PropertyValueSpecification\",\"valueRequired\":true,\"valueName\":\"search_term_string\"}}],\"inLanguage\":\"fr-FR\"},{\"@type\":\"Organization\",\"@id\":\"https:\\\/\\\/artistics.com\\\/fr\\\/#organization\",\"name\":\"Artistics\",\"url\":\"https:\\\/\\\/artistics.com\\\/fr\\\/\",\"logo\":{\"@type\":\"ImageObject\",\"inLanguage\":\"fr-FR\",\"@id\":\"https:\\\/\\\/artistics.com\\\/fr\\\/#\\\/schema\\\/logo\\\/image\\\/\",\"url\":\"https:\\\/\\\/artistics.com\\\/wp-content\\\/uploads\\\/2023\\\/02\\\/artistics-logo-web-1.svg\",\"contentUrl\":\"https:\\\/\\\/artistics.com\\\/wp-content\\\/uploads\\\/2023\\\/02\\\/artistics-logo-web-1.svg\",\"caption\":\"Artistics\"},\"image\":{\"@id\":\"https:\\\/\\\/artistics.com\\\/fr\\\/#\\\/schema\\\/logo\\\/image\\\/\"},\"sameAs\":[\"https:\\\/\\\/www.facebook.com\\\/ArtisticsMag\",\"https:\\\/\\\/x.com\\\/Artistics_FR\",\"http:\\\/\\\/www.linkedin.com\\\/company\\\/artistics\",\"https:\\\/\\\/www.instagram.com\\\/artistics_com\\\/\",\"http:\\\/\\\/www.pinterest.com\\\/ArtisticsMag\"],\"hasMerchantReturnPolicy\":{\"@type\":\"MerchantReturnPolicy\",\"merchantReturnLink\":\"https:\\\/\\\/artistics.com\\\/free-return-policy\\\/\"}}]}<\/script>\n<meta property=\"product:price:amount\" content=\"2200\" \/>\n<meta property=\"product:price:currency\" content=\"EUR\" \/>\n<meta property=\"og:availability\" content=\"instock\" \/>\n<meta property=\"product:availability\" content=\"instock\" \/>\n<meta property=\"product:condition\" content=\"new\" \/>\n<!-- \/ Yoast SEO Premium plugin. -->","yoast_head_json":{"title":"Longing instant at dusk #15 par Shoko Okumura - Peinture contemporaine | Artistics","description":"Longing instant at dusk #15 par Shoko Okumura - achetez en ligne cette \u0153uvre d\u2019art originale avec son certificat d\u2019authenticit\u00e9 et b\u00e9n\u00e9ficiez de notre service premium.","robots":{"index":"index","follow":"follow","max-snippet":"max-snippet:-1","max-image-preview":"max-image-preview:large","max-video-preview":"max-video-preview:-1"},"canonical":"https:\/\/artistics.com\/fr\/oeuvre\/longing-instant-at-dusk-15\/","og_locale":"fr_FR","og_type":"article","og_title":"Longing instant at dusk #15","og_description":"Longing instant at dusk #15 par Shoko Okumura - achetez en ligne cette \u0153uvre d\u2019art originale avec son certificat d\u2019authenticit\u00e9 et b\u00e9n\u00e9ficiez de notre service premium.","og_url":"https:\/\/artistics.com\/fr\/oeuvre\/longing-instant-at-dusk-15\/","og_site_name":"Artistics","article_publisher":"https:\/\/www.facebook.com\/ArtisticsMag","article_modified_time":"2025-09-09T13:40:07+00:00","og_image":[{"width":999,"height":2000,"url":"https:\/\/artistics.com\/wp-content\/uploads\/2025\/09\/longing-instant-at-dusk-15-painting-by-shoko-okumura-1.jpg","type":"image\/jpeg"}],"twitter_card":"summary_large_image","twitter_site":"@Artistics_FR","twitter_misc":{"Prix":"2 200&nbsp;&euro;","Disponibilit\u00e9":"En stock"},"schema":{"@context":"https:\/\/schema.org","@graph":[{"@type":["WebPage","ItemPage"],"@id":"https:\/\/artistics.com\/fr\/oeuvre\/longing-instant-at-dusk-15\/","url":"https:\/\/artistics.com\/fr\/oeuvre\/longing-instant-at-dusk-15\/","name":"Longing instant at dusk #15 par Shoko Okumura - Peinture contemporaine | Artistics","isPartOf":{"@id":"https:\/\/artistics.com\/fr\/#website"},"primaryImageOfPage":{"@id":"https:\/\/artistics.com\/fr\/oeuvre\/longing-instant-at-dusk-15\/#primaryimage"},"image":{"@id":"https:\/\/artistics.com\/fr\/oeuvre\/longing-instant-at-dusk-15\/#primaryimage"},"thumbnailUrl":"https:\/\/artistics.com\/wp-content\/uploads\/2025\/09\/longing-instant-at-dusk-15-painting-by-shoko-okumura-1.jpg","datePublished":"2025-09-09T10:12:03+00:00","dateModified":"2025-09-09T13:40:07+00:00","description":"Longing instant at dusk #15 par Shoko Okumura - achetez en ligne cette \u0153uvre d\u2019art originale avec son certificat d\u2019authenticit\u00e9 et b\u00e9n\u00e9ficiez de notre service premium.","breadcrumb":{"@id":"https:\/\/artistics.com\/fr\/oeuvre\/longing-instant-at-dusk-15\/#breadcrumb"},"inLanguage":"fr-FR","potentialAction":[{"@type":"ReadAction","target":["https:\/\/artistics.com\/fr\/oeuvre\/longing-instant-at-dusk-15\/"]}]},{"@type":"ImageObject","inLanguage":"fr-FR","@id":"https:\/\/artistics.com\/fr\/oeuvre\/longing-instant-at-dusk-15\/#primaryimage","url":"https:\/\/artistics.com\/wp-content\/uploads\/2025\/09\/longing-instant-at-dusk-15-painting-by-shoko-okumura-1.jpg","contentUrl":"https:\/\/artistics.com\/wp-content\/uploads\/2025\/09\/longing-instant-at-dusk-15-painting-by-shoko-okumura-1.jpg","width":999,"height":2000},{"@type":"BreadcrumbList","@id":"https:\/\/artistics.com\/fr\/oeuvre\/longing-instant-at-dusk-15\/#breadcrumb","itemListElement":[{"@type":"ListItem","position":1,"name":"Achat \u0153uvre d'art","item":"https:\/\/artistics.com\/fr\/"},{"@type":"ListItem","position":2,"name":"Galerie","item":"https:\/\/artistics.com\/fr\/galerie\/"},{"@type":"ListItem","position":3,"name":"Peinture contemporaine","item":"https:\/\/artistics.com\/fr\/categorie-oeuvre\/peinture-contemporaine\/"},{"@type":"ListItem","position":4,"name":"Longing instant at dusk #15"}]},{"@type":"WebSite","@id":"https:\/\/artistics.com\/fr\/#website","url":"https:\/\/artistics.com\/fr\/","name":"Artistics","description":"The online art gallery","publisher":{"@id":"https:\/\/artistics.com\/fr\/#organization"},"potentialAction":[{"@type":"SearchAction","target":{"@type":"EntryPoint","urlTemplate":"https:\/\/artistics.com\/fr\/?s={search_term_string}"},"query-input":{"@type":"PropertyValueSpecification","valueRequired":true,"valueName":"search_term_string"}}],"inLanguage":"fr-FR"},{"@type":"Organization","@id":"https:\/\/artistics.com\/fr\/#organization","name":"Artistics","url":"https:\/\/artistics.com\/fr\/","logo":{"@type":"ImageObject","inLanguage":"fr-FR","@id":"https:\/\/artistics.com\/fr\/#\/schema\/logo\/image\/","url":"https:\/\/artistics.com\/wp-content\/uploads\/2023\/02\/artistics-logo-web-1.svg","contentUrl":"https:\/\/artistics.com\/wp-content\/uploads\/2023\/02\/artistics-logo-web-1.svg","caption":"Artistics"},"image":{"@id":"https:\/\/artistics.com\/fr\/#\/schema\/logo\/image\/"},"sameAs":["https:\/\/www.facebook.com\/ArtisticsMag","https:\/\/x.com\/Artistics_FR","http:\/\/www.linkedin.com\/company\/artistics","https:\/\/www.instagram.com\/artistics_com\/","http:\/\/www.pinterest.com\/ArtisticsMag"],"hasMerchantReturnPolicy":{"@type":"MerchantReturnPolicy","merchantReturnLink":"https:\/\/artistics.com\/free-return-policy\/"}}]},"product_price_amount":"2200","product_price_currency":"EUR","og_availability":"instock","product_availability":"instock","product_condition":"new"},"_links":{"self":[{"href":"https:\/\/artistics.com\/fr\/wp-json\/wp\/v2\/product\/88529","targetHints":{"allow":["GET"]}}],"collection":[{"href":"https:\/\/artistics.com\/fr\/wp-json\/wp\/v2\/product"}],"about":[{"href":"https:\/\/artistics.com\/fr\/wp-json\/wp\/v2\/types\/product"}],"acf:term":[{"embeddable":true,"taxonomy":"series","href":"https:\/\/artistics.com\/fr\/wp-json\/wp\/v2\/series\/2536"},{"embeddable":true,"taxonomy":"product_tag","href":"https:\/\/artistics.com\/fr\/wp-json\/wp\/v2\/product_tag\/573"},{"embeddable":true,"taxonomy":"product_tag","href":"https:\/\/artistics.com\/fr\/wp-json\/wp\/v2\/product_tag\/563"},{"embeddable":true,"taxonomy":"product_tag","href":"https:\/\/artistics.com\/fr\/wp-json\/wp\/v2\/product_tag\/536"},{"embeddable":true,"taxonomy":"product_tag","href":"https:\/\/artistics.com\/fr\/wp-json\/wp\/v2\/product_tag\/542"},{"embeddable":true,"taxonomy":"product_cat","href":"https:\/\/artistics.com\/fr\/wp-json\/wp\/v2\/product_cat\/235"},{"embeddable":true,"taxonomy":"product_cat","href":"https:\/\/artistics.com\/fr\/wp-json\/wp\/v2\/product_cat\/217"},{"embeddable":true,"taxonomy":"product_cat","href":"https:\/\/artistics.com\/fr\/wp-json\/wp\/v2\/product_cat\/2488"},{"embeddable":true,"taxonomy":"product_cat","href":"https:\/\/artistics.com\/fr\/wp-json\/wp\/v2\/product_cat\/168"},{"embeddable":true,"taxonomy":"product_cat","href":"https:\/\/artistics.com\/fr\/wp-json\/wp\/v2\/product_cat\/194"},{"embeddable":true,"taxonomy":"product_cat","href":"https:\/\/artistics.com\/fr\/wp-json\/wp\/v2\/product_cat\/162"}],"acf:post":[{"embeddable":true,"href":"https:\/\/artistics.com\/fr\/wp-json\/wp\/v2\/artist\/87492"}],"wp:featuredmedia":[{"embeddable":true,"href":"https:\/\/artistics.com\/fr\/wp-json\/wp\/v2\/media\/88314"}],"wp:attachment":[{"href":"https:\/\/artistics.com\/fr\/wp-json\/wp\/v2\/media?parent=88529"}],"wp:term":[{"taxonomy":"product_cat","embeddable":true,"href":"https:\/\/artistics.com\/fr\/wp-json\/wp\/v2\/product_cat?post=88529"},{"taxonomy":"product_tag","embeddable":true,"href":"https:\/\/artistics.com\/fr\/wp-json\/wp\/v2\/product_tag?post=88529"},{"taxonomy":"series","embeddable":true,"href":"https:\/\/artistics.com\/fr\/wp-json\/wp\/v2\/series?post=88529"}],"curies":[{"name":"wp","href":"https:\/\/api.w.org\/{rel}","templated":true}]}}