{"id":88457,"date":"2025-09-05T12:42:02","date_gmt":"2025-09-05T10:42:02","guid":{"rendered":"https:\/\/artistics.com\/?post_type=product&#038;p=88457"},"modified":"2026-01-21T17:58:24","modified_gmt":"2026-01-21T16:58:24","slug":"titos-fist-echoes-of-utopia","status":"publish","type":"product","link":"https:\/\/artistics.com\/fr\/oeuvre\/titos-fist-echoes-of-utopia\/","title":{"rendered":"Tito&rsquo;s Fist, Echoes of Utopia"},"content":{"rendered":"","protected":false},"excerpt":{"rendered":"","protected":false},"featured_media":88449,"template":"","meta":{"_acf_changed":false,"_searchwp_excluded":"","inline_featured_image":false},"product_cat":[428,415,163,191,197,200,215,216,235],"product_tag":[568],"series":[2528],"class_list":{"0":"post-88457","1":"product","2":"type-product","3":"status-publish","4":"has-post-thumbnail","6":"product_cat-couleurs-neutres","7":"product_cat-paysage-urbain","8":"product_cat-photographie-contemporaine","9":"product_cat-architectures","10":"product_cat-lieux-abandonnes","11":"product_cat-photographie-darchitecture","12":"product_cat-grand","13":"product_cat-moyen","14":"product_cat-de-1000-a-3000-e","15":"product_tag-noir-et-blanc","16":"series-christian-houge-echoes-of-utopia-fr","18":"first","19":"instock","20":"shipping-taxable","21":"purchasable","22":"product-type-variable","23":"has-default-attributes"},"acf":{"artwork_artist":[2763],"artwork_medium":163,"artwork_categories":[200,197],"artwork_overall-tones":[428],"artwork_main-material":[],"artwork_art-genre":[415,191],"artwork_art-movement":[],"artwork_miscellaneous":[],"artwork_formats":[216,215],"artwork_price-ranges":[235],"artwork_main_subject":[],"artwork_technique":[],"artwork_featured_location":[],"artwork_dominant_color":[568],"artwork_physical_attributes":[],"artwork_creation_date":"20250101","artwork_unique_piece":false,"artwork_description":"Impression pigmentaire Archival sur papier coton Canson contrecoll\u00e9e sur aluminium","artwork_signature":"\u0152uvre sign\u00e9e","artwork_authenticity":"L\u2019\u0153uvre est vendue avec un certificat d\u2019authenticit\u00e9 sign\u00e9 par l\u2019artiste.","artwork_framing":"unframed","artwork_has_custom_framing_info":false,"artwork_custom_framing_info":"Not specified","artwork_location_country":"","artwork_location_city":"","artwork_location_zipcode":"","artwork_shipment_type":"2D_flat_artwork","artwork_shipping_delivery":"photography_production_time","artwork_has_custom_shipping_delivery_info":false,"artwork_custom_shipping_delivery_info":"Not specified","artwork_360_view_url":"","artwork_video_url":"","artwork_video_format":[],"artwork_preview_type":"auto","artwork_reserved":false,"artwork_hide_price":false,"artwork_about":"<p class=\"ai-optimize-32\"><em><strong>Titi's Fist<\/strong><\/em>\u00a0est une photographie de Christian Houge issue de la s\u00e9rie <em>Echoes of Utopia<\/em>. Elle\u00a0repr\u00e9sente le Monument \u00e0 la bataille pour les bless\u00e9s en Bosnie-Herz\u00e9govine, con\u00e7u par Bo\u0161ko Ku\u0107anski et achev\u00e9 en 1978. Le monument a \u00e9t\u00e9 d\u00e9truit en 2000 et abandonn\u00e9. Cette s\u00e9rie est propos\u00e9e pour la premi\u00e8re fois \u00e0 la vente sur Artistics.<\/p>\r\n<p class=\"ai-optimize-25\">La s\u00e9rie <em>\u00c9chos d\u2019utopie<\/em> (2025) explore les vestiges des <em>Spomeniks<\/em> abandonn\u00e9s de l\u2019ex-Yougoslavie. Ces monuments comm\u00e9moratifs en b\u00e9ton, dont le terme signifie \u2018monument\u2019 en serbo-croate, furent \u00e9rig\u00e9s sous le r\u00e9gime de Tito, principalement entre les ann\u00e9es 1960 et 1980, pour honorer les victimes et les h\u00e9ros de la Seconde Guerre mondiale. Il s\u2019agit souvent d\u2019architectures monumentales, caract\u00e9ris\u00e9es par des formes abstraites et une esth\u00e9tique brutaliste aux accents futuristes. Autrefois \u00e9rig\u00e9s comme embl\u00e8mes de l\u2019identit\u00e9 collective, du progr\u00e8s et d\u2019un id\u00e9al utopique, les <em>Spomeniks<\/em> ont, pour la plupart, sombr\u00e9 dans l\u2019abandon apr\u00e8s l\u2019\u00e9clatement de la Yougoslavie. Pourtant, ils continuent de captiver par leur forte puissance visuelle et la m\u00e9moire collective qu\u2019ils incarnent.<\/p>\r\n<p class=\"ai-optimize-26\">Pour cette s\u00e9rie, Christian Houge d\u00e9cide d\u2019utiliser la technique du collodion humide \u2013 un proc\u00e9d\u00e9 photographique d\u00e9couvert par le Britannique Frederick Scott Archer en 1851. Reconnu pour son rendu unique, organique et d\u2019une qualit\u00e9 exceptionnelle, ce proc\u00e9d\u00e9 est toutefois d\u2019une grande complexit\u00e9, impliquant des processus chimiques complexes et des temps de r\u00e9alisation tr\u00e8s longs qui expliquent la raret\u00e9 de son usage. Le photographe opte ici pour cette technique car elle implique une part d\u2019impr\u00e9vu et qu\u2019elle fait \u00e9cho \u00e0 la fragilit\u00e9 du vivant ainsi qu\u2019\u00e0 la fugacit\u00e9 de la m\u00e9moire collective.<\/p>\r\n<p class=\"ai-optimize-27\">\u00ab\u00a0<em>Les imperfections du processus - voiles chimiques, fissures, anomalies fantomatiques - ne sont pas corrig\u00e9es. Elles sont au contraire les bienvenues car elles font \u00e9cho \u00e0 l'\u00e9rosion et \u00e0 l'incertitude grav\u00e9es dans les monuments eux-m\u00eames. Les images argentiques brillent de tons d'un autre monde dans l'alchimie du collodion, transformant le b\u00e9ton solide en formes spectrales, adoucissant les bords durs et invitant \u00e0 de nouvelles interpr\u00e9tations \u00e9motionnelles de ces structures politiquement charg\u00e9es. [\u2026] Gr\u00e2ce \u00e0 l'alchimie de ce processus, ces monuments sont recontextualis\u00e9s - non pas comme des reliques de propagande, ni comme des monuments aux morts obsol\u00e8tes, mais comme des seuils po\u00e9tiques entre le pass\u00e9 et le pr\u00e9sent, l'utopie et l'apr\u00e8s. Ils deviennent des apparitions lumineuses, suspendues dans le temps, qui refl\u00e8tent \u00e0 la fois la grandeur de leur intention originale et la m\u00e9lancolie de leur abandon. \u00c0 l'\u00e8re de la vitesse num\u00e9rique, de l'intelligence artificielle et de l'amn\u00e9sie historique, \u2018\u00c9chos d'utopie\u2019 invite le spectateur \u00e0 ralentir, \u00e0 approfondir et \u00e0 r\u00e9fl\u00e9chir \u00e0 l'impermanence du pouvoir, \u00e0 la fragilit\u00e9 de la m\u00e9moire et \u00e0 l'\u00e9trange beaut\u00e9 qui na\u00eet de la rencontre de deux \u00e9poques \u00e9loign\u00e9es : le modernisme du b\u00e9ton et le romantisme de la photographie.<\/em>\u00a0\u00bb Christian Houge<\/p>\r\n<p class=\"ai-optimize-28\">Cette photographie a \u00e9t\u00e9 expos\u00e9e \u00e0 la Bomuldsfabriken Kunsthall d\u2019Arendal, en Norv\u00e8ge, lors de l\u2019exposition personnelle de Christian Houge,\u00a0<i>Lost Paradise<\/i>, en 2025.<\/p>\r\nLa photographie propos\u00e9e \u00e0 la vente est un tirage en \u00e9dition limit\u00e9e, et non la photographie originale r\u00e9alis\u00e9e avec la technique du collodion humide. L\u2019image originale a \u00e9t\u00e9 num\u00e9ris\u00e9e \u00e0 partir d\u2019une plaque au collodion humide, puis imprim\u00e9e en tirage pigmentaire Archival sur papier coton en \u00e9dition limit\u00e9e.","artwork_series":[2528],"artwork_query_group":"10","artwork_lowest_grid_position":1,"artwork_random_position":836810,"explicit_sensitive_content":false,"drupal_id":""},"yoast_head":"<!-- This site is optimized with the Yoast SEO Premium plugin v27.3 (Yoast SEO v27.3) - https:\/\/yoast.com\/product\/yoast-seo-premium-wordpress\/ -->\n<title>Tito&#039;s Fist, Echoes of Utopia par Christian Houge - Photographie contemporaine | Artistics<\/title>\n<meta name=\"description\" content=\"Tito&#039;s Fist, Echoes of Utopia par Christian Houge - achetez en ligne cette \u0153uvre d\u2019art originale avec son certificat d\u2019authenticit\u00e9 et b\u00e9n\u00e9ficiez de notre service premium.\" \/>\n<meta name=\"robots\" content=\"index, follow, max-snippet:-1, max-image-preview:large, max-video-preview:-1\" \/>\n<link rel=\"canonical\" href=\"https:\/\/artistics.com\/fr\/oeuvre\/titos-fist-echoes-of-utopia\/\" \/>\n<meta property=\"og:locale\" content=\"fr_FR\" \/>\n<meta property=\"og:type\" content=\"article\" \/>\n<meta property=\"og:title\" content=\"Tito&#039;s Fist, Echoes of Utopia\" \/>\n<meta property=\"og:description\" content=\"Tito&#039;s Fist, Echoes of Utopia par Christian Houge - achetez en ligne cette \u0153uvre d\u2019art originale avec son certificat d\u2019authenticit\u00e9 et b\u00e9n\u00e9ficiez de notre service premium.\" \/>\n<meta property=\"og:url\" content=\"https:\/\/artistics.com\/fr\/oeuvre\/titos-fist-echoes-of-utopia\/\" \/>\n<meta property=\"og:site_name\" content=\"Artistics\" \/>\n<meta property=\"article:publisher\" content=\"https:\/\/www.facebook.com\/ArtisticsMag\" \/>\n<meta property=\"article:modified_time\" content=\"2026-01-21T16:58:24+00:00\" \/>\n<meta property=\"og:image\" content=\"https:\/\/artistics.com\/wp-content\/uploads\/2025\/09\/titos-fist-bosnia-echoes-of-utopia-photography-by-christian-houge.jpg\" \/>\n\t<meta property=\"og:image:width\" content=\"1163\" \/>\n\t<meta property=\"og:image:height\" content=\"1437\" \/>\n\t<meta property=\"og:image:type\" content=\"image\/jpeg\" \/>\n<meta name=\"twitter:card\" content=\"summary_large_image\" \/>\n<meta name=\"twitter:site\" content=\"@Artistics_FR\" \/>\n<meta name=\"twitter:label1\" content=\"Disponibilit\u00e9\" \/>\n\t<meta name=\"twitter:data1\" content=\"En stock\" \/>\n<script type=\"application\/ld+json\" class=\"yoast-schema-graph\">{\"@context\":\"https:\\\/\\\/schema.org\",\"@graph\":[{\"@type\":[\"WebPage\",\"ItemPage\"],\"@id\":\"https:\\\/\\\/artistics.com\\\/fr\\\/oeuvre\\\/titos-fist-echoes-of-utopia\\\/\",\"url\":\"https:\\\/\\\/artistics.com\\\/fr\\\/oeuvre\\\/titos-fist-echoes-of-utopia\\\/\",\"name\":\"Tito's Fist, Echoes of Utopia par Christian Houge - Photographie contemporaine | Artistics\",\"isPartOf\":{\"@id\":\"https:\\\/\\\/artistics.com\\\/fr\\\/#website\"},\"primaryImageOfPage\":{\"@id\":\"https:\\\/\\\/artistics.com\\\/fr\\\/oeuvre\\\/titos-fist-echoes-of-utopia\\\/#primaryimage\"},\"image\":{\"@id\":\"https:\\\/\\\/artistics.com\\\/fr\\\/oeuvre\\\/titos-fist-echoes-of-utopia\\\/#primaryimage\"},\"thumbnailUrl\":\"https:\\\/\\\/artistics.com\\\/wp-content\\\/uploads\\\/2025\\\/09\\\/titos-fist-bosnia-echoes-of-utopia-photography-by-christian-houge.jpg\",\"datePublished\":\"2025-09-05T10:42:02+00:00\",\"dateModified\":\"2026-01-21T16:58:24+00:00\",\"description\":\"Tito's Fist, Echoes of Utopia par Christian Houge - achetez en ligne cette \u0153uvre d\u2019art originale avec son certificat d\u2019authenticit\u00e9 et b\u00e9n\u00e9ficiez de notre service premium.\",\"breadcrumb\":{\"@id\":\"https:\\\/\\\/artistics.com\\\/fr\\\/oeuvre\\\/titos-fist-echoes-of-utopia\\\/#breadcrumb\"},\"inLanguage\":\"fr-FR\",\"potentialAction\":[{\"@type\":\"ReadAction\",\"target\":[\"https:\\\/\\\/artistics.com\\\/fr\\\/oeuvre\\\/titos-fist-echoes-of-utopia\\\/\"]}]},{\"@type\":\"ImageObject\",\"inLanguage\":\"fr-FR\",\"@id\":\"https:\\\/\\\/artistics.com\\\/fr\\\/oeuvre\\\/titos-fist-echoes-of-utopia\\\/#primaryimage\",\"url\":\"https:\\\/\\\/artistics.com\\\/wp-content\\\/uploads\\\/2025\\\/09\\\/titos-fist-bosnia-echoes-of-utopia-photography-by-christian-houge.jpg\",\"contentUrl\":\"https:\\\/\\\/artistics.com\\\/wp-content\\\/uploads\\\/2025\\\/09\\\/titos-fist-bosnia-echoes-of-utopia-photography-by-christian-houge.jpg\",\"width\":1163,\"height\":1437},{\"@type\":\"BreadcrumbList\",\"@id\":\"https:\\\/\\\/artistics.com\\\/fr\\\/oeuvre\\\/titos-fist-echoes-of-utopia\\\/#breadcrumb\",\"itemListElement\":[{\"@type\":\"ListItem\",\"position\":1,\"name\":\"Achat \u0153uvre d'art\",\"item\":\"https:\\\/\\\/artistics.com\\\/fr\\\/\"},{\"@type\":\"ListItem\",\"position\":2,\"name\":\"Galerie\",\"item\":\"https:\\\/\\\/artistics.com\\\/fr\\\/galerie\\\/\"},{\"@type\":\"ListItem\",\"position\":3,\"name\":\"Photographie contemporaine\",\"item\":\"https:\\\/\\\/artistics.com\\\/fr\\\/categorie-oeuvre\\\/photographie-contemporaine\\\/\"},{\"@type\":\"ListItem\",\"position\":4,\"name\":\"Tito&#8217;s Fist, Echoes of Utopia\"}]},{\"@type\":\"WebSite\",\"@id\":\"https:\\\/\\\/artistics.com\\\/fr\\\/#website\",\"url\":\"https:\\\/\\\/artistics.com\\\/fr\\\/\",\"name\":\"Artistics\",\"description\":\"The online art gallery\",\"publisher\":{\"@id\":\"https:\\\/\\\/artistics.com\\\/fr\\\/#organization\"},\"potentialAction\":[{\"@type\":\"SearchAction\",\"target\":{\"@type\":\"EntryPoint\",\"urlTemplate\":\"https:\\\/\\\/artistics.com\\\/fr\\\/?s={search_term_string}\"},\"query-input\":{\"@type\":\"PropertyValueSpecification\",\"valueRequired\":true,\"valueName\":\"search_term_string\"}}],\"inLanguage\":\"fr-FR\"},{\"@type\":\"Organization\",\"@id\":\"https:\\\/\\\/artistics.com\\\/fr\\\/#organization\",\"name\":\"Artistics\",\"url\":\"https:\\\/\\\/artistics.com\\\/fr\\\/\",\"logo\":{\"@type\":\"ImageObject\",\"inLanguage\":\"fr-FR\",\"@id\":\"https:\\\/\\\/artistics.com\\\/fr\\\/#\\\/schema\\\/logo\\\/image\\\/\",\"url\":\"https:\\\/\\\/artistics.com\\\/wp-content\\\/uploads\\\/2023\\\/02\\\/artistics-logo-web-1.svg\",\"contentUrl\":\"https:\\\/\\\/artistics.com\\\/wp-content\\\/uploads\\\/2023\\\/02\\\/artistics-logo-web-1.svg\",\"caption\":\"Artistics\"},\"image\":{\"@id\":\"https:\\\/\\\/artistics.com\\\/fr\\\/#\\\/schema\\\/logo\\\/image\\\/\"},\"sameAs\":[\"https:\\\/\\\/www.facebook.com\\\/ArtisticsMag\",\"https:\\\/\\\/x.com\\\/Artistics_FR\",\"http:\\\/\\\/www.linkedin.com\\\/company\\\/artistics\",\"https:\\\/\\\/www.instagram.com\\\/artistics_com\\\/\",\"http:\\\/\\\/www.pinterest.com\\\/ArtisticsMag\"],\"hasMerchantReturnPolicy\":{\"@type\":\"MerchantReturnPolicy\",\"merchantReturnLink\":\"https:\\\/\\\/artistics.com\\\/free-return-policy\\\/\"}}]}<\/script>\n<meta property=\"og:availability\" content=\"instock\" \/>\n<meta property=\"product:availability\" content=\"instock\" \/>\n<meta property=\"product:condition\" content=\"new\" \/>\n<!-- \/ Yoast SEO Premium plugin. -->","yoast_head_json":{"title":"Tito's Fist, Echoes of Utopia par Christian Houge - Photographie contemporaine | Artistics","description":"Tito's Fist, Echoes of Utopia par Christian Houge - achetez en ligne cette \u0153uvre d\u2019art originale avec son certificat d\u2019authenticit\u00e9 et b\u00e9n\u00e9ficiez de notre service premium.","robots":{"index":"index","follow":"follow","max-snippet":"max-snippet:-1","max-image-preview":"max-image-preview:large","max-video-preview":"max-video-preview:-1"},"canonical":"https:\/\/artistics.com\/fr\/oeuvre\/titos-fist-echoes-of-utopia\/","og_locale":"fr_FR","og_type":"article","og_title":"Tito's Fist, Echoes of Utopia","og_description":"Tito's Fist, Echoes of Utopia par Christian Houge - achetez en ligne cette \u0153uvre d\u2019art originale avec son certificat d\u2019authenticit\u00e9 et b\u00e9n\u00e9ficiez de notre service premium.","og_url":"https:\/\/artistics.com\/fr\/oeuvre\/titos-fist-echoes-of-utopia\/","og_site_name":"Artistics","article_publisher":"https:\/\/www.facebook.com\/ArtisticsMag","article_modified_time":"2026-01-21T16:58:24+00:00","og_image":[{"width":1163,"height":1437,"url":"https:\/\/artistics.com\/wp-content\/uploads\/2025\/09\/titos-fist-bosnia-echoes-of-utopia-photography-by-christian-houge.jpg","type":"image\/jpeg"}],"twitter_card":"summary_large_image","twitter_site":"@Artistics_FR","twitter_misc":{"Disponibilit\u00e9":"En stock"},"schema":{"@context":"https:\/\/schema.org","@graph":[{"@type":["WebPage","ItemPage"],"@id":"https:\/\/artistics.com\/fr\/oeuvre\/titos-fist-echoes-of-utopia\/","url":"https:\/\/artistics.com\/fr\/oeuvre\/titos-fist-echoes-of-utopia\/","name":"Tito's Fist, Echoes of Utopia par Christian Houge - Photographie contemporaine | Artistics","isPartOf":{"@id":"https:\/\/artistics.com\/fr\/#website"},"primaryImageOfPage":{"@id":"https:\/\/artistics.com\/fr\/oeuvre\/titos-fist-echoes-of-utopia\/#primaryimage"},"image":{"@id":"https:\/\/artistics.com\/fr\/oeuvre\/titos-fist-echoes-of-utopia\/#primaryimage"},"thumbnailUrl":"https:\/\/artistics.com\/wp-content\/uploads\/2025\/09\/titos-fist-bosnia-echoes-of-utopia-photography-by-christian-houge.jpg","datePublished":"2025-09-05T10:42:02+00:00","dateModified":"2026-01-21T16:58:24+00:00","description":"Tito's Fist, Echoes of Utopia par Christian Houge - achetez en ligne cette \u0153uvre d\u2019art originale avec son certificat d\u2019authenticit\u00e9 et b\u00e9n\u00e9ficiez de notre service premium.","breadcrumb":{"@id":"https:\/\/artistics.com\/fr\/oeuvre\/titos-fist-echoes-of-utopia\/#breadcrumb"},"inLanguage":"fr-FR","potentialAction":[{"@type":"ReadAction","target":["https:\/\/artistics.com\/fr\/oeuvre\/titos-fist-echoes-of-utopia\/"]}]},{"@type":"ImageObject","inLanguage":"fr-FR","@id":"https:\/\/artistics.com\/fr\/oeuvre\/titos-fist-echoes-of-utopia\/#primaryimage","url":"https:\/\/artistics.com\/wp-content\/uploads\/2025\/09\/titos-fist-bosnia-echoes-of-utopia-photography-by-christian-houge.jpg","contentUrl":"https:\/\/artistics.com\/wp-content\/uploads\/2025\/09\/titos-fist-bosnia-echoes-of-utopia-photography-by-christian-houge.jpg","width":1163,"height":1437},{"@type":"BreadcrumbList","@id":"https:\/\/artistics.com\/fr\/oeuvre\/titos-fist-echoes-of-utopia\/#breadcrumb","itemListElement":[{"@type":"ListItem","position":1,"name":"Achat \u0153uvre d'art","item":"https:\/\/artistics.com\/fr\/"},{"@type":"ListItem","position":2,"name":"Galerie","item":"https:\/\/artistics.com\/fr\/galerie\/"},{"@type":"ListItem","position":3,"name":"Photographie contemporaine","item":"https:\/\/artistics.com\/fr\/categorie-oeuvre\/photographie-contemporaine\/"},{"@type":"ListItem","position":4,"name":"Tito&#8217;s Fist, Echoes of Utopia"}]},{"@type":"WebSite","@id":"https:\/\/artistics.com\/fr\/#website","url":"https:\/\/artistics.com\/fr\/","name":"Artistics","description":"The online art gallery","publisher":{"@id":"https:\/\/artistics.com\/fr\/#organization"},"potentialAction":[{"@type":"SearchAction","target":{"@type":"EntryPoint","urlTemplate":"https:\/\/artistics.com\/fr\/?s={search_term_string}"},"query-input":{"@type":"PropertyValueSpecification","valueRequired":true,"valueName":"search_term_string"}}],"inLanguage":"fr-FR"},{"@type":"Organization","@id":"https:\/\/artistics.com\/fr\/#organization","name":"Artistics","url":"https:\/\/artistics.com\/fr\/","logo":{"@type":"ImageObject","inLanguage":"fr-FR","@id":"https:\/\/artistics.com\/fr\/#\/schema\/logo\/image\/","url":"https:\/\/artistics.com\/wp-content\/uploads\/2023\/02\/artistics-logo-web-1.svg","contentUrl":"https:\/\/artistics.com\/wp-content\/uploads\/2023\/02\/artistics-logo-web-1.svg","caption":"Artistics"},"image":{"@id":"https:\/\/artistics.com\/fr\/#\/schema\/logo\/image\/"},"sameAs":["https:\/\/www.facebook.com\/ArtisticsMag","https:\/\/x.com\/Artistics_FR","http:\/\/www.linkedin.com\/company\/artistics","https:\/\/www.instagram.com\/artistics_com\/","http:\/\/www.pinterest.com\/ArtisticsMag"],"hasMerchantReturnPolicy":{"@type":"MerchantReturnPolicy","merchantReturnLink":"https:\/\/artistics.com\/free-return-policy\/"}}]},"og_availability":"instock","product_availability":"instock","product_condition":"new"},"_links":{"self":[{"href":"https:\/\/artistics.com\/fr\/wp-json\/wp\/v2\/product\/88457","targetHints":{"allow":["GET"]}}],"collection":[{"href":"https:\/\/artistics.com\/fr\/wp-json\/wp\/v2\/product"}],"about":[{"href":"https:\/\/artistics.com\/fr\/wp-json\/wp\/v2\/types\/product"}],"acf:term":[{"embeddable":true,"taxonomy":"series","href":"https:\/\/artistics.com\/fr\/wp-json\/wp\/v2\/series\/2528"},{"embeddable":true,"taxonomy":"product_tag","href":"https:\/\/artistics.com\/fr\/wp-json\/wp\/v2\/product_tag\/568"},{"embeddable":true,"taxonomy":"product_cat","href":"https:\/\/artistics.com\/fr\/wp-json\/wp\/v2\/product_cat\/235"},{"embeddable":true,"taxonomy":"product_cat","href":"https:\/\/artistics.com\/fr\/wp-json\/wp\/v2\/product_cat\/215"},{"embeddable":true,"taxonomy":"product_cat","href":"https:\/\/artistics.com\/fr\/wp-json\/wp\/v2\/product_cat\/216"},{"embeddable":true,"taxonomy":"product_cat","href":"https:\/\/artistics.com\/fr\/wp-json\/wp\/v2\/product_cat\/191"},{"embeddable":true,"taxonomy":"product_cat","href":"https:\/\/artistics.com\/fr\/wp-json\/wp\/v2\/product_cat\/415"},{"embeddable":true,"taxonomy":"product_cat","href":"https:\/\/artistics.com\/fr\/wp-json\/wp\/v2\/product_cat\/428"},{"embeddable":true,"taxonomy":"product_cat","href":"https:\/\/artistics.com\/fr\/wp-json\/wp\/v2\/product_cat\/197"},{"embeddable":true,"taxonomy":"product_cat","href":"https:\/\/artistics.com\/fr\/wp-json\/wp\/v2\/product_cat\/200"},{"embeddable":true,"taxonomy":"product_cat","href":"https:\/\/artistics.com\/fr\/wp-json\/wp\/v2\/product_cat\/163"}],"acf:post":[{"embeddable":true,"href":"https:\/\/artistics.com\/fr\/wp-json\/wp\/v2\/artist\/2763"}],"wp:featuredmedia":[{"embeddable":true,"href":"https:\/\/artistics.com\/fr\/wp-json\/wp\/v2\/media\/88449"}],"wp:attachment":[{"href":"https:\/\/artistics.com\/fr\/wp-json\/wp\/v2\/media?parent=88457"}],"wp:term":[{"taxonomy":"product_cat","embeddable":true,"href":"https:\/\/artistics.com\/fr\/wp-json\/wp\/v2\/product_cat?post=88457"},{"taxonomy":"product_tag","embeddable":true,"href":"https:\/\/artistics.com\/fr\/wp-json\/wp\/v2\/product_tag?post=88457"},{"taxonomy":"series","embeddable":true,"href":"https:\/\/artistics.com\/fr\/wp-json\/wp\/v2\/series?post=88457"}],"curies":[{"name":"wp","href":"https:\/\/api.w.org\/{rel}","templated":true}]}}