{"id":85281,"date":"2025-07-04T14:49:43","date_gmt":"2025-07-04T12:49:43","guid":{"rendered":"https:\/\/artistics.com\/?post_type=product&#038;p=85281"},"modified":"2025-07-07T15:01:25","modified_gmt":"2025-07-07T13:01:25","slug":"penumbra-what-follows-you","status":"publish","type":"product","link":"https:\/\/artistics.com\/fr\/oeuvre\/penumbra-what-follows-you\/","title":{"rendered":"Penumbra (What Follows You?)"},"content":{"rendered":"","protected":false},"excerpt":{"rendered":"","protected":false},"featured_media":85249,"template":"","meta":{"_acf_changed":false,"_searchwp_excluded":"","inline_featured_image":false},"product_cat":[2597,2598,24,162,149,170,144,172,190,192,194,119,131,216,122,123,126,228,235,232],"product_tag":[2492,2492,563,563,2494,515,515,2494,342,342],"series":[2455],"class_list":{"0":"post-85281","1":"product","2":"type-product","3":"status-publish","4":"has-post-thumbnail","6":"product_cat-animal-painting","7":"product_cat-peinture-animaliere","8":"product_cat-contemporary-painting","9":"product_cat-peinture-contemporaine","10":"product_cat-nature-and-landscape-painting","11":"product_cat-peinture-figurative","12":"product_cat-figurative-painting","13":"product_cat-tableau-nature-et-paysage","14":"product_cat-animal","15":"product_cat-art-figuratif","16":"product_cat-nature-et-paysage","17":"product_cat-medium","18":"product_cat-vivid-colors","19":"product_cat-moyen","20":"product_cat-figurative-art","22":"product_cat-nature-and-landscape","23":"product_cat-couleurs-vives","24":"product_cat-de-1000-a-3000-e","25":"product_cat-from-1000-to-3000","26":"product_tag-art-acrylique","28":"product_tag-bleu","30":"product_tag-oeuvre-dart-cerf","31":"product_tag-foret","34":"product_tag-peinture-couleurs-vives","36":"series-rene-gonzalez-tableaux-moyen-format","38":"first","39":"instock","40":"shipping-taxable","41":"purchasable","42":"product-type-simple"},"acf":{"artwork_artist":[61918],"artwork_medium":162,"artwork_categories":[192,170,172,2598],"artwork_overall-tones":[228],"artwork_main-material":[],"artwork_art-genre":[194],"artwork_art-movement":[192],"artwork_miscellaneous":[190],"artwork_formats":[216],"artwork_price-ranges":[235],"artwork_main_subject":[515,2494],"artwork_technique":[2492],"artwork_featured_location":[],"artwork_dominant_color":[563],"artwork_physical_attributes":[342],"artwork_creation_date":"20250101","artwork_unique_piece":true,"artwork_description":"Acrylique sur toile de lin brut","artwork_signature":"\u0152uvre sign\u00e9e","artwork_authenticity":"L\u2019\u0153uvre est vendue avec un certificat d\u2019authenticit\u00e9 sign\u00e9 par l\u2019artiste.","artwork_framing":"not_specified","artwork_has_custom_framing_info":false,"artwork_custom_framing_info":"Not specified","artwork_location_country":"","artwork_location_city":"","artwork_location_zipcode":"","artwork_shipment_type":"2D_flat_artwork","artwork_shipping_delivery":"painting_immediate_availability","artwork_has_custom_shipping_delivery_info":false,"artwork_custom_shipping_delivery_info":"Not specified","artwork_360_view_url":"","artwork_video_url":"","artwork_video_format":[],"artwork_preview_type":"auto","artwork_reserved":false,"artwork_hide_price":false,"artwork_about":"<p class=\"ai-optimize-24\"><em><strong>Penumbra (What Follows You?) <\/strong><\/em>est une acrylique sur lin brut de l\u2019artiste Rene Gonzalez repr\u00e9sentant deux cerfs blottis parmi les fleurs sauvages.<\/p>\r\n<p class=\"ai-optimize-25\" style=\"font-weight: 400;\">Rene Gonzalez con\u00e7oit ses peintures figuratives comme \u00ab <em>une s\u00e9rie de petites histoires<\/em> \u00bb : chaque \u0153uvre comprend une narration et trouve son origine dans une \u00e9motion ou une histoire que l\u2019artiste souhaite retranscrire sur la toile. Pour trouver les \u00e9l\u00e9ments de ses compositions quasi th\u00e9\u00e2trales, il puise dans une multitude de r\u00e9f\u00e9rences qu\u2019il connait et qui l\u2019entourent : les mythes et les l\u00e9gendes de diff\u00e9rentes cultures, la publicit\u00e9, la photographie, le cin\u00e9ma, ou encore l\u2019histoire de l\u2019art. Les couleurs vibrantes et intenses sont choisies pour leur capacit\u00e9 \u00e0 \u00e9voquer des \u00e9motions ou une atmosph\u00e8re particuli\u00e8re. L\u2019artiste consacre beaucoup de temps \u00e0 la recherche de combinaisons chromatiques harmonieuses.<\/p>\r\n<p class=\"ai-optimize-26\" style=\"font-weight: 400;\">Issu d\u2019un double h\u00e9ritage culturel latino-am\u00e9ricain et occidental, Rene Gonzalez int\u00e8gre \u00e9galement, \u00e0 travers des symboles et des all\u00e9gories, son v\u00e9cu personnel profond\u00e9ment marqu\u00e9 par des d\u00e9placements g\u00e9ographiques, parfois forc\u00e9s, parfois choisis. Le dialogue avec le spectateur est essentiel pour l\u2019artiste qui consid\u00e8re parfois ses \u0153uvres comme une v\u00e9ritable conversation avec un public virtuel. Bien qu'il ins\u00e8re des indices th\u00e9matiques dans ses tableaux, Rene Gonzalez confie toujours leur interpr\u00e9tation finale \u00e0 l'observateur.<\/p>\r\n<p class=\"ai-optimize-27\" style=\"font-weight: 400;\"><em>\u00ab Mon travail d\u00e9peint des paysages oniriques peupl\u00e9s de figures animales, cr\u00e9ant des liens subtils entre la mythologie, le symbolisme et le monde naturel. \u00c0 travers des motifs forestiers et c\u00e9lestes complexes, j'explore les th\u00e8mes du myst\u00e8re, de la transformation et des forces invisibles qui fa\u00e7onnent notre perception de la r\u00e9alit\u00e9.\u00a0\u00bb <\/em>Rene Gonzalez<\/p>","artwork_series":[2455],"artwork_query_group":"10","artwork_lowest_grid_position":1,"artwork_random_position":5835997,"explicit_sensitive_content":false,"drupal_id":""},"yoast_head":"<!-- This site is optimized with the Yoast SEO Premium plugin v27.3 (Yoast SEO v27.3) - https:\/\/yoast.com\/product\/yoast-seo-premium-wordpress\/ -->\n<title>Penumbra (What Follows You?) par Rene Gonzalez - Peinture contemporaine | Artistics<\/title>\n<meta name=\"description\" content=\"Penumbra (What Follows You?) par Rene Gonzalez - achetez en ligne cette \u0153uvre d\u2019art originale avec son certificat d\u2019authenticit\u00e9 et b\u00e9n\u00e9ficiez de notre service premium.\" \/>\n<meta name=\"robots\" content=\"index, follow, max-snippet:-1, max-image-preview:large, max-video-preview:-1\" \/>\n<link rel=\"canonical\" href=\"https:\/\/artistics.com\/fr\/oeuvre\/penumbra-what-follows-you\/\" \/>\n<meta property=\"og:locale\" content=\"fr_FR\" \/>\n<meta property=\"og:type\" content=\"article\" \/>\n<meta property=\"og:title\" content=\"Penumbra (What Follows You?)\" \/>\n<meta property=\"og:description\" content=\"Penumbra (What Follows You?) par Rene Gonzalez - achetez en ligne cette \u0153uvre d\u2019art originale avec son certificat d\u2019authenticit\u00e9 et b\u00e9n\u00e9ficiez de notre service premium.\" \/>\n<meta property=\"og:url\" content=\"https:\/\/artistics.com\/fr\/oeuvre\/penumbra-what-follows-you\/\" \/>\n<meta property=\"og:site_name\" content=\"Artistics\" \/>\n<meta property=\"article:publisher\" content=\"https:\/\/www.facebook.com\/ArtisticsMag\" \/>\n<meta property=\"article:modified_time\" content=\"2025-07-07T13:01:25+00:00\" \/>\n<meta property=\"og:image\" content=\"https:\/\/artistics.com\/wp-content\/uploads\/2025\/07\/penumbra-what-follows-you-figurative-painting-by-rene-gonzalez-1-687x1024.jpg\" \/>\n\t<meta property=\"og:image:width\" content=\"687\" \/>\n\t<meta property=\"og:image:height\" content=\"1024\" \/>\n\t<meta property=\"og:image:type\" content=\"image\/jpeg\" \/>\n<meta name=\"twitter:card\" content=\"summary_large_image\" \/>\n<meta name=\"twitter:site\" content=\"@Artistics_FR\" \/>\n<meta name=\"twitter:label1\" content=\"Prix\" \/>\n\t<meta name=\"twitter:data1\" content=\"2 700&nbsp;&euro;\" \/>\n\t<meta name=\"twitter:label2\" content=\"Disponibilit\u00e9\" \/>\n\t<meta name=\"twitter:data2\" content=\"En stock\" \/>\n<script type=\"application\/ld+json\" class=\"yoast-schema-graph\">{\"@context\":\"https:\\\/\\\/schema.org\",\"@graph\":[{\"@type\":[\"WebPage\",\"ItemPage\"],\"@id\":\"https:\\\/\\\/artistics.com\\\/fr\\\/oeuvre\\\/penumbra-what-follows-you\\\/\",\"url\":\"https:\\\/\\\/artistics.com\\\/fr\\\/oeuvre\\\/penumbra-what-follows-you\\\/\",\"name\":\"Penumbra (What Follows You?) par Rene Gonzalez - Peinture contemporaine | Artistics\",\"isPartOf\":{\"@id\":\"https:\\\/\\\/artistics.com\\\/fr\\\/#website\"},\"primaryImageOfPage\":{\"@id\":\"https:\\\/\\\/artistics.com\\\/fr\\\/oeuvre\\\/penumbra-what-follows-you\\\/#primaryimage\"},\"image\":{\"@id\":\"https:\\\/\\\/artistics.com\\\/fr\\\/oeuvre\\\/penumbra-what-follows-you\\\/#primaryimage\"},\"thumbnailUrl\":\"https:\\\/\\\/artistics.com\\\/wp-content\\\/uploads\\\/2025\\\/07\\\/penumbra-what-follows-you-figurative-painting-by-rene-gonzalez-1.jpg\",\"datePublished\":\"2025-07-04T12:49:43+00:00\",\"dateModified\":\"2025-07-07T13:01:25+00:00\",\"description\":\"Penumbra (What Follows You?) par Rene Gonzalez - achetez en ligne cette \u0153uvre d\u2019art originale avec son certificat d\u2019authenticit\u00e9 et b\u00e9n\u00e9ficiez de notre service premium.\",\"breadcrumb\":{\"@id\":\"https:\\\/\\\/artistics.com\\\/fr\\\/oeuvre\\\/penumbra-what-follows-you\\\/#breadcrumb\"},\"inLanguage\":\"fr-FR\",\"potentialAction\":[{\"@type\":\"ReadAction\",\"target\":[\"https:\\\/\\\/artistics.com\\\/fr\\\/oeuvre\\\/penumbra-what-follows-you\\\/\"]}]},{\"@type\":\"ImageObject\",\"inLanguage\":\"fr-FR\",\"@id\":\"https:\\\/\\\/artistics.com\\\/fr\\\/oeuvre\\\/penumbra-what-follows-you\\\/#primaryimage\",\"url\":\"https:\\\/\\\/artistics.com\\\/wp-content\\\/uploads\\\/2025\\\/07\\\/penumbra-what-follows-you-figurative-painting-by-rene-gonzalez-1.jpg\",\"contentUrl\":\"https:\\\/\\\/artistics.com\\\/wp-content\\\/uploads\\\/2025\\\/07\\\/penumbra-what-follows-you-figurative-painting-by-rene-gonzalez-1.jpg\",\"width\":1341,\"height\":2000},{\"@type\":\"BreadcrumbList\",\"@id\":\"https:\\\/\\\/artistics.com\\\/fr\\\/oeuvre\\\/penumbra-what-follows-you\\\/#breadcrumb\",\"itemListElement\":[{\"@type\":\"ListItem\",\"position\":1,\"name\":\"Achat \u0153uvre d'art\",\"item\":\"https:\\\/\\\/artistics.com\\\/fr\\\/\"},{\"@type\":\"ListItem\",\"position\":2,\"name\":\"Galerie\",\"item\":\"https:\\\/\\\/artistics.com\\\/fr\\\/galerie\\\/\"},{\"@type\":\"ListItem\",\"position\":3,\"name\":\"Peinture contemporaine\",\"item\":\"https:\\\/\\\/artistics.com\\\/fr\\\/categorie-oeuvre\\\/peinture-contemporaine\\\/\"},{\"@type\":\"ListItem\",\"position\":4,\"name\":\"Penumbra (What Follows You?)\"}]},{\"@type\":\"WebSite\",\"@id\":\"https:\\\/\\\/artistics.com\\\/fr\\\/#website\",\"url\":\"https:\\\/\\\/artistics.com\\\/fr\\\/\",\"name\":\"Artistics\",\"description\":\"The online art gallery\",\"publisher\":{\"@id\":\"https:\\\/\\\/artistics.com\\\/fr\\\/#organization\"},\"potentialAction\":[{\"@type\":\"SearchAction\",\"target\":{\"@type\":\"EntryPoint\",\"urlTemplate\":\"https:\\\/\\\/artistics.com\\\/fr\\\/?s={search_term_string}\"},\"query-input\":{\"@type\":\"PropertyValueSpecification\",\"valueRequired\":true,\"valueName\":\"search_term_string\"}}],\"inLanguage\":\"fr-FR\"},{\"@type\":\"Organization\",\"@id\":\"https:\\\/\\\/artistics.com\\\/fr\\\/#organization\",\"name\":\"Artistics\",\"url\":\"https:\\\/\\\/artistics.com\\\/fr\\\/\",\"logo\":{\"@type\":\"ImageObject\",\"inLanguage\":\"fr-FR\",\"@id\":\"https:\\\/\\\/artistics.com\\\/fr\\\/#\\\/schema\\\/logo\\\/image\\\/\",\"url\":\"https:\\\/\\\/artistics.com\\\/wp-content\\\/uploads\\\/2023\\\/02\\\/artistics-logo-web-1.svg\",\"contentUrl\":\"https:\\\/\\\/artistics.com\\\/wp-content\\\/uploads\\\/2023\\\/02\\\/artistics-logo-web-1.svg\",\"caption\":\"Artistics\"},\"image\":{\"@id\":\"https:\\\/\\\/artistics.com\\\/fr\\\/#\\\/schema\\\/logo\\\/image\\\/\"},\"sameAs\":[\"https:\\\/\\\/www.facebook.com\\\/ArtisticsMag\",\"https:\\\/\\\/x.com\\\/Artistics_FR\",\"http:\\\/\\\/www.linkedin.com\\\/company\\\/artistics\",\"https:\\\/\\\/www.instagram.com\\\/artistics_com\\\/\",\"http:\\\/\\\/www.pinterest.com\\\/ArtisticsMag\"],\"hasMerchantReturnPolicy\":{\"@type\":\"MerchantReturnPolicy\",\"merchantReturnLink\":\"https:\\\/\\\/artistics.com\\\/free-return-policy\\\/\"}}]}<\/script>\n<meta property=\"product:price:amount\" content=\"2700\" \/>\n<meta property=\"product:price:currency\" content=\"EUR\" \/>\n<meta property=\"og:availability\" content=\"instock\" \/>\n<meta property=\"product:availability\" content=\"instock\" \/>\n<meta property=\"product:condition\" content=\"new\" \/>\n<!-- \/ Yoast SEO Premium plugin. -->","yoast_head_json":{"title":"Penumbra (What Follows You?) par Rene Gonzalez - Peinture contemporaine | Artistics","description":"Penumbra (What Follows You?) par Rene Gonzalez - achetez en ligne cette \u0153uvre d\u2019art originale avec son certificat d\u2019authenticit\u00e9 et b\u00e9n\u00e9ficiez de notre service premium.","robots":{"index":"index","follow":"follow","max-snippet":"max-snippet:-1","max-image-preview":"max-image-preview:large","max-video-preview":"max-video-preview:-1"},"canonical":"https:\/\/artistics.com\/fr\/oeuvre\/penumbra-what-follows-you\/","og_locale":"fr_FR","og_type":"article","og_title":"Penumbra (What Follows You?)","og_description":"Penumbra (What Follows You?) par Rene Gonzalez - achetez en ligne cette \u0153uvre d\u2019art originale avec son certificat d\u2019authenticit\u00e9 et b\u00e9n\u00e9ficiez de notre service premium.","og_url":"https:\/\/artistics.com\/fr\/oeuvre\/penumbra-what-follows-you\/","og_site_name":"Artistics","article_publisher":"https:\/\/www.facebook.com\/ArtisticsMag","article_modified_time":"2025-07-07T13:01:25+00:00","og_image":[{"width":687,"height":1024,"url":"https:\/\/artistics.com\/wp-content\/uploads\/2025\/07\/penumbra-what-follows-you-figurative-painting-by-rene-gonzalez-1-687x1024.jpg","type":"image\/jpeg"}],"twitter_card":"summary_large_image","twitter_site":"@Artistics_FR","twitter_misc":{"Prix":"2 700&nbsp;&euro;","Disponibilit\u00e9":"En stock"},"schema":{"@context":"https:\/\/schema.org","@graph":[{"@type":["WebPage","ItemPage"],"@id":"https:\/\/artistics.com\/fr\/oeuvre\/penumbra-what-follows-you\/","url":"https:\/\/artistics.com\/fr\/oeuvre\/penumbra-what-follows-you\/","name":"Penumbra (What Follows You?) par Rene Gonzalez - Peinture contemporaine | Artistics","isPartOf":{"@id":"https:\/\/artistics.com\/fr\/#website"},"primaryImageOfPage":{"@id":"https:\/\/artistics.com\/fr\/oeuvre\/penumbra-what-follows-you\/#primaryimage"},"image":{"@id":"https:\/\/artistics.com\/fr\/oeuvre\/penumbra-what-follows-you\/#primaryimage"},"thumbnailUrl":"https:\/\/artistics.com\/wp-content\/uploads\/2025\/07\/penumbra-what-follows-you-figurative-painting-by-rene-gonzalez-1.jpg","datePublished":"2025-07-04T12:49:43+00:00","dateModified":"2025-07-07T13:01:25+00:00","description":"Penumbra (What Follows You?) par Rene Gonzalez - achetez en ligne cette \u0153uvre d\u2019art originale avec son certificat d\u2019authenticit\u00e9 et b\u00e9n\u00e9ficiez de notre service premium.","breadcrumb":{"@id":"https:\/\/artistics.com\/fr\/oeuvre\/penumbra-what-follows-you\/#breadcrumb"},"inLanguage":"fr-FR","potentialAction":[{"@type":"ReadAction","target":["https:\/\/artistics.com\/fr\/oeuvre\/penumbra-what-follows-you\/"]}]},{"@type":"ImageObject","inLanguage":"fr-FR","@id":"https:\/\/artistics.com\/fr\/oeuvre\/penumbra-what-follows-you\/#primaryimage","url":"https:\/\/artistics.com\/wp-content\/uploads\/2025\/07\/penumbra-what-follows-you-figurative-painting-by-rene-gonzalez-1.jpg","contentUrl":"https:\/\/artistics.com\/wp-content\/uploads\/2025\/07\/penumbra-what-follows-you-figurative-painting-by-rene-gonzalez-1.jpg","width":1341,"height":2000},{"@type":"BreadcrumbList","@id":"https:\/\/artistics.com\/fr\/oeuvre\/penumbra-what-follows-you\/#breadcrumb","itemListElement":[{"@type":"ListItem","position":1,"name":"Achat \u0153uvre d'art","item":"https:\/\/artistics.com\/fr\/"},{"@type":"ListItem","position":2,"name":"Galerie","item":"https:\/\/artistics.com\/fr\/galerie\/"},{"@type":"ListItem","position":3,"name":"Peinture contemporaine","item":"https:\/\/artistics.com\/fr\/categorie-oeuvre\/peinture-contemporaine\/"},{"@type":"ListItem","position":4,"name":"Penumbra (What Follows You?)"}]},{"@type":"WebSite","@id":"https:\/\/artistics.com\/fr\/#website","url":"https:\/\/artistics.com\/fr\/","name":"Artistics","description":"The online art gallery","publisher":{"@id":"https:\/\/artistics.com\/fr\/#organization"},"potentialAction":[{"@type":"SearchAction","target":{"@type":"EntryPoint","urlTemplate":"https:\/\/artistics.com\/fr\/?s={search_term_string}"},"query-input":{"@type":"PropertyValueSpecification","valueRequired":true,"valueName":"search_term_string"}}],"inLanguage":"fr-FR"},{"@type":"Organization","@id":"https:\/\/artistics.com\/fr\/#organization","name":"Artistics","url":"https:\/\/artistics.com\/fr\/","logo":{"@type":"ImageObject","inLanguage":"fr-FR","@id":"https:\/\/artistics.com\/fr\/#\/schema\/logo\/image\/","url":"https:\/\/artistics.com\/wp-content\/uploads\/2023\/02\/artistics-logo-web-1.svg","contentUrl":"https:\/\/artistics.com\/wp-content\/uploads\/2023\/02\/artistics-logo-web-1.svg","caption":"Artistics"},"image":{"@id":"https:\/\/artistics.com\/fr\/#\/schema\/logo\/image\/"},"sameAs":["https:\/\/www.facebook.com\/ArtisticsMag","https:\/\/x.com\/Artistics_FR","http:\/\/www.linkedin.com\/company\/artistics","https:\/\/www.instagram.com\/artistics_com\/","http:\/\/www.pinterest.com\/ArtisticsMag"],"hasMerchantReturnPolicy":{"@type":"MerchantReturnPolicy","merchantReturnLink":"https:\/\/artistics.com\/free-return-policy\/"}}]},"product_price_amount":"2700","product_price_currency":"EUR","og_availability":"instock","product_availability":"instock","product_condition":"new"},"_links":{"self":[{"href":"https:\/\/artistics.com\/fr\/wp-json\/wp\/v2\/product\/85281","targetHints":{"allow":["GET"]}}],"collection":[{"href":"https:\/\/artistics.com\/fr\/wp-json\/wp\/v2\/product"}],"about":[{"href":"https:\/\/artistics.com\/fr\/wp-json\/wp\/v2\/types\/product"}],"acf:term":[{"embeddable":true,"taxonomy":"series","href":"https:\/\/artistics.com\/fr\/wp-json\/wp\/v2\/series\/2455"},{"embeddable":true,"taxonomy":"product_tag","href":"https:\/\/artistics.com\/fr\/wp-json\/wp\/v2\/product_tag\/342"},{"embeddable":true,"taxonomy":"product_tag","href":"https:\/\/artistics.com\/fr\/wp-json\/wp\/v2\/product_tag\/563"},{"embeddable":true,"taxonomy":"product_tag","href":"https:\/\/artistics.com\/fr\/wp-json\/wp\/v2\/product_tag\/2492"},{"embeddable":true,"taxonomy":"product_tag","href":"https:\/\/artistics.com\/fr\/wp-json\/wp\/v2\/product_tag\/2494"},{"embeddable":true,"taxonomy":"product_tag","href":"https:\/\/artistics.com\/fr\/wp-json\/wp\/v2\/product_tag\/515"},{"embeddable":true,"taxonomy":"product_cat","href":"https:\/\/artistics.com\/fr\/wp-json\/wp\/v2\/product_cat\/235"},{"embeddable":true,"taxonomy":"product_cat","href":"https:\/\/artistics.com\/fr\/wp-json\/wp\/v2\/product_cat\/216"},{"embeddable":true,"taxonomy":"product_cat","href":"https:\/\/artistics.com\/fr\/wp-json\/wp\/v2\/product_cat\/190"},{"embeddable":true,"taxonomy":"product_cat","href":"https:\/\/artistics.com\/fr\/wp-json\/wp\/v2\/product_cat\/194"},{"embeddable":true,"taxonomy":"product_cat","href":"https:\/\/artistics.com\/fr\/wp-json\/wp\/v2\/product_cat\/228"},{"embeddable":true,"taxonomy":"product_cat","href":"https:\/\/artistics.com\/fr\/wp-json\/wp\/v2\/product_cat\/2598"},{"embeddable":true,"taxonomy":"product_cat","href":"https:\/\/artistics.com\/fr\/wp-json\/wp\/v2\/product_cat\/172"},{"embeddable":true,"taxonomy":"product_cat","href":"https:\/\/artistics.com\/fr\/wp-json\/wp\/v2\/product_cat\/170"},{"embeddable":true,"taxonomy":"product_cat","href":"https:\/\/artistics.com\/fr\/wp-json\/wp\/v2\/product_cat\/192"},{"embeddable":true,"taxonomy":"product_cat","href":"https:\/\/artistics.com\/fr\/wp-json\/wp\/v2\/product_cat\/162"}],"acf:post":[{"embeddable":true,"href":"https:\/\/artistics.com\/fr\/wp-json\/wp\/v2\/artist\/61918"}],"wp:featuredmedia":[{"embeddable":true,"href":"https:\/\/artistics.com\/fr\/wp-json\/wp\/v2\/media\/85249"}],"wp:attachment":[{"href":"https:\/\/artistics.com\/fr\/wp-json\/wp\/v2\/media?parent=85281"}],"wp:term":[{"taxonomy":"product_cat","embeddable":true,"href":"https:\/\/artistics.com\/fr\/wp-json\/wp\/v2\/product_cat?post=85281"},{"taxonomy":"product_tag","embeddable":true,"href":"https:\/\/artistics.com\/fr\/wp-json\/wp\/v2\/product_tag?post=85281"},{"taxonomy":"series","embeddable":true,"href":"https:\/\/artistics.com\/fr\/wp-json\/wp\/v2\/series?post=85281"}],"curies":[{"name":"wp","href":"https:\/\/api.w.org\/{rel}","templated":true}]}}