{"id":84125,"date":"2025-06-25T12:54:04","date_gmt":"2025-06-25T10:54:04","guid":{"rendered":"https:\/\/artistics.com\/?post_type=product&#038;p=84125"},"modified":"2025-06-26T14:57:57","modified_gmt":"2025-06-26T12:57:57","slug":"dragona-bois-et-feuilles-dor","status":"publish","type":"product","link":"https:\/\/artistics.com\/fr\/oeuvre\/dragona-bois-et-feuilles-dor\/","title":{"rendered":"Dragona (bois et feuilles d&rsquo;or)"},"content":{"rendered":"","protected":false},"excerpt":{"rendered":"","protected":false},"featured_media":84209,"template":"","meta":{"_acf_changed":false,"_searchwp_excluded":"","inline_featured_image":false},"product_cat":[152,423,401,25,164,158,190,192,205,120,209,215,122,123,234,238],"product_tag":[565,565,368,368],"series":[1946],"class_list":{"0":"post-84125","1":"product","2":"type-product","3":"status-publish","4":"has-post-thumbnail","6":"product_cat-figurative-sculpture","7":"product_cat-sculpture-en-bois","8":"product_cat-wood-sculpture","9":"product_cat-contemporary-sculpture","10":"product_cat-sculpture-contemporaine","11":"product_cat-animal-sculpture","12":"product_cat-animal","13":"product_cat-art-figuratif","14":"product_cat-sculpture-animaliere","15":"product_cat-large","16":"product_cat-sculpture-figurative","17":"product_cat-grand","18":"product_cat-figurative-art","20":"product_cat-more-than-10000","21":"product_cat-plus-de-10-000-e","22":"product_tag-dore","24":"product_tag-sculpture-grand-format","26":"series-marcelo-martin-burgos-les-monstres-fr","28":"first","29":"instock","30":"taxable","31":"shipping-taxable","32":"purchasable","33":"product-type-simple"},"acf":{"artwork_artist":[2803],"artwork_medium":164,"artwork_categories":[209,423,205],"artwork_overall-tones":[],"artwork_main-material":[],"artwork_art-genre":[],"artwork_art-movement":[192],"artwork_miscellaneous":[190],"artwork_formats":[215],"artwork_price-ranges":[238],"artwork_main_subject":[],"artwork_technique":[],"artwork_featured_location":[],"artwork_dominant_color":[565],"artwork_physical_attributes":[368,368],"artwork_creation_date":"20240101","artwork_unique_piece":true,"artwork_description":"Bois de grapia et feuille d'or v\u00e9nitien 20k","artwork_signature":"\u0152uvre sign\u00e9e","artwork_authenticity":"L\u2019\u0153uvre est vendue avec un certificat d\u2019authenticit\u00e9 sign\u00e9 par l\u2019artiste.","artwork_framing":"not_specified","artwork_has_custom_framing_info":false,"artwork_custom_framing_info":"Not specified","artwork_location_country":"ES","artwork_location_city":"Madrid","artwork_location_zipcode":"28010","artwork_shipment_type":"3D_artwork","artwork_shipping_delivery":"sculpture_edition_production_time","artwork_has_custom_shipping_delivery_info":false,"artwork_custom_shipping_delivery_info":"Not specified","artwork_360_view_url":"","artwork_video_url":"https:\/\/www.youtube.com\/watch?v=xqolitl4kis","artwork_video_format":[],"artwork_preview_type":"featured_image","artwork_reserved":false,"artwork_hide_price":false,"artwork_about":"<p class=\"ai-optimize-24\"><strong><em>Dragona (bois et feuilles d'or) <\/em><\/strong>est une sculpture r\u00e9alis\u00e9e par l\u2019artiste contemporain argentin Marcelo Martin Burgos. Comme le titre le sugg\u00e8re, l'\u0153uvre repr\u00e9sente une dragonne qui met en \u00e9vidence les signes distinctifs de l'animal imaginaire, comme le feu qui sort de la gueule ou les pattes arm\u00e9es de griffes. L'artiste semble s'inspirer de l'iconographie asiatique du dragon, comme le d\u00e9montre le fait que sa dragonne ne poss\u00e8de pas d'ailes. Cette pi\u00e8ce unique est en bois recouvert d'une tr\u00e8s fine feuille d'or 20k produite par l'atelier artisanal historique de Venise Mario Berta Battiloro. Le feu est utilis\u00e9 pour obtenir la texture finale, qui imite la peau d'un dragon.<\/p>\r\n<p class=\"ai-optimize-25\">L\u2019univers artistique de Marcelo Burgos est profond\u00e9ment ancr\u00e9 dans l\u2019enfance\u00a0: les r\u00eaves et les cauchemars des enfants, peupl\u00e9s de cr\u00e9atures fantastiques, d\u00e9mons, monstres et dragons, fournissent \u00e0 l\u2019artiste sa premi\u00e8re source d\u2019inspiration. Sa s\u00e9rie\u00a0<em>Les Monstres<\/em>\u00a0puise autant dans les dessins d\u2019enfants, les cartoons et mangas que dans la sculpture africaine et tolt\u00e8que. Loin d\u2019\u00eatre effrayantes, ces cr\u00e9atures \u00e9voquent, avec leur surface dor\u00e9e, des statues de divinit\u00e9 qui procurent \u00e0 la fois protection et r\u00e9confort.<\/p>\r\n<p class=\"ai-optimize-26\">Ses sculptures sont cr\u00e9\u00e9es en bronze, un mat\u00e9riau qu\u2019il appr\u00e9cie \u00e0 la fois pour sa noblesse, sa versatilit\u00e9 et surtout, pour l\u2019aspect que prend sa surface une fois polie : r\u00e9fl\u00e9chissante comme un miroir. Cet aspect r\u00e9fl\u00e9chissant est un moyen d\u2019inclure le spectateur dans ses \u0153uvres, transformant ses sculptures en madeleines de Proust : \u00ab\u00a0<em>Mon but est de faire \u00e9merger chez celui qui regarde des images et des sentiments qui vont le ramener \u00e0 cette \u00e9poque de sa vie qui reste sans doute la plus cr\u00e9ative, \u00e9tonnante et effrayante : cet \u2018\u00e2ge d\u2019or\u2019 qu\u2019est l\u2019enfance.<\/em>\u00a0\u00bb<\/p>","artwork_series":[1946],"artwork_query_group":"10","artwork_lowest_grid_position":1,"artwork_random_position":7782661,"explicit_sensitive_content":false,"drupal_id":"9560"},"yoast_head":"<!-- This site is optimized with the Yoast SEO Premium plugin v27.3 (Yoast SEO v27.3) - https:\/\/yoast.com\/product\/yoast-seo-premium-wordpress\/ -->\n<title>Dragona (bois et feuilles d&#039;or) par Marcelo Martin Burgos - Sculpture contemporaine | Artistics<\/title>\n<meta name=\"description\" content=\"Dragona (bois et feuilles d&#039;or) par Marcelo Martin Burgos - achetez en ligne cette \u0153uvre d\u2019art originale avec son certificat d\u2019authenticit\u00e9 et b\u00e9n\u00e9ficiez de notre service premium.\" \/>\n<meta name=\"robots\" content=\"index, follow, max-snippet:-1, max-image-preview:large, max-video-preview:-1\" \/>\n<link rel=\"canonical\" href=\"https:\/\/artistics.com\/fr\/oeuvre\/dragona-bois-et-feuilles-dor\/\" \/>\n<meta property=\"og:locale\" content=\"fr_FR\" \/>\n<meta property=\"og:type\" content=\"article\" \/>\n<meta property=\"og:title\" content=\"Dragona (bois et feuilles d&#039;or)\" \/>\n<meta property=\"og:description\" content=\"Dragona (bois et feuilles d&#039;or) par Marcelo Martin Burgos - achetez en ligne cette \u0153uvre d\u2019art originale avec son certificat d\u2019authenticit\u00e9 et b\u00e9n\u00e9ficiez de notre service premium.\" \/>\n<meta property=\"og:url\" content=\"https:\/\/artistics.com\/fr\/oeuvre\/dragona-bois-et-feuilles-dor\/\" \/>\n<meta property=\"og:site_name\" content=\"Artistics\" \/>\n<meta property=\"article:publisher\" content=\"https:\/\/www.facebook.com\/ArtisticsMag\" \/>\n<meta property=\"article:modified_time\" content=\"2025-06-26T12:57:57+00:00\" \/>\n<meta property=\"og:image\" content=\"https:\/\/artistics.com\/wp-content\/uploads\/2025\/06\/dragona-wood-gold-by-marcelo-burgos-1024x603.jpg\" \/>\n\t<meta property=\"og:image:width\" content=\"1024\" \/>\n\t<meta property=\"og:image:height\" content=\"603\" \/>\n\t<meta property=\"og:image:type\" content=\"image\/jpeg\" \/>\n<meta name=\"twitter:card\" content=\"summary_large_image\" \/>\n<meta name=\"twitter:site\" content=\"@Artistics_FR\" \/>\n<meta name=\"twitter:label1\" content=\"Prix\" \/>\n\t<meta name=\"twitter:data1\" content=\"20 600&nbsp;&euro;\" \/>\n\t<meta name=\"twitter:label2\" content=\"Disponibilit\u00e9\" \/>\n\t<meta name=\"twitter:data2\" content=\"En stock\" \/>\n<script type=\"application\/ld+json\" class=\"yoast-schema-graph\">{\"@context\":\"https:\\\/\\\/schema.org\",\"@graph\":[{\"@type\":[\"WebPage\",\"ItemPage\"],\"@id\":\"https:\\\/\\\/artistics.com\\\/fr\\\/oeuvre\\\/dragona-bois-et-feuilles-dor\\\/\",\"url\":\"https:\\\/\\\/artistics.com\\\/fr\\\/oeuvre\\\/dragona-bois-et-feuilles-dor\\\/\",\"name\":\"Dragona (bois et feuilles d'or) par Marcelo Martin Burgos - Sculpture contemporaine | Artistics\",\"isPartOf\":{\"@id\":\"https:\\\/\\\/artistics.com\\\/fr\\\/#website\"},\"primaryImageOfPage\":{\"@id\":\"https:\\\/\\\/artistics.com\\\/fr\\\/oeuvre\\\/dragona-bois-et-feuilles-dor\\\/#primaryimage\"},\"image\":{\"@id\":\"https:\\\/\\\/artistics.com\\\/fr\\\/oeuvre\\\/dragona-bois-et-feuilles-dor\\\/#primaryimage\"},\"thumbnailUrl\":\"https:\\\/\\\/artistics.com\\\/wp-content\\\/uploads\\\/2025\\\/06\\\/dragona-wood-gold-by-marcelo-burgos.jpg\",\"datePublished\":\"2025-06-25T10:54:04+00:00\",\"dateModified\":\"2025-06-26T12:57:57+00:00\",\"description\":\"Dragona (bois et feuilles d'or) par Marcelo Martin Burgos - achetez en ligne cette \u0153uvre d\u2019art originale avec son certificat d\u2019authenticit\u00e9 et b\u00e9n\u00e9ficiez de notre service premium.\",\"breadcrumb\":{\"@id\":\"https:\\\/\\\/artistics.com\\\/fr\\\/oeuvre\\\/dragona-bois-et-feuilles-dor\\\/#breadcrumb\"},\"inLanguage\":\"fr-FR\",\"potentialAction\":[{\"@type\":\"ReadAction\",\"target\":[\"https:\\\/\\\/artistics.com\\\/fr\\\/oeuvre\\\/dragona-bois-et-feuilles-dor\\\/\"]}]},{\"@type\":\"ImageObject\",\"inLanguage\":\"fr-FR\",\"@id\":\"https:\\\/\\\/artistics.com\\\/fr\\\/oeuvre\\\/dragona-bois-et-feuilles-dor\\\/#primaryimage\",\"url\":\"https:\\\/\\\/artistics.com\\\/wp-content\\\/uploads\\\/2025\\\/06\\\/dragona-wood-gold-by-marcelo-burgos.jpg\",\"contentUrl\":\"https:\\\/\\\/artistics.com\\\/wp-content\\\/uploads\\\/2025\\\/06\\\/dragona-wood-gold-by-marcelo-burgos.jpg\",\"width\":2560,\"height\":1508},{\"@type\":\"BreadcrumbList\",\"@id\":\"https:\\\/\\\/artistics.com\\\/fr\\\/oeuvre\\\/dragona-bois-et-feuilles-dor\\\/#breadcrumb\",\"itemListElement\":[{\"@type\":\"ListItem\",\"position\":1,\"name\":\"Achat \u0153uvre d'art\",\"item\":\"https:\\\/\\\/artistics.com\\\/fr\\\/\"},{\"@type\":\"ListItem\",\"position\":2,\"name\":\"Galerie\",\"item\":\"https:\\\/\\\/artistics.com\\\/fr\\\/galerie\\\/\"},{\"@type\":\"ListItem\",\"position\":3,\"name\":\"Sculpture contemporaine\",\"item\":\"https:\\\/\\\/artistics.com\\\/fr\\\/categorie-oeuvre\\\/sculpture-contemporaine\\\/\"},{\"@type\":\"ListItem\",\"position\":4,\"name\":\"Dragona (bois et feuilles d&#8217;or)\"}]},{\"@type\":\"WebSite\",\"@id\":\"https:\\\/\\\/artistics.com\\\/fr\\\/#website\",\"url\":\"https:\\\/\\\/artistics.com\\\/fr\\\/\",\"name\":\"Artistics\",\"description\":\"The online art gallery\",\"publisher\":{\"@id\":\"https:\\\/\\\/artistics.com\\\/fr\\\/#organization\"},\"potentialAction\":[{\"@type\":\"SearchAction\",\"target\":{\"@type\":\"EntryPoint\",\"urlTemplate\":\"https:\\\/\\\/artistics.com\\\/fr\\\/?s={search_term_string}\"},\"query-input\":{\"@type\":\"PropertyValueSpecification\",\"valueRequired\":true,\"valueName\":\"search_term_string\"}}],\"inLanguage\":\"fr-FR\"},{\"@type\":\"Organization\",\"@id\":\"https:\\\/\\\/artistics.com\\\/fr\\\/#organization\",\"name\":\"Artistics\",\"url\":\"https:\\\/\\\/artistics.com\\\/fr\\\/\",\"logo\":{\"@type\":\"ImageObject\",\"inLanguage\":\"fr-FR\",\"@id\":\"https:\\\/\\\/artistics.com\\\/fr\\\/#\\\/schema\\\/logo\\\/image\\\/\",\"url\":\"https:\\\/\\\/artistics.com\\\/wp-content\\\/uploads\\\/2023\\\/02\\\/artistics-logo-web-1.svg\",\"contentUrl\":\"https:\\\/\\\/artistics.com\\\/wp-content\\\/uploads\\\/2023\\\/02\\\/artistics-logo-web-1.svg\",\"caption\":\"Artistics\"},\"image\":{\"@id\":\"https:\\\/\\\/artistics.com\\\/fr\\\/#\\\/schema\\\/logo\\\/image\\\/\"},\"sameAs\":[\"https:\\\/\\\/www.facebook.com\\\/ArtisticsMag\",\"https:\\\/\\\/x.com\\\/Artistics_FR\",\"http:\\\/\\\/www.linkedin.com\\\/company\\\/artistics\",\"https:\\\/\\\/www.instagram.com\\\/artistics_com\\\/\",\"http:\\\/\\\/www.pinterest.com\\\/ArtisticsMag\"],\"hasMerchantReturnPolicy\":{\"@type\":\"MerchantReturnPolicy\",\"merchantReturnLink\":\"https:\\\/\\\/artistics.com\\\/free-return-policy\\\/\"}}]}<\/script>\n<meta property=\"product:price:amount\" content=\"20600\" \/>\n<meta property=\"product:price:currency\" content=\"EUR\" \/>\n<meta property=\"og:availability\" content=\"instock\" \/>\n<meta property=\"product:availability\" content=\"instock\" \/>\n<meta property=\"product:condition\" content=\"new\" \/>\n<!-- \/ Yoast SEO Premium plugin. -->","yoast_head_json":{"title":"Dragona (bois et feuilles d'or) par Marcelo Martin Burgos - Sculpture contemporaine | Artistics","description":"Dragona (bois et feuilles d'or) par Marcelo Martin Burgos - achetez en ligne cette \u0153uvre d\u2019art originale avec son certificat d\u2019authenticit\u00e9 et b\u00e9n\u00e9ficiez de notre service premium.","robots":{"index":"index","follow":"follow","max-snippet":"max-snippet:-1","max-image-preview":"max-image-preview:large","max-video-preview":"max-video-preview:-1"},"canonical":"https:\/\/artistics.com\/fr\/oeuvre\/dragona-bois-et-feuilles-dor\/","og_locale":"fr_FR","og_type":"article","og_title":"Dragona (bois et feuilles d'or)","og_description":"Dragona (bois et feuilles d'or) par Marcelo Martin Burgos - achetez en ligne cette \u0153uvre d\u2019art originale avec son certificat d\u2019authenticit\u00e9 et b\u00e9n\u00e9ficiez de notre service premium.","og_url":"https:\/\/artistics.com\/fr\/oeuvre\/dragona-bois-et-feuilles-dor\/","og_site_name":"Artistics","article_publisher":"https:\/\/www.facebook.com\/ArtisticsMag","article_modified_time":"2025-06-26T12:57:57+00:00","og_image":[{"width":1024,"height":603,"url":"https:\/\/artistics.com\/wp-content\/uploads\/2025\/06\/dragona-wood-gold-by-marcelo-burgos-1024x603.jpg","type":"image\/jpeg"}],"twitter_card":"summary_large_image","twitter_site":"@Artistics_FR","twitter_misc":{"Prix":"20 600&nbsp;&euro;","Disponibilit\u00e9":"En stock"},"schema":{"@context":"https:\/\/schema.org","@graph":[{"@type":["WebPage","ItemPage"],"@id":"https:\/\/artistics.com\/fr\/oeuvre\/dragona-bois-et-feuilles-dor\/","url":"https:\/\/artistics.com\/fr\/oeuvre\/dragona-bois-et-feuilles-dor\/","name":"Dragona (bois et feuilles d'or) par Marcelo Martin Burgos - Sculpture contemporaine | Artistics","isPartOf":{"@id":"https:\/\/artistics.com\/fr\/#website"},"primaryImageOfPage":{"@id":"https:\/\/artistics.com\/fr\/oeuvre\/dragona-bois-et-feuilles-dor\/#primaryimage"},"image":{"@id":"https:\/\/artistics.com\/fr\/oeuvre\/dragona-bois-et-feuilles-dor\/#primaryimage"},"thumbnailUrl":"https:\/\/artistics.com\/wp-content\/uploads\/2025\/06\/dragona-wood-gold-by-marcelo-burgos.jpg","datePublished":"2025-06-25T10:54:04+00:00","dateModified":"2025-06-26T12:57:57+00:00","description":"Dragona (bois et feuilles d'or) par Marcelo Martin Burgos - achetez en ligne cette \u0153uvre d\u2019art originale avec son certificat d\u2019authenticit\u00e9 et b\u00e9n\u00e9ficiez de notre service premium.","breadcrumb":{"@id":"https:\/\/artistics.com\/fr\/oeuvre\/dragona-bois-et-feuilles-dor\/#breadcrumb"},"inLanguage":"fr-FR","potentialAction":[{"@type":"ReadAction","target":["https:\/\/artistics.com\/fr\/oeuvre\/dragona-bois-et-feuilles-dor\/"]}]},{"@type":"ImageObject","inLanguage":"fr-FR","@id":"https:\/\/artistics.com\/fr\/oeuvre\/dragona-bois-et-feuilles-dor\/#primaryimage","url":"https:\/\/artistics.com\/wp-content\/uploads\/2025\/06\/dragona-wood-gold-by-marcelo-burgos.jpg","contentUrl":"https:\/\/artistics.com\/wp-content\/uploads\/2025\/06\/dragona-wood-gold-by-marcelo-burgos.jpg","width":2560,"height":1508},{"@type":"BreadcrumbList","@id":"https:\/\/artistics.com\/fr\/oeuvre\/dragona-bois-et-feuilles-dor\/#breadcrumb","itemListElement":[{"@type":"ListItem","position":1,"name":"Achat \u0153uvre d'art","item":"https:\/\/artistics.com\/fr\/"},{"@type":"ListItem","position":2,"name":"Galerie","item":"https:\/\/artistics.com\/fr\/galerie\/"},{"@type":"ListItem","position":3,"name":"Sculpture contemporaine","item":"https:\/\/artistics.com\/fr\/categorie-oeuvre\/sculpture-contemporaine\/"},{"@type":"ListItem","position":4,"name":"Dragona (bois et feuilles d&#8217;or)"}]},{"@type":"WebSite","@id":"https:\/\/artistics.com\/fr\/#website","url":"https:\/\/artistics.com\/fr\/","name":"Artistics","description":"The online art gallery","publisher":{"@id":"https:\/\/artistics.com\/fr\/#organization"},"potentialAction":[{"@type":"SearchAction","target":{"@type":"EntryPoint","urlTemplate":"https:\/\/artistics.com\/fr\/?s={search_term_string}"},"query-input":{"@type":"PropertyValueSpecification","valueRequired":true,"valueName":"search_term_string"}}],"inLanguage":"fr-FR"},{"@type":"Organization","@id":"https:\/\/artistics.com\/fr\/#organization","name":"Artistics","url":"https:\/\/artistics.com\/fr\/","logo":{"@type":"ImageObject","inLanguage":"fr-FR","@id":"https:\/\/artistics.com\/fr\/#\/schema\/logo\/image\/","url":"https:\/\/artistics.com\/wp-content\/uploads\/2023\/02\/artistics-logo-web-1.svg","contentUrl":"https:\/\/artistics.com\/wp-content\/uploads\/2023\/02\/artistics-logo-web-1.svg","caption":"Artistics"},"image":{"@id":"https:\/\/artistics.com\/fr\/#\/schema\/logo\/image\/"},"sameAs":["https:\/\/www.facebook.com\/ArtisticsMag","https:\/\/x.com\/Artistics_FR","http:\/\/www.linkedin.com\/company\/artistics","https:\/\/www.instagram.com\/artistics_com\/","http:\/\/www.pinterest.com\/ArtisticsMag"],"hasMerchantReturnPolicy":{"@type":"MerchantReturnPolicy","merchantReturnLink":"https:\/\/artistics.com\/free-return-policy\/"}}]},"product_price_amount":"20600","product_price_currency":"EUR","og_availability":"instock","product_availability":"instock","product_condition":"new"},"_links":{"self":[{"href":"https:\/\/artistics.com\/fr\/wp-json\/wp\/v2\/product\/84125","targetHints":{"allow":["GET"]}}],"collection":[{"href":"https:\/\/artistics.com\/fr\/wp-json\/wp\/v2\/product"}],"about":[{"href":"https:\/\/artistics.com\/fr\/wp-json\/wp\/v2\/types\/product"}],"acf:term":[{"embeddable":true,"taxonomy":"series","href":"https:\/\/artistics.com\/fr\/wp-json\/wp\/v2\/series\/1946"},{"embeddable":true,"taxonomy":"product_tag","href":"https:\/\/artistics.com\/fr\/wp-json\/wp\/v2\/product_tag\/368"},{"embeddable":true,"taxonomy":"product_tag","href":"https:\/\/artistics.com\/fr\/wp-json\/wp\/v2\/product_tag\/565"},{"embeddable":true,"taxonomy":"product_cat","href":"https:\/\/artistics.com\/fr\/wp-json\/wp\/v2\/product_cat\/238"},{"embeddable":true,"taxonomy":"product_cat","href":"https:\/\/artistics.com\/fr\/wp-json\/wp\/v2\/product_cat\/215"},{"embeddable":true,"taxonomy":"product_cat","href":"https:\/\/artistics.com\/fr\/wp-json\/wp\/v2\/product_cat\/190"},{"embeddable":true,"taxonomy":"product_cat","href":"https:\/\/artistics.com\/fr\/wp-json\/wp\/v2\/product_cat\/192"},{"embeddable":true,"taxonomy":"product_cat","href":"https:\/\/artistics.com\/fr\/wp-json\/wp\/v2\/product_cat\/205"},{"embeddable":true,"taxonomy":"product_cat","href":"https:\/\/artistics.com\/fr\/wp-json\/wp\/v2\/product_cat\/423"},{"embeddable":true,"taxonomy":"product_cat","href":"https:\/\/artistics.com\/fr\/wp-json\/wp\/v2\/product_cat\/209"},{"embeddable":true,"taxonomy":"product_cat","href":"https:\/\/artistics.com\/fr\/wp-json\/wp\/v2\/product_cat\/164"}],"acf:post":[{"embeddable":true,"href":"https:\/\/artistics.com\/fr\/wp-json\/wp\/v2\/artist\/2803"}],"wp:featuredmedia":[{"embeddable":true,"href":"https:\/\/artistics.com\/fr\/wp-json\/wp\/v2\/media\/84209"}],"wp:attachment":[{"href":"https:\/\/artistics.com\/fr\/wp-json\/wp\/v2\/media?parent=84125"}],"wp:term":[{"taxonomy":"product_cat","embeddable":true,"href":"https:\/\/artistics.com\/fr\/wp-json\/wp\/v2\/product_cat?post=84125"},{"taxonomy":"product_tag","embeddable":true,"href":"https:\/\/artistics.com\/fr\/wp-json\/wp\/v2\/product_tag?post=84125"},{"taxonomy":"series","embeddable":true,"href":"https:\/\/artistics.com\/fr\/wp-json\/wp\/v2\/series?post=84125"}],"curies":[{"name":"wp","href":"https:\/\/api.w.org\/{rel}","templated":true}]}}