{"id":84021,"date":"2025-06-24T18:37:45","date_gmt":"2025-06-24T16:37:45","guid":{"rendered":"https:\/\/artistics.com\/?post_type=product&#038;p=84021"},"modified":"2025-06-24T18:41:30","modified_gmt":"2025-06-24T16:41:30","slug":"encantats-14","status":"publish","type":"product","link":"https:\/\/artistics.com\/fr\/oeuvre\/encantats-14\/","title":{"rendered":"Encantats 14"},"content":{"rendered":"","protected":false},"excerpt":{"rendered":"","protected":false},"featured_media":83901,"template":"","meta":{"_acf_changed":false,"_searchwp_excluded":"","inline_featured_image":false},"product_cat":[235,216,194,163,203,202,225],"product_tag":[523],"series":[2523],"class_list":{"0":"post-84021","1":"product","2":"type-product","3":"status-publish","4":"has-post-thumbnail","6":"product_cat-de-1000-a-3000-e","7":"product_cat-moyen","8":"product_cat-nature-et-paysage","9":"product_cat-photographie-contemporaine","10":"product_cat-photographie-de-nuit","11":"product_cat-photographie-nature-et-paysage","12":"product_cat-tons-sombres","13":"product_tag-montagne","14":"series-xavier-dumoulin-encantats","16":"first","17":"instock","18":"shipping-taxable","19":"purchasable","20":"product-type-variable","21":"has-default-attributes"},"acf":{"artwork_artist":[2785],"artwork_medium":163,"artwork_categories":[202,203],"artwork_overall-tones":[225],"artwork_main-material":[],"artwork_art-genre":[194],"artwork_art-movement":[],"artwork_miscellaneous":[],"artwork_formats":[216,216],"artwork_price-ranges":[235],"artwork_main_subject":[523],"artwork_technique":[],"artwork_featured_location":[],"artwork_dominant_color":[],"artwork_physical_attributes":[],"artwork_creation_date":"20240101","artwork_unique_piece":false,"artwork_description":"Tirage jet d'encre sur papier Hahnem\u00fchle Natural Line Hemp ","artwork_signature":"x","artwork_authenticity":"L\u2019\u0153uvre est vendue avec un certificat d\u2019authenticit\u00e9 sign\u00e9 par l\u2019artiste.","artwork_framing":"unframed","artwork_has_custom_framing_info":false,"artwork_custom_framing_info":"Not specified","artwork_location_country":"FR","artwork_location_city":"Pau","artwork_location_zipcode":"64000","artwork_shipment_type":"2D_rolled_artwork","artwork_shipping_delivery":"photography_production_time","artwork_has_custom_shipping_delivery_info":false,"artwork_custom_shipping_delivery_info":"Not specified","artwork_360_view_url":"","artwork_video_url":"","artwork_video_format":[],"artwork_preview_type":"featured_image","artwork_reserved":false,"artwork_hide_price":false,"artwork_about":"<p class=\"ai-optimize-27\"><em><strong>Encantat 14 <\/strong><\/em>est une photographie de Xavier Dumoulin de la s\u00e9rie <em>Encantats<\/em><em> (Enchant\u00e9s).<\/em><\/p>\r\n<p class=\"ai-optimize-30\" style=\"font-weight: 400;\">Dans ces photographies, l\u2019artiste capture la po\u00e9sie nocturne de paysages naturels marqu\u00e9s par la pr\u00e9sence de l\u2019eau. Pour cr\u00e9er cette s\u00e9rie, Xavier a arpent\u00e9 pendant un an les Pyr\u00e9n\u00e9es, montagnes o\u00f9 il a grandi et dont il conna\u00eet les l\u00e9gendes. Sous la lumi\u00e8re myst\u00e9rieuse et d\u00e9licate de la pleine lune, il prolonge ces r\u00e9cits en images, cherchant \u00e0 r\u00e9veiller chez le spectateur des \u00e9motions oubli\u00e9es, li\u00e9es \u00e0 notre lien primitif avec la nature. A l\u2019aide d\u2019une lampe de poche pour r\u00e9v\u00e9ler rivi\u00e8res et cascades ou d\u2019une lampe de piscine pour sublimer l\u2019\u00e9clat des lacs et des tourbi\u00e8res, il parvient \u00e0 r\u00e9v\u00e9ler la magie de l\u2019eau, gr\u00e2ce \u00e0 de tr\u00e8s longues expositions et une ouverture maximale de l\u2019objectif. Le nom m\u00eame des <em>Encantats<\/em> \u2014 massif des Pyr\u00e9n\u00e9es catalanes espagnoles \u2014 r\u00e9sonne avec cette atmosph\u00e8re : il signifie en catalan \u201cles Enchant\u00e9s\u201d.<\/p>\r\n<p class=\"ai-optimize-31\" style=\"font-weight: 400;\">\u00ab\u00a0<em>Il fut un temps o\u00f9 les montagnes \u00e9taient peupl\u00e9es de dieux, de g\u00e9ants et de dragons. Chaque sommet, chaque pierre dress\u00e9e ou gouffre poss\u00e9dait son r\u00e9cit, son pouvoir. L\u2019eau, en particulier, \u00e9tait au centre des v\u00e9n\u00e9rations : habit\u00e9e par des f\u00e9es et des nymphes, elle inspirait autant la crainte que l\u2019\u00e9merveillement. Aujourd\u2019hui, ces croyances se sont effac\u00e9es sous le poids de l\u2019exploitation. [\u2026] Mais les montagnes, elles, n\u2019ont rien oubli\u00e9. Elles continuent de murmurer \u00e0 ceux qui savent \u00e9couter. La s\u00e9rie Encantats est n\u00e9e de cette \u00e9coute. R\u00e9alis\u00e9e de nuit, \u00e0 la lumi\u00e8re de la pleine lune, elle nous plonge dans un monde o\u00f9 l\u2019eau semble \u00e9mettre sa propre lumi\u00e8re, comme si elle \u00e9tait toujours habit\u00e9e. Torrents de lumi\u00e8re, cascades d\u2019or, lacs d\u2019opale, glaciers phosphorescents\u2026 Chaque image semble surgir d\u2019un r\u00eave ancien. Dans cette obscurit\u00e9 o\u00f9 les rep\u00e8res vacillent, la fronti\u00e8re entre r\u00e9el et fiction s\u2019efface. L\u2019eau devient personnage, souffle, enchantement. [\u2026] En rendant \u00e0 l\u2019eau sa part de myst\u00e8re, j\u2019esp\u00e8re r\u00e9activer un lien de respect, d\u2019\u00e9merveillement et d\u2019\u00e9coute dans un contexte d\u2019urgence \u00e9cologique. Car la magie n\u2019a pas disparu. Elle plonge, surgie, s\u2019insinue, se transforme. Elle se r\u00e9v\u00e8le dans la nuit, \u00e0 la pleine lune. Elle coule encore pour celui qui sait regarder et ressentir.<\/em>\u00a0\u00bb Xavier Dumoulin<\/p>","artwork_series":[2523],"artwork_query_group":"20","artwork_lowest_grid_position":1,"artwork_random_position":5368520,"explicit_sensitive_content":false,"drupal_id":"4424"},"yoast_head":"<!-- This site is optimized with the Yoast SEO Premium plugin v27.3 (Yoast SEO v27.3) - https:\/\/yoast.com\/product\/yoast-seo-premium-wordpress\/ -->\n<title>Encantats 14 par Xavier Dumoulin - Photographie contemporaine | Artistics<\/title>\n<meta name=\"description\" content=\"Encantats 14 par Xavier Dumoulin - achetez en ligne cette \u0153uvre d\u2019art originale avec son certificat d\u2019authenticit\u00e9 et b\u00e9n\u00e9ficiez de notre service premium.\" \/>\n<meta name=\"robots\" content=\"index, follow, max-snippet:-1, max-image-preview:large, max-video-preview:-1\" \/>\n<link rel=\"canonical\" href=\"https:\/\/artistics.com\/fr\/oeuvre\/encantats-14\/\" \/>\n<meta property=\"og:locale\" content=\"fr_FR\" \/>\n<meta property=\"og:type\" content=\"article\" \/>\n<meta property=\"og:title\" content=\"Encantats 14\" \/>\n<meta property=\"og:description\" content=\"Encantats 14 par Xavier Dumoulin - achetez en ligne cette \u0153uvre d\u2019art originale avec son certificat d\u2019authenticit\u00e9 et b\u00e9n\u00e9ficiez de notre service premium.\" \/>\n<meta property=\"og:url\" content=\"https:\/\/artistics.com\/fr\/oeuvre\/encantats-14\/\" \/>\n<meta property=\"og:site_name\" content=\"Artistics\" \/>\n<meta property=\"article:publisher\" content=\"https:\/\/www.facebook.com\/ArtisticsMag\" \/>\n<meta property=\"article:modified_time\" content=\"2025-06-24T16:41:30+00:00\" \/>\n<meta property=\"og:image\" content=\"https:\/\/artistics.com\/wp-content\/uploads\/2025\/06\/enchanted-14-landscape-photography-by-xavier-dumoulin-2-scaled.jpg\" \/>\n\t<meta property=\"og:image:width\" content=\"2560\" \/>\n\t<meta property=\"og:image:height\" content=\"1920\" \/>\n\t<meta property=\"og:image:type\" content=\"image\/jpeg\" \/>\n<meta name=\"twitter:card\" content=\"summary_large_image\" \/>\n<meta name=\"twitter:site\" content=\"@Artistics_FR\" \/>\n<meta name=\"twitter:label1\" content=\"Disponibilit\u00e9\" \/>\n\t<meta name=\"twitter:data1\" content=\"En stock\" \/>\n<script type=\"application\/ld+json\" class=\"yoast-schema-graph\">{\"@context\":\"https:\\\/\\\/schema.org\",\"@graph\":[{\"@type\":[\"WebPage\",\"ItemPage\"],\"@id\":\"https:\\\/\\\/artistics.com\\\/fr\\\/oeuvre\\\/encantats-14\\\/\",\"url\":\"https:\\\/\\\/artistics.com\\\/fr\\\/oeuvre\\\/encantats-14\\\/\",\"name\":\"Encantats 14 par Xavier Dumoulin - Photographie contemporaine | Artistics\",\"isPartOf\":{\"@id\":\"https:\\\/\\\/artistics.com\\\/fr\\\/#website\"},\"primaryImageOfPage\":{\"@id\":\"https:\\\/\\\/artistics.com\\\/fr\\\/oeuvre\\\/encantats-14\\\/#primaryimage\"},\"image\":{\"@id\":\"https:\\\/\\\/artistics.com\\\/fr\\\/oeuvre\\\/encantats-14\\\/#primaryimage\"},\"thumbnailUrl\":\"https:\\\/\\\/artistics.com\\\/wp-content\\\/uploads\\\/2025\\\/06\\\/enchanted-14-landscape-photography-by-xavier-dumoulin-2-scaled.jpg\",\"datePublished\":\"2025-06-24T16:37:45+00:00\",\"dateModified\":\"2025-06-24T16:41:30+00:00\",\"description\":\"Encantats 14 par Xavier Dumoulin - achetez en ligne cette \u0153uvre d\u2019art originale avec son certificat d\u2019authenticit\u00e9 et b\u00e9n\u00e9ficiez de notre service premium.\",\"breadcrumb\":{\"@id\":\"https:\\\/\\\/artistics.com\\\/fr\\\/oeuvre\\\/encantats-14\\\/#breadcrumb\"},\"inLanguage\":\"fr-FR\",\"potentialAction\":[{\"@type\":\"ReadAction\",\"target\":[\"https:\\\/\\\/artistics.com\\\/fr\\\/oeuvre\\\/encantats-14\\\/\"]}]},{\"@type\":\"ImageObject\",\"inLanguage\":\"fr-FR\",\"@id\":\"https:\\\/\\\/artistics.com\\\/fr\\\/oeuvre\\\/encantats-14\\\/#primaryimage\",\"url\":\"https:\\\/\\\/artistics.com\\\/wp-content\\\/uploads\\\/2025\\\/06\\\/enchanted-14-landscape-photography-by-xavier-dumoulin-2-scaled.jpg\",\"contentUrl\":\"https:\\\/\\\/artistics.com\\\/wp-content\\\/uploads\\\/2025\\\/06\\\/enchanted-14-landscape-photography-by-xavier-dumoulin-2-scaled.jpg\",\"width\":2560,\"height\":1920},{\"@type\":\"BreadcrumbList\",\"@id\":\"https:\\\/\\\/artistics.com\\\/fr\\\/oeuvre\\\/encantats-14\\\/#breadcrumb\",\"itemListElement\":[{\"@type\":\"ListItem\",\"position\":1,\"name\":\"Achat \u0153uvre d'art\",\"item\":\"https:\\\/\\\/artistics.com\\\/fr\\\/\"},{\"@type\":\"ListItem\",\"position\":2,\"name\":\"Galerie\",\"item\":\"https:\\\/\\\/artistics.com\\\/fr\\\/galerie\\\/\"},{\"@type\":\"ListItem\",\"position\":3,\"name\":\"Photographie contemporaine\",\"item\":\"https:\\\/\\\/artistics.com\\\/fr\\\/categorie-oeuvre\\\/photographie-contemporaine\\\/\"},{\"@type\":\"ListItem\",\"position\":4,\"name\":\"Encantats 14\"}]},{\"@type\":\"WebSite\",\"@id\":\"https:\\\/\\\/artistics.com\\\/fr\\\/#website\",\"url\":\"https:\\\/\\\/artistics.com\\\/fr\\\/\",\"name\":\"Artistics\",\"description\":\"The online art gallery\",\"publisher\":{\"@id\":\"https:\\\/\\\/artistics.com\\\/fr\\\/#organization\"},\"potentialAction\":[{\"@type\":\"SearchAction\",\"target\":{\"@type\":\"EntryPoint\",\"urlTemplate\":\"https:\\\/\\\/artistics.com\\\/fr\\\/?s={search_term_string}\"},\"query-input\":{\"@type\":\"PropertyValueSpecification\",\"valueRequired\":true,\"valueName\":\"search_term_string\"}}],\"inLanguage\":\"fr-FR\"},{\"@type\":\"Organization\",\"@id\":\"https:\\\/\\\/artistics.com\\\/fr\\\/#organization\",\"name\":\"Artistics\",\"url\":\"https:\\\/\\\/artistics.com\\\/fr\\\/\",\"logo\":{\"@type\":\"ImageObject\",\"inLanguage\":\"fr-FR\",\"@id\":\"https:\\\/\\\/artistics.com\\\/fr\\\/#\\\/schema\\\/logo\\\/image\\\/\",\"url\":\"https:\\\/\\\/artistics.com\\\/wp-content\\\/uploads\\\/2023\\\/02\\\/artistics-logo-web-1.svg\",\"contentUrl\":\"https:\\\/\\\/artistics.com\\\/wp-content\\\/uploads\\\/2023\\\/02\\\/artistics-logo-web-1.svg\",\"caption\":\"Artistics\"},\"image\":{\"@id\":\"https:\\\/\\\/artistics.com\\\/fr\\\/#\\\/schema\\\/logo\\\/image\\\/\"},\"sameAs\":[\"https:\\\/\\\/www.facebook.com\\\/ArtisticsMag\",\"https:\\\/\\\/x.com\\\/Artistics_FR\",\"http:\\\/\\\/www.linkedin.com\\\/company\\\/artistics\",\"https:\\\/\\\/www.instagram.com\\\/artistics_com\\\/\",\"http:\\\/\\\/www.pinterest.com\\\/ArtisticsMag\"],\"hasMerchantReturnPolicy\":{\"@type\":\"MerchantReturnPolicy\",\"merchantReturnLink\":\"https:\\\/\\\/artistics.com\\\/free-return-policy\\\/\"}}]}<\/script>\n<meta property=\"og:availability\" content=\"instock\" \/>\n<meta property=\"product:availability\" content=\"instock\" \/>\n<meta property=\"product:retailer_item_id\" content=\"4465-3-8\" \/>\n<meta property=\"product:condition\" content=\"new\" \/>\n<!-- \/ Yoast SEO Premium plugin. -->","yoast_head_json":{"title":"Encantats 14 par Xavier Dumoulin - Photographie contemporaine | Artistics","description":"Encantats 14 par Xavier Dumoulin - achetez en ligne cette \u0153uvre d\u2019art originale avec son certificat d\u2019authenticit\u00e9 et b\u00e9n\u00e9ficiez de notre service premium.","robots":{"index":"index","follow":"follow","max-snippet":"max-snippet:-1","max-image-preview":"max-image-preview:large","max-video-preview":"max-video-preview:-1"},"canonical":"https:\/\/artistics.com\/fr\/oeuvre\/encantats-14\/","og_locale":"fr_FR","og_type":"article","og_title":"Encantats 14","og_description":"Encantats 14 par Xavier Dumoulin - achetez en ligne cette \u0153uvre d\u2019art originale avec son certificat d\u2019authenticit\u00e9 et b\u00e9n\u00e9ficiez de notre service premium.","og_url":"https:\/\/artistics.com\/fr\/oeuvre\/encantats-14\/","og_site_name":"Artistics","article_publisher":"https:\/\/www.facebook.com\/ArtisticsMag","article_modified_time":"2025-06-24T16:41:30+00:00","og_image":[{"width":2560,"height":1920,"url":"https:\/\/artistics.com\/wp-content\/uploads\/2025\/06\/enchanted-14-landscape-photography-by-xavier-dumoulin-2-scaled.jpg","type":"image\/jpeg"}],"twitter_card":"summary_large_image","twitter_site":"@Artistics_FR","twitter_misc":{"Disponibilit\u00e9":"En stock"},"schema":{"@context":"https:\/\/schema.org","@graph":[{"@type":["WebPage","ItemPage"],"@id":"https:\/\/artistics.com\/fr\/oeuvre\/encantats-14\/","url":"https:\/\/artistics.com\/fr\/oeuvre\/encantats-14\/","name":"Encantats 14 par Xavier Dumoulin - Photographie contemporaine | Artistics","isPartOf":{"@id":"https:\/\/artistics.com\/fr\/#website"},"primaryImageOfPage":{"@id":"https:\/\/artistics.com\/fr\/oeuvre\/encantats-14\/#primaryimage"},"image":{"@id":"https:\/\/artistics.com\/fr\/oeuvre\/encantats-14\/#primaryimage"},"thumbnailUrl":"https:\/\/artistics.com\/wp-content\/uploads\/2025\/06\/enchanted-14-landscape-photography-by-xavier-dumoulin-2-scaled.jpg","datePublished":"2025-06-24T16:37:45+00:00","dateModified":"2025-06-24T16:41:30+00:00","description":"Encantats 14 par Xavier Dumoulin - achetez en ligne cette \u0153uvre d\u2019art originale avec son certificat d\u2019authenticit\u00e9 et b\u00e9n\u00e9ficiez de notre service premium.","breadcrumb":{"@id":"https:\/\/artistics.com\/fr\/oeuvre\/encantats-14\/#breadcrumb"},"inLanguage":"fr-FR","potentialAction":[{"@type":"ReadAction","target":["https:\/\/artistics.com\/fr\/oeuvre\/encantats-14\/"]}]},{"@type":"ImageObject","inLanguage":"fr-FR","@id":"https:\/\/artistics.com\/fr\/oeuvre\/encantats-14\/#primaryimage","url":"https:\/\/artistics.com\/wp-content\/uploads\/2025\/06\/enchanted-14-landscape-photography-by-xavier-dumoulin-2-scaled.jpg","contentUrl":"https:\/\/artistics.com\/wp-content\/uploads\/2025\/06\/enchanted-14-landscape-photography-by-xavier-dumoulin-2-scaled.jpg","width":2560,"height":1920},{"@type":"BreadcrumbList","@id":"https:\/\/artistics.com\/fr\/oeuvre\/encantats-14\/#breadcrumb","itemListElement":[{"@type":"ListItem","position":1,"name":"Achat \u0153uvre d'art","item":"https:\/\/artistics.com\/fr\/"},{"@type":"ListItem","position":2,"name":"Galerie","item":"https:\/\/artistics.com\/fr\/galerie\/"},{"@type":"ListItem","position":3,"name":"Photographie contemporaine","item":"https:\/\/artistics.com\/fr\/categorie-oeuvre\/photographie-contemporaine\/"},{"@type":"ListItem","position":4,"name":"Encantats 14"}]},{"@type":"WebSite","@id":"https:\/\/artistics.com\/fr\/#website","url":"https:\/\/artistics.com\/fr\/","name":"Artistics","description":"The online art gallery","publisher":{"@id":"https:\/\/artistics.com\/fr\/#organization"},"potentialAction":[{"@type":"SearchAction","target":{"@type":"EntryPoint","urlTemplate":"https:\/\/artistics.com\/fr\/?s={search_term_string}"},"query-input":{"@type":"PropertyValueSpecification","valueRequired":true,"valueName":"search_term_string"}}],"inLanguage":"fr-FR"},{"@type":"Organization","@id":"https:\/\/artistics.com\/fr\/#organization","name":"Artistics","url":"https:\/\/artistics.com\/fr\/","logo":{"@type":"ImageObject","inLanguage":"fr-FR","@id":"https:\/\/artistics.com\/fr\/#\/schema\/logo\/image\/","url":"https:\/\/artistics.com\/wp-content\/uploads\/2023\/02\/artistics-logo-web-1.svg","contentUrl":"https:\/\/artistics.com\/wp-content\/uploads\/2023\/02\/artistics-logo-web-1.svg","caption":"Artistics"},"image":{"@id":"https:\/\/artistics.com\/fr\/#\/schema\/logo\/image\/"},"sameAs":["https:\/\/www.facebook.com\/ArtisticsMag","https:\/\/x.com\/Artistics_FR","http:\/\/www.linkedin.com\/company\/artistics","https:\/\/www.instagram.com\/artistics_com\/","http:\/\/www.pinterest.com\/ArtisticsMag"],"hasMerchantReturnPolicy":{"@type":"MerchantReturnPolicy","merchantReturnLink":"https:\/\/artistics.com\/free-return-policy\/"}}]},"og_availability":"instock","product_availability":"instock","product_retailer_item_id":"4465-3-8","product_condition":"new"},"_links":{"self":[{"href":"https:\/\/artistics.com\/fr\/wp-json\/wp\/v2\/product\/84021","targetHints":{"allow":["GET"]}}],"collection":[{"href":"https:\/\/artistics.com\/fr\/wp-json\/wp\/v2\/product"}],"about":[{"href":"https:\/\/artistics.com\/fr\/wp-json\/wp\/v2\/types\/product"}],"acf:term":[{"embeddable":true,"taxonomy":"series","href":"https:\/\/artistics.com\/fr\/wp-json\/wp\/v2\/series\/2523"},{"embeddable":true,"taxonomy":"product_tag","href":"https:\/\/artistics.com\/fr\/wp-json\/wp\/v2\/product_tag\/523"},{"embeddable":true,"taxonomy":"product_cat","href":"https:\/\/artistics.com\/fr\/wp-json\/wp\/v2\/product_cat\/235"},{"embeddable":true,"taxonomy":"product_cat","href":"https:\/\/artistics.com\/fr\/wp-json\/wp\/v2\/product_cat\/216"},{"embeddable":true,"taxonomy":"product_cat","href":"https:\/\/artistics.com\/fr\/wp-json\/wp\/v2\/product_cat\/194"},{"embeddable":true,"taxonomy":"product_cat","href":"https:\/\/artistics.com\/fr\/wp-json\/wp\/v2\/product_cat\/225"},{"embeddable":true,"taxonomy":"product_cat","href":"https:\/\/artistics.com\/fr\/wp-json\/wp\/v2\/product_cat\/203"},{"embeddable":true,"taxonomy":"product_cat","href":"https:\/\/artistics.com\/fr\/wp-json\/wp\/v2\/product_cat\/202"},{"embeddable":true,"taxonomy":"product_cat","href":"https:\/\/artistics.com\/fr\/wp-json\/wp\/v2\/product_cat\/163"}],"acf:post":[{"embeddable":true,"href":"https:\/\/artistics.com\/fr\/wp-json\/wp\/v2\/artist\/2785"}],"wp:featuredmedia":[{"embeddable":true,"href":"https:\/\/artistics.com\/fr\/wp-json\/wp\/v2\/media\/83901"}],"wp:attachment":[{"href":"https:\/\/artistics.com\/fr\/wp-json\/wp\/v2\/media?parent=84021"}],"wp:term":[{"taxonomy":"product_cat","embeddable":true,"href":"https:\/\/artistics.com\/fr\/wp-json\/wp\/v2\/product_cat?post=84021"},{"taxonomy":"product_tag","embeddable":true,"href":"https:\/\/artistics.com\/fr\/wp-json\/wp\/v2\/product_tag?post=84021"},{"taxonomy":"series","embeddable":true,"href":"https:\/\/artistics.com\/fr\/wp-json\/wp\/v2\/series?post=84021"}],"curies":[{"name":"wp","href":"https:\/\/api.w.org\/{rel}","templated":true}]}}