{"id":83532,"date":"2025-06-16T18:42:40","date_gmt":"2025-06-16T16:42:40","guid":{"rendered":"https:\/\/artistics.com\/?post_type=product&#038;p=83532"},"modified":"2025-06-17T11:14:32","modified_gmt":"2025-06-17T09:14:32","slug":"nuage-plat-blanc-nuage-courbe-blanc","status":"publish","type":"product","link":"https:\/\/artistics.com\/fr\/oeuvre\/nuage-plat-blanc-nuage-courbe-blanc\/","title":{"rendered":"Nuage plat blanc &#038; Nuage courbe blanc"},"content":{"rendered":"","protected":false},"excerpt":{"rendered":"","protected":false},"featured_media":83557,"template":"","meta":{"_acf_changed":false,"_searchwp_excluded":"","inline_featured_image":false},"product_cat":[189,407,428,236,216,204,164,413,213,227],"product_tag":[343,365,544],"series":[2001],"class_list":{"0":"post-83532","1":"product","2":"type-product","3":"status-publish","4":"has-post-thumbnail","6":"product_cat-art-abstrait","7":"product_cat-art-minimaliste","8":"product_cat-couleurs-neutres","9":"product_cat-de-3000-a-10-000-e","10":"product_cat-moyen","11":"product_cat-sculpture-abstraite","12":"product_cat-sculpture-contemporaine","13":"product_cat-sculpture-minimaliste","14":"product_cat-sculpture-terre-et-ceramique","15":"product_cat-tons-clairs","16":"product_tag-blanc","17":"product_tag-ceramique","18":"product_tag-raku-fr","19":"series-tien-wen-vases-clos-fr","21":"first","22":"instock","23":"shipping-taxable","24":"purchasable","25":"product-type-simple"},"acf":{"artwork_artist":[2784],"artwork_medium":164,"artwork_categories":[213,204],"artwork_overall-tones":[428,227],"artwork_main-material":[],"artwork_art-genre":[],"artwork_art-movement":[413,407,189],"artwork_miscellaneous":[],"artwork_formats":[216],"artwork_price-ranges":[236],"artwork_main_subject":[],"artwork_technique":[365,544],"artwork_featured_location":[],"artwork_dominant_color":[343],"artwork_physical_attributes":[],"artwork_creation_date":"20190101","artwork_unique_piece":true,"artwork_description":"Sculpture en c\u00e9ramique","artwork_signature":"\u0152uvre sign\u00e9e","artwork_authenticity":"L\u2019\u0153uvre est vendue avec un certificat d\u2019authenticit\u00e9 sign\u00e9 par l\u2019artiste.","artwork_framing":"not_specified","artwork_has_custom_framing_info":false,"artwork_custom_framing_info":"Not specified","artwork_location_country":"FR","artwork_location_city":"Lattes","artwork_location_zipcode":"34970","artwork_shipment_type":"3D_artwork","artwork_shipping_delivery":"sculpture_unique_piece_immediate_availability","artwork_has_custom_shipping_delivery_info":false,"artwork_custom_shipping_delivery_info":"Not specified","artwork_360_view_url":"","artwork_video_url":"","artwork_video_format":[],"artwork_preview_type":"featured_image","artwork_reserved":false,"artwork_hide_price":false,"artwork_about":"<p class=\"ai-optimize-24\"><em><strong>Nuage plat blanc &amp; Nuage courbe blanc<\/strong><\/em> est un ensemble de deux sculptures en c\u00e9ramique de l\u2019artiste contemporaine Tien Wen issue de la s\u00e9rie \u00ab Vases clos \u00bb.<\/p>\r\n<p class=\"ai-optimize-27\">Ces sculptures sont embl\u00e9matiques du travail de Tien Wen par leur puret\u00e9, leur jeu des formes et des volumes, opposant les courbes aux lignes et les rondeurs aux angles. Si leur lignes \u00e9voquent celles d'un vase, l'int\u00e9r\u00eat de l'artiste se porte uniquement sur la forme, pens\u00e9e en dehors de toute utilit\u00e9. Ainsi, Tien Wen va m\u00eame jusqu\u2019\u00e0 fermer cette pi\u00e8ce pour \u00e9viter que notre \u0153il y voie un objet ou une destination. Elle le dit elle-m\u00eame : \"Je veux que la pi\u00e8ce existe par la forme, par la ligne\".<\/p>\r\n<p class=\"ai-optimize-28\">Le regard de l\u2019observateur est aussi attir\u00e9 par la forme ronde qui sort du centre de la sculpture, qui cr\u00e9\u00e9 une rupture visuelle dans la lin\u00e9arit\u00e9 de la pi\u00e8ce.\u00a0A l\u2019int\u00e9rieur de cette forme ronde l\u2019artiste a dessin\u00e9 un motif qui rappelle les nuages. Ce motif donne son nom \u00e0 la sculpture.<\/p>\r\n<p class=\"ai-optimize-29\">Dimensions de chaque sculpture : 41.5 \u00d7 30 \u00d7 18 cm. Le sculptures peuvent \u00eatre achet\u00e9es individuellement : <a href=\"https:\/\/artistics.com\/fr\/oeuvre\/nuage-plat-blanc\/\" target=\"_blank\" rel=\"noopener\"><em>Nuage plat blanc<\/em><\/a> et <a href=\"https:\/\/artistics.com\/fr\/oeuvre\/nuage-courbe-blanc\/\" target=\"_blank\" rel=\"noopener\"><em>Nuage courbe blanc<\/em><\/a>.<\/p>","artwork_series":[2001],"artwork_query_group":"20","artwork_lowest_grid_position":1,"artwork_random_position":6149597,"explicit_sensitive_content":false,"drupal_id":"6844"},"yoast_head":"<!-- This site is optimized with the Yoast SEO Premium plugin v27.3 (Yoast SEO v27.3) - https:\/\/yoast.com\/product\/yoast-seo-premium-wordpress\/ -->\n<title>Nuage plat blanc &amp; Nuage courbe blanc par Tien Wen - Sculpture contemporaine | Artistics<\/title>\n<meta name=\"description\" content=\"Nuage plat blanc &amp; Nuage courbe blanc par Tien Wen - achetez en ligne cette \u0153uvre d\u2019art originale avec son certificat d\u2019authenticit\u00e9 et b\u00e9n\u00e9ficiez de notre service premium.\" \/>\n<meta name=\"robots\" content=\"index, follow, max-snippet:-1, max-image-preview:large, max-video-preview:-1\" \/>\n<link rel=\"canonical\" href=\"https:\/\/artistics.com\/fr\/oeuvre\/nuage-plat-blanc-nuage-courbe-blanc\/\" \/>\n<meta property=\"og:locale\" content=\"fr_FR\" \/>\n<meta property=\"og:type\" content=\"article\" \/>\n<meta property=\"og:title\" content=\"Nuage plat blanc &amp; Nuage courbe blanc\" \/>\n<meta property=\"og:description\" content=\"Nuage plat blanc &amp; Nuage courbe blanc par Tien Wen - achetez en ligne cette \u0153uvre d\u2019art originale avec son certificat d\u2019authenticit\u00e9 et b\u00e9n\u00e9ficiez de notre service premium.\" \/>\n<meta property=\"og:url\" content=\"https:\/\/artistics.com\/fr\/oeuvre\/nuage-plat-blanc-nuage-courbe-blanc\/\" \/>\n<meta property=\"og:site_name\" content=\"Artistics\" \/>\n<meta property=\"article:publisher\" content=\"https:\/\/www.facebook.com\/ArtisticsMag\" \/>\n<meta property=\"article:modified_time\" content=\"2025-06-17T09:14:32+00:00\" \/>\n<meta property=\"og:image\" content=\"https:\/\/artistics.com\/wp-content\/uploads\/2025\/06\/set-of-white-flat-cloud-and-white-curved-cloud-sculpture-by-tien-wen-1-1024x680.jpg\" \/>\n\t<meta property=\"og:image:width\" content=\"1024\" \/>\n\t<meta property=\"og:image:height\" content=\"680\" \/>\n\t<meta property=\"og:image:type\" content=\"image\/jpeg\" \/>\n<meta name=\"twitter:card\" content=\"summary_large_image\" \/>\n<meta name=\"twitter:site\" content=\"@Artistics_FR\" \/>\n<meta name=\"twitter:label1\" content=\"Prix\" \/>\n\t<meta name=\"twitter:data1\" content=\"3 200&nbsp;&euro;\" \/>\n\t<meta name=\"twitter:label2\" content=\"Disponibilit\u00e9\" \/>\n\t<meta name=\"twitter:data2\" content=\"En stock\" \/>\n<script type=\"application\/ld+json\" class=\"yoast-schema-graph\">{\"@context\":\"https:\\\/\\\/schema.org\",\"@graph\":[{\"@type\":[\"WebPage\",\"ItemPage\"],\"@id\":\"https:\\\/\\\/artistics.com\\\/fr\\\/oeuvre\\\/nuage-plat-blanc-nuage-courbe-blanc\\\/\",\"url\":\"https:\\\/\\\/artistics.com\\\/fr\\\/oeuvre\\\/nuage-plat-blanc-nuage-courbe-blanc\\\/\",\"name\":\"Nuage plat blanc & Nuage courbe blanc par Tien Wen - Sculpture contemporaine | Artistics\",\"isPartOf\":{\"@id\":\"https:\\\/\\\/artistics.com\\\/fr\\\/#website\"},\"primaryImageOfPage\":{\"@id\":\"https:\\\/\\\/artistics.com\\\/fr\\\/oeuvre\\\/nuage-plat-blanc-nuage-courbe-blanc\\\/#primaryimage\"},\"image\":{\"@id\":\"https:\\\/\\\/artistics.com\\\/fr\\\/oeuvre\\\/nuage-plat-blanc-nuage-courbe-blanc\\\/#primaryimage\"},\"thumbnailUrl\":\"https:\\\/\\\/artistics.com\\\/wp-content\\\/uploads\\\/2025\\\/06\\\/set-of-white-flat-cloud-and-white-curved-cloud-sculpture-by-tien-wen-3.jpg\",\"datePublished\":\"2025-06-16T16:42:40+00:00\",\"dateModified\":\"2025-06-17T09:14:32+00:00\",\"description\":\"Nuage plat blanc & Nuage courbe blanc par Tien Wen - achetez en ligne cette \u0153uvre d\u2019art originale avec son certificat d\u2019authenticit\u00e9 et b\u00e9n\u00e9ficiez de notre service premium.\",\"breadcrumb\":{\"@id\":\"https:\\\/\\\/artistics.com\\\/fr\\\/oeuvre\\\/nuage-plat-blanc-nuage-courbe-blanc\\\/#breadcrumb\"},\"inLanguage\":\"fr-FR\",\"potentialAction\":[{\"@type\":\"ReadAction\",\"target\":[\"https:\\\/\\\/artistics.com\\\/fr\\\/oeuvre\\\/nuage-plat-blanc-nuage-courbe-blanc\\\/\"]}]},{\"@type\":\"ImageObject\",\"inLanguage\":\"fr-FR\",\"@id\":\"https:\\\/\\\/artistics.com\\\/fr\\\/oeuvre\\\/nuage-plat-blanc-nuage-courbe-blanc\\\/#primaryimage\",\"url\":\"https:\\\/\\\/artistics.com\\\/wp-content\\\/uploads\\\/2025\\\/06\\\/set-of-white-flat-cloud-and-white-curved-cloud-sculpture-by-tien-wen-3.jpg\",\"contentUrl\":\"https:\\\/\\\/artistics.com\\\/wp-content\\\/uploads\\\/2025\\\/06\\\/set-of-white-flat-cloud-and-white-curved-cloud-sculpture-by-tien-wen-3.jpg\",\"width\":2560,\"height\":2031},{\"@type\":\"BreadcrumbList\",\"@id\":\"https:\\\/\\\/artistics.com\\\/fr\\\/oeuvre\\\/nuage-plat-blanc-nuage-courbe-blanc\\\/#breadcrumb\",\"itemListElement\":[{\"@type\":\"ListItem\",\"position\":1,\"name\":\"Achat \u0153uvre d'art\",\"item\":\"https:\\\/\\\/artistics.com\\\/fr\\\/\"},{\"@type\":\"ListItem\",\"position\":2,\"name\":\"Galerie\",\"item\":\"https:\\\/\\\/artistics.com\\\/fr\\\/galerie\\\/\"},{\"@type\":\"ListItem\",\"position\":3,\"name\":\"Sculpture contemporaine\",\"item\":\"https:\\\/\\\/artistics.com\\\/fr\\\/categorie-oeuvre\\\/sculpture-contemporaine\\\/\"},{\"@type\":\"ListItem\",\"position\":4,\"name\":\"Nuage plat blanc &#038; Nuage courbe blanc\"}]},{\"@type\":\"WebSite\",\"@id\":\"https:\\\/\\\/artistics.com\\\/fr\\\/#website\",\"url\":\"https:\\\/\\\/artistics.com\\\/fr\\\/\",\"name\":\"Artistics\",\"description\":\"The online art gallery\",\"publisher\":{\"@id\":\"https:\\\/\\\/artistics.com\\\/fr\\\/#organization\"},\"potentialAction\":[{\"@type\":\"SearchAction\",\"target\":{\"@type\":\"EntryPoint\",\"urlTemplate\":\"https:\\\/\\\/artistics.com\\\/fr\\\/?s={search_term_string}\"},\"query-input\":{\"@type\":\"PropertyValueSpecification\",\"valueRequired\":true,\"valueName\":\"search_term_string\"}}],\"inLanguage\":\"fr-FR\"},{\"@type\":\"Organization\",\"@id\":\"https:\\\/\\\/artistics.com\\\/fr\\\/#organization\",\"name\":\"Artistics\",\"url\":\"https:\\\/\\\/artistics.com\\\/fr\\\/\",\"logo\":{\"@type\":\"ImageObject\",\"inLanguage\":\"fr-FR\",\"@id\":\"https:\\\/\\\/artistics.com\\\/fr\\\/#\\\/schema\\\/logo\\\/image\\\/\",\"url\":\"https:\\\/\\\/artistics.com\\\/wp-content\\\/uploads\\\/2023\\\/02\\\/artistics-logo-web-1.svg\",\"contentUrl\":\"https:\\\/\\\/artistics.com\\\/wp-content\\\/uploads\\\/2023\\\/02\\\/artistics-logo-web-1.svg\",\"caption\":\"Artistics\"},\"image\":{\"@id\":\"https:\\\/\\\/artistics.com\\\/fr\\\/#\\\/schema\\\/logo\\\/image\\\/\"},\"sameAs\":[\"https:\\\/\\\/www.facebook.com\\\/ArtisticsMag\",\"https:\\\/\\\/x.com\\\/Artistics_FR\",\"http:\\\/\\\/www.linkedin.com\\\/company\\\/artistics\",\"https:\\\/\\\/www.instagram.com\\\/artistics_com\\\/\",\"http:\\\/\\\/www.pinterest.com\\\/ArtisticsMag\"],\"hasMerchantReturnPolicy\":{\"@type\":\"MerchantReturnPolicy\",\"merchantReturnLink\":\"https:\\\/\\\/artistics.com\\\/free-return-policy\\\/\"}}]}<\/script>\n<meta property=\"product:price:amount\" content=\"3200\" \/>\n<meta property=\"product:price:currency\" content=\"EUR\" \/>\n<meta property=\"og:availability\" content=\"instock\" \/>\n<meta property=\"product:availability\" content=\"instock\" \/>\n<meta property=\"product:condition\" content=\"new\" \/>\n<!-- \/ Yoast SEO Premium plugin. -->","yoast_head_json":{"title":"Nuage plat blanc & Nuage courbe blanc par Tien Wen - Sculpture contemporaine | Artistics","description":"Nuage plat blanc & Nuage courbe blanc par Tien Wen - achetez en ligne cette \u0153uvre d\u2019art originale avec son certificat d\u2019authenticit\u00e9 et b\u00e9n\u00e9ficiez de notre service premium.","robots":{"index":"index","follow":"follow","max-snippet":"max-snippet:-1","max-image-preview":"max-image-preview:large","max-video-preview":"max-video-preview:-1"},"canonical":"https:\/\/artistics.com\/fr\/oeuvre\/nuage-plat-blanc-nuage-courbe-blanc\/","og_locale":"fr_FR","og_type":"article","og_title":"Nuage plat blanc & Nuage courbe blanc","og_description":"Nuage plat blanc & Nuage courbe blanc par Tien Wen - achetez en ligne cette \u0153uvre d\u2019art originale avec son certificat d\u2019authenticit\u00e9 et b\u00e9n\u00e9ficiez de notre service premium.","og_url":"https:\/\/artistics.com\/fr\/oeuvre\/nuage-plat-blanc-nuage-courbe-blanc\/","og_site_name":"Artistics","article_publisher":"https:\/\/www.facebook.com\/ArtisticsMag","article_modified_time":"2025-06-17T09:14:32+00:00","og_image":[{"width":1024,"height":680,"url":"https:\/\/artistics.com\/wp-content\/uploads\/2025\/06\/set-of-white-flat-cloud-and-white-curved-cloud-sculpture-by-tien-wen-1-1024x680.jpg","type":"image\/jpeg"}],"twitter_card":"summary_large_image","twitter_site":"@Artistics_FR","twitter_misc":{"Prix":"3 200&nbsp;&euro;","Disponibilit\u00e9":"En stock"},"schema":{"@context":"https:\/\/schema.org","@graph":[{"@type":["WebPage","ItemPage"],"@id":"https:\/\/artistics.com\/fr\/oeuvre\/nuage-plat-blanc-nuage-courbe-blanc\/","url":"https:\/\/artistics.com\/fr\/oeuvre\/nuage-plat-blanc-nuage-courbe-blanc\/","name":"Nuage plat blanc & Nuage courbe blanc par Tien Wen - Sculpture contemporaine | Artistics","isPartOf":{"@id":"https:\/\/artistics.com\/fr\/#website"},"primaryImageOfPage":{"@id":"https:\/\/artistics.com\/fr\/oeuvre\/nuage-plat-blanc-nuage-courbe-blanc\/#primaryimage"},"image":{"@id":"https:\/\/artistics.com\/fr\/oeuvre\/nuage-plat-blanc-nuage-courbe-blanc\/#primaryimage"},"thumbnailUrl":"https:\/\/artistics.com\/wp-content\/uploads\/2025\/06\/set-of-white-flat-cloud-and-white-curved-cloud-sculpture-by-tien-wen-3.jpg","datePublished":"2025-06-16T16:42:40+00:00","dateModified":"2025-06-17T09:14:32+00:00","description":"Nuage plat blanc & Nuage courbe blanc par Tien Wen - achetez en ligne cette \u0153uvre d\u2019art originale avec son certificat d\u2019authenticit\u00e9 et b\u00e9n\u00e9ficiez de notre service premium.","breadcrumb":{"@id":"https:\/\/artistics.com\/fr\/oeuvre\/nuage-plat-blanc-nuage-courbe-blanc\/#breadcrumb"},"inLanguage":"fr-FR","potentialAction":[{"@type":"ReadAction","target":["https:\/\/artistics.com\/fr\/oeuvre\/nuage-plat-blanc-nuage-courbe-blanc\/"]}]},{"@type":"ImageObject","inLanguage":"fr-FR","@id":"https:\/\/artistics.com\/fr\/oeuvre\/nuage-plat-blanc-nuage-courbe-blanc\/#primaryimage","url":"https:\/\/artistics.com\/wp-content\/uploads\/2025\/06\/set-of-white-flat-cloud-and-white-curved-cloud-sculpture-by-tien-wen-3.jpg","contentUrl":"https:\/\/artistics.com\/wp-content\/uploads\/2025\/06\/set-of-white-flat-cloud-and-white-curved-cloud-sculpture-by-tien-wen-3.jpg","width":2560,"height":2031},{"@type":"BreadcrumbList","@id":"https:\/\/artistics.com\/fr\/oeuvre\/nuage-plat-blanc-nuage-courbe-blanc\/#breadcrumb","itemListElement":[{"@type":"ListItem","position":1,"name":"Achat \u0153uvre d'art","item":"https:\/\/artistics.com\/fr\/"},{"@type":"ListItem","position":2,"name":"Galerie","item":"https:\/\/artistics.com\/fr\/galerie\/"},{"@type":"ListItem","position":3,"name":"Sculpture contemporaine","item":"https:\/\/artistics.com\/fr\/categorie-oeuvre\/sculpture-contemporaine\/"},{"@type":"ListItem","position":4,"name":"Nuage plat blanc &#038; Nuage courbe blanc"}]},{"@type":"WebSite","@id":"https:\/\/artistics.com\/fr\/#website","url":"https:\/\/artistics.com\/fr\/","name":"Artistics","description":"The online art gallery","publisher":{"@id":"https:\/\/artistics.com\/fr\/#organization"},"potentialAction":[{"@type":"SearchAction","target":{"@type":"EntryPoint","urlTemplate":"https:\/\/artistics.com\/fr\/?s={search_term_string}"},"query-input":{"@type":"PropertyValueSpecification","valueRequired":true,"valueName":"search_term_string"}}],"inLanguage":"fr-FR"},{"@type":"Organization","@id":"https:\/\/artistics.com\/fr\/#organization","name":"Artistics","url":"https:\/\/artistics.com\/fr\/","logo":{"@type":"ImageObject","inLanguage":"fr-FR","@id":"https:\/\/artistics.com\/fr\/#\/schema\/logo\/image\/","url":"https:\/\/artistics.com\/wp-content\/uploads\/2023\/02\/artistics-logo-web-1.svg","contentUrl":"https:\/\/artistics.com\/wp-content\/uploads\/2023\/02\/artistics-logo-web-1.svg","caption":"Artistics"},"image":{"@id":"https:\/\/artistics.com\/fr\/#\/schema\/logo\/image\/"},"sameAs":["https:\/\/www.facebook.com\/ArtisticsMag","https:\/\/x.com\/Artistics_FR","http:\/\/www.linkedin.com\/company\/artistics","https:\/\/www.instagram.com\/artistics_com\/","http:\/\/www.pinterest.com\/ArtisticsMag"],"hasMerchantReturnPolicy":{"@type":"MerchantReturnPolicy","merchantReturnLink":"https:\/\/artistics.com\/free-return-policy\/"}}]},"product_price_amount":"3200","product_price_currency":"EUR","og_availability":"instock","product_availability":"instock","product_condition":"new"},"_links":{"self":[{"href":"https:\/\/artistics.com\/fr\/wp-json\/wp\/v2\/product\/83532","targetHints":{"allow":["GET"]}}],"collection":[{"href":"https:\/\/artistics.com\/fr\/wp-json\/wp\/v2\/product"}],"about":[{"href":"https:\/\/artistics.com\/fr\/wp-json\/wp\/v2\/types\/product"}],"acf:term":[{"embeddable":true,"taxonomy":"series","href":"https:\/\/artistics.com\/fr\/wp-json\/wp\/v2\/series\/2001"},{"embeddable":true,"taxonomy":"product_tag","href":"https:\/\/artistics.com\/fr\/wp-json\/wp\/v2\/product_tag\/343"},{"embeddable":true,"taxonomy":"product_tag","href":"https:\/\/artistics.com\/fr\/wp-json\/wp\/v2\/product_tag\/544"},{"embeddable":true,"taxonomy":"product_tag","href":"https:\/\/artistics.com\/fr\/wp-json\/wp\/v2\/product_tag\/365"},{"embeddable":true,"taxonomy":"product_cat","href":"https:\/\/artistics.com\/fr\/wp-json\/wp\/v2\/product_cat\/236"},{"embeddable":true,"taxonomy":"product_cat","href":"https:\/\/artistics.com\/fr\/wp-json\/wp\/v2\/product_cat\/216"},{"embeddable":true,"taxonomy":"product_cat","href":"https:\/\/artistics.com\/fr\/wp-json\/wp\/v2\/product_cat\/189"},{"embeddable":true,"taxonomy":"product_cat","href":"https:\/\/artistics.com\/fr\/wp-json\/wp\/v2\/product_cat\/407"},{"embeddable":true,"taxonomy":"product_cat","href":"https:\/\/artistics.com\/fr\/wp-json\/wp\/v2\/product_cat\/413"},{"embeddable":true,"taxonomy":"product_cat","href":"https:\/\/artistics.com\/fr\/wp-json\/wp\/v2\/product_cat\/227"},{"embeddable":true,"taxonomy":"product_cat","href":"https:\/\/artistics.com\/fr\/wp-json\/wp\/v2\/product_cat\/428"},{"embeddable":true,"taxonomy":"product_cat","href":"https:\/\/artistics.com\/fr\/wp-json\/wp\/v2\/product_cat\/204"},{"embeddable":true,"taxonomy":"product_cat","href":"https:\/\/artistics.com\/fr\/wp-json\/wp\/v2\/product_cat\/213"},{"embeddable":true,"taxonomy":"product_cat","href":"https:\/\/artistics.com\/fr\/wp-json\/wp\/v2\/product_cat\/164"}],"acf:post":[{"embeddable":true,"href":"https:\/\/artistics.com\/fr\/wp-json\/wp\/v2\/artist\/2784"}],"wp:featuredmedia":[{"embeddable":true,"href":"https:\/\/artistics.com\/fr\/wp-json\/wp\/v2\/media\/83557"}],"wp:attachment":[{"href":"https:\/\/artistics.com\/fr\/wp-json\/wp\/v2\/media?parent=83532"}],"wp:term":[{"taxonomy":"product_cat","embeddable":true,"href":"https:\/\/artistics.com\/fr\/wp-json\/wp\/v2\/product_cat?post=83532"},{"taxonomy":"product_tag","embeddable":true,"href":"https:\/\/artistics.com\/fr\/wp-json\/wp\/v2\/product_tag?post=83532"},{"taxonomy":"series","embeddable":true,"href":"https:\/\/artistics.com\/fr\/wp-json\/wp\/v2\/series?post=83532"}],"curies":[{"name":"wp","href":"https:\/\/api.w.org\/{rel}","templated":true}]}}