{"id":83338,"date":"2025-06-16T11:34:29","date_gmt":"2025-06-16T09:34:29","guid":{"rendered":"https:\/\/artistics.com\/?post_type=product&#038;p=83338"},"modified":"2025-06-16T17:54:15","modified_gmt":"2025-06-16T15:54:15","slug":"hublot-paris-5e-arr","status":"publish","type":"product","link":"https:\/\/artistics.com\/fr\/oeuvre\/hublot-paris-5e-arr\/","title":{"rendered":"Hublot &#8211; Paris 5e arr."},"content":{"rendered":"","protected":false},"excerpt":{"rendered":"","protected":false},"featured_media":83342,"template":"","meta":{"_acf_changed":false,"_searchwp_excluded":"","inline_featured_image":false},"product_cat":[428,415,162,170,172,191,192,194,217,237],"product_tag":[533,535,557],"series":[2098],"class_list":{"0":"post-83338","1":"product","2":"type-product","3":"status-publish","4":"has-post-thumbnail","6":"product_cat-couleurs-neutres","7":"product_cat-paysage-urbain","8":"product_cat-peinture-contemporaine","9":"product_cat-peinture-figurative","10":"product_cat-tableau-nature-et-paysage","11":"product_cat-architectures","12":"product_cat-art-figuratif","13":"product_cat-nature-et-paysage","14":"product_cat-petit","15":"product_cat-moins-de-1000-e","16":"product_tag-dessin","17":"product_tag-encre","18":"product_tag-paris-fr","19":"series-paris-fr","21":"first","22":"instock","23":"taxable","24":"shipping-taxable","25":"purchasable","26":"product-type-simple"},"acf":{"artwork_artist":[2790],"artwork_medium":162,"artwork_categories":[170,172],"artwork_overall-tones":[428],"artwork_main-material":[],"artwork_art-genre":[415,191,194],"artwork_art-movement":[192],"artwork_miscellaneous":[],"artwork_formats":[217],"artwork_price-ranges":[237],"artwork_main_subject":[],"artwork_technique":[533,535],"artwork_featured_location":[557],"artwork_dominant_color":[],"artwork_physical_attributes":[],"artwork_creation_date":"20240101","artwork_unique_piece":true,"artwork_description":"Encre de Chine et acrylique sur papier Am\u00e9ricain","artwork_signature":"\u0152uvre sign\u00e9e","artwork_authenticity":"L\u2019\u0153uvre est vendue avec un certificat d\u2019authenticit\u00e9 sign\u00e9 par l\u2019artiste.","artwork_framing":"unframed","artwork_has_custom_framing_info":false,"artwork_custom_framing_info":"Not specified","artwork_location_country":"FR","artwork_location_city":"Paris","artwork_location_zipcode":"75019","artwork_shipment_type":"2D_rolled_artwork","artwork_shipping_delivery":"painting_immediate_availability","artwork_has_custom_shipping_delivery_info":false,"artwork_custom_shipping_delivery_info":"Not specified","artwork_360_view_url":"","artwork_video_url":"","artwork_video_format":[],"artwork_preview_type":"featured_image","artwork_reserved":false,"artwork_hide_price":false,"artwork_about":"<p class=\"ai-optimize-29\"><em><strong>Hublot - Paris 5e arr. <\/strong><\/em>est un dessin de l\u2019artiste contemporain fran\u00e7ais Guillaume Chansarel<em>. <\/em>Ce dessin repr\u00e9sente une vue en contre-plong\u00e9e d\u2019une cour parisienne de forme octogonale. La sc\u00e8ne montre des immeubles parisiens et un ciel bleu travers\u00e9 par un avion qui laisse derri\u00e8re lui une tra\u00een\u00e9e nuageuse. Les b\u00e2timents sombres contrastent avec le ciel lumineux, attirant le regard vers l\u2019ext\u00e9rieur.<\/p>\r\n\r\n<div>\r\n<p class=\"ai-optimize-30\">Ce dessin fait partie d\u2019un projet artistique consacr\u00e9 \u00e0 Paris, dans le cadre duquel l\u2019artiste a r\u00e9alis\u00e9 des dessins repr\u00e9sentant divers arrondissements de la ville. Il repr\u00e9sente sp\u00e9cifiquement un lieu du 5\u1d49 arrondissement.<\/p>\r\n\r\n<\/div>\r\n<div>\r\n<div>\r\n<p class=\"ai-optimize-34\">L\u2019artiste fait des m\u00e9galopoles son sujet de pr\u00e9dilection. A travers ses \u0153uvres figuratives, Guillaume Chansarel cherche \u00e0 saisir l\u2019identit\u00e9 graphique d\u2019une ville, de la m\u00eame fa\u00e7on qu\u2019un photographe d\u2019architecture appuierait sur le d\u00e9clencheur de son appareil.<\/p>\r\n\r\n<\/div>\r\n<div>\r\n<p class=\"ai-optimize-35\">Ce dessin est vendu non encadr\u00e9 et livr\u00e9 avec un certificat d\u2019authenticit\u00e9. Pour conna\u00eetre les diff\u00e9rentes options d\u2019encadrement, nous contacter.<\/p>\r\n\r\n<\/div>\r\n<\/div>","artwork_series":[2098],"artwork_query_group":"20","artwork_lowest_grid_position":1,"artwork_random_position":1578420,"explicit_sensitive_content":false,"drupal_id":"7910"},"yoast_head":"<!-- This site is optimized with the Yoast SEO Premium plugin v27.3 (Yoast SEO v27.3) - https:\/\/yoast.com\/product\/yoast-seo-premium-wordpress\/ -->\n<title>Hublot - Paris 5e arr. par Guillaume Chansarel - Peinture contemporaine | Artistics<\/title>\n<meta name=\"description\" content=\"Hublot - Paris 5e arr. par Guillaume Chansarel - achetez en ligne cette \u0153uvre d\u2019art originale avec son certificat d\u2019authenticit\u00e9 et b\u00e9n\u00e9ficiez de notre service premium.\" \/>\n<meta name=\"robots\" content=\"index, follow, max-snippet:-1, max-image-preview:large, max-video-preview:-1\" \/>\n<link rel=\"canonical\" href=\"https:\/\/artistics.com\/fr\/oeuvre\/hublot-paris-5e-arr\/\" \/>\n<meta property=\"og:locale\" content=\"fr_FR\" \/>\n<meta property=\"og:type\" content=\"article\" \/>\n<meta property=\"og:title\" content=\"Hublot - Paris 5e arr.\" \/>\n<meta property=\"og:description\" content=\"Hublot - Paris 5e arr. par Guillaume Chansarel - achetez en ligne cette \u0153uvre d\u2019art originale avec son certificat d\u2019authenticit\u00e9 et b\u00e9n\u00e9ficiez de notre service premium.\" \/>\n<meta property=\"og:url\" content=\"https:\/\/artistics.com\/fr\/oeuvre\/hublot-paris-5e-arr\/\" \/>\n<meta property=\"og:site_name\" content=\"Artistics\" \/>\n<meta property=\"article:publisher\" content=\"https:\/\/www.facebook.com\/ArtisticsMag\" \/>\n<meta property=\"article:modified_time\" content=\"2025-06-16T15:54:15+00:00\" \/>\n<meta property=\"og:image\" content=\"https:\/\/artistics.com\/wp-content\/uploads\/2025\/06\/hublot-paris-5-arr-drawing-by-guillaume-chansarel-2-1024x800.jpg\" \/>\n\t<meta property=\"og:image:width\" content=\"1024\" \/>\n\t<meta property=\"og:image:height\" content=\"800\" \/>\n\t<meta property=\"og:image:type\" content=\"image\/jpeg\" \/>\n<meta name=\"twitter:card\" content=\"summary_large_image\" \/>\n<meta name=\"twitter:site\" content=\"@Artistics_FR\" \/>\n<meta name=\"twitter:label1\" content=\"Prix\" \/>\n\t<meta name=\"twitter:data1\" content=\"700&nbsp;&euro;\" \/>\n\t<meta name=\"twitter:label2\" content=\"Disponibilit\u00e9\" \/>\n\t<meta name=\"twitter:data2\" content=\"En stock\" \/>\n<script type=\"application\/ld+json\" class=\"yoast-schema-graph\">{\"@context\":\"https:\\\/\\\/schema.org\",\"@graph\":[{\"@type\":[\"WebPage\",\"ItemPage\"],\"@id\":\"https:\\\/\\\/artistics.com\\\/fr\\\/oeuvre\\\/hublot-paris-5e-arr\\\/\",\"url\":\"https:\\\/\\\/artistics.com\\\/fr\\\/oeuvre\\\/hublot-paris-5e-arr\\\/\",\"name\":\"Hublot - Paris 5e arr. par Guillaume Chansarel - Peinture contemporaine | Artistics\",\"isPartOf\":{\"@id\":\"https:\\\/\\\/artistics.com\\\/fr\\\/#website\"},\"primaryImageOfPage\":{\"@id\":\"https:\\\/\\\/artistics.com\\\/fr\\\/oeuvre\\\/hublot-paris-5e-arr\\\/#primaryimage\"},\"image\":{\"@id\":\"https:\\\/\\\/artistics.com\\\/fr\\\/oeuvre\\\/hublot-paris-5e-arr\\\/#primaryimage\"},\"thumbnailUrl\":\"https:\\\/\\\/artistics.com\\\/wp-content\\\/uploads\\\/2025\\\/06\\\/hublot-paris-5-arr-drawing-by-guillaume-chansarel-2.jpg\",\"datePublished\":\"2025-06-16T09:34:29+00:00\",\"dateModified\":\"2025-06-16T15:54:15+00:00\",\"description\":\"Hublot - Paris 5e arr. par Guillaume Chansarel - achetez en ligne cette \u0153uvre d\u2019art originale avec son certificat d\u2019authenticit\u00e9 et b\u00e9n\u00e9ficiez de notre service premium.\",\"breadcrumb\":{\"@id\":\"https:\\\/\\\/artistics.com\\\/fr\\\/oeuvre\\\/hublot-paris-5e-arr\\\/#breadcrumb\"},\"inLanguage\":\"fr-FR\",\"potentialAction\":[{\"@type\":\"ReadAction\",\"target\":[\"https:\\\/\\\/artistics.com\\\/fr\\\/oeuvre\\\/hublot-paris-5e-arr\\\/\"]}]},{\"@type\":\"ImageObject\",\"inLanguage\":\"fr-FR\",\"@id\":\"https:\\\/\\\/artistics.com\\\/fr\\\/oeuvre\\\/hublot-paris-5e-arr\\\/#primaryimage\",\"url\":\"https:\\\/\\\/artistics.com\\\/wp-content\\\/uploads\\\/2025\\\/06\\\/hublot-paris-5-arr-drawing-by-guillaume-chansarel-2.jpg\",\"contentUrl\":\"https:\\\/\\\/artistics.com\\\/wp-content\\\/uploads\\\/2025\\\/06\\\/hublot-paris-5-arr-drawing-by-guillaume-chansarel-2.jpg\",\"width\":2560,\"height\":2001},{\"@type\":\"BreadcrumbList\",\"@id\":\"https:\\\/\\\/artistics.com\\\/fr\\\/oeuvre\\\/hublot-paris-5e-arr\\\/#breadcrumb\",\"itemListElement\":[{\"@type\":\"ListItem\",\"position\":1,\"name\":\"Achat \u0153uvre d'art\",\"item\":\"https:\\\/\\\/artistics.com\\\/fr\\\/\"},{\"@type\":\"ListItem\",\"position\":2,\"name\":\"Galerie\",\"item\":\"https:\\\/\\\/artistics.com\\\/fr\\\/galerie\\\/\"},{\"@type\":\"ListItem\",\"position\":3,\"name\":\"Peinture contemporaine\",\"item\":\"https:\\\/\\\/artistics.com\\\/fr\\\/categorie-oeuvre\\\/peinture-contemporaine\\\/\"},{\"@type\":\"ListItem\",\"position\":4,\"name\":\"Hublot &#8211; Paris 5e arr.\"}]},{\"@type\":\"WebSite\",\"@id\":\"https:\\\/\\\/artistics.com\\\/fr\\\/#website\",\"url\":\"https:\\\/\\\/artistics.com\\\/fr\\\/\",\"name\":\"Artistics\",\"description\":\"The online art gallery\",\"publisher\":{\"@id\":\"https:\\\/\\\/artistics.com\\\/fr\\\/#organization\"},\"potentialAction\":[{\"@type\":\"SearchAction\",\"target\":{\"@type\":\"EntryPoint\",\"urlTemplate\":\"https:\\\/\\\/artistics.com\\\/fr\\\/?s={search_term_string}\"},\"query-input\":{\"@type\":\"PropertyValueSpecification\",\"valueRequired\":true,\"valueName\":\"search_term_string\"}}],\"inLanguage\":\"fr-FR\"},{\"@type\":\"Organization\",\"@id\":\"https:\\\/\\\/artistics.com\\\/fr\\\/#organization\",\"name\":\"Artistics\",\"url\":\"https:\\\/\\\/artistics.com\\\/fr\\\/\",\"logo\":{\"@type\":\"ImageObject\",\"inLanguage\":\"fr-FR\",\"@id\":\"https:\\\/\\\/artistics.com\\\/fr\\\/#\\\/schema\\\/logo\\\/image\\\/\",\"url\":\"https:\\\/\\\/artistics.com\\\/wp-content\\\/uploads\\\/2023\\\/02\\\/artistics-logo-web-1.svg\",\"contentUrl\":\"https:\\\/\\\/artistics.com\\\/wp-content\\\/uploads\\\/2023\\\/02\\\/artistics-logo-web-1.svg\",\"caption\":\"Artistics\"},\"image\":{\"@id\":\"https:\\\/\\\/artistics.com\\\/fr\\\/#\\\/schema\\\/logo\\\/image\\\/\"},\"sameAs\":[\"https:\\\/\\\/www.facebook.com\\\/ArtisticsMag\",\"https:\\\/\\\/x.com\\\/Artistics_FR\",\"http:\\\/\\\/www.linkedin.com\\\/company\\\/artistics\",\"https:\\\/\\\/www.instagram.com\\\/artistics_com\\\/\",\"http:\\\/\\\/www.pinterest.com\\\/ArtisticsMag\"],\"hasMerchantReturnPolicy\":{\"@type\":\"MerchantReturnPolicy\",\"merchantReturnLink\":\"https:\\\/\\\/artistics.com\\\/free-return-policy\\\/\"}}]}<\/script>\n<meta property=\"product:price:amount\" content=\"700\" \/>\n<meta property=\"product:price:currency\" content=\"EUR\" \/>\n<meta property=\"og:availability\" content=\"instock\" \/>\n<meta property=\"product:availability\" content=\"instock\" \/>\n<meta property=\"product:condition\" content=\"new\" \/>\n<!-- \/ Yoast SEO Premium plugin. -->","yoast_head_json":{"title":"Hublot - Paris 5e arr. par Guillaume Chansarel - Peinture contemporaine | Artistics","description":"Hublot - Paris 5e arr. par Guillaume Chansarel - achetez en ligne cette \u0153uvre d\u2019art originale avec son certificat d\u2019authenticit\u00e9 et b\u00e9n\u00e9ficiez de notre service premium.","robots":{"index":"index","follow":"follow","max-snippet":"max-snippet:-1","max-image-preview":"max-image-preview:large","max-video-preview":"max-video-preview:-1"},"canonical":"https:\/\/artistics.com\/fr\/oeuvre\/hublot-paris-5e-arr\/","og_locale":"fr_FR","og_type":"article","og_title":"Hublot - Paris 5e arr.","og_description":"Hublot - Paris 5e arr. par Guillaume Chansarel - achetez en ligne cette \u0153uvre d\u2019art originale avec son certificat d\u2019authenticit\u00e9 et b\u00e9n\u00e9ficiez de notre service premium.","og_url":"https:\/\/artistics.com\/fr\/oeuvre\/hublot-paris-5e-arr\/","og_site_name":"Artistics","article_publisher":"https:\/\/www.facebook.com\/ArtisticsMag","article_modified_time":"2025-06-16T15:54:15+00:00","og_image":[{"width":1024,"height":800,"url":"https:\/\/artistics.com\/wp-content\/uploads\/2025\/06\/hublot-paris-5-arr-drawing-by-guillaume-chansarel-2-1024x800.jpg","type":"image\/jpeg"}],"twitter_card":"summary_large_image","twitter_site":"@Artistics_FR","twitter_misc":{"Prix":"700&nbsp;&euro;","Disponibilit\u00e9":"En stock"},"schema":{"@context":"https:\/\/schema.org","@graph":[{"@type":["WebPage","ItemPage"],"@id":"https:\/\/artistics.com\/fr\/oeuvre\/hublot-paris-5e-arr\/","url":"https:\/\/artistics.com\/fr\/oeuvre\/hublot-paris-5e-arr\/","name":"Hublot - Paris 5e arr. par Guillaume Chansarel - Peinture contemporaine | Artistics","isPartOf":{"@id":"https:\/\/artistics.com\/fr\/#website"},"primaryImageOfPage":{"@id":"https:\/\/artistics.com\/fr\/oeuvre\/hublot-paris-5e-arr\/#primaryimage"},"image":{"@id":"https:\/\/artistics.com\/fr\/oeuvre\/hublot-paris-5e-arr\/#primaryimage"},"thumbnailUrl":"https:\/\/artistics.com\/wp-content\/uploads\/2025\/06\/hublot-paris-5-arr-drawing-by-guillaume-chansarel-2.jpg","datePublished":"2025-06-16T09:34:29+00:00","dateModified":"2025-06-16T15:54:15+00:00","description":"Hublot - Paris 5e arr. par Guillaume Chansarel - achetez en ligne cette \u0153uvre d\u2019art originale avec son certificat d\u2019authenticit\u00e9 et b\u00e9n\u00e9ficiez de notre service premium.","breadcrumb":{"@id":"https:\/\/artistics.com\/fr\/oeuvre\/hublot-paris-5e-arr\/#breadcrumb"},"inLanguage":"fr-FR","potentialAction":[{"@type":"ReadAction","target":["https:\/\/artistics.com\/fr\/oeuvre\/hublot-paris-5e-arr\/"]}]},{"@type":"ImageObject","inLanguage":"fr-FR","@id":"https:\/\/artistics.com\/fr\/oeuvre\/hublot-paris-5e-arr\/#primaryimage","url":"https:\/\/artistics.com\/wp-content\/uploads\/2025\/06\/hublot-paris-5-arr-drawing-by-guillaume-chansarel-2.jpg","contentUrl":"https:\/\/artistics.com\/wp-content\/uploads\/2025\/06\/hublot-paris-5-arr-drawing-by-guillaume-chansarel-2.jpg","width":2560,"height":2001},{"@type":"BreadcrumbList","@id":"https:\/\/artistics.com\/fr\/oeuvre\/hublot-paris-5e-arr\/#breadcrumb","itemListElement":[{"@type":"ListItem","position":1,"name":"Achat \u0153uvre d'art","item":"https:\/\/artistics.com\/fr\/"},{"@type":"ListItem","position":2,"name":"Galerie","item":"https:\/\/artistics.com\/fr\/galerie\/"},{"@type":"ListItem","position":3,"name":"Peinture contemporaine","item":"https:\/\/artistics.com\/fr\/categorie-oeuvre\/peinture-contemporaine\/"},{"@type":"ListItem","position":4,"name":"Hublot &#8211; Paris 5e arr."}]},{"@type":"WebSite","@id":"https:\/\/artistics.com\/fr\/#website","url":"https:\/\/artistics.com\/fr\/","name":"Artistics","description":"The online art gallery","publisher":{"@id":"https:\/\/artistics.com\/fr\/#organization"},"potentialAction":[{"@type":"SearchAction","target":{"@type":"EntryPoint","urlTemplate":"https:\/\/artistics.com\/fr\/?s={search_term_string}"},"query-input":{"@type":"PropertyValueSpecification","valueRequired":true,"valueName":"search_term_string"}}],"inLanguage":"fr-FR"},{"@type":"Organization","@id":"https:\/\/artistics.com\/fr\/#organization","name":"Artistics","url":"https:\/\/artistics.com\/fr\/","logo":{"@type":"ImageObject","inLanguage":"fr-FR","@id":"https:\/\/artistics.com\/fr\/#\/schema\/logo\/image\/","url":"https:\/\/artistics.com\/wp-content\/uploads\/2023\/02\/artistics-logo-web-1.svg","contentUrl":"https:\/\/artistics.com\/wp-content\/uploads\/2023\/02\/artistics-logo-web-1.svg","caption":"Artistics"},"image":{"@id":"https:\/\/artistics.com\/fr\/#\/schema\/logo\/image\/"},"sameAs":["https:\/\/www.facebook.com\/ArtisticsMag","https:\/\/x.com\/Artistics_FR","http:\/\/www.linkedin.com\/company\/artistics","https:\/\/www.instagram.com\/artistics_com\/","http:\/\/www.pinterest.com\/ArtisticsMag"],"hasMerchantReturnPolicy":{"@type":"MerchantReturnPolicy","merchantReturnLink":"https:\/\/artistics.com\/free-return-policy\/"}}]},"product_price_amount":"700","product_price_currency":"EUR","og_availability":"instock","product_availability":"instock","product_condition":"new"},"_links":{"self":[{"href":"https:\/\/artistics.com\/fr\/wp-json\/wp\/v2\/product\/83338","targetHints":{"allow":["GET"]}}],"collection":[{"href":"https:\/\/artistics.com\/fr\/wp-json\/wp\/v2\/product"}],"about":[{"href":"https:\/\/artistics.com\/fr\/wp-json\/wp\/v2\/types\/product"}],"acf:term":[{"embeddable":true,"taxonomy":"series","href":"https:\/\/artistics.com\/fr\/wp-json\/wp\/v2\/series\/2098"},{"embeddable":true,"taxonomy":"product_tag","href":"https:\/\/artistics.com\/fr\/wp-json\/wp\/v2\/product_tag\/557"},{"embeddable":true,"taxonomy":"product_tag","href":"https:\/\/artistics.com\/fr\/wp-json\/wp\/v2\/product_tag\/535"},{"embeddable":true,"taxonomy":"product_tag","href":"https:\/\/artistics.com\/fr\/wp-json\/wp\/v2\/product_tag\/533"},{"embeddable":true,"taxonomy":"product_cat","href":"https:\/\/artistics.com\/fr\/wp-json\/wp\/v2\/product_cat\/237"},{"embeddable":true,"taxonomy":"product_cat","href":"https:\/\/artistics.com\/fr\/wp-json\/wp\/v2\/product_cat\/217"},{"embeddable":true,"taxonomy":"product_cat","href":"https:\/\/artistics.com\/fr\/wp-json\/wp\/v2\/product_cat\/192"},{"embeddable":true,"taxonomy":"product_cat","href":"https:\/\/artistics.com\/fr\/wp-json\/wp\/v2\/product_cat\/194"},{"embeddable":true,"taxonomy":"product_cat","href":"https:\/\/artistics.com\/fr\/wp-json\/wp\/v2\/product_cat\/191"},{"embeddable":true,"taxonomy":"product_cat","href":"https:\/\/artistics.com\/fr\/wp-json\/wp\/v2\/product_cat\/415"},{"embeddable":true,"taxonomy":"product_cat","href":"https:\/\/artistics.com\/fr\/wp-json\/wp\/v2\/product_cat\/428"},{"embeddable":true,"taxonomy":"product_cat","href":"https:\/\/artistics.com\/fr\/wp-json\/wp\/v2\/product_cat\/172"},{"embeddable":true,"taxonomy":"product_cat","href":"https:\/\/artistics.com\/fr\/wp-json\/wp\/v2\/product_cat\/170"},{"embeddable":true,"taxonomy":"product_cat","href":"https:\/\/artistics.com\/fr\/wp-json\/wp\/v2\/product_cat\/162"}],"acf:post":[{"embeddable":true,"href":"https:\/\/artistics.com\/fr\/wp-json\/wp\/v2\/artist\/2790"}],"wp:featuredmedia":[{"embeddable":true,"href":"https:\/\/artistics.com\/fr\/wp-json\/wp\/v2\/media\/83342"}],"wp:attachment":[{"href":"https:\/\/artistics.com\/fr\/wp-json\/wp\/v2\/media?parent=83338"}],"wp:term":[{"taxonomy":"product_cat","embeddable":true,"href":"https:\/\/artistics.com\/fr\/wp-json\/wp\/v2\/product_cat?post=83338"},{"taxonomy":"product_tag","embeddable":true,"href":"https:\/\/artistics.com\/fr\/wp-json\/wp\/v2\/product_tag?post=83338"},{"taxonomy":"series","embeddable":true,"href":"https:\/\/artistics.com\/fr\/wp-json\/wp\/v2\/series?post=83338"}],"curies":[{"name":"wp","href":"https:\/\/api.w.org\/{rel}","templated":true}]}}