{"id":81893,"date":"2025-06-03T12:29:52","date_gmt":"2025-06-03T10:29:52","guid":{"rendered":"https:\/\/artistics.com\/?post_type=product&#038;p=81893"},"modified":"2025-06-05T15:24:57","modified_gmt":"2025-06-05T13:24:57","slug":"archiparis-pont-neuf","status":"publish","type":"product","link":"https:\/\/artistics.com\/fr\/oeuvre\/archiparis-pont-neuf\/","title":{"rendered":"ArchiParis &#8211; Pont Neuf"},"content":{"rendered":"","protected":false},"excerpt":{"rendered":"","protected":false},"featured_media":81891,"template":"","meta":{"_acf_changed":false,"_searchwp_excluded":"","inline_featured_image":false},"product_cat":[428,428,415,415,162,162,172,170,170,172,191,192,194,217,217,192,191,194,237,237],"product_tag":[533,458,535,460,557,482],"series":[2098],"class_list":{"0":"post-81893","1":"product","2":"type-product","3":"status-publish","4":"has-post-thumbnail","6":"product_cat-couleurs-neutres","8":"product_cat-paysage-urbain","10":"product_cat-peinture-contemporaine","12":"product_cat-tableau-nature-et-paysage","13":"product_cat-peinture-figurative","16":"product_cat-architectures","17":"product_cat-art-figuratif","18":"product_cat-nature-et-paysage","19":"product_cat-petit","24":"product_cat-moins-de-1000-e","26":"product_tag-dessin","27":"product_tag-drawing","28":"product_tag-encre","29":"product_tag-ink","30":"product_tag-paris-fr","31":"product_tag-paris","32":"series-paris-fr","34":"first","35":"outofstock","36":"taxable","37":"shipping-taxable","38":"purchasable","39":"product-type-simple"},"acf":{"artwork_artist":[2790],"artwork_medium":162,"artwork_categories":[170,172],"artwork_overall-tones":[428],"artwork_main-material":[],"artwork_art-genre":[415,191,194],"artwork_art-movement":[192],"artwork_miscellaneous":[],"artwork_formats":[217],"artwork_price-ranges":[237],"artwork_main_subject":[],"artwork_technique":[533,535],"artwork_featured_location":[557],"artwork_dominant_color":[],"artwork_physical_attributes":[],"artwork_creation_date":"20230101","artwork_unique_piece":true,"artwork_description":"Encre de Chine et acrylique sur papier Japonais","artwork_signature":"\u0152uvre sign\u00e9e","artwork_authenticity":"L\u2019\u0153uvre est vendue avec un certificat d\u2019authenticit\u00e9 sign\u00e9 par l\u2019artiste.","artwork_framing":"unframed","artwork_has_custom_framing_info":false,"artwork_custom_framing_info":"Not specified","artwork_location_country":"FR","artwork_location_city":"Paris","artwork_location_zipcode":"75019","artwork_shipment_type":"2D_rolled_artwork","artwork_shipping_delivery":"painting_immediate_availability","artwork_has_custom_shipping_delivery_info":false,"artwork_custom_shipping_delivery_info":"Not specified","artwork_360_view_url":"","artwork_video_url":"","artwork_video_format":[],"artwork_preview_type":"featured_image","artwork_reserved":false,"artwork_hide_price":false,"artwork_about":"<em><strong>ArchiParis - Pont Neuf<\/strong><\/em> est un dessin de l\u2019artiste contemporain fran\u00e7ais Guillaume Chansarel<em>. <\/em>Ce dessin montre une vue du Pont Neuf, le plus vieux pont encore debout traversant la Seine. Ici, les p\u00e9niches le long des berges et les immeubles haussmanniens mettent en valeur l\u2019\u00e9l\u00e9gance de la ville.\r\n<div>\r\n\r\nCe dessin fait partie d'un projet artistique plus vaste consacr\u00e9 \u00e0 Paris, dans le cadre duquel l'artiste a r\u00e9alis\u00e9 104 dessins repr\u00e9sentant divers lieux de la ville. Ces \u0153uvres sont compil\u00e9es dans un livre d'artiste intitul\u00e9 <a href=\"https:\/\/artistics.com\/fr\/oeuvre\/archi-paris-livre-dart-croquis-original\/\" target=\"_blank\" rel=\"noopener\"><em>ArchiParis<\/em><\/a>, pr\u00e9sent\u00e9 en cinq volumes. Chaque volume explore une s\u00e9lection de lettres de l'alphabet, chaque lettre \u00e9tant li\u00e9e \u00e0 un mot-cl\u00e9 qui sert d'inspiration aux dessins. Par exemple, la lettre A correspond \u00e0 <em>\u00ab arriv\u00e9e \u00bb<\/em>, repr\u00e9sentant les diff\u00e9rentes fa\u00e7ons d'entrer dans Paris - par avion, par bateau, par train ou par la route. La lettre G est associ\u00e9e \u00e0 <em>\u00ab galerie \u00bb<\/em>, mettant en sc\u00e8ne les tunnels et les passages. Ce dessin du Pont Neuf se trouve sous la lettre L, associ\u00e9 au mot <em>\u00ab lumi\u00e8re \u00bb. ArchiParis <\/em>emm\u00e8ne le lecteur dans une promenade parisienne, une exploration urbaine singuli\u00e8re \u00e0 travers le regard de l\u2019artiste. Cette s\u00e9rie de dessins vise \u00e0 pr\u00e9senter et r\u00e9v\u00e9ler Paris sous un angle original : celui d\u2019un v\u00e9ritable Parisien.\r\n\r\n<\/div>\r\n<div>\r\n\r\n\u00ab\u00a0<em>ArchiParis est une d\u00e9ambulation graphique dans la capitale. Pendant un an, au gr\u00e9 des humeurs et du temps, j\u2019ai sillonn\u00e9 la ville, un carnet de croquis sous le bras. En suivant un ab\u00e9c\u00e9daire que je me suis impos\u00e9 \u2013 A comme Arriv\u00e9e, M comme Minuit, Z comme Zinc \u2026 \u2013 j\u2019ai cherch\u00e9 \u00e0 retranscrire Paris telle que je la ressens. Cette contrainte \u00e9tait n\u00e9cessaire pour \u00e9chapper aux clich\u00e9s, et avoir ainsi sur les 20 arrondissements un regard nouveau. D\u00e8s lors, dans ces 104 dessins parisiens, les atmosph\u00e8res, les lumi\u00e8res et les perspectives, priment bien souvent sur les lieux eux-m\u00eames<\/em>.\u00a0\u00bb Guillaume Chansarel\r\n\r\n<\/div>","artwork_series":[2098],"artwork_query_group":"20","artwork_lowest_grid_position":1,"artwork_random_position":3593982,"explicit_sensitive_content":false,"drupal_id":"7910"},"yoast_head":"<!-- This site is optimized with the Yoast SEO Premium plugin v27.3 (Yoast SEO v27.3) - https:\/\/yoast.com\/product\/yoast-seo-premium-wordpress\/ -->\n<title>ArchiParis - Pont Neuf par Guillaume Chansarel - Peinture contemporaine | Artistics<\/title>\n<meta name=\"description\" content=\"ArchiParis - Pont Neuf par Guillaume Chansarel - achetez en ligne cette \u0153uvre d\u2019art originale avec son certificat d\u2019authenticit\u00e9 et b\u00e9n\u00e9ficiez de notre service premium.\" \/>\n<meta name=\"robots\" content=\"index, follow, max-snippet:-1, max-image-preview:large, max-video-preview:-1\" \/>\n<link rel=\"canonical\" href=\"https:\/\/artistics.com\/fr\/oeuvre\/archiparis-pont-neuf\/\" \/>\n<meta property=\"og:locale\" content=\"fr_FR\" \/>\n<meta property=\"og:type\" content=\"article\" \/>\n<meta property=\"og:title\" content=\"ArchiParis - Pont Neuf\" \/>\n<meta property=\"og:description\" content=\"ArchiParis - Pont Neuf par Guillaume Chansarel - achetez en ligne cette \u0153uvre d\u2019art originale avec son certificat d\u2019authenticit\u00e9 et b\u00e9n\u00e9ficiez de notre service premium.\" \/>\n<meta property=\"og:url\" content=\"https:\/\/artistics.com\/fr\/oeuvre\/archiparis-pont-neuf\/\" \/>\n<meta property=\"og:site_name\" content=\"Artistics\" \/>\n<meta property=\"article:publisher\" content=\"https:\/\/www.facebook.com\/ArtisticsMag\" \/>\n<meta property=\"article:modified_time\" content=\"2025-06-05T13:24:57+00:00\" \/>\n<meta property=\"og:image\" content=\"https:\/\/artistics.com\/wp-content\/uploads\/2025\/06\/pont-neuf-drawings-by-guillaume-chansarel-1.jpg\" \/>\n\t<meta property=\"og:image:width\" content=\"2300\" \/>\n\t<meta property=\"og:image:height\" content=\"1584\" \/>\n\t<meta property=\"og:image:type\" content=\"image\/jpeg\" \/>\n<meta name=\"twitter:card\" content=\"summary_large_image\" \/>\n<meta name=\"twitter:site\" content=\"@Artistics_FR\" \/>\n<meta name=\"twitter:label1\" content=\"Prix\" \/>\n\t<meta name=\"twitter:data1\" content=\"700&nbsp;&euro;\" \/>\n\t<meta name=\"twitter:label2\" content=\"Disponibilit\u00e9\" \/>\n\t<meta name=\"twitter:data2\" content=\"Rupture de stock\" \/>\n<script type=\"application\/ld+json\" class=\"yoast-schema-graph\">{\"@context\":\"https:\\\/\\\/schema.org\",\"@graph\":[{\"@type\":[\"WebPage\",\"ItemPage\"],\"@id\":\"https:\\\/\\\/artistics.com\\\/fr\\\/oeuvre\\\/archiparis-pont-neuf\\\/\",\"url\":\"https:\\\/\\\/artistics.com\\\/fr\\\/oeuvre\\\/archiparis-pont-neuf\\\/\",\"name\":\"ArchiParis - Pont Neuf par Guillaume Chansarel - Peinture contemporaine | Artistics\",\"isPartOf\":{\"@id\":\"https:\\\/\\\/artistics.com\\\/fr\\\/#website\"},\"primaryImageOfPage\":{\"@id\":\"https:\\\/\\\/artistics.com\\\/fr\\\/oeuvre\\\/archiparis-pont-neuf\\\/#primaryimage\"},\"image\":{\"@id\":\"https:\\\/\\\/artistics.com\\\/fr\\\/oeuvre\\\/archiparis-pont-neuf\\\/#primaryimage\"},\"thumbnailUrl\":\"https:\\\/\\\/artistics.com\\\/wp-content\\\/uploads\\\/2025\\\/06\\\/pont-neuf-drawings-by-guillaume-chansarel-1.jpg\",\"datePublished\":\"2025-06-03T10:29:52+00:00\",\"dateModified\":\"2025-06-05T13:24:57+00:00\",\"description\":\"ArchiParis - Pont Neuf par Guillaume Chansarel - achetez en ligne cette \u0153uvre d\u2019art originale avec son certificat d\u2019authenticit\u00e9 et b\u00e9n\u00e9ficiez de notre service premium.\",\"breadcrumb\":{\"@id\":\"https:\\\/\\\/artistics.com\\\/fr\\\/oeuvre\\\/archiparis-pont-neuf\\\/#breadcrumb\"},\"inLanguage\":\"fr-FR\",\"potentialAction\":[{\"@type\":\"ReadAction\",\"target\":[\"https:\\\/\\\/artistics.com\\\/fr\\\/oeuvre\\\/archiparis-pont-neuf\\\/\"]}]},{\"@type\":\"ImageObject\",\"inLanguage\":\"fr-FR\",\"@id\":\"https:\\\/\\\/artistics.com\\\/fr\\\/oeuvre\\\/archiparis-pont-neuf\\\/#primaryimage\",\"url\":\"https:\\\/\\\/artistics.com\\\/wp-content\\\/uploads\\\/2025\\\/06\\\/pont-neuf-drawings-by-guillaume-chansarel-1.jpg\",\"contentUrl\":\"https:\\\/\\\/artistics.com\\\/wp-content\\\/uploads\\\/2025\\\/06\\\/pont-neuf-drawings-by-guillaume-chansarel-1.jpg\",\"width\":2300,\"height\":1584},{\"@type\":\"BreadcrumbList\",\"@id\":\"https:\\\/\\\/artistics.com\\\/fr\\\/oeuvre\\\/archiparis-pont-neuf\\\/#breadcrumb\",\"itemListElement\":[{\"@type\":\"ListItem\",\"position\":1,\"name\":\"Achat \u0153uvre d'art\",\"item\":\"https:\\\/\\\/artistics.com\\\/fr\\\/\"},{\"@type\":\"ListItem\",\"position\":2,\"name\":\"Galerie\",\"item\":\"https:\\\/\\\/artistics.com\\\/fr\\\/galerie\\\/\"},{\"@type\":\"ListItem\",\"position\":3,\"name\":\"Peinture contemporaine\",\"item\":\"https:\\\/\\\/artistics.com\\\/fr\\\/categorie-oeuvre\\\/peinture-contemporaine\\\/\"},{\"@type\":\"ListItem\",\"position\":4,\"name\":\"ArchiParis &#8211; Pont Neuf\"}]},{\"@type\":\"WebSite\",\"@id\":\"https:\\\/\\\/artistics.com\\\/fr\\\/#website\",\"url\":\"https:\\\/\\\/artistics.com\\\/fr\\\/\",\"name\":\"Artistics\",\"description\":\"The online art gallery\",\"publisher\":{\"@id\":\"https:\\\/\\\/artistics.com\\\/fr\\\/#organization\"},\"potentialAction\":[{\"@type\":\"SearchAction\",\"target\":{\"@type\":\"EntryPoint\",\"urlTemplate\":\"https:\\\/\\\/artistics.com\\\/fr\\\/?s={search_term_string}\"},\"query-input\":{\"@type\":\"PropertyValueSpecification\",\"valueRequired\":true,\"valueName\":\"search_term_string\"}}],\"inLanguage\":\"fr-FR\"},{\"@type\":\"Organization\",\"@id\":\"https:\\\/\\\/artistics.com\\\/fr\\\/#organization\",\"name\":\"Artistics\",\"url\":\"https:\\\/\\\/artistics.com\\\/fr\\\/\",\"logo\":{\"@type\":\"ImageObject\",\"inLanguage\":\"fr-FR\",\"@id\":\"https:\\\/\\\/artistics.com\\\/fr\\\/#\\\/schema\\\/logo\\\/image\\\/\",\"url\":\"https:\\\/\\\/artistics.com\\\/wp-content\\\/uploads\\\/2023\\\/02\\\/artistics-logo-web-1.svg\",\"contentUrl\":\"https:\\\/\\\/artistics.com\\\/wp-content\\\/uploads\\\/2023\\\/02\\\/artistics-logo-web-1.svg\",\"caption\":\"Artistics\"},\"image\":{\"@id\":\"https:\\\/\\\/artistics.com\\\/fr\\\/#\\\/schema\\\/logo\\\/image\\\/\"},\"sameAs\":[\"https:\\\/\\\/www.facebook.com\\\/ArtisticsMag\",\"https:\\\/\\\/x.com\\\/Artistics_FR\",\"http:\\\/\\\/www.linkedin.com\\\/company\\\/artistics\",\"https:\\\/\\\/www.instagram.com\\\/artistics_com\\\/\",\"http:\\\/\\\/www.pinterest.com\\\/ArtisticsMag\"],\"hasMerchantReturnPolicy\":{\"@type\":\"MerchantReturnPolicy\",\"merchantReturnLink\":\"https:\\\/\\\/artistics.com\\\/free-return-policy\\\/\"}}]}<\/script>\n<meta property=\"product:price:amount\" content=\"700\" \/>\n<meta property=\"product:price:currency\" content=\"EUR\" \/>\n<meta property=\"og:availability\" content=\"out of stock\" \/>\n<meta property=\"product:availability\" content=\"out of stock\" \/>\n<meta property=\"product:condition\" content=\"new\" \/>\n<!-- \/ Yoast SEO Premium plugin. -->","yoast_head_json":{"title":"ArchiParis - Pont Neuf par Guillaume Chansarel - Peinture contemporaine | Artistics","description":"ArchiParis - Pont Neuf par Guillaume Chansarel - achetez en ligne cette \u0153uvre d\u2019art originale avec son certificat d\u2019authenticit\u00e9 et b\u00e9n\u00e9ficiez de notre service premium.","robots":{"index":"index","follow":"follow","max-snippet":"max-snippet:-1","max-image-preview":"max-image-preview:large","max-video-preview":"max-video-preview:-1"},"canonical":"https:\/\/artistics.com\/fr\/oeuvre\/archiparis-pont-neuf\/","og_locale":"fr_FR","og_type":"article","og_title":"ArchiParis - Pont Neuf","og_description":"ArchiParis - Pont Neuf par Guillaume Chansarel - achetez en ligne cette \u0153uvre d\u2019art originale avec son certificat d\u2019authenticit\u00e9 et b\u00e9n\u00e9ficiez de notre service premium.","og_url":"https:\/\/artistics.com\/fr\/oeuvre\/archiparis-pont-neuf\/","og_site_name":"Artistics","article_publisher":"https:\/\/www.facebook.com\/ArtisticsMag","article_modified_time":"2025-06-05T13:24:57+00:00","og_image":[{"width":2300,"height":1584,"url":"https:\/\/artistics.com\/wp-content\/uploads\/2025\/06\/pont-neuf-drawings-by-guillaume-chansarel-1.jpg","type":"image\/jpeg"}],"twitter_card":"summary_large_image","twitter_site":"@Artistics_FR","twitter_misc":{"Prix":"700&nbsp;&euro;","Disponibilit\u00e9":"Rupture de stock"},"schema":{"@context":"https:\/\/schema.org","@graph":[{"@type":["WebPage","ItemPage"],"@id":"https:\/\/artistics.com\/fr\/oeuvre\/archiparis-pont-neuf\/","url":"https:\/\/artistics.com\/fr\/oeuvre\/archiparis-pont-neuf\/","name":"ArchiParis - Pont Neuf par Guillaume Chansarel - Peinture contemporaine | Artistics","isPartOf":{"@id":"https:\/\/artistics.com\/fr\/#website"},"primaryImageOfPage":{"@id":"https:\/\/artistics.com\/fr\/oeuvre\/archiparis-pont-neuf\/#primaryimage"},"image":{"@id":"https:\/\/artistics.com\/fr\/oeuvre\/archiparis-pont-neuf\/#primaryimage"},"thumbnailUrl":"https:\/\/artistics.com\/wp-content\/uploads\/2025\/06\/pont-neuf-drawings-by-guillaume-chansarel-1.jpg","datePublished":"2025-06-03T10:29:52+00:00","dateModified":"2025-06-05T13:24:57+00:00","description":"ArchiParis - Pont Neuf par Guillaume Chansarel - achetez en ligne cette \u0153uvre d\u2019art originale avec son certificat d\u2019authenticit\u00e9 et b\u00e9n\u00e9ficiez de notre service premium.","breadcrumb":{"@id":"https:\/\/artistics.com\/fr\/oeuvre\/archiparis-pont-neuf\/#breadcrumb"},"inLanguage":"fr-FR","potentialAction":[{"@type":"ReadAction","target":["https:\/\/artistics.com\/fr\/oeuvre\/archiparis-pont-neuf\/"]}]},{"@type":"ImageObject","inLanguage":"fr-FR","@id":"https:\/\/artistics.com\/fr\/oeuvre\/archiparis-pont-neuf\/#primaryimage","url":"https:\/\/artistics.com\/wp-content\/uploads\/2025\/06\/pont-neuf-drawings-by-guillaume-chansarel-1.jpg","contentUrl":"https:\/\/artistics.com\/wp-content\/uploads\/2025\/06\/pont-neuf-drawings-by-guillaume-chansarel-1.jpg","width":2300,"height":1584},{"@type":"BreadcrumbList","@id":"https:\/\/artistics.com\/fr\/oeuvre\/archiparis-pont-neuf\/#breadcrumb","itemListElement":[{"@type":"ListItem","position":1,"name":"Achat \u0153uvre d'art","item":"https:\/\/artistics.com\/fr\/"},{"@type":"ListItem","position":2,"name":"Galerie","item":"https:\/\/artistics.com\/fr\/galerie\/"},{"@type":"ListItem","position":3,"name":"Peinture contemporaine","item":"https:\/\/artistics.com\/fr\/categorie-oeuvre\/peinture-contemporaine\/"},{"@type":"ListItem","position":4,"name":"ArchiParis &#8211; Pont Neuf"}]},{"@type":"WebSite","@id":"https:\/\/artistics.com\/fr\/#website","url":"https:\/\/artistics.com\/fr\/","name":"Artistics","description":"The online art gallery","publisher":{"@id":"https:\/\/artistics.com\/fr\/#organization"},"potentialAction":[{"@type":"SearchAction","target":{"@type":"EntryPoint","urlTemplate":"https:\/\/artistics.com\/fr\/?s={search_term_string}"},"query-input":{"@type":"PropertyValueSpecification","valueRequired":true,"valueName":"search_term_string"}}],"inLanguage":"fr-FR"},{"@type":"Organization","@id":"https:\/\/artistics.com\/fr\/#organization","name":"Artistics","url":"https:\/\/artistics.com\/fr\/","logo":{"@type":"ImageObject","inLanguage":"fr-FR","@id":"https:\/\/artistics.com\/fr\/#\/schema\/logo\/image\/","url":"https:\/\/artistics.com\/wp-content\/uploads\/2023\/02\/artistics-logo-web-1.svg","contentUrl":"https:\/\/artistics.com\/wp-content\/uploads\/2023\/02\/artistics-logo-web-1.svg","caption":"Artistics"},"image":{"@id":"https:\/\/artistics.com\/fr\/#\/schema\/logo\/image\/"},"sameAs":["https:\/\/www.facebook.com\/ArtisticsMag","https:\/\/x.com\/Artistics_FR","http:\/\/www.linkedin.com\/company\/artistics","https:\/\/www.instagram.com\/artistics_com\/","http:\/\/www.pinterest.com\/ArtisticsMag"],"hasMerchantReturnPolicy":{"@type":"MerchantReturnPolicy","merchantReturnLink":"https:\/\/artistics.com\/free-return-policy\/"}}]},"product_price_amount":"700","product_price_currency":"EUR","og_availability":"out of stock","product_availability":"out of stock","product_condition":"new"},"_links":{"self":[{"href":"https:\/\/artistics.com\/fr\/wp-json\/wp\/v2\/product\/81893","targetHints":{"allow":["GET"]}}],"collection":[{"href":"https:\/\/artistics.com\/fr\/wp-json\/wp\/v2\/product"}],"about":[{"href":"https:\/\/artistics.com\/fr\/wp-json\/wp\/v2\/types\/product"}],"acf:term":[{"embeddable":true,"taxonomy":"series","href":"https:\/\/artistics.com\/fr\/wp-json\/wp\/v2\/series\/2098"},{"embeddable":true,"taxonomy":"product_tag","href":"https:\/\/artistics.com\/fr\/wp-json\/wp\/v2\/product_tag\/557"},{"embeddable":true,"taxonomy":"product_tag","href":"https:\/\/artistics.com\/fr\/wp-json\/wp\/v2\/product_tag\/535"},{"embeddable":true,"taxonomy":"product_tag","href":"https:\/\/artistics.com\/fr\/wp-json\/wp\/v2\/product_tag\/533"},{"embeddable":true,"taxonomy":"product_cat","href":"https:\/\/artistics.com\/fr\/wp-json\/wp\/v2\/product_cat\/237"},{"embeddable":true,"taxonomy":"product_cat","href":"https:\/\/artistics.com\/fr\/wp-json\/wp\/v2\/product_cat\/217"},{"embeddable":true,"taxonomy":"product_cat","href":"https:\/\/artistics.com\/fr\/wp-json\/wp\/v2\/product_cat\/192"},{"embeddable":true,"taxonomy":"product_cat","href":"https:\/\/artistics.com\/fr\/wp-json\/wp\/v2\/product_cat\/194"},{"embeddable":true,"taxonomy":"product_cat","href":"https:\/\/artistics.com\/fr\/wp-json\/wp\/v2\/product_cat\/191"},{"embeddable":true,"taxonomy":"product_cat","href":"https:\/\/artistics.com\/fr\/wp-json\/wp\/v2\/product_cat\/415"},{"embeddable":true,"taxonomy":"product_cat","href":"https:\/\/artistics.com\/fr\/wp-json\/wp\/v2\/product_cat\/428"},{"embeddable":true,"taxonomy":"product_cat","href":"https:\/\/artistics.com\/fr\/wp-json\/wp\/v2\/product_cat\/172"},{"embeddable":true,"taxonomy":"product_cat","href":"https:\/\/artistics.com\/fr\/wp-json\/wp\/v2\/product_cat\/170"},{"embeddable":true,"taxonomy":"product_cat","href":"https:\/\/artistics.com\/fr\/wp-json\/wp\/v2\/product_cat\/162"}],"acf:post":[{"embeddable":true,"href":"https:\/\/artistics.com\/fr\/wp-json\/wp\/v2\/artist\/2790"}],"wp:featuredmedia":[{"embeddable":true,"href":"https:\/\/artistics.com\/fr\/wp-json\/wp\/v2\/media\/81891"}],"wp:attachment":[{"href":"https:\/\/artistics.com\/fr\/wp-json\/wp\/v2\/media?parent=81893"}],"wp:term":[{"taxonomy":"product_cat","embeddable":true,"href":"https:\/\/artistics.com\/fr\/wp-json\/wp\/v2\/product_cat?post=81893"},{"taxonomy":"product_tag","embeddable":true,"href":"https:\/\/artistics.com\/fr\/wp-json\/wp\/v2\/product_tag?post=81893"},{"taxonomy":"series","embeddable":true,"href":"https:\/\/artistics.com\/fr\/wp-json\/wp\/v2\/series?post=81893"}],"curies":[{"name":"wp","href":"https:\/\/api.w.org\/{rel}","templated":true}]}}