{"id":81083,"date":"2025-05-21T11:59:14","date_gmt":"2025-05-21T09:59:14","guid":{"rendered":"https:\/\/artistics.com\/?post_type=product&#038;p=81083"},"modified":"2025-05-21T14:36:57","modified_gmt":"2025-05-21T12:36:57","slug":"green-iron-jungles-n9","status":"publish","type":"product","link":"https:\/\/artistics.com\/fr\/oeuvre\/green-iron-jungles-n9\/","title":{"rendered":"Green Iron Jungles N9"},"content":{"rendered":"","protected":false},"excerpt":{"rendered":"","protected":false},"featured_media":81133,"template":"","meta":{"_acf_changed":false,"_searchwp_excluded":"","inline_featured_image":false},"product_cat":[2486,2486,162,162,172,170,170,172,192,194,215,228,215,192,194,228,236,236],"product_tag":[2492,369,369,2492,572,354,342,354,572,342],"series":[1814],"class_list":{"0":"post-81083","1":"product","2":"type-product","3":"status-publish","4":"has-post-thumbnail","6":"product_cat-art-realiste","8":"product_cat-peinture-contemporaine","10":"product_cat-tableau-nature-et-paysage","11":"product_cat-peinture-figurative","14":"product_cat-art-figuratif","15":"product_cat-nature-et-paysage","16":"product_cat-grand","17":"product_cat-couleurs-vives","22":"product_cat-de-3000-a-10-000-e","24":"product_tag-art-acrylique","25":"product_tag-amazonie-fr","28":"product_tag-vert","29":"product_tag-tableau-grand-format","30":"product_tag-peinture-couleurs-vives","34":"series-calo-carratala-jungle-fr","36":"first","37":"outofstock","38":"shipping-taxable","39":"purchasable","40":"product-type-simple"},"acf":{"artwork_artist":[2787],"artwork_medium":162,"artwork_categories":[170,172],"artwork_overall-tones":[228],"artwork_main-material":[],"artwork_art-genre":[194,2486],"artwork_art-movement":[192],"artwork_miscellaneous":[],"artwork_formats":[215],"artwork_price-ranges":[236],"artwork_main_subject":[],"artwork_technique":[2492],"artwork_featured_location":[369],"artwork_dominant_color":[572],"artwork_physical_attributes":[354,342,354,342],"artwork_creation_date":"20250101","artwork_unique_piece":true,"artwork_description":"Acrylique sur fer, vernis brillant","artwork_signature":"\u0152uvre sign\u00e9e","artwork_authenticity":"L\u2019\u0153uvre est vendue avec un certificat d\u2019authenticit\u00e9 sign\u00e9 par l\u2019artiste.","artwork_framing":"unframed","artwork_has_custom_framing_info":false,"artwork_custom_framing_info":"Not specified","artwork_location_country":"ES","artwork_location_city":"Alaquas  - Valencia","artwork_location_zipcode":"46970","artwork_shipment_type":"2D_flat_artwork","artwork_shipping_delivery":"painting_immediate_availability","artwork_has_custom_shipping_delivery_info":false,"artwork_custom_shipping_delivery_info":"Not specified","artwork_360_view_url":"","artwork_video_url":"https:\/\/www.youtube.com\/watch\/9-aDxMJIffs","artwork_video_format":["vertical"],"artwork_preview_type":"featured_image","artwork_reserved":false,"artwork_hide_price":false,"artwork_about":"<strong><em>Green Iron Jungles N9<\/em><\/strong> est une peinture sur fer de l\u2019artiste contemporain espagnol Calo Carratal\u00e1 issue de la s\u00e9rie \"Jungle\".\r\n\r\nAvec la s\u00e9rie Jungle, l'artiste espagnol Calo Carratal\u00e1 nous livre sa vision de la for\u00eat amazonienne qu\u2019il a parcourue \u00e0 l\u2019occasion de nombreuses exp\u00e9ditions au P\u00e9rou, en Equateur et au Br\u00e9sil. Calo Carratal\u00e1 reconstruit le paysage en puisant dans son exp\u00e9rience directe du lieu et des sensations que ces espaces lui ont procur\u00e9es. Ses peintures et ses dessins nous montrent une for\u00eat qui a \u00e9t\u00e9 v\u00e9cue, transcend\u00e9e, et pleinement assimil\u00e9e par lui.\r\n\r\nDans chacun de ses coups de pinceau, l'humidit\u00e9 de l'air devient plus palpable, la sensation de peur ou d'excitation que chacun pourrait ressentir en s\u2019enfon\u00e7ant dans une for\u00eat si dense qu\u2019elle semble pr\u00eate \u00e0 vous engloutir est presque r\u00e9elle. Sans rien imposer, l'artiste nous confronte \u00e0 notre propre rapport \u00e0 la nature, et aux sentiments ambivalents qu\u2019elle peut inspirer, entre fascination et crainte. Comme chacune de ses s\u00e9ries, Jungle est \u00e9galement une ode \u00e0 la couleur: ici la couleur verte dans toutes ses nuances, de la plus lumineuse \u00e0 la plus sombre.\r\n\r\n\"<em>Je suis \u00e0 la recherche des derniers grands paysages sauvages qui doivent \u00eatre conserv\u00e9s<\/em>\" - Calo Carratal\u00e1\r\n\r\n<em>Calo Carratal\u00e1 est un artiste contemporain espagnol, \u00e9tabli \u00e0 Valence, sp\u00e9cialis\u00e9 dans la peinture de paysage. Passionn\u00e9 par les voyages, il parcourt l\u2019Amazonie, le Colorado, en passant par les Alpes ou les Pyr\u00e9n\u00e9es, jusqu\u2019aux for\u00eats norv\u00e9giennes. Toujours muni d\u2019un carnet de croquis, l\u2019artiste immortalise in situ les sensations que lui procurent ces panoramas. A la mani\u00e8re des peintres romantiques, Calo Carratal\u00e1 d\u00e9peint une nature \u00e0 la fois tourment\u00e9e, peut-\u00eatre m\u00eame inqui\u00e9tante, et \u00e0 la fois grandiose suscitant admiration et contemplation.<\/em>","artwork_series":[1814],"artwork_query_group":"10","artwork_lowest_grid_position":1,"artwork_random_position":1164229,"explicit_sensitive_content":false,"drupal_id":"9195"},"yoast_head":"<!-- This site is optimized with the Yoast SEO Premium plugin v27.3 (Yoast SEO v27.3) - https:\/\/yoast.com\/product\/yoast-seo-premium-wordpress\/ -->\n<title>Green Iron Jungles N9 par Calo Carratal\u00e1 - Peinture contemporaine | Artistics<\/title>\n<meta name=\"description\" content=\"Green Iron Jungles N9 par Calo Carratal\u00e1 - achetez en ligne cette \u0153uvre d\u2019art originale avec son certificat d\u2019authenticit\u00e9 et b\u00e9n\u00e9ficiez de notre service premium.\" \/>\n<meta name=\"robots\" content=\"index, follow, max-snippet:-1, max-image-preview:large, max-video-preview:-1\" \/>\n<link rel=\"canonical\" href=\"https:\/\/artistics.com\/fr\/oeuvre\/green-iron-jungles-n9\/\" \/>\n<meta property=\"og:locale\" content=\"fr_FR\" \/>\n<meta property=\"og:type\" content=\"article\" \/>\n<meta property=\"og:title\" content=\"Green Iron Jungles N9\" \/>\n<meta property=\"og:description\" content=\"Green Iron Jungles N9 par Calo Carratal\u00e1 - achetez en ligne cette \u0153uvre d\u2019art originale avec son certificat d\u2019authenticit\u00e9 et b\u00e9n\u00e9ficiez de notre service premium.\" \/>\n<meta property=\"og:url\" content=\"https:\/\/artistics.com\/fr\/oeuvre\/green-iron-jungles-n9\/\" \/>\n<meta property=\"og:site_name\" content=\"Artistics\" \/>\n<meta property=\"article:publisher\" content=\"https:\/\/www.facebook.com\/ArtisticsMag\" \/>\n<meta property=\"article:modified_time\" content=\"2025-05-21T12:36:57+00:00\" \/>\n<meta property=\"og:image\" content=\"https:\/\/artistics.com\/wp-content\/uploads\/2025\/05\/green-iron-jungle-9-landscape-painting-by-calo-carratala-3.jpg\" \/>\n\t<meta property=\"og:image:width\" content=\"2000\" \/>\n\t<meta property=\"og:image:height\" content=\"2000\" \/>\n\t<meta property=\"og:image:type\" content=\"image\/jpeg\" \/>\n<meta name=\"twitter:card\" content=\"summary_large_image\" \/>\n<meta name=\"twitter:site\" content=\"@Artistics_FR\" \/>\n<meta name=\"twitter:label1\" content=\"Prix\" \/>\n\t<meta name=\"twitter:data1\" content=\"7 900&nbsp;&euro;\" \/>\n\t<meta name=\"twitter:label2\" content=\"Disponibilit\u00e9\" \/>\n\t<meta name=\"twitter:data2\" content=\"Rupture de stock\" \/>\n<script type=\"application\/ld+json\" class=\"yoast-schema-graph\">{\"@context\":\"https:\\\/\\\/schema.org\",\"@graph\":[{\"@type\":[\"WebPage\",\"ItemPage\"],\"@id\":\"https:\\\/\\\/artistics.com\\\/fr\\\/oeuvre\\\/green-iron-jungles-n9\\\/\",\"url\":\"https:\\\/\\\/artistics.com\\\/fr\\\/oeuvre\\\/green-iron-jungles-n9\\\/\",\"name\":\"Green Iron Jungles N9 par Calo Carratal\u00e1 - Peinture contemporaine | Artistics\",\"isPartOf\":{\"@id\":\"https:\\\/\\\/artistics.com\\\/fr\\\/#website\"},\"primaryImageOfPage\":{\"@id\":\"https:\\\/\\\/artistics.com\\\/fr\\\/oeuvre\\\/green-iron-jungles-n9\\\/#primaryimage\"},\"image\":{\"@id\":\"https:\\\/\\\/artistics.com\\\/fr\\\/oeuvre\\\/green-iron-jungles-n9\\\/#primaryimage\"},\"thumbnailUrl\":\"https:\\\/\\\/artistics.com\\\/wp-content\\\/uploads\\\/2025\\\/05\\\/green-iron-jungle-9-landscape-painting-by-calo-carratala-17.jpg\",\"datePublished\":\"2025-05-21T09:59:14+00:00\",\"dateModified\":\"2025-05-21T12:36:57+00:00\",\"description\":\"Green Iron Jungles N9 par Calo Carratal\u00e1 - achetez en ligne cette \u0153uvre d\u2019art originale avec son certificat d\u2019authenticit\u00e9 et b\u00e9n\u00e9ficiez de notre service premium.\",\"breadcrumb\":{\"@id\":\"https:\\\/\\\/artistics.com\\\/fr\\\/oeuvre\\\/green-iron-jungles-n9\\\/#breadcrumb\"},\"inLanguage\":\"fr-FR\",\"potentialAction\":[{\"@type\":\"ReadAction\",\"target\":[\"https:\\\/\\\/artistics.com\\\/fr\\\/oeuvre\\\/green-iron-jungles-n9\\\/\"]}]},{\"@type\":\"ImageObject\",\"inLanguage\":\"fr-FR\",\"@id\":\"https:\\\/\\\/artistics.com\\\/fr\\\/oeuvre\\\/green-iron-jungles-n9\\\/#primaryimage\",\"url\":\"https:\\\/\\\/artistics.com\\\/wp-content\\\/uploads\\\/2025\\\/05\\\/green-iron-jungle-9-landscape-painting-by-calo-carratala-17.jpg\",\"contentUrl\":\"https:\\\/\\\/artistics.com\\\/wp-content\\\/uploads\\\/2025\\\/05\\\/green-iron-jungle-9-landscape-painting-by-calo-carratala-17.jpg\",\"width\":2000,\"height\":2000},{\"@type\":\"BreadcrumbList\",\"@id\":\"https:\\\/\\\/artistics.com\\\/fr\\\/oeuvre\\\/green-iron-jungles-n9\\\/#breadcrumb\",\"itemListElement\":[{\"@type\":\"ListItem\",\"position\":1,\"name\":\"Achat \u0153uvre d'art\",\"item\":\"https:\\\/\\\/artistics.com\\\/fr\\\/\"},{\"@type\":\"ListItem\",\"position\":2,\"name\":\"Galerie\",\"item\":\"https:\\\/\\\/artistics.com\\\/fr\\\/galerie\\\/\"},{\"@type\":\"ListItem\",\"position\":3,\"name\":\"Peinture contemporaine\",\"item\":\"https:\\\/\\\/artistics.com\\\/fr\\\/categorie-oeuvre\\\/peinture-contemporaine\\\/\"},{\"@type\":\"ListItem\",\"position\":4,\"name\":\"Green Iron Jungles N9\"}]},{\"@type\":\"WebSite\",\"@id\":\"https:\\\/\\\/artistics.com\\\/fr\\\/#website\",\"url\":\"https:\\\/\\\/artistics.com\\\/fr\\\/\",\"name\":\"Artistics\",\"description\":\"The online art gallery\",\"publisher\":{\"@id\":\"https:\\\/\\\/artistics.com\\\/fr\\\/#organization\"},\"potentialAction\":[{\"@type\":\"SearchAction\",\"target\":{\"@type\":\"EntryPoint\",\"urlTemplate\":\"https:\\\/\\\/artistics.com\\\/fr\\\/?s={search_term_string}\"},\"query-input\":{\"@type\":\"PropertyValueSpecification\",\"valueRequired\":true,\"valueName\":\"search_term_string\"}}],\"inLanguage\":\"fr-FR\"},{\"@type\":\"Organization\",\"@id\":\"https:\\\/\\\/artistics.com\\\/fr\\\/#organization\",\"name\":\"Artistics\",\"url\":\"https:\\\/\\\/artistics.com\\\/fr\\\/\",\"logo\":{\"@type\":\"ImageObject\",\"inLanguage\":\"fr-FR\",\"@id\":\"https:\\\/\\\/artistics.com\\\/fr\\\/#\\\/schema\\\/logo\\\/image\\\/\",\"url\":\"https:\\\/\\\/artistics.com\\\/wp-content\\\/uploads\\\/2023\\\/02\\\/artistics-logo-web-1.svg\",\"contentUrl\":\"https:\\\/\\\/artistics.com\\\/wp-content\\\/uploads\\\/2023\\\/02\\\/artistics-logo-web-1.svg\",\"caption\":\"Artistics\"},\"image\":{\"@id\":\"https:\\\/\\\/artistics.com\\\/fr\\\/#\\\/schema\\\/logo\\\/image\\\/\"},\"sameAs\":[\"https:\\\/\\\/www.facebook.com\\\/ArtisticsMag\",\"https:\\\/\\\/x.com\\\/Artistics_FR\",\"http:\\\/\\\/www.linkedin.com\\\/company\\\/artistics\",\"https:\\\/\\\/www.instagram.com\\\/artistics_com\\\/\",\"http:\\\/\\\/www.pinterest.com\\\/ArtisticsMag\"],\"hasMerchantReturnPolicy\":{\"@type\":\"MerchantReturnPolicy\",\"merchantReturnLink\":\"https:\\\/\\\/artistics.com\\\/free-return-policy\\\/\"}}]}<\/script>\n<meta property=\"product:price:amount\" content=\"7900\" \/>\n<meta property=\"product:price:currency\" content=\"EUR\" \/>\n<meta property=\"og:availability\" content=\"out of stock\" \/>\n<meta property=\"product:availability\" content=\"out of stock\" \/>\n<meta property=\"product:condition\" content=\"new\" \/>\n<!-- \/ Yoast SEO Premium plugin. -->","yoast_head_json":{"title":"Green Iron Jungles N9 par Calo Carratal\u00e1 - Peinture contemporaine | Artistics","description":"Green Iron Jungles N9 par Calo Carratal\u00e1 - achetez en ligne cette \u0153uvre d\u2019art originale avec son certificat d\u2019authenticit\u00e9 et b\u00e9n\u00e9ficiez de notre service premium.","robots":{"index":"index","follow":"follow","max-snippet":"max-snippet:-1","max-image-preview":"max-image-preview:large","max-video-preview":"max-video-preview:-1"},"canonical":"https:\/\/artistics.com\/fr\/oeuvre\/green-iron-jungles-n9\/","og_locale":"fr_FR","og_type":"article","og_title":"Green Iron Jungles N9","og_description":"Green Iron Jungles N9 par Calo Carratal\u00e1 - achetez en ligne cette \u0153uvre d\u2019art originale avec son certificat d\u2019authenticit\u00e9 et b\u00e9n\u00e9ficiez de notre service premium.","og_url":"https:\/\/artistics.com\/fr\/oeuvre\/green-iron-jungles-n9\/","og_site_name":"Artistics","article_publisher":"https:\/\/www.facebook.com\/ArtisticsMag","article_modified_time":"2025-05-21T12:36:57+00:00","og_image":[{"width":2000,"height":2000,"url":"https:\/\/artistics.com\/wp-content\/uploads\/2025\/05\/green-iron-jungle-9-landscape-painting-by-calo-carratala-3.jpg","type":"image\/jpeg"}],"twitter_card":"summary_large_image","twitter_site":"@Artistics_FR","twitter_misc":{"Prix":"7 900&nbsp;&euro;","Disponibilit\u00e9":"Rupture de stock"},"schema":{"@context":"https:\/\/schema.org","@graph":[{"@type":["WebPage","ItemPage"],"@id":"https:\/\/artistics.com\/fr\/oeuvre\/green-iron-jungles-n9\/","url":"https:\/\/artistics.com\/fr\/oeuvre\/green-iron-jungles-n9\/","name":"Green Iron Jungles N9 par Calo Carratal\u00e1 - Peinture contemporaine | Artistics","isPartOf":{"@id":"https:\/\/artistics.com\/fr\/#website"},"primaryImageOfPage":{"@id":"https:\/\/artistics.com\/fr\/oeuvre\/green-iron-jungles-n9\/#primaryimage"},"image":{"@id":"https:\/\/artistics.com\/fr\/oeuvre\/green-iron-jungles-n9\/#primaryimage"},"thumbnailUrl":"https:\/\/artistics.com\/wp-content\/uploads\/2025\/05\/green-iron-jungle-9-landscape-painting-by-calo-carratala-17.jpg","datePublished":"2025-05-21T09:59:14+00:00","dateModified":"2025-05-21T12:36:57+00:00","description":"Green Iron Jungles N9 par Calo Carratal\u00e1 - achetez en ligne cette \u0153uvre d\u2019art originale avec son certificat d\u2019authenticit\u00e9 et b\u00e9n\u00e9ficiez de notre service premium.","breadcrumb":{"@id":"https:\/\/artistics.com\/fr\/oeuvre\/green-iron-jungles-n9\/#breadcrumb"},"inLanguage":"fr-FR","potentialAction":[{"@type":"ReadAction","target":["https:\/\/artistics.com\/fr\/oeuvre\/green-iron-jungles-n9\/"]}]},{"@type":"ImageObject","inLanguage":"fr-FR","@id":"https:\/\/artistics.com\/fr\/oeuvre\/green-iron-jungles-n9\/#primaryimage","url":"https:\/\/artistics.com\/wp-content\/uploads\/2025\/05\/green-iron-jungle-9-landscape-painting-by-calo-carratala-17.jpg","contentUrl":"https:\/\/artistics.com\/wp-content\/uploads\/2025\/05\/green-iron-jungle-9-landscape-painting-by-calo-carratala-17.jpg","width":2000,"height":2000},{"@type":"BreadcrumbList","@id":"https:\/\/artistics.com\/fr\/oeuvre\/green-iron-jungles-n9\/#breadcrumb","itemListElement":[{"@type":"ListItem","position":1,"name":"Achat \u0153uvre d'art","item":"https:\/\/artistics.com\/fr\/"},{"@type":"ListItem","position":2,"name":"Galerie","item":"https:\/\/artistics.com\/fr\/galerie\/"},{"@type":"ListItem","position":3,"name":"Peinture contemporaine","item":"https:\/\/artistics.com\/fr\/categorie-oeuvre\/peinture-contemporaine\/"},{"@type":"ListItem","position":4,"name":"Green Iron Jungles N9"}]},{"@type":"WebSite","@id":"https:\/\/artistics.com\/fr\/#website","url":"https:\/\/artistics.com\/fr\/","name":"Artistics","description":"The online art gallery","publisher":{"@id":"https:\/\/artistics.com\/fr\/#organization"},"potentialAction":[{"@type":"SearchAction","target":{"@type":"EntryPoint","urlTemplate":"https:\/\/artistics.com\/fr\/?s={search_term_string}"},"query-input":{"@type":"PropertyValueSpecification","valueRequired":true,"valueName":"search_term_string"}}],"inLanguage":"fr-FR"},{"@type":"Organization","@id":"https:\/\/artistics.com\/fr\/#organization","name":"Artistics","url":"https:\/\/artistics.com\/fr\/","logo":{"@type":"ImageObject","inLanguage":"fr-FR","@id":"https:\/\/artistics.com\/fr\/#\/schema\/logo\/image\/","url":"https:\/\/artistics.com\/wp-content\/uploads\/2023\/02\/artistics-logo-web-1.svg","contentUrl":"https:\/\/artistics.com\/wp-content\/uploads\/2023\/02\/artistics-logo-web-1.svg","caption":"Artistics"},"image":{"@id":"https:\/\/artistics.com\/fr\/#\/schema\/logo\/image\/"},"sameAs":["https:\/\/www.facebook.com\/ArtisticsMag","https:\/\/x.com\/Artistics_FR","http:\/\/www.linkedin.com\/company\/artistics","https:\/\/www.instagram.com\/artistics_com\/","http:\/\/www.pinterest.com\/ArtisticsMag"],"hasMerchantReturnPolicy":{"@type":"MerchantReturnPolicy","merchantReturnLink":"https:\/\/artistics.com\/free-return-policy\/"}}]},"product_price_amount":"7900","product_price_currency":"EUR","og_availability":"out of stock","product_availability":"out of stock","product_condition":"new"},"_links":{"self":[{"href":"https:\/\/artistics.com\/fr\/wp-json\/wp\/v2\/product\/81083","targetHints":{"allow":["GET"]}}],"collection":[{"href":"https:\/\/artistics.com\/fr\/wp-json\/wp\/v2\/product"}],"about":[{"href":"https:\/\/artistics.com\/fr\/wp-json\/wp\/v2\/types\/product"}],"acf:term":[{"embeddable":true,"taxonomy":"series","href":"https:\/\/artistics.com\/fr\/wp-json\/wp\/v2\/series\/1814"},{"embeddable":true,"taxonomy":"product_tag","href":"https:\/\/artistics.com\/fr\/wp-json\/wp\/v2\/product_tag\/342"},{"embeddable":true,"taxonomy":"product_tag","href":"https:\/\/artistics.com\/fr\/wp-json\/wp\/v2\/product_tag\/354"},{"embeddable":true,"taxonomy":"product_tag","href":"https:\/\/artistics.com\/fr\/wp-json\/wp\/v2\/product_tag\/572"},{"embeddable":true,"taxonomy":"product_tag","href":"https:\/\/artistics.com\/fr\/wp-json\/wp\/v2\/product_tag\/369"},{"embeddable":true,"taxonomy":"product_tag","href":"https:\/\/artistics.com\/fr\/wp-json\/wp\/v2\/product_tag\/2492"},{"embeddable":true,"taxonomy":"product_cat","href":"https:\/\/artistics.com\/fr\/wp-json\/wp\/v2\/product_cat\/236"},{"embeddable":true,"taxonomy":"product_cat","href":"https:\/\/artistics.com\/fr\/wp-json\/wp\/v2\/product_cat\/215"},{"embeddable":true,"taxonomy":"product_cat","href":"https:\/\/artistics.com\/fr\/wp-json\/wp\/v2\/product_cat\/192"},{"embeddable":true,"taxonomy":"product_cat","href":"https:\/\/artistics.com\/fr\/wp-json\/wp\/v2\/product_cat\/2486"},{"embeddable":true,"taxonomy":"product_cat","href":"https:\/\/artistics.com\/fr\/wp-json\/wp\/v2\/product_cat\/194"},{"embeddable":true,"taxonomy":"product_cat","href":"https:\/\/artistics.com\/fr\/wp-json\/wp\/v2\/product_cat\/228"},{"embeddable":true,"taxonomy":"product_cat","href":"https:\/\/artistics.com\/fr\/wp-json\/wp\/v2\/product_cat\/172"},{"embeddable":true,"taxonomy":"product_cat","href":"https:\/\/artistics.com\/fr\/wp-json\/wp\/v2\/product_cat\/170"},{"embeddable":true,"taxonomy":"product_cat","href":"https:\/\/artistics.com\/fr\/wp-json\/wp\/v2\/product_cat\/162"}],"acf:post":[{"embeddable":true,"href":"https:\/\/artistics.com\/fr\/wp-json\/wp\/v2\/artist\/2787"}],"wp:featuredmedia":[{"embeddable":true,"href":"https:\/\/artistics.com\/fr\/wp-json\/wp\/v2\/media\/81133"}],"wp:attachment":[{"href":"https:\/\/artistics.com\/fr\/wp-json\/wp\/v2\/media?parent=81083"}],"wp:term":[{"taxonomy":"product_cat","embeddable":true,"href":"https:\/\/artistics.com\/fr\/wp-json\/wp\/v2\/product_cat?post=81083"},{"taxonomy":"product_tag","embeddable":true,"href":"https:\/\/artistics.com\/fr\/wp-json\/wp\/v2\/product_tag?post=81083"},{"taxonomy":"series","embeddable":true,"href":"https:\/\/artistics.com\/fr\/wp-json\/wp\/v2\/series?post=81083"}],"curies":[{"name":"wp","href":"https:\/\/api.w.org\/{rel}","templated":true}]}}