{"id":79356,"date":"2025-04-18T11:51:43","date_gmt":"2025-04-18T09:51:43","guid":{"rendered":"https:\/\/artistics.com\/?post_type=product&#038;p=79356"},"modified":"2025-04-22T10:26:41","modified_gmt":"2025-04-22T08:26:41","slug":"pablo-bronze-poli","status":"publish","type":"product","link":"https:\/\/artistics.com\/fr\/oeuvre\/pablo-bronze-poli\/","title":{"rendered":"Pablo (bronze poli)"},"content":{"rendered":"","protected":false},"excerpt":{"rendered":"","protected":false},"featured_media":79364,"template":"","meta":{"_acf_changed":false,"_searchwp_excluded":"","inline_featured_image":false},"product_cat":[164,190,192,193,205,208,209,210,216,236],"product_tag":[565],"series":[1948],"class_list":{"0":"post-79356","1":"product","2":"type-product","3":"status-publish","4":"has-post-thumbnail","6":"product_cat-sculpture-contemporaine","7":"product_cat-animal","8":"product_cat-art-figuratif","9":"product_cat-geometrique","10":"product_cat-sculpture-animaliere","11":"product_cat-sculpture-en-bronze","12":"product_cat-sculpture-figurative","13":"product_cat-sculpture-geometrique","14":"product_cat-moyen","15":"product_cat-de-3000-a-10-000-e","16":"product_tag-dore","17":"series-marie-louise-sorbac-absolues-fr","19":"first","20":"instock","21":"taxable","22":"shipping-taxable","23":"purchasable","24":"product-type-simple"},"acf":{"artwork_artist":[2782],"artwork_medium":164,"artwork_categories":[210,208,205,209],"artwork_overall-tones":[],"artwork_main-material":[],"artwork_art-genre":[],"artwork_art-movement":[192],"artwork_miscellaneous":[190,193],"artwork_formats":[216],"artwork_price-ranges":[236],"artwork_main_subject":[],"artwork_technique":[],"artwork_featured_location":[],"artwork_dominant_color":[565],"artwork_physical_attributes":[],"artwork_creation_date":"20130101","artwork_unique_piece":false,"artwork_description":"Sculpture en bronze poli","artwork_signature":"\u0152uvre sign\u00e9e","artwork_authenticity":"L\u2019\u0153uvre est vendue avec un certificat d\u2019authenticit\u00e9 sign\u00e9 par l\u2019artiste.","artwork_framing":"not_specified","artwork_has_custom_framing_info":false,"artwork_custom_framing_info":"Not specified","artwork_location_country":"FR","artwork_location_city":"Boulogne Billancourt","artwork_location_zipcode":"92100","artwork_shipment_type":"3D_artwork","artwork_shipping_delivery":"sculpture_edition_production_time","artwork_has_custom_shipping_delivery_info":false,"artwork_custom_shipping_delivery_info":"Not specified","artwork_360_view_url":"https:\/\/embed.imajize.com\/7633868","artwork_video_url":"","artwork_video_format":[],"artwork_preview_type":"featured_image","artwork_reserved":false,"artwork_hide_price":false,"artwork_about":"<em><strong>Pablo (bronze poli)<\/strong><\/em> est une sculpture en bronze poli r\u00e9alis\u00e9e par Marie Louise Sorbac, repr\u00e9sentant un taureau stylis\u00e9 en hommage \u00e0 Pablo Picasso. Cette \u0153uvre s\u2019inscrit dans la s\u00e9rie des bronzes animaliers, ch\u00e8re \u00e0 l\u2019artiste, c\u00e9l\u00e9brant la nature et la puissance du r\u00e8gne animal.\r\n\r\n\u00c0 travers des lignes \u00e9pur\u00e9es et une surface miroir, la sculpture \u00e9voque \u00e0 la fois la modernit\u00e9 formelle et la force symbolique de l\u2019animal. Le taureau, figure embl\u00e9matique de l\u2019univers picassien, devient ici un objet de contemplation, \u00e0 la fois puissant, totemique et minimaliste.\r\n\r\nMarie Louise Sorbac est reconnue pour son travail artistique autour de la sculpture animali\u00e8re. Epur\u00e9, minimaliste, son bestiaire n\u2019en est pas moins chaleureux et attachant. Chaque animal poss\u00e8de son propre nom, sa propre mythologie, et renvoie \u00e0 une part de la personnalit\u00e9 de l\u2019artiste. Le bronze, patin\u00e9 ou poli avec grande finesse, donne \u00e9galement \u00e0 ces animaux toute l\u2019\u00e9l\u00e9gance qui accompagne la puret\u00e9 de leur silhouette. L\u2019artiste a eu la chance de voir ses sculptures pr\u00e9sent\u00e9es dans des lieux aussi prestigieux que l\u2019UNESCO ou l\u2019ambassade d\u2019Argentine. En 2015, elle obtient le prix Fran\u00e7ois Pompon d\u00e9cern\u00e9 lors du Salon National des Beaux-Arts.\r\n\r\n<em>\u00ab Les lignes ne s\u2019arr\u00eatent pas \u00e0 la mati\u00e8re, les lignes continuent en fait, c\u2019est comme si elles \u00e9taient dans l\u2019espace, c\u2019est comme si elles dansaient dans l\u2019espace, c\u2019est comme si elles se croisaient quelque part. \u00bb<\/em>\r\n\r\nLa sculpture est aussi disponible en <a href=\"https:\/\/artistics.com\/fr\/oeuvre\/pablo-aluminium-poli\/\" target=\"_blank\" rel=\"noopener\">aluminium poli<\/a>. Une version en bronze patin\u00e9 a \u00e9galement \u00e9t\u00e9 produite, mais est aujourd\u2019hui \u00e9puis\u00e9e.\r\n\r\n&nbsp;","artwork_series":[1948],"artwork_query_group":"20","artwork_lowest_grid_position":1,"artwork_random_position":1205270,"explicit_sensitive_content":false,"drupal_id":"4115"},"yoast_head":"<!-- This site is optimized with the Yoast SEO Premium plugin v27.3 (Yoast SEO v27.3) - https:\/\/yoast.com\/product\/yoast-seo-premium-wordpress\/ -->\n<title>Pablo (bronze poli) par Marie Louise Sorbac - Sculpture contemporaine | Artistics<\/title>\n<meta name=\"description\" content=\"Pablo (bronze poli) par Marie Louise Sorbac - achetez en ligne cette \u0153uvre d\u2019art originale avec son certificat d\u2019authenticit\u00e9 et b\u00e9n\u00e9ficiez de notre service premium.\" \/>\n<meta name=\"robots\" content=\"index, follow, max-snippet:-1, max-image-preview:large, max-video-preview:-1\" \/>\n<link rel=\"canonical\" href=\"https:\/\/artistics.com\/fr\/oeuvre\/pablo-bronze-poli\/\" \/>\n<meta property=\"og:locale\" content=\"fr_FR\" \/>\n<meta property=\"og:type\" content=\"article\" \/>\n<meta property=\"og:title\" content=\"Pablo (bronze poli)\" \/>\n<meta property=\"og:description\" content=\"Pablo (bronze poli) par Marie Louise Sorbac - achetez en ligne cette \u0153uvre d\u2019art originale avec son certificat d\u2019authenticit\u00e9 et b\u00e9n\u00e9ficiez de notre service premium.\" \/>\n<meta property=\"og:url\" content=\"https:\/\/artistics.com\/fr\/oeuvre\/pablo-bronze-poli\/\" \/>\n<meta property=\"og:site_name\" content=\"Artistics\" \/>\n<meta property=\"article:publisher\" content=\"https:\/\/www.facebook.com\/ArtisticsMag\" \/>\n<meta property=\"article:modified_time\" content=\"2025-04-22T08:26:41+00:00\" \/>\n<meta property=\"og:image\" content=\"https:\/\/artistics.com\/wp-content\/uploads\/2025\/04\/pablo-bronze-poli-animal-sculpture-by-marie-louise-sorbac-1.jpeg\" \/>\n\t<meta property=\"og:image:width\" content=\"1333\" \/>\n\t<meta property=\"og:image:height\" content=\"2000\" \/>\n\t<meta property=\"og:image:type\" content=\"image\/jpeg\" \/>\n<meta name=\"twitter:card\" content=\"summary_large_image\" \/>\n<meta name=\"twitter:site\" content=\"@Artistics_FR\" \/>\n<meta name=\"twitter:label1\" content=\"Prix\" \/>\n\t<meta name=\"twitter:data1\" content=\"8 600&nbsp;&euro;\" \/>\n\t<meta name=\"twitter:label2\" content=\"Disponibilit\u00e9\" \/>\n\t<meta name=\"twitter:data2\" content=\"En stock\" \/>\n<script type=\"application\/ld+json\" class=\"yoast-schema-graph\">{\"@context\":\"https:\\\/\\\/schema.org\",\"@graph\":[{\"@type\":[\"WebPage\",\"ItemPage\"],\"@id\":\"https:\\\/\\\/artistics.com\\\/fr\\\/oeuvre\\\/pablo-bronze-poli\\\/\",\"url\":\"https:\\\/\\\/artistics.com\\\/fr\\\/oeuvre\\\/pablo-bronze-poli\\\/\",\"name\":\"Pablo (bronze poli) par Marie Louise Sorbac - Sculpture contemporaine | Artistics\",\"isPartOf\":{\"@id\":\"https:\\\/\\\/artistics.com\\\/fr\\\/#website\"},\"primaryImageOfPage\":{\"@id\":\"https:\\\/\\\/artistics.com\\\/fr\\\/oeuvre\\\/pablo-bronze-poli\\\/#primaryimage\"},\"image\":{\"@id\":\"https:\\\/\\\/artistics.com\\\/fr\\\/oeuvre\\\/pablo-bronze-poli\\\/#primaryimage\"},\"thumbnailUrl\":\"https:\\\/\\\/artistics.com\\\/wp-content\\\/uploads\\\/2025\\\/04\\\/pablo-bronze-poli-animal-sculpture-by-marie-louise-sorbac-1.jpeg\",\"datePublished\":\"2025-04-18T09:51:43+00:00\",\"dateModified\":\"2025-04-22T08:26:41+00:00\",\"description\":\"Pablo (bronze poli) par Marie Louise Sorbac - achetez en ligne cette \u0153uvre d\u2019art originale avec son certificat d\u2019authenticit\u00e9 et b\u00e9n\u00e9ficiez de notre service premium.\",\"breadcrumb\":{\"@id\":\"https:\\\/\\\/artistics.com\\\/fr\\\/oeuvre\\\/pablo-bronze-poli\\\/#breadcrumb\"},\"inLanguage\":\"fr-FR\",\"potentialAction\":[{\"@type\":\"ReadAction\",\"target\":[\"https:\\\/\\\/artistics.com\\\/fr\\\/oeuvre\\\/pablo-bronze-poli\\\/\"]}]},{\"@type\":\"ImageObject\",\"inLanguage\":\"fr-FR\",\"@id\":\"https:\\\/\\\/artistics.com\\\/fr\\\/oeuvre\\\/pablo-bronze-poli\\\/#primaryimage\",\"url\":\"https:\\\/\\\/artistics.com\\\/wp-content\\\/uploads\\\/2025\\\/04\\\/pablo-bronze-poli-animal-sculpture-by-marie-louise-sorbac-1.jpeg\",\"contentUrl\":\"https:\\\/\\\/artistics.com\\\/wp-content\\\/uploads\\\/2025\\\/04\\\/pablo-bronze-poli-animal-sculpture-by-marie-louise-sorbac-1.jpeg\",\"width\":1333,\"height\":2000},{\"@type\":\"BreadcrumbList\",\"@id\":\"https:\\\/\\\/artistics.com\\\/fr\\\/oeuvre\\\/pablo-bronze-poli\\\/#breadcrumb\",\"itemListElement\":[{\"@type\":\"ListItem\",\"position\":1,\"name\":\"Achat \u0153uvre d'art\",\"item\":\"https:\\\/\\\/artistics.com\\\/fr\\\/\"},{\"@type\":\"ListItem\",\"position\":2,\"name\":\"Galerie\",\"item\":\"https:\\\/\\\/artistics.com\\\/fr\\\/galerie\\\/\"},{\"@type\":\"ListItem\",\"position\":3,\"name\":\"Sculpture contemporaine\",\"item\":\"https:\\\/\\\/artistics.com\\\/fr\\\/categorie-oeuvre\\\/sculpture-contemporaine\\\/\"},{\"@type\":\"ListItem\",\"position\":4,\"name\":\"Pablo (bronze poli)\"}]},{\"@type\":\"WebSite\",\"@id\":\"https:\\\/\\\/artistics.com\\\/fr\\\/#website\",\"url\":\"https:\\\/\\\/artistics.com\\\/fr\\\/\",\"name\":\"Artistics\",\"description\":\"The online art gallery\",\"publisher\":{\"@id\":\"https:\\\/\\\/artistics.com\\\/fr\\\/#organization\"},\"potentialAction\":[{\"@type\":\"SearchAction\",\"target\":{\"@type\":\"EntryPoint\",\"urlTemplate\":\"https:\\\/\\\/artistics.com\\\/fr\\\/?s={search_term_string}\"},\"query-input\":{\"@type\":\"PropertyValueSpecification\",\"valueRequired\":true,\"valueName\":\"search_term_string\"}}],\"inLanguage\":\"fr-FR\"},{\"@type\":\"Organization\",\"@id\":\"https:\\\/\\\/artistics.com\\\/fr\\\/#organization\",\"name\":\"Artistics\",\"url\":\"https:\\\/\\\/artistics.com\\\/fr\\\/\",\"logo\":{\"@type\":\"ImageObject\",\"inLanguage\":\"fr-FR\",\"@id\":\"https:\\\/\\\/artistics.com\\\/fr\\\/#\\\/schema\\\/logo\\\/image\\\/\",\"url\":\"https:\\\/\\\/artistics.com\\\/wp-content\\\/uploads\\\/2023\\\/02\\\/artistics-logo-web-1.svg\",\"contentUrl\":\"https:\\\/\\\/artistics.com\\\/wp-content\\\/uploads\\\/2023\\\/02\\\/artistics-logo-web-1.svg\",\"caption\":\"Artistics\"},\"image\":{\"@id\":\"https:\\\/\\\/artistics.com\\\/fr\\\/#\\\/schema\\\/logo\\\/image\\\/\"},\"sameAs\":[\"https:\\\/\\\/www.facebook.com\\\/ArtisticsMag\",\"https:\\\/\\\/x.com\\\/Artistics_FR\",\"http:\\\/\\\/www.linkedin.com\\\/company\\\/artistics\",\"https:\\\/\\\/www.instagram.com\\\/artistics_com\\\/\",\"http:\\\/\\\/www.pinterest.com\\\/ArtisticsMag\"],\"hasMerchantReturnPolicy\":{\"@type\":\"MerchantReturnPolicy\",\"merchantReturnLink\":\"https:\\\/\\\/artistics.com\\\/free-return-policy\\\/\"}}]}<\/script>\n<meta property=\"product:price:amount\" content=\"8600\" \/>\n<meta property=\"product:price:currency\" content=\"EUR\" \/>\n<meta property=\"og:availability\" content=\"instock\" \/>\n<meta property=\"product:availability\" content=\"instock\" \/>\n<meta property=\"product:condition\" content=\"new\" \/>\n<!-- \/ Yoast SEO Premium plugin. -->","yoast_head_json":{"title":"Pablo (bronze poli) par Marie Louise Sorbac - Sculpture contemporaine | Artistics","description":"Pablo (bronze poli) par Marie Louise Sorbac - achetez en ligne cette \u0153uvre d\u2019art originale avec son certificat d\u2019authenticit\u00e9 et b\u00e9n\u00e9ficiez de notre service premium.","robots":{"index":"index","follow":"follow","max-snippet":"max-snippet:-1","max-image-preview":"max-image-preview:large","max-video-preview":"max-video-preview:-1"},"canonical":"https:\/\/artistics.com\/fr\/oeuvre\/pablo-bronze-poli\/","og_locale":"fr_FR","og_type":"article","og_title":"Pablo (bronze poli)","og_description":"Pablo (bronze poli) par Marie Louise Sorbac - achetez en ligne cette \u0153uvre d\u2019art originale avec son certificat d\u2019authenticit\u00e9 et b\u00e9n\u00e9ficiez de notre service premium.","og_url":"https:\/\/artistics.com\/fr\/oeuvre\/pablo-bronze-poli\/","og_site_name":"Artistics","article_publisher":"https:\/\/www.facebook.com\/ArtisticsMag","article_modified_time":"2025-04-22T08:26:41+00:00","og_image":[{"width":1333,"height":2000,"url":"https:\/\/artistics.com\/wp-content\/uploads\/2025\/04\/pablo-bronze-poli-animal-sculpture-by-marie-louise-sorbac-1.jpeg","type":"image\/jpeg"}],"twitter_card":"summary_large_image","twitter_site":"@Artistics_FR","twitter_misc":{"Prix":"8 600&nbsp;&euro;","Disponibilit\u00e9":"En stock"},"schema":{"@context":"https:\/\/schema.org","@graph":[{"@type":["WebPage","ItemPage"],"@id":"https:\/\/artistics.com\/fr\/oeuvre\/pablo-bronze-poli\/","url":"https:\/\/artistics.com\/fr\/oeuvre\/pablo-bronze-poli\/","name":"Pablo (bronze poli) par Marie Louise Sorbac - Sculpture contemporaine | Artistics","isPartOf":{"@id":"https:\/\/artistics.com\/fr\/#website"},"primaryImageOfPage":{"@id":"https:\/\/artistics.com\/fr\/oeuvre\/pablo-bronze-poli\/#primaryimage"},"image":{"@id":"https:\/\/artistics.com\/fr\/oeuvre\/pablo-bronze-poli\/#primaryimage"},"thumbnailUrl":"https:\/\/artistics.com\/wp-content\/uploads\/2025\/04\/pablo-bronze-poli-animal-sculpture-by-marie-louise-sorbac-1.jpeg","datePublished":"2025-04-18T09:51:43+00:00","dateModified":"2025-04-22T08:26:41+00:00","description":"Pablo (bronze poli) par Marie Louise Sorbac - achetez en ligne cette \u0153uvre d\u2019art originale avec son certificat d\u2019authenticit\u00e9 et b\u00e9n\u00e9ficiez de notre service premium.","breadcrumb":{"@id":"https:\/\/artistics.com\/fr\/oeuvre\/pablo-bronze-poli\/#breadcrumb"},"inLanguage":"fr-FR","potentialAction":[{"@type":"ReadAction","target":["https:\/\/artistics.com\/fr\/oeuvre\/pablo-bronze-poli\/"]}]},{"@type":"ImageObject","inLanguage":"fr-FR","@id":"https:\/\/artistics.com\/fr\/oeuvre\/pablo-bronze-poli\/#primaryimage","url":"https:\/\/artistics.com\/wp-content\/uploads\/2025\/04\/pablo-bronze-poli-animal-sculpture-by-marie-louise-sorbac-1.jpeg","contentUrl":"https:\/\/artistics.com\/wp-content\/uploads\/2025\/04\/pablo-bronze-poli-animal-sculpture-by-marie-louise-sorbac-1.jpeg","width":1333,"height":2000},{"@type":"BreadcrumbList","@id":"https:\/\/artistics.com\/fr\/oeuvre\/pablo-bronze-poli\/#breadcrumb","itemListElement":[{"@type":"ListItem","position":1,"name":"Achat \u0153uvre d'art","item":"https:\/\/artistics.com\/fr\/"},{"@type":"ListItem","position":2,"name":"Galerie","item":"https:\/\/artistics.com\/fr\/galerie\/"},{"@type":"ListItem","position":3,"name":"Sculpture contemporaine","item":"https:\/\/artistics.com\/fr\/categorie-oeuvre\/sculpture-contemporaine\/"},{"@type":"ListItem","position":4,"name":"Pablo (bronze poli)"}]},{"@type":"WebSite","@id":"https:\/\/artistics.com\/fr\/#website","url":"https:\/\/artistics.com\/fr\/","name":"Artistics","description":"The online art gallery","publisher":{"@id":"https:\/\/artistics.com\/fr\/#organization"},"potentialAction":[{"@type":"SearchAction","target":{"@type":"EntryPoint","urlTemplate":"https:\/\/artistics.com\/fr\/?s={search_term_string}"},"query-input":{"@type":"PropertyValueSpecification","valueRequired":true,"valueName":"search_term_string"}}],"inLanguage":"fr-FR"},{"@type":"Organization","@id":"https:\/\/artistics.com\/fr\/#organization","name":"Artistics","url":"https:\/\/artistics.com\/fr\/","logo":{"@type":"ImageObject","inLanguage":"fr-FR","@id":"https:\/\/artistics.com\/fr\/#\/schema\/logo\/image\/","url":"https:\/\/artistics.com\/wp-content\/uploads\/2023\/02\/artistics-logo-web-1.svg","contentUrl":"https:\/\/artistics.com\/wp-content\/uploads\/2023\/02\/artistics-logo-web-1.svg","caption":"Artistics"},"image":{"@id":"https:\/\/artistics.com\/fr\/#\/schema\/logo\/image\/"},"sameAs":["https:\/\/www.facebook.com\/ArtisticsMag","https:\/\/x.com\/Artistics_FR","http:\/\/www.linkedin.com\/company\/artistics","https:\/\/www.instagram.com\/artistics_com\/","http:\/\/www.pinterest.com\/ArtisticsMag"],"hasMerchantReturnPolicy":{"@type":"MerchantReturnPolicy","merchantReturnLink":"https:\/\/artistics.com\/free-return-policy\/"}}]},"product_price_amount":"8600","product_price_currency":"EUR","og_availability":"instock","product_availability":"instock","product_condition":"new"},"_links":{"self":[{"href":"https:\/\/artistics.com\/fr\/wp-json\/wp\/v2\/product\/79356","targetHints":{"allow":["GET"]}}],"collection":[{"href":"https:\/\/artistics.com\/fr\/wp-json\/wp\/v2\/product"}],"about":[{"href":"https:\/\/artistics.com\/fr\/wp-json\/wp\/v2\/types\/product"}],"acf:term":[{"embeddable":true,"taxonomy":"series","href":"https:\/\/artistics.com\/fr\/wp-json\/wp\/v2\/series\/1948"},{"embeddable":true,"taxonomy":"product_tag","href":"https:\/\/artistics.com\/fr\/wp-json\/wp\/v2\/product_tag\/565"},{"embeddable":true,"taxonomy":"product_cat","href":"https:\/\/artistics.com\/fr\/wp-json\/wp\/v2\/product_cat\/236"},{"embeddable":true,"taxonomy":"product_cat","href":"https:\/\/artistics.com\/fr\/wp-json\/wp\/v2\/product_cat\/216"},{"embeddable":true,"taxonomy":"product_cat","href":"https:\/\/artistics.com\/fr\/wp-json\/wp\/v2\/product_cat\/193"},{"embeddable":true,"taxonomy":"product_cat","href":"https:\/\/artistics.com\/fr\/wp-json\/wp\/v2\/product_cat\/190"},{"embeddable":true,"taxonomy":"product_cat","href":"https:\/\/artistics.com\/fr\/wp-json\/wp\/v2\/product_cat\/192"},{"embeddable":true,"taxonomy":"product_cat","href":"https:\/\/artistics.com\/fr\/wp-json\/wp\/v2\/product_cat\/209"},{"embeddable":true,"taxonomy":"product_cat","href":"https:\/\/artistics.com\/fr\/wp-json\/wp\/v2\/product_cat\/205"},{"embeddable":true,"taxonomy":"product_cat","href":"https:\/\/artistics.com\/fr\/wp-json\/wp\/v2\/product_cat\/208"},{"embeddable":true,"taxonomy":"product_cat","href":"https:\/\/artistics.com\/fr\/wp-json\/wp\/v2\/product_cat\/210"},{"embeddable":true,"taxonomy":"product_cat","href":"https:\/\/artistics.com\/fr\/wp-json\/wp\/v2\/product_cat\/164"}],"acf:post":[{"embeddable":true,"href":"https:\/\/artistics.com\/fr\/wp-json\/wp\/v2\/artist\/2782"}],"wp:featuredmedia":[{"embeddable":true,"href":"https:\/\/artistics.com\/fr\/wp-json\/wp\/v2\/media\/79364"}],"wp:attachment":[{"href":"https:\/\/artistics.com\/fr\/wp-json\/wp\/v2\/media?parent=79356"}],"wp:term":[{"taxonomy":"product_cat","embeddable":true,"href":"https:\/\/artistics.com\/fr\/wp-json\/wp\/v2\/product_cat?post=79356"},{"taxonomy":"product_tag","embeddable":true,"href":"https:\/\/artistics.com\/fr\/wp-json\/wp\/v2\/product_tag?post=79356"},{"taxonomy":"series","embeddable":true,"href":"https:\/\/artistics.com\/fr\/wp-json\/wp\/v2\/series?post=79356"}],"curies":[{"name":"wp","href":"https:\/\/api.w.org\/{rel}","templated":true}]}}