{"id":78981,"date":"2025-04-17T12:28:15","date_gmt":"2025-04-17T10:28:15","guid":{"rendered":"https:\/\/artistics.com\/?post_type=product&#038;p=78981"},"modified":"2025-04-17T14:54:38","modified_gmt":"2025-04-17T12:54:38","slug":"n221222","status":"publish","type":"product","link":"https:\/\/artistics.com\/fr\/oeuvre\/n221222\/","title":{"rendered":"n\u00b0221222"},"content":{"rendered":"","protected":false},"excerpt":{"rendered":"","protected":false},"featured_media":78994,"template":"","meta":{"_acf_changed":false,"_searchwp_excluded":"","inline_featured_image":false},"product_cat":[428,428,423,2491,2491,423,164,210,164,204,189,204,216,210,216,189,238,238],"product_tag":[340,2505,368,2481],"series":[2509],"class_list":{"0":"post-78981","1":"product","2":"type-product","3":"status-publish","4":"has-post-thumbnail","6":"product_cat-couleurs-neutres","8":"product_cat-sculpture-en-bois","9":"product_cat-sculpture-soustractive","12":"product_cat-sculpture-contemporaine","13":"product_cat-sculpture-geometrique","15":"product_cat-sculpture-abstraite","16":"product_cat-art-abstrait","18":"product_cat-moyen","22":"product_cat-plus-de-10-000-e","24":"product_tag-large-scale-sculpture","25":"product_tag-oeuvres-dart-verticales","26":"product_tag-sculpture-grand-format","27":"product_tag-vertical-artwork","28":"series-thierry-martenon-sculptures-en-bois","30":"first","31":"outofstock","32":"taxable","33":"shipping-taxable","34":"purchasable","35":"product-type-simple"},"acf":{"artwork_artist":[78405],"artwork_medium":164,"artwork_categories":[423,210,204,2491],"artwork_overall-tones":[428],"artwork_main-material":[],"artwork_art-genre":[],"artwork_art-movement":[189],"artwork_miscellaneous":[],"artwork_formats":[216],"artwork_price-ranges":[238],"artwork_main_subject":[],"artwork_technique":[],"artwork_featured_location":[],"artwork_dominant_color":[],"artwork_physical_attributes":[368,2505],"artwork_creation_date":"20230101","artwork_unique_piece":true,"artwork_description":"Sculpture en bois de noyer, patine \u00e0 l'encre de Chine","artwork_signature":"\u0152uvre sign\u00e9e","artwork_authenticity":"L\u2019\u0153uvre est vendue avec un certificat d\u2019authenticit\u00e9 sign\u00e9 par l\u2019artiste.","artwork_framing":"not_specified","artwork_has_custom_framing_info":false,"artwork_custom_framing_info":"Not specified","artwork_location_country":"","artwork_location_city":"","artwork_location_zipcode":"","artwork_shipment_type":"3D_artwork","artwork_shipping_delivery":"sculpture_unique_piece_immediate_availability","artwork_has_custom_shipping_delivery_info":false,"artwork_custom_shipping_delivery_info":"Not specified","artwork_360_view_url":"","artwork_video_url":"","artwork_video_format":[],"artwork_preview_type":"auto","artwork_reserved":false,"artwork_hide_price":false,"artwork_about":"<p class=\"p1\"><em><strong>n\u00b0221222<\/strong><\/em> est une sculpture abstraite <span class=\"TextRun SCXW251945182 BCX4\" lang=\"FR-FR\" xml:lang=\"FR-FR\" data-contrast=\"auto\"><span class=\"NormalTextRun SCXW251945182 BCX4\">en bois, r\u00e9alis\u00e9e par le sculpteur fran\u00e7ais Thierry <\/span><span class=\"NormalTextRun SpellingErrorV2Themed SCXW251945182 BCX4\">Martenon<\/span><\/span>. Cette sculpture combine \u00e9l\u00e9gamment des textures diff\u00e9rentes sur sa surface. <span class=\"TextRun SCXW240592521 BCX4\" lang=\"FR-FR\" xml:lang=\"FR-FR\" data-contrast=\"auto\"><span class=\"NormalTextRun SCXW240592521 BCX4\">Cette pi\u00e8ce, avec sa forme marqu\u00e9e sur la verticalit\u00e9, rappelle l'esth\u00e9tique des sculptures tot\u00e9miques. <\/span><\/span><span class=\"EOP SCXW240592521 BCX4\" data-ccp-props=\"{&quot;335551550&quot;:6,&quot;335551620&quot;:6}\">\u00a0<\/span><\/p>\r\n<span data-contrast=\"auto\">Les sculptures de Thierry Martenon se distinguent par leurs lignes \u00e9pur\u00e9es et simples, leurs formes harmonieuses et fluides, ainsi que par des textures raffin\u00e9es, m\u00e9ticuleusement travaill\u00e9es. Son approche artistique est profond\u00e9ment esth\u00e9tique et repose sur une ma\u00eetrise technique remarquable. Ses cr\u00e9ations incarnent une \u00e9l\u00e9gance intemporelle, tout en t\u00e9moignant d\u2019une qu\u00eate constante de renouvellement et d\u2019originalit\u00e9. L\u2019artiste ne nomme pas ses \u0153uvres ; il pr\u00e9f\u00e8re les num\u00e9roter en fonction de leur ann\u00e9e de cr\u00e9ation.<\/span><span data-ccp-props=\"{&quot;335551550&quot;:6,&quot;335551620&quot;:6}\">\u00a0<\/span>\r\n\r\n<span data-contrast=\"auto\">Thierry Martenon vit et travaille dans son village natal, situ\u00e9 dans le massif de la Chartreuse, en Savoie. La montagne et la for\u00eat font partie de son quotidien et lui fournissent une source constante d\u2019inspiration. Les formes et textures qu\u2019il observe dans la nature, qu\u2019il s\u2019agisse de rochers, d\u2019\u00e9corces ou de champignons, nourrissent ses cr\u00e9ations. Son processus cr\u00e9atif commence par le dessin, une \u00e9tape essentielle qui lui permet de trouver la forme id\u00e9ale. La s\u00e9lection du tronc est particuli\u00e8rement exigeante, reposant sur des crit\u00e8res pr\u00e9cis. Le sculpteur travaille exclusivement avec des essences locales telles que le fr\u00eane, l\u2019\u00e9pic\u00e9a, le noyer et l\u2019\u00e9rable.<\/span><span data-ccp-props=\"{&quot;335551550&quot;:6,&quot;335551620&quot;:6}\">\u00a0<\/span>\r\n\r\n<span data-contrast=\"auto\">Une fois dans la tranquillit\u00e9 de son atelier, Thierry Martenon sculpte ses pi\u00e8ces \u00e0 l\u2019aide des outils traditionnels des m\u00e9tiers du bois, mettant \u00e0 profit l\u2019expertise acquise gr\u00e2ce \u00e0 son exp\u00e9rience en \u00e9b\u00e9nisterie. Pour la finition, il explore des techniques vari\u00e9es et singuli\u00e8res telles que le brossage, le br\u00fblage, le sablage, la gravure, ainsi que l\u2019application de patines \u00e0 l\u2019encre de Chine et de laques. L\u2019objectif de ce travail est de cr\u00e9er des \u0153uvres tr\u00e8s textur\u00e9es et capables de capturer la lumi\u00e8re, car, selon l\u2019artiste : \u00ab <\/span><i><span data-contrast=\"auto\">C\u2019est elle qui anime la pi\u00e8ce de bois, c\u2019est elle qui la fait vibrer<\/span><\/i><span data-contrast=\"auto\">. \u00bb Un superbe jeu d\u2019ombre et de lumi\u00e8re sublime le bois, lui insufflant une impression de mouvement.\u00a0<\/span><span data-ccp-props=\"{&quot;335551550&quot;:6,&quot;335551620&quot;:6}\">\u00a0<\/span>\r\n\r\n<span data-contrast=\"auto\">Aujourd\u2019hui, depuis son atelier nich\u00e9 dans les Pr\u00e9alpes, ses \u0153uvres rejoignent des collections priv\u00e9es prestigieuses aux quatre coins du globe. L\u2019artiste a \u00e9galement expos\u00e9 dans des institutions renomm\u00e9es, telles que le Mus\u00e9e national d\u2019Histoire naturelle de Paris et le Museum of Fine Arts de Boston.\u00a0<\/span><span data-ccp-props=\"{&quot;335551550&quot;:6,&quot;335551620&quot;:6}\">\u00a0<\/span>\r\n\r\n<span data-contrast=\"auto\">\u00ab\u202f<\/span><i><span data-contrast=\"auto\">Je ne me reconnais pas dans le mot artiste, je suis sculpteur\u202f; ce n\u2019est pas la pens\u00e9e, c\u2019est le geste qui me d\u00e9finit. Certains parles de l\u2019intelligence de la main, et cela me plait bien<\/span><\/i><span data-contrast=\"auto\">.\u202f\u00bb Thierry Martenon<\/span><span data-ccp-props=\"{&quot;335551550&quot;:6,&quot;335551620&quot;:6}\">\u00a0<\/span>\r\n\r\n&nbsp;","artwork_series":[2509],"artwork_query_group":"20","artwork_lowest_grid_position":1,"artwork_random_position":3007336,"explicit_sensitive_content":false,"drupal_id":""},"yoast_head":"<!-- This site is optimized with the Yoast SEO Premium plugin v27.3 (Yoast SEO v27.3) - https:\/\/yoast.com\/product\/yoast-seo-premium-wordpress\/ -->\n<title>n\u00b0221222 par Thierry Martenon - Sculpture contemporaine | Artistics<\/title>\n<meta name=\"description\" content=\"n\u00b0221222 par Thierry Martenon - achetez en ligne cette \u0153uvre d\u2019art originale avec son certificat d\u2019authenticit\u00e9 et b\u00e9n\u00e9ficiez de notre service premium.\" \/>\n<meta name=\"robots\" content=\"index, follow, max-snippet:-1, max-image-preview:large, max-video-preview:-1\" \/>\n<link rel=\"canonical\" href=\"https:\/\/artistics.com\/fr\/oeuvre\/n221222\/\" \/>\n<meta property=\"og:locale\" content=\"fr_FR\" \/>\n<meta property=\"og:type\" content=\"article\" \/>\n<meta property=\"og:title\" content=\"n\u00b0221222\" \/>\n<meta property=\"og:description\" content=\"n\u00b0221222 par Thierry Martenon - achetez en ligne cette \u0153uvre d\u2019art originale avec son certificat d\u2019authenticit\u00e9 et b\u00e9n\u00e9ficiez de notre service premium.\" \/>\n<meta property=\"og:url\" content=\"https:\/\/artistics.com\/fr\/oeuvre\/n221222\/\" \/>\n<meta property=\"og:site_name\" content=\"Artistics\" \/>\n<meta property=\"article:publisher\" content=\"https:\/\/www.facebook.com\/ArtisticsMag\" \/>\n<meta property=\"article:modified_time\" content=\"2025-04-17T12:54:38+00:00\" \/>\n<meta property=\"og:image\" content=\"https:\/\/artistics.com\/wp-content\/uploads\/2025\/04\/221222-large-wood-sculpture-by-thierry-martenon-1.jpeg\" \/>\n\t<meta property=\"og:image:width\" content=\"1333\" \/>\n\t<meta property=\"og:image:height\" content=\"2000\" \/>\n\t<meta property=\"og:image:type\" content=\"image\/jpeg\" \/>\n<meta name=\"twitter:card\" content=\"summary_large_image\" \/>\n<meta name=\"twitter:site\" content=\"@Artistics_FR\" \/>\n<meta name=\"twitter:label1\" content=\"Prix\" \/>\n\t<meta name=\"twitter:data1\" content=\"10 600&nbsp;&euro;\" \/>\n\t<meta name=\"twitter:label2\" content=\"Disponibilit\u00e9\" \/>\n\t<meta name=\"twitter:data2\" content=\"Rupture de stock\" \/>\n<script type=\"application\/ld+json\" class=\"yoast-schema-graph\">{\"@context\":\"https:\\\/\\\/schema.org\",\"@graph\":[{\"@type\":[\"WebPage\",\"ItemPage\"],\"@id\":\"https:\\\/\\\/artistics.com\\\/fr\\\/oeuvre\\\/n221222\\\/\",\"url\":\"https:\\\/\\\/artistics.com\\\/fr\\\/oeuvre\\\/n221222\\\/\",\"name\":\"n\u00b0221222 par Thierry Martenon - Sculpture contemporaine | Artistics\",\"isPartOf\":{\"@id\":\"https:\\\/\\\/artistics.com\\\/fr\\\/#website\"},\"primaryImageOfPage\":{\"@id\":\"https:\\\/\\\/artistics.com\\\/fr\\\/oeuvre\\\/n221222\\\/#primaryimage\"},\"image\":{\"@id\":\"https:\\\/\\\/artistics.com\\\/fr\\\/oeuvre\\\/n221222\\\/#primaryimage\"},\"thumbnailUrl\":\"https:\\\/\\\/artistics.com\\\/wp-content\\\/uploads\\\/2025\\\/04\\\/221222-large-wood-sculpture-by-thierry-martenon-1.jpeg\",\"datePublished\":\"2025-04-17T10:28:15+00:00\",\"dateModified\":\"2025-04-17T12:54:38+00:00\",\"description\":\"n\u00b0221222 par Thierry Martenon - achetez en ligne cette \u0153uvre d\u2019art originale avec son certificat d\u2019authenticit\u00e9 et b\u00e9n\u00e9ficiez de notre service premium.\",\"breadcrumb\":{\"@id\":\"https:\\\/\\\/artistics.com\\\/fr\\\/oeuvre\\\/n221222\\\/#breadcrumb\"},\"inLanguage\":\"fr-FR\",\"potentialAction\":[{\"@type\":\"ReadAction\",\"target\":[\"https:\\\/\\\/artistics.com\\\/fr\\\/oeuvre\\\/n221222\\\/\"]}]},{\"@type\":\"ImageObject\",\"inLanguage\":\"fr-FR\",\"@id\":\"https:\\\/\\\/artistics.com\\\/fr\\\/oeuvre\\\/n221222\\\/#primaryimage\",\"url\":\"https:\\\/\\\/artistics.com\\\/wp-content\\\/uploads\\\/2025\\\/04\\\/221222-large-wood-sculpture-by-thierry-martenon-1.jpeg\",\"contentUrl\":\"https:\\\/\\\/artistics.com\\\/wp-content\\\/uploads\\\/2025\\\/04\\\/221222-large-wood-sculpture-by-thierry-martenon-1.jpeg\",\"width\":1333,\"height\":2000},{\"@type\":\"BreadcrumbList\",\"@id\":\"https:\\\/\\\/artistics.com\\\/fr\\\/oeuvre\\\/n221222\\\/#breadcrumb\",\"itemListElement\":[{\"@type\":\"ListItem\",\"position\":1,\"name\":\"Achat \u0153uvre d'art\",\"item\":\"https:\\\/\\\/artistics.com\\\/fr\\\/\"},{\"@type\":\"ListItem\",\"position\":2,\"name\":\"Galerie\",\"item\":\"https:\\\/\\\/artistics.com\\\/fr\\\/galerie\\\/\"},{\"@type\":\"ListItem\",\"position\":3,\"name\":\"Sculpture contemporaine\",\"item\":\"https:\\\/\\\/artistics.com\\\/fr\\\/categorie-oeuvre\\\/sculpture-contemporaine\\\/\"},{\"@type\":\"ListItem\",\"position\":4,\"name\":\"n\u00b0221222\"}]},{\"@type\":\"WebSite\",\"@id\":\"https:\\\/\\\/artistics.com\\\/fr\\\/#website\",\"url\":\"https:\\\/\\\/artistics.com\\\/fr\\\/\",\"name\":\"Artistics\",\"description\":\"The online art gallery\",\"publisher\":{\"@id\":\"https:\\\/\\\/artistics.com\\\/fr\\\/#organization\"},\"potentialAction\":[{\"@type\":\"SearchAction\",\"target\":{\"@type\":\"EntryPoint\",\"urlTemplate\":\"https:\\\/\\\/artistics.com\\\/fr\\\/?s={search_term_string}\"},\"query-input\":{\"@type\":\"PropertyValueSpecification\",\"valueRequired\":true,\"valueName\":\"search_term_string\"}}],\"inLanguage\":\"fr-FR\"},{\"@type\":\"Organization\",\"@id\":\"https:\\\/\\\/artistics.com\\\/fr\\\/#organization\",\"name\":\"Artistics\",\"url\":\"https:\\\/\\\/artistics.com\\\/fr\\\/\",\"logo\":{\"@type\":\"ImageObject\",\"inLanguage\":\"fr-FR\",\"@id\":\"https:\\\/\\\/artistics.com\\\/fr\\\/#\\\/schema\\\/logo\\\/image\\\/\",\"url\":\"https:\\\/\\\/artistics.com\\\/wp-content\\\/uploads\\\/2023\\\/02\\\/artistics-logo-web-1.svg\",\"contentUrl\":\"https:\\\/\\\/artistics.com\\\/wp-content\\\/uploads\\\/2023\\\/02\\\/artistics-logo-web-1.svg\",\"caption\":\"Artistics\"},\"image\":{\"@id\":\"https:\\\/\\\/artistics.com\\\/fr\\\/#\\\/schema\\\/logo\\\/image\\\/\"},\"sameAs\":[\"https:\\\/\\\/www.facebook.com\\\/ArtisticsMag\",\"https:\\\/\\\/x.com\\\/Artistics_FR\",\"http:\\\/\\\/www.linkedin.com\\\/company\\\/artistics\",\"https:\\\/\\\/www.instagram.com\\\/artistics_com\\\/\",\"http:\\\/\\\/www.pinterest.com\\\/ArtisticsMag\"],\"hasMerchantReturnPolicy\":{\"@type\":\"MerchantReturnPolicy\",\"merchantReturnLink\":\"https:\\\/\\\/artistics.com\\\/free-return-policy\\\/\"}}]}<\/script>\n<meta property=\"product:price:amount\" content=\"10600\" \/>\n<meta property=\"product:price:currency\" content=\"EUR\" \/>\n<meta property=\"og:availability\" content=\"out of stock\" \/>\n<meta property=\"product:availability\" content=\"out of stock\" \/>\n<meta property=\"product:condition\" content=\"new\" \/>\n<!-- \/ Yoast SEO Premium plugin. -->","yoast_head_json":{"title":"n\u00b0221222 par Thierry Martenon - Sculpture contemporaine | Artistics","description":"n\u00b0221222 par Thierry Martenon - achetez en ligne cette \u0153uvre d\u2019art originale avec son certificat d\u2019authenticit\u00e9 et b\u00e9n\u00e9ficiez de notre service premium.","robots":{"index":"index","follow":"follow","max-snippet":"max-snippet:-1","max-image-preview":"max-image-preview:large","max-video-preview":"max-video-preview:-1"},"canonical":"https:\/\/artistics.com\/fr\/oeuvre\/n221222\/","og_locale":"fr_FR","og_type":"article","og_title":"n\u00b0221222","og_description":"n\u00b0221222 par Thierry Martenon - achetez en ligne cette \u0153uvre d\u2019art originale avec son certificat d\u2019authenticit\u00e9 et b\u00e9n\u00e9ficiez de notre service premium.","og_url":"https:\/\/artistics.com\/fr\/oeuvre\/n221222\/","og_site_name":"Artistics","article_publisher":"https:\/\/www.facebook.com\/ArtisticsMag","article_modified_time":"2025-04-17T12:54:38+00:00","og_image":[{"width":1333,"height":2000,"url":"https:\/\/artistics.com\/wp-content\/uploads\/2025\/04\/221222-large-wood-sculpture-by-thierry-martenon-1.jpeg","type":"image\/jpeg"}],"twitter_card":"summary_large_image","twitter_site":"@Artistics_FR","twitter_misc":{"Prix":"10 600&nbsp;&euro;","Disponibilit\u00e9":"Rupture de stock"},"schema":{"@context":"https:\/\/schema.org","@graph":[{"@type":["WebPage","ItemPage"],"@id":"https:\/\/artistics.com\/fr\/oeuvre\/n221222\/","url":"https:\/\/artistics.com\/fr\/oeuvre\/n221222\/","name":"n\u00b0221222 par Thierry Martenon - Sculpture contemporaine | Artistics","isPartOf":{"@id":"https:\/\/artistics.com\/fr\/#website"},"primaryImageOfPage":{"@id":"https:\/\/artistics.com\/fr\/oeuvre\/n221222\/#primaryimage"},"image":{"@id":"https:\/\/artistics.com\/fr\/oeuvre\/n221222\/#primaryimage"},"thumbnailUrl":"https:\/\/artistics.com\/wp-content\/uploads\/2025\/04\/221222-large-wood-sculpture-by-thierry-martenon-1.jpeg","datePublished":"2025-04-17T10:28:15+00:00","dateModified":"2025-04-17T12:54:38+00:00","description":"n\u00b0221222 par Thierry Martenon - achetez en ligne cette \u0153uvre d\u2019art originale avec son certificat d\u2019authenticit\u00e9 et b\u00e9n\u00e9ficiez de notre service premium.","breadcrumb":{"@id":"https:\/\/artistics.com\/fr\/oeuvre\/n221222\/#breadcrumb"},"inLanguage":"fr-FR","potentialAction":[{"@type":"ReadAction","target":["https:\/\/artistics.com\/fr\/oeuvre\/n221222\/"]}]},{"@type":"ImageObject","inLanguage":"fr-FR","@id":"https:\/\/artistics.com\/fr\/oeuvre\/n221222\/#primaryimage","url":"https:\/\/artistics.com\/wp-content\/uploads\/2025\/04\/221222-large-wood-sculpture-by-thierry-martenon-1.jpeg","contentUrl":"https:\/\/artistics.com\/wp-content\/uploads\/2025\/04\/221222-large-wood-sculpture-by-thierry-martenon-1.jpeg","width":1333,"height":2000},{"@type":"BreadcrumbList","@id":"https:\/\/artistics.com\/fr\/oeuvre\/n221222\/#breadcrumb","itemListElement":[{"@type":"ListItem","position":1,"name":"Achat \u0153uvre d'art","item":"https:\/\/artistics.com\/fr\/"},{"@type":"ListItem","position":2,"name":"Galerie","item":"https:\/\/artistics.com\/fr\/galerie\/"},{"@type":"ListItem","position":3,"name":"Sculpture contemporaine","item":"https:\/\/artistics.com\/fr\/categorie-oeuvre\/sculpture-contemporaine\/"},{"@type":"ListItem","position":4,"name":"n\u00b0221222"}]},{"@type":"WebSite","@id":"https:\/\/artistics.com\/fr\/#website","url":"https:\/\/artistics.com\/fr\/","name":"Artistics","description":"The online art gallery","publisher":{"@id":"https:\/\/artistics.com\/fr\/#organization"},"potentialAction":[{"@type":"SearchAction","target":{"@type":"EntryPoint","urlTemplate":"https:\/\/artistics.com\/fr\/?s={search_term_string}"},"query-input":{"@type":"PropertyValueSpecification","valueRequired":true,"valueName":"search_term_string"}}],"inLanguage":"fr-FR"},{"@type":"Organization","@id":"https:\/\/artistics.com\/fr\/#organization","name":"Artistics","url":"https:\/\/artistics.com\/fr\/","logo":{"@type":"ImageObject","inLanguage":"fr-FR","@id":"https:\/\/artistics.com\/fr\/#\/schema\/logo\/image\/","url":"https:\/\/artistics.com\/wp-content\/uploads\/2023\/02\/artistics-logo-web-1.svg","contentUrl":"https:\/\/artistics.com\/wp-content\/uploads\/2023\/02\/artistics-logo-web-1.svg","caption":"Artistics"},"image":{"@id":"https:\/\/artistics.com\/fr\/#\/schema\/logo\/image\/"},"sameAs":["https:\/\/www.facebook.com\/ArtisticsMag","https:\/\/x.com\/Artistics_FR","http:\/\/www.linkedin.com\/company\/artistics","https:\/\/www.instagram.com\/artistics_com\/","http:\/\/www.pinterest.com\/ArtisticsMag"],"hasMerchantReturnPolicy":{"@type":"MerchantReturnPolicy","merchantReturnLink":"https:\/\/artistics.com\/free-return-policy\/"}}]},"product_price_amount":"10600","product_price_currency":"EUR","og_availability":"out of stock","product_availability":"out of stock","product_condition":"new"},"_links":{"self":[{"href":"https:\/\/artistics.com\/fr\/wp-json\/wp\/v2\/product\/78981","targetHints":{"allow":["GET"]}}],"collection":[{"href":"https:\/\/artistics.com\/fr\/wp-json\/wp\/v2\/product"}],"about":[{"href":"https:\/\/artistics.com\/fr\/wp-json\/wp\/v2\/types\/product"}],"acf:term":[{"embeddable":true,"taxonomy":"series","href":"https:\/\/artistics.com\/fr\/wp-json\/wp\/v2\/series\/2509"},{"embeddable":true,"taxonomy":"product_tag","href":"https:\/\/artistics.com\/fr\/wp-json\/wp\/v2\/product_tag\/2505"},{"embeddable":true,"taxonomy":"product_tag","href":"https:\/\/artistics.com\/fr\/wp-json\/wp\/v2\/product_tag\/368"},{"embeddable":true,"taxonomy":"product_cat","href":"https:\/\/artistics.com\/fr\/wp-json\/wp\/v2\/product_cat\/238"},{"embeddable":true,"taxonomy":"product_cat","href":"https:\/\/artistics.com\/fr\/wp-json\/wp\/v2\/product_cat\/216"},{"embeddable":true,"taxonomy":"product_cat","href":"https:\/\/artistics.com\/fr\/wp-json\/wp\/v2\/product_cat\/189"},{"embeddable":true,"taxonomy":"product_cat","href":"https:\/\/artistics.com\/fr\/wp-json\/wp\/v2\/product_cat\/428"},{"embeddable":true,"taxonomy":"product_cat","href":"https:\/\/artistics.com\/fr\/wp-json\/wp\/v2\/product_cat\/2491"},{"embeddable":true,"taxonomy":"product_cat","href":"https:\/\/artistics.com\/fr\/wp-json\/wp\/v2\/product_cat\/204"},{"embeddable":true,"taxonomy":"product_cat","href":"https:\/\/artistics.com\/fr\/wp-json\/wp\/v2\/product_cat\/210"},{"embeddable":true,"taxonomy":"product_cat","href":"https:\/\/artistics.com\/fr\/wp-json\/wp\/v2\/product_cat\/423"},{"embeddable":true,"taxonomy":"product_cat","href":"https:\/\/artistics.com\/fr\/wp-json\/wp\/v2\/product_cat\/164"}],"acf:post":[{"embeddable":true,"href":"https:\/\/artistics.com\/fr\/wp-json\/wp\/v2\/artist\/78405"}],"wp:featuredmedia":[{"embeddable":true,"href":"https:\/\/artistics.com\/fr\/wp-json\/wp\/v2\/media\/78994"}],"wp:attachment":[{"href":"https:\/\/artistics.com\/fr\/wp-json\/wp\/v2\/media?parent=78981"}],"wp:term":[{"taxonomy":"product_cat","embeddable":true,"href":"https:\/\/artistics.com\/fr\/wp-json\/wp\/v2\/product_cat?post=78981"},{"taxonomy":"product_tag","embeddable":true,"href":"https:\/\/artistics.com\/fr\/wp-json\/wp\/v2\/product_tag?post=78981"},{"taxonomy":"series","embeddable":true,"href":"https:\/\/artistics.com\/fr\/wp-json\/wp\/v2\/series?post=78981"}],"curies":[{"name":"wp","href":"https:\/\/api.w.org\/{rel}","templated":true}]}}