{"id":78790,"date":"2025-04-17T17:17:38","date_gmt":"2025-04-17T15:17:38","guid":{"rendered":"https:\/\/artistics.com\/?post_type=product&#038;p=78790"},"modified":"2025-04-17T17:41:37","modified_gmt":"2025-04-17T15:41:37","slug":"n210624","status":"publish","type":"product","link":"https:\/\/artistics.com\/fr\/oeuvre\/n210624\/","title":{"rendered":"n\u00b0210624"},"content":{"rendered":"","protected":false},"excerpt":{"rendered":"","protected":false},"featured_media":78752,"template":"","meta":{"_acf_changed":false,"_searchwp_excluded":"","inline_featured_image":false},"product_cat":[189,204,189,164,428,210,215,215,238,428,238,204,164,423,210,2491,2491,423],"product_tag":[540,540,368,368],"series":[2509],"class_list":{"0":"post-78790","1":"product","2":"type-product","3":"status-publish","4":"has-post-thumbnail","6":"product_cat-art-abstrait","7":"product_cat-sculpture-abstraite","9":"product_cat-sculpture-contemporaine","10":"product_cat-couleurs-neutres","11":"product_cat-sculpture-geometrique","12":"product_cat-grand","14":"product_cat-plus-de-10-000-e","19":"product_cat-sculpture-en-bois","21":"product_cat-sculpture-soustractive","24":"product_tag-installation-fr","26":"product_tag-sculpture-grand-format","28":"series-thierry-martenon-sculptures-en-bois","30":"first","31":"instock","32":"taxable","33":"shipping-taxable","34":"purchasable","35":"product-type-simple"},"acf":{"artwork_artist":[78405],"artwork_medium":164,"artwork_categories":[423,210,204,2491],"artwork_overall-tones":[428],"artwork_main-material":[],"artwork_art-genre":[],"artwork_art-movement":[189],"artwork_miscellaneous":[],"artwork_formats":[215],"artwork_price-ranges":[238],"artwork_main_subject":[],"artwork_technique":[540],"artwork_featured_location":[],"artwork_dominant_color":[],"artwork_physical_attributes":[368],"artwork_creation_date":"20240101","artwork_unique_piece":true,"artwork_description":"Sculpture en bois d'\u00e9pic\u00e9a","artwork_signature":"\u0152uvre sign\u00e9e","artwork_authenticity":"L\u2019\u0153uvre est vendue avec un certificat d\u2019authenticit\u00e9 sign\u00e9 par l\u2019artiste.","artwork_framing":"not_specified","artwork_has_custom_framing_info":false,"artwork_custom_framing_info":"Not specified","artwork_location_country":"","artwork_location_city":"","artwork_location_zipcode":"","artwork_shipment_type":"3D_artwork","artwork_shipping_delivery":"sculpture_unique_piece_immediate_availability","artwork_has_custom_shipping_delivery_info":false,"artwork_custom_shipping_delivery_info":"Not specified","artwork_360_view_url":"","artwork_video_url":"https:\/\/www.youtube.com\/watch?v=2krIx-2Fa6E","artwork_video_format":["horizontal"],"artwork_preview_type":"auto","artwork_reserved":false,"artwork_hide_price":false,"artwork_about":"<p class=\"p1\"><strong>n\u00b0210624<\/strong> est <span class=\"TextRun SCXW112800290 BCX4\" lang=\"FR-FR\" xml:lang=\"FR-FR\" data-contrast=\"none\"><span class=\"NormalTextRun SCXW112800290 BCX4\">une sculpture abstraite <\/span><\/span><span class=\"TextRun SCXW112800290 BCX4\" lang=\"FR-FR\" xml:lang=\"FR-FR\" data-contrast=\"auto\"><span class=\"NormalTextRun SCXW112800290 BCX4\">en bois, r\u00e9alis\u00e9e par le sculpteur fran\u00e7ais Thierry <\/span><span class=\"NormalTextRun SpellingErrorV2Themed SCXW112800290 BCX4\">Martenon<\/span><span class=\"NormalTextRun SCXW112800290 BCX4\">.\u00a0<\/span><\/span>Cette oeuvre est un ensemble de sculptures textur\u00e9es, pointues et courb\u00e9es, \u00e9voquant une for\u00eat de formes sculpturales.<\/p>\r\n<span data-contrast=\"auto\">Dans cette \u0153uvre, l\u2019artiste a br\u00fbl\u00e9 la surface du bois \u00e0 l\u2019aide d\u2019un chalumeau, dans une d\u00e9marche purement esth\u00e9tique. Il appr\u00e9cie particuli\u00e8rement cette technique car elle r\u00e9v\u00e8le une couleur noire intense et soyeuse\u202f: \u00ab\u202f<\/span><i><span data-contrast=\"auto\">Le fait de br\u00fbler le bois permet d\u2019obtenir des noirs tr\u00e8s profonds et cela r\u00e9v\u00e8le \u00e0 chaque fois la texture du bois, la nature profonde du bois<\/span><\/i><span data-contrast=\"auto\">.\u202f\u00bb<\/span><span data-ccp-props=\"{}\">\u00a0<\/span>\r\n\r\n<span data-contrast=\"auto\">Les sculptures de Thierry Martenon se distinguent par leurs lignes \u00e9pur\u00e9es et simples, leurs formes harmonieuses et fluides, ainsi que par des textures raffin\u00e9es, m\u00e9ticuleusement travaill\u00e9es. Son approche artistique est profond\u00e9ment esth\u00e9tique et repose sur une ma\u00eetrise technique remarquable. Ses cr\u00e9ations incarnent une \u00e9l\u00e9gance intemporelle, tout en t\u00e9moignant d\u2019une qu\u00eate constante de renouvellement et d\u2019originalit\u00e9. L\u2019artiste ne nomme pas ses \u0153uvres ; il pr\u00e9f\u00e8re les num\u00e9roter en fonction de leur ann\u00e9e de cr\u00e9ation.<\/span><span data-ccp-props=\"{&quot;335551550&quot;:6,&quot;335551620&quot;:6}\">\u00a0<\/span>\r\n\r\n<span data-contrast=\"auto\">Thierry Martenon vit et travaille dans son village natal, situ\u00e9 dans le massif de la Chartreuse, en Savoie. La montagne et la for\u00eat font partie de son quotidien et lui fournissent une source constante d\u2019inspiration. Les formes et textures qu\u2019il observe dans la nature, qu\u2019il s\u2019agisse de rochers, d\u2019\u00e9corces ou de champignons, nourrissent ses cr\u00e9ations. Son processus cr\u00e9atif commence par le dessin, une \u00e9tape essentielle qui lui permet de trouver la forme id\u00e9ale. La s\u00e9lection du tronc est particuli\u00e8rement exigeante, reposant sur des crit\u00e8res pr\u00e9cis. Le sculpteur travaille exclusivement avec des essences locales telles que le fr\u00eane, l\u2019\u00e9pic\u00e9a, le noyer et l\u2019\u00e9rable.<\/span><span data-ccp-props=\"{&quot;335551550&quot;:6,&quot;335551620&quot;:6}\">\u00a0<\/span>\r\n\r\n<span data-contrast=\"auto\">Une fois dans la tranquillit\u00e9 de son atelier, Thierry Martenon sculpte ses pi\u00e8ces \u00e0 l\u2019aide des outils traditionnels des m\u00e9tiers du bois, mettant \u00e0 profit l\u2019expertise acquise gr\u00e2ce \u00e0 son exp\u00e9rience en \u00e9b\u00e9nisterie. Pour la finition, il explore des techniques vari\u00e9es et singuli\u00e8res telles que le brossage, le br\u00fblage, le sablage, la gravure, ainsi que l\u2019application de patines \u00e0 l\u2019encre de Chine et de laques. L\u2019objectif de ce travail est de cr\u00e9er des \u0153uvres tr\u00e8s textur\u00e9es et capables de capturer la lumi\u00e8re, car, selon l\u2019artiste : \u00ab <\/span><i><span data-contrast=\"auto\">C\u2019est elle qui anime la pi\u00e8ce de bois, c\u2019est elle qui la fait vibrer<\/span><\/i><span data-contrast=\"auto\">. \u00bb Un superbe jeu d\u2019ombre et de lumi\u00e8re sublime le bois, lui insufflant une impression de mouvement.\u00a0<\/span><span data-ccp-props=\"{&quot;335551550&quot;:6,&quot;335551620&quot;:6}\">\u00a0<\/span>\r\n\r\n<span data-contrast=\"auto\">Aujourd\u2019hui, depuis son atelier nich\u00e9 dans les Pr\u00e9alpes, ses \u0153uvres rejoignent des collections priv\u00e9es prestigieuses aux quatre coins du globe. L\u2019artiste a \u00e9galement expos\u00e9 dans des institutions renomm\u00e9es, telles que le Mus\u00e9e national d\u2019Histoire naturelle de Paris et le Museum of Fine Arts de Boston.\u00a0<\/span><span data-ccp-props=\"{&quot;335551550&quot;:6,&quot;335551620&quot;:6}\">\u00a0<\/span>\r\n\r\n<span data-contrast=\"auto\">\u00ab\u202f<\/span><i><span data-contrast=\"auto\">Je ne me reconnais pas dans le mot artiste, je suis sculpteur\u202f; ce n\u2019est pas la pens\u00e9e, c\u2019est le geste qui me d\u00e9finit. Certains parles de l\u2019intelligence de la main, et cela me plait bien<\/span><\/i><span data-contrast=\"auto\">.\u202f\u00bb Thierry Martenon<\/span><span data-ccp-props=\"{&quot;335551550&quot;:6,&quot;335551620&quot;:6}\">\u00a0<\/span><span data-ccp-props=\"{}\">\u00a0<\/span>\r\n\r\nLes dimensions sont indicatives et changent en fonction de l'installation des cinq pi\u00e8ces. Dimensions des cinq pi\u00e8ces : 194 H x 90 L x 42 P cm, 184 H x 115 L x 42 P cm, 165 H x 140 L x 42 P cm, 139 H x 100 L x 42 P cm, 90 H x 125 L x 42 P cm.","artwork_series":[2509],"artwork_query_group":"20","artwork_lowest_grid_position":1,"artwork_random_position":3585015,"explicit_sensitive_content":false,"drupal_id":""},"yoast_head":"<!-- This site is optimized with the Yoast SEO Premium plugin v27.3 (Yoast SEO v27.3) - https:\/\/yoast.com\/product\/yoast-seo-premium-wordpress\/ -->\n<title>n\u00b0210624 par Thierry Martenon - Sculpture contemporaine | Artistics<\/title>\n<meta name=\"description\" content=\"n\u00b0210624 par Thierry Martenon - achetez en ligne cette \u0153uvre d\u2019art originale avec son certificat d\u2019authenticit\u00e9 et b\u00e9n\u00e9ficiez de notre service premium.\" \/>\n<meta name=\"robots\" content=\"index, follow, max-snippet:-1, max-image-preview:large, max-video-preview:-1\" \/>\n<link rel=\"canonical\" href=\"https:\/\/artistics.com\/fr\/oeuvre\/n210624\/\" \/>\n<meta property=\"og:locale\" content=\"fr_FR\" \/>\n<meta property=\"og:type\" content=\"article\" \/>\n<meta property=\"og:title\" content=\"n\u00b0210624\" \/>\n<meta property=\"og:description\" content=\"n\u00b0210624 par Thierry Martenon - achetez en ligne cette \u0153uvre d\u2019art originale avec son certificat d\u2019authenticit\u00e9 et b\u00e9n\u00e9ficiez de notre service premium.\" \/>\n<meta property=\"og:url\" content=\"https:\/\/artistics.com\/fr\/oeuvre\/n210624\/\" \/>\n<meta property=\"og:site_name\" content=\"Artistics\" \/>\n<meta property=\"article:publisher\" content=\"https:\/\/www.facebook.com\/ArtisticsMag\" \/>\n<meta property=\"article:modified_time\" content=\"2025-04-17T15:41:37+00:00\" \/>\n<meta property=\"og:image\" content=\"https:\/\/artistics.com\/wp-content\/uploads\/2025\/04\/210624-large-wood-sculpture-by-thierry-martenon-2.jpg\" \/>\n\t<meta property=\"og:image:width\" content=\"2560\" \/>\n\t<meta property=\"og:image:height\" content=\"1920\" \/>\n\t<meta property=\"og:image:type\" content=\"image\/jpeg\" \/>\n<meta name=\"twitter:card\" content=\"summary_large_image\" \/>\n<meta name=\"twitter:site\" content=\"@Artistics_FR\" \/>\n<meta name=\"twitter:label1\" content=\"Prix\" \/>\n\t<meta name=\"twitter:data1\" content=\"56 800&nbsp;&euro;\" \/>\n\t<meta name=\"twitter:label2\" content=\"Disponibilit\u00e9\" \/>\n\t<meta name=\"twitter:data2\" content=\"En stock\" \/>\n<script type=\"application\/ld+json\" class=\"yoast-schema-graph\">{\"@context\":\"https:\\\/\\\/schema.org\",\"@graph\":[{\"@type\":[\"WebPage\",\"ItemPage\"],\"@id\":\"https:\\\/\\\/artistics.com\\\/fr\\\/oeuvre\\\/n210624\\\/\",\"url\":\"https:\\\/\\\/artistics.com\\\/fr\\\/oeuvre\\\/n210624\\\/\",\"name\":\"n\u00b0210624 par Thierry Martenon - Sculpture contemporaine | Artistics\",\"isPartOf\":{\"@id\":\"https:\\\/\\\/artistics.com\\\/fr\\\/#website\"},\"primaryImageOfPage\":{\"@id\":\"https:\\\/\\\/artistics.com\\\/fr\\\/oeuvre\\\/n210624\\\/#primaryimage\"},\"image\":{\"@id\":\"https:\\\/\\\/artistics.com\\\/fr\\\/oeuvre\\\/n210624\\\/#primaryimage\"},\"thumbnailUrl\":\"https:\\\/\\\/artistics.com\\\/wp-content\\\/uploads\\\/2025\\\/04\\\/210624-large-wood-sculpture-by-thierry-martenon-2.jpg\",\"datePublished\":\"2025-04-17T15:17:38+00:00\",\"dateModified\":\"2025-04-17T15:41:37+00:00\",\"description\":\"n\u00b0210624 par Thierry Martenon - achetez en ligne cette \u0153uvre d\u2019art originale avec son certificat d\u2019authenticit\u00e9 et b\u00e9n\u00e9ficiez de notre service premium.\",\"breadcrumb\":{\"@id\":\"https:\\\/\\\/artistics.com\\\/fr\\\/oeuvre\\\/n210624\\\/#breadcrumb\"},\"inLanguage\":\"fr-FR\",\"potentialAction\":[{\"@type\":\"ReadAction\",\"target\":[\"https:\\\/\\\/artistics.com\\\/fr\\\/oeuvre\\\/n210624\\\/\"]}]},{\"@type\":\"ImageObject\",\"inLanguage\":\"fr-FR\",\"@id\":\"https:\\\/\\\/artistics.com\\\/fr\\\/oeuvre\\\/n210624\\\/#primaryimage\",\"url\":\"https:\\\/\\\/artistics.com\\\/wp-content\\\/uploads\\\/2025\\\/04\\\/210624-large-wood-sculpture-by-thierry-martenon-2.jpg\",\"contentUrl\":\"https:\\\/\\\/artistics.com\\\/wp-content\\\/uploads\\\/2025\\\/04\\\/210624-large-wood-sculpture-by-thierry-martenon-2.jpg\",\"width\":2560,\"height\":1920},{\"@type\":\"BreadcrumbList\",\"@id\":\"https:\\\/\\\/artistics.com\\\/fr\\\/oeuvre\\\/n210624\\\/#breadcrumb\",\"itemListElement\":[{\"@type\":\"ListItem\",\"position\":1,\"name\":\"Achat \u0153uvre d'art\",\"item\":\"https:\\\/\\\/artistics.com\\\/fr\\\/\"},{\"@type\":\"ListItem\",\"position\":2,\"name\":\"Galerie\",\"item\":\"https:\\\/\\\/artistics.com\\\/fr\\\/galerie\\\/\"},{\"@type\":\"ListItem\",\"position\":3,\"name\":\"Sculpture contemporaine\",\"item\":\"https:\\\/\\\/artistics.com\\\/fr\\\/categorie-oeuvre\\\/sculpture-contemporaine\\\/\"},{\"@type\":\"ListItem\",\"position\":4,\"name\":\"n\u00b0210624\"}]},{\"@type\":\"WebSite\",\"@id\":\"https:\\\/\\\/artistics.com\\\/fr\\\/#website\",\"url\":\"https:\\\/\\\/artistics.com\\\/fr\\\/\",\"name\":\"Artistics\",\"description\":\"The online art gallery\",\"publisher\":{\"@id\":\"https:\\\/\\\/artistics.com\\\/fr\\\/#organization\"},\"potentialAction\":[{\"@type\":\"SearchAction\",\"target\":{\"@type\":\"EntryPoint\",\"urlTemplate\":\"https:\\\/\\\/artistics.com\\\/fr\\\/?s={search_term_string}\"},\"query-input\":{\"@type\":\"PropertyValueSpecification\",\"valueRequired\":true,\"valueName\":\"search_term_string\"}}],\"inLanguage\":\"fr-FR\"},{\"@type\":\"Organization\",\"@id\":\"https:\\\/\\\/artistics.com\\\/fr\\\/#organization\",\"name\":\"Artistics\",\"url\":\"https:\\\/\\\/artistics.com\\\/fr\\\/\",\"logo\":{\"@type\":\"ImageObject\",\"inLanguage\":\"fr-FR\",\"@id\":\"https:\\\/\\\/artistics.com\\\/fr\\\/#\\\/schema\\\/logo\\\/image\\\/\",\"url\":\"https:\\\/\\\/artistics.com\\\/wp-content\\\/uploads\\\/2023\\\/02\\\/artistics-logo-web-1.svg\",\"contentUrl\":\"https:\\\/\\\/artistics.com\\\/wp-content\\\/uploads\\\/2023\\\/02\\\/artistics-logo-web-1.svg\",\"caption\":\"Artistics\"},\"image\":{\"@id\":\"https:\\\/\\\/artistics.com\\\/fr\\\/#\\\/schema\\\/logo\\\/image\\\/\"},\"sameAs\":[\"https:\\\/\\\/www.facebook.com\\\/ArtisticsMag\",\"https:\\\/\\\/x.com\\\/Artistics_FR\",\"http:\\\/\\\/www.linkedin.com\\\/company\\\/artistics\",\"https:\\\/\\\/www.instagram.com\\\/artistics_com\\\/\",\"http:\\\/\\\/www.pinterest.com\\\/ArtisticsMag\"],\"hasMerchantReturnPolicy\":{\"@type\":\"MerchantReturnPolicy\",\"merchantReturnLink\":\"https:\\\/\\\/artistics.com\\\/free-return-policy\\\/\"}}]}<\/script>\n<meta property=\"product:price:amount\" content=\"56800\" \/>\n<meta property=\"product:price:currency\" content=\"EUR\" \/>\n<meta property=\"og:availability\" content=\"instock\" \/>\n<meta property=\"product:availability\" content=\"instock\" \/>\n<meta property=\"product:condition\" content=\"new\" \/>\n<!-- \/ Yoast SEO Premium plugin. -->","yoast_head_json":{"title":"n\u00b0210624 par Thierry Martenon - Sculpture contemporaine | Artistics","description":"n\u00b0210624 par Thierry Martenon - achetez en ligne cette \u0153uvre d\u2019art originale avec son certificat d\u2019authenticit\u00e9 et b\u00e9n\u00e9ficiez de notre service premium.","robots":{"index":"index","follow":"follow","max-snippet":"max-snippet:-1","max-image-preview":"max-image-preview:large","max-video-preview":"max-video-preview:-1"},"canonical":"https:\/\/artistics.com\/fr\/oeuvre\/n210624\/","og_locale":"fr_FR","og_type":"article","og_title":"n\u00b0210624","og_description":"n\u00b0210624 par Thierry Martenon - achetez en ligne cette \u0153uvre d\u2019art originale avec son certificat d\u2019authenticit\u00e9 et b\u00e9n\u00e9ficiez de notre service premium.","og_url":"https:\/\/artistics.com\/fr\/oeuvre\/n210624\/","og_site_name":"Artistics","article_publisher":"https:\/\/www.facebook.com\/ArtisticsMag","article_modified_time":"2025-04-17T15:41:37+00:00","og_image":[{"width":2560,"height":1920,"url":"https:\/\/artistics.com\/wp-content\/uploads\/2025\/04\/210624-large-wood-sculpture-by-thierry-martenon-2.jpg","type":"image\/jpeg"}],"twitter_card":"summary_large_image","twitter_site":"@Artistics_FR","twitter_misc":{"Prix":"56 800&nbsp;&euro;","Disponibilit\u00e9":"En stock"},"schema":{"@context":"https:\/\/schema.org","@graph":[{"@type":["WebPage","ItemPage"],"@id":"https:\/\/artistics.com\/fr\/oeuvre\/n210624\/","url":"https:\/\/artistics.com\/fr\/oeuvre\/n210624\/","name":"n\u00b0210624 par Thierry Martenon - Sculpture contemporaine | Artistics","isPartOf":{"@id":"https:\/\/artistics.com\/fr\/#website"},"primaryImageOfPage":{"@id":"https:\/\/artistics.com\/fr\/oeuvre\/n210624\/#primaryimage"},"image":{"@id":"https:\/\/artistics.com\/fr\/oeuvre\/n210624\/#primaryimage"},"thumbnailUrl":"https:\/\/artistics.com\/wp-content\/uploads\/2025\/04\/210624-large-wood-sculpture-by-thierry-martenon-2.jpg","datePublished":"2025-04-17T15:17:38+00:00","dateModified":"2025-04-17T15:41:37+00:00","description":"n\u00b0210624 par Thierry Martenon - achetez en ligne cette \u0153uvre d\u2019art originale avec son certificat d\u2019authenticit\u00e9 et b\u00e9n\u00e9ficiez de notre service premium.","breadcrumb":{"@id":"https:\/\/artistics.com\/fr\/oeuvre\/n210624\/#breadcrumb"},"inLanguage":"fr-FR","potentialAction":[{"@type":"ReadAction","target":["https:\/\/artistics.com\/fr\/oeuvre\/n210624\/"]}]},{"@type":"ImageObject","inLanguage":"fr-FR","@id":"https:\/\/artistics.com\/fr\/oeuvre\/n210624\/#primaryimage","url":"https:\/\/artistics.com\/wp-content\/uploads\/2025\/04\/210624-large-wood-sculpture-by-thierry-martenon-2.jpg","contentUrl":"https:\/\/artistics.com\/wp-content\/uploads\/2025\/04\/210624-large-wood-sculpture-by-thierry-martenon-2.jpg","width":2560,"height":1920},{"@type":"BreadcrumbList","@id":"https:\/\/artistics.com\/fr\/oeuvre\/n210624\/#breadcrumb","itemListElement":[{"@type":"ListItem","position":1,"name":"Achat \u0153uvre d'art","item":"https:\/\/artistics.com\/fr\/"},{"@type":"ListItem","position":2,"name":"Galerie","item":"https:\/\/artistics.com\/fr\/galerie\/"},{"@type":"ListItem","position":3,"name":"Sculpture contemporaine","item":"https:\/\/artistics.com\/fr\/categorie-oeuvre\/sculpture-contemporaine\/"},{"@type":"ListItem","position":4,"name":"n\u00b0210624"}]},{"@type":"WebSite","@id":"https:\/\/artistics.com\/fr\/#website","url":"https:\/\/artistics.com\/fr\/","name":"Artistics","description":"The online art gallery","publisher":{"@id":"https:\/\/artistics.com\/fr\/#organization"},"potentialAction":[{"@type":"SearchAction","target":{"@type":"EntryPoint","urlTemplate":"https:\/\/artistics.com\/fr\/?s={search_term_string}"},"query-input":{"@type":"PropertyValueSpecification","valueRequired":true,"valueName":"search_term_string"}}],"inLanguage":"fr-FR"},{"@type":"Organization","@id":"https:\/\/artistics.com\/fr\/#organization","name":"Artistics","url":"https:\/\/artistics.com\/fr\/","logo":{"@type":"ImageObject","inLanguage":"fr-FR","@id":"https:\/\/artistics.com\/fr\/#\/schema\/logo\/image\/","url":"https:\/\/artistics.com\/wp-content\/uploads\/2023\/02\/artistics-logo-web-1.svg","contentUrl":"https:\/\/artistics.com\/wp-content\/uploads\/2023\/02\/artistics-logo-web-1.svg","caption":"Artistics"},"image":{"@id":"https:\/\/artistics.com\/fr\/#\/schema\/logo\/image\/"},"sameAs":["https:\/\/www.facebook.com\/ArtisticsMag","https:\/\/x.com\/Artistics_FR","http:\/\/www.linkedin.com\/company\/artistics","https:\/\/www.instagram.com\/artistics_com\/","http:\/\/www.pinterest.com\/ArtisticsMag"],"hasMerchantReturnPolicy":{"@type":"MerchantReturnPolicy","merchantReturnLink":"https:\/\/artistics.com\/free-return-policy\/"}}]},"product_price_amount":"56800","product_price_currency":"EUR","og_availability":"instock","product_availability":"instock","product_condition":"new"},"_links":{"self":[{"href":"https:\/\/artistics.com\/fr\/wp-json\/wp\/v2\/product\/78790","targetHints":{"allow":["GET"]}}],"collection":[{"href":"https:\/\/artistics.com\/fr\/wp-json\/wp\/v2\/product"}],"about":[{"href":"https:\/\/artistics.com\/fr\/wp-json\/wp\/v2\/types\/product"}],"acf:term":[{"embeddable":true,"taxonomy":"series","href":"https:\/\/artistics.com\/fr\/wp-json\/wp\/v2\/series\/2509"},{"embeddable":true,"taxonomy":"product_tag","href":"https:\/\/artistics.com\/fr\/wp-json\/wp\/v2\/product_tag\/368"},{"embeddable":true,"taxonomy":"product_tag","href":"https:\/\/artistics.com\/fr\/wp-json\/wp\/v2\/product_tag\/540"},{"embeddable":true,"taxonomy":"product_cat","href":"https:\/\/artistics.com\/fr\/wp-json\/wp\/v2\/product_cat\/238"},{"embeddable":true,"taxonomy":"product_cat","href":"https:\/\/artistics.com\/fr\/wp-json\/wp\/v2\/product_cat\/215"},{"embeddable":true,"taxonomy":"product_cat","href":"https:\/\/artistics.com\/fr\/wp-json\/wp\/v2\/product_cat\/189"},{"embeddable":true,"taxonomy":"product_cat","href":"https:\/\/artistics.com\/fr\/wp-json\/wp\/v2\/product_cat\/428"},{"embeddable":true,"taxonomy":"product_cat","href":"https:\/\/artistics.com\/fr\/wp-json\/wp\/v2\/product_cat\/2491"},{"embeddable":true,"taxonomy":"product_cat","href":"https:\/\/artistics.com\/fr\/wp-json\/wp\/v2\/product_cat\/204"},{"embeddable":true,"taxonomy":"product_cat","href":"https:\/\/artistics.com\/fr\/wp-json\/wp\/v2\/product_cat\/210"},{"embeddable":true,"taxonomy":"product_cat","href":"https:\/\/artistics.com\/fr\/wp-json\/wp\/v2\/product_cat\/423"},{"embeddable":true,"taxonomy":"product_cat","href":"https:\/\/artistics.com\/fr\/wp-json\/wp\/v2\/product_cat\/164"}],"acf:post":[{"embeddable":true,"href":"https:\/\/artistics.com\/fr\/wp-json\/wp\/v2\/artist\/78405"}],"wp:featuredmedia":[{"embeddable":true,"href":"https:\/\/artistics.com\/fr\/wp-json\/wp\/v2\/media\/78752"}],"wp:attachment":[{"href":"https:\/\/artistics.com\/fr\/wp-json\/wp\/v2\/media?parent=78790"}],"wp:term":[{"taxonomy":"product_cat","embeddable":true,"href":"https:\/\/artistics.com\/fr\/wp-json\/wp\/v2\/product_cat?post=78790"},{"taxonomy":"product_tag","embeddable":true,"href":"https:\/\/artistics.com\/fr\/wp-json\/wp\/v2\/product_tag?post=78790"},{"taxonomy":"series","embeddable":true,"href":"https:\/\/artistics.com\/fr\/wp-json\/wp\/v2\/series?post=78790"}],"curies":[{"name":"wp","href":"https:\/\/api.w.org\/{rel}","templated":true}]}}