{"id":78375,"date":"2025-04-04T15:51:55","date_gmt":"2025-04-04T13:51:55","guid":{"rendered":"https:\/\/artistics.com\/?post_type=product&#038;p=78375"},"modified":"2025-04-07T11:54:50","modified_gmt":"2025-04-07T09:54:50","slug":"installation-de-6-photographies-de-la-serie-the-bog-islands","status":"publish","type":"product","link":"https:\/\/artistics.com\/fr\/oeuvre\/installation-de-6-photographies-de-la-serie-the-bog-islands\/","title":{"rendered":"Installation de 6 photographies de la s\u00e9rie The Bog Islands"},"content":{"rendered":"","protected":false},"excerpt":{"rendered":"","protected":false},"featured_media":78336,"template":"","meta":{"_acf_changed":false,"_searchwp_excluded":"","inline_featured_image":false},"product_cat":[163,194,198,202,216,228,235],"product_tag":[563,540],"series":[2075],"class_list":{"0":"post-78375","1":"product","2":"type-product","3":"status-publish","4":"has-post-thumbnail","6":"product_cat-photographie-contemporaine","7":"product_cat-nature-et-paysage","8":"product_cat-vues-aeriennes","9":"product_cat-photographie-nature-et-paysage","10":"product_cat-moyen","11":"product_cat-couleurs-vives","12":"product_cat-de-1000-a-3000-e","13":"product_tag-bleu","14":"product_tag-installation-fr","15":"series-bernhard-lang-the-bog-fr","17":"first","18":"instock","19":"taxable","20":"shipping-taxable","21":"purchasable","22":"product-type-simple"},"acf":{"artwork_artist":[2780],"artwork_medium":163,"artwork_categories":[202,198],"artwork_overall-tones":[228],"artwork_main-material":[],"artwork_art-genre":[194],"artwork_art-movement":[],"artwork_miscellaneous":[],"artwork_formats":[216],"artwork_price-ranges":[235],"artwork_main_subject":[],"artwork_technique":[540],"artwork_featured_location":[],"artwork_dominant_color":[563],"artwork_physical_attributes":[],"artwork_creation_date":"20220101","artwork_unique_piece":false,"artwork_description":"Tirage pigmentaire sur papier Fine Art Hahnem\u00fchle","artwork_signature":"\u0152uvre sign\u00e9e","artwork_authenticity":"L\u2019\u0153uvre est vendue avec un certificat d\u2019authenticit\u00e9 sign\u00e9 par l\u2019artiste.","artwork_framing":"unframed","artwork_has_custom_framing_info":false,"artwork_custom_framing_info":"Not specified","artwork_location_country":"","artwork_location_city":"","artwork_location_zipcode":"","artwork_shipment_type":"2D_rolled_artwork","artwork_shipping_delivery":"photography_production_time","artwork_has_custom_shipping_delivery_info":false,"artwork_custom_shipping_delivery_info":"Not specified","artwork_360_view_url":"","artwork_video_url":"","artwork_video_format":[],"artwork_preview_type":"auto","artwork_reserved":false,"artwork_hide_price":false,"artwork_about":"<strong><em>Installation de 6 photographies de la s\u00e9rie The Bog Islands <\/em><\/strong>est un ensemble de 6 photographies r\u00e9alis\u00e9es par l\u2019artiste contemporain allemand Bernhard Lang.\r\n\r\nCes photographies a\u00e9riennes font partie de la s\u00e9rie \u00ab The Bog Islands \u00bb, pr\u00e9sentant de petites \u00eeles dans les lacs mar\u00e9cageux estoniens. Ces \u00eeles, mesurant de 1 \u00e0 3 m\u00e8tres, pr\u00e9sentent diverses plantes, de petits arbres et parfois des plumes d\u2019oiseaux. Chaque \u00eele a une apparence unique. Les marais d\u2019Estonie sont \u00e9nigmatiques, vastes et vierges, et offrent des surprises inattendues. Vus d\u2019en haut, ces paysages sont psych\u00e9d\u00e9liques et po\u00e9tiques. Ces marais sont souvent prot\u00e9g\u00e9s par des parcs nationaux tels que le parc national de Lahemaa. Les anciennes zones d\u2019extraction de la tourbe sont reconverties en marais, mais l\u2019extraction de la tourbe \u00e0 grande \u00e9chelle en Estonie d\u00e9truit les tourbi\u00e8res naturelles. Les tourbi\u00e8res sont tr\u00e8s importantes pour le stockage du dioxyde de carbone, car elles ont la capacit\u00e9 de stocker six fois plus de CO2 que les for\u00eats.\r\n\r\nDepuis 2010, Bernhard Lang s\u2019est consacr\u00e9 \u00e0 la photographie a\u00e9rienne. Il parcourt le monde \u00e0 la recherche de paysages singuliers fortement marqu\u00e9s par l\u2019empreinte de l\u2019homme, qu\u2019il photographie en adoptant un point de vue le plus souvent vertical, depuis un ULM ou un h\u00e9licopt\u00e8re. Vus du ciel, ces panoramas ressemblent presque \u00e0 des tableaux abstraits. Pleinement inscrit dans le domaine de l\u2019art contemporain, son travail cherche \u00e0 provoquer une r\u00e9flexion environnementale tout en procurant un plaisir esth\u00e9tique.\r\n\r\nLes tirages en \u00e9dition limit\u00e9e de cette s\u00e9rie sont disponibles en trois formats, sign\u00e9s et num\u00e9rot\u00e9s par l\u2019artiste. Les prix indiqu\u00e9s s\u2019appliquent au tirage uniquement, non mont\u00e9 et non encadr\u00e9. Pour toute demande particuli\u00e8re concernant le montage ou l\u2019encadrement, merci de nous contacter.\r\n\r\nLes dimensions de chaque \u0153uvre de l'installation sont de 50 x 37,5 cm.","artwork_series":[2075],"artwork_query_group":"10","artwork_lowest_grid_position":1,"artwork_random_position":3089017,"explicit_sensitive_content":false,"drupal_id":""},"yoast_head":"<!-- This site is optimized with the Yoast SEO Premium plugin v27.3 (Yoast SEO v27.3) - https:\/\/yoast.com\/product\/yoast-seo-premium-wordpress\/ -->\n<title>Installation de 6 photographies de la s\u00e9rie The Bog Islands par Bernhard Lang - Photographie contemporaine | Artistics<\/title>\n<meta name=\"description\" content=\"Installation de 6 photographies de la s\u00e9rie The Bog Islands par Bernhard Lang - achetez en ligne cette \u0153uvre d\u2019art originale avec son certificat d\u2019authenticit\u00e9 et b\u00e9n\u00e9ficiez de notre service premium.\" \/>\n<meta name=\"robots\" content=\"index, follow, max-snippet:-1, max-image-preview:large, max-video-preview:-1\" \/>\n<link rel=\"canonical\" href=\"https:\/\/artistics.com\/fr\/oeuvre\/installation-de-6-photographies-de-la-serie-the-bog-islands\/\" \/>\n<meta property=\"og:locale\" content=\"fr_FR\" \/>\n<meta property=\"og:type\" content=\"article\" \/>\n<meta property=\"og:title\" content=\"Installation de 6 photographies de la s\u00e9rie The Bog Islands\" \/>\n<meta property=\"og:description\" content=\"Installation de 6 photographies de la s\u00e9rie The Bog Islands par Bernhard Lang - achetez en ligne cette \u0153uvre d\u2019art originale avec son certificat d\u2019authenticit\u00e9 et b\u00e9n\u00e9ficiez de notre service premium.\" \/>\n<meta property=\"og:url\" content=\"https:\/\/artistics.com\/fr\/oeuvre\/installation-de-6-photographies-de-la-serie-the-bog-islands\/\" \/>\n<meta property=\"og:site_name\" content=\"Artistics\" \/>\n<meta property=\"article:publisher\" content=\"https:\/\/www.facebook.com\/ArtisticsMag\" \/>\n<meta property=\"article:modified_time\" content=\"2025-04-07T09:54:50+00:00\" \/>\n<meta property=\"og:image\" content=\"https:\/\/artistics.com\/wp-content\/uploads\/2025\/04\/installation-of-6-photos-from-the-bog-series-photograph-aerial-photography-by-bernhard-lang-1.jpg\" \/>\n\t<meta property=\"og:image:width\" content=\"2560\" \/>\n\t<meta property=\"og:image:height\" content=\"1311\" \/>\n\t<meta property=\"og:image:type\" content=\"image\/jpeg\" \/>\n<meta name=\"twitter:card\" content=\"summary_large_image\" \/>\n<meta name=\"twitter:site\" content=\"@Artistics_FR\" \/>\n<meta name=\"twitter:label1\" content=\"Prix\" \/>\n\t<meta name=\"twitter:data1\" content=\"3 100&nbsp;&euro;\" \/>\n\t<meta name=\"twitter:label2\" content=\"Disponibilit\u00e9\" \/>\n\t<meta name=\"twitter:data2\" content=\"En stock\" \/>\n<script type=\"application\/ld+json\" class=\"yoast-schema-graph\">{\"@context\":\"https:\\\/\\\/schema.org\",\"@graph\":[{\"@type\":[\"WebPage\",\"ItemPage\"],\"@id\":\"https:\\\/\\\/artistics.com\\\/fr\\\/oeuvre\\\/installation-de-6-photographies-de-la-serie-the-bog-islands\\\/\",\"url\":\"https:\\\/\\\/artistics.com\\\/fr\\\/oeuvre\\\/installation-de-6-photographies-de-la-serie-the-bog-islands\\\/\",\"name\":\"Installation de 6 photographies de la s\u00e9rie The Bog Islands par Bernhard Lang - Photographie contemporaine | Artistics\",\"isPartOf\":{\"@id\":\"https:\\\/\\\/artistics.com\\\/fr\\\/#website\"},\"primaryImageOfPage\":{\"@id\":\"https:\\\/\\\/artistics.com\\\/fr\\\/oeuvre\\\/installation-de-6-photographies-de-la-serie-the-bog-islands\\\/#primaryimage\"},\"image\":{\"@id\":\"https:\\\/\\\/artistics.com\\\/fr\\\/oeuvre\\\/installation-de-6-photographies-de-la-serie-the-bog-islands\\\/#primaryimage\"},\"thumbnailUrl\":\"https:\\\/\\\/artistics.com\\\/wp-content\\\/uploads\\\/2025\\\/04\\\/installation-of-6-photos-from-the-bog-series-photograph-aerial-photography-by-bernhard-lang-1.jpg\",\"datePublished\":\"2025-04-04T13:51:55+00:00\",\"dateModified\":\"2025-04-07T09:54:50+00:00\",\"description\":\"Installation de 6 photographies de la s\u00e9rie The Bog Islands par Bernhard Lang - achetez en ligne cette \u0153uvre d\u2019art originale avec son certificat d\u2019authenticit\u00e9 et b\u00e9n\u00e9ficiez de notre service premium.\",\"breadcrumb\":{\"@id\":\"https:\\\/\\\/artistics.com\\\/fr\\\/oeuvre\\\/installation-de-6-photographies-de-la-serie-the-bog-islands\\\/#breadcrumb\"},\"inLanguage\":\"fr-FR\",\"potentialAction\":[{\"@type\":\"ReadAction\",\"target\":[\"https:\\\/\\\/artistics.com\\\/fr\\\/oeuvre\\\/installation-de-6-photographies-de-la-serie-the-bog-islands\\\/\"]}]},{\"@type\":\"ImageObject\",\"inLanguage\":\"fr-FR\",\"@id\":\"https:\\\/\\\/artistics.com\\\/fr\\\/oeuvre\\\/installation-de-6-photographies-de-la-serie-the-bog-islands\\\/#primaryimage\",\"url\":\"https:\\\/\\\/artistics.com\\\/wp-content\\\/uploads\\\/2025\\\/04\\\/installation-of-6-photos-from-the-bog-series-photograph-aerial-photography-by-bernhard-lang-1.jpg\",\"contentUrl\":\"https:\\\/\\\/artistics.com\\\/wp-content\\\/uploads\\\/2025\\\/04\\\/installation-of-6-photos-from-the-bog-series-photograph-aerial-photography-by-bernhard-lang-1.jpg\",\"width\":2560,\"height\":1311},{\"@type\":\"BreadcrumbList\",\"@id\":\"https:\\\/\\\/artistics.com\\\/fr\\\/oeuvre\\\/installation-de-6-photographies-de-la-serie-the-bog-islands\\\/#breadcrumb\",\"itemListElement\":[{\"@type\":\"ListItem\",\"position\":1,\"name\":\"Achat \u0153uvre d'art\",\"item\":\"https:\\\/\\\/artistics.com\\\/fr\\\/\"},{\"@type\":\"ListItem\",\"position\":2,\"name\":\"Galerie\",\"item\":\"https:\\\/\\\/artistics.com\\\/fr\\\/galerie\\\/\"},{\"@type\":\"ListItem\",\"position\":3,\"name\":\"Photographie contemporaine\",\"item\":\"https:\\\/\\\/artistics.com\\\/fr\\\/categorie-oeuvre\\\/photographie-contemporaine\\\/\"},{\"@type\":\"ListItem\",\"position\":4,\"name\":\"Installation de 6 photographies de la s\u00e9rie The Bog Islands\"}]},{\"@type\":\"WebSite\",\"@id\":\"https:\\\/\\\/artistics.com\\\/fr\\\/#website\",\"url\":\"https:\\\/\\\/artistics.com\\\/fr\\\/\",\"name\":\"Artistics\",\"description\":\"The online art gallery\",\"publisher\":{\"@id\":\"https:\\\/\\\/artistics.com\\\/fr\\\/#organization\"},\"potentialAction\":[{\"@type\":\"SearchAction\",\"target\":{\"@type\":\"EntryPoint\",\"urlTemplate\":\"https:\\\/\\\/artistics.com\\\/fr\\\/?s={search_term_string}\"},\"query-input\":{\"@type\":\"PropertyValueSpecification\",\"valueRequired\":true,\"valueName\":\"search_term_string\"}}],\"inLanguage\":\"fr-FR\"},{\"@type\":\"Organization\",\"@id\":\"https:\\\/\\\/artistics.com\\\/fr\\\/#organization\",\"name\":\"Artistics\",\"url\":\"https:\\\/\\\/artistics.com\\\/fr\\\/\",\"logo\":{\"@type\":\"ImageObject\",\"inLanguage\":\"fr-FR\",\"@id\":\"https:\\\/\\\/artistics.com\\\/fr\\\/#\\\/schema\\\/logo\\\/image\\\/\",\"url\":\"https:\\\/\\\/artistics.com\\\/wp-content\\\/uploads\\\/2023\\\/02\\\/artistics-logo-web-1.svg\",\"contentUrl\":\"https:\\\/\\\/artistics.com\\\/wp-content\\\/uploads\\\/2023\\\/02\\\/artistics-logo-web-1.svg\",\"caption\":\"Artistics\"},\"image\":{\"@id\":\"https:\\\/\\\/artistics.com\\\/fr\\\/#\\\/schema\\\/logo\\\/image\\\/\"},\"sameAs\":[\"https:\\\/\\\/www.facebook.com\\\/ArtisticsMag\",\"https:\\\/\\\/x.com\\\/Artistics_FR\",\"http:\\\/\\\/www.linkedin.com\\\/company\\\/artistics\",\"https:\\\/\\\/www.instagram.com\\\/artistics_com\\\/\",\"http:\\\/\\\/www.pinterest.com\\\/ArtisticsMag\"],\"hasMerchantReturnPolicy\":{\"@type\":\"MerchantReturnPolicy\",\"merchantReturnLink\":\"https:\\\/\\\/artistics.com\\\/free-return-policy\\\/\"}}]}<\/script>\n<meta property=\"product:price:amount\" content=\"3100\" \/>\n<meta property=\"product:price:currency\" content=\"EUR\" \/>\n<meta property=\"og:availability\" content=\"instock\" \/>\n<meta property=\"product:availability\" content=\"instock\" \/>\n<meta property=\"product:condition\" content=\"new\" \/>\n<!-- \/ Yoast SEO Premium plugin. -->","yoast_head_json":{"title":"Installation de 6 photographies de la s\u00e9rie The Bog Islands par Bernhard Lang - Photographie contemporaine | Artistics","description":"Installation de 6 photographies de la s\u00e9rie The Bog Islands par Bernhard Lang - achetez en ligne cette \u0153uvre d\u2019art originale avec son certificat d\u2019authenticit\u00e9 et b\u00e9n\u00e9ficiez de notre service premium.","robots":{"index":"index","follow":"follow","max-snippet":"max-snippet:-1","max-image-preview":"max-image-preview:large","max-video-preview":"max-video-preview:-1"},"canonical":"https:\/\/artistics.com\/fr\/oeuvre\/installation-de-6-photographies-de-la-serie-the-bog-islands\/","og_locale":"fr_FR","og_type":"article","og_title":"Installation de 6 photographies de la s\u00e9rie The Bog Islands","og_description":"Installation de 6 photographies de la s\u00e9rie The Bog Islands par Bernhard Lang - achetez en ligne cette \u0153uvre d\u2019art originale avec son certificat d\u2019authenticit\u00e9 et b\u00e9n\u00e9ficiez de notre service premium.","og_url":"https:\/\/artistics.com\/fr\/oeuvre\/installation-de-6-photographies-de-la-serie-the-bog-islands\/","og_site_name":"Artistics","article_publisher":"https:\/\/www.facebook.com\/ArtisticsMag","article_modified_time":"2025-04-07T09:54:50+00:00","og_image":[{"width":2560,"height":1311,"url":"https:\/\/artistics.com\/wp-content\/uploads\/2025\/04\/installation-of-6-photos-from-the-bog-series-photograph-aerial-photography-by-bernhard-lang-1.jpg","type":"image\/jpeg"}],"twitter_card":"summary_large_image","twitter_site":"@Artistics_FR","twitter_misc":{"Prix":"3 100&nbsp;&euro;","Disponibilit\u00e9":"En stock"},"schema":{"@context":"https:\/\/schema.org","@graph":[{"@type":["WebPage","ItemPage"],"@id":"https:\/\/artistics.com\/fr\/oeuvre\/installation-de-6-photographies-de-la-serie-the-bog-islands\/","url":"https:\/\/artistics.com\/fr\/oeuvre\/installation-de-6-photographies-de-la-serie-the-bog-islands\/","name":"Installation de 6 photographies de la s\u00e9rie The Bog Islands par Bernhard Lang - Photographie contemporaine | Artistics","isPartOf":{"@id":"https:\/\/artistics.com\/fr\/#website"},"primaryImageOfPage":{"@id":"https:\/\/artistics.com\/fr\/oeuvre\/installation-de-6-photographies-de-la-serie-the-bog-islands\/#primaryimage"},"image":{"@id":"https:\/\/artistics.com\/fr\/oeuvre\/installation-de-6-photographies-de-la-serie-the-bog-islands\/#primaryimage"},"thumbnailUrl":"https:\/\/artistics.com\/wp-content\/uploads\/2025\/04\/installation-of-6-photos-from-the-bog-series-photograph-aerial-photography-by-bernhard-lang-1.jpg","datePublished":"2025-04-04T13:51:55+00:00","dateModified":"2025-04-07T09:54:50+00:00","description":"Installation de 6 photographies de la s\u00e9rie The Bog Islands par Bernhard Lang - achetez en ligne cette \u0153uvre d\u2019art originale avec son certificat d\u2019authenticit\u00e9 et b\u00e9n\u00e9ficiez de notre service premium.","breadcrumb":{"@id":"https:\/\/artistics.com\/fr\/oeuvre\/installation-de-6-photographies-de-la-serie-the-bog-islands\/#breadcrumb"},"inLanguage":"fr-FR","potentialAction":[{"@type":"ReadAction","target":["https:\/\/artistics.com\/fr\/oeuvre\/installation-de-6-photographies-de-la-serie-the-bog-islands\/"]}]},{"@type":"ImageObject","inLanguage":"fr-FR","@id":"https:\/\/artistics.com\/fr\/oeuvre\/installation-de-6-photographies-de-la-serie-the-bog-islands\/#primaryimage","url":"https:\/\/artistics.com\/wp-content\/uploads\/2025\/04\/installation-of-6-photos-from-the-bog-series-photograph-aerial-photography-by-bernhard-lang-1.jpg","contentUrl":"https:\/\/artistics.com\/wp-content\/uploads\/2025\/04\/installation-of-6-photos-from-the-bog-series-photograph-aerial-photography-by-bernhard-lang-1.jpg","width":2560,"height":1311},{"@type":"BreadcrumbList","@id":"https:\/\/artistics.com\/fr\/oeuvre\/installation-de-6-photographies-de-la-serie-the-bog-islands\/#breadcrumb","itemListElement":[{"@type":"ListItem","position":1,"name":"Achat \u0153uvre d'art","item":"https:\/\/artistics.com\/fr\/"},{"@type":"ListItem","position":2,"name":"Galerie","item":"https:\/\/artistics.com\/fr\/galerie\/"},{"@type":"ListItem","position":3,"name":"Photographie contemporaine","item":"https:\/\/artistics.com\/fr\/categorie-oeuvre\/photographie-contemporaine\/"},{"@type":"ListItem","position":4,"name":"Installation de 6 photographies de la s\u00e9rie The Bog Islands"}]},{"@type":"WebSite","@id":"https:\/\/artistics.com\/fr\/#website","url":"https:\/\/artistics.com\/fr\/","name":"Artistics","description":"The online art gallery","publisher":{"@id":"https:\/\/artistics.com\/fr\/#organization"},"potentialAction":[{"@type":"SearchAction","target":{"@type":"EntryPoint","urlTemplate":"https:\/\/artistics.com\/fr\/?s={search_term_string}"},"query-input":{"@type":"PropertyValueSpecification","valueRequired":true,"valueName":"search_term_string"}}],"inLanguage":"fr-FR"},{"@type":"Organization","@id":"https:\/\/artistics.com\/fr\/#organization","name":"Artistics","url":"https:\/\/artistics.com\/fr\/","logo":{"@type":"ImageObject","inLanguage":"fr-FR","@id":"https:\/\/artistics.com\/fr\/#\/schema\/logo\/image\/","url":"https:\/\/artistics.com\/wp-content\/uploads\/2023\/02\/artistics-logo-web-1.svg","contentUrl":"https:\/\/artistics.com\/wp-content\/uploads\/2023\/02\/artistics-logo-web-1.svg","caption":"Artistics"},"image":{"@id":"https:\/\/artistics.com\/fr\/#\/schema\/logo\/image\/"},"sameAs":["https:\/\/www.facebook.com\/ArtisticsMag","https:\/\/x.com\/Artistics_FR","http:\/\/www.linkedin.com\/company\/artistics","https:\/\/www.instagram.com\/artistics_com\/","http:\/\/www.pinterest.com\/ArtisticsMag"],"hasMerchantReturnPolicy":{"@type":"MerchantReturnPolicy","merchantReturnLink":"https:\/\/artistics.com\/free-return-policy\/"}}]},"product_price_amount":"3100","product_price_currency":"EUR","og_availability":"instock","product_availability":"instock","product_condition":"new"},"_links":{"self":[{"href":"https:\/\/artistics.com\/fr\/wp-json\/wp\/v2\/product\/78375","targetHints":{"allow":["GET"]}}],"collection":[{"href":"https:\/\/artistics.com\/fr\/wp-json\/wp\/v2\/product"}],"about":[{"href":"https:\/\/artistics.com\/fr\/wp-json\/wp\/v2\/types\/product"}],"acf:term":[{"embeddable":true,"taxonomy":"series","href":"https:\/\/artistics.com\/fr\/wp-json\/wp\/v2\/series\/2075"},{"embeddable":true,"taxonomy":"product_tag","href":"https:\/\/artistics.com\/fr\/wp-json\/wp\/v2\/product_tag\/563"},{"embeddable":true,"taxonomy":"product_tag","href":"https:\/\/artistics.com\/fr\/wp-json\/wp\/v2\/product_tag\/540"},{"embeddable":true,"taxonomy":"product_cat","href":"https:\/\/artistics.com\/fr\/wp-json\/wp\/v2\/product_cat\/235"},{"embeddable":true,"taxonomy":"product_cat","href":"https:\/\/artistics.com\/fr\/wp-json\/wp\/v2\/product_cat\/216"},{"embeddable":true,"taxonomy":"product_cat","href":"https:\/\/artistics.com\/fr\/wp-json\/wp\/v2\/product_cat\/194"},{"embeddable":true,"taxonomy":"product_cat","href":"https:\/\/artistics.com\/fr\/wp-json\/wp\/v2\/product_cat\/228"},{"embeddable":true,"taxonomy":"product_cat","href":"https:\/\/artistics.com\/fr\/wp-json\/wp\/v2\/product_cat\/198"},{"embeddable":true,"taxonomy":"product_cat","href":"https:\/\/artistics.com\/fr\/wp-json\/wp\/v2\/product_cat\/202"},{"embeddable":true,"taxonomy":"product_cat","href":"https:\/\/artistics.com\/fr\/wp-json\/wp\/v2\/product_cat\/163"}],"acf:post":[{"embeddable":true,"href":"https:\/\/artistics.com\/fr\/wp-json\/wp\/v2\/artist\/2780"}],"wp:featuredmedia":[{"embeddable":true,"href":"https:\/\/artistics.com\/fr\/wp-json\/wp\/v2\/media\/78336"}],"wp:attachment":[{"href":"https:\/\/artistics.com\/fr\/wp-json\/wp\/v2\/media?parent=78375"}],"wp:term":[{"taxonomy":"product_cat","embeddable":true,"href":"https:\/\/artistics.com\/fr\/wp-json\/wp\/v2\/product_cat?post=78375"},{"taxonomy":"product_tag","embeddable":true,"href":"https:\/\/artistics.com\/fr\/wp-json\/wp\/v2\/product_tag?post=78375"},{"taxonomy":"series","embeddable":true,"href":"https:\/\/artistics.com\/fr\/wp-json\/wp\/v2\/series?post=78375"}],"curies":[{"name":"wp","href":"https:\/\/api.w.org\/{rel}","templated":true}]}}