{"id":75861,"date":"2025-02-03T09:45:57","date_gmt":"2025-02-03T08:45:57","guid":{"rendered":"https:\/\/artistics.com\/?post_type=product&#038;p=75861"},"modified":"2025-02-04T13:52:31","modified_gmt":"2025-02-04T12:52:31","slug":"shadow-under-the-willow-tree","status":"publish","type":"product","link":"https:\/\/artistics.com\/fr\/oeuvre\/shadow-under-the-willow-tree\/","title":{"rendered":"Shadow under the Willow Tree"},"content":{"rendered":"","protected":false},"excerpt":{"rendered":"","protected":false},"featured_media":75890,"template":"","meta":{"_acf_changed":false,"_searchwp_excluded":"","inline_featured_image":false},"product_cat":[2598,2598,162,162,172,170,170,172,190,192,194,215,228,215,192,190,194,228,238,238],"product_tag":[2492,2492,515,515,2500,572,354,342,2500,354,572,342],"series":[2457],"class_list":{"0":"post-75861","1":"product","2":"type-product","3":"status-publish","4":"has-post-thumbnail","6":"product_cat-peinture-animaliere","8":"product_cat-peinture-contemporaine","10":"product_cat-tableau-nature-et-paysage","11":"product_cat-peinture-figurative","14":"product_cat-animal","15":"product_cat-art-figuratif","16":"product_cat-nature-et-paysage","17":"product_cat-grand","18":"product_cat-couleurs-vives","24":"product_cat-plus-de-10-000-e","26":"product_tag-art-acrylique","28":"product_tag-foret","30":"product_tag-peinture-renard","31":"product_tag-vert","32":"product_tag-tableau-grand-format","33":"product_tag-peinture-couleurs-vives","38":"series-rene-gonzalez-tableaux-grand-format","40":"first","41":"instock","42":"shipping-taxable","43":"purchasable","44":"product-type-simple"},"acf":{"artwork_artist":[61918],"artwork_medium":162,"artwork_categories":[192,170,172,2598],"artwork_overall-tones":[228],"artwork_main-material":[],"artwork_art-genre":[194],"artwork_art-movement":[192],"artwork_miscellaneous":[190],"artwork_formats":[215],"artwork_price-ranges":[238],"artwork_main_subject":[515,2500],"artwork_technique":[2492],"artwork_featured_location":[],"artwork_dominant_color":[572],"artwork_physical_attributes":[354,342],"artwork_creation_date":"20240101","artwork_unique_piece":true,"artwork_description":"Acrylique sur toile","artwork_signature":"\u0152uvre sign\u00e9e","artwork_authenticity":"L\u2019\u0153uvre est vendue avec un certificat d\u2019authenticit\u00e9 sign\u00e9 par l\u2019artiste.","artwork_framing":"not_specified","artwork_has_custom_framing_info":false,"artwork_custom_framing_info":"Not specified","artwork_location_country":"","artwork_location_city":"","artwork_location_zipcode":"","artwork_shipment_type":"2D_flat_artwork","artwork_shipping_delivery":"painting_immediate_availability","artwork_has_custom_shipping_delivery_info":false,"artwork_custom_shipping_delivery_info":"Not specified","artwork_360_view_url":"","artwork_video_url":"https:\/\/youtube.com\/watch\/wphuAey-HfI?si=h9x7iKtJxndF1-bf","artwork_video_format":["vertical"],"artwork_preview_type":"auto","artwork_reserved":false,"artwork_hide_price":false,"artwork_about":"<em><strong>Shadow under the Willow Tree <\/strong><\/em>est une acrylique sur toile de l\u2019artiste Rene Gonzalez. Le tableau repr\u00e9sente un renard s'abreuvant au bord d'un lac entour\u00e9 par une for\u00eat nocturne luxuriante et myst\u00e9rieuse. Le grand format de cette \u0153uvre fait \u00e9cho au pass\u00e9 artistique de Rene Gonzalez, qui, dans sa jeunesse au Costa Rica, a accumul\u00e9 une riche exp\u00e9rience en tant qu'artiste muraliste.\r\n<p style=\"font-weight: 400;\">Le renard est un sujet qui est devenu courant dans la production de Rene Gonzalez depuis la pand\u00e9mie de Covid-19. \u00c0 cette \u00e9poque, l\u2019artiste venait tout juste de retourner \u00e0 Londres\u00a0; une erreur technique sur sa candidature de visa l\u2019avait tenu \u00e9loign\u00e9 du pays pendant presque un an, le s\u00e9parant de son \u00e9pouse anglaise. Rene Gonzalez commence alors \u00e0 remarquer des similitudes entre son histoire personnelle et les renards urbains, ces cr\u00e9atures qui errent dans les rues de Londres la nuit, tels des \u00e9trangers dans leur propre maison. Bien que ce personnage de renard ait une signification complexe, l\u2019artiste lui conf\u00e8re aussi une connotation positive : \u00ab <em>Je suis quelqu'un de plut\u00f4t d\u00e9tendu et joyeux. Mes \u0153uvres [\u2026] peuvent parfois avoir une certaine \u2018intensit\u00e9\u2019, mais elles ne sont jamais trop s\u00e9rieuses. Je veux que le renard soit heureux et qu'il vive des aventures en explorant les myst\u00e8res de son monde enchanteur. <\/em>\u00bb<\/p>\r\n<p style=\"font-weight: 400;\">Rene Gonzalez con\u00e7oit ses peintures figuratives comme \u00ab <em>une s\u00e9rie de petites histoires<\/em> \u00bb : chaque \u0153uvre comprend une narration et trouve son origine dans une \u00e9motion ou une histoire que l\u2019artiste souhaite retranscrire sur la toile. Pour trouver les \u00e9l\u00e9ments de ses compositions quasi th\u00e9\u00e2trales, il puise dans une multitude de r\u00e9f\u00e9rences qu\u2019il connait et qui l\u2019entourent : les mythes et les l\u00e9gendes de diff\u00e9rentes cultures, la publicit\u00e9, la photographie, le cin\u00e9ma, ou encore l\u2019histoire de l\u2019art. Les couleurs vibrantes et intenses sont choisies pour leur capacit\u00e9 \u00e0 \u00e9voquer des \u00e9motions ou une atmosph\u00e8re particuli\u00e8re. L\u2019artiste consacre beaucoup de temps \u00e0 la recherche de combinaisons chromatiques harmonieuses.<\/p>\r\n<p style=\"font-weight: 400;\">Issu d\u2019un double h\u00e9ritage culturel latino-am\u00e9ricain et occidental, Rene Gonzalez int\u00e8gre \u00e9galement, \u00e0 travers des symboles et des all\u00e9gories, son v\u00e9cu personnel profond\u00e9ment marqu\u00e9 par des d\u00e9placements g\u00e9ographiques, parfois forc\u00e9s, parfois choisis. Le dialogue avec le spectateur est essentiel pour l\u2019artiste qui consid\u00e8re parfois ses \u0153uvres comme une v\u00e9ritable conversation avec un public virtuel. Bien qu'il ins\u00e8re des indices th\u00e9matiques dans ses tableaux, Rene Gonzalez confie toujours leur interpr\u00e9tation finale \u00e0 l'observateur.<\/p>\r\n<p style=\"font-weight: 400;\"><em>\u00ab\u00a0J'ai aim\u00e9 l'id\u00e9e de \u2018coder\u2019 une narration et une atmosph\u00e8re particuli\u00e8re dans une image.\u00a0Je distille souvent la pens\u00e9e en symboles repr\u00e9sentant les diff\u00e9rents aspects de l\u2019histoire que j'essaie de raconter.\u00a0\u00bb <\/em>Rene Gonzalez<\/p>\r\nLe prix indiqu\u00e9 se refere seulement \u00e0 peinture de la premi\u00e8re photo, mais l'installation compl\u00e8te peut \u00e9galement \u00eatre achet\u00e9e. L'installation comprend le tableau et les autres \u0153uvres suspendues au plafond (deuxi\u00e8me et troisi\u00e8me photos, \u00e9galement en acrylique sur toile) et elle est en vente au prix de 26 000 \u20ac.","artwork_series":[2457],"artwork_query_group":"10","artwork_lowest_grid_position":1,"artwork_random_position":9096908,"explicit_sensitive_content":false,"drupal_id":""},"yoast_head":"<!-- This site is optimized with the Yoast SEO Premium plugin v27.3 (Yoast SEO v27.3) - https:\/\/yoast.com\/product\/yoast-seo-premium-wordpress\/ -->\n<title>Shadow under the Willow Tree par Rene Gonzalez - Peinture contemporaine | Artistics<\/title>\n<meta name=\"description\" content=\"Shadow under the Willow Tree par Rene Gonzalez - achetez en ligne cette \u0153uvre d\u2019art originale avec son certificat d\u2019authenticit\u00e9 et b\u00e9n\u00e9ficiez de notre service premium.\" \/>\n<meta name=\"robots\" content=\"index, follow, max-snippet:-1, max-image-preview:large, max-video-preview:-1\" \/>\n<link rel=\"canonical\" href=\"https:\/\/artistics.com\/fr\/oeuvre\/shadow-under-the-willow-tree\/\" \/>\n<meta property=\"og:locale\" content=\"fr_FR\" \/>\n<meta property=\"og:type\" content=\"article\" \/>\n<meta property=\"og:title\" content=\"Shadow under the Willow Tree\" \/>\n<meta property=\"og:description\" content=\"Shadow under the Willow Tree par Rene Gonzalez - achetez en ligne cette \u0153uvre d\u2019art originale avec son certificat d\u2019authenticit\u00e9 et b\u00e9n\u00e9ficiez de notre service premium.\" \/>\n<meta property=\"og:url\" content=\"https:\/\/artistics.com\/fr\/oeuvre\/shadow-under-the-willow-tree\/\" \/>\n<meta property=\"og:site_name\" content=\"Artistics\" \/>\n<meta property=\"article:publisher\" content=\"https:\/\/www.facebook.com\/ArtisticsMag\" \/>\n<meta property=\"article:modified_time\" content=\"2025-02-04T12:52:31+00:00\" \/>\n<meta property=\"og:image\" content=\"https:\/\/artistics.com\/wp-content\/uploads\/2025\/02\/shadow-under-the-willow-tree-forest-landscape-painting-by-rene-gonzalez-1-1024x888.jpg\" \/>\n\t<meta property=\"og:image:width\" content=\"1024\" \/>\n\t<meta property=\"og:image:height\" content=\"888\" \/>\n\t<meta property=\"og:image:type\" content=\"image\/jpeg\" \/>\n<meta name=\"twitter:card\" content=\"summary_large_image\" \/>\n<meta name=\"twitter:site\" content=\"@Artistics_FR\" \/>\n<meta name=\"twitter:label1\" content=\"Prix\" \/>\n\t<meta name=\"twitter:data1\" content=\"17 700&nbsp;&euro;\" \/>\n\t<meta name=\"twitter:label2\" content=\"Disponibilit\u00e9\" \/>\n\t<meta name=\"twitter:data2\" content=\"En stock\" \/>\n<script type=\"application\/ld+json\" class=\"yoast-schema-graph\">{\"@context\":\"https:\\\/\\\/schema.org\",\"@graph\":[{\"@type\":[\"WebPage\",\"ItemPage\"],\"@id\":\"https:\\\/\\\/artistics.com\\\/fr\\\/oeuvre\\\/shadow-under-the-willow-tree\\\/\",\"url\":\"https:\\\/\\\/artistics.com\\\/fr\\\/oeuvre\\\/shadow-under-the-willow-tree\\\/\",\"name\":\"Shadow under the Willow Tree par Rene Gonzalez - Peinture contemporaine | Artistics\",\"isPartOf\":{\"@id\":\"https:\\\/\\\/artistics.com\\\/fr\\\/#website\"},\"primaryImageOfPage\":{\"@id\":\"https:\\\/\\\/artistics.com\\\/fr\\\/oeuvre\\\/shadow-under-the-willow-tree\\\/#primaryimage\"},\"image\":{\"@id\":\"https:\\\/\\\/artistics.com\\\/fr\\\/oeuvre\\\/shadow-under-the-willow-tree\\\/#primaryimage\"},\"thumbnailUrl\":\"https:\\\/\\\/artistics.com\\\/wp-content\\\/uploads\\\/2025\\\/02\\\/shadow-under-the-willow-tree-forest-landscape-painting-by-rene-gonzalez-1.jpg\",\"datePublished\":\"2025-02-03T08:45:57+00:00\",\"dateModified\":\"2025-02-04T12:52:31+00:00\",\"description\":\"Shadow under the Willow Tree par Rene Gonzalez - achetez en ligne cette \u0153uvre d\u2019art originale avec son certificat d\u2019authenticit\u00e9 et b\u00e9n\u00e9ficiez de notre service premium.\",\"breadcrumb\":{\"@id\":\"https:\\\/\\\/artistics.com\\\/fr\\\/oeuvre\\\/shadow-under-the-willow-tree\\\/#breadcrumb\"},\"inLanguage\":\"fr-FR\",\"potentialAction\":[{\"@type\":\"ReadAction\",\"target\":[\"https:\\\/\\\/artistics.com\\\/fr\\\/oeuvre\\\/shadow-under-the-willow-tree\\\/\"]}]},{\"@type\":\"ImageObject\",\"inLanguage\":\"fr-FR\",\"@id\":\"https:\\\/\\\/artistics.com\\\/fr\\\/oeuvre\\\/shadow-under-the-willow-tree\\\/#primaryimage\",\"url\":\"https:\\\/\\\/artistics.com\\\/wp-content\\\/uploads\\\/2025\\\/02\\\/shadow-under-the-willow-tree-forest-landscape-painting-by-rene-gonzalez-1.jpg\",\"contentUrl\":\"https:\\\/\\\/artistics.com\\\/wp-content\\\/uploads\\\/2025\\\/02\\\/shadow-under-the-willow-tree-forest-landscape-painting-by-rene-gonzalez-1.jpg\",\"width\":2560,\"height\":2219},{\"@type\":\"BreadcrumbList\",\"@id\":\"https:\\\/\\\/artistics.com\\\/fr\\\/oeuvre\\\/shadow-under-the-willow-tree\\\/#breadcrumb\",\"itemListElement\":[{\"@type\":\"ListItem\",\"position\":1,\"name\":\"Achat \u0153uvre d'art\",\"item\":\"https:\\\/\\\/artistics.com\\\/fr\\\/\"},{\"@type\":\"ListItem\",\"position\":2,\"name\":\"Galerie\",\"item\":\"https:\\\/\\\/artistics.com\\\/fr\\\/galerie\\\/\"},{\"@type\":\"ListItem\",\"position\":3,\"name\":\"Peinture contemporaine\",\"item\":\"https:\\\/\\\/artistics.com\\\/fr\\\/categorie-oeuvre\\\/peinture-contemporaine\\\/\"},{\"@type\":\"ListItem\",\"position\":4,\"name\":\"Shadow under the Willow Tree\"}]},{\"@type\":\"WebSite\",\"@id\":\"https:\\\/\\\/artistics.com\\\/fr\\\/#website\",\"url\":\"https:\\\/\\\/artistics.com\\\/fr\\\/\",\"name\":\"Artistics\",\"description\":\"The online art gallery\",\"publisher\":{\"@id\":\"https:\\\/\\\/artistics.com\\\/fr\\\/#organization\"},\"potentialAction\":[{\"@type\":\"SearchAction\",\"target\":{\"@type\":\"EntryPoint\",\"urlTemplate\":\"https:\\\/\\\/artistics.com\\\/fr\\\/?s={search_term_string}\"},\"query-input\":{\"@type\":\"PropertyValueSpecification\",\"valueRequired\":true,\"valueName\":\"search_term_string\"}}],\"inLanguage\":\"fr-FR\"},{\"@type\":\"Organization\",\"@id\":\"https:\\\/\\\/artistics.com\\\/fr\\\/#organization\",\"name\":\"Artistics\",\"url\":\"https:\\\/\\\/artistics.com\\\/fr\\\/\",\"logo\":{\"@type\":\"ImageObject\",\"inLanguage\":\"fr-FR\",\"@id\":\"https:\\\/\\\/artistics.com\\\/fr\\\/#\\\/schema\\\/logo\\\/image\\\/\",\"url\":\"https:\\\/\\\/artistics.com\\\/wp-content\\\/uploads\\\/2023\\\/02\\\/artistics-logo-web-1.svg\",\"contentUrl\":\"https:\\\/\\\/artistics.com\\\/wp-content\\\/uploads\\\/2023\\\/02\\\/artistics-logo-web-1.svg\",\"caption\":\"Artistics\"},\"image\":{\"@id\":\"https:\\\/\\\/artistics.com\\\/fr\\\/#\\\/schema\\\/logo\\\/image\\\/\"},\"sameAs\":[\"https:\\\/\\\/www.facebook.com\\\/ArtisticsMag\",\"https:\\\/\\\/x.com\\\/Artistics_FR\",\"http:\\\/\\\/www.linkedin.com\\\/company\\\/artistics\",\"https:\\\/\\\/www.instagram.com\\\/artistics_com\\\/\",\"http:\\\/\\\/www.pinterest.com\\\/ArtisticsMag\"],\"hasMerchantReturnPolicy\":{\"@type\":\"MerchantReturnPolicy\",\"merchantReturnLink\":\"https:\\\/\\\/artistics.com\\\/free-return-policy\\\/\"}}]}<\/script>\n<meta property=\"product:price:amount\" content=\"17700\" \/>\n<meta property=\"product:price:currency\" content=\"EUR\" \/>\n<meta property=\"og:availability\" content=\"instock\" \/>\n<meta property=\"product:availability\" content=\"instock\" \/>\n<meta property=\"product:condition\" content=\"new\" \/>\n<!-- \/ Yoast SEO Premium plugin. -->","yoast_head_json":{"title":"Shadow under the Willow Tree par Rene Gonzalez - Peinture contemporaine | Artistics","description":"Shadow under the Willow Tree par Rene Gonzalez - achetez en ligne cette \u0153uvre d\u2019art originale avec son certificat d\u2019authenticit\u00e9 et b\u00e9n\u00e9ficiez de notre service premium.","robots":{"index":"index","follow":"follow","max-snippet":"max-snippet:-1","max-image-preview":"max-image-preview:large","max-video-preview":"max-video-preview:-1"},"canonical":"https:\/\/artistics.com\/fr\/oeuvre\/shadow-under-the-willow-tree\/","og_locale":"fr_FR","og_type":"article","og_title":"Shadow under the Willow Tree","og_description":"Shadow under the Willow Tree par Rene Gonzalez - achetez en ligne cette \u0153uvre d\u2019art originale avec son certificat d\u2019authenticit\u00e9 et b\u00e9n\u00e9ficiez de notre service premium.","og_url":"https:\/\/artistics.com\/fr\/oeuvre\/shadow-under-the-willow-tree\/","og_site_name":"Artistics","article_publisher":"https:\/\/www.facebook.com\/ArtisticsMag","article_modified_time":"2025-02-04T12:52:31+00:00","og_image":[{"width":1024,"height":888,"url":"https:\/\/artistics.com\/wp-content\/uploads\/2025\/02\/shadow-under-the-willow-tree-forest-landscape-painting-by-rene-gonzalez-1-1024x888.jpg","type":"image\/jpeg"}],"twitter_card":"summary_large_image","twitter_site":"@Artistics_FR","twitter_misc":{"Prix":"17 700&nbsp;&euro;","Disponibilit\u00e9":"En stock"},"schema":{"@context":"https:\/\/schema.org","@graph":[{"@type":["WebPage","ItemPage"],"@id":"https:\/\/artistics.com\/fr\/oeuvre\/shadow-under-the-willow-tree\/","url":"https:\/\/artistics.com\/fr\/oeuvre\/shadow-under-the-willow-tree\/","name":"Shadow under the Willow Tree par Rene Gonzalez - Peinture contemporaine | Artistics","isPartOf":{"@id":"https:\/\/artistics.com\/fr\/#website"},"primaryImageOfPage":{"@id":"https:\/\/artistics.com\/fr\/oeuvre\/shadow-under-the-willow-tree\/#primaryimage"},"image":{"@id":"https:\/\/artistics.com\/fr\/oeuvre\/shadow-under-the-willow-tree\/#primaryimage"},"thumbnailUrl":"https:\/\/artistics.com\/wp-content\/uploads\/2025\/02\/shadow-under-the-willow-tree-forest-landscape-painting-by-rene-gonzalez-1.jpg","datePublished":"2025-02-03T08:45:57+00:00","dateModified":"2025-02-04T12:52:31+00:00","description":"Shadow under the Willow Tree par Rene Gonzalez - achetez en ligne cette \u0153uvre d\u2019art originale avec son certificat d\u2019authenticit\u00e9 et b\u00e9n\u00e9ficiez de notre service premium.","breadcrumb":{"@id":"https:\/\/artistics.com\/fr\/oeuvre\/shadow-under-the-willow-tree\/#breadcrumb"},"inLanguage":"fr-FR","potentialAction":[{"@type":"ReadAction","target":["https:\/\/artistics.com\/fr\/oeuvre\/shadow-under-the-willow-tree\/"]}]},{"@type":"ImageObject","inLanguage":"fr-FR","@id":"https:\/\/artistics.com\/fr\/oeuvre\/shadow-under-the-willow-tree\/#primaryimage","url":"https:\/\/artistics.com\/wp-content\/uploads\/2025\/02\/shadow-under-the-willow-tree-forest-landscape-painting-by-rene-gonzalez-1.jpg","contentUrl":"https:\/\/artistics.com\/wp-content\/uploads\/2025\/02\/shadow-under-the-willow-tree-forest-landscape-painting-by-rene-gonzalez-1.jpg","width":2560,"height":2219},{"@type":"BreadcrumbList","@id":"https:\/\/artistics.com\/fr\/oeuvre\/shadow-under-the-willow-tree\/#breadcrumb","itemListElement":[{"@type":"ListItem","position":1,"name":"Achat \u0153uvre d'art","item":"https:\/\/artistics.com\/fr\/"},{"@type":"ListItem","position":2,"name":"Galerie","item":"https:\/\/artistics.com\/fr\/galerie\/"},{"@type":"ListItem","position":3,"name":"Peinture contemporaine","item":"https:\/\/artistics.com\/fr\/categorie-oeuvre\/peinture-contemporaine\/"},{"@type":"ListItem","position":4,"name":"Shadow under the Willow Tree"}]},{"@type":"WebSite","@id":"https:\/\/artistics.com\/fr\/#website","url":"https:\/\/artistics.com\/fr\/","name":"Artistics","description":"The online art gallery","publisher":{"@id":"https:\/\/artistics.com\/fr\/#organization"},"potentialAction":[{"@type":"SearchAction","target":{"@type":"EntryPoint","urlTemplate":"https:\/\/artistics.com\/fr\/?s={search_term_string}"},"query-input":{"@type":"PropertyValueSpecification","valueRequired":true,"valueName":"search_term_string"}}],"inLanguage":"fr-FR"},{"@type":"Organization","@id":"https:\/\/artistics.com\/fr\/#organization","name":"Artistics","url":"https:\/\/artistics.com\/fr\/","logo":{"@type":"ImageObject","inLanguage":"fr-FR","@id":"https:\/\/artistics.com\/fr\/#\/schema\/logo\/image\/","url":"https:\/\/artistics.com\/wp-content\/uploads\/2023\/02\/artistics-logo-web-1.svg","contentUrl":"https:\/\/artistics.com\/wp-content\/uploads\/2023\/02\/artistics-logo-web-1.svg","caption":"Artistics"},"image":{"@id":"https:\/\/artistics.com\/fr\/#\/schema\/logo\/image\/"},"sameAs":["https:\/\/www.facebook.com\/ArtisticsMag","https:\/\/x.com\/Artistics_FR","http:\/\/www.linkedin.com\/company\/artistics","https:\/\/www.instagram.com\/artistics_com\/","http:\/\/www.pinterest.com\/ArtisticsMag"],"hasMerchantReturnPolicy":{"@type":"MerchantReturnPolicy","merchantReturnLink":"https:\/\/artistics.com\/free-return-policy\/"}}]},"product_price_amount":"17700","product_price_currency":"EUR","og_availability":"instock","product_availability":"instock","product_condition":"new"},"_links":{"self":[{"href":"https:\/\/artistics.com\/fr\/wp-json\/wp\/v2\/product\/75861","targetHints":{"allow":["GET"]}}],"collection":[{"href":"https:\/\/artistics.com\/fr\/wp-json\/wp\/v2\/product"}],"about":[{"href":"https:\/\/artistics.com\/fr\/wp-json\/wp\/v2\/types\/product"}],"acf:term":[{"embeddable":true,"taxonomy":"series","href":"https:\/\/artistics.com\/fr\/wp-json\/wp\/v2\/series\/2457"},{"embeddable":true,"taxonomy":"product_tag","href":"https:\/\/artistics.com\/fr\/wp-json\/wp\/v2\/product_tag\/342"},{"embeddable":true,"taxonomy":"product_tag","href":"https:\/\/artistics.com\/fr\/wp-json\/wp\/v2\/product_tag\/354"},{"embeddable":true,"taxonomy":"product_tag","href":"https:\/\/artistics.com\/fr\/wp-json\/wp\/v2\/product_tag\/572"},{"embeddable":true,"taxonomy":"product_tag","href":"https:\/\/artistics.com\/fr\/wp-json\/wp\/v2\/product_tag\/2492"},{"embeddable":true,"taxonomy":"product_tag","href":"https:\/\/artistics.com\/fr\/wp-json\/wp\/v2\/product_tag\/2500"},{"embeddable":true,"taxonomy":"product_tag","href":"https:\/\/artistics.com\/fr\/wp-json\/wp\/v2\/product_tag\/515"},{"embeddable":true,"taxonomy":"product_cat","href":"https:\/\/artistics.com\/fr\/wp-json\/wp\/v2\/product_cat\/238"},{"embeddable":true,"taxonomy":"product_cat","href":"https:\/\/artistics.com\/fr\/wp-json\/wp\/v2\/product_cat\/215"},{"embeddable":true,"taxonomy":"product_cat","href":"https:\/\/artistics.com\/fr\/wp-json\/wp\/v2\/product_cat\/190"},{"embeddable":true,"taxonomy":"product_cat","href":"https:\/\/artistics.com\/fr\/wp-json\/wp\/v2\/product_cat\/194"},{"embeddable":true,"taxonomy":"product_cat","href":"https:\/\/artistics.com\/fr\/wp-json\/wp\/v2\/product_cat\/228"},{"embeddable":true,"taxonomy":"product_cat","href":"https:\/\/artistics.com\/fr\/wp-json\/wp\/v2\/product_cat\/2598"},{"embeddable":true,"taxonomy":"product_cat","href":"https:\/\/artistics.com\/fr\/wp-json\/wp\/v2\/product_cat\/172"},{"embeddable":true,"taxonomy":"product_cat","href":"https:\/\/artistics.com\/fr\/wp-json\/wp\/v2\/product_cat\/170"},{"embeddable":true,"taxonomy":"product_cat","href":"https:\/\/artistics.com\/fr\/wp-json\/wp\/v2\/product_cat\/192"},{"embeddable":true,"taxonomy":"product_cat","href":"https:\/\/artistics.com\/fr\/wp-json\/wp\/v2\/product_cat\/162"}],"acf:post":[{"embeddable":true,"href":"https:\/\/artistics.com\/fr\/wp-json\/wp\/v2\/artist\/61918"}],"wp:featuredmedia":[{"embeddable":true,"href":"https:\/\/artistics.com\/fr\/wp-json\/wp\/v2\/media\/75890"}],"wp:attachment":[{"href":"https:\/\/artistics.com\/fr\/wp-json\/wp\/v2\/media?parent=75861"}],"wp:term":[{"taxonomy":"product_cat","embeddable":true,"href":"https:\/\/artistics.com\/fr\/wp-json\/wp\/v2\/product_cat?post=75861"},{"taxonomy":"product_tag","embeddable":true,"href":"https:\/\/artistics.com\/fr\/wp-json\/wp\/v2\/product_tag?post=75861"},{"taxonomy":"series","embeddable":true,"href":"https:\/\/artistics.com\/fr\/wp-json\/wp\/v2\/series?post=75861"}],"curies":[{"name":"wp","href":"https:\/\/api.w.org\/{rel}","templated":true}]}}