{"id":72422,"date":"2024-12-03T17:13:28","date_gmt":"2024-12-03T16:13:28","guid":{"rendered":"https:\/\/artistics.com\/?post_type=product&#038;p=72422"},"modified":"2025-06-13T10:41:59","modified_gmt":"2025-06-13T08:41:59","slug":"lievre-double-six-bronze","status":"publish","type":"product","link":"https:\/\/artistics.com\/fr\/oeuvre\/lievre-double-six-bronze\/","title":{"rendered":"Li\u00e8vre (Double Six, bronze)"},"content":{"rendered":"","protected":false},"excerpt":{"rendered":"","protected":false},"featured_media":63216,"template":"","meta":{"_acf_changed":false,"_searchwp_excluded":"","inline_featured_image":false},"product_cat":[164,190,192,205,209,213,215,238],"product_tag":[368],"series":[2270],"class_list":{"0":"post-72422","1":"product","2":"type-product","3":"status-publish","4":"has-post-thumbnail","6":"product_cat-sculpture-contemporaine","7":"product_cat-animal","8":"product_cat-art-figuratif","9":"product_cat-sculpture-animaliere","10":"product_cat-sculpture-figurative","11":"product_cat-sculpture-terre-et-ceramique","12":"product_cat-grand","13":"product_cat-plus-de-10-000-e","14":"product_tag-sculpture-grand-format","15":"series-cecil-raynal-bestiaire","17":"first","18":"instock","19":"taxable","20":"shipping-taxable","21":"purchasable","22":"product-type-simple"},"acf":{"artwork_artist":[2769],"artwork_medium":164,"artwork_categories":[213,205,209],"artwork_overall-tones":[],"artwork_main-material":[],"artwork_art-genre":[],"artwork_art-movement":[192],"artwork_miscellaneous":[190],"artwork_formats":[215],"artwork_price-ranges":[238],"artwork_main_subject":[],"artwork_technique":[],"artwork_featured_location":[],"artwork_dominant_color":[],"artwork_physical_attributes":[368,368],"artwork_creation_date":"20240101","artwork_unique_piece":false,"artwork_description":"Sculpture en bronze, tabouret en laiton","artwork_signature":"\u0152uvre sign\u00e9e","artwork_authenticity":"L\u2019\u0153uvre est vendue avec un certificat d\u2019authenticit\u00e9 sign\u00e9 par l\u2019artiste.","artwork_framing":"unframed","artwork_has_custom_framing_info":false,"artwork_custom_framing_info":"Not specified","artwork_location_country":"FR","artwork_location_city":"Criquetot-l'Esneval","artwork_location_zipcode":"76 280","artwork_shipment_type":"3D_artwork","artwork_shipping_delivery":"sculpture_unique_piece_immediate_availability","artwork_has_custom_shipping_delivery_info":false,"artwork_custom_shipping_delivery_info":"Not specified","artwork_360_view_url":"","artwork_video_url":"","artwork_video_format":[],"artwork_preview_type":"featured_image","artwork_reserved":false,"artwork_hide_price":false,"artwork_about":"<p class=\"ai-optimize-24\"><b><i><span data-contrast=\"auto\">Li\u00e8vre (Double Six, bronze) <\/span><\/i><\/b><span data-contrast=\"auto\">est une sculpture en bronze de l\u2019artiste C\u00e9cile Raynal.\u00a0<\/span><span data-ccp-props=\"{}\">\u00a0<\/span><\/p>\r\n<p class=\"ai-optimize-25\"><span data-contrast=\"auto\">C\u00e9cile Raynal a cr\u00e9\u00e9 ce personnage pour l\u2019installation <\/span><i><span data-contrast=\"none\">Double Six,<\/span><\/i> <span data-contrast=\"auto\">command\u00e9e \u00e0 l\u2019artiste par le conseil municipal du village de Gonneville-la-Mallet, en Normandie. Ce li\u00e8vre, plus grande que nature, se distingue dans l\u2019installation comme une figure \u00e9nigmatique probablement inspir\u00e9 par <\/span><i><span data-contrast=\"auto\">Les Aventures d\u2019Alice au pays des merveilles<\/span><\/i><span data-contrast=\"auto\">, le c\u00e9l\u00e8bre conte de Lewis Carroll. Perch\u00e9 sur un tabouret et tournant le dos \u00e0 la sc\u00e8ne principale, il interagit directement avec les spectateurs, comme s'il les invitait \u00e0 entrer dans le r\u00e9cit. C\u00e9cile Raynal a laiss\u00e9 entendre que cet animal pourrait \u00eatre un autoportrait.\u00a0<\/span><span data-ccp-props=\"{}\">\u00a0<\/span><\/p>\r\n<p class=\"ai-optimize-26\"><span data-contrast=\"auto\">Le point de d\u00e9part pour l\u2019installation Double Six est un souvenir de sa premi\u00e8re visite au village\u202f: rentr\u00e9e dans l'ancienne Auberge des Vieux Plats, lieu de passage mythique qui compte parmi ses visiteurs Monet, Hugo et Wagner, elle remarque l\u2019ambiance anim\u00e9e par une partie de dominos f\u00e9d\u00e9rant voyageurs et r\u00e9sidents. L\u2019artiste engage ainsi une r\u00e9flexion sur les dominos, jeu arriv\u00e9 en Europe de la Chine, et sur la capacit\u00e9 des jeux de voyages avec les hommes.\u00a0<\/span><span data-ccp-props=\"{}\">\u00a0<\/span><\/p>\r\n<p class=\"ai-optimize-27\"><span data-contrast=\"auto\">L'installation capture un moment juste apr\u00e8s un effet domino, avec quatre personnages r\u00e9agissant chacun \u00e0 sa mani\u00e8re : le li\u00e8vre, un homme tenant deux pi\u00e8ces du jeu, une femme levant les bras au ciel et un adolescent en train d\u2019\u00e9crire ou de dessiner. Un sac de voyage \u00e0 proximit\u00e9 ajoute une touche de myst\u00e8re \u00e0 la sc\u00e8ne\u202f: qui est le voyageur ou la voyageuse\u202fde cette sc\u00e8ne ? L\u2019artiste choisit cet objet afin d\u2019\u00e9tablir un lien avec la m\u00e9moire du village ; un hommage \u00e0 l\u2019auberge, lieu d\u2019hospitalit\u00e9 par excellence.\u00a0<\/span><span data-ccp-props=\"{}\">\u00a0<\/span><\/p>\r\n<p class=\"ai-optimize-28\"><span data-contrast=\"auto\">\u00ab\u202f<\/span><i><span data-contrast=\"auto\">J\u2019ai pens\u00e9 Double Six comme une sc\u00e8ne th\u00e9\u00e2trale, dont les personnages obstin\u00e9ment immobiles, pourraient silencieusement raconter des histoires. A chacun et \u00e0 chacune la sienne. Comme un po\u00e8me, un po\u00e8me muet.<\/span><\/i><span data-contrast=\"auto\">\u202f\u00bb C\u00e9cile Raynal\u00a0<\/span><span data-ccp-props=\"{}\">\u00a0<\/span><\/p>\r\n<p class=\"ai-optimize-29\"><span data-contrast=\"auto\">Pour en savoir plus, lisez notre article\u202f: <\/span><a href=\"https:\/\/artistics.com\/fr\/artzine\/art-public-double-six-de-cecile-raynal\/\"><span data-contrast=\"none\">Art public : Double Six de C\u00e9cile Raynal<\/span><\/a><span data-contrast=\"auto\">.<\/span><span data-ccp-props=\"{}\">\u00a0<\/span><\/p>\r\n<p class=\"ai-optimize-30\"><span data-contrast=\"auto\">Les dimensions sont les dimensions totales de la sculpture fix\u00e9e au tabouret. Dimensions du li\u00e8vre en bronze\u202f: 83 H x 45 L x 24 P cm. Dimensions du tabouret en laiton\u202f: 96 H x 31 L x 33 P cm.\u00a0<\/span><span data-ccp-props=\"{}\">\u00a0<\/span><\/p>","artwork_series":[2270],"artwork_query_group":"10","artwork_lowest_grid_position":1,"artwork_random_position":4914336,"explicit_sensitive_content":false,"drupal_id":"8860"},"yoast_head":"<!-- This site is optimized with the Yoast SEO Premium plugin v27.3 (Yoast SEO v27.3) - https:\/\/yoast.com\/product\/yoast-seo-premium-wordpress\/ -->\n<title>Li\u00e8vre (Double Six, bronze) par C\u00e9cile Raynal - Sculpture contemporaine | Artistics<\/title>\n<meta name=\"description\" content=\"Li\u00e8vre (Double Six, bronze) par C\u00e9cile Raynal - achetez en ligne cette \u0153uvre d\u2019art originale avec son certificat d\u2019authenticit\u00e9 et b\u00e9n\u00e9ficiez de notre service premium.\" \/>\n<meta name=\"robots\" content=\"index, follow, max-snippet:-1, max-image-preview:large, max-video-preview:-1\" \/>\n<link rel=\"canonical\" href=\"https:\/\/artistics.com\/fr\/oeuvre\/lievre-double-six-bronze\/\" \/>\n<meta property=\"og:locale\" content=\"fr_FR\" \/>\n<meta property=\"og:type\" content=\"article\" \/>\n<meta property=\"og:title\" content=\"Li\u00e8vre (Double Six, bronze)\" \/>\n<meta property=\"og:description\" content=\"Li\u00e8vre (Double Six, bronze) par C\u00e9cile Raynal - achetez en ligne cette \u0153uvre d\u2019art originale avec son certificat d\u2019authenticit\u00e9 et b\u00e9n\u00e9ficiez de notre service premium.\" \/>\n<meta property=\"og:url\" content=\"https:\/\/artistics.com\/fr\/oeuvre\/lievre-double-six-bronze\/\" \/>\n<meta property=\"og:site_name\" content=\"Artistics\" \/>\n<meta property=\"article:publisher\" content=\"https:\/\/www.facebook.com\/ArtisticsMag\" \/>\n<meta property=\"article:modified_time\" content=\"2025-06-13T08:41:59+00:00\" \/>\n<meta property=\"og:image\" content=\"https:\/\/artistics.com\/wp-content\/uploads\/2024\/08\/adolescent-contemporary-portrait-sculpture-by-cecile-raynal-15.jpeg\" \/>\n\t<meta property=\"og:image:width\" content=\"1331\" \/>\n\t<meta property=\"og:image:height\" content=\"2000\" \/>\n\t<meta property=\"og:image:type\" content=\"image\/jpeg\" \/>\n<meta name=\"twitter:card\" content=\"summary_large_image\" \/>\n<meta name=\"twitter:site\" content=\"@Artistics_FR\" \/>\n<meta name=\"twitter:label1\" content=\"Prix\" \/>\n\t<meta name=\"twitter:data1\" content=\"19 500&nbsp;&euro;\" \/>\n\t<meta name=\"twitter:label2\" content=\"Disponibilit\u00e9\" \/>\n\t<meta name=\"twitter:data2\" content=\"En stock\" \/>\n<script type=\"application\/ld+json\" class=\"yoast-schema-graph\">{\"@context\":\"https:\\\/\\\/schema.org\",\"@graph\":[{\"@type\":[\"WebPage\",\"ItemPage\"],\"@id\":\"https:\\\/\\\/artistics.com\\\/fr\\\/oeuvre\\\/lievre-double-six-bronze\\\/\",\"url\":\"https:\\\/\\\/artistics.com\\\/fr\\\/oeuvre\\\/lievre-double-six-bronze\\\/\",\"name\":\"Li\u00e8vre (Double Six, bronze) par C\u00e9cile Raynal - Sculpture contemporaine | Artistics\",\"isPartOf\":{\"@id\":\"https:\\\/\\\/artistics.com\\\/fr\\\/#website\"},\"primaryImageOfPage\":{\"@id\":\"https:\\\/\\\/artistics.com\\\/fr\\\/oeuvre\\\/lievre-double-six-bronze\\\/#primaryimage\"},\"image\":{\"@id\":\"https:\\\/\\\/artistics.com\\\/fr\\\/oeuvre\\\/lievre-double-six-bronze\\\/#primaryimage\"},\"thumbnailUrl\":\"https:\\\/\\\/artistics.com\\\/wp-content\\\/uploads\\\/2024\\\/08\\\/adolescent-contemporary-portrait-sculpture-by-cecile-raynal-15.jpeg\",\"datePublished\":\"2024-12-03T16:13:28+00:00\",\"dateModified\":\"2025-06-13T08:41:59+00:00\",\"description\":\"Li\u00e8vre (Double Six, bronze) par C\u00e9cile Raynal - achetez en ligne cette \u0153uvre d\u2019art originale avec son certificat d\u2019authenticit\u00e9 et b\u00e9n\u00e9ficiez de notre service premium.\",\"breadcrumb\":{\"@id\":\"https:\\\/\\\/artistics.com\\\/fr\\\/oeuvre\\\/lievre-double-six-bronze\\\/#breadcrumb\"},\"inLanguage\":\"fr-FR\",\"potentialAction\":[{\"@type\":\"ReadAction\",\"target\":[\"https:\\\/\\\/artistics.com\\\/fr\\\/oeuvre\\\/lievre-double-six-bronze\\\/\"]}]},{\"@type\":\"ImageObject\",\"inLanguage\":\"fr-FR\",\"@id\":\"https:\\\/\\\/artistics.com\\\/fr\\\/oeuvre\\\/lievre-double-six-bronze\\\/#primaryimage\",\"url\":\"https:\\\/\\\/artistics.com\\\/wp-content\\\/uploads\\\/2024\\\/08\\\/adolescent-contemporary-portrait-sculpture-by-cecile-raynal-15.jpeg\",\"contentUrl\":\"https:\\\/\\\/artistics.com\\\/wp-content\\\/uploads\\\/2024\\\/08\\\/adolescent-contemporary-portrait-sculpture-by-cecile-raynal-15.jpeg\",\"width\":1331,\"height\":2000},{\"@type\":\"BreadcrumbList\",\"@id\":\"https:\\\/\\\/artistics.com\\\/fr\\\/oeuvre\\\/lievre-double-six-bronze\\\/#breadcrumb\",\"itemListElement\":[{\"@type\":\"ListItem\",\"position\":1,\"name\":\"Achat \u0153uvre d'art\",\"item\":\"https:\\\/\\\/artistics.com\\\/fr\\\/\"},{\"@type\":\"ListItem\",\"position\":2,\"name\":\"Galerie\",\"item\":\"https:\\\/\\\/artistics.com\\\/fr\\\/galerie\\\/\"},{\"@type\":\"ListItem\",\"position\":3,\"name\":\"Sculpture contemporaine\",\"item\":\"https:\\\/\\\/artistics.com\\\/fr\\\/categorie-oeuvre\\\/sculpture-contemporaine\\\/\"},{\"@type\":\"ListItem\",\"position\":4,\"name\":\"Li\u00e8vre (Double Six, bronze)\"}]},{\"@type\":\"WebSite\",\"@id\":\"https:\\\/\\\/artistics.com\\\/fr\\\/#website\",\"url\":\"https:\\\/\\\/artistics.com\\\/fr\\\/\",\"name\":\"Artistics\",\"description\":\"The online art gallery\",\"publisher\":{\"@id\":\"https:\\\/\\\/artistics.com\\\/fr\\\/#organization\"},\"potentialAction\":[{\"@type\":\"SearchAction\",\"target\":{\"@type\":\"EntryPoint\",\"urlTemplate\":\"https:\\\/\\\/artistics.com\\\/fr\\\/?s={search_term_string}\"},\"query-input\":{\"@type\":\"PropertyValueSpecification\",\"valueRequired\":true,\"valueName\":\"search_term_string\"}}],\"inLanguage\":\"fr-FR\"},{\"@type\":\"Organization\",\"@id\":\"https:\\\/\\\/artistics.com\\\/fr\\\/#organization\",\"name\":\"Artistics\",\"url\":\"https:\\\/\\\/artistics.com\\\/fr\\\/\",\"logo\":{\"@type\":\"ImageObject\",\"inLanguage\":\"fr-FR\",\"@id\":\"https:\\\/\\\/artistics.com\\\/fr\\\/#\\\/schema\\\/logo\\\/image\\\/\",\"url\":\"https:\\\/\\\/artistics.com\\\/wp-content\\\/uploads\\\/2023\\\/02\\\/artistics-logo-web-1.svg\",\"contentUrl\":\"https:\\\/\\\/artistics.com\\\/wp-content\\\/uploads\\\/2023\\\/02\\\/artistics-logo-web-1.svg\",\"caption\":\"Artistics\"},\"image\":{\"@id\":\"https:\\\/\\\/artistics.com\\\/fr\\\/#\\\/schema\\\/logo\\\/image\\\/\"},\"sameAs\":[\"https:\\\/\\\/www.facebook.com\\\/ArtisticsMag\",\"https:\\\/\\\/x.com\\\/Artistics_FR\",\"http:\\\/\\\/www.linkedin.com\\\/company\\\/artistics\",\"https:\\\/\\\/www.instagram.com\\\/artistics_com\\\/\",\"http:\\\/\\\/www.pinterest.com\\\/ArtisticsMag\"],\"hasMerchantReturnPolicy\":{\"@type\":\"MerchantReturnPolicy\",\"merchantReturnLink\":\"https:\\\/\\\/artistics.com\\\/free-return-policy\\\/\"}}]}<\/script>\n<meta property=\"product:price:amount\" content=\"19500\" \/>\n<meta property=\"product:price:currency\" content=\"EUR\" \/>\n<meta property=\"og:availability\" content=\"instock\" \/>\n<meta property=\"product:availability\" content=\"instock\" \/>\n<meta property=\"product:condition\" content=\"new\" \/>\n<!-- \/ Yoast SEO Premium plugin. -->","yoast_head_json":{"title":"Li\u00e8vre (Double Six, bronze) par C\u00e9cile Raynal - Sculpture contemporaine | Artistics","description":"Li\u00e8vre (Double Six, bronze) par C\u00e9cile Raynal - achetez en ligne cette \u0153uvre d\u2019art originale avec son certificat d\u2019authenticit\u00e9 et b\u00e9n\u00e9ficiez de notre service premium.","robots":{"index":"index","follow":"follow","max-snippet":"max-snippet:-1","max-image-preview":"max-image-preview:large","max-video-preview":"max-video-preview:-1"},"canonical":"https:\/\/artistics.com\/fr\/oeuvre\/lievre-double-six-bronze\/","og_locale":"fr_FR","og_type":"article","og_title":"Li\u00e8vre (Double Six, bronze)","og_description":"Li\u00e8vre (Double Six, bronze) par C\u00e9cile Raynal - achetez en ligne cette \u0153uvre d\u2019art originale avec son certificat d\u2019authenticit\u00e9 et b\u00e9n\u00e9ficiez de notre service premium.","og_url":"https:\/\/artistics.com\/fr\/oeuvre\/lievre-double-six-bronze\/","og_site_name":"Artistics","article_publisher":"https:\/\/www.facebook.com\/ArtisticsMag","article_modified_time":"2025-06-13T08:41:59+00:00","og_image":[{"width":1331,"height":2000,"url":"https:\/\/artistics.com\/wp-content\/uploads\/2024\/08\/adolescent-contemporary-portrait-sculpture-by-cecile-raynal-15.jpeg","type":"image\/jpeg"}],"twitter_card":"summary_large_image","twitter_site":"@Artistics_FR","twitter_misc":{"Prix":"19 500&nbsp;&euro;","Disponibilit\u00e9":"En stock"},"schema":{"@context":"https:\/\/schema.org","@graph":[{"@type":["WebPage","ItemPage"],"@id":"https:\/\/artistics.com\/fr\/oeuvre\/lievre-double-six-bronze\/","url":"https:\/\/artistics.com\/fr\/oeuvre\/lievre-double-six-bronze\/","name":"Li\u00e8vre (Double Six, bronze) par C\u00e9cile Raynal - Sculpture contemporaine | Artistics","isPartOf":{"@id":"https:\/\/artistics.com\/fr\/#website"},"primaryImageOfPage":{"@id":"https:\/\/artistics.com\/fr\/oeuvre\/lievre-double-six-bronze\/#primaryimage"},"image":{"@id":"https:\/\/artistics.com\/fr\/oeuvre\/lievre-double-six-bronze\/#primaryimage"},"thumbnailUrl":"https:\/\/artistics.com\/wp-content\/uploads\/2024\/08\/adolescent-contemporary-portrait-sculpture-by-cecile-raynal-15.jpeg","datePublished":"2024-12-03T16:13:28+00:00","dateModified":"2025-06-13T08:41:59+00:00","description":"Li\u00e8vre (Double Six, bronze) par C\u00e9cile Raynal - achetez en ligne cette \u0153uvre d\u2019art originale avec son certificat d\u2019authenticit\u00e9 et b\u00e9n\u00e9ficiez de notre service premium.","breadcrumb":{"@id":"https:\/\/artistics.com\/fr\/oeuvre\/lievre-double-six-bronze\/#breadcrumb"},"inLanguage":"fr-FR","potentialAction":[{"@type":"ReadAction","target":["https:\/\/artistics.com\/fr\/oeuvre\/lievre-double-six-bronze\/"]}]},{"@type":"ImageObject","inLanguage":"fr-FR","@id":"https:\/\/artistics.com\/fr\/oeuvre\/lievre-double-six-bronze\/#primaryimage","url":"https:\/\/artistics.com\/wp-content\/uploads\/2024\/08\/adolescent-contemporary-portrait-sculpture-by-cecile-raynal-15.jpeg","contentUrl":"https:\/\/artistics.com\/wp-content\/uploads\/2024\/08\/adolescent-contemporary-portrait-sculpture-by-cecile-raynal-15.jpeg","width":1331,"height":2000},{"@type":"BreadcrumbList","@id":"https:\/\/artistics.com\/fr\/oeuvre\/lievre-double-six-bronze\/#breadcrumb","itemListElement":[{"@type":"ListItem","position":1,"name":"Achat \u0153uvre d'art","item":"https:\/\/artistics.com\/fr\/"},{"@type":"ListItem","position":2,"name":"Galerie","item":"https:\/\/artistics.com\/fr\/galerie\/"},{"@type":"ListItem","position":3,"name":"Sculpture contemporaine","item":"https:\/\/artistics.com\/fr\/categorie-oeuvre\/sculpture-contemporaine\/"},{"@type":"ListItem","position":4,"name":"Li\u00e8vre (Double Six, bronze)"}]},{"@type":"WebSite","@id":"https:\/\/artistics.com\/fr\/#website","url":"https:\/\/artistics.com\/fr\/","name":"Artistics","description":"The online art gallery","publisher":{"@id":"https:\/\/artistics.com\/fr\/#organization"},"potentialAction":[{"@type":"SearchAction","target":{"@type":"EntryPoint","urlTemplate":"https:\/\/artistics.com\/fr\/?s={search_term_string}"},"query-input":{"@type":"PropertyValueSpecification","valueRequired":true,"valueName":"search_term_string"}}],"inLanguage":"fr-FR"},{"@type":"Organization","@id":"https:\/\/artistics.com\/fr\/#organization","name":"Artistics","url":"https:\/\/artistics.com\/fr\/","logo":{"@type":"ImageObject","inLanguage":"fr-FR","@id":"https:\/\/artistics.com\/fr\/#\/schema\/logo\/image\/","url":"https:\/\/artistics.com\/wp-content\/uploads\/2023\/02\/artistics-logo-web-1.svg","contentUrl":"https:\/\/artistics.com\/wp-content\/uploads\/2023\/02\/artistics-logo-web-1.svg","caption":"Artistics"},"image":{"@id":"https:\/\/artistics.com\/fr\/#\/schema\/logo\/image\/"},"sameAs":["https:\/\/www.facebook.com\/ArtisticsMag","https:\/\/x.com\/Artistics_FR","http:\/\/www.linkedin.com\/company\/artistics","https:\/\/www.instagram.com\/artistics_com\/","http:\/\/www.pinterest.com\/ArtisticsMag"],"hasMerchantReturnPolicy":{"@type":"MerchantReturnPolicy","merchantReturnLink":"https:\/\/artistics.com\/free-return-policy\/"}}]},"product_price_amount":"19500","product_price_currency":"EUR","og_availability":"instock","product_availability":"instock","product_condition":"new"},"_links":{"self":[{"href":"https:\/\/artistics.com\/fr\/wp-json\/wp\/v2\/product\/72422","targetHints":{"allow":["GET"]}}],"collection":[{"href":"https:\/\/artistics.com\/fr\/wp-json\/wp\/v2\/product"}],"about":[{"href":"https:\/\/artistics.com\/fr\/wp-json\/wp\/v2\/types\/product"}],"acf:term":[{"embeddable":true,"taxonomy":"series","href":"https:\/\/artistics.com\/fr\/wp-json\/wp\/v2\/series\/2270"},{"embeddable":true,"taxonomy":"product_tag","href":"https:\/\/artistics.com\/fr\/wp-json\/wp\/v2\/product_tag\/368"},{"embeddable":true,"taxonomy":"product_cat","href":"https:\/\/artistics.com\/fr\/wp-json\/wp\/v2\/product_cat\/238"},{"embeddable":true,"taxonomy":"product_cat","href":"https:\/\/artistics.com\/fr\/wp-json\/wp\/v2\/product_cat\/215"},{"embeddable":true,"taxonomy":"product_cat","href":"https:\/\/artistics.com\/fr\/wp-json\/wp\/v2\/product_cat\/190"},{"embeddable":true,"taxonomy":"product_cat","href":"https:\/\/artistics.com\/fr\/wp-json\/wp\/v2\/product_cat\/192"},{"embeddable":true,"taxonomy":"product_cat","href":"https:\/\/artistics.com\/fr\/wp-json\/wp\/v2\/product_cat\/209"},{"embeddable":true,"taxonomy":"product_cat","href":"https:\/\/artistics.com\/fr\/wp-json\/wp\/v2\/product_cat\/205"},{"embeddable":true,"taxonomy":"product_cat","href":"https:\/\/artistics.com\/fr\/wp-json\/wp\/v2\/product_cat\/213"},{"embeddable":true,"taxonomy":"product_cat","href":"https:\/\/artistics.com\/fr\/wp-json\/wp\/v2\/product_cat\/164"}],"acf:post":[{"embeddable":true,"href":"https:\/\/artistics.com\/fr\/wp-json\/wp\/v2\/artist\/2769"}],"wp:featuredmedia":[{"embeddable":true,"href":"https:\/\/artistics.com\/fr\/wp-json\/wp\/v2\/media\/63216"}],"wp:attachment":[{"href":"https:\/\/artistics.com\/fr\/wp-json\/wp\/v2\/media?parent=72422"}],"wp:term":[{"taxonomy":"product_cat","embeddable":true,"href":"https:\/\/artistics.com\/fr\/wp-json\/wp\/v2\/product_cat?post=72422"},{"taxonomy":"product_tag","embeddable":true,"href":"https:\/\/artistics.com\/fr\/wp-json\/wp\/v2\/product_tag?post=72422"},{"taxonomy":"series","embeddable":true,"href":"https:\/\/artistics.com\/fr\/wp-json\/wp\/v2\/series?post=72422"}],"curies":[{"name":"wp","href":"https:\/\/api.w.org\/{rel}","templated":true}]}}