{"id":72334,"date":"2024-12-02T16:30:14","date_gmt":"2024-12-02T15:30:14","guid":{"rendered":"https:\/\/artistics.com\/?post_type=product&#038;p=72334"},"modified":"2024-12-19T12:36:49","modified_gmt":"2024-12-19T11:36:49","slug":"gaol-wing","status":"publish","type":"product","link":"https:\/\/artistics.com\/fr\/oeuvre\/gaol-wing\/","title":{"rendered":"Gaol Wing"},"content":{"rendered":"","protected":false},"excerpt":{"rendered":"","protected":false},"featured_media":72184,"template":"","meta":{"_acf_changed":false,"_searchwp_excluded":"","inline_featured_image":false},"product_cat":[191,228,235,215,197,216,163,200],"product_tag":[],"series":[],"class_list":{"0":"post-72334","1":"product","2":"type-product","3":"status-publish","4":"has-post-thumbnail","6":"product_cat-architectures","7":"product_cat-couleurs-vives","8":"product_cat-de-1000-a-3000-e","9":"product_cat-grand","10":"product_cat-lieux-abandonnes","11":"product_cat-moyen","12":"product_cat-photographie-contemporaine","13":"product_cat-photographie-darchitecture","15":"first","16":"instock","17":"shipping-taxable","18":"purchasable","19":"product-type-variable","20":"has-default-attributes"},"acf":{"artwork_artist":[2779],"artwork_medium":163,"artwork_categories":[200,197],"artwork_overall-tones":[228],"artwork_main-material":[],"artwork_art-genre":[191],"artwork_art-movement":[],"artwork_miscellaneous":[],"artwork_formats":[216,216,215],"artwork_price-ranges":[235],"artwork_main_subject":[],"artwork_technique":[],"artwork_featured_location":[],"artwork_dominant_color":[],"artwork_physical_attributes":[],"artwork_creation_date":"20240101","artwork_unique_piece":false,"artwork_description":"Impression Giclee sur papier Fine Art","artwork_signature":"x","artwork_authenticity":"L\u2019\u0153uvre est vendue avec un certificat d\u2019authenticit\u00e9 sign\u00e9 par l\u2019artiste.","artwork_framing":"unframed","artwork_has_custom_framing_info":false,"artwork_custom_framing_info":"Not specified","artwork_location_country":"GB","artwork_location_city":"Earley","artwork_location_zipcode":"RG67DH","artwork_shipment_type":"2D_rolled_artwork","artwork_shipping_delivery":"photography_production_time","artwork_has_custom_shipping_delivery_info":false,"artwork_custom_shipping_delivery_info":"Not specified","artwork_360_view_url":"","artwork_video_url":"","artwork_video_format":[],"artwork_preview_type":"featured_image","artwork_reserved":false,"artwork_hide_price":false,"artwork_about":"<p class=\"product-single__title\"><strong><em>Gaol Wing<\/em><\/strong> est une photographie de Gina Soden repr\u00e9sentant une institution en style n\u00e9o-Tudor abandonn\u00e9e, construite au milieu du 19e si\u00e8cle.<\/p>\r\n\r\n<div class=\"flex max-w-full flex-col flex-grow\">\r\n<div class=\"min-h-8 text-message flex w-full flex-col items-end gap-2 whitespace-normal break-words [.text-message+&amp;]:mt-5\" dir=\"auto\" data-message-author-role=\"assistant\" data-message-id=\"04f01bdf-8110-41f1-a109-f8e5beb4acb6\" data-message-model-slug=\"gpt-4o-mini\">\r\n<div class=\"flex w-full flex-col gap-1 empty:hidden first:pt-[3px]\">\r\n<div class=\"markdown prose w-full break-words dark:prose-invert light\">\r\n\r\nLes ailes des cellules d'origine et la tour centrale du b\u00e2timent ont \u00e9t\u00e9 conserv\u00e9es et cette image montre l'une de ces ailes. Ce lieu est connu pour \u00eatre le site o\u00f9 Oscar Wilde a \u00e9t\u00e9 emprisonn\u00e9 de 1895 \u00e0 1897 pour avoir eu une relation avec un homme, ce qui \u00e9tait ill\u00e9gal \u00e0 l'\u00e9poque. Apr\u00e8s sa lib\u00e9ration, il a \u00e9crit un c\u00e9l\u00e8bre po\u00e8me sur son exp\u00e9rience \u00e0 la prison. L'institution appliquait le \u00ab syst\u00e8me s\u00e9par\u00e9 \u00bb, qui consistait \u00e0 isoler totalement les prisonniers les uns des autres et \u00e0 les soumettre \u00e0 des travaux forc\u00e9s. En 2013, le gouvernement a annonc\u00e9 sa fermeture d\u00e9finitive en raison des co\u00fbts \u00e9lev\u00e9s de fonctionnement.\r\n\r\n<\/div>\r\n<\/div>\r\n<\/div>\r\n<\/div>\r\n<p class=\"p1\">Adepte de l\u2019exploration urbaine, Gina Soden est fascin\u00e9e par les ruines et les lieux abandonn\u00e9s. Son travail photographique poss\u00e8de une grande po\u00e9sie\u00a0: l\u2019artiste parvient \u00e0 rendre \u00e0 l\u2019architecture de ces lieux la beaut\u00e9 qu\u2019elle a perdue ou qu\u2019elle n\u2019a jamais eue. Avec un traitement pictural de ses photographies et une approche artistique lyrique, Gina Soden r\u00e9veille la magie qui habite ces espaces en leur donnant, par ses compositions \u00e9tudi\u00e9es et sym\u00e9triques, une allure triomphante. Son travail a \u00e9t\u00e9 r\u00e9compens\u00e9 par plusieurs prix et l'une de ses photographies a \u00e9t\u00e9 pr\u00e9sent\u00e9e par la Royal Academy of Arts (Londres) dans le cadre de la Summer Exhibition 2022.<\/p>\r\n<p class=\"p1\">\u00ab <i>Ce qui me fascine dans les ruines, c\u2019est la couleur et la texture. Mais aussi, je suis tr\u00e8s exigeante sur la sym\u00e9trie et la composition. Si je peux combiner tous ces \u00e9l\u00e9ments, alors je suis parfaitement heureuse.<\/i> \u00bb<\/p>\r\nCette photographie est disponible seulement en \u00e9dition limit\u00e9e. Les dimensions indiqu\u00e9es incluent les marges blanches (d\u00e9tails des dimensions ci-dessous).\r\n\r\nPetit format : Dimensions du papier - 44.64 x 64.96 cm \/ Dimensions de l\u2019image - 40.64 x 60.96 cm\r\n\r\nMoyen format : Dimensions du papier - 74 x 109 cm \/ Dimensions de l\u2019image - 70 x 105 cm\r\n\r\nLarge format : Dimensions du papier - 101.6 x 152.4 cm \/ Dimensions de l\u2019image - 96.52 x 144.78 cm\r\n\r\n&nbsp;","artwork_series":[],"artwork_query_group":"10","artwork_lowest_grid_position":1,"artwork_random_position":727359,"explicit_sensitive_content":false,"drupal_id":"10243"},"yoast_head":"<!-- This site is optimized with the Yoast SEO Premium plugin v27.3 (Yoast SEO v27.3) - https:\/\/yoast.com\/product\/yoast-seo-premium-wordpress\/ -->\n<title>Gaol Wing par Gina Soden - Photographie contemporaine | Artistics<\/title>\n<meta name=\"description\" content=\"Gaol Wing par Gina Soden - achetez en ligne cette \u0153uvre d\u2019art originale avec son certificat d\u2019authenticit\u00e9 et b\u00e9n\u00e9ficiez de notre service premium.\" \/>\n<meta name=\"robots\" content=\"index, follow, max-snippet:-1, max-image-preview:large, max-video-preview:-1\" \/>\n<link rel=\"canonical\" href=\"https:\/\/artistics.com\/fr\/oeuvre\/gaol-wing\/\" \/>\n<meta property=\"og:locale\" content=\"fr_FR\" \/>\n<meta property=\"og:type\" content=\"article\" \/>\n<meta property=\"og:title\" content=\"Gaol Wing\" \/>\n<meta property=\"og:description\" content=\"Gaol Wing par Gina Soden - achetez en ligne cette \u0153uvre d\u2019art originale avec son certificat d\u2019authenticit\u00e9 et b\u00e9n\u00e9ficiez de notre service premium.\" \/>\n<meta property=\"og:url\" content=\"https:\/\/artistics.com\/fr\/oeuvre\/gaol-wing\/\" \/>\n<meta property=\"og:site_name\" content=\"Artistics\" \/>\n<meta property=\"article:publisher\" content=\"https:\/\/www.facebook.com\/ArtisticsMag\" \/>\n<meta property=\"article:modified_time\" content=\"2024-12-19T11:36:49+00:00\" \/>\n<meta property=\"og:image\" content=\"https:\/\/artistics.com\/wp-content\/uploads\/2024\/12\/gaol-wing-urbex-photography-by-gina-soden-1-1024x683.jpg\" \/>\n\t<meta property=\"og:image:width\" content=\"1024\" \/>\n\t<meta property=\"og:image:height\" content=\"683\" \/>\n\t<meta property=\"og:image:type\" content=\"image\/jpeg\" \/>\n<meta name=\"twitter:card\" content=\"summary_large_image\" \/>\n<meta name=\"twitter:site\" content=\"@Artistics_FR\" \/>\n<meta name=\"twitter:label1\" content=\"Disponibilit\u00e9\" \/>\n\t<meta name=\"twitter:data1\" content=\"En stock\" \/>\n<script type=\"application\/ld+json\" class=\"yoast-schema-graph\">{\"@context\":\"https:\\\/\\\/schema.org\",\"@graph\":[{\"@type\":[\"WebPage\",\"ItemPage\"],\"@id\":\"https:\\\/\\\/artistics.com\\\/fr\\\/oeuvre\\\/gaol-wing\\\/\",\"url\":\"https:\\\/\\\/artistics.com\\\/fr\\\/oeuvre\\\/gaol-wing\\\/\",\"name\":\"Gaol Wing par Gina Soden - Photographie contemporaine | Artistics\",\"isPartOf\":{\"@id\":\"https:\\\/\\\/artistics.com\\\/fr\\\/#website\"},\"primaryImageOfPage\":{\"@id\":\"https:\\\/\\\/artistics.com\\\/fr\\\/oeuvre\\\/gaol-wing\\\/#primaryimage\"},\"image\":{\"@id\":\"https:\\\/\\\/artistics.com\\\/fr\\\/oeuvre\\\/gaol-wing\\\/#primaryimage\"},\"thumbnailUrl\":\"https:\\\/\\\/artistics.com\\\/wp-content\\\/uploads\\\/2024\\\/12\\\/gaol-wing-urbex-photography-by-gina-soden-1.jpg\",\"datePublished\":\"2024-12-02T15:30:14+00:00\",\"dateModified\":\"2024-12-19T11:36:49+00:00\",\"description\":\"Gaol Wing par Gina Soden - achetez en ligne cette \u0153uvre d\u2019art originale avec son certificat d\u2019authenticit\u00e9 et b\u00e9n\u00e9ficiez de notre service premium.\",\"breadcrumb\":{\"@id\":\"https:\\\/\\\/artistics.com\\\/fr\\\/oeuvre\\\/gaol-wing\\\/#breadcrumb\"},\"inLanguage\":\"fr-FR\",\"potentialAction\":[{\"@type\":\"ReadAction\",\"target\":[\"https:\\\/\\\/artistics.com\\\/fr\\\/oeuvre\\\/gaol-wing\\\/\"]}]},{\"@type\":\"ImageObject\",\"inLanguage\":\"fr-FR\",\"@id\":\"https:\\\/\\\/artistics.com\\\/fr\\\/oeuvre\\\/gaol-wing\\\/#primaryimage\",\"url\":\"https:\\\/\\\/artistics.com\\\/wp-content\\\/uploads\\\/2024\\\/12\\\/gaol-wing-urbex-photography-by-gina-soden-1.jpg\",\"contentUrl\":\"https:\\\/\\\/artistics.com\\\/wp-content\\\/uploads\\\/2024\\\/12\\\/gaol-wing-urbex-photography-by-gina-soden-1.jpg\",\"width\":1900,\"height\":1267},{\"@type\":\"BreadcrumbList\",\"@id\":\"https:\\\/\\\/artistics.com\\\/fr\\\/oeuvre\\\/gaol-wing\\\/#breadcrumb\",\"itemListElement\":[{\"@type\":\"ListItem\",\"position\":1,\"name\":\"Achat \u0153uvre d'art\",\"item\":\"https:\\\/\\\/artistics.com\\\/fr\\\/\"},{\"@type\":\"ListItem\",\"position\":2,\"name\":\"Galerie\",\"item\":\"https:\\\/\\\/artistics.com\\\/fr\\\/galerie\\\/\"},{\"@type\":\"ListItem\",\"position\":3,\"name\":\"Photographie contemporaine\",\"item\":\"https:\\\/\\\/artistics.com\\\/fr\\\/categorie-oeuvre\\\/photographie-contemporaine\\\/\"},{\"@type\":\"ListItem\",\"position\":4,\"name\":\"Gaol Wing\"}]},{\"@type\":\"WebSite\",\"@id\":\"https:\\\/\\\/artistics.com\\\/fr\\\/#website\",\"url\":\"https:\\\/\\\/artistics.com\\\/fr\\\/\",\"name\":\"Artistics\",\"description\":\"The online art gallery\",\"publisher\":{\"@id\":\"https:\\\/\\\/artistics.com\\\/fr\\\/#organization\"},\"potentialAction\":[{\"@type\":\"SearchAction\",\"target\":{\"@type\":\"EntryPoint\",\"urlTemplate\":\"https:\\\/\\\/artistics.com\\\/fr\\\/?s={search_term_string}\"},\"query-input\":{\"@type\":\"PropertyValueSpecification\",\"valueRequired\":true,\"valueName\":\"search_term_string\"}}],\"inLanguage\":\"fr-FR\"},{\"@type\":\"Organization\",\"@id\":\"https:\\\/\\\/artistics.com\\\/fr\\\/#organization\",\"name\":\"Artistics\",\"url\":\"https:\\\/\\\/artistics.com\\\/fr\\\/\",\"logo\":{\"@type\":\"ImageObject\",\"inLanguage\":\"fr-FR\",\"@id\":\"https:\\\/\\\/artistics.com\\\/fr\\\/#\\\/schema\\\/logo\\\/image\\\/\",\"url\":\"https:\\\/\\\/artistics.com\\\/wp-content\\\/uploads\\\/2023\\\/02\\\/artistics-logo-web-1.svg\",\"contentUrl\":\"https:\\\/\\\/artistics.com\\\/wp-content\\\/uploads\\\/2023\\\/02\\\/artistics-logo-web-1.svg\",\"caption\":\"Artistics\"},\"image\":{\"@id\":\"https:\\\/\\\/artistics.com\\\/fr\\\/#\\\/schema\\\/logo\\\/image\\\/\"},\"sameAs\":[\"https:\\\/\\\/www.facebook.com\\\/ArtisticsMag\",\"https:\\\/\\\/x.com\\\/Artistics_FR\",\"http:\\\/\\\/www.linkedin.com\\\/company\\\/artistics\",\"https:\\\/\\\/www.instagram.com\\\/artistics_com\\\/\",\"http:\\\/\\\/www.pinterest.com\\\/ArtisticsMag\"],\"hasMerchantReturnPolicy\":{\"@type\":\"MerchantReturnPolicy\",\"merchantReturnLink\":\"https:\\\/\\\/artistics.com\\\/free-return-policy\\\/\"}}]}<\/script>\n<meta property=\"og:availability\" content=\"instock\" \/>\n<meta property=\"product:availability\" content=\"instock\" \/>\n<meta property=\"product:retailer_item_id\" content=\"10244-4-1\" \/>\n<meta property=\"product:condition\" content=\"new\" \/>\n<!-- \/ Yoast SEO Premium plugin. -->","yoast_head_json":{"title":"Gaol Wing par Gina Soden - Photographie contemporaine | Artistics","description":"Gaol Wing par Gina Soden - achetez en ligne cette \u0153uvre d\u2019art originale avec son certificat d\u2019authenticit\u00e9 et b\u00e9n\u00e9ficiez de notre service premium.","robots":{"index":"index","follow":"follow","max-snippet":"max-snippet:-1","max-image-preview":"max-image-preview:large","max-video-preview":"max-video-preview:-1"},"canonical":"https:\/\/artistics.com\/fr\/oeuvre\/gaol-wing\/","og_locale":"fr_FR","og_type":"article","og_title":"Gaol Wing","og_description":"Gaol Wing par Gina Soden - achetez en ligne cette \u0153uvre d\u2019art originale avec son certificat d\u2019authenticit\u00e9 et b\u00e9n\u00e9ficiez de notre service premium.","og_url":"https:\/\/artistics.com\/fr\/oeuvre\/gaol-wing\/","og_site_name":"Artistics","article_publisher":"https:\/\/www.facebook.com\/ArtisticsMag","article_modified_time":"2024-12-19T11:36:49+00:00","og_image":[{"width":1024,"height":683,"url":"https:\/\/artistics.com\/wp-content\/uploads\/2024\/12\/gaol-wing-urbex-photography-by-gina-soden-1-1024x683.jpg","type":"image\/jpeg"}],"twitter_card":"summary_large_image","twitter_site":"@Artistics_FR","twitter_misc":{"Disponibilit\u00e9":"En stock"},"schema":{"@context":"https:\/\/schema.org","@graph":[{"@type":["WebPage","ItemPage"],"@id":"https:\/\/artistics.com\/fr\/oeuvre\/gaol-wing\/","url":"https:\/\/artistics.com\/fr\/oeuvre\/gaol-wing\/","name":"Gaol Wing par Gina Soden - Photographie contemporaine | Artistics","isPartOf":{"@id":"https:\/\/artistics.com\/fr\/#website"},"primaryImageOfPage":{"@id":"https:\/\/artistics.com\/fr\/oeuvre\/gaol-wing\/#primaryimage"},"image":{"@id":"https:\/\/artistics.com\/fr\/oeuvre\/gaol-wing\/#primaryimage"},"thumbnailUrl":"https:\/\/artistics.com\/wp-content\/uploads\/2024\/12\/gaol-wing-urbex-photography-by-gina-soden-1.jpg","datePublished":"2024-12-02T15:30:14+00:00","dateModified":"2024-12-19T11:36:49+00:00","description":"Gaol Wing par Gina Soden - achetez en ligne cette \u0153uvre d\u2019art originale avec son certificat d\u2019authenticit\u00e9 et b\u00e9n\u00e9ficiez de notre service premium.","breadcrumb":{"@id":"https:\/\/artistics.com\/fr\/oeuvre\/gaol-wing\/#breadcrumb"},"inLanguage":"fr-FR","potentialAction":[{"@type":"ReadAction","target":["https:\/\/artistics.com\/fr\/oeuvre\/gaol-wing\/"]}]},{"@type":"ImageObject","inLanguage":"fr-FR","@id":"https:\/\/artistics.com\/fr\/oeuvre\/gaol-wing\/#primaryimage","url":"https:\/\/artistics.com\/wp-content\/uploads\/2024\/12\/gaol-wing-urbex-photography-by-gina-soden-1.jpg","contentUrl":"https:\/\/artistics.com\/wp-content\/uploads\/2024\/12\/gaol-wing-urbex-photography-by-gina-soden-1.jpg","width":1900,"height":1267},{"@type":"BreadcrumbList","@id":"https:\/\/artistics.com\/fr\/oeuvre\/gaol-wing\/#breadcrumb","itemListElement":[{"@type":"ListItem","position":1,"name":"Achat \u0153uvre d'art","item":"https:\/\/artistics.com\/fr\/"},{"@type":"ListItem","position":2,"name":"Galerie","item":"https:\/\/artistics.com\/fr\/galerie\/"},{"@type":"ListItem","position":3,"name":"Photographie contemporaine","item":"https:\/\/artistics.com\/fr\/categorie-oeuvre\/photographie-contemporaine\/"},{"@type":"ListItem","position":4,"name":"Gaol Wing"}]},{"@type":"WebSite","@id":"https:\/\/artistics.com\/fr\/#website","url":"https:\/\/artistics.com\/fr\/","name":"Artistics","description":"The online art gallery","publisher":{"@id":"https:\/\/artistics.com\/fr\/#organization"},"potentialAction":[{"@type":"SearchAction","target":{"@type":"EntryPoint","urlTemplate":"https:\/\/artistics.com\/fr\/?s={search_term_string}"},"query-input":{"@type":"PropertyValueSpecification","valueRequired":true,"valueName":"search_term_string"}}],"inLanguage":"fr-FR"},{"@type":"Organization","@id":"https:\/\/artistics.com\/fr\/#organization","name":"Artistics","url":"https:\/\/artistics.com\/fr\/","logo":{"@type":"ImageObject","inLanguage":"fr-FR","@id":"https:\/\/artistics.com\/fr\/#\/schema\/logo\/image\/","url":"https:\/\/artistics.com\/wp-content\/uploads\/2023\/02\/artistics-logo-web-1.svg","contentUrl":"https:\/\/artistics.com\/wp-content\/uploads\/2023\/02\/artistics-logo-web-1.svg","caption":"Artistics"},"image":{"@id":"https:\/\/artistics.com\/fr\/#\/schema\/logo\/image\/"},"sameAs":["https:\/\/www.facebook.com\/ArtisticsMag","https:\/\/x.com\/Artistics_FR","http:\/\/www.linkedin.com\/company\/artistics","https:\/\/www.instagram.com\/artistics_com\/","http:\/\/www.pinterest.com\/ArtisticsMag"],"hasMerchantReturnPolicy":{"@type":"MerchantReturnPolicy","merchantReturnLink":"https:\/\/artistics.com\/free-return-policy\/"}}]},"og_availability":"instock","product_availability":"instock","product_retailer_item_id":"10244-4-1","product_condition":"new"},"_links":{"self":[{"href":"https:\/\/artistics.com\/fr\/wp-json\/wp\/v2\/product\/72334","targetHints":{"allow":["GET"]}}],"collection":[{"href":"https:\/\/artistics.com\/fr\/wp-json\/wp\/v2\/product"}],"about":[{"href":"https:\/\/artistics.com\/fr\/wp-json\/wp\/v2\/types\/product"}],"acf:term":[{"embeddable":true,"taxonomy":"product_cat","href":"https:\/\/artistics.com\/fr\/wp-json\/wp\/v2\/product_cat\/235"},{"embeddable":true,"taxonomy":"product_cat","href":"https:\/\/artistics.com\/fr\/wp-json\/wp\/v2\/product_cat\/215"},{"embeddable":true,"taxonomy":"product_cat","href":"https:\/\/artistics.com\/fr\/wp-json\/wp\/v2\/product_cat\/216"},{"embeddable":true,"taxonomy":"product_cat","href":"https:\/\/artistics.com\/fr\/wp-json\/wp\/v2\/product_cat\/191"},{"embeddable":true,"taxonomy":"product_cat","href":"https:\/\/artistics.com\/fr\/wp-json\/wp\/v2\/product_cat\/228"},{"embeddable":true,"taxonomy":"product_cat","href":"https:\/\/artistics.com\/fr\/wp-json\/wp\/v2\/product_cat\/197"},{"embeddable":true,"taxonomy":"product_cat","href":"https:\/\/artistics.com\/fr\/wp-json\/wp\/v2\/product_cat\/200"},{"embeddable":true,"taxonomy":"product_cat","href":"https:\/\/artistics.com\/fr\/wp-json\/wp\/v2\/product_cat\/163"}],"acf:post":[{"embeddable":true,"href":"https:\/\/artistics.com\/fr\/wp-json\/wp\/v2\/artist\/2779"}],"wp:featuredmedia":[{"embeddable":true,"href":"https:\/\/artistics.com\/fr\/wp-json\/wp\/v2\/media\/72184"}],"wp:attachment":[{"href":"https:\/\/artistics.com\/fr\/wp-json\/wp\/v2\/media?parent=72334"}],"wp:term":[{"taxonomy":"product_cat","embeddable":true,"href":"https:\/\/artistics.com\/fr\/wp-json\/wp\/v2\/product_cat?post=72334"},{"taxonomy":"product_tag","embeddable":true,"href":"https:\/\/artistics.com\/fr\/wp-json\/wp\/v2\/product_tag?post=72334"},{"taxonomy":"series","embeddable":true,"href":"https:\/\/artistics.com\/fr\/wp-json\/wp\/v2\/series?post=72334"}],"curies":[{"name":"wp","href":"https:\/\/api.w.org\/{rel}","templated":true}]}}