{"id":71500,"date":"2024-11-21T13:02:41","date_gmt":"2024-11-21T12:02:41","guid":{"rendered":"https:\/\/artistics.com\/?post_type=product&#038;p=71500"},"modified":"2024-11-26T12:13:51","modified_gmt":"2024-11-26T11:13:51","slug":"celebration-dun-jour-nouveau","status":"publish","type":"product","link":"https:\/\/artistics.com\/fr\/oeuvre\/celebration-dun-jour-nouveau\/","title":{"rendered":"C\u00e9l\u00e9bration d&rsquo;un jour nouveau"},"content":{"rendered":"","protected":false},"excerpt":{"rendered":"","protected":false},"featured_media":71137,"template":"","meta":{"_acf_changed":false,"_searchwp_excluded":"","inline_featured_image":false},"product_cat":[162,170,172,192,194,216,236],"product_tag":[515,572],"series":[2445],"class_list":{"0":"post-71500","1":"product","2":"type-product","3":"status-publish","4":"has-post-thumbnail","6":"product_cat-peinture-contemporaine","7":"product_cat-peinture-figurative","8":"product_cat-tableau-nature-et-paysage","9":"product_cat-art-figuratif","10":"product_cat-nature-et-paysage","11":"product_cat-moyen","12":"product_cat-de-3000-a-10-000-e","13":"product_tag-foret","14":"product_tag-vert","15":"series-gerard-priault-forets-imaginaires","17":"first","18":"instock","19":"shipping-taxable","20":"purchasable","21":"product-type-simple"},"acf":{"artwork_artist":[71156],"artwork_medium":162,"artwork_categories":[170,172],"artwork_overall-tones":[],"artwork_main-material":[],"artwork_art-genre":[194],"artwork_art-movement":[192],"artwork_miscellaneous":[],"artwork_formats":[216],"artwork_price-ranges":[236],"artwork_main_subject":[515],"artwork_technique":[],"artwork_featured_location":[],"artwork_dominant_color":[572],"artwork_physical_attributes":[],"artwork_creation_date":null,"artwork_unique_piece":true,"artwork_description":"Huile sur toile","artwork_signature":"\u0152uvre sign\u00e9e","artwork_authenticity":"L\u2019\u0153uvre est vendue avec un certificat d\u2019authenticit\u00e9 sign\u00e9 par l\u2019artiste.","artwork_framing":"unframed","artwork_has_custom_framing_info":false,"artwork_custom_framing_info":"Not specified","artwork_location_country":"","artwork_location_city":"","artwork_location_zipcode":"","artwork_shipment_type":"2D_flat_artwork","artwork_shipping_delivery":"painting_immediate_availability","artwork_has_custom_shipping_delivery_info":false,"artwork_custom_shipping_delivery_info":"Not specified","artwork_360_view_url":"","artwork_video_url":"","artwork_video_format":[],"artwork_preview_type":"auto","artwork_reserved":false,"artwork_hide_price":false,"artwork_about":"<em><strong>C\u00e9l\u00e9bration d'un jour nouveau <\/strong><\/em><span class=\"TextRun SCXW257149922 BCX2\" lang=\"FR-FR\" xml:lang=\"FR-FR\" data-contrast=\"auto\"><span class=\"NormalTextRun SCXW257149922 BCX2\">est un tableau \u00e0 l\u2019huile de l\u2019artiste fran\u00e7ais G\u00e9rard Priault<\/span><span class=\"NormalTextRun SCXW257149922 BCX2\"> repr\u00e9sentant<\/span><span class=\"NormalTextRun SCXW257149922 BCX2\"> une for<\/span><span class=\"NormalTextRun SCXW257149922 BCX2\">\u00eat tropicale. <\/span><\/span>\r\n\r\n<span class=\"TextRun SCXW161878995 BCX2\" lang=\"FR-FR\" xml:lang=\"FR-FR\" data-contrast=\"auto\"><span class=\"NormalTextRun SCXW161878995 BCX2\">Dans ce tableau, l\u2019horizon s\u00e9pare le ciel de la terre\u202f; la perspective a\u00e9rienne\u202fpermet \u00e0 l\u2019observateur de survoler la for\u00eat. <span class=\"TextRun SCXW132282469 BCX2\" lang=\"FR-FR\" xml:lang=\"FR-FR\" data-contrast=\"auto\"><span class=\"NormalTextRun SCXW132282469 BCX2\">Le ciel <\/span><span class=\"NormalTextRun SCXW132282469 BCX2\">au-dessus de<\/span><span class=\"NormalTextRun SCXW132282469 BCX2\"> la v\u00e9g\u00e9tation est<\/span><span class=\"NormalTextRun SCXW132282469 BCX2\"> nuageux, \u00e9clairci par une source lumineuse qui perce les nuages <\/span><span class=\"NormalTextRun SCXW132282469 BCX2\">et donne<\/span><span class=\"NormalTextRun SCXW132282469 BCX2\"> de la profondeur<\/span><span class=\"NormalTextRun SCXW132282469 BCX2\"> au paysage<\/span><span class=\"NormalTextRun SCXW132282469 BCX2\">.<\/span><\/span>\r\n<\/span><\/span>\r\n\r\n<span data-contrast=\"auto\">G\u00e9rard Priault trouve son inspiration dans la nature\u202f: pendant ses nombreux voyages dans les for\u00eats tropicales du monde entier, l\u2019artiste s\u2019immerge d\u2019une fa\u00e7on presque contemplative dans la nature vierge et se laisse totalement impr\u00e9gner par ses \u00e9l\u00e9ments. Pourtant, ses tableaux ne repr\u00e9sentent pas des for\u00eats r\u00e9elles mais produites par son imagination, \u00e0 partir de souvenirs et d\u2019impressions personnels. L\u2019observateur est invit\u00e9 \u00e0 voyager dans ces paysages \u00e0 l\u2019atmosph\u00e8re myst\u00e9rieuse et presque onirique\u202f: il peut imaginer les bruits des oiseaux et des singes, ressentir l\u2019humidit\u00e9 de l\u2019air et de la brume, s\u2019\u00e9tonner devant les couleurs intenses de la v\u00e9g\u00e9tation.\u00a0\u00a0<\/span><span data-ccp-props=\"{&quot;335551550&quot;:6,&quot;335551620&quot;:6}\">\u00a0<\/span>\r\n\r\n<span data-contrast=\"auto\">Gr\u00e2ce \u00e0 une technique pr\u00e9cise et m\u00e9ticuleuse, l\u2019artiste construit le paysage arbre apr\u00e8s arbre, feuille apr\u00e8s feuille. Le processus de cr\u00e9ation est pour lui aussi une aventure int\u00e9rieure,\u202fdans laquelle le temps n\u2019existe plus. Le peintre donne vie au tableau mais se laisse ensuite transporter et guider par l\u2019\u0153uvre elle-m\u00eame qui lui sugg\u00e8re les \u00e9l\u00e9ments de la composition. Cette intemporalit\u00e9 dans la cr\u00e9ation se r\u00e9percute dans ses \u0153uvres\u202f: sommes-nous dans le pr\u00e9sent, le futur ou le pass\u00e9\u202f?\u00a0<\/span><span data-ccp-props=\"{&quot;335551550&quot;:6,&quot;335551620&quot;:6}\">\u00a0<\/span>\r\n\r\n<span data-contrast=\"auto\">\u00ab\u202f<\/span><i><span data-contrast=\"auto\">Mes tableaux sont des images de r\u00eaves issus de gestes. Chaque tableau est un voyage initiatique, peupl\u00e9 de nouveaux aper\u00e7us.<\/span><\/i><span data-contrast=\"auto\">\u202f\u00bb G\u00e9rard Priault<\/span>\r\n\r\n&nbsp;\r\n\r\n&nbsp;","artwork_series":[2445],"artwork_query_group":"20","artwork_lowest_grid_position":1,"artwork_random_position":1856246,"explicit_sensitive_content":false,"drupal_id":""},"yoast_head":"<!-- This site is optimized with the Yoast SEO Premium plugin v27.3 (Yoast SEO v27.3) - https:\/\/yoast.com\/product\/yoast-seo-premium-wordpress\/ -->\n<title>C\u00e9l\u00e9bration d&#039;un jour nouveau par G\u00e9rard Priault - Peinture contemporaine | Artistics<\/title>\n<meta name=\"description\" content=\"C\u00e9l\u00e9bration d&#039;un jour nouveau par G\u00e9rard Priault - achetez en ligne cette \u0153uvre d\u2019art originale avec son certificat d\u2019authenticit\u00e9 et b\u00e9n\u00e9ficiez de notre service premium.\" \/>\n<meta name=\"robots\" content=\"index, follow, max-snippet:-1, max-image-preview:large, max-video-preview:-1\" \/>\n<link rel=\"canonical\" href=\"https:\/\/artistics.com\/fr\/oeuvre\/celebration-dun-jour-nouveau\/\" \/>\n<meta property=\"og:locale\" content=\"fr_FR\" \/>\n<meta property=\"og:type\" content=\"article\" \/>\n<meta property=\"og:title\" content=\"C\u00e9l\u00e9bration d&#039;un jour nouveau\" \/>\n<meta property=\"og:description\" content=\"C\u00e9l\u00e9bration d&#039;un jour nouveau par G\u00e9rard Priault - achetez en ligne cette \u0153uvre d\u2019art originale avec son certificat d\u2019authenticit\u00e9 et b\u00e9n\u00e9ficiez de notre service premium.\" \/>\n<meta property=\"og:url\" content=\"https:\/\/artistics.com\/fr\/oeuvre\/celebration-dun-jour-nouveau\/\" \/>\n<meta property=\"og:site_name\" content=\"Artistics\" \/>\n<meta property=\"article:publisher\" content=\"https:\/\/www.facebook.com\/ArtisticsMag\" \/>\n<meta property=\"article:modified_time\" content=\"2024-11-26T11:13:51+00:00\" \/>\n<meta property=\"og:image\" content=\"https:\/\/artistics.com\/wp-content\/uploads\/2024\/11\/celebration-d-un-jour-nouveau-forest-landscape-painting-by-gerard-priault-1-1024x818.jpg\" \/>\n\t<meta property=\"og:image:width\" content=\"1024\" \/>\n\t<meta property=\"og:image:height\" content=\"818\" \/>\n\t<meta property=\"og:image:type\" content=\"image\/jpeg\" \/>\n<meta name=\"twitter:card\" content=\"summary_large_image\" \/>\n<meta name=\"twitter:site\" content=\"@Artistics_FR\" \/>\n<meta name=\"twitter:label1\" content=\"Prix\" \/>\n\t<meta name=\"twitter:data1\" content=\"9 900&nbsp;&euro;\" \/>\n\t<meta name=\"twitter:label2\" content=\"Disponibilit\u00e9\" \/>\n\t<meta name=\"twitter:data2\" content=\"En stock\" \/>\n<script type=\"application\/ld+json\" class=\"yoast-schema-graph\">{\"@context\":\"https:\\\/\\\/schema.org\",\"@graph\":[{\"@type\":[\"WebPage\",\"ItemPage\"],\"@id\":\"https:\\\/\\\/artistics.com\\\/fr\\\/oeuvre\\\/celebration-dun-jour-nouveau\\\/\",\"url\":\"https:\\\/\\\/artistics.com\\\/fr\\\/oeuvre\\\/celebration-dun-jour-nouveau\\\/\",\"name\":\"C\u00e9l\u00e9bration d'un jour nouveau par G\u00e9rard Priault - Peinture contemporaine | Artistics\",\"isPartOf\":{\"@id\":\"https:\\\/\\\/artistics.com\\\/fr\\\/#website\"},\"primaryImageOfPage\":{\"@id\":\"https:\\\/\\\/artistics.com\\\/fr\\\/oeuvre\\\/celebration-dun-jour-nouveau\\\/#primaryimage\"},\"image\":{\"@id\":\"https:\\\/\\\/artistics.com\\\/fr\\\/oeuvre\\\/celebration-dun-jour-nouveau\\\/#primaryimage\"},\"thumbnailUrl\":\"https:\\\/\\\/artistics.com\\\/wp-content\\\/uploads\\\/2024\\\/11\\\/celebration-d-un-jour-nouveau-forest-landscape-painting-by-gerard-priault-1.jpg\",\"datePublished\":\"2024-11-21T12:02:41+00:00\",\"dateModified\":\"2024-11-26T11:13:51+00:00\",\"description\":\"C\u00e9l\u00e9bration d'un jour nouveau par G\u00e9rard Priault - achetez en ligne cette \u0153uvre d\u2019art originale avec son certificat d\u2019authenticit\u00e9 et b\u00e9n\u00e9ficiez de notre service premium.\",\"breadcrumb\":{\"@id\":\"https:\\\/\\\/artistics.com\\\/fr\\\/oeuvre\\\/celebration-dun-jour-nouveau\\\/#breadcrumb\"},\"inLanguage\":\"fr-FR\",\"potentialAction\":[{\"@type\":\"ReadAction\",\"target\":[\"https:\\\/\\\/artistics.com\\\/fr\\\/oeuvre\\\/celebration-dun-jour-nouveau\\\/\"]}]},{\"@type\":\"ImageObject\",\"inLanguage\":\"fr-FR\",\"@id\":\"https:\\\/\\\/artistics.com\\\/fr\\\/oeuvre\\\/celebration-dun-jour-nouveau\\\/#primaryimage\",\"url\":\"https:\\\/\\\/artistics.com\\\/wp-content\\\/uploads\\\/2024\\\/11\\\/celebration-d-un-jour-nouveau-forest-landscape-painting-by-gerard-priault-1.jpg\",\"contentUrl\":\"https:\\\/\\\/artistics.com\\\/wp-content\\\/uploads\\\/2024\\\/11\\\/celebration-d-un-jour-nouveau-forest-landscape-painting-by-gerard-priault-1.jpg\",\"width\":2560,\"height\":2046},{\"@type\":\"BreadcrumbList\",\"@id\":\"https:\\\/\\\/artistics.com\\\/fr\\\/oeuvre\\\/celebration-dun-jour-nouveau\\\/#breadcrumb\",\"itemListElement\":[{\"@type\":\"ListItem\",\"position\":1,\"name\":\"Achat \u0153uvre d'art\",\"item\":\"https:\\\/\\\/artistics.com\\\/fr\\\/\"},{\"@type\":\"ListItem\",\"position\":2,\"name\":\"Galerie\",\"item\":\"https:\\\/\\\/artistics.com\\\/fr\\\/galerie\\\/\"},{\"@type\":\"ListItem\",\"position\":3,\"name\":\"Peinture contemporaine\",\"item\":\"https:\\\/\\\/artistics.com\\\/fr\\\/categorie-oeuvre\\\/peinture-contemporaine\\\/\"},{\"@type\":\"ListItem\",\"position\":4,\"name\":\"C\u00e9l\u00e9bration d&#8217;un jour nouveau\"}]},{\"@type\":\"WebSite\",\"@id\":\"https:\\\/\\\/artistics.com\\\/fr\\\/#website\",\"url\":\"https:\\\/\\\/artistics.com\\\/fr\\\/\",\"name\":\"Artistics\",\"description\":\"The online art gallery\",\"publisher\":{\"@id\":\"https:\\\/\\\/artistics.com\\\/fr\\\/#organization\"},\"potentialAction\":[{\"@type\":\"SearchAction\",\"target\":{\"@type\":\"EntryPoint\",\"urlTemplate\":\"https:\\\/\\\/artistics.com\\\/fr\\\/?s={search_term_string}\"},\"query-input\":{\"@type\":\"PropertyValueSpecification\",\"valueRequired\":true,\"valueName\":\"search_term_string\"}}],\"inLanguage\":\"fr-FR\"},{\"@type\":\"Organization\",\"@id\":\"https:\\\/\\\/artistics.com\\\/fr\\\/#organization\",\"name\":\"Artistics\",\"url\":\"https:\\\/\\\/artistics.com\\\/fr\\\/\",\"logo\":{\"@type\":\"ImageObject\",\"inLanguage\":\"fr-FR\",\"@id\":\"https:\\\/\\\/artistics.com\\\/fr\\\/#\\\/schema\\\/logo\\\/image\\\/\",\"url\":\"https:\\\/\\\/artistics.com\\\/wp-content\\\/uploads\\\/2023\\\/02\\\/artistics-logo-web-1.svg\",\"contentUrl\":\"https:\\\/\\\/artistics.com\\\/wp-content\\\/uploads\\\/2023\\\/02\\\/artistics-logo-web-1.svg\",\"caption\":\"Artistics\"},\"image\":{\"@id\":\"https:\\\/\\\/artistics.com\\\/fr\\\/#\\\/schema\\\/logo\\\/image\\\/\"},\"sameAs\":[\"https:\\\/\\\/www.facebook.com\\\/ArtisticsMag\",\"https:\\\/\\\/x.com\\\/Artistics_FR\",\"http:\\\/\\\/www.linkedin.com\\\/company\\\/artistics\",\"https:\\\/\\\/www.instagram.com\\\/artistics_com\\\/\",\"http:\\\/\\\/www.pinterest.com\\\/ArtisticsMag\"],\"hasMerchantReturnPolicy\":{\"@type\":\"MerchantReturnPolicy\",\"merchantReturnLink\":\"https:\\\/\\\/artistics.com\\\/free-return-policy\\\/\"}}]}<\/script>\n<meta property=\"product:price:amount\" content=\"9900\" \/>\n<meta property=\"product:price:currency\" content=\"EUR\" \/>\n<meta property=\"og:availability\" content=\"instock\" \/>\n<meta property=\"product:availability\" content=\"instock\" \/>\n<meta property=\"product:condition\" content=\"new\" \/>\n<!-- \/ Yoast SEO Premium plugin. -->","yoast_head_json":{"title":"C\u00e9l\u00e9bration d'un jour nouveau par G\u00e9rard Priault - Peinture contemporaine | Artistics","description":"C\u00e9l\u00e9bration d'un jour nouveau par G\u00e9rard Priault - achetez en ligne cette \u0153uvre d\u2019art originale avec son certificat d\u2019authenticit\u00e9 et b\u00e9n\u00e9ficiez de notre service premium.","robots":{"index":"index","follow":"follow","max-snippet":"max-snippet:-1","max-image-preview":"max-image-preview:large","max-video-preview":"max-video-preview:-1"},"canonical":"https:\/\/artistics.com\/fr\/oeuvre\/celebration-dun-jour-nouveau\/","og_locale":"fr_FR","og_type":"article","og_title":"C\u00e9l\u00e9bration d'un jour nouveau","og_description":"C\u00e9l\u00e9bration d'un jour nouveau par G\u00e9rard Priault - achetez en ligne cette \u0153uvre d\u2019art originale avec son certificat d\u2019authenticit\u00e9 et b\u00e9n\u00e9ficiez de notre service premium.","og_url":"https:\/\/artistics.com\/fr\/oeuvre\/celebration-dun-jour-nouveau\/","og_site_name":"Artistics","article_publisher":"https:\/\/www.facebook.com\/ArtisticsMag","article_modified_time":"2024-11-26T11:13:51+00:00","og_image":[{"width":1024,"height":818,"url":"https:\/\/artistics.com\/wp-content\/uploads\/2024\/11\/celebration-d-un-jour-nouveau-forest-landscape-painting-by-gerard-priault-1-1024x818.jpg","type":"image\/jpeg"}],"twitter_card":"summary_large_image","twitter_site":"@Artistics_FR","twitter_misc":{"Prix":"9 900&nbsp;&euro;","Disponibilit\u00e9":"En stock"},"schema":{"@context":"https:\/\/schema.org","@graph":[{"@type":["WebPage","ItemPage"],"@id":"https:\/\/artistics.com\/fr\/oeuvre\/celebration-dun-jour-nouveau\/","url":"https:\/\/artistics.com\/fr\/oeuvre\/celebration-dun-jour-nouveau\/","name":"C\u00e9l\u00e9bration d'un jour nouveau par G\u00e9rard Priault - Peinture contemporaine | Artistics","isPartOf":{"@id":"https:\/\/artistics.com\/fr\/#website"},"primaryImageOfPage":{"@id":"https:\/\/artistics.com\/fr\/oeuvre\/celebration-dun-jour-nouveau\/#primaryimage"},"image":{"@id":"https:\/\/artistics.com\/fr\/oeuvre\/celebration-dun-jour-nouveau\/#primaryimage"},"thumbnailUrl":"https:\/\/artistics.com\/wp-content\/uploads\/2024\/11\/celebration-d-un-jour-nouveau-forest-landscape-painting-by-gerard-priault-1.jpg","datePublished":"2024-11-21T12:02:41+00:00","dateModified":"2024-11-26T11:13:51+00:00","description":"C\u00e9l\u00e9bration d'un jour nouveau par G\u00e9rard Priault - achetez en ligne cette \u0153uvre d\u2019art originale avec son certificat d\u2019authenticit\u00e9 et b\u00e9n\u00e9ficiez de notre service premium.","breadcrumb":{"@id":"https:\/\/artistics.com\/fr\/oeuvre\/celebration-dun-jour-nouveau\/#breadcrumb"},"inLanguage":"fr-FR","potentialAction":[{"@type":"ReadAction","target":["https:\/\/artistics.com\/fr\/oeuvre\/celebration-dun-jour-nouveau\/"]}]},{"@type":"ImageObject","inLanguage":"fr-FR","@id":"https:\/\/artistics.com\/fr\/oeuvre\/celebration-dun-jour-nouveau\/#primaryimage","url":"https:\/\/artistics.com\/wp-content\/uploads\/2024\/11\/celebration-d-un-jour-nouveau-forest-landscape-painting-by-gerard-priault-1.jpg","contentUrl":"https:\/\/artistics.com\/wp-content\/uploads\/2024\/11\/celebration-d-un-jour-nouveau-forest-landscape-painting-by-gerard-priault-1.jpg","width":2560,"height":2046},{"@type":"BreadcrumbList","@id":"https:\/\/artistics.com\/fr\/oeuvre\/celebration-dun-jour-nouveau\/#breadcrumb","itemListElement":[{"@type":"ListItem","position":1,"name":"Achat \u0153uvre d'art","item":"https:\/\/artistics.com\/fr\/"},{"@type":"ListItem","position":2,"name":"Galerie","item":"https:\/\/artistics.com\/fr\/galerie\/"},{"@type":"ListItem","position":3,"name":"Peinture contemporaine","item":"https:\/\/artistics.com\/fr\/categorie-oeuvre\/peinture-contemporaine\/"},{"@type":"ListItem","position":4,"name":"C\u00e9l\u00e9bration d&#8217;un jour nouveau"}]},{"@type":"WebSite","@id":"https:\/\/artistics.com\/fr\/#website","url":"https:\/\/artistics.com\/fr\/","name":"Artistics","description":"The online art gallery","publisher":{"@id":"https:\/\/artistics.com\/fr\/#organization"},"potentialAction":[{"@type":"SearchAction","target":{"@type":"EntryPoint","urlTemplate":"https:\/\/artistics.com\/fr\/?s={search_term_string}"},"query-input":{"@type":"PropertyValueSpecification","valueRequired":true,"valueName":"search_term_string"}}],"inLanguage":"fr-FR"},{"@type":"Organization","@id":"https:\/\/artistics.com\/fr\/#organization","name":"Artistics","url":"https:\/\/artistics.com\/fr\/","logo":{"@type":"ImageObject","inLanguage":"fr-FR","@id":"https:\/\/artistics.com\/fr\/#\/schema\/logo\/image\/","url":"https:\/\/artistics.com\/wp-content\/uploads\/2023\/02\/artistics-logo-web-1.svg","contentUrl":"https:\/\/artistics.com\/wp-content\/uploads\/2023\/02\/artistics-logo-web-1.svg","caption":"Artistics"},"image":{"@id":"https:\/\/artistics.com\/fr\/#\/schema\/logo\/image\/"},"sameAs":["https:\/\/www.facebook.com\/ArtisticsMag","https:\/\/x.com\/Artistics_FR","http:\/\/www.linkedin.com\/company\/artistics","https:\/\/www.instagram.com\/artistics_com\/","http:\/\/www.pinterest.com\/ArtisticsMag"],"hasMerchantReturnPolicy":{"@type":"MerchantReturnPolicy","merchantReturnLink":"https:\/\/artistics.com\/free-return-policy\/"}}]},"product_price_amount":"9900","product_price_currency":"EUR","og_availability":"instock","product_availability":"instock","product_condition":"new"},"_links":{"self":[{"href":"https:\/\/artistics.com\/fr\/wp-json\/wp\/v2\/product\/71500","targetHints":{"allow":["GET"]}}],"collection":[{"href":"https:\/\/artistics.com\/fr\/wp-json\/wp\/v2\/product"}],"about":[{"href":"https:\/\/artistics.com\/fr\/wp-json\/wp\/v2\/types\/product"}],"acf:term":[{"embeddable":true,"taxonomy":"series","href":"https:\/\/artistics.com\/fr\/wp-json\/wp\/v2\/series\/2445"},{"embeddable":true,"taxonomy":"product_tag","href":"https:\/\/artistics.com\/fr\/wp-json\/wp\/v2\/product_tag\/572"},{"embeddable":true,"taxonomy":"product_tag","href":"https:\/\/artistics.com\/fr\/wp-json\/wp\/v2\/product_tag\/515"},{"embeddable":true,"taxonomy":"product_cat","href":"https:\/\/artistics.com\/fr\/wp-json\/wp\/v2\/product_cat\/236"},{"embeddable":true,"taxonomy":"product_cat","href":"https:\/\/artistics.com\/fr\/wp-json\/wp\/v2\/product_cat\/216"},{"embeddable":true,"taxonomy":"product_cat","href":"https:\/\/artistics.com\/fr\/wp-json\/wp\/v2\/product_cat\/192"},{"embeddable":true,"taxonomy":"product_cat","href":"https:\/\/artistics.com\/fr\/wp-json\/wp\/v2\/product_cat\/194"},{"embeddable":true,"taxonomy":"product_cat","href":"https:\/\/artistics.com\/fr\/wp-json\/wp\/v2\/product_cat\/172"},{"embeddable":true,"taxonomy":"product_cat","href":"https:\/\/artistics.com\/fr\/wp-json\/wp\/v2\/product_cat\/170"},{"embeddable":true,"taxonomy":"product_cat","href":"https:\/\/artistics.com\/fr\/wp-json\/wp\/v2\/product_cat\/162"}],"acf:post":[{"embeddable":true,"href":"https:\/\/artistics.com\/fr\/wp-json\/wp\/v2\/artist\/71156"}],"wp:featuredmedia":[{"embeddable":true,"href":"https:\/\/artistics.com\/fr\/wp-json\/wp\/v2\/media\/71137"}],"wp:attachment":[{"href":"https:\/\/artistics.com\/fr\/wp-json\/wp\/v2\/media?parent=71500"}],"wp:term":[{"taxonomy":"product_cat","embeddable":true,"href":"https:\/\/artistics.com\/fr\/wp-json\/wp\/v2\/product_cat?post=71500"},{"taxonomy":"product_tag","embeddable":true,"href":"https:\/\/artistics.com\/fr\/wp-json\/wp\/v2\/product_tag?post=71500"},{"taxonomy":"series","embeddable":true,"href":"https:\/\/artistics.com\/fr\/wp-json\/wp\/v2\/series?post=71500"}],"curies":[{"name":"wp","href":"https:\/\/api.w.org\/{rel}","templated":true}]}}