{"id":70129,"date":"2024-11-13T10:32:24","date_gmt":"2024-11-13T09:32:24","guid":{"rendered":"https:\/\/artistics.com\/?post_type=product&#038;p=70129"},"modified":"2024-11-14T11:56:22","modified_gmt":"2024-11-14T10:56:22","slug":"serge","status":"publish","type":"product","link":"https:\/\/artistics.com\/fr\/oeuvre\/serge\/","title":{"rendered":"Serge"},"content":{"rendered":"","protected":false},"excerpt":{"rendered":"","protected":false},"featured_media":70236,"template":"","meta":{"_acf_changed":false,"_searchwp_excluded":"","inline_featured_image":false},"product_cat":[428,415,162,170,172,191,192,194,216,236],"product_tag":[2492,535,557],"series":[2419],"class_list":{"0":"post-70129","1":"product","2":"type-product","3":"status-publish","4":"has-post-thumbnail","6":"product_cat-couleurs-neutres","7":"product_cat-paysage-urbain","8":"product_cat-peinture-contemporaine","9":"product_cat-peinture-figurative","10":"product_cat-tableau-nature-et-paysage","11":"product_cat-architectures","12":"product_cat-art-figuratif","13":"product_cat-nature-et-paysage","14":"product_cat-moyen","15":"product_cat-de-3000-a-10-000-e","16":"product_tag-art-acrylique","17":"product_tag-encre","18":"product_tag-paris-fr","19":"series-guillaume-chansarel-paris-nuit","21":"first","22":"instock","23":"taxable","24":"shipping-taxable","25":"purchasable","26":"product-type-simple"},"acf":{"artwork_artist":[2790],"artwork_medium":162,"artwork_categories":[170,172],"artwork_overall-tones":[428],"artwork_main-material":[],"artwork_art-genre":[415,191,194],"artwork_art-movement":[192],"artwork_miscellaneous":[],"artwork_formats":[216],"artwork_price-ranges":[236],"artwork_main_subject":[],"artwork_technique":[535,2492],"artwork_featured_location":[557],"artwork_dominant_color":[],"artwork_physical_attributes":[],"artwork_creation_date":"20240101","artwork_unique_piece":true,"artwork_description":"Encre et acrylique sur pages imprim\u00e9es de livres anciens, maroufl\u00e9es sur toile","artwork_signature":"\u0152uvre sign\u00e9e","artwork_authenticity":"L\u2019\u0153uvre est vendue avec un certificat d\u2019authenticit\u00e9 sign\u00e9 par l\u2019artiste.","artwork_framing":"unframed","artwork_has_custom_framing_info":false,"artwork_custom_framing_info":"Not specified","artwork_location_country":"FR","artwork_location_city":"Paris","artwork_location_zipcode":"75019","artwork_shipment_type":"2D_rolled_artwork","artwork_shipping_delivery":"painting_immediate_availability","artwork_has_custom_shipping_delivery_info":false,"artwork_custom_shipping_delivery_info":"Not specified","artwork_360_view_url":"","artwork_video_url":"","artwork_video_format":[],"artwork_preview_type":"featured_image","artwork_reserved":false,"artwork_hide_price":false,"artwork_about":"<strong><em>Serge<\/em><\/strong> est un tableau de l\u2019artiste contemporain fran\u00e7ais Guillaume Chansarel issu de la s\u00e9rie <em>Paris nuit. <\/em>Cette peinture capture un coin de rue calme et d\u00e9sert, la nuit. L\u2019intersection de deux rues \u00e9troites sous une lumi\u00e8re douce conf\u00e8re une qualit\u00e9 cin\u00e9matographique \u00e0 la sc\u00e8ne, accentu\u00e9e par les contrastes marqu\u00e9s de lumi\u00e8re et d'ombre.\r\n\r\nAvec cette s\u00e9rie l\u2019artiste capture l'atmosph\u00e8re nocturne de la capitale fran\u00e7aise. Guillaume Chansarel explore notamment les nuances de la lumi\u00e8re urbaine et la g\u00e9om\u00e9trie des rues et des b\u00e2timents parisiens. La profondeur et la perspective sont cr\u00e9\u00e9s \u00e0 travers des lignes parfaitement maitris\u00e9es et un jeu de lumi\u00e8res et contrastes. L\u2019utilisation d\u2019une palette tr\u00e8s limit\u00e9e de couleurs, principalement des tonalit\u00e9s neutres, participe \u00e0 une lecture simple et directe de l\u2019\u0153uvre.\r\n\r\nL\u2019artiste fait des m\u00e9galopoles son sujet de pr\u00e9dilection. A travers ses \u0153uvres figuratives, Guillaume Chansarel cherche \u00e0 saisir l\u2019identit\u00e9 graphique d\u2019une ville, de la m\u00eame fa\u00e7on qu\u2019un photographe d\u2019architecture appuierait sur le d\u00e9clencheur de son appareil.","artwork_series":[2419],"artwork_query_group":"20","artwork_lowest_grid_position":1,"artwork_random_position":533981,"explicit_sensitive_content":false,"drupal_id":"7910"},"yoast_head":"<!-- This site is optimized with the Yoast SEO Premium plugin v27.3 (Yoast SEO v27.3) - https:\/\/yoast.com\/product\/yoast-seo-premium-wordpress\/ -->\n<title>Serge par Guillaume Chansarel - Peinture contemporaine | Artistics<\/title>\n<meta name=\"description\" content=\"Serge par Guillaume Chansarel - achetez en ligne cette \u0153uvre d\u2019art originale avec son certificat d\u2019authenticit\u00e9 et b\u00e9n\u00e9ficiez de notre service premium.\" \/>\n<meta name=\"robots\" content=\"index, follow, max-snippet:-1, max-image-preview:large, max-video-preview:-1\" \/>\n<link rel=\"canonical\" href=\"https:\/\/artistics.com\/fr\/oeuvre\/serge\/\" \/>\n<meta property=\"og:locale\" content=\"fr_FR\" \/>\n<meta property=\"og:type\" content=\"article\" \/>\n<meta property=\"og:title\" content=\"Serge\" \/>\n<meta property=\"og:description\" content=\"Serge par Guillaume Chansarel - achetez en ligne cette \u0153uvre d\u2019art originale avec son certificat d\u2019authenticit\u00e9 et b\u00e9n\u00e9ficiez de notre service premium.\" \/>\n<meta property=\"og:url\" content=\"https:\/\/artistics.com\/fr\/oeuvre\/serge\/\" \/>\n<meta property=\"og:site_name\" content=\"Artistics\" \/>\n<meta property=\"article:publisher\" content=\"https:\/\/www.facebook.com\/ArtisticsMag\" \/>\n<meta property=\"article:modified_time\" content=\"2024-11-14T10:56:22+00:00\" \/>\n<meta property=\"og:image\" content=\"https:\/\/artistics.com\/wp-content\/uploads\/2024\/11\/serge-painting-by-guillaume-chansarel-1.jpeg\" \/>\n\t<meta property=\"og:image:width\" content=\"2560\" \/>\n\t<meta property=\"og:image:height\" content=\"1268\" \/>\n\t<meta property=\"og:image:type\" content=\"image\/jpeg\" \/>\n<meta name=\"twitter:card\" content=\"summary_large_image\" \/>\n<meta name=\"twitter:site\" content=\"@Artistics_FR\" \/>\n<meta name=\"twitter:label1\" content=\"Prix\" \/>\n\t<meta name=\"twitter:data1\" content=\"3 400&nbsp;&euro;\" \/>\n\t<meta name=\"twitter:label2\" content=\"Disponibilit\u00e9\" \/>\n\t<meta name=\"twitter:data2\" content=\"En stock\" \/>\n<script type=\"application\/ld+json\" class=\"yoast-schema-graph\">{\"@context\":\"https:\\\/\\\/schema.org\",\"@graph\":[{\"@type\":[\"WebPage\",\"ItemPage\"],\"@id\":\"https:\\\/\\\/artistics.com\\\/fr\\\/oeuvre\\\/serge\\\/\",\"url\":\"https:\\\/\\\/artistics.com\\\/fr\\\/oeuvre\\\/serge\\\/\",\"name\":\"Serge par Guillaume Chansarel - Peinture contemporaine | Artistics\",\"isPartOf\":{\"@id\":\"https:\\\/\\\/artistics.com\\\/fr\\\/#website\"},\"primaryImageOfPage\":{\"@id\":\"https:\\\/\\\/artistics.com\\\/fr\\\/oeuvre\\\/serge\\\/#primaryimage\"},\"image\":{\"@id\":\"https:\\\/\\\/artistics.com\\\/fr\\\/oeuvre\\\/serge\\\/#primaryimage\"},\"thumbnailUrl\":\"https:\\\/\\\/artistics.com\\\/wp-content\\\/uploads\\\/2024\\\/11\\\/serge-painting-by-guillaume-chansarel-1.jpeg\",\"datePublished\":\"2024-11-13T09:32:24+00:00\",\"dateModified\":\"2024-11-14T10:56:22+00:00\",\"description\":\"Serge par Guillaume Chansarel - achetez en ligne cette \u0153uvre d\u2019art originale avec son certificat d\u2019authenticit\u00e9 et b\u00e9n\u00e9ficiez de notre service premium.\",\"breadcrumb\":{\"@id\":\"https:\\\/\\\/artistics.com\\\/fr\\\/oeuvre\\\/serge\\\/#breadcrumb\"},\"inLanguage\":\"fr-FR\",\"potentialAction\":[{\"@type\":\"ReadAction\",\"target\":[\"https:\\\/\\\/artistics.com\\\/fr\\\/oeuvre\\\/serge\\\/\"]}]},{\"@type\":\"ImageObject\",\"inLanguage\":\"fr-FR\",\"@id\":\"https:\\\/\\\/artistics.com\\\/fr\\\/oeuvre\\\/serge\\\/#primaryimage\",\"url\":\"https:\\\/\\\/artistics.com\\\/wp-content\\\/uploads\\\/2024\\\/11\\\/serge-painting-by-guillaume-chansarel-1.jpeg\",\"contentUrl\":\"https:\\\/\\\/artistics.com\\\/wp-content\\\/uploads\\\/2024\\\/11\\\/serge-painting-by-guillaume-chansarel-1.jpeg\",\"width\":2560,\"height\":1268},{\"@type\":\"BreadcrumbList\",\"@id\":\"https:\\\/\\\/artistics.com\\\/fr\\\/oeuvre\\\/serge\\\/#breadcrumb\",\"itemListElement\":[{\"@type\":\"ListItem\",\"position\":1,\"name\":\"Achat \u0153uvre d'art\",\"item\":\"https:\\\/\\\/artistics.com\\\/fr\\\/\"},{\"@type\":\"ListItem\",\"position\":2,\"name\":\"Galerie\",\"item\":\"https:\\\/\\\/artistics.com\\\/fr\\\/galerie\\\/\"},{\"@type\":\"ListItem\",\"position\":3,\"name\":\"Peinture contemporaine\",\"item\":\"https:\\\/\\\/artistics.com\\\/fr\\\/categorie-oeuvre\\\/peinture-contemporaine\\\/\"},{\"@type\":\"ListItem\",\"position\":4,\"name\":\"Serge\"}]},{\"@type\":\"WebSite\",\"@id\":\"https:\\\/\\\/artistics.com\\\/fr\\\/#website\",\"url\":\"https:\\\/\\\/artistics.com\\\/fr\\\/\",\"name\":\"Artistics\",\"description\":\"The online art gallery\",\"publisher\":{\"@id\":\"https:\\\/\\\/artistics.com\\\/fr\\\/#organization\"},\"potentialAction\":[{\"@type\":\"SearchAction\",\"target\":{\"@type\":\"EntryPoint\",\"urlTemplate\":\"https:\\\/\\\/artistics.com\\\/fr\\\/?s={search_term_string}\"},\"query-input\":{\"@type\":\"PropertyValueSpecification\",\"valueRequired\":true,\"valueName\":\"search_term_string\"}}],\"inLanguage\":\"fr-FR\"},{\"@type\":\"Organization\",\"@id\":\"https:\\\/\\\/artistics.com\\\/fr\\\/#organization\",\"name\":\"Artistics\",\"url\":\"https:\\\/\\\/artistics.com\\\/fr\\\/\",\"logo\":{\"@type\":\"ImageObject\",\"inLanguage\":\"fr-FR\",\"@id\":\"https:\\\/\\\/artistics.com\\\/fr\\\/#\\\/schema\\\/logo\\\/image\\\/\",\"url\":\"https:\\\/\\\/artistics.com\\\/wp-content\\\/uploads\\\/2023\\\/02\\\/artistics-logo-web-1.svg\",\"contentUrl\":\"https:\\\/\\\/artistics.com\\\/wp-content\\\/uploads\\\/2023\\\/02\\\/artistics-logo-web-1.svg\",\"caption\":\"Artistics\"},\"image\":{\"@id\":\"https:\\\/\\\/artistics.com\\\/fr\\\/#\\\/schema\\\/logo\\\/image\\\/\"},\"sameAs\":[\"https:\\\/\\\/www.facebook.com\\\/ArtisticsMag\",\"https:\\\/\\\/x.com\\\/Artistics_FR\",\"http:\\\/\\\/www.linkedin.com\\\/company\\\/artistics\",\"https:\\\/\\\/www.instagram.com\\\/artistics_com\\\/\",\"http:\\\/\\\/www.pinterest.com\\\/ArtisticsMag\"],\"hasMerchantReturnPolicy\":{\"@type\":\"MerchantReturnPolicy\",\"merchantReturnLink\":\"https:\\\/\\\/artistics.com\\\/free-return-policy\\\/\"}}]}<\/script>\n<meta property=\"product:price:amount\" content=\"3400\" \/>\n<meta property=\"product:price:currency\" content=\"EUR\" \/>\n<meta property=\"og:availability\" content=\"instock\" \/>\n<meta property=\"product:availability\" content=\"instock\" \/>\n<meta property=\"product:condition\" content=\"new\" \/>\n<!-- \/ Yoast SEO Premium plugin. -->","yoast_head_json":{"title":"Serge par Guillaume Chansarel - Peinture contemporaine | Artistics","description":"Serge par Guillaume Chansarel - achetez en ligne cette \u0153uvre d\u2019art originale avec son certificat d\u2019authenticit\u00e9 et b\u00e9n\u00e9ficiez de notre service premium.","robots":{"index":"index","follow":"follow","max-snippet":"max-snippet:-1","max-image-preview":"max-image-preview:large","max-video-preview":"max-video-preview:-1"},"canonical":"https:\/\/artistics.com\/fr\/oeuvre\/serge\/","og_locale":"fr_FR","og_type":"article","og_title":"Serge","og_description":"Serge par Guillaume Chansarel - achetez en ligne cette \u0153uvre d\u2019art originale avec son certificat d\u2019authenticit\u00e9 et b\u00e9n\u00e9ficiez de notre service premium.","og_url":"https:\/\/artistics.com\/fr\/oeuvre\/serge\/","og_site_name":"Artistics","article_publisher":"https:\/\/www.facebook.com\/ArtisticsMag","article_modified_time":"2024-11-14T10:56:22+00:00","og_image":[{"width":2560,"height":1268,"url":"https:\/\/artistics.com\/wp-content\/uploads\/2024\/11\/serge-painting-by-guillaume-chansarel-1.jpeg","type":"image\/jpeg"}],"twitter_card":"summary_large_image","twitter_site":"@Artistics_FR","twitter_misc":{"Prix":"3 400&nbsp;&euro;","Disponibilit\u00e9":"En stock"},"schema":{"@context":"https:\/\/schema.org","@graph":[{"@type":["WebPage","ItemPage"],"@id":"https:\/\/artistics.com\/fr\/oeuvre\/serge\/","url":"https:\/\/artistics.com\/fr\/oeuvre\/serge\/","name":"Serge par Guillaume Chansarel - Peinture contemporaine | Artistics","isPartOf":{"@id":"https:\/\/artistics.com\/fr\/#website"},"primaryImageOfPage":{"@id":"https:\/\/artistics.com\/fr\/oeuvre\/serge\/#primaryimage"},"image":{"@id":"https:\/\/artistics.com\/fr\/oeuvre\/serge\/#primaryimage"},"thumbnailUrl":"https:\/\/artistics.com\/wp-content\/uploads\/2024\/11\/serge-painting-by-guillaume-chansarel-1.jpeg","datePublished":"2024-11-13T09:32:24+00:00","dateModified":"2024-11-14T10:56:22+00:00","description":"Serge par Guillaume Chansarel - achetez en ligne cette \u0153uvre d\u2019art originale avec son certificat d\u2019authenticit\u00e9 et b\u00e9n\u00e9ficiez de notre service premium.","breadcrumb":{"@id":"https:\/\/artistics.com\/fr\/oeuvre\/serge\/#breadcrumb"},"inLanguage":"fr-FR","potentialAction":[{"@type":"ReadAction","target":["https:\/\/artistics.com\/fr\/oeuvre\/serge\/"]}]},{"@type":"ImageObject","inLanguage":"fr-FR","@id":"https:\/\/artistics.com\/fr\/oeuvre\/serge\/#primaryimage","url":"https:\/\/artistics.com\/wp-content\/uploads\/2024\/11\/serge-painting-by-guillaume-chansarel-1.jpeg","contentUrl":"https:\/\/artistics.com\/wp-content\/uploads\/2024\/11\/serge-painting-by-guillaume-chansarel-1.jpeg","width":2560,"height":1268},{"@type":"BreadcrumbList","@id":"https:\/\/artistics.com\/fr\/oeuvre\/serge\/#breadcrumb","itemListElement":[{"@type":"ListItem","position":1,"name":"Achat \u0153uvre d'art","item":"https:\/\/artistics.com\/fr\/"},{"@type":"ListItem","position":2,"name":"Galerie","item":"https:\/\/artistics.com\/fr\/galerie\/"},{"@type":"ListItem","position":3,"name":"Peinture contemporaine","item":"https:\/\/artistics.com\/fr\/categorie-oeuvre\/peinture-contemporaine\/"},{"@type":"ListItem","position":4,"name":"Serge"}]},{"@type":"WebSite","@id":"https:\/\/artistics.com\/fr\/#website","url":"https:\/\/artistics.com\/fr\/","name":"Artistics","description":"The online art gallery","publisher":{"@id":"https:\/\/artistics.com\/fr\/#organization"},"potentialAction":[{"@type":"SearchAction","target":{"@type":"EntryPoint","urlTemplate":"https:\/\/artistics.com\/fr\/?s={search_term_string}"},"query-input":{"@type":"PropertyValueSpecification","valueRequired":true,"valueName":"search_term_string"}}],"inLanguage":"fr-FR"},{"@type":"Organization","@id":"https:\/\/artistics.com\/fr\/#organization","name":"Artistics","url":"https:\/\/artistics.com\/fr\/","logo":{"@type":"ImageObject","inLanguage":"fr-FR","@id":"https:\/\/artistics.com\/fr\/#\/schema\/logo\/image\/","url":"https:\/\/artistics.com\/wp-content\/uploads\/2023\/02\/artistics-logo-web-1.svg","contentUrl":"https:\/\/artistics.com\/wp-content\/uploads\/2023\/02\/artistics-logo-web-1.svg","caption":"Artistics"},"image":{"@id":"https:\/\/artistics.com\/fr\/#\/schema\/logo\/image\/"},"sameAs":["https:\/\/www.facebook.com\/ArtisticsMag","https:\/\/x.com\/Artistics_FR","http:\/\/www.linkedin.com\/company\/artistics","https:\/\/www.instagram.com\/artistics_com\/","http:\/\/www.pinterest.com\/ArtisticsMag"],"hasMerchantReturnPolicy":{"@type":"MerchantReturnPolicy","merchantReturnLink":"https:\/\/artistics.com\/free-return-policy\/"}}]},"product_price_amount":"3400","product_price_currency":"EUR","og_availability":"instock","product_availability":"instock","product_condition":"new"},"_links":{"self":[{"href":"https:\/\/artistics.com\/fr\/wp-json\/wp\/v2\/product\/70129","targetHints":{"allow":["GET"]}}],"collection":[{"href":"https:\/\/artistics.com\/fr\/wp-json\/wp\/v2\/product"}],"about":[{"href":"https:\/\/artistics.com\/fr\/wp-json\/wp\/v2\/types\/product"}],"acf:term":[{"embeddable":true,"taxonomy":"series","href":"https:\/\/artistics.com\/fr\/wp-json\/wp\/v2\/series\/2419"},{"embeddable":true,"taxonomy":"product_tag","href":"https:\/\/artistics.com\/fr\/wp-json\/wp\/v2\/product_tag\/557"},{"embeddable":true,"taxonomy":"product_tag","href":"https:\/\/artistics.com\/fr\/wp-json\/wp\/v2\/product_tag\/2492"},{"embeddable":true,"taxonomy":"product_tag","href":"https:\/\/artistics.com\/fr\/wp-json\/wp\/v2\/product_tag\/535"},{"embeddable":true,"taxonomy":"product_cat","href":"https:\/\/artistics.com\/fr\/wp-json\/wp\/v2\/product_cat\/236"},{"embeddable":true,"taxonomy":"product_cat","href":"https:\/\/artistics.com\/fr\/wp-json\/wp\/v2\/product_cat\/216"},{"embeddable":true,"taxonomy":"product_cat","href":"https:\/\/artistics.com\/fr\/wp-json\/wp\/v2\/product_cat\/192"},{"embeddable":true,"taxonomy":"product_cat","href":"https:\/\/artistics.com\/fr\/wp-json\/wp\/v2\/product_cat\/194"},{"embeddable":true,"taxonomy":"product_cat","href":"https:\/\/artistics.com\/fr\/wp-json\/wp\/v2\/product_cat\/191"},{"embeddable":true,"taxonomy":"product_cat","href":"https:\/\/artistics.com\/fr\/wp-json\/wp\/v2\/product_cat\/415"},{"embeddable":true,"taxonomy":"product_cat","href":"https:\/\/artistics.com\/fr\/wp-json\/wp\/v2\/product_cat\/428"},{"embeddable":true,"taxonomy":"product_cat","href":"https:\/\/artistics.com\/fr\/wp-json\/wp\/v2\/product_cat\/172"},{"embeddable":true,"taxonomy":"product_cat","href":"https:\/\/artistics.com\/fr\/wp-json\/wp\/v2\/product_cat\/170"},{"embeddable":true,"taxonomy":"product_cat","href":"https:\/\/artistics.com\/fr\/wp-json\/wp\/v2\/product_cat\/162"}],"acf:post":[{"embeddable":true,"href":"https:\/\/artistics.com\/fr\/wp-json\/wp\/v2\/artist\/2790"}],"wp:featuredmedia":[{"embeddable":true,"href":"https:\/\/artistics.com\/fr\/wp-json\/wp\/v2\/media\/70236"}],"wp:attachment":[{"href":"https:\/\/artistics.com\/fr\/wp-json\/wp\/v2\/media?parent=70129"}],"wp:term":[{"taxonomy":"product_cat","embeddable":true,"href":"https:\/\/artistics.com\/fr\/wp-json\/wp\/v2\/product_cat?post=70129"},{"taxonomy":"product_tag","embeddable":true,"href":"https:\/\/artistics.com\/fr\/wp-json\/wp\/v2\/product_tag?post=70129"},{"taxonomy":"series","embeddable":true,"href":"https:\/\/artistics.com\/fr\/wp-json\/wp\/v2\/series?post=70129"}],"curies":[{"name":"wp","href":"https:\/\/api.w.org\/{rel}","templated":true}]}}