{"id":68882,"date":"2024-10-31T16:27:39","date_gmt":"2024-10-31T15:27:39","guid":{"rendered":"https:\/\/artistics.com\/?post_type=product&#038;p=68882"},"modified":"2024-10-31T18:00:44","modified_gmt":"2024-10-31T17:00:44","slug":"carbon-void-jade","status":"publish","type":"product","link":"https:\/\/artistics.com\/fr\/oeuvre\/carbon-void-jade\/","title":{"rendered":"Carbon Void Jade"},"content":{"rendered":"","protected":false},"excerpt":{"rendered":"","protected":false},"featured_media":68878,"template":"","meta":{"_acf_changed":false,"_searchwp_excluded":"","inline_featured_image":false},"product_cat":[189,407,193,215,238,204,164,426,210,413],"product_tag":[563,567,368,545],"series":[2003],"class_list":{"0":"post-68882","1":"product","2":"type-product","3":"status-publish","4":"has-post-thumbnail","6":"product_cat-art-abstrait","7":"product_cat-art-minimaliste","8":"product_cat-geometrique","9":"product_cat-grand","10":"product_cat-plus-de-10-000-e","11":"product_cat-sculpture-abstraite","12":"product_cat-sculpture-contemporaine","13":"product_cat-sculpture-en-resine","14":"product_cat-sculpture-geometrique","15":"product_cat-sculpture-minimaliste","16":"product_tag-bleu","17":"product_tag-noir","18":"product_tag-sculpture-grand-format","19":"product_tag-technique-mixte","20":"series-tom-price-carbon-fr","22":"first","23":"instock","24":"taxable","25":"shipping-taxable","26":"purchasable","27":"product-type-simple"},"acf":{"artwork_artist":[2798],"artwork_medium":164,"artwork_categories":[210,204,413,426],"artwork_overall-tones":[],"artwork_main-material":[426],"artwork_art-genre":[],"artwork_art-movement":[413,407,189],"artwork_miscellaneous":[193],"artwork_formats":[215],"artwork_price-ranges":[238],"artwork_main_subject":[],"artwork_technique":[545],"artwork_featured_location":[],"artwork_dominant_color":[563,567],"artwork_physical_attributes":[368,368],"artwork_creation_date":"20230101","artwork_unique_piece":true,"artwork_description":"Charbon, r\u00e9sine de polyur\u00e9thane, acier","artwork_signature":"x","artwork_authenticity":"L\u2019\u0153uvre est vendue avec un certificat d\u2019authenticit\u00e9 sign\u00e9 par l\u2019artiste.","artwork_framing":"not_specified","artwork_has_custom_framing_info":false,"artwork_custom_framing_info":"Not specified","artwork_location_country":"ES","artwork_location_city":"Manacor","artwork_location_zipcode":"07509","artwork_shipment_type":"3D_artwork","artwork_shipping_delivery":"sculpture_unique_piece_immediate_availability","artwork_has_custom_shipping_delivery_info":false,"artwork_custom_shipping_delivery_info":"Not specified","artwork_360_view_url":"","artwork_video_url":"https:\/\/youtu.be\/mjTtpT8gDm0?si=edIBKzsmWsm8aAd1","artwork_video_format":["horizontal"],"artwork_preview_type":"featured_image","artwork_reserved":false,"artwork_hide_price":false,"artwork_about":"<strong><em>Carbon Void Jade<\/em><\/strong>\u00a0est une \u0153uvre de l\u2019artiste anglais Tom Price.\r\n\r\nLa d\u00e9marche artistique de Tom Price s\u2019articule autour des mat\u00e9riaux et elle est notamment guid\u00e9e par des processus cr\u00e9atifs innovants et exp\u00e9rimentaux. L\u2019artiste d\u00e9crit son travail comme \u00ab <em>un travail en collaboration avec les mat\u00e9riaux, les processus et les ph\u00e9nom\u00e8nes, dont le r\u00e9sultat physique final est le produit d\u2019un accord mutuel<\/em> \u00bb.\r\n\r\nUn des mat\u00e9riaux privil\u00e9gi\u00e9s par l\u2019artiste est le charbon. L\u2019artiste appr\u00e9cie ses caract\u00e9ristiques esth\u00e9tiques, notamment sa noirceur et son opacit\u00e9, ainsi que celles intrins\u00e8ques et fonctionnelles : le charbon est en effet une des formes les plus pures du carbone, l'\u00e9l\u00e9ment de base de toutes les formes de vie connues, ainsi qu\u2019une source tr\u00e8s importante de l\u2019\u00e9nergie utilis\u00e9e par l\u2019homme. Gr\u00e2ce \u00e0 un apprentissage guid\u00e9 par l\u2019exp\u00e9rimentation, Tom Price a d\u00e9velopp\u00e9 une grande ma\u00eetrise dans le travail de cet \u00e9l\u00e9ment, et il r\u00e9alise avec ceci des \u0153uvres extr\u00eamement vari\u00e9es.\r\n\r\nL\u2019artiste a r\u00e9alis\u00e9 la s\u00e9rie Carbon Voids en croisant diff\u00e9rentes formes g\u00e9om\u00e9triques \u00ab positives \u00bb (qui cr\u00e9ent des pleins) et \u00ab n\u00e9gatives \u00bb (qui cr\u00e9ent des vides). A travers la g\u00e9om\u00e9trie, il souhaite explorer la relation entre l\u2019homme et les objets qu\u2019il utilise : gr\u00e2ce \u00e0 la pr\u00e9sence intrins\u00e8que des vides, les \u0153uvres ont la potentialit\u00e9 de se transformer en conteneurs ou assises. C\u2019est le public qui d\u00e9cide si la pi\u00e8ce est fonctionnelle ou purement sculpturale, en la pla\u00e7ant sur une facette ou sur une autre.\r\n\r\nPhotos: Twentieth Gallery","artwork_series":[2003],"artwork_query_group":"10","artwork_lowest_grid_position":1,"artwork_random_position":975641,"explicit_sensitive_content":false,"drupal_id":"8136"},"yoast_head":"<!-- This site is optimized with the Yoast SEO Premium plugin v27.3 (Yoast SEO v27.3) - https:\/\/yoast.com\/product\/yoast-seo-premium-wordpress\/ -->\n<title>Carbon Void Jade par Tom Price - Sculpture contemporaine | Artistics<\/title>\n<meta name=\"description\" content=\"Carbon Void Jade par Tom Price - achetez en ligne cette \u0153uvre d\u2019art originale avec son certificat d\u2019authenticit\u00e9 et b\u00e9n\u00e9ficiez de notre service premium.\" \/>\n<meta name=\"robots\" content=\"index, follow, max-snippet:-1, max-image-preview:large, max-video-preview:-1\" \/>\n<link rel=\"canonical\" href=\"https:\/\/artistics.com\/fr\/oeuvre\/carbon-void-jade\/\" \/>\n<meta property=\"og:locale\" content=\"fr_FR\" \/>\n<meta property=\"og:type\" content=\"article\" \/>\n<meta property=\"og:title\" content=\"Carbon Void Jade\" \/>\n<meta property=\"og:description\" content=\"Carbon Void Jade par Tom Price - achetez en ligne cette \u0153uvre d\u2019art originale avec son certificat d\u2019authenticit\u00e9 et b\u00e9n\u00e9ficiez de notre service premium.\" \/>\n<meta property=\"og:url\" content=\"https:\/\/artistics.com\/fr\/oeuvre\/carbon-void-jade\/\" \/>\n<meta property=\"og:site_name\" content=\"Artistics\" \/>\n<meta property=\"article:publisher\" content=\"https:\/\/www.facebook.com\/ArtisticsMag\" \/>\n<meta property=\"article:modified_time\" content=\"2024-10-31T17:00:44+00:00\" \/>\n<meta property=\"og:image\" content=\"https:\/\/artistics.com\/wp-content\/uploads\/2024\/10\/carbon-void-jade-sculpture-by-tom-price-4.jpg\" \/>\n\t<meta property=\"og:image:width\" content=\"2560\" \/>\n\t<meta property=\"og:image:height\" content=\"2330\" \/>\n\t<meta property=\"og:image:type\" content=\"image\/jpeg\" \/>\n<meta name=\"twitter:card\" content=\"summary_large_image\" \/>\n<meta name=\"twitter:site\" content=\"@Artistics_FR\" \/>\n<meta name=\"twitter:label1\" content=\"Prix\" \/>\n\t<meta name=\"twitter:data1\" content=\"59 000&nbsp;&euro;\" \/>\n\t<meta name=\"twitter:label2\" content=\"Disponibilit\u00e9\" \/>\n\t<meta name=\"twitter:data2\" content=\"En stock\" \/>\n<script type=\"application\/ld+json\" class=\"yoast-schema-graph\">{\"@context\":\"https:\\\/\\\/schema.org\",\"@graph\":[{\"@type\":[\"WebPage\",\"ItemPage\"],\"@id\":\"https:\\\/\\\/artistics.com\\\/fr\\\/oeuvre\\\/carbon-void-jade\\\/\",\"url\":\"https:\\\/\\\/artistics.com\\\/fr\\\/oeuvre\\\/carbon-void-jade\\\/\",\"name\":\"Carbon Void Jade par Tom Price - Sculpture contemporaine | Artistics\",\"isPartOf\":{\"@id\":\"https:\\\/\\\/artistics.com\\\/fr\\\/#website\"},\"primaryImageOfPage\":{\"@id\":\"https:\\\/\\\/artistics.com\\\/fr\\\/oeuvre\\\/carbon-void-jade\\\/#primaryimage\"},\"image\":{\"@id\":\"https:\\\/\\\/artistics.com\\\/fr\\\/oeuvre\\\/carbon-void-jade\\\/#primaryimage\"},\"thumbnailUrl\":\"https:\\\/\\\/artistics.com\\\/wp-content\\\/uploads\\\/2024\\\/10\\\/carbon-void-jade-sculpture-by-tom-price-4.jpg\",\"datePublished\":\"2024-10-31T15:27:39+00:00\",\"dateModified\":\"2024-10-31T17:00:44+00:00\",\"description\":\"Carbon Void Jade par Tom Price - achetez en ligne cette \u0153uvre d\u2019art originale avec son certificat d\u2019authenticit\u00e9 et b\u00e9n\u00e9ficiez de notre service premium.\",\"breadcrumb\":{\"@id\":\"https:\\\/\\\/artistics.com\\\/fr\\\/oeuvre\\\/carbon-void-jade\\\/#breadcrumb\"},\"inLanguage\":\"fr-FR\",\"potentialAction\":[{\"@type\":\"ReadAction\",\"target\":[\"https:\\\/\\\/artistics.com\\\/fr\\\/oeuvre\\\/carbon-void-jade\\\/\"]}]},{\"@type\":\"ImageObject\",\"inLanguage\":\"fr-FR\",\"@id\":\"https:\\\/\\\/artistics.com\\\/fr\\\/oeuvre\\\/carbon-void-jade\\\/#primaryimage\",\"url\":\"https:\\\/\\\/artistics.com\\\/wp-content\\\/uploads\\\/2024\\\/10\\\/carbon-void-jade-sculpture-by-tom-price-4.jpg\",\"contentUrl\":\"https:\\\/\\\/artistics.com\\\/wp-content\\\/uploads\\\/2024\\\/10\\\/carbon-void-jade-sculpture-by-tom-price-4.jpg\",\"width\":2560,\"height\":2330},{\"@type\":\"BreadcrumbList\",\"@id\":\"https:\\\/\\\/artistics.com\\\/fr\\\/oeuvre\\\/carbon-void-jade\\\/#breadcrumb\",\"itemListElement\":[{\"@type\":\"ListItem\",\"position\":1,\"name\":\"Achat \u0153uvre d'art\",\"item\":\"https:\\\/\\\/artistics.com\\\/fr\\\/\"},{\"@type\":\"ListItem\",\"position\":2,\"name\":\"Galerie\",\"item\":\"https:\\\/\\\/artistics.com\\\/fr\\\/galerie\\\/\"},{\"@type\":\"ListItem\",\"position\":3,\"name\":\"Sculpture contemporaine\",\"item\":\"https:\\\/\\\/artistics.com\\\/fr\\\/categorie-oeuvre\\\/sculpture-contemporaine\\\/\"},{\"@type\":\"ListItem\",\"position\":4,\"name\":\"Carbon Void Jade\"}]},{\"@type\":\"WebSite\",\"@id\":\"https:\\\/\\\/artistics.com\\\/fr\\\/#website\",\"url\":\"https:\\\/\\\/artistics.com\\\/fr\\\/\",\"name\":\"Artistics\",\"description\":\"The online art gallery\",\"publisher\":{\"@id\":\"https:\\\/\\\/artistics.com\\\/fr\\\/#organization\"},\"potentialAction\":[{\"@type\":\"SearchAction\",\"target\":{\"@type\":\"EntryPoint\",\"urlTemplate\":\"https:\\\/\\\/artistics.com\\\/fr\\\/?s={search_term_string}\"},\"query-input\":{\"@type\":\"PropertyValueSpecification\",\"valueRequired\":true,\"valueName\":\"search_term_string\"}}],\"inLanguage\":\"fr-FR\"},{\"@type\":\"Organization\",\"@id\":\"https:\\\/\\\/artistics.com\\\/fr\\\/#organization\",\"name\":\"Artistics\",\"url\":\"https:\\\/\\\/artistics.com\\\/fr\\\/\",\"logo\":{\"@type\":\"ImageObject\",\"inLanguage\":\"fr-FR\",\"@id\":\"https:\\\/\\\/artistics.com\\\/fr\\\/#\\\/schema\\\/logo\\\/image\\\/\",\"url\":\"https:\\\/\\\/artistics.com\\\/wp-content\\\/uploads\\\/2023\\\/02\\\/artistics-logo-web-1.svg\",\"contentUrl\":\"https:\\\/\\\/artistics.com\\\/wp-content\\\/uploads\\\/2023\\\/02\\\/artistics-logo-web-1.svg\",\"caption\":\"Artistics\"},\"image\":{\"@id\":\"https:\\\/\\\/artistics.com\\\/fr\\\/#\\\/schema\\\/logo\\\/image\\\/\"},\"sameAs\":[\"https:\\\/\\\/www.facebook.com\\\/ArtisticsMag\",\"https:\\\/\\\/x.com\\\/Artistics_FR\",\"http:\\\/\\\/www.linkedin.com\\\/company\\\/artistics\",\"https:\\\/\\\/www.instagram.com\\\/artistics_com\\\/\",\"http:\\\/\\\/www.pinterest.com\\\/ArtisticsMag\"],\"hasMerchantReturnPolicy\":{\"@type\":\"MerchantReturnPolicy\",\"merchantReturnLink\":\"https:\\\/\\\/artistics.com\\\/free-return-policy\\\/\"}}]}<\/script>\n<meta property=\"product:price:amount\" content=\"59000\" \/>\n<meta property=\"product:price:currency\" content=\"EUR\" \/>\n<meta property=\"og:availability\" content=\"instock\" \/>\n<meta property=\"product:availability\" content=\"instock\" \/>\n<meta property=\"product:retailer_item_id\" content=\"8137-1\" \/>\n<meta property=\"product:condition\" content=\"new\" \/>\n<!-- \/ Yoast SEO Premium plugin. -->","yoast_head_json":{"title":"Carbon Void Jade par Tom Price - Sculpture contemporaine | Artistics","description":"Carbon Void Jade par Tom Price - achetez en ligne cette \u0153uvre d\u2019art originale avec son certificat d\u2019authenticit\u00e9 et b\u00e9n\u00e9ficiez de notre service premium.","robots":{"index":"index","follow":"follow","max-snippet":"max-snippet:-1","max-image-preview":"max-image-preview:large","max-video-preview":"max-video-preview:-1"},"canonical":"https:\/\/artistics.com\/fr\/oeuvre\/carbon-void-jade\/","og_locale":"fr_FR","og_type":"article","og_title":"Carbon Void Jade","og_description":"Carbon Void Jade par Tom Price - achetez en ligne cette \u0153uvre d\u2019art originale avec son certificat d\u2019authenticit\u00e9 et b\u00e9n\u00e9ficiez de notre service premium.","og_url":"https:\/\/artistics.com\/fr\/oeuvre\/carbon-void-jade\/","og_site_name":"Artistics","article_publisher":"https:\/\/www.facebook.com\/ArtisticsMag","article_modified_time":"2024-10-31T17:00:44+00:00","og_image":[{"width":2560,"height":2330,"url":"https:\/\/artistics.com\/wp-content\/uploads\/2024\/10\/carbon-void-jade-sculpture-by-tom-price-4.jpg","type":"image\/jpeg"}],"twitter_card":"summary_large_image","twitter_site":"@Artistics_FR","twitter_misc":{"Prix":"59 000&nbsp;&euro;","Disponibilit\u00e9":"En stock"},"schema":{"@context":"https:\/\/schema.org","@graph":[{"@type":["WebPage","ItemPage"],"@id":"https:\/\/artistics.com\/fr\/oeuvre\/carbon-void-jade\/","url":"https:\/\/artistics.com\/fr\/oeuvre\/carbon-void-jade\/","name":"Carbon Void Jade par Tom Price - Sculpture contemporaine | Artistics","isPartOf":{"@id":"https:\/\/artistics.com\/fr\/#website"},"primaryImageOfPage":{"@id":"https:\/\/artistics.com\/fr\/oeuvre\/carbon-void-jade\/#primaryimage"},"image":{"@id":"https:\/\/artistics.com\/fr\/oeuvre\/carbon-void-jade\/#primaryimage"},"thumbnailUrl":"https:\/\/artistics.com\/wp-content\/uploads\/2024\/10\/carbon-void-jade-sculpture-by-tom-price-4.jpg","datePublished":"2024-10-31T15:27:39+00:00","dateModified":"2024-10-31T17:00:44+00:00","description":"Carbon Void Jade par Tom Price - achetez en ligne cette \u0153uvre d\u2019art originale avec son certificat d\u2019authenticit\u00e9 et b\u00e9n\u00e9ficiez de notre service premium.","breadcrumb":{"@id":"https:\/\/artistics.com\/fr\/oeuvre\/carbon-void-jade\/#breadcrumb"},"inLanguage":"fr-FR","potentialAction":[{"@type":"ReadAction","target":["https:\/\/artistics.com\/fr\/oeuvre\/carbon-void-jade\/"]}]},{"@type":"ImageObject","inLanguage":"fr-FR","@id":"https:\/\/artistics.com\/fr\/oeuvre\/carbon-void-jade\/#primaryimage","url":"https:\/\/artistics.com\/wp-content\/uploads\/2024\/10\/carbon-void-jade-sculpture-by-tom-price-4.jpg","contentUrl":"https:\/\/artistics.com\/wp-content\/uploads\/2024\/10\/carbon-void-jade-sculpture-by-tom-price-4.jpg","width":2560,"height":2330},{"@type":"BreadcrumbList","@id":"https:\/\/artistics.com\/fr\/oeuvre\/carbon-void-jade\/#breadcrumb","itemListElement":[{"@type":"ListItem","position":1,"name":"Achat \u0153uvre d'art","item":"https:\/\/artistics.com\/fr\/"},{"@type":"ListItem","position":2,"name":"Galerie","item":"https:\/\/artistics.com\/fr\/galerie\/"},{"@type":"ListItem","position":3,"name":"Sculpture contemporaine","item":"https:\/\/artistics.com\/fr\/categorie-oeuvre\/sculpture-contemporaine\/"},{"@type":"ListItem","position":4,"name":"Carbon Void Jade"}]},{"@type":"WebSite","@id":"https:\/\/artistics.com\/fr\/#website","url":"https:\/\/artistics.com\/fr\/","name":"Artistics","description":"The online art gallery","publisher":{"@id":"https:\/\/artistics.com\/fr\/#organization"},"potentialAction":[{"@type":"SearchAction","target":{"@type":"EntryPoint","urlTemplate":"https:\/\/artistics.com\/fr\/?s={search_term_string}"},"query-input":{"@type":"PropertyValueSpecification","valueRequired":true,"valueName":"search_term_string"}}],"inLanguage":"fr-FR"},{"@type":"Organization","@id":"https:\/\/artistics.com\/fr\/#organization","name":"Artistics","url":"https:\/\/artistics.com\/fr\/","logo":{"@type":"ImageObject","inLanguage":"fr-FR","@id":"https:\/\/artistics.com\/fr\/#\/schema\/logo\/image\/","url":"https:\/\/artistics.com\/wp-content\/uploads\/2023\/02\/artistics-logo-web-1.svg","contentUrl":"https:\/\/artistics.com\/wp-content\/uploads\/2023\/02\/artistics-logo-web-1.svg","caption":"Artistics"},"image":{"@id":"https:\/\/artistics.com\/fr\/#\/schema\/logo\/image\/"},"sameAs":["https:\/\/www.facebook.com\/ArtisticsMag","https:\/\/x.com\/Artistics_FR","http:\/\/www.linkedin.com\/company\/artistics","https:\/\/www.instagram.com\/artistics_com\/","http:\/\/www.pinterest.com\/ArtisticsMag"],"hasMerchantReturnPolicy":{"@type":"MerchantReturnPolicy","merchantReturnLink":"https:\/\/artistics.com\/free-return-policy\/"}}]},"product_price_amount":"59000","product_price_currency":"EUR","og_availability":"instock","product_availability":"instock","product_retailer_item_id":"8137-1","product_condition":"new"},"_links":{"self":[{"href":"https:\/\/artistics.com\/fr\/wp-json\/wp\/v2\/product\/68882","targetHints":{"allow":["GET"]}}],"collection":[{"href":"https:\/\/artistics.com\/fr\/wp-json\/wp\/v2\/product"}],"about":[{"href":"https:\/\/artistics.com\/fr\/wp-json\/wp\/v2\/types\/product"}],"acf:term":[{"embeddable":true,"taxonomy":"series","href":"https:\/\/artistics.com\/fr\/wp-json\/wp\/v2\/series\/2003"},{"embeddable":true,"taxonomy":"product_tag","href":"https:\/\/artistics.com\/fr\/wp-json\/wp\/v2\/product_tag\/368"},{"embeddable":true,"taxonomy":"product_tag","href":"https:\/\/artistics.com\/fr\/wp-json\/wp\/v2\/product_tag\/567"},{"embeddable":true,"taxonomy":"product_tag","href":"https:\/\/artistics.com\/fr\/wp-json\/wp\/v2\/product_tag\/563"},{"embeddable":true,"taxonomy":"product_tag","href":"https:\/\/artistics.com\/fr\/wp-json\/wp\/v2\/product_tag\/545"},{"embeddable":true,"taxonomy":"product_cat","href":"https:\/\/artistics.com\/fr\/wp-json\/wp\/v2\/product_cat\/238"},{"embeddable":true,"taxonomy":"product_cat","href":"https:\/\/artistics.com\/fr\/wp-json\/wp\/v2\/product_cat\/215"},{"embeddable":true,"taxonomy":"product_cat","href":"https:\/\/artistics.com\/fr\/wp-json\/wp\/v2\/product_cat\/193"},{"embeddable":true,"taxonomy":"product_cat","href":"https:\/\/artistics.com\/fr\/wp-json\/wp\/v2\/product_cat\/189"},{"embeddable":true,"taxonomy":"product_cat","href":"https:\/\/artistics.com\/fr\/wp-json\/wp\/v2\/product_cat\/407"},{"embeddable":true,"taxonomy":"product_cat","href":"https:\/\/artistics.com\/fr\/wp-json\/wp\/v2\/product_cat\/426"},{"embeddable":true,"taxonomy":"product_cat","href":"https:\/\/artistics.com\/fr\/wp-json\/wp\/v2\/product_cat\/413"},{"embeddable":true,"taxonomy":"product_cat","href":"https:\/\/artistics.com\/fr\/wp-json\/wp\/v2\/product_cat\/204"},{"embeddable":true,"taxonomy":"product_cat","href":"https:\/\/artistics.com\/fr\/wp-json\/wp\/v2\/product_cat\/210"},{"embeddable":true,"taxonomy":"product_cat","href":"https:\/\/artistics.com\/fr\/wp-json\/wp\/v2\/product_cat\/164"}],"acf:post":[{"embeddable":true,"href":"https:\/\/artistics.com\/fr\/wp-json\/wp\/v2\/artist\/2798"}],"wp:featuredmedia":[{"embeddable":true,"href":"https:\/\/artistics.com\/fr\/wp-json\/wp\/v2\/media\/68878"}],"wp:attachment":[{"href":"https:\/\/artistics.com\/fr\/wp-json\/wp\/v2\/media?parent=68882"}],"wp:term":[{"taxonomy":"product_cat","embeddable":true,"href":"https:\/\/artistics.com\/fr\/wp-json\/wp\/v2\/product_cat?post=68882"},{"taxonomy":"product_tag","embeddable":true,"href":"https:\/\/artistics.com\/fr\/wp-json\/wp\/v2\/product_tag?post=68882"},{"taxonomy":"series","embeddable":true,"href":"https:\/\/artistics.com\/fr\/wp-json\/wp\/v2\/series?post=68882"}],"curies":[{"name":"wp","href":"https:\/\/api.w.org\/{rel}","templated":true}]}}