{"id":66905,"date":"2024-10-09T17:49:24","date_gmt":"2024-10-09T15:49:24","guid":{"rendered":"https:\/\/artistics.com\/?post_type=product&#038;p=66905"},"modified":"2024-10-30T18:31:44","modified_gmt":"2024-10-30T17:31:44","slug":"2024-ii-6-combination-of-2024-ii-2-3-4-5","status":"publish","type":"product","link":"https:\/\/artistics.com\/fr\/oeuvre\/2024-ii-6-combination-of-2024-ii-2-3-4-5\/","title":{"rendered":"2024 II &#8211; 6 (combination of 2024 II &#8211; 2, 3, 4, 5)"},"content":{"rendered":"","protected":false},"excerpt":{"rendered":"","protected":false},"featured_media":68666,"template":"","meta":{"_acf_changed":false,"_searchwp_excluded":"","inline_featured_image":false},"product_cat":[407,2383,162,169,171,174,189,193,216,236],"product_tag":[],"series":[2414],"class_list":{"0":"post-66905","1":"product","2":"type-product","3":"status-publish","4":"has-post-thumbnail","6":"product_cat-art-minimaliste","7":"product_cat-art-textile","8":"product_cat-peinture-contemporaine","9":"product_cat-peinture-abstraite","10":"product_cat-tableau-geometrique","11":"product_cat-peinture-minimaliste","12":"product_cat-art-abstrait","13":"product_cat-geometrique","14":"product_cat-moyen","15":"product_cat-de-3000-a-10-000-e","16":"series-christiane-maurer-serie-2024-ii","18":"first","19":"instock","20":"shipping-taxable","21":"purchasable","22":"product-type-simple"},"acf":{"artwork_artist":[65122],"artwork_medium":162,"artwork_categories":[169,171,174],"artwork_overall-tones":[],"artwork_main-material":[],"artwork_art-genre":[],"artwork_art-movement":[2383,189,407],"artwork_miscellaneous":[193],"artwork_formats":[216],"artwork_price-ranges":[236],"artwork_main_subject":[],"artwork_technique":[],"artwork_featured_location":[],"artwork_dominant_color":[],"artwork_physical_attributes":[],"artwork_creation_date":"20240101","artwork_unique_piece":true,"artwork_description":"Double tissage, coton tiss\u00e9 \u00e0 la main tendu sur ch\u00e2ssis","artwork_signature":"\u0152uvre sign\u00e9e","artwork_authenticity":"L\u2019\u0153uvre est vendue avec un certificat d\u2019authenticit\u00e9 sign\u00e9 par l\u2019artiste.","artwork_framing":"unframed","artwork_has_custom_framing_info":false,"artwork_custom_framing_info":"Not specified","artwork_location_country":"","artwork_location_city":"","artwork_location_zipcode":"","artwork_shipment_type":"2D_flat_artwork","artwork_shipping_delivery":"painting_immediate_availability","artwork_has_custom_shipping_delivery_info":false,"artwork_custom_shipping_delivery_info":"Not specified","artwork_360_view_url":"","artwork_video_url":"","artwork_video_format":[],"artwork_preview_type":"auto","artwork_reserved":false,"artwork_hide_price":false,"artwork_about":"<span class=\"TextRun SCXW163323735 BCX0\" lang=\"FR-FR\" xml:lang=\"FR-FR\" data-contrast=\"auto\"><span class=\"NormalTextRun SCXW163323735 BCX0\"><span class=\"TextRun SCXW264464778 BCX0\" lang=\"FR-FR\" xml:lang=\"FR-FR\" data-contrast=\"auto\"><span class=\"NormalTextRun SCXW264464778 BCX0\"><strong><em>2024 II - 6 (combination of 2024 II - 2, 3, 4, 5)<\/em><\/strong> est un ensemble de quatre \u0153uvres d\u2019art textile de l\u2019artiste Christiane Maurer, issue de la s\u00e9rie <em>2024 II.<\/em><\/span><\/span><\/span><\/span>\r\n\r\n<span class=\"TextRun SCXW163323735 BCX0\" lang=\"FR-FR\" xml:lang=\"FR-FR\" data-contrast=\"auto\"><span class=\"NormalTextRun SCXW163323735 BCX0\">Dans cette s\u00e9rie, l\u2019artiste utilise des motifs g\u00e9om\u00e9triques tr\u00e8s simples, deux rectangles, pour explorer les interactions entre <\/span><span class=\"NormalTextRun SCXW163323735 BCX0\">des <\/span><span class=\"NormalTextRun SCXW163323735 BCX0\">couleurs froides, comme le violet et le vert, et <\/span><span class=\"NormalTextRun SCXW163323735 BCX0\">des couleurs <\/span><span class=\"NormalTextRun SCXW163323735 BCX0\">chaudes, comme l\u2019orange ou <\/span><span class=\"NormalTextRun SCXW163323735 BCX0\">le jaune<\/span><span class=\"NormalTextRun SCXW163323735 BCX0\">.<\/span><span class=\"NormalTextRun SCXW163323735 BCX0\"> Par rapport aux autres s\u00e9ries, les motifs sont <\/span><span class=\"NormalTextRun SCXW163323735 BCX0\">ici <\/span><span class=\"NormalTextRun SCXW163323735 BCX0\">simplifi\u00e9s<\/span><span class=\"NormalTextRun SCXW163323735 BCX0\">. C<\/span><span class=\"NormalTextRun SCXW163323735 BCX0\">ela fait partie de l\u2019\u00e9volution artistique de Christiane Maurer, qui explique\u202f: <em>\u00ab\u202f<\/em><\/span><\/span><em><span class=\"TextRun SCXW163323735 BCX0\" lang=\"FR-FR\" xml:lang=\"FR-FR\" data-contrast=\"auto\"><span class=\"NormalTextRun SCXW163323735 BCX0\">Je me suis rendu compte que je n'avais pas besoin de beaucoup de motifs ; j'ai juste besoin de quelques contours o\u00f9 les lignes color\u00e9es peuvent se rencontrer et peuvent exploser, ou dispara\u00eetre<\/span><\/span><span class=\"TextRun SCXW163323735 BCX0\" lang=\"FR-FR\" xml:lang=\"FR-FR\" data-contrast=\"auto\"><span class=\"NormalTextRun SCXW163323735 BCX0\">.<\/span><span class=\"NormalTextRun SCXW163323735 BCX0\">\u202f\u00bb<\/span><\/span><span class=\"EOP SCXW163323735 BCX0\" data-ccp-props=\"{&quot;335551550&quot;:6,&quot;335551620&quot;:6}\">\u00a0<\/span><\/em>\r\n\r\n<span data-contrast=\"auto\">Les \u0153uvres de Christiane Maurer, tiss\u00e9es \u00e0 la main \u00e0 l\u2019aide d\u2019un m\u00e9tier \u00e0 tisser, explorent les interactions, les transitions et les combinaisons de couleurs. Le langage choisi est celui de l\u2019abstraction\u202f: des motifs g\u00e9om\u00e9triques simples sont employ\u00e9s pour faire se croiser des lignes de diff\u00e9rentes couleurs. Chaque s\u00e9rie de l\u2019artiste explore une combinaison de couleurs et de motifs diff\u00e9rente, dans une recherche en constante \u00e9volution. Ses \u0153uvres, aux tonalit\u00e9s chromatiques tr\u00e8s vives ou plus d\u00e9licates, r\u00e9v\u00e8lent des nuances changeantes et de subtiles iridescences en fonction de la lumi\u00e8re de leur environnement ou du mouvement de l\u2019observateur.<\/span><span data-ccp-props=\"{&quot;335551550&quot;:6,&quot;335551620&quot;:6}\">\u00a0<\/span>\r\n\r\n<span data-contrast=\"auto\">Le processus de cr\u00e9ation de Christiane Maurer m\u00e9lange habilement savoir-faire traditionnel et m\u00e9thodes num\u00e9riques. La partie cr\u00e9ative se d\u00e9roule \u00e0 l\u2019ordinateur\u202f: avec un programme de design graphique, l\u2019artiste travaille sur des \u00e9tudes de couleurs afin de concr\u00e9tiser son id\u00e9e dans un design num\u00e9rique. Gr\u00e2ce \u00e0 un autre programme, ce dernier est ensuite transpos\u00e9 dans un projet de tissage, d\u00e9terminant les couleurs de chaque fil de cha\u00eene et de trame. Une fois que le m\u00e9tier \u00e0 tisser est install\u00e9, avec toutes les bobines de fils color\u00e9s dans leur s\u00e9quence exacte, l\u2019artiste commence \u00e0 tisser utilisant l\u2019ancienne technique du double tissage. L\u2019\u0153uvre tiss\u00e9e est tendue sur un ch\u00e2ssis en bois, comme une toile. Ce processus demande beaucoup de pr\u00e9cision et de concentration, ainsi qu\u2019un temps de travail assez long pouvant durer plusieurs mois, de la conception artistique de l\u2019\u0153uvre jusqu\u2019 \u00e0 sa fabrication.\u00a0<\/span><span data-ccp-props=\"{&quot;335551550&quot;:6,&quot;335551620&quot;:6}\">\u00a0<\/span>\r\n\r\n<span data-contrast=\"auto\">Christiane Maurer est devenue artiste apr\u00e8s avoir cumul\u00e9 une importante exp\u00e9rience en tant que designeuse industrielle dans le secteur textile et en tant que chercheuse dans le domaine de la perception des couleurs et des espaces chromatiques. Aujourd\u2019hui elle expose ses \u0153uvres en Europe et, depuis 2022, elle est membre du Pulchri Studio, institution d\u2019art historique n\u00e9erlandaise.\u00a0<\/span>\r\n\r\nLes dimensions de chaque \u0153uvre est de 40 x 47 cm.","artwork_series":[2414],"artwork_query_group":"20","artwork_lowest_grid_position":1,"artwork_random_position":9950636,"explicit_sensitive_content":false,"drupal_id":""},"yoast_head":"<!-- This site is optimized with the Yoast SEO Premium plugin v27.3 (Yoast SEO v27.3) - https:\/\/yoast.com\/product\/yoast-seo-premium-wordpress\/ -->\n<title>2024 II - 6 (combination of 2024 II - 2, 3, 4, 5) par Christiane Maurer - Peinture contemporaine | Artistics<\/title>\n<meta name=\"description\" content=\"2024 II - 6 (combination of 2024 II - 2, 3, 4, 5) par Christiane Maurer - achetez en ligne cette \u0153uvre d\u2019art originale avec son certificat d\u2019authenticit\u00e9 et b\u00e9n\u00e9ficiez de notre service premium.\" \/>\n<meta name=\"robots\" content=\"index, follow, max-snippet:-1, max-image-preview:large, max-video-preview:-1\" \/>\n<link rel=\"canonical\" href=\"https:\/\/artistics.com\/fr\/oeuvre\/2024-ii-6-combination-of-2024-ii-2-3-4-5\/\" \/>\n<meta property=\"og:locale\" content=\"fr_FR\" \/>\n<meta property=\"og:type\" content=\"article\" \/>\n<meta property=\"og:title\" content=\"2024 II - 6 (combination of 2024 II - 2, 3, 4, 5)\" \/>\n<meta property=\"og:description\" content=\"2024 II - 6 (combination of 2024 II - 2, 3, 4, 5) par Christiane Maurer - achetez en ligne cette \u0153uvre d\u2019art originale avec son certificat d\u2019authenticit\u00e9 et b\u00e9n\u00e9ficiez de notre service premium.\" \/>\n<meta property=\"og:url\" content=\"https:\/\/artistics.com\/fr\/oeuvre\/2024-ii-6-combination-of-2024-ii-2-3-4-5\/\" \/>\n<meta property=\"og:site_name\" content=\"Artistics\" \/>\n<meta property=\"article:publisher\" content=\"https:\/\/www.facebook.com\/ArtisticsMag\" \/>\n<meta property=\"article:modified_time\" content=\"2024-10-30T17:31:44+00:00\" \/>\n<meta property=\"og:image\" content=\"https:\/\/artistics.com\/wp-content\/uploads\/2024\/10\/2024-ii-6-combination-of-2024-ii-2-3-4-5-textile-art-by-christiane-maurer-1-1024x1024.jpg\" \/>\n\t<meta property=\"og:image:width\" content=\"1024\" \/>\n\t<meta property=\"og:image:height\" content=\"1024\" \/>\n\t<meta property=\"og:image:type\" content=\"image\/jpeg\" \/>\n<meta name=\"twitter:card\" content=\"summary_large_image\" \/>\n<meta name=\"twitter:site\" content=\"@Artistics_FR\" \/>\n<meta name=\"twitter:label1\" content=\"Prix\" \/>\n\t<meta name=\"twitter:data1\" content=\"6 900&nbsp;&euro;\" \/>\n\t<meta name=\"twitter:label2\" content=\"Disponibilit\u00e9\" \/>\n\t<meta name=\"twitter:data2\" content=\"En stock\" \/>\n<script type=\"application\/ld+json\" class=\"yoast-schema-graph\">{\"@context\":\"https:\\\/\\\/schema.org\",\"@graph\":[{\"@type\":[\"WebPage\",\"ItemPage\"],\"@id\":\"https:\\\/\\\/artistics.com\\\/fr\\\/oeuvre\\\/2024-ii-6-combination-of-2024-ii-2-3-4-5\\\/\",\"url\":\"https:\\\/\\\/artistics.com\\\/fr\\\/oeuvre\\\/2024-ii-6-combination-of-2024-ii-2-3-4-5\\\/\",\"name\":\"2024 II - 6 (combination of 2024 II - 2, 3, 4, 5) par Christiane Maurer - Peinture contemporaine | Artistics\",\"isPartOf\":{\"@id\":\"https:\\\/\\\/artistics.com\\\/fr\\\/#website\"},\"primaryImageOfPage\":{\"@id\":\"https:\\\/\\\/artistics.com\\\/fr\\\/oeuvre\\\/2024-ii-6-combination-of-2024-ii-2-3-4-5\\\/#primaryimage\"},\"image\":{\"@id\":\"https:\\\/\\\/artistics.com\\\/fr\\\/oeuvre\\\/2024-ii-6-combination-of-2024-ii-2-3-4-5\\\/#primaryimage\"},\"thumbnailUrl\":\"https:\\\/\\\/artistics.com\\\/wp-content\\\/uploads\\\/2024\\\/10\\\/2024-ii-6-combination-of-2024-ii-2-3-4-5-textile-art-by-christiane-maurer-1.jpg\",\"datePublished\":\"2024-10-09T15:49:24+00:00\",\"dateModified\":\"2024-10-30T17:31:44+00:00\",\"description\":\"2024 II - 6 (combination of 2024 II - 2, 3, 4, 5) par Christiane Maurer - achetez en ligne cette \u0153uvre d\u2019art originale avec son certificat d\u2019authenticit\u00e9 et b\u00e9n\u00e9ficiez de notre service premium.\",\"breadcrumb\":{\"@id\":\"https:\\\/\\\/artistics.com\\\/fr\\\/oeuvre\\\/2024-ii-6-combination-of-2024-ii-2-3-4-5\\\/#breadcrumb\"},\"inLanguage\":\"fr-FR\",\"potentialAction\":[{\"@type\":\"ReadAction\",\"target\":[\"https:\\\/\\\/artistics.com\\\/fr\\\/oeuvre\\\/2024-ii-6-combination-of-2024-ii-2-3-4-5\\\/\"]}]},{\"@type\":\"ImageObject\",\"inLanguage\":\"fr-FR\",\"@id\":\"https:\\\/\\\/artistics.com\\\/fr\\\/oeuvre\\\/2024-ii-6-combination-of-2024-ii-2-3-4-5\\\/#primaryimage\",\"url\":\"https:\\\/\\\/artistics.com\\\/wp-content\\\/uploads\\\/2024\\\/10\\\/2024-ii-6-combination-of-2024-ii-2-3-4-5-textile-art-by-christiane-maurer-1.jpg\",\"contentUrl\":\"https:\\\/\\\/artistics.com\\\/wp-content\\\/uploads\\\/2024\\\/10\\\/2024-ii-6-combination-of-2024-ii-2-3-4-5-textile-art-by-christiane-maurer-1.jpg\",\"width\":2000,\"height\":2000},{\"@type\":\"BreadcrumbList\",\"@id\":\"https:\\\/\\\/artistics.com\\\/fr\\\/oeuvre\\\/2024-ii-6-combination-of-2024-ii-2-3-4-5\\\/#breadcrumb\",\"itemListElement\":[{\"@type\":\"ListItem\",\"position\":1,\"name\":\"Achat \u0153uvre d'art\",\"item\":\"https:\\\/\\\/artistics.com\\\/fr\\\/\"},{\"@type\":\"ListItem\",\"position\":2,\"name\":\"Galerie\",\"item\":\"https:\\\/\\\/artistics.com\\\/fr\\\/galerie\\\/\"},{\"@type\":\"ListItem\",\"position\":3,\"name\":\"Peinture contemporaine\",\"item\":\"https:\\\/\\\/artistics.com\\\/fr\\\/categorie-oeuvre\\\/peinture-contemporaine\\\/\"},{\"@type\":\"ListItem\",\"position\":4,\"name\":\"2024 II &#8211; 6 (combination of 2024 II &#8211; 2, 3, 4, 5)\"}]},{\"@type\":\"WebSite\",\"@id\":\"https:\\\/\\\/artistics.com\\\/fr\\\/#website\",\"url\":\"https:\\\/\\\/artistics.com\\\/fr\\\/\",\"name\":\"Artistics\",\"description\":\"The online art gallery\",\"publisher\":{\"@id\":\"https:\\\/\\\/artistics.com\\\/fr\\\/#organization\"},\"potentialAction\":[{\"@type\":\"SearchAction\",\"target\":{\"@type\":\"EntryPoint\",\"urlTemplate\":\"https:\\\/\\\/artistics.com\\\/fr\\\/?s={search_term_string}\"},\"query-input\":{\"@type\":\"PropertyValueSpecification\",\"valueRequired\":true,\"valueName\":\"search_term_string\"}}],\"inLanguage\":\"fr-FR\"},{\"@type\":\"Organization\",\"@id\":\"https:\\\/\\\/artistics.com\\\/fr\\\/#organization\",\"name\":\"Artistics\",\"url\":\"https:\\\/\\\/artistics.com\\\/fr\\\/\",\"logo\":{\"@type\":\"ImageObject\",\"inLanguage\":\"fr-FR\",\"@id\":\"https:\\\/\\\/artistics.com\\\/fr\\\/#\\\/schema\\\/logo\\\/image\\\/\",\"url\":\"https:\\\/\\\/artistics.com\\\/wp-content\\\/uploads\\\/2023\\\/02\\\/artistics-logo-web-1.svg\",\"contentUrl\":\"https:\\\/\\\/artistics.com\\\/wp-content\\\/uploads\\\/2023\\\/02\\\/artistics-logo-web-1.svg\",\"caption\":\"Artistics\"},\"image\":{\"@id\":\"https:\\\/\\\/artistics.com\\\/fr\\\/#\\\/schema\\\/logo\\\/image\\\/\"},\"sameAs\":[\"https:\\\/\\\/www.facebook.com\\\/ArtisticsMag\",\"https:\\\/\\\/x.com\\\/Artistics_FR\",\"http:\\\/\\\/www.linkedin.com\\\/company\\\/artistics\",\"https:\\\/\\\/www.instagram.com\\\/artistics_com\\\/\",\"http:\\\/\\\/www.pinterest.com\\\/ArtisticsMag\"],\"hasMerchantReturnPolicy\":{\"@type\":\"MerchantReturnPolicy\",\"merchantReturnLink\":\"https:\\\/\\\/artistics.com\\\/free-return-policy\\\/\"}}]}<\/script>\n<meta property=\"product:price:amount\" content=\"6900\" \/>\n<meta property=\"product:price:currency\" content=\"EUR\" \/>\n<meta property=\"og:availability\" content=\"instock\" \/>\n<meta property=\"product:availability\" content=\"instock\" \/>\n<meta property=\"product:condition\" content=\"new\" \/>\n<!-- \/ Yoast SEO Premium plugin. -->","yoast_head_json":{"title":"2024 II - 6 (combination of 2024 II - 2, 3, 4, 5) par Christiane Maurer - Peinture contemporaine | Artistics","description":"2024 II - 6 (combination of 2024 II - 2, 3, 4, 5) par Christiane Maurer - achetez en ligne cette \u0153uvre d\u2019art originale avec son certificat d\u2019authenticit\u00e9 et b\u00e9n\u00e9ficiez de notre service premium.","robots":{"index":"index","follow":"follow","max-snippet":"max-snippet:-1","max-image-preview":"max-image-preview:large","max-video-preview":"max-video-preview:-1"},"canonical":"https:\/\/artistics.com\/fr\/oeuvre\/2024-ii-6-combination-of-2024-ii-2-3-4-5\/","og_locale":"fr_FR","og_type":"article","og_title":"2024 II - 6 (combination of 2024 II - 2, 3, 4, 5)","og_description":"2024 II - 6 (combination of 2024 II - 2, 3, 4, 5) par Christiane Maurer - achetez en ligne cette \u0153uvre d\u2019art originale avec son certificat d\u2019authenticit\u00e9 et b\u00e9n\u00e9ficiez de notre service premium.","og_url":"https:\/\/artistics.com\/fr\/oeuvre\/2024-ii-6-combination-of-2024-ii-2-3-4-5\/","og_site_name":"Artistics","article_publisher":"https:\/\/www.facebook.com\/ArtisticsMag","article_modified_time":"2024-10-30T17:31:44+00:00","og_image":[{"width":1024,"height":1024,"url":"https:\/\/artistics.com\/wp-content\/uploads\/2024\/10\/2024-ii-6-combination-of-2024-ii-2-3-4-5-textile-art-by-christiane-maurer-1-1024x1024.jpg","type":"image\/jpeg"}],"twitter_card":"summary_large_image","twitter_site":"@Artistics_FR","twitter_misc":{"Prix":"6 900&nbsp;&euro;","Disponibilit\u00e9":"En stock"},"schema":{"@context":"https:\/\/schema.org","@graph":[{"@type":["WebPage","ItemPage"],"@id":"https:\/\/artistics.com\/fr\/oeuvre\/2024-ii-6-combination-of-2024-ii-2-3-4-5\/","url":"https:\/\/artistics.com\/fr\/oeuvre\/2024-ii-6-combination-of-2024-ii-2-3-4-5\/","name":"2024 II - 6 (combination of 2024 II - 2, 3, 4, 5) par Christiane Maurer - Peinture contemporaine | Artistics","isPartOf":{"@id":"https:\/\/artistics.com\/fr\/#website"},"primaryImageOfPage":{"@id":"https:\/\/artistics.com\/fr\/oeuvre\/2024-ii-6-combination-of-2024-ii-2-3-4-5\/#primaryimage"},"image":{"@id":"https:\/\/artistics.com\/fr\/oeuvre\/2024-ii-6-combination-of-2024-ii-2-3-4-5\/#primaryimage"},"thumbnailUrl":"https:\/\/artistics.com\/wp-content\/uploads\/2024\/10\/2024-ii-6-combination-of-2024-ii-2-3-4-5-textile-art-by-christiane-maurer-1.jpg","datePublished":"2024-10-09T15:49:24+00:00","dateModified":"2024-10-30T17:31:44+00:00","description":"2024 II - 6 (combination of 2024 II - 2, 3, 4, 5) par Christiane Maurer - achetez en ligne cette \u0153uvre d\u2019art originale avec son certificat d\u2019authenticit\u00e9 et b\u00e9n\u00e9ficiez de notre service premium.","breadcrumb":{"@id":"https:\/\/artistics.com\/fr\/oeuvre\/2024-ii-6-combination-of-2024-ii-2-3-4-5\/#breadcrumb"},"inLanguage":"fr-FR","potentialAction":[{"@type":"ReadAction","target":["https:\/\/artistics.com\/fr\/oeuvre\/2024-ii-6-combination-of-2024-ii-2-3-4-5\/"]}]},{"@type":"ImageObject","inLanguage":"fr-FR","@id":"https:\/\/artistics.com\/fr\/oeuvre\/2024-ii-6-combination-of-2024-ii-2-3-4-5\/#primaryimage","url":"https:\/\/artistics.com\/wp-content\/uploads\/2024\/10\/2024-ii-6-combination-of-2024-ii-2-3-4-5-textile-art-by-christiane-maurer-1.jpg","contentUrl":"https:\/\/artistics.com\/wp-content\/uploads\/2024\/10\/2024-ii-6-combination-of-2024-ii-2-3-4-5-textile-art-by-christiane-maurer-1.jpg","width":2000,"height":2000},{"@type":"BreadcrumbList","@id":"https:\/\/artistics.com\/fr\/oeuvre\/2024-ii-6-combination-of-2024-ii-2-3-4-5\/#breadcrumb","itemListElement":[{"@type":"ListItem","position":1,"name":"Achat \u0153uvre d'art","item":"https:\/\/artistics.com\/fr\/"},{"@type":"ListItem","position":2,"name":"Galerie","item":"https:\/\/artistics.com\/fr\/galerie\/"},{"@type":"ListItem","position":3,"name":"Peinture contemporaine","item":"https:\/\/artistics.com\/fr\/categorie-oeuvre\/peinture-contemporaine\/"},{"@type":"ListItem","position":4,"name":"2024 II &#8211; 6 (combination of 2024 II &#8211; 2, 3, 4, 5)"}]},{"@type":"WebSite","@id":"https:\/\/artistics.com\/fr\/#website","url":"https:\/\/artistics.com\/fr\/","name":"Artistics","description":"The online art gallery","publisher":{"@id":"https:\/\/artistics.com\/fr\/#organization"},"potentialAction":[{"@type":"SearchAction","target":{"@type":"EntryPoint","urlTemplate":"https:\/\/artistics.com\/fr\/?s={search_term_string}"},"query-input":{"@type":"PropertyValueSpecification","valueRequired":true,"valueName":"search_term_string"}}],"inLanguage":"fr-FR"},{"@type":"Organization","@id":"https:\/\/artistics.com\/fr\/#organization","name":"Artistics","url":"https:\/\/artistics.com\/fr\/","logo":{"@type":"ImageObject","inLanguage":"fr-FR","@id":"https:\/\/artistics.com\/fr\/#\/schema\/logo\/image\/","url":"https:\/\/artistics.com\/wp-content\/uploads\/2023\/02\/artistics-logo-web-1.svg","contentUrl":"https:\/\/artistics.com\/wp-content\/uploads\/2023\/02\/artistics-logo-web-1.svg","caption":"Artistics"},"image":{"@id":"https:\/\/artistics.com\/fr\/#\/schema\/logo\/image\/"},"sameAs":["https:\/\/www.facebook.com\/ArtisticsMag","https:\/\/x.com\/Artistics_FR","http:\/\/www.linkedin.com\/company\/artistics","https:\/\/www.instagram.com\/artistics_com\/","http:\/\/www.pinterest.com\/ArtisticsMag"],"hasMerchantReturnPolicy":{"@type":"MerchantReturnPolicy","merchantReturnLink":"https:\/\/artistics.com\/free-return-policy\/"}}]},"product_price_amount":"6900","product_price_currency":"EUR","og_availability":"instock","product_availability":"instock","product_condition":"new"},"_links":{"self":[{"href":"https:\/\/artistics.com\/fr\/wp-json\/wp\/v2\/product\/66905","targetHints":{"allow":["GET"]}}],"collection":[{"href":"https:\/\/artistics.com\/fr\/wp-json\/wp\/v2\/product"}],"about":[{"href":"https:\/\/artistics.com\/fr\/wp-json\/wp\/v2\/types\/product"}],"acf:term":[{"embeddable":true,"taxonomy":"series","href":"https:\/\/artistics.com\/fr\/wp-json\/wp\/v2\/series\/2414"},{"embeddable":true,"taxonomy":"product_cat","href":"https:\/\/artistics.com\/fr\/wp-json\/wp\/v2\/product_cat\/236"},{"embeddable":true,"taxonomy":"product_cat","href":"https:\/\/artistics.com\/fr\/wp-json\/wp\/v2\/product_cat\/216"},{"embeddable":true,"taxonomy":"product_cat","href":"https:\/\/artistics.com\/fr\/wp-json\/wp\/v2\/product_cat\/193"},{"embeddable":true,"taxonomy":"product_cat","href":"https:\/\/artistics.com\/fr\/wp-json\/wp\/v2\/product_cat\/407"},{"embeddable":true,"taxonomy":"product_cat","href":"https:\/\/artistics.com\/fr\/wp-json\/wp\/v2\/product_cat\/189"},{"embeddable":true,"taxonomy":"product_cat","href":"https:\/\/artistics.com\/fr\/wp-json\/wp\/v2\/product_cat\/2383"},{"embeddable":true,"taxonomy":"product_cat","href":"https:\/\/artistics.com\/fr\/wp-json\/wp\/v2\/product_cat\/174"},{"embeddable":true,"taxonomy":"product_cat","href":"https:\/\/artistics.com\/fr\/wp-json\/wp\/v2\/product_cat\/171"},{"embeddable":true,"taxonomy":"product_cat","href":"https:\/\/artistics.com\/fr\/wp-json\/wp\/v2\/product_cat\/169"},{"embeddable":true,"taxonomy":"product_cat","href":"https:\/\/artistics.com\/fr\/wp-json\/wp\/v2\/product_cat\/162"}],"acf:post":[{"embeddable":true,"href":"https:\/\/artistics.com\/fr\/wp-json\/wp\/v2\/artist\/65122"}],"wp:featuredmedia":[{"embeddable":true,"href":"https:\/\/artistics.com\/fr\/wp-json\/wp\/v2\/media\/68666"}],"wp:attachment":[{"href":"https:\/\/artistics.com\/fr\/wp-json\/wp\/v2\/media?parent=66905"}],"wp:term":[{"taxonomy":"product_cat","embeddable":true,"href":"https:\/\/artistics.com\/fr\/wp-json\/wp\/v2\/product_cat?post=66905"},{"taxonomy":"product_tag","embeddable":true,"href":"https:\/\/artistics.com\/fr\/wp-json\/wp\/v2\/product_tag?post=66905"},{"taxonomy":"series","embeddable":true,"href":"https:\/\/artistics.com\/fr\/wp-json\/wp\/v2\/series?post=66905"}],"curies":[{"name":"wp","href":"https:\/\/api.w.org\/{rel}","templated":true}]}}