{"id":64709,"date":"2024-09-23T10:21:26","date_gmt":"2024-09-23T08:21:26","guid":{"rendered":"https:\/\/artistics.com\/?post_type=product&#038;p=64709"},"modified":"2024-09-23T11:06:04","modified_gmt":"2024-09-23T09:06:04","slug":"unite-ii-2","status":"publish","type":"product","link":"https:\/\/artistics.com\/fr\/oeuvre\/unite-ii-2\/","title":{"rendered":"Unit\u00e9 II"},"content":{"rendered":"","protected":false},"excerpt":{"rendered":"","protected":false},"featured_media":79376,"template":"","meta":{"_acf_changed":false,"_searchwp_excluded":"","inline_featured_image":false},"product_cat":[407,421,424,413,164,189,193,204,210,215,238],"product_tag":[564,2505,368],"series":[2227],"class_list":{"0":"post-64709","1":"product","2":"type-product","3":"status-publish","4":"has-post-thumbnail","6":"product_cat-art-minimaliste","7":"product_cat-sculpture-dexterieur","8":"product_cat-sculpture-en-metal","9":"product_cat-sculpture-minimaliste","10":"product_cat-sculpture-contemporaine","11":"product_cat-art-abstrait","12":"product_cat-geometrique","13":"product_cat-sculpture-abstraite","14":"product_cat-sculpture-geometrique","15":"product_cat-grand","16":"product_cat-plus-de-10-000-e","17":"product_tag-brun","18":"product_tag-oeuvres-dart-verticales","19":"product_tag-sculpture-grand-format","20":"series-delphine-brabant-sculptures-grand-format","22":"first","23":"instock","24":"taxable","25":"shipping-taxable","26":"purchasable","27":"product-type-simple"},"acf":{"artwork_artist":[2776],"artwork_medium":164,"artwork_categories":[210,204,421,424],"artwork_overall-tones":[],"artwork_main-material":[],"artwork_art-genre":[],"artwork_art-movement":[407,413,189],"artwork_miscellaneous":[193],"artwork_formats":[215],"artwork_price-ranges":[238],"artwork_main_subject":[],"artwork_technique":[],"artwork_featured_location":[],"artwork_dominant_color":[564],"artwork_physical_attributes":[368,2505,368],"artwork_creation_date":"20240101","artwork_unique_piece":false,"artwork_description":"Sculpture en acier Corten","artwork_signature":"\u0152uvre sign\u00e9e","artwork_authenticity":"L\u2019\u0153uvre est vendue avec un certificat d\u2019authenticit\u00e9 sign\u00e9 par l\u2019artiste.","artwork_framing":"not_specified","artwork_has_custom_framing_info":false,"artwork_custom_framing_info":"Not specified","artwork_location_country":"FR","artwork_location_city":"La Garenne Colombes","artwork_location_zipcode":"92250","artwork_shipment_type":"3D_artwork","artwork_shipping_delivery":"sculpture_edition_production_time","artwork_has_custom_shipping_delivery_info":false,"artwork_custom_shipping_delivery_info":"Not specified","artwork_360_view_url":"","artwork_video_url":"","artwork_video_format":[],"artwork_preview_type":"featured_image","artwork_reserved":false,"artwork_hide_price":false,"artwork_about":"<p style=\"font-weight: 400;\"><strong><em>Unit\u00e9 II<\/em><\/strong> est une sculpture contemporaine grand format de l\u2019artiste fran\u00e7aise Delphine Brabant, r\u00e9alis\u00e9e en acier Corten.<\/p>\r\n<p style=\"font-weight: 400;\">Dans cette \u0153uvre, les \u00e9l\u00e9ments de composition se juxtaposent les uns aux autres laissant cependant la place au vide. Les formes sont massives, robustes et l\u2019artiste joue ici sur le rassemblement de ces diff\u00e9rents blocs entrem\u00eal\u00e9s dans une composition verticale.<\/p>\r\n<p style=\"font-weight: 400;\">Profond\u00e9ment fascin\u00e9e par l\u2019id\u00e9e de construction, Delphine Brabant compose ses sculptures abstraites \u00e0 la mani\u00e8re d\u2019une architecte en assemblant et imbriquant des multitudes de formes aux lignes simples. Inspir\u00e9e aussi bien par la nature que par la ville et le b\u00e2ti, l\u2019artiste contemporaine privil\u00e9gie des formes g\u00e9om\u00e9triques \u00e9pur\u00e9es, d\u00e9veloppant ses recherches autour de la notion d\u2019\u00e9quilibre et du jeu entre le plein et le vide<\/p>","artwork_series":[2227],"artwork_query_group":"20","artwork_lowest_grid_position":1,"artwork_random_position":8030970,"explicit_sensitive_content":false,"drupal_id":"7651"},"yoast_head":"<!-- This site is optimized with the Yoast SEO Premium plugin v27.3 (Yoast SEO v27.3) - https:\/\/yoast.com\/product\/yoast-seo-premium-wordpress\/ -->\n<title>Unit\u00e9 II par Delphine Brabant - Sculpture contemporaine | Artistics<\/title>\n<meta name=\"description\" content=\"Unit\u00e9 II par Delphine Brabant - achetez en ligne cette \u0153uvre d\u2019art originale avec son certificat d\u2019authenticit\u00e9 et b\u00e9n\u00e9ficiez de notre service premium.\" \/>\n<meta name=\"robots\" content=\"index, follow, max-snippet:-1, max-image-preview:large, max-video-preview:-1\" \/>\n<link rel=\"canonical\" href=\"https:\/\/artistics.com\/fr\/oeuvre\/unite-ii-2\/\" \/>\n<meta property=\"og:locale\" content=\"fr_FR\" \/>\n<meta property=\"og:type\" content=\"article\" \/>\n<meta property=\"og:title\" content=\"Unit\u00e9 II\" \/>\n<meta property=\"og:description\" content=\"Unit\u00e9 II par Delphine Brabant - achetez en ligne cette \u0153uvre d\u2019art originale avec son certificat d\u2019authenticit\u00e9 et b\u00e9n\u00e9ficiez de notre service premium.\" \/>\n<meta property=\"og:url\" content=\"https:\/\/artistics.com\/fr\/oeuvre\/unite-ii-2\/\" \/>\n<meta property=\"og:site_name\" content=\"Artistics\" \/>\n<meta property=\"article:publisher\" content=\"https:\/\/www.facebook.com\/ArtisticsMag\" \/>\n<meta property=\"article:modified_time\" content=\"2024-09-23T09:06:04+00:00\" \/>\n<meta property=\"og:image\" content=\"https:\/\/artistics.com\/wp-content\/uploads\/2024\/09\/unite-ii-geometric-sculpture-by-delphine-brabant-1.jpg\" \/>\n\t<meta property=\"og:image:width\" content=\"1500\" \/>\n\t<meta property=\"og:image:height\" content=\"2000\" \/>\n\t<meta property=\"og:image:type\" content=\"image\/jpeg\" \/>\n<meta name=\"twitter:card\" content=\"summary_large_image\" \/>\n<meta name=\"twitter:site\" content=\"@Artistics_FR\" \/>\n<meta name=\"twitter:label1\" content=\"Prix\" \/>\n\t<meta name=\"twitter:data1\" content=\"19 000&nbsp;&euro;\" \/>\n\t<meta name=\"twitter:label2\" content=\"Disponibilit\u00e9\" \/>\n\t<meta name=\"twitter:data2\" content=\"En stock\" \/>\n<script type=\"application\/ld+json\" class=\"yoast-schema-graph\">{\"@context\":\"https:\\\/\\\/schema.org\",\"@graph\":[{\"@type\":[\"WebPage\",\"ItemPage\"],\"@id\":\"https:\\\/\\\/artistics.com\\\/fr\\\/oeuvre\\\/unite-ii-2\\\/\",\"url\":\"https:\\\/\\\/artistics.com\\\/fr\\\/oeuvre\\\/unite-ii-2\\\/\",\"name\":\"Unit\u00e9 II par Delphine Brabant - Sculpture contemporaine | Artistics\",\"isPartOf\":{\"@id\":\"https:\\\/\\\/artistics.com\\\/fr\\\/#website\"},\"primaryImageOfPage\":{\"@id\":\"https:\\\/\\\/artistics.com\\\/fr\\\/oeuvre\\\/unite-ii-2\\\/#primaryimage\"},\"image\":{\"@id\":\"https:\\\/\\\/artistics.com\\\/fr\\\/oeuvre\\\/unite-ii-2\\\/#primaryimage\"},\"thumbnailUrl\":\"https:\\\/\\\/artistics.com\\\/wp-content\\\/uploads\\\/2025\\\/04\\\/unite-ii-geometric-sculpture-by-delphine-brabant-4.jpg\",\"datePublished\":\"2024-09-23T08:21:26+00:00\",\"dateModified\":\"2024-09-23T09:06:04+00:00\",\"description\":\"Unit\u00e9 II par Delphine Brabant - achetez en ligne cette \u0153uvre d\u2019art originale avec son certificat d\u2019authenticit\u00e9 et b\u00e9n\u00e9ficiez de notre service premium.\",\"breadcrumb\":{\"@id\":\"https:\\\/\\\/artistics.com\\\/fr\\\/oeuvre\\\/unite-ii-2\\\/#breadcrumb\"},\"inLanguage\":\"fr-FR\",\"potentialAction\":[{\"@type\":\"ReadAction\",\"target\":[\"https:\\\/\\\/artistics.com\\\/fr\\\/oeuvre\\\/unite-ii-2\\\/\"]}]},{\"@type\":\"ImageObject\",\"inLanguage\":\"fr-FR\",\"@id\":\"https:\\\/\\\/artistics.com\\\/fr\\\/oeuvre\\\/unite-ii-2\\\/#primaryimage\",\"url\":\"https:\\\/\\\/artistics.com\\\/wp-content\\\/uploads\\\/2025\\\/04\\\/unite-ii-geometric-sculpture-by-delphine-brabant-4.jpg\",\"contentUrl\":\"https:\\\/\\\/artistics.com\\\/wp-content\\\/uploads\\\/2025\\\/04\\\/unite-ii-geometric-sculpture-by-delphine-brabant-4.jpg\",\"width\":1200,\"height\":1600},{\"@type\":\"BreadcrumbList\",\"@id\":\"https:\\\/\\\/artistics.com\\\/fr\\\/oeuvre\\\/unite-ii-2\\\/#breadcrumb\",\"itemListElement\":[{\"@type\":\"ListItem\",\"position\":1,\"name\":\"Achat \u0153uvre d'art\",\"item\":\"https:\\\/\\\/artistics.com\\\/fr\\\/\"},{\"@type\":\"ListItem\",\"position\":2,\"name\":\"Galerie\",\"item\":\"https:\\\/\\\/artistics.com\\\/fr\\\/galerie\\\/\"},{\"@type\":\"ListItem\",\"position\":3,\"name\":\"Sculpture contemporaine\",\"item\":\"https:\\\/\\\/artistics.com\\\/fr\\\/categorie-oeuvre\\\/sculpture-contemporaine\\\/\"},{\"@type\":\"ListItem\",\"position\":4,\"name\":\"Unit\u00e9 II\"}]},{\"@type\":\"WebSite\",\"@id\":\"https:\\\/\\\/artistics.com\\\/fr\\\/#website\",\"url\":\"https:\\\/\\\/artistics.com\\\/fr\\\/\",\"name\":\"Artistics\",\"description\":\"The online art gallery\",\"publisher\":{\"@id\":\"https:\\\/\\\/artistics.com\\\/fr\\\/#organization\"},\"potentialAction\":[{\"@type\":\"SearchAction\",\"target\":{\"@type\":\"EntryPoint\",\"urlTemplate\":\"https:\\\/\\\/artistics.com\\\/fr\\\/?s={search_term_string}\"},\"query-input\":{\"@type\":\"PropertyValueSpecification\",\"valueRequired\":true,\"valueName\":\"search_term_string\"}}],\"inLanguage\":\"fr-FR\"},{\"@type\":\"Organization\",\"@id\":\"https:\\\/\\\/artistics.com\\\/fr\\\/#organization\",\"name\":\"Artistics\",\"url\":\"https:\\\/\\\/artistics.com\\\/fr\\\/\",\"logo\":{\"@type\":\"ImageObject\",\"inLanguage\":\"fr-FR\",\"@id\":\"https:\\\/\\\/artistics.com\\\/fr\\\/#\\\/schema\\\/logo\\\/image\\\/\",\"url\":\"https:\\\/\\\/artistics.com\\\/wp-content\\\/uploads\\\/2023\\\/02\\\/artistics-logo-web-1.svg\",\"contentUrl\":\"https:\\\/\\\/artistics.com\\\/wp-content\\\/uploads\\\/2023\\\/02\\\/artistics-logo-web-1.svg\",\"caption\":\"Artistics\"},\"image\":{\"@id\":\"https:\\\/\\\/artistics.com\\\/fr\\\/#\\\/schema\\\/logo\\\/image\\\/\"},\"sameAs\":[\"https:\\\/\\\/www.facebook.com\\\/ArtisticsMag\",\"https:\\\/\\\/x.com\\\/Artistics_FR\",\"http:\\\/\\\/www.linkedin.com\\\/company\\\/artistics\",\"https:\\\/\\\/www.instagram.com\\\/artistics_com\\\/\",\"http:\\\/\\\/www.pinterest.com\\\/ArtisticsMag\"],\"hasMerchantReturnPolicy\":{\"@type\":\"MerchantReturnPolicy\",\"merchantReturnLink\":\"https:\\\/\\\/artistics.com\\\/free-return-policy\\\/\"}}]}<\/script>\n<meta property=\"product:price:amount\" content=\"19000\" \/>\n<meta property=\"product:price:currency\" content=\"EUR\" \/>\n<meta property=\"og:availability\" content=\"instock\" \/>\n<meta property=\"product:availability\" content=\"instock\" \/>\n<meta property=\"product:condition\" content=\"new\" \/>\n<!-- \/ Yoast SEO Premium plugin. -->","yoast_head_json":{"title":"Unit\u00e9 II par Delphine Brabant - Sculpture contemporaine | Artistics","description":"Unit\u00e9 II par Delphine Brabant - achetez en ligne cette \u0153uvre d\u2019art originale avec son certificat d\u2019authenticit\u00e9 et b\u00e9n\u00e9ficiez de notre service premium.","robots":{"index":"index","follow":"follow","max-snippet":"max-snippet:-1","max-image-preview":"max-image-preview:large","max-video-preview":"max-video-preview:-1"},"canonical":"https:\/\/artistics.com\/fr\/oeuvre\/unite-ii-2\/","og_locale":"fr_FR","og_type":"article","og_title":"Unit\u00e9 II","og_description":"Unit\u00e9 II par Delphine Brabant - achetez en ligne cette \u0153uvre d\u2019art originale avec son certificat d\u2019authenticit\u00e9 et b\u00e9n\u00e9ficiez de notre service premium.","og_url":"https:\/\/artistics.com\/fr\/oeuvre\/unite-ii-2\/","og_site_name":"Artistics","article_publisher":"https:\/\/www.facebook.com\/ArtisticsMag","article_modified_time":"2024-09-23T09:06:04+00:00","og_image":[{"width":1500,"height":2000,"url":"https:\/\/artistics.com\/wp-content\/uploads\/2024\/09\/unite-ii-geometric-sculpture-by-delphine-brabant-1.jpg","type":"image\/jpeg"}],"twitter_card":"summary_large_image","twitter_site":"@Artistics_FR","twitter_misc":{"Prix":"19 000&nbsp;&euro;","Disponibilit\u00e9":"En stock"},"schema":{"@context":"https:\/\/schema.org","@graph":[{"@type":["WebPage","ItemPage"],"@id":"https:\/\/artistics.com\/fr\/oeuvre\/unite-ii-2\/","url":"https:\/\/artistics.com\/fr\/oeuvre\/unite-ii-2\/","name":"Unit\u00e9 II par Delphine Brabant - Sculpture contemporaine | Artistics","isPartOf":{"@id":"https:\/\/artistics.com\/fr\/#website"},"primaryImageOfPage":{"@id":"https:\/\/artistics.com\/fr\/oeuvre\/unite-ii-2\/#primaryimage"},"image":{"@id":"https:\/\/artistics.com\/fr\/oeuvre\/unite-ii-2\/#primaryimage"},"thumbnailUrl":"https:\/\/artistics.com\/wp-content\/uploads\/2025\/04\/unite-ii-geometric-sculpture-by-delphine-brabant-4.jpg","datePublished":"2024-09-23T08:21:26+00:00","dateModified":"2024-09-23T09:06:04+00:00","description":"Unit\u00e9 II par Delphine Brabant - achetez en ligne cette \u0153uvre d\u2019art originale avec son certificat d\u2019authenticit\u00e9 et b\u00e9n\u00e9ficiez de notre service premium.","breadcrumb":{"@id":"https:\/\/artistics.com\/fr\/oeuvre\/unite-ii-2\/#breadcrumb"},"inLanguage":"fr-FR","potentialAction":[{"@type":"ReadAction","target":["https:\/\/artistics.com\/fr\/oeuvre\/unite-ii-2\/"]}]},{"@type":"ImageObject","inLanguage":"fr-FR","@id":"https:\/\/artistics.com\/fr\/oeuvre\/unite-ii-2\/#primaryimage","url":"https:\/\/artistics.com\/wp-content\/uploads\/2025\/04\/unite-ii-geometric-sculpture-by-delphine-brabant-4.jpg","contentUrl":"https:\/\/artistics.com\/wp-content\/uploads\/2025\/04\/unite-ii-geometric-sculpture-by-delphine-brabant-4.jpg","width":1200,"height":1600},{"@type":"BreadcrumbList","@id":"https:\/\/artistics.com\/fr\/oeuvre\/unite-ii-2\/#breadcrumb","itemListElement":[{"@type":"ListItem","position":1,"name":"Achat \u0153uvre d'art","item":"https:\/\/artistics.com\/fr\/"},{"@type":"ListItem","position":2,"name":"Galerie","item":"https:\/\/artistics.com\/fr\/galerie\/"},{"@type":"ListItem","position":3,"name":"Sculpture contemporaine","item":"https:\/\/artistics.com\/fr\/categorie-oeuvre\/sculpture-contemporaine\/"},{"@type":"ListItem","position":4,"name":"Unit\u00e9 II"}]},{"@type":"WebSite","@id":"https:\/\/artistics.com\/fr\/#website","url":"https:\/\/artistics.com\/fr\/","name":"Artistics","description":"The online art gallery","publisher":{"@id":"https:\/\/artistics.com\/fr\/#organization"},"potentialAction":[{"@type":"SearchAction","target":{"@type":"EntryPoint","urlTemplate":"https:\/\/artistics.com\/fr\/?s={search_term_string}"},"query-input":{"@type":"PropertyValueSpecification","valueRequired":true,"valueName":"search_term_string"}}],"inLanguage":"fr-FR"},{"@type":"Organization","@id":"https:\/\/artistics.com\/fr\/#organization","name":"Artistics","url":"https:\/\/artistics.com\/fr\/","logo":{"@type":"ImageObject","inLanguage":"fr-FR","@id":"https:\/\/artistics.com\/fr\/#\/schema\/logo\/image\/","url":"https:\/\/artistics.com\/wp-content\/uploads\/2023\/02\/artistics-logo-web-1.svg","contentUrl":"https:\/\/artistics.com\/wp-content\/uploads\/2023\/02\/artistics-logo-web-1.svg","caption":"Artistics"},"image":{"@id":"https:\/\/artistics.com\/fr\/#\/schema\/logo\/image\/"},"sameAs":["https:\/\/www.facebook.com\/ArtisticsMag","https:\/\/x.com\/Artistics_FR","http:\/\/www.linkedin.com\/company\/artistics","https:\/\/www.instagram.com\/artistics_com\/","http:\/\/www.pinterest.com\/ArtisticsMag"],"hasMerchantReturnPolicy":{"@type":"MerchantReturnPolicy","merchantReturnLink":"https:\/\/artistics.com\/free-return-policy\/"}}]},"product_price_amount":"19000","product_price_currency":"EUR","og_availability":"instock","product_availability":"instock","product_condition":"new"},"_links":{"self":[{"href":"https:\/\/artistics.com\/fr\/wp-json\/wp\/v2\/product\/64709","targetHints":{"allow":["GET"]}}],"collection":[{"href":"https:\/\/artistics.com\/fr\/wp-json\/wp\/v2\/product"}],"about":[{"href":"https:\/\/artistics.com\/fr\/wp-json\/wp\/v2\/types\/product"}],"acf:term":[{"embeddable":true,"taxonomy":"series","href":"https:\/\/artistics.com\/fr\/wp-json\/wp\/v2\/series\/2227"},{"embeddable":true,"taxonomy":"product_tag","href":"https:\/\/artistics.com\/fr\/wp-json\/wp\/v2\/product_tag\/2505"},{"embeddable":true,"taxonomy":"product_tag","href":"https:\/\/artistics.com\/fr\/wp-json\/wp\/v2\/product_tag\/368"},{"embeddable":true,"taxonomy":"product_tag","href":"https:\/\/artistics.com\/fr\/wp-json\/wp\/v2\/product_tag\/564"},{"embeddable":true,"taxonomy":"product_cat","href":"https:\/\/artistics.com\/fr\/wp-json\/wp\/v2\/product_cat\/238"},{"embeddable":true,"taxonomy":"product_cat","href":"https:\/\/artistics.com\/fr\/wp-json\/wp\/v2\/product_cat\/215"},{"embeddable":true,"taxonomy":"product_cat","href":"https:\/\/artistics.com\/fr\/wp-json\/wp\/v2\/product_cat\/193"},{"embeddable":true,"taxonomy":"product_cat","href":"https:\/\/artistics.com\/fr\/wp-json\/wp\/v2\/product_cat\/189"},{"embeddable":true,"taxonomy":"product_cat","href":"https:\/\/artistics.com\/fr\/wp-json\/wp\/v2\/product_cat\/413"},{"embeddable":true,"taxonomy":"product_cat","href":"https:\/\/artistics.com\/fr\/wp-json\/wp\/v2\/product_cat\/407"},{"embeddable":true,"taxonomy":"product_cat","href":"https:\/\/artistics.com\/fr\/wp-json\/wp\/v2\/product_cat\/424"},{"embeddable":true,"taxonomy":"product_cat","href":"https:\/\/artistics.com\/fr\/wp-json\/wp\/v2\/product_cat\/421"},{"embeddable":true,"taxonomy":"product_cat","href":"https:\/\/artistics.com\/fr\/wp-json\/wp\/v2\/product_cat\/204"},{"embeddable":true,"taxonomy":"product_cat","href":"https:\/\/artistics.com\/fr\/wp-json\/wp\/v2\/product_cat\/210"},{"embeddable":true,"taxonomy":"product_cat","href":"https:\/\/artistics.com\/fr\/wp-json\/wp\/v2\/product_cat\/164"}],"acf:post":[{"embeddable":true,"href":"https:\/\/artistics.com\/fr\/wp-json\/wp\/v2\/artist\/2776"}],"wp:featuredmedia":[{"embeddable":true,"href":"https:\/\/artistics.com\/fr\/wp-json\/wp\/v2\/media\/79376"}],"wp:attachment":[{"href":"https:\/\/artistics.com\/fr\/wp-json\/wp\/v2\/media?parent=64709"}],"wp:term":[{"taxonomy":"product_cat","embeddable":true,"href":"https:\/\/artistics.com\/fr\/wp-json\/wp\/v2\/product_cat?post=64709"},{"taxonomy":"product_tag","embeddable":true,"href":"https:\/\/artistics.com\/fr\/wp-json\/wp\/v2\/product_tag?post=64709"},{"taxonomy":"series","embeddable":true,"href":"https:\/\/artistics.com\/fr\/wp-json\/wp\/v2\/series?post=64709"}],"curies":[{"name":"wp","href":"https:\/\/api.w.org\/{rel}","templated":true}]}}