{"id":62452,"date":"2024-08-22T11:28:23","date_gmt":"2024-08-22T09:28:23","guid":{"rendered":"https:\/\/artistics.com\/?post_type=product&#038;p=62452"},"modified":"2024-09-11T14:52:59","modified_gmt":"2024-09-11T12:52:59","slug":"s-34-14","status":"publish","type":"product","link":"https:\/\/artistics.com\/fr\/oeuvre\/s-34-14\/","title":{"rendered":"S 34-14"},"content":{"rendered":"","protected":false},"excerpt":{"rendered":"","protected":false},"featured_media":62967,"template":"","meta":{"_acf_changed":false,"_searchwp_excluded":"","inline_featured_image":false},"product_cat":[428,163,194,202,216,217,227,237],"product_tag":[504,343,517,551,525],"series":[2367],"class_list":{"0":"post-62452","1":"product","2":"type-product","3":"status-publish","4":"has-post-thumbnail","6":"product_cat-couleurs-neutres","7":"product_cat-photographie-contemporaine","8":"product_cat-nature-et-paysage","9":"product_cat-photographie-nature-et-paysage","10":"product_cat-moyen","11":"product_cat-petit","12":"product_cat-tons-clairs","13":"product_cat-moins-de-1000-e","14":"product_tag-arbre","15":"product_tag-blanc","16":"product_tag-hiver","17":"product_tag-italie","18":"product_tag-neige","19":"series-riccardo-varini-silenzi-bianchi-silences-blancs","21":"first","22":"instock","23":"shipping-taxable","24":"purchasable","25":"product-type-variable","26":"has-default-attributes"},"acf":{"artwork_artist":[61914],"artwork_medium":163,"artwork_categories":[202],"artwork_overall-tones":[227,428],"artwork_main-material":[],"artwork_art-genre":[194],"artwork_art-movement":[],"artwork_miscellaneous":[],"artwork_formats":[217,216],"artwork_price-ranges":[237],"artwork_main_subject":[517,525,504],"artwork_technique":[],"artwork_featured_location":[551],"artwork_dominant_color":[343],"artwork_physical_attributes":[],"artwork_creation_date":"20140101","artwork_unique_piece":false,"artwork_description":"Tirage jet d'encre sur papier coton 260 gr","artwork_signature":"\u0152uvre sign\u00e9e","artwork_authenticity":"L\u2019\u0153uvre est vendue avec un certificat d\u2019authenticit\u00e9 sign\u00e9 par l\u2019artiste.","artwork_framing":"unframed","artwork_has_custom_framing_info":false,"artwork_custom_framing_info":"Not specified","artwork_location_country":"","artwork_location_city":"","artwork_location_zipcode":"","artwork_shipment_type":"2D_flat_artwork","artwork_shipping_delivery":"photography_production_time","artwork_has_custom_shipping_delivery_info":false,"artwork_custom_shipping_delivery_info":"Not specified","artwork_360_view_url":"","artwork_video_url":"https:\/\/youtube.com\/watch\/iVPNsGEWLdg","artwork_video_format":["vertical"],"artwork_preview_type":"auto","artwork_reserved":false,"artwork_hide_price":false,"artwork_about":"<b><i><span data-contrast=\"auto\">S 34-14 <\/span><\/i><\/b><span data-contrast=\"auto\">est une photographie de Riccardo Varini issue de la s\u00e9rie <i>Silenzi Bianchi (Silences Blancs)<\/i><\/span><span data-contrast=\"auto\">. <\/span><span data-ccp-props=\"{&quot;201341983&quot;:0,&quot;335551550&quot;:6,&quot;335551620&quot;:6,&quot;335559739&quot;:160,&quot;335559740&quot;:259}\">\u00a0<\/span>\r\n\r\n<span data-contrast=\"auto\">Cette s\u00e9rie est celle qui illustre le mieux la d\u00e9marche artistique du photographe. Les paysages de la plaine du P\u00f4, empreints de paix et de qui\u00e9tude, sont ici montr\u00e9s sous la neige et dans le brouillard. Troncs d\u2019arbre et sillons cr\u00e9ent des sym\u00e9tries graphiques, tandis que la terre et le ciel se fondent dans une \u00e9tendue blanche silencieuse.<\/span><span data-ccp-props=\"{&quot;201341983&quot;:0,&quot;335551550&quot;:6,&quot;335551620&quot;:6,&quot;335559739&quot;:160,&quot;335559740&quot;:259}\">\u00a0<\/span>\r\n\r\n<span data-contrast=\"auto\">La photographie de Riccardo Varini est une photographie lente, faite de moments suspendus, de vides, de silences. Ses paysages, empreints d\u2019une d\u00e9licate po\u00e9sie, deviennent des paysages int\u00e9rieurs, \u00e9voquant non pas un souvenir pr\u00e9cis mais des \u00e9motions plus universelles. Le photographe invite l\u2019observateur \u00e0 se laisser aller \u00e0 une m\u00e9ditation calme, \u00e0 la contemplation, au r\u00eave. Les sujets ont perdu leur connotation spatio-temporelle et apparaissent suspendus, hors du temps. Les titres des photographies de Riccardo Varini ne comportent aucune indication de lieu ou de date\u202f: l\u2019imagination et les sensations de l\u2019observateur sont libres de se projeter dans le d\u00e9cor et l\u2019atmosph\u00e8re qui lui sont donn\u00e9s \u00e0 voir.\u00a0<\/span><span data-ccp-props=\"{&quot;201341983&quot;:0,&quot;335551550&quot;:6,&quot;335551620&quot;:6,&quot;335559739&quot;:160,&quot;335559740&quot;:259}\">\u00a0<\/span>\r\n\r\n<span data-contrast=\"auto\">L\u2019artiste utilise une surexposition \u00e0 la prise de vue afin d\u2019atteindre un langage sobre, aux tonalit\u00e9s claires et lumineuses, dans lequel apparait seulement l\u2019essentiel. La simplicit\u00e9 des lignes, des formes et des couleurs se combine avec une composition soign\u00e9e et longuement \u00e9tudi\u00e9e. Les photographies sont tir\u00e9es personnellement par l\u2019artiste sur du papier coton texturis\u00e9, qui conf\u00e8re \u00e0 l\u2019image un effet mat et velout\u00e9 se rapprochant visuellement de celui de l\u2019aquarelle.\u00a0<\/span><span data-ccp-props=\"{&quot;201341983&quot;:0,&quot;335551550&quot;:6,&quot;335551620&quot;:6,&quot;335559739&quot;:160,&quot;335559740&quot;:259}\">\u00a0<\/span>\r\n\r\n<span data-contrast=\"auto\">Riccardo Varini \u00e9voque ainsi sa s\u00e9rie <\/span><i><span data-contrast=\"auto\">Silenzi Bianchi (Silences Blancs) <\/span><\/i><span data-contrast=\"auto\">et, de fa\u00e7on plus g\u00e9n\u00e9rale, sa d\u00e9marche artistique : \u00ab\u202f<\/span><i><span data-contrast=\"auto\">Ma photographie ne \u00ab\u202fhurle\u202f\u00bb pas. Elle est faite de pauses, de silences religieux, de temps longs et dilat\u00e9s, de lumi\u00e8res floues. C'est une photographie lente, qui souhaite inviter \u00e0 la m\u00e9ditation... Et si \u00ab il naufragar m'\u00e8 dolce in questo mare \u00bb (\u00ab il m\u2019est doux de faire naufrage dans cette mer \u00bb, un vers issu de l\u2019un <\/span><\/i><span data-contrast=\"auto\">un des po\u00e8mes les plus connus de Giacomo Leopardi, <\/span><i><span data-contrast=\"auto\">l\u2019Infini), elle veut tendre vers l'\u00e9ternit\u00e9, plut\u00f4t que vers la m\u00e9moire.<\/span><\/i><span data-contrast=\"auto\">\u202f\u00bb\u00a0<\/span><span data-ccp-props=\"{&quot;201341983&quot;:0,&quot;335551550&quot;:6,&quot;335551620&quot;:6,&quot;335559739&quot;:160,&quot;335559740&quot;:259}\">\u00a0<\/span>\r\n\r\nLes formats 30 x 45 cm et 20 x 30 cm sont imprim\u00e9s avec des marges blanches d\u2019environ 3 cm (1,5 cm sur chaque c\u00f4t\u00e9). Dimensions du papier : 32,9 cm x 48,3 cm pour le format 30 x 45 cm et 24,1 x 32,9 cm pour le format 20 x 30 cm.","artwork_series":[2367],"artwork_query_group":"20","artwork_lowest_grid_position":1,"artwork_random_position":1466400,"explicit_sensitive_content":false,"drupal_id":""},"yoast_head":"<!-- This site is optimized with the Yoast SEO Premium plugin v27.3 (Yoast SEO v27.3) - https:\/\/yoast.com\/product\/yoast-seo-premium-wordpress\/ -->\n<title>S 34-14 par Riccardo Varini - Photographie contemporaine | Artistics<\/title>\n<meta name=\"description\" content=\"S 34-14 par Riccardo Varini - achetez en ligne cette \u0153uvre d\u2019art originale avec son certificat d\u2019authenticit\u00e9 et b\u00e9n\u00e9ficiez de notre service premium.\" \/>\n<meta name=\"robots\" content=\"index, follow, max-snippet:-1, max-image-preview:large, max-video-preview:-1\" \/>\n<link rel=\"canonical\" href=\"https:\/\/artistics.com\/fr\/oeuvre\/s-34-14\/\" \/>\n<meta property=\"og:locale\" content=\"fr_FR\" \/>\n<meta property=\"og:type\" content=\"article\" \/>\n<meta property=\"og:title\" content=\"S 34-14\" \/>\n<meta property=\"og:description\" content=\"S 34-14 par Riccardo Varini - achetez en ligne cette \u0153uvre d\u2019art originale avec son certificat d\u2019authenticit\u00e9 et b\u00e9n\u00e9ficiez de notre service premium.\" \/>\n<meta property=\"og:url\" content=\"https:\/\/artistics.com\/fr\/oeuvre\/s-34-14\/\" \/>\n<meta property=\"og:site_name\" content=\"Artistics\" \/>\n<meta property=\"article:publisher\" content=\"https:\/\/www.facebook.com\/ArtisticsMag\" \/>\n<meta property=\"article:modified_time\" content=\"2024-09-11T12:52:59+00:00\" \/>\n<meta property=\"og:image\" content=\"https:\/\/artistics.com\/wp-content\/uploads\/2024\/08\/s-34-14-landscape-photography-by-riccardo-varini.jpg\" \/>\n\t<meta property=\"og:image:width\" content=\"1900\" \/>\n\t<meta property=\"og:image:height\" content=\"1266\" \/>\n\t<meta property=\"og:image:type\" content=\"image\/jpeg\" \/>\n<meta name=\"twitter:card\" content=\"summary_large_image\" \/>\n<meta name=\"twitter:site\" content=\"@Artistics_FR\" \/>\n<meta name=\"twitter:label1\" content=\"Disponibilit\u00e9\" \/>\n\t<meta name=\"twitter:data1\" content=\"En stock\" \/>\n<script type=\"application\/ld+json\" class=\"yoast-schema-graph\">{\"@context\":\"https:\\\/\\\/schema.org\",\"@graph\":[{\"@type\":[\"WebPage\",\"ItemPage\"],\"@id\":\"https:\\\/\\\/artistics.com\\\/fr\\\/oeuvre\\\/s-34-14\\\/\",\"url\":\"https:\\\/\\\/artistics.com\\\/fr\\\/oeuvre\\\/s-34-14\\\/\",\"name\":\"S 34-14 par Riccardo Varini - Photographie contemporaine | Artistics\",\"isPartOf\":{\"@id\":\"https:\\\/\\\/artistics.com\\\/fr\\\/#website\"},\"primaryImageOfPage\":{\"@id\":\"https:\\\/\\\/artistics.com\\\/fr\\\/oeuvre\\\/s-34-14\\\/#primaryimage\"},\"image\":{\"@id\":\"https:\\\/\\\/artistics.com\\\/fr\\\/oeuvre\\\/s-34-14\\\/#primaryimage\"},\"thumbnailUrl\":\"https:\\\/\\\/artistics.com\\\/wp-content\\\/uploads\\\/2024\\\/08\\\/s-34-14-landscape-photography-by-riccardo-varini.jpg\",\"datePublished\":\"2024-08-22T09:28:23+00:00\",\"dateModified\":\"2024-09-11T12:52:59+00:00\",\"description\":\"S 34-14 par Riccardo Varini - achetez en ligne cette \u0153uvre d\u2019art originale avec son certificat d\u2019authenticit\u00e9 et b\u00e9n\u00e9ficiez de notre service premium.\",\"breadcrumb\":{\"@id\":\"https:\\\/\\\/artistics.com\\\/fr\\\/oeuvre\\\/s-34-14\\\/#breadcrumb\"},\"inLanguage\":\"fr-FR\",\"potentialAction\":[{\"@type\":\"ReadAction\",\"target\":[\"https:\\\/\\\/artistics.com\\\/fr\\\/oeuvre\\\/s-34-14\\\/\"]}]},{\"@type\":\"ImageObject\",\"inLanguage\":\"fr-FR\",\"@id\":\"https:\\\/\\\/artistics.com\\\/fr\\\/oeuvre\\\/s-34-14\\\/#primaryimage\",\"url\":\"https:\\\/\\\/artistics.com\\\/wp-content\\\/uploads\\\/2024\\\/08\\\/s-34-14-landscape-photography-by-riccardo-varini.jpg\",\"contentUrl\":\"https:\\\/\\\/artistics.com\\\/wp-content\\\/uploads\\\/2024\\\/08\\\/s-34-14-landscape-photography-by-riccardo-varini.jpg\",\"width\":1900,\"height\":1266},{\"@type\":\"BreadcrumbList\",\"@id\":\"https:\\\/\\\/artistics.com\\\/fr\\\/oeuvre\\\/s-34-14\\\/#breadcrumb\",\"itemListElement\":[{\"@type\":\"ListItem\",\"position\":1,\"name\":\"Achat \u0153uvre d'art\",\"item\":\"https:\\\/\\\/artistics.com\\\/fr\\\/\"},{\"@type\":\"ListItem\",\"position\":2,\"name\":\"Galerie\",\"item\":\"https:\\\/\\\/artistics.com\\\/fr\\\/galerie\\\/\"},{\"@type\":\"ListItem\",\"position\":3,\"name\":\"Photographie contemporaine\",\"item\":\"https:\\\/\\\/artistics.com\\\/fr\\\/categorie-oeuvre\\\/photographie-contemporaine\\\/\"},{\"@type\":\"ListItem\",\"position\":4,\"name\":\"S 34-14\"}]},{\"@type\":\"WebSite\",\"@id\":\"https:\\\/\\\/artistics.com\\\/fr\\\/#website\",\"url\":\"https:\\\/\\\/artistics.com\\\/fr\\\/\",\"name\":\"Artistics\",\"description\":\"The online art gallery\",\"publisher\":{\"@id\":\"https:\\\/\\\/artistics.com\\\/fr\\\/#organization\"},\"potentialAction\":[{\"@type\":\"SearchAction\",\"target\":{\"@type\":\"EntryPoint\",\"urlTemplate\":\"https:\\\/\\\/artistics.com\\\/fr\\\/?s={search_term_string}\"},\"query-input\":{\"@type\":\"PropertyValueSpecification\",\"valueRequired\":true,\"valueName\":\"search_term_string\"}}],\"inLanguage\":\"fr-FR\"},{\"@type\":\"Organization\",\"@id\":\"https:\\\/\\\/artistics.com\\\/fr\\\/#organization\",\"name\":\"Artistics\",\"url\":\"https:\\\/\\\/artistics.com\\\/fr\\\/\",\"logo\":{\"@type\":\"ImageObject\",\"inLanguage\":\"fr-FR\",\"@id\":\"https:\\\/\\\/artistics.com\\\/fr\\\/#\\\/schema\\\/logo\\\/image\\\/\",\"url\":\"https:\\\/\\\/artistics.com\\\/wp-content\\\/uploads\\\/2023\\\/02\\\/artistics-logo-web-1.svg\",\"contentUrl\":\"https:\\\/\\\/artistics.com\\\/wp-content\\\/uploads\\\/2023\\\/02\\\/artistics-logo-web-1.svg\",\"caption\":\"Artistics\"},\"image\":{\"@id\":\"https:\\\/\\\/artistics.com\\\/fr\\\/#\\\/schema\\\/logo\\\/image\\\/\"},\"sameAs\":[\"https:\\\/\\\/www.facebook.com\\\/ArtisticsMag\",\"https:\\\/\\\/x.com\\\/Artistics_FR\",\"http:\\\/\\\/www.linkedin.com\\\/company\\\/artistics\",\"https:\\\/\\\/www.instagram.com\\\/artistics_com\\\/\",\"http:\\\/\\\/www.pinterest.com\\\/ArtisticsMag\"],\"hasMerchantReturnPolicy\":{\"@type\":\"MerchantReturnPolicy\",\"merchantReturnLink\":\"https:\\\/\\\/artistics.com\\\/free-return-policy\\\/\"}}]}<\/script>\n<meta property=\"og:availability\" content=\"instock\" \/>\n<meta property=\"product:availability\" content=\"instock\" \/>\n<meta property=\"product:condition\" content=\"new\" \/>\n<!-- \/ Yoast SEO Premium plugin. -->","yoast_head_json":{"title":"S 34-14 par Riccardo Varini - Photographie contemporaine | Artistics","description":"S 34-14 par Riccardo Varini - achetez en ligne cette \u0153uvre d\u2019art originale avec son certificat d\u2019authenticit\u00e9 et b\u00e9n\u00e9ficiez de notre service premium.","robots":{"index":"index","follow":"follow","max-snippet":"max-snippet:-1","max-image-preview":"max-image-preview:large","max-video-preview":"max-video-preview:-1"},"canonical":"https:\/\/artistics.com\/fr\/oeuvre\/s-34-14\/","og_locale":"fr_FR","og_type":"article","og_title":"S 34-14","og_description":"S 34-14 par Riccardo Varini - achetez en ligne cette \u0153uvre d\u2019art originale avec son certificat d\u2019authenticit\u00e9 et b\u00e9n\u00e9ficiez de notre service premium.","og_url":"https:\/\/artistics.com\/fr\/oeuvre\/s-34-14\/","og_site_name":"Artistics","article_publisher":"https:\/\/www.facebook.com\/ArtisticsMag","article_modified_time":"2024-09-11T12:52:59+00:00","og_image":[{"width":1900,"height":1266,"url":"https:\/\/artistics.com\/wp-content\/uploads\/2024\/08\/s-34-14-landscape-photography-by-riccardo-varini.jpg","type":"image\/jpeg"}],"twitter_card":"summary_large_image","twitter_site":"@Artistics_FR","twitter_misc":{"Disponibilit\u00e9":"En stock"},"schema":{"@context":"https:\/\/schema.org","@graph":[{"@type":["WebPage","ItemPage"],"@id":"https:\/\/artistics.com\/fr\/oeuvre\/s-34-14\/","url":"https:\/\/artistics.com\/fr\/oeuvre\/s-34-14\/","name":"S 34-14 par Riccardo Varini - Photographie contemporaine | Artistics","isPartOf":{"@id":"https:\/\/artistics.com\/fr\/#website"},"primaryImageOfPage":{"@id":"https:\/\/artistics.com\/fr\/oeuvre\/s-34-14\/#primaryimage"},"image":{"@id":"https:\/\/artistics.com\/fr\/oeuvre\/s-34-14\/#primaryimage"},"thumbnailUrl":"https:\/\/artistics.com\/wp-content\/uploads\/2024\/08\/s-34-14-landscape-photography-by-riccardo-varini.jpg","datePublished":"2024-08-22T09:28:23+00:00","dateModified":"2024-09-11T12:52:59+00:00","description":"S 34-14 par Riccardo Varini - achetez en ligne cette \u0153uvre d\u2019art originale avec son certificat d\u2019authenticit\u00e9 et b\u00e9n\u00e9ficiez de notre service premium.","breadcrumb":{"@id":"https:\/\/artistics.com\/fr\/oeuvre\/s-34-14\/#breadcrumb"},"inLanguage":"fr-FR","potentialAction":[{"@type":"ReadAction","target":["https:\/\/artistics.com\/fr\/oeuvre\/s-34-14\/"]}]},{"@type":"ImageObject","inLanguage":"fr-FR","@id":"https:\/\/artistics.com\/fr\/oeuvre\/s-34-14\/#primaryimage","url":"https:\/\/artistics.com\/wp-content\/uploads\/2024\/08\/s-34-14-landscape-photography-by-riccardo-varini.jpg","contentUrl":"https:\/\/artistics.com\/wp-content\/uploads\/2024\/08\/s-34-14-landscape-photography-by-riccardo-varini.jpg","width":1900,"height":1266},{"@type":"BreadcrumbList","@id":"https:\/\/artistics.com\/fr\/oeuvre\/s-34-14\/#breadcrumb","itemListElement":[{"@type":"ListItem","position":1,"name":"Achat \u0153uvre d'art","item":"https:\/\/artistics.com\/fr\/"},{"@type":"ListItem","position":2,"name":"Galerie","item":"https:\/\/artistics.com\/fr\/galerie\/"},{"@type":"ListItem","position":3,"name":"Photographie contemporaine","item":"https:\/\/artistics.com\/fr\/categorie-oeuvre\/photographie-contemporaine\/"},{"@type":"ListItem","position":4,"name":"S 34-14"}]},{"@type":"WebSite","@id":"https:\/\/artistics.com\/fr\/#website","url":"https:\/\/artistics.com\/fr\/","name":"Artistics","description":"The online art gallery","publisher":{"@id":"https:\/\/artistics.com\/fr\/#organization"},"potentialAction":[{"@type":"SearchAction","target":{"@type":"EntryPoint","urlTemplate":"https:\/\/artistics.com\/fr\/?s={search_term_string}"},"query-input":{"@type":"PropertyValueSpecification","valueRequired":true,"valueName":"search_term_string"}}],"inLanguage":"fr-FR"},{"@type":"Organization","@id":"https:\/\/artistics.com\/fr\/#organization","name":"Artistics","url":"https:\/\/artistics.com\/fr\/","logo":{"@type":"ImageObject","inLanguage":"fr-FR","@id":"https:\/\/artistics.com\/fr\/#\/schema\/logo\/image\/","url":"https:\/\/artistics.com\/wp-content\/uploads\/2023\/02\/artistics-logo-web-1.svg","contentUrl":"https:\/\/artistics.com\/wp-content\/uploads\/2023\/02\/artistics-logo-web-1.svg","caption":"Artistics"},"image":{"@id":"https:\/\/artistics.com\/fr\/#\/schema\/logo\/image\/"},"sameAs":["https:\/\/www.facebook.com\/ArtisticsMag","https:\/\/x.com\/Artistics_FR","http:\/\/www.linkedin.com\/company\/artistics","https:\/\/www.instagram.com\/artistics_com\/","http:\/\/www.pinterest.com\/ArtisticsMag"],"hasMerchantReturnPolicy":{"@type":"MerchantReturnPolicy","merchantReturnLink":"https:\/\/artistics.com\/free-return-policy\/"}}]},"og_availability":"instock","product_availability":"instock","product_condition":"new"},"_links":{"self":[{"href":"https:\/\/artistics.com\/fr\/wp-json\/wp\/v2\/product\/62452","targetHints":{"allow":["GET"]}}],"collection":[{"href":"https:\/\/artistics.com\/fr\/wp-json\/wp\/v2\/product"}],"about":[{"href":"https:\/\/artistics.com\/fr\/wp-json\/wp\/v2\/types\/product"}],"acf:term":[{"embeddable":true,"taxonomy":"series","href":"https:\/\/artistics.com\/fr\/wp-json\/wp\/v2\/series\/2367"},{"embeddable":true,"taxonomy":"product_tag","href":"https:\/\/artistics.com\/fr\/wp-json\/wp\/v2\/product_tag\/343"},{"embeddable":true,"taxonomy":"product_tag","href":"https:\/\/artistics.com\/fr\/wp-json\/wp\/v2\/product_tag\/551"},{"embeddable":true,"taxonomy":"product_tag","href":"https:\/\/artistics.com\/fr\/wp-json\/wp\/v2\/product_tag\/504"},{"embeddable":true,"taxonomy":"product_tag","href":"https:\/\/artistics.com\/fr\/wp-json\/wp\/v2\/product_tag\/525"},{"embeddable":true,"taxonomy":"product_tag","href":"https:\/\/artistics.com\/fr\/wp-json\/wp\/v2\/product_tag\/517"},{"embeddable":true,"taxonomy":"product_cat","href":"https:\/\/artistics.com\/fr\/wp-json\/wp\/v2\/product_cat\/237"},{"embeddable":true,"taxonomy":"product_cat","href":"https:\/\/artistics.com\/fr\/wp-json\/wp\/v2\/product_cat\/216"},{"embeddable":true,"taxonomy":"product_cat","href":"https:\/\/artistics.com\/fr\/wp-json\/wp\/v2\/product_cat\/217"},{"embeddable":true,"taxonomy":"product_cat","href":"https:\/\/artistics.com\/fr\/wp-json\/wp\/v2\/product_cat\/194"},{"embeddable":true,"taxonomy":"product_cat","href":"https:\/\/artistics.com\/fr\/wp-json\/wp\/v2\/product_cat\/428"},{"embeddable":true,"taxonomy":"product_cat","href":"https:\/\/artistics.com\/fr\/wp-json\/wp\/v2\/product_cat\/227"},{"embeddable":true,"taxonomy":"product_cat","href":"https:\/\/artistics.com\/fr\/wp-json\/wp\/v2\/product_cat\/202"},{"embeddable":true,"taxonomy":"product_cat","href":"https:\/\/artistics.com\/fr\/wp-json\/wp\/v2\/product_cat\/163"}],"acf:post":[{"embeddable":true,"href":"https:\/\/artistics.com\/fr\/wp-json\/wp\/v2\/artist\/61914"}],"wp:featuredmedia":[{"embeddable":true,"href":"https:\/\/artistics.com\/fr\/wp-json\/wp\/v2\/media\/62967"}],"wp:attachment":[{"href":"https:\/\/artistics.com\/fr\/wp-json\/wp\/v2\/media?parent=62452"}],"wp:term":[{"taxonomy":"product_cat","embeddable":true,"href":"https:\/\/artistics.com\/fr\/wp-json\/wp\/v2\/product_cat?post=62452"},{"taxonomy":"product_tag","embeddable":true,"href":"https:\/\/artistics.com\/fr\/wp-json\/wp\/v2\/product_tag?post=62452"},{"taxonomy":"series","embeddable":true,"href":"https:\/\/artistics.com\/fr\/wp-json\/wp\/v2\/series?post=62452"}],"curies":[{"name":"wp","href":"https:\/\/api.w.org\/{rel}","templated":true}]}}