{"id":60727,"date":"2024-07-16T10:52:41","date_gmt":"2024-07-16T08:52:41","guid":{"rendered":"https:\/\/artistics.com\/?post_type=product&#038;p=60727"},"modified":"2024-07-16T13:09:57","modified_gmt":"2024-07-16T11:09:57","slug":"dialogue-with-nature-17-20-29-et-newborn-sound-83","status":"publish","type":"product","link":"https:\/\/artistics.com\/fr\/oeuvre\/dialogue-with-nature-17-20-29-et-newborn-sound-83\/","title":{"rendered":"Dialogue with Nature #17, #20, #29 et Newborn sound #83"},"content":{"rendered":"","protected":false},"excerpt":{"rendered":"","protected":false},"featured_media":60723,"template":"","meta":{"_acf_changed":false,"_searchwp_excluded":"","inline_featured_image":false},"product_cat":[407,162,169,172,174,189,194,216,227,236],"product_tag":[535,545],"series":[1943],"class_list":{"0":"post-60727","1":"product","2":"type-product","3":"status-publish","4":"has-post-thumbnail","6":"product_cat-art-minimaliste","7":"product_cat-peinture-contemporaine","8":"product_cat-peinture-abstraite","9":"product_cat-tableau-nature-et-paysage","10":"product_cat-peinture-minimaliste","11":"product_cat-art-abstrait","12":"product_cat-nature-et-paysage","13":"product_cat-moyen","14":"product_cat-tons-clairs","15":"product_cat-de-3000-a-10-000-e","16":"product_tag-encre","17":"product_tag-technique-mixte","18":"series-maho-maeda-dialogue-avec-la-nature","20":"first","21":"instock","22":"shipping-taxable","23":"purchasable","24":"product-type-simple"},"acf":{"artwork_artist":[2809],"artwork_medium":162,"artwork_categories":[169,174,172],"artwork_overall-tones":[227],"artwork_main-material":[],"artwork_art-genre":[194],"artwork_art-movement":[407,189],"artwork_miscellaneous":[],"artwork_formats":[216],"artwork_price-ranges":[236],"artwork_main_subject":[],"artwork_technique":[535,545],"artwork_featured_location":[],"artwork_dominant_color":[],"artwork_physical_attributes":[],"artwork_creation_date":null,"artwork_unique_piece":true,"artwork_description":"Acrylique, crayon de couleur et encre sur toile de coton et bois grav\u00e9","artwork_signature":"\u0152uvre sign\u00e9e","artwork_authenticity":"L\u2019\u0153uvre est vendue avec un certificat d\u2019authenticit\u00e9 sign\u00e9 par l\u2019artiste.","artwork_framing":"unframed","artwork_has_custom_framing_info":false,"artwork_custom_framing_info":"Not specified","artwork_location_country":"MX","artwork_location_city":"Mexico City","artwork_location_zipcode":"14260","artwork_shipment_type":"2D_flat_artwork","artwork_shipping_delivery":"painting_immediate_availability","artwork_has_custom_shipping_delivery_info":false,"artwork_custom_shipping_delivery_info":"Not specified","artwork_360_view_url":"","artwork_video_url":"","artwork_video_format":[],"artwork_preview_type":"featured_image","artwork_reserved":false,"artwork_hide_price":false,"artwork_about":"<strong><em>Dialogue with Nature #17, #20, #29 et Newborn sound #83 <\/em><\/strong>est un ensemble de quatre\u00a0\u0153uvres de l\u2019artiste japonaise Maho Maeda. <em>Newborn sound #83 <\/em>est de 2009,<em> Dialogue with Nature #17<\/em> est #20 sont de 2012 et 2013, et <em>Dialogue with Nature #29 <\/em>est de 2023. La technique employ\u00e9e est l'acrylique, le crayon de couleur et l'encre sur toile de coton, et pour <em>Newborn sound #83<\/em> l'acrylique, le crayon de couleur et l'encre sur toile de coton et bois grav\u00e9.\r\n\r\nLa recherche artistique de Maho Maeda se centre sur la nature et ses sons\u00a0: en partant de l\u2019observation de la nature, l\u2019artiste se demande quels sons la caract\u00e9risent et comment les traduire en image. Sur ses \u0153uvres, les traces sonores sont transform\u00e9es en lignes qui bougent, changent de direction, se transforment, se cassent. Les lignes traversent le support, ou les diff\u00e9rents supports, cr\u00e9ant des compositions harmonieuses charg\u00e9es de force et po\u00e9sie.\r\n\r\nDes formes et des motifs abstraits compl\u00e8tent les peintures, \u00e9voquant des \u00e9l\u00e9ments naturels tels que des feuilles, des ailes d\u2019oiseaux ou encore des bourgeons. Toutefois, les \u0153uvres de Maho Maeda ne sont pas des repr\u00e9sentations ou des imitations de la nature, mais plut\u00f4t des interpr\u00e9tations personnelles des sons de la nature mat\u00e9rialis\u00e9s dans une forme visuelle et un support concret.\r\n\r\nDimensions de chaque \u0153uvre :\r\n<a href=\"https:\/\/artistics.com\/fr\/oeuvre\/newborn-sound-83\/\" target=\"_blank\" rel=\"noopener\"><em>Newborn sound #83 <\/em><\/a>: 45 x 50 cm\r\n<a href=\"https:\/\/artistics.com\/fr\/oeuvre\/dialogue-nature-17\/\" target=\"_blank\" rel=\"noopener\"><em>Dialogue with Nature #17<\/em><\/a> : 25 x 25 cm\r\n<a href=\"https:\/\/artistics.com\/fr\/oeuvre\/dialogue-nature-20\/\" target=\"_blank\" rel=\"noopener\"><em>Dialogue with Nature #20<\/em><\/a> : 25 x 25 cm\r\n<a href=\"https:\/\/artistics.com\/fr\/oeuvre\/dialogue-with-nature-29\/\" target=\"_blank\" rel=\"noopener\"><em>Dialogue with Nature #29<\/em><\/a> : 15 x 15 cm","artwork_series":[1943],"artwork_query_group":"20","artwork_lowest_grid_position":1,"artwork_random_position":9100756,"explicit_sensitive_content":false,"drupal_id":"10026"},"yoast_head":"<!-- This site is optimized with the Yoast SEO Premium plugin v27.3 (Yoast SEO v27.3) - https:\/\/yoast.com\/product\/yoast-seo-premium-wordpress\/ -->\n<title>Dialogue with Nature #17, #20, #29 et Newborn sound #83 par Maho Maeda - Peinture contemporaine | Artistics<\/title>\n<meta name=\"description\" content=\"Dialogue with Nature #17, #20, #29 et Newborn sound #83 par Maho Maeda - achetez en ligne cette \u0153uvre d\u2019art originale avec son certificat d\u2019authenticit\u00e9 et b\u00e9n\u00e9ficiez de notre service premium.\" \/>\n<meta name=\"robots\" content=\"index, follow, max-snippet:-1, max-image-preview:large, max-video-preview:-1\" \/>\n<link rel=\"canonical\" href=\"https:\/\/artistics.com\/fr\/oeuvre\/dialogue-with-nature-17-20-29-et-newborn-sound-83\/\" \/>\n<meta property=\"og:locale\" content=\"fr_FR\" \/>\n<meta property=\"og:type\" content=\"article\" \/>\n<meta property=\"og:title\" content=\"Dialogue with Nature #17, #20, #29 et Newborn sound #83\" \/>\n<meta property=\"og:description\" content=\"Dialogue with Nature #17, #20, #29 et Newborn sound #83 par Maho Maeda - achetez en ligne cette \u0153uvre d\u2019art originale avec son certificat d\u2019authenticit\u00e9 et b\u00e9n\u00e9ficiez de notre service premium.\" \/>\n<meta property=\"og:url\" content=\"https:\/\/artistics.com\/fr\/oeuvre\/dialogue-with-nature-17-20-29-et-newborn-sound-83\/\" \/>\n<meta property=\"og:site_name\" content=\"Artistics\" \/>\n<meta property=\"article:publisher\" content=\"https:\/\/www.facebook.com\/ArtisticsMag\" \/>\n<meta property=\"article:modified_time\" content=\"2024-07-16T11:09:57+00:00\" \/>\n<meta property=\"og:image\" content=\"https:\/\/artistics.com\/wp-content\/uploads\/2024\/07\/installation-of-4-dialogue-with-nature-by-maho-maeda-1.jpg\" \/>\n\t<meta property=\"og:image:width\" content=\"2000\" \/>\n\t<meta property=\"og:image:height\" content=\"2000\" \/>\n\t<meta property=\"og:image:type\" content=\"image\/jpeg\" \/>\n<meta name=\"twitter:card\" content=\"summary_large_image\" \/>\n<meta name=\"twitter:site\" content=\"@Artistics_FR\" \/>\n<meta name=\"twitter:label1\" content=\"Prix\" \/>\n\t<meta name=\"twitter:data1\" content=\"5 900&nbsp;&euro;\" \/>\n\t<meta name=\"twitter:label2\" content=\"Disponibilit\u00e9\" \/>\n\t<meta name=\"twitter:data2\" content=\"En stock\" \/>\n<script type=\"application\/ld+json\" class=\"yoast-schema-graph\">{\"@context\":\"https:\\\/\\\/schema.org\",\"@graph\":[{\"@type\":[\"WebPage\",\"ItemPage\"],\"@id\":\"https:\\\/\\\/artistics.com\\\/fr\\\/oeuvre\\\/dialogue-with-nature-17-20-29-et-newborn-sound-83\\\/\",\"url\":\"https:\\\/\\\/artistics.com\\\/fr\\\/oeuvre\\\/dialogue-with-nature-17-20-29-et-newborn-sound-83\\\/\",\"name\":\"Dialogue with Nature #17, #20, #29 et Newborn sound #83 par Maho Maeda - Peinture contemporaine | Artistics\",\"isPartOf\":{\"@id\":\"https:\\\/\\\/artistics.com\\\/fr\\\/#website\"},\"primaryImageOfPage\":{\"@id\":\"https:\\\/\\\/artistics.com\\\/fr\\\/oeuvre\\\/dialogue-with-nature-17-20-29-et-newborn-sound-83\\\/#primaryimage\"},\"image\":{\"@id\":\"https:\\\/\\\/artistics.com\\\/fr\\\/oeuvre\\\/dialogue-with-nature-17-20-29-et-newborn-sound-83\\\/#primaryimage\"},\"thumbnailUrl\":\"https:\\\/\\\/artistics.com\\\/wp-content\\\/uploads\\\/2024\\\/07\\\/installation-of-4-dialogue-with-nature-by-maho-maeda-1.jpg\",\"datePublished\":\"2024-07-16T08:52:41+00:00\",\"dateModified\":\"2024-07-16T11:09:57+00:00\",\"description\":\"Dialogue with Nature #17, #20, #29 et Newborn sound #83 par Maho Maeda - achetez en ligne cette \u0153uvre d\u2019art originale avec son certificat d\u2019authenticit\u00e9 et b\u00e9n\u00e9ficiez de notre service premium.\",\"breadcrumb\":{\"@id\":\"https:\\\/\\\/artistics.com\\\/fr\\\/oeuvre\\\/dialogue-with-nature-17-20-29-et-newborn-sound-83\\\/#breadcrumb\"},\"inLanguage\":\"fr-FR\",\"potentialAction\":[{\"@type\":\"ReadAction\",\"target\":[\"https:\\\/\\\/artistics.com\\\/fr\\\/oeuvre\\\/dialogue-with-nature-17-20-29-et-newborn-sound-83\\\/\"]}]},{\"@type\":\"ImageObject\",\"inLanguage\":\"fr-FR\",\"@id\":\"https:\\\/\\\/artistics.com\\\/fr\\\/oeuvre\\\/dialogue-with-nature-17-20-29-et-newborn-sound-83\\\/#primaryimage\",\"url\":\"https:\\\/\\\/artistics.com\\\/wp-content\\\/uploads\\\/2024\\\/07\\\/installation-of-4-dialogue-with-nature-by-maho-maeda-1.jpg\",\"contentUrl\":\"https:\\\/\\\/artistics.com\\\/wp-content\\\/uploads\\\/2024\\\/07\\\/installation-of-4-dialogue-with-nature-by-maho-maeda-1.jpg\",\"width\":2000,\"height\":2000},{\"@type\":\"BreadcrumbList\",\"@id\":\"https:\\\/\\\/artistics.com\\\/fr\\\/oeuvre\\\/dialogue-with-nature-17-20-29-et-newborn-sound-83\\\/#breadcrumb\",\"itemListElement\":[{\"@type\":\"ListItem\",\"position\":1,\"name\":\"Achat \u0153uvre d'art\",\"item\":\"https:\\\/\\\/artistics.com\\\/fr\\\/\"},{\"@type\":\"ListItem\",\"position\":2,\"name\":\"Galerie\",\"item\":\"https:\\\/\\\/artistics.com\\\/fr\\\/galerie\\\/\"},{\"@type\":\"ListItem\",\"position\":3,\"name\":\"Peinture contemporaine\",\"item\":\"https:\\\/\\\/artistics.com\\\/fr\\\/categorie-oeuvre\\\/peinture-contemporaine\\\/\"},{\"@type\":\"ListItem\",\"position\":4,\"name\":\"Dialogue with Nature #17, #20, #29 et Newborn sound #83\"}]},{\"@type\":\"WebSite\",\"@id\":\"https:\\\/\\\/artistics.com\\\/fr\\\/#website\",\"url\":\"https:\\\/\\\/artistics.com\\\/fr\\\/\",\"name\":\"Artistics\",\"description\":\"The online art gallery\",\"publisher\":{\"@id\":\"https:\\\/\\\/artistics.com\\\/fr\\\/#organization\"},\"potentialAction\":[{\"@type\":\"SearchAction\",\"target\":{\"@type\":\"EntryPoint\",\"urlTemplate\":\"https:\\\/\\\/artistics.com\\\/fr\\\/?s={search_term_string}\"},\"query-input\":{\"@type\":\"PropertyValueSpecification\",\"valueRequired\":true,\"valueName\":\"search_term_string\"}}],\"inLanguage\":\"fr-FR\"},{\"@type\":\"Organization\",\"@id\":\"https:\\\/\\\/artistics.com\\\/fr\\\/#organization\",\"name\":\"Artistics\",\"url\":\"https:\\\/\\\/artistics.com\\\/fr\\\/\",\"logo\":{\"@type\":\"ImageObject\",\"inLanguage\":\"fr-FR\",\"@id\":\"https:\\\/\\\/artistics.com\\\/fr\\\/#\\\/schema\\\/logo\\\/image\\\/\",\"url\":\"https:\\\/\\\/artistics.com\\\/wp-content\\\/uploads\\\/2023\\\/02\\\/artistics-logo-web-1.svg\",\"contentUrl\":\"https:\\\/\\\/artistics.com\\\/wp-content\\\/uploads\\\/2023\\\/02\\\/artistics-logo-web-1.svg\",\"caption\":\"Artistics\"},\"image\":{\"@id\":\"https:\\\/\\\/artistics.com\\\/fr\\\/#\\\/schema\\\/logo\\\/image\\\/\"},\"sameAs\":[\"https:\\\/\\\/www.facebook.com\\\/ArtisticsMag\",\"https:\\\/\\\/x.com\\\/Artistics_FR\",\"http:\\\/\\\/www.linkedin.com\\\/company\\\/artistics\",\"https:\\\/\\\/www.instagram.com\\\/artistics_com\\\/\",\"http:\\\/\\\/www.pinterest.com\\\/ArtisticsMag\"],\"hasMerchantReturnPolicy\":{\"@type\":\"MerchantReturnPolicy\",\"merchantReturnLink\":\"https:\\\/\\\/artistics.com\\\/free-return-policy\\\/\"}}]}<\/script>\n<meta property=\"product:price:amount\" content=\"5900\" \/>\n<meta property=\"product:price:currency\" content=\"EUR\" \/>\n<meta property=\"og:availability\" content=\"instock\" \/>\n<meta property=\"product:availability\" content=\"instock\" \/>\n<meta property=\"product:condition\" content=\"new\" \/>\n<!-- \/ Yoast SEO Premium plugin. -->","yoast_head_json":{"title":"Dialogue with Nature #17, #20, #29 et Newborn sound #83 par Maho Maeda - Peinture contemporaine | Artistics","description":"Dialogue with Nature #17, #20, #29 et Newborn sound #83 par Maho Maeda - achetez en ligne cette \u0153uvre d\u2019art originale avec son certificat d\u2019authenticit\u00e9 et b\u00e9n\u00e9ficiez de notre service premium.","robots":{"index":"index","follow":"follow","max-snippet":"max-snippet:-1","max-image-preview":"max-image-preview:large","max-video-preview":"max-video-preview:-1"},"canonical":"https:\/\/artistics.com\/fr\/oeuvre\/dialogue-with-nature-17-20-29-et-newborn-sound-83\/","og_locale":"fr_FR","og_type":"article","og_title":"Dialogue with Nature #17, #20, #29 et Newborn sound #83","og_description":"Dialogue with Nature #17, #20, #29 et Newborn sound #83 par Maho Maeda - achetez en ligne cette \u0153uvre d\u2019art originale avec son certificat d\u2019authenticit\u00e9 et b\u00e9n\u00e9ficiez de notre service premium.","og_url":"https:\/\/artistics.com\/fr\/oeuvre\/dialogue-with-nature-17-20-29-et-newborn-sound-83\/","og_site_name":"Artistics","article_publisher":"https:\/\/www.facebook.com\/ArtisticsMag","article_modified_time":"2024-07-16T11:09:57+00:00","og_image":[{"width":2000,"height":2000,"url":"https:\/\/artistics.com\/wp-content\/uploads\/2024\/07\/installation-of-4-dialogue-with-nature-by-maho-maeda-1.jpg","type":"image\/jpeg"}],"twitter_card":"summary_large_image","twitter_site":"@Artistics_FR","twitter_misc":{"Prix":"5 900&nbsp;&euro;","Disponibilit\u00e9":"En stock"},"schema":{"@context":"https:\/\/schema.org","@graph":[{"@type":["WebPage","ItemPage"],"@id":"https:\/\/artistics.com\/fr\/oeuvre\/dialogue-with-nature-17-20-29-et-newborn-sound-83\/","url":"https:\/\/artistics.com\/fr\/oeuvre\/dialogue-with-nature-17-20-29-et-newborn-sound-83\/","name":"Dialogue with Nature #17, #20, #29 et Newborn sound #83 par Maho Maeda - Peinture contemporaine | Artistics","isPartOf":{"@id":"https:\/\/artistics.com\/fr\/#website"},"primaryImageOfPage":{"@id":"https:\/\/artistics.com\/fr\/oeuvre\/dialogue-with-nature-17-20-29-et-newborn-sound-83\/#primaryimage"},"image":{"@id":"https:\/\/artistics.com\/fr\/oeuvre\/dialogue-with-nature-17-20-29-et-newborn-sound-83\/#primaryimage"},"thumbnailUrl":"https:\/\/artistics.com\/wp-content\/uploads\/2024\/07\/installation-of-4-dialogue-with-nature-by-maho-maeda-1.jpg","datePublished":"2024-07-16T08:52:41+00:00","dateModified":"2024-07-16T11:09:57+00:00","description":"Dialogue with Nature #17, #20, #29 et Newborn sound #83 par Maho Maeda - achetez en ligne cette \u0153uvre d\u2019art originale avec son certificat d\u2019authenticit\u00e9 et b\u00e9n\u00e9ficiez de notre service premium.","breadcrumb":{"@id":"https:\/\/artistics.com\/fr\/oeuvre\/dialogue-with-nature-17-20-29-et-newborn-sound-83\/#breadcrumb"},"inLanguage":"fr-FR","potentialAction":[{"@type":"ReadAction","target":["https:\/\/artistics.com\/fr\/oeuvre\/dialogue-with-nature-17-20-29-et-newborn-sound-83\/"]}]},{"@type":"ImageObject","inLanguage":"fr-FR","@id":"https:\/\/artistics.com\/fr\/oeuvre\/dialogue-with-nature-17-20-29-et-newborn-sound-83\/#primaryimage","url":"https:\/\/artistics.com\/wp-content\/uploads\/2024\/07\/installation-of-4-dialogue-with-nature-by-maho-maeda-1.jpg","contentUrl":"https:\/\/artistics.com\/wp-content\/uploads\/2024\/07\/installation-of-4-dialogue-with-nature-by-maho-maeda-1.jpg","width":2000,"height":2000},{"@type":"BreadcrumbList","@id":"https:\/\/artistics.com\/fr\/oeuvre\/dialogue-with-nature-17-20-29-et-newborn-sound-83\/#breadcrumb","itemListElement":[{"@type":"ListItem","position":1,"name":"Achat \u0153uvre d'art","item":"https:\/\/artistics.com\/fr\/"},{"@type":"ListItem","position":2,"name":"Galerie","item":"https:\/\/artistics.com\/fr\/galerie\/"},{"@type":"ListItem","position":3,"name":"Peinture contemporaine","item":"https:\/\/artistics.com\/fr\/categorie-oeuvre\/peinture-contemporaine\/"},{"@type":"ListItem","position":4,"name":"Dialogue with Nature #17, #20, #29 et Newborn sound #83"}]},{"@type":"WebSite","@id":"https:\/\/artistics.com\/fr\/#website","url":"https:\/\/artistics.com\/fr\/","name":"Artistics","description":"The online art gallery","publisher":{"@id":"https:\/\/artistics.com\/fr\/#organization"},"potentialAction":[{"@type":"SearchAction","target":{"@type":"EntryPoint","urlTemplate":"https:\/\/artistics.com\/fr\/?s={search_term_string}"},"query-input":{"@type":"PropertyValueSpecification","valueRequired":true,"valueName":"search_term_string"}}],"inLanguage":"fr-FR"},{"@type":"Organization","@id":"https:\/\/artistics.com\/fr\/#organization","name":"Artistics","url":"https:\/\/artistics.com\/fr\/","logo":{"@type":"ImageObject","inLanguage":"fr-FR","@id":"https:\/\/artistics.com\/fr\/#\/schema\/logo\/image\/","url":"https:\/\/artistics.com\/wp-content\/uploads\/2023\/02\/artistics-logo-web-1.svg","contentUrl":"https:\/\/artistics.com\/wp-content\/uploads\/2023\/02\/artistics-logo-web-1.svg","caption":"Artistics"},"image":{"@id":"https:\/\/artistics.com\/fr\/#\/schema\/logo\/image\/"},"sameAs":["https:\/\/www.facebook.com\/ArtisticsMag","https:\/\/x.com\/Artistics_FR","http:\/\/www.linkedin.com\/company\/artistics","https:\/\/www.instagram.com\/artistics_com\/","http:\/\/www.pinterest.com\/ArtisticsMag"],"hasMerchantReturnPolicy":{"@type":"MerchantReturnPolicy","merchantReturnLink":"https:\/\/artistics.com\/free-return-policy\/"}}]},"product_price_amount":"5900","product_price_currency":"EUR","og_availability":"instock","product_availability":"instock","product_condition":"new"},"_links":{"self":[{"href":"https:\/\/artistics.com\/fr\/wp-json\/wp\/v2\/product\/60727","targetHints":{"allow":["GET"]}}],"collection":[{"href":"https:\/\/artistics.com\/fr\/wp-json\/wp\/v2\/product"}],"about":[{"href":"https:\/\/artistics.com\/fr\/wp-json\/wp\/v2\/types\/product"}],"acf:term":[{"embeddable":true,"taxonomy":"series","href":"https:\/\/artistics.com\/fr\/wp-json\/wp\/v2\/series\/1943"},{"embeddable":true,"taxonomy":"product_tag","href":"https:\/\/artistics.com\/fr\/wp-json\/wp\/v2\/product_tag\/545"},{"embeddable":true,"taxonomy":"product_tag","href":"https:\/\/artistics.com\/fr\/wp-json\/wp\/v2\/product_tag\/535"},{"embeddable":true,"taxonomy":"product_cat","href":"https:\/\/artistics.com\/fr\/wp-json\/wp\/v2\/product_cat\/236"},{"embeddable":true,"taxonomy":"product_cat","href":"https:\/\/artistics.com\/fr\/wp-json\/wp\/v2\/product_cat\/216"},{"embeddable":true,"taxonomy":"product_cat","href":"https:\/\/artistics.com\/fr\/wp-json\/wp\/v2\/product_cat\/189"},{"embeddable":true,"taxonomy":"product_cat","href":"https:\/\/artistics.com\/fr\/wp-json\/wp\/v2\/product_cat\/407"},{"embeddable":true,"taxonomy":"product_cat","href":"https:\/\/artistics.com\/fr\/wp-json\/wp\/v2\/product_cat\/194"},{"embeddable":true,"taxonomy":"product_cat","href":"https:\/\/artistics.com\/fr\/wp-json\/wp\/v2\/product_cat\/227"},{"embeddable":true,"taxonomy":"product_cat","href":"https:\/\/artistics.com\/fr\/wp-json\/wp\/v2\/product_cat\/172"},{"embeddable":true,"taxonomy":"product_cat","href":"https:\/\/artistics.com\/fr\/wp-json\/wp\/v2\/product_cat\/174"},{"embeddable":true,"taxonomy":"product_cat","href":"https:\/\/artistics.com\/fr\/wp-json\/wp\/v2\/product_cat\/169"},{"embeddable":true,"taxonomy":"product_cat","href":"https:\/\/artistics.com\/fr\/wp-json\/wp\/v2\/product_cat\/162"}],"acf:post":[{"embeddable":true,"href":"https:\/\/artistics.com\/fr\/wp-json\/wp\/v2\/artist\/2809"}],"wp:featuredmedia":[{"embeddable":true,"href":"https:\/\/artistics.com\/fr\/wp-json\/wp\/v2\/media\/60723"}],"wp:attachment":[{"href":"https:\/\/artistics.com\/fr\/wp-json\/wp\/v2\/media?parent=60727"}],"wp:term":[{"taxonomy":"product_cat","embeddable":true,"href":"https:\/\/artistics.com\/fr\/wp-json\/wp\/v2\/product_cat?post=60727"},{"taxonomy":"product_tag","embeddable":true,"href":"https:\/\/artistics.com\/fr\/wp-json\/wp\/v2\/product_tag?post=60727"},{"taxonomy":"series","embeddable":true,"href":"https:\/\/artistics.com\/fr\/wp-json\/wp\/v2\/series?post=60727"}],"curies":[{"name":"wp","href":"https:\/\/api.w.org\/{rel}","templated":true}]}}