{"id":59548,"date":"2024-07-05T18:01:11","date_gmt":"2024-07-05T16:01:11","guid":{"rendered":"https:\/\/artistics.com\/?post_type=product&#038;p=59548"},"modified":"2024-07-12T11:51:37","modified_gmt":"2024-07-12T09:51:37","slug":"nu-divin-n8","status":"publish","type":"product","link":"https:\/\/artistics.com\/fr\/oeuvre\/nu-divin-n8\/","title":{"rendered":"Nu Divin N8"},"content":{"rendered":"","protected":false},"excerpt":{"rendered":"","protected":false},"featured_media":59114,"template":"","meta":{"_acf_changed":false,"_searchwp_excluded":"","inline_featured_image":false},"product_cat":[428,236,215,2173,216,195,163,206,419,418,196,225],"product_tag":[518],"series":[2312],"class_list":{"0":"post-59548","1":"product","2":"type-product","3":"status-publish","4":"has-post-thumbnail","6":"product_cat-couleurs-neutres","7":"product_cat-de-3000-a-10-000-e","8":"product_cat-grand","9":"product_cat-mise-en-scene-photographique","10":"product_cat-moyen","11":"product_cat-nu-artistique","12":"product_cat-photographie-contemporaine","13":"product_cat-photographie-de-nu","14":"product_cat-portrait-photographique","15":"product_cat-photographie-de-studio","16":"product_cat-portrait-et-figure","17":"product_cat-tons-sombres","18":"product_tag-homme","19":"series-ronald-martinez-hommage-a-la-peinture-italienne","21":"first","22":"instock","23":"shipping-taxable","24":"purchasable","25":"product-type-variable","26":"has-default-attributes"},"acf":{"artwork_artist":[58219],"artwork_medium":163,"artwork_categories":[206,419,418,2173],"artwork_overall-tones":[225,428],"artwork_main-material":[],"artwork_art-genre":[195,196],"artwork_art-movement":[],"artwork_miscellaneous":[],"artwork_formats":[216,215],"artwork_price-ranges":[236],"artwork_main_subject":[518],"artwork_technique":[],"artwork_featured_location":[],"artwork_dominant_color":[],"artwork_physical_attributes":[],"artwork_creation_date":"20120101","artwork_unique_piece":false,"artwork_description":"Tirage argentique C- print sur papier Fuji Crystal Archive satin ","artwork_signature":"\u0152uvre sign\u00e9e","artwork_authenticity":"L\u2019\u0153uvre est vendue avec un certificat d\u2019authenticit\u00e9 sign\u00e9 par l\u2019artiste.","artwork_framing":"unframed","artwork_has_custom_framing_info":false,"artwork_custom_framing_info":"Not specified","artwork_location_country":"","artwork_location_city":"","artwork_location_zipcode":"","artwork_shipment_type":"2D_rolled_artwork","artwork_shipping_delivery":"photography_production_time","artwork_has_custom_shipping_delivery_info":false,"artwork_custom_shipping_delivery_info":"Not specified","artwork_360_view_url":"","artwork_video_url":"https:\/\/youtube.com\/watch\/ApJGMV86zcQ","artwork_video_format":["vertical"],"artwork_preview_type":"auto","artwork_reserved":false,"artwork_hide_price":false,"artwork_about":"<span class=\"NormalTextRun SCXW261441936 BCX0\"><strong><em>Nu Divin N8 <\/em><\/strong>est une photographie de l\u2019artiste fran\u00e7ais Ronald Martinez<\/span><span class=\"NormalTextRun SCXW261441936 BCX0\"> issue de la s\u00e9rie <em>Hommage \u00e0 la peinture italienne<\/em>. Dans cette \u0153uvre, il est possible de reconnaitre l\u2019un des grands th\u00e8mes chr\u00e9tiens de l\u2019histoire de l\u2019art : la Piet\u00e0, repr\u00e9sentation de Marie tenant son fils J\u00e9sus-Christ au moment de la descente de croix. Dans la r\u00e9interpr\u00e9tation de Ronald Martinez, le Christ n\u2019est pas soutenu par sa m\u00e8re mais par deux figures masculines. Les nuances de lumi\u00e8re sur les corps subliment leur dimension sacr\u00e9e et leur conf\u00e8rent une force esth\u00e9tique et \u00e9motionnelle.<\/span>\r\n\r\nHommage \u00e0 la peinture italienne est la premi\u00e8re s\u00e9rie de Ronald Martinez, cr\u00e9\u00e9e en 2012, inspir\u00e9e par les innovations picturales des grands ma\u00eetres de la Renaissance : Caravage, L\u00e9onard de Vinci, Titien, V\u00e9ron\u00e8se, Mantegna. Pour le photographe, r\u00e9interpr\u00e9ter leur peinture \u00e0 travers sa vision personnelle est une mission, presque une exigence. Ces photographies instaurent un dialogue surprenant entre pass\u00e9 et pr\u00e9sent, qui brouille la fronti\u00e8re entre peinture et photographie.\r\n\r\nCette photographie a \u00e9t\u00e9 r\u00e9alis\u00e9e \u00e0 Bologne pendant une r\u00e9sidence artistique. Lors de son s\u00e9jour en Italie, Ronald Martinez forge son regard en visitant les \u00e9glises et les mus\u00e9es, s\u2019impr\u00e9gnant ainsi de l\u2019art de la Renaissance qui est la source d\u2019inspiration principale de la s\u00e9rie <em>Hommage \u00e0 la peinture italienne<\/em>.\r\n\r\n<span data-contrast=\"auto\">Les photographies de nu artistique et de nature morte de Ronald Martinez naissent d\u2019une r\u00e9interpr\u00e9tation personnelle des th\u00e8mes sacr\u00e9s, symboliques et profanes de la peinture de la Renaissance. A travers une recherche approfondie sur le clair-obscur, motiv\u00e9e par son admiration de l\u2019\u0153uvre de Caravage, l\u2019artiste sublime les sujets de ses photographies qui sont sculpt\u00e9s et caress\u00e9s par une lumi\u00e8re \u00e0 la fois subtile et th\u00e9\u00e2trale.\u00a0<\/span><span data-ccp-props=\"{&quot;201341983&quot;:0,&quot;335551550&quot;:6,&quot;335551620&quot;:6,&quot;335559739&quot;:160,&quot;335559740&quot;:259}\">\u00a0<\/span>\r\n\r\n<span data-contrast=\"auto\">Les nuances et les jeux de lumi\u00e8re savamment cr\u00e9\u00e9s par le photographe r\u00e9v\u00e8lent toute la beaut\u00e9 des corps\u202f: leurs poses puissantes mais \u00e9l\u00e9gantes, les d\u00e9licates variations chromatiques de leur carnation. Les compositions de l\u2019artiste d\u00e9voilent des sc\u00e8nes intimes et enveloppantes, qui plongent l\u2019observateur dans une contemplation esth\u00e9tique en stimulant ses r\u00e9flexions les plus existentielles.\u00a0<\/span><span data-ccp-props=\"{&quot;201341983&quot;:0,&quot;335551550&quot;:6,&quot;335551620&quot;:6,&quot;335559739&quot;:160,&quot;335559740&quot;:259}\">\u00a0<\/span>\r\n\r\n<i><span data-contrast=\"auto\">\u00ab J\u2019improvise avec les poses, les objets ; je dessine avec la lumi\u00e8re et je me laisse aller \u00e0 une r\u00eaverie contemplative autour de la beaut\u00e9, de la force et de la vuln\u00e9rabilit\u00e9 humaine. \u00bb - Ronald Martinez<\/span><\/i><span data-ccp-props=\"{&quot;201341983&quot;:0,&quot;335551550&quot;:6,&quot;335551620&quot;:6,&quot;335559739&quot;:160,&quot;335559740&quot;:259}\">.<\/span>","artwork_series":[2312],"artwork_query_group":"20","artwork_lowest_grid_position":1,"artwork_random_position":2439692,"explicit_sensitive_content":true,"drupal_id":""},"yoast_head":"<!-- This site is optimized with the Yoast SEO Premium plugin v27.3 (Yoast SEO v27.3) - https:\/\/yoast.com\/product\/yoast-seo-premium-wordpress\/ -->\n<title>Nu Divin N8 par Ronald Martinez - Photographie contemporaine | Artistics<\/title>\n<meta name=\"description\" content=\"Nu Divin N8 par Ronald Martinez - achetez en ligne cette \u0153uvre d\u2019art originale avec son certificat d\u2019authenticit\u00e9 et b\u00e9n\u00e9ficiez de notre service premium.\" \/>\n<meta name=\"robots\" content=\"index, follow, max-snippet:-1, max-image-preview:large, max-video-preview:-1\" \/>\n<link rel=\"canonical\" href=\"https:\/\/artistics.com\/fr\/oeuvre\/nu-divin-n8\/\" \/>\n<meta property=\"og:locale\" content=\"fr_FR\" \/>\n<meta property=\"og:type\" content=\"article\" \/>\n<meta property=\"og:title\" content=\"Nu Divin N8\" \/>\n<meta property=\"og:description\" content=\"Nu Divin N8 par Ronald Martinez - achetez en ligne cette \u0153uvre d\u2019art originale avec son certificat d\u2019authenticit\u00e9 et b\u00e9n\u00e9ficiez de notre service premium.\" \/>\n<meta property=\"og:url\" content=\"https:\/\/artistics.com\/fr\/oeuvre\/nu-divin-n8\/\" \/>\n<meta property=\"og:site_name\" content=\"Artistics\" \/>\n<meta property=\"article:publisher\" content=\"https:\/\/www.facebook.com\/ArtisticsMag\" \/>\n<meta property=\"article:modified_time\" content=\"2024-07-12T09:51:37+00:00\" \/>\n<meta property=\"og:image\" content=\"https:\/\/artistics.com\/wp-content\/uploads\/2024\/07\/nu-divin-no-8-fine-art-nude-photography-by-ronald-martinez-1.jpeg\" \/>\n\t<meta property=\"og:image:width\" content=\"1900\" \/>\n\t<meta property=\"og:image:height\" content=\"1366\" \/>\n\t<meta property=\"og:image:type\" content=\"image\/jpeg\" \/>\n<meta name=\"twitter:card\" content=\"summary_large_image\" \/>\n<meta name=\"twitter:site\" content=\"@Artistics_FR\" \/>\n<meta name=\"twitter:label1\" content=\"Disponibilit\u00e9\" \/>\n\t<meta name=\"twitter:data1\" content=\"En stock\" \/>\n<script type=\"application\/ld+json\" class=\"yoast-schema-graph\">{\"@context\":\"https:\\\/\\\/schema.org\",\"@graph\":[{\"@type\":[\"WebPage\",\"ItemPage\"],\"@id\":\"https:\\\/\\\/artistics.com\\\/fr\\\/oeuvre\\\/nu-divin-n8\\\/\",\"url\":\"https:\\\/\\\/artistics.com\\\/fr\\\/oeuvre\\\/nu-divin-n8\\\/\",\"name\":\"Nu Divin N8 par Ronald Martinez - Photographie contemporaine | Artistics\",\"isPartOf\":{\"@id\":\"https:\\\/\\\/artistics.com\\\/fr\\\/#website\"},\"primaryImageOfPage\":{\"@id\":\"https:\\\/\\\/artistics.com\\\/fr\\\/oeuvre\\\/nu-divin-n8\\\/#primaryimage\"},\"image\":{\"@id\":\"https:\\\/\\\/artistics.com\\\/fr\\\/oeuvre\\\/nu-divin-n8\\\/#primaryimage\"},\"thumbnailUrl\":\"https:\\\/\\\/artistics.com\\\/wp-content\\\/uploads\\\/2024\\\/07\\\/nu-divin-no-8-fine-art-nude-photography-by-ronald-martinez-1.jpeg\",\"datePublished\":\"2024-07-05T16:01:11+00:00\",\"dateModified\":\"2024-07-12T09:51:37+00:00\",\"description\":\"Nu Divin N8 par Ronald Martinez - achetez en ligne cette \u0153uvre d\u2019art originale avec son certificat d\u2019authenticit\u00e9 et b\u00e9n\u00e9ficiez de notre service premium.\",\"breadcrumb\":{\"@id\":\"https:\\\/\\\/artistics.com\\\/fr\\\/oeuvre\\\/nu-divin-n8\\\/#breadcrumb\"},\"inLanguage\":\"fr-FR\",\"potentialAction\":[{\"@type\":\"ReadAction\",\"target\":[\"https:\\\/\\\/artistics.com\\\/fr\\\/oeuvre\\\/nu-divin-n8\\\/\"]}]},{\"@type\":\"ImageObject\",\"inLanguage\":\"fr-FR\",\"@id\":\"https:\\\/\\\/artistics.com\\\/fr\\\/oeuvre\\\/nu-divin-n8\\\/#primaryimage\",\"url\":\"https:\\\/\\\/artistics.com\\\/wp-content\\\/uploads\\\/2024\\\/07\\\/nu-divin-no-8-fine-art-nude-photography-by-ronald-martinez-1.jpeg\",\"contentUrl\":\"https:\\\/\\\/artistics.com\\\/wp-content\\\/uploads\\\/2024\\\/07\\\/nu-divin-no-8-fine-art-nude-photography-by-ronald-martinez-1.jpeg\",\"width\":1900,\"height\":1366},{\"@type\":\"BreadcrumbList\",\"@id\":\"https:\\\/\\\/artistics.com\\\/fr\\\/oeuvre\\\/nu-divin-n8\\\/#breadcrumb\",\"itemListElement\":[{\"@type\":\"ListItem\",\"position\":1,\"name\":\"Achat \u0153uvre d'art\",\"item\":\"https:\\\/\\\/artistics.com\\\/fr\\\/\"},{\"@type\":\"ListItem\",\"position\":2,\"name\":\"Galerie\",\"item\":\"https:\\\/\\\/artistics.com\\\/fr\\\/galerie\\\/\"},{\"@type\":\"ListItem\",\"position\":3,\"name\":\"Photographie contemporaine\",\"item\":\"https:\\\/\\\/artistics.com\\\/fr\\\/categorie-oeuvre\\\/photographie-contemporaine\\\/\"},{\"@type\":\"ListItem\",\"position\":4,\"name\":\"Nu Divin N8\"}]},{\"@type\":\"WebSite\",\"@id\":\"https:\\\/\\\/artistics.com\\\/fr\\\/#website\",\"url\":\"https:\\\/\\\/artistics.com\\\/fr\\\/\",\"name\":\"Artistics\",\"description\":\"The online art gallery\",\"publisher\":{\"@id\":\"https:\\\/\\\/artistics.com\\\/fr\\\/#organization\"},\"potentialAction\":[{\"@type\":\"SearchAction\",\"target\":{\"@type\":\"EntryPoint\",\"urlTemplate\":\"https:\\\/\\\/artistics.com\\\/fr\\\/?s={search_term_string}\"},\"query-input\":{\"@type\":\"PropertyValueSpecification\",\"valueRequired\":true,\"valueName\":\"search_term_string\"}}],\"inLanguage\":\"fr-FR\"},{\"@type\":\"Organization\",\"@id\":\"https:\\\/\\\/artistics.com\\\/fr\\\/#organization\",\"name\":\"Artistics\",\"url\":\"https:\\\/\\\/artistics.com\\\/fr\\\/\",\"logo\":{\"@type\":\"ImageObject\",\"inLanguage\":\"fr-FR\",\"@id\":\"https:\\\/\\\/artistics.com\\\/fr\\\/#\\\/schema\\\/logo\\\/image\\\/\",\"url\":\"https:\\\/\\\/artistics.com\\\/wp-content\\\/uploads\\\/2023\\\/02\\\/artistics-logo-web-1.svg\",\"contentUrl\":\"https:\\\/\\\/artistics.com\\\/wp-content\\\/uploads\\\/2023\\\/02\\\/artistics-logo-web-1.svg\",\"caption\":\"Artistics\"},\"image\":{\"@id\":\"https:\\\/\\\/artistics.com\\\/fr\\\/#\\\/schema\\\/logo\\\/image\\\/\"},\"sameAs\":[\"https:\\\/\\\/www.facebook.com\\\/ArtisticsMag\",\"https:\\\/\\\/x.com\\\/Artistics_FR\",\"http:\\\/\\\/www.linkedin.com\\\/company\\\/artistics\",\"https:\\\/\\\/www.instagram.com\\\/artistics_com\\\/\",\"http:\\\/\\\/www.pinterest.com\\\/ArtisticsMag\"],\"hasMerchantReturnPolicy\":{\"@type\":\"MerchantReturnPolicy\",\"merchantReturnLink\":\"https:\\\/\\\/artistics.com\\\/free-return-policy\\\/\"}}]}<\/script>\n<meta property=\"og:availability\" content=\"instock\" \/>\n<meta property=\"product:availability\" content=\"instock\" \/>\n<meta property=\"product:condition\" content=\"new\" \/>\n<!-- \/ Yoast SEO Premium plugin. -->","yoast_head_json":{"title":"Nu Divin N8 par Ronald Martinez - Photographie contemporaine | Artistics","description":"Nu Divin N8 par Ronald Martinez - achetez en ligne cette \u0153uvre d\u2019art originale avec son certificat d\u2019authenticit\u00e9 et b\u00e9n\u00e9ficiez de notre service premium.","robots":{"index":"index","follow":"follow","max-snippet":"max-snippet:-1","max-image-preview":"max-image-preview:large","max-video-preview":"max-video-preview:-1"},"canonical":"https:\/\/artistics.com\/fr\/oeuvre\/nu-divin-n8\/","og_locale":"fr_FR","og_type":"article","og_title":"Nu Divin N8","og_description":"Nu Divin N8 par Ronald Martinez - achetez en ligne cette \u0153uvre d\u2019art originale avec son certificat d\u2019authenticit\u00e9 et b\u00e9n\u00e9ficiez de notre service premium.","og_url":"https:\/\/artistics.com\/fr\/oeuvre\/nu-divin-n8\/","og_site_name":"Artistics","article_publisher":"https:\/\/www.facebook.com\/ArtisticsMag","article_modified_time":"2024-07-12T09:51:37+00:00","og_image":[{"width":1900,"height":1366,"url":"https:\/\/artistics.com\/wp-content\/uploads\/2024\/07\/nu-divin-no-8-fine-art-nude-photography-by-ronald-martinez-1.jpeg","type":"image\/jpeg"}],"twitter_card":"summary_large_image","twitter_site":"@Artistics_FR","twitter_misc":{"Disponibilit\u00e9":"En stock"},"schema":{"@context":"https:\/\/schema.org","@graph":[{"@type":["WebPage","ItemPage"],"@id":"https:\/\/artistics.com\/fr\/oeuvre\/nu-divin-n8\/","url":"https:\/\/artistics.com\/fr\/oeuvre\/nu-divin-n8\/","name":"Nu Divin N8 par Ronald Martinez - Photographie contemporaine | Artistics","isPartOf":{"@id":"https:\/\/artistics.com\/fr\/#website"},"primaryImageOfPage":{"@id":"https:\/\/artistics.com\/fr\/oeuvre\/nu-divin-n8\/#primaryimage"},"image":{"@id":"https:\/\/artistics.com\/fr\/oeuvre\/nu-divin-n8\/#primaryimage"},"thumbnailUrl":"https:\/\/artistics.com\/wp-content\/uploads\/2024\/07\/nu-divin-no-8-fine-art-nude-photography-by-ronald-martinez-1.jpeg","datePublished":"2024-07-05T16:01:11+00:00","dateModified":"2024-07-12T09:51:37+00:00","description":"Nu Divin N8 par Ronald Martinez - achetez en ligne cette \u0153uvre d\u2019art originale avec son certificat d\u2019authenticit\u00e9 et b\u00e9n\u00e9ficiez de notre service premium.","breadcrumb":{"@id":"https:\/\/artistics.com\/fr\/oeuvre\/nu-divin-n8\/#breadcrumb"},"inLanguage":"fr-FR","potentialAction":[{"@type":"ReadAction","target":["https:\/\/artistics.com\/fr\/oeuvre\/nu-divin-n8\/"]}]},{"@type":"ImageObject","inLanguage":"fr-FR","@id":"https:\/\/artistics.com\/fr\/oeuvre\/nu-divin-n8\/#primaryimage","url":"https:\/\/artistics.com\/wp-content\/uploads\/2024\/07\/nu-divin-no-8-fine-art-nude-photography-by-ronald-martinez-1.jpeg","contentUrl":"https:\/\/artistics.com\/wp-content\/uploads\/2024\/07\/nu-divin-no-8-fine-art-nude-photography-by-ronald-martinez-1.jpeg","width":1900,"height":1366},{"@type":"BreadcrumbList","@id":"https:\/\/artistics.com\/fr\/oeuvre\/nu-divin-n8\/#breadcrumb","itemListElement":[{"@type":"ListItem","position":1,"name":"Achat \u0153uvre d'art","item":"https:\/\/artistics.com\/fr\/"},{"@type":"ListItem","position":2,"name":"Galerie","item":"https:\/\/artistics.com\/fr\/galerie\/"},{"@type":"ListItem","position":3,"name":"Photographie contemporaine","item":"https:\/\/artistics.com\/fr\/categorie-oeuvre\/photographie-contemporaine\/"},{"@type":"ListItem","position":4,"name":"Nu Divin N8"}]},{"@type":"WebSite","@id":"https:\/\/artistics.com\/fr\/#website","url":"https:\/\/artistics.com\/fr\/","name":"Artistics","description":"The online art gallery","publisher":{"@id":"https:\/\/artistics.com\/fr\/#organization"},"potentialAction":[{"@type":"SearchAction","target":{"@type":"EntryPoint","urlTemplate":"https:\/\/artistics.com\/fr\/?s={search_term_string}"},"query-input":{"@type":"PropertyValueSpecification","valueRequired":true,"valueName":"search_term_string"}}],"inLanguage":"fr-FR"},{"@type":"Organization","@id":"https:\/\/artistics.com\/fr\/#organization","name":"Artistics","url":"https:\/\/artistics.com\/fr\/","logo":{"@type":"ImageObject","inLanguage":"fr-FR","@id":"https:\/\/artistics.com\/fr\/#\/schema\/logo\/image\/","url":"https:\/\/artistics.com\/wp-content\/uploads\/2023\/02\/artistics-logo-web-1.svg","contentUrl":"https:\/\/artistics.com\/wp-content\/uploads\/2023\/02\/artistics-logo-web-1.svg","caption":"Artistics"},"image":{"@id":"https:\/\/artistics.com\/fr\/#\/schema\/logo\/image\/"},"sameAs":["https:\/\/www.facebook.com\/ArtisticsMag","https:\/\/x.com\/Artistics_FR","http:\/\/www.linkedin.com\/company\/artistics","https:\/\/www.instagram.com\/artistics_com\/","http:\/\/www.pinterest.com\/ArtisticsMag"],"hasMerchantReturnPolicy":{"@type":"MerchantReturnPolicy","merchantReturnLink":"https:\/\/artistics.com\/free-return-policy\/"}}]},"og_availability":"instock","product_availability":"instock","product_condition":"new"},"_links":{"self":[{"href":"https:\/\/artistics.com\/fr\/wp-json\/wp\/v2\/product\/59548","targetHints":{"allow":["GET"]}}],"collection":[{"href":"https:\/\/artistics.com\/fr\/wp-json\/wp\/v2\/product"}],"about":[{"href":"https:\/\/artistics.com\/fr\/wp-json\/wp\/v2\/types\/product"}],"acf:term":[{"embeddable":true,"taxonomy":"series","href":"https:\/\/artistics.com\/fr\/wp-json\/wp\/v2\/series\/2312"},{"embeddable":true,"taxonomy":"product_tag","href":"https:\/\/artistics.com\/fr\/wp-json\/wp\/v2\/product_tag\/518"},{"embeddable":true,"taxonomy":"product_cat","href":"https:\/\/artistics.com\/fr\/wp-json\/wp\/v2\/product_cat\/236"},{"embeddable":true,"taxonomy":"product_cat","href":"https:\/\/artistics.com\/fr\/wp-json\/wp\/v2\/product_cat\/215"},{"embeddable":true,"taxonomy":"product_cat","href":"https:\/\/artistics.com\/fr\/wp-json\/wp\/v2\/product_cat\/216"},{"embeddable":true,"taxonomy":"product_cat","href":"https:\/\/artistics.com\/fr\/wp-json\/wp\/v2\/product_cat\/196"},{"embeddable":true,"taxonomy":"product_cat","href":"https:\/\/artistics.com\/fr\/wp-json\/wp\/v2\/product_cat\/195"},{"embeddable":true,"taxonomy":"product_cat","href":"https:\/\/artistics.com\/fr\/wp-json\/wp\/v2\/product_cat\/428"},{"embeddable":true,"taxonomy":"product_cat","href":"https:\/\/artistics.com\/fr\/wp-json\/wp\/v2\/product_cat\/225"},{"embeddable":true,"taxonomy":"product_cat","href":"https:\/\/artistics.com\/fr\/wp-json\/wp\/v2\/product_cat\/2173"},{"embeddable":true,"taxonomy":"product_cat","href":"https:\/\/artistics.com\/fr\/wp-json\/wp\/v2\/product_cat\/418"},{"embeddable":true,"taxonomy":"product_cat","href":"https:\/\/artistics.com\/fr\/wp-json\/wp\/v2\/product_cat\/419"},{"embeddable":true,"taxonomy":"product_cat","href":"https:\/\/artistics.com\/fr\/wp-json\/wp\/v2\/product_cat\/206"},{"embeddable":true,"taxonomy":"product_cat","href":"https:\/\/artistics.com\/fr\/wp-json\/wp\/v2\/product_cat\/163"}],"acf:post":[{"embeddable":true,"href":"https:\/\/artistics.com\/fr\/wp-json\/wp\/v2\/artist\/58219"}],"wp:featuredmedia":[{"embeddable":true,"href":"https:\/\/artistics.com\/fr\/wp-json\/wp\/v2\/media\/59114"}],"wp:attachment":[{"href":"https:\/\/artistics.com\/fr\/wp-json\/wp\/v2\/media?parent=59548"}],"wp:term":[{"taxonomy":"product_cat","embeddable":true,"href":"https:\/\/artistics.com\/fr\/wp-json\/wp\/v2\/product_cat?post=59548"},{"taxonomy":"product_tag","embeddable":true,"href":"https:\/\/artistics.com\/fr\/wp-json\/wp\/v2\/product_tag?post=59548"},{"taxonomy":"series","embeddable":true,"href":"https:\/\/artistics.com\/fr\/wp-json\/wp\/v2\/series?post=59548"}],"curies":[{"name":"wp","href":"https:\/\/api.w.org\/{rel}","templated":true}]}}