{"id":59234,"date":"2024-07-05T10:41:19","date_gmt":"2024-07-05T08:41:19","guid":{"rendered":"https:\/\/artistics.com\/?post_type=product&#038;p=59234"},"modified":"2024-07-12T17:19:50","modified_gmt":"2024-07-12T15:19:50","slug":"omnia-vanitas-n5","status":"publish","type":"product","link":"https:\/\/artistics.com\/fr\/oeuvre\/omnia-vanitas-n5\/","title":{"rendered":"Omnia Vanitas N5"},"content":{"rendered":"","protected":false},"excerpt":{"rendered":"","protected":false},"featured_media":59170,"template":"","meta":{"_acf_changed":false,"_searchwp_excluded":"","inline_featured_image":false},"product_cat":[428,2173,414,418,2244,163,216,225,236],"product_tag":[2502,2499,567],"series":[2322],"class_list":{"0":"post-59234","1":"product","2":"type-product","3":"status-publish","4":"has-post-thumbnail","6":"product_cat-couleurs-neutres","7":"product_cat-mise-en-scene-photographique","8":"product_cat-nature-morte","9":"product_cat-photographie-de-studio","10":"product_cat-photographie-nature-morte","11":"product_cat-photographie-contemporaine","12":"product_cat-moyen","13":"product_cat-tons-sombres","14":"product_cat-de-3000-a-10-000-e","15":"product_tag-art-et-fruits","16":"product_tag-art-et-nourriture","17":"product_tag-noir","18":"series-ronald-martinez-omnia-vanitas-fr","20":"first","21":"instock","22":"shipping-taxable","23":"purchasable","24":"product-type-simple"},"acf":{"artwork_artist":[58219],"artwork_medium":163,"artwork_categories":[418,2173,2244],"artwork_overall-tones":[225,428],"artwork_main-material":[],"artwork_art-genre":[414],"artwork_art-movement":[],"artwork_miscellaneous":[],"artwork_formats":[216],"artwork_price-ranges":[236],"artwork_main_subject":[2502,2499],"artwork_technique":[],"artwork_featured_location":[],"artwork_dominant_color":[567],"artwork_physical_attributes":[],"artwork_creation_date":"20160101","artwork_unique_piece":false,"artwork_description":"Tirage argentique C- print sur papier Fuji Crystal Archive satin ","artwork_signature":"\u0152uvre sign\u00e9e","artwork_authenticity":"L\u2019\u0153uvre est vendue avec un certificat d\u2019authenticit\u00e9 sign\u00e9 par l\u2019artiste.","artwork_framing":"unframed","artwork_has_custom_framing_info":false,"artwork_custom_framing_info":"Not specified","artwork_location_country":"","artwork_location_city":"","artwork_location_zipcode":"","artwork_shipment_type":"2D_rolled_artwork","artwork_shipping_delivery":"photography_production_time","artwork_has_custom_shipping_delivery_info":false,"artwork_custom_shipping_delivery_info":"Not specified","artwork_360_view_url":"","artwork_video_url":"https:\/\/youtube.com\/watch\/ApJGMV86zcQ","artwork_video_format":["vertical"],"artwork_preview_type":"auto","artwork_reserved":false,"artwork_hide_price":false,"artwork_about":"<span class=\"NormalTextRun SCXW261441936 BCX0\"><strong><em>Omnia Vanitas N5<\/em> <\/strong>est une photographie de l\u2019artiste fran\u00e7ais Ronald Martinez<\/span><span class=\"NormalTextRun SCXW261441936 BCX0\"> issue de la s\u00e9rie <em>Omnia Vanitas<\/em>. <span class=\"TextRun SCXW75791322 BCX0\" lang=\"FR-FR\" xml:lang=\"FR-FR\" data-contrast=\"auto\"><span class=\"NormalTextRun SCXW75791322 BCX0\">Cette photographie est un hommage au tableau <em>Corbeille de fruits<\/em> (entre 1594 et 1602) du c\u00e9l\u00e8bre peintre italien Caravage.<\/span><\/span><\/span>\r\n\r\n<span class=\"TextRun SCXW75791322 BCX0\" lang=\"FR-FR\" xml:lang=\"FR-FR\" data-contrast=\"auto\"><span class=\"NormalTextRun SCXW75791322 BCX0\"><em>Omnia Vanitas<\/em> (du latin \u00ab tout est vanit\u00e9 \u00bb) est une s\u00e9rie \u00e0 part dans la production artistique du photographe : avec celle-ci, il cherche \u00e0 se confronter \u00e0 d\u2019autres th\u00e8mes que le nu. Dans cette s\u00e9rie il reprend l\u2019iconographie des Vanit\u00e9s, un genre pictural de nature morte qui se diffuse en Europe au XVIIe si\u00e8cle et qui est caract\u00e9ris\u00e9 par des \u00e9l\u00e9ments bien pr\u00e9cis, symbolisant la condition \u00e9ph\u00e9m\u00e8re de la vie humaine et la futilit\u00e9 de ses plaisirs. Un cr\u00e2ne (qui illustre le <em>Memento mori<\/em>, locution latine rendue par \u00ab Souviens-toi que tu vas mourir \u00bb) est souvent associ\u00e9 \u00e0 d\u2019autres objets qui \u00e9voquent le temps qui passe ainsi que les passions et les loisirs humains : des bougies, des livres, des instruments musicaux, des bijoux, des fruits qui vont se g\u00e2ter, ou encore des fleurs qui perdent les p\u00e9tales.\r\n<\/span><\/span>\r\n\r\n<span data-contrast=\"auto\">Les photographies de nu artistique et de nature morte de Ronald Martinez naissent d\u2019une r\u00e9interpr\u00e9tation personnelle des th\u00e8mes sacr\u00e9s, symboliques et profanes de la peinture de la Renaissance. A travers une recherche approfondie sur le clair-obscur, motiv\u00e9e par son admiration de l\u2019\u0153uvre de Caravage, l\u2019artiste sublime les sujets de ses photographies qui sont sculpt\u00e9s et caress\u00e9s par une lumi\u00e8re \u00e0 la fois subtile et th\u00e9\u00e2trale.\u00a0<\/span><span data-ccp-props=\"{&quot;201341983&quot;:0,&quot;335551550&quot;:6,&quot;335551620&quot;:6,&quot;335559739&quot;:160,&quot;335559740&quot;:259}\">\u00a0<\/span>\r\n\r\n<span data-contrast=\"auto\">Les nuances et les jeux de lumi\u00e8re savamment cr\u00e9\u00e9s par le photographe r\u00e9v\u00e8lent toute la beaut\u00e9 des corps\u202f: leurs poses puissantes mais \u00e9l\u00e9gantes, les d\u00e9licates variations chromatiques de leur carnation. Les compositions de l\u2019artiste d\u00e9voilent des sc\u00e8nes intimes et enveloppantes, qui plongent l\u2019observateur dans une contemplation esth\u00e9tique en stimulant ses r\u00e9flexions les plus existentielles.\u00a0<\/span><span data-ccp-props=\"{&quot;201341983&quot;:0,&quot;335551550&quot;:6,&quot;335551620&quot;:6,&quot;335559739&quot;:160,&quot;335559740&quot;:259}\">\u00a0<\/span>\r\n\r\n<i><span data-contrast=\"auto\">\u00ab J\u2019improvise avec les poses, les objets ; je dessine avec la lumi\u00e8re et je me laisse aller \u00e0 une r\u00eaverie contemplative autour de la beaut\u00e9, de la force et de la vuln\u00e9rabilit\u00e9 humaine. \u00bb - Ronald Martinez<\/span><\/i><span data-ccp-props=\"{&quot;201341983&quot;:0,&quot;335551550&quot;:6,&quot;335551620&quot;:6,&quot;335559739&quot;:160,&quot;335559740&quot;:259}\">.<\/span>","artwork_series":[2322],"artwork_query_group":"20","artwork_lowest_grid_position":1,"artwork_random_position":3585245,"explicit_sensitive_content":false,"drupal_id":""},"yoast_head":"<!-- This site is optimized with the Yoast SEO Premium plugin v27.3 (Yoast SEO v27.3) - https:\/\/yoast.com\/product\/yoast-seo-premium-wordpress\/ -->\n<title>Omnia Vanitas N5 par Ronald Martinez - Photographie contemporaine | Artistics<\/title>\n<meta name=\"description\" content=\"Omnia Vanitas N5 par Ronald Martinez - achetez en ligne cette \u0153uvre d\u2019art originale avec son certificat d\u2019authenticit\u00e9 et b\u00e9n\u00e9ficiez de notre service premium.\" \/>\n<meta name=\"robots\" content=\"index, follow, max-snippet:-1, max-image-preview:large, max-video-preview:-1\" \/>\n<link rel=\"canonical\" href=\"https:\/\/artistics.com\/fr\/oeuvre\/omnia-vanitas-n5\/\" \/>\n<meta property=\"og:locale\" content=\"fr_FR\" \/>\n<meta property=\"og:type\" content=\"article\" \/>\n<meta property=\"og:title\" content=\"Omnia Vanitas N5\" \/>\n<meta property=\"og:description\" content=\"Omnia Vanitas N5 par Ronald Martinez - achetez en ligne cette \u0153uvre d\u2019art originale avec son certificat d\u2019authenticit\u00e9 et b\u00e9n\u00e9ficiez de notre service premium.\" \/>\n<meta property=\"og:url\" content=\"https:\/\/artistics.com\/fr\/oeuvre\/omnia-vanitas-n5\/\" \/>\n<meta property=\"og:site_name\" content=\"Artistics\" \/>\n<meta property=\"article:publisher\" content=\"https:\/\/www.facebook.com\/ArtisticsMag\" \/>\n<meta property=\"article:modified_time\" content=\"2024-07-12T15:19:50+00:00\" \/>\n<meta property=\"og:image\" content=\"https:\/\/artistics.com\/wp-content\/uploads\/2024\/07\/omnia-vanitas-no-5-still-life-photography-by-ronald-martinez-1.jpeg\" \/>\n\t<meta property=\"og:image:width\" content=\"1900\" \/>\n\t<meta property=\"og:image:height\" content=\"1249\" \/>\n\t<meta property=\"og:image:type\" content=\"image\/jpeg\" \/>\n<meta name=\"twitter:card\" content=\"summary_large_image\" \/>\n<meta name=\"twitter:site\" content=\"@Artistics_FR\" \/>\n<meta name=\"twitter:label1\" content=\"Prix\" \/>\n\t<meta name=\"twitter:data1\" content=\"3 500&nbsp;&euro;\" \/>\n\t<meta name=\"twitter:label2\" content=\"Disponibilit\u00e9\" \/>\n\t<meta name=\"twitter:data2\" content=\"En stock\" \/>\n<script type=\"application\/ld+json\" class=\"yoast-schema-graph\">{\"@context\":\"https:\\\/\\\/schema.org\",\"@graph\":[{\"@type\":[\"WebPage\",\"ItemPage\"],\"@id\":\"https:\\\/\\\/artistics.com\\\/fr\\\/oeuvre\\\/omnia-vanitas-n5\\\/\",\"url\":\"https:\\\/\\\/artistics.com\\\/fr\\\/oeuvre\\\/omnia-vanitas-n5\\\/\",\"name\":\"Omnia Vanitas N5 par Ronald Martinez - Photographie contemporaine | Artistics\",\"isPartOf\":{\"@id\":\"https:\\\/\\\/artistics.com\\\/fr\\\/#website\"},\"primaryImageOfPage\":{\"@id\":\"https:\\\/\\\/artistics.com\\\/fr\\\/oeuvre\\\/omnia-vanitas-n5\\\/#primaryimage\"},\"image\":{\"@id\":\"https:\\\/\\\/artistics.com\\\/fr\\\/oeuvre\\\/omnia-vanitas-n5\\\/#primaryimage\"},\"thumbnailUrl\":\"https:\\\/\\\/artistics.com\\\/wp-content\\\/uploads\\\/2024\\\/07\\\/omnia-vanitas-no-5-still-life-photography-by-ronald-martinez-1.jpeg\",\"datePublished\":\"2024-07-05T08:41:19+00:00\",\"dateModified\":\"2024-07-12T15:19:50+00:00\",\"description\":\"Omnia Vanitas N5 par Ronald Martinez - achetez en ligne cette \u0153uvre d\u2019art originale avec son certificat d\u2019authenticit\u00e9 et b\u00e9n\u00e9ficiez de notre service premium.\",\"breadcrumb\":{\"@id\":\"https:\\\/\\\/artistics.com\\\/fr\\\/oeuvre\\\/omnia-vanitas-n5\\\/#breadcrumb\"},\"inLanguage\":\"fr-FR\",\"potentialAction\":[{\"@type\":\"ReadAction\",\"target\":[\"https:\\\/\\\/artistics.com\\\/fr\\\/oeuvre\\\/omnia-vanitas-n5\\\/\"]}]},{\"@type\":\"ImageObject\",\"inLanguage\":\"fr-FR\",\"@id\":\"https:\\\/\\\/artistics.com\\\/fr\\\/oeuvre\\\/omnia-vanitas-n5\\\/#primaryimage\",\"url\":\"https:\\\/\\\/artistics.com\\\/wp-content\\\/uploads\\\/2024\\\/07\\\/omnia-vanitas-no-5-still-life-photography-by-ronald-martinez-1.jpeg\",\"contentUrl\":\"https:\\\/\\\/artistics.com\\\/wp-content\\\/uploads\\\/2024\\\/07\\\/omnia-vanitas-no-5-still-life-photography-by-ronald-martinez-1.jpeg\",\"width\":1900,\"height\":1249},{\"@type\":\"BreadcrumbList\",\"@id\":\"https:\\\/\\\/artistics.com\\\/fr\\\/oeuvre\\\/omnia-vanitas-n5\\\/#breadcrumb\",\"itemListElement\":[{\"@type\":\"ListItem\",\"position\":1,\"name\":\"Achat \u0153uvre d'art\",\"item\":\"https:\\\/\\\/artistics.com\\\/fr\\\/\"},{\"@type\":\"ListItem\",\"position\":2,\"name\":\"Galerie\",\"item\":\"https:\\\/\\\/artistics.com\\\/fr\\\/galerie\\\/\"},{\"@type\":\"ListItem\",\"position\":3,\"name\":\"Photographie contemporaine\",\"item\":\"https:\\\/\\\/artistics.com\\\/fr\\\/categorie-oeuvre\\\/photographie-contemporaine\\\/\"},{\"@type\":\"ListItem\",\"position\":4,\"name\":\"Omnia Vanitas N5\"}]},{\"@type\":\"WebSite\",\"@id\":\"https:\\\/\\\/artistics.com\\\/fr\\\/#website\",\"url\":\"https:\\\/\\\/artistics.com\\\/fr\\\/\",\"name\":\"Artistics\",\"description\":\"The online art gallery\",\"publisher\":{\"@id\":\"https:\\\/\\\/artistics.com\\\/fr\\\/#organization\"},\"potentialAction\":[{\"@type\":\"SearchAction\",\"target\":{\"@type\":\"EntryPoint\",\"urlTemplate\":\"https:\\\/\\\/artistics.com\\\/fr\\\/?s={search_term_string}\"},\"query-input\":{\"@type\":\"PropertyValueSpecification\",\"valueRequired\":true,\"valueName\":\"search_term_string\"}}],\"inLanguage\":\"fr-FR\"},{\"@type\":\"Organization\",\"@id\":\"https:\\\/\\\/artistics.com\\\/fr\\\/#organization\",\"name\":\"Artistics\",\"url\":\"https:\\\/\\\/artistics.com\\\/fr\\\/\",\"logo\":{\"@type\":\"ImageObject\",\"inLanguage\":\"fr-FR\",\"@id\":\"https:\\\/\\\/artistics.com\\\/fr\\\/#\\\/schema\\\/logo\\\/image\\\/\",\"url\":\"https:\\\/\\\/artistics.com\\\/wp-content\\\/uploads\\\/2023\\\/02\\\/artistics-logo-web-1.svg\",\"contentUrl\":\"https:\\\/\\\/artistics.com\\\/wp-content\\\/uploads\\\/2023\\\/02\\\/artistics-logo-web-1.svg\",\"caption\":\"Artistics\"},\"image\":{\"@id\":\"https:\\\/\\\/artistics.com\\\/fr\\\/#\\\/schema\\\/logo\\\/image\\\/\"},\"sameAs\":[\"https:\\\/\\\/www.facebook.com\\\/ArtisticsMag\",\"https:\\\/\\\/x.com\\\/Artistics_FR\",\"http:\\\/\\\/www.linkedin.com\\\/company\\\/artistics\",\"https:\\\/\\\/www.instagram.com\\\/artistics_com\\\/\",\"http:\\\/\\\/www.pinterest.com\\\/ArtisticsMag\"],\"hasMerchantReturnPolicy\":{\"@type\":\"MerchantReturnPolicy\",\"merchantReturnLink\":\"https:\\\/\\\/artistics.com\\\/free-return-policy\\\/\"}}]}<\/script>\n<meta property=\"product:price:amount\" content=\"3500\" \/>\n<meta property=\"product:price:currency\" content=\"EUR\" \/>\n<meta property=\"og:availability\" content=\"instock\" \/>\n<meta property=\"product:availability\" content=\"instock\" \/>\n<meta property=\"product:condition\" content=\"new\" \/>\n<!-- \/ Yoast SEO Premium plugin. -->","yoast_head_json":{"title":"Omnia Vanitas N5 par Ronald Martinez - Photographie contemporaine | Artistics","description":"Omnia Vanitas N5 par Ronald Martinez - achetez en ligne cette \u0153uvre d\u2019art originale avec son certificat d\u2019authenticit\u00e9 et b\u00e9n\u00e9ficiez de notre service premium.","robots":{"index":"index","follow":"follow","max-snippet":"max-snippet:-1","max-image-preview":"max-image-preview:large","max-video-preview":"max-video-preview:-1"},"canonical":"https:\/\/artistics.com\/fr\/oeuvre\/omnia-vanitas-n5\/","og_locale":"fr_FR","og_type":"article","og_title":"Omnia Vanitas N5","og_description":"Omnia Vanitas N5 par Ronald Martinez - achetez en ligne cette \u0153uvre d\u2019art originale avec son certificat d\u2019authenticit\u00e9 et b\u00e9n\u00e9ficiez de notre service premium.","og_url":"https:\/\/artistics.com\/fr\/oeuvre\/omnia-vanitas-n5\/","og_site_name":"Artistics","article_publisher":"https:\/\/www.facebook.com\/ArtisticsMag","article_modified_time":"2024-07-12T15:19:50+00:00","og_image":[{"width":1900,"height":1249,"url":"https:\/\/artistics.com\/wp-content\/uploads\/2024\/07\/omnia-vanitas-no-5-still-life-photography-by-ronald-martinez-1.jpeg","type":"image\/jpeg"}],"twitter_card":"summary_large_image","twitter_site":"@Artistics_FR","twitter_misc":{"Prix":"3 500&nbsp;&euro;","Disponibilit\u00e9":"En stock"},"schema":{"@context":"https:\/\/schema.org","@graph":[{"@type":["WebPage","ItemPage"],"@id":"https:\/\/artistics.com\/fr\/oeuvre\/omnia-vanitas-n5\/","url":"https:\/\/artistics.com\/fr\/oeuvre\/omnia-vanitas-n5\/","name":"Omnia Vanitas N5 par Ronald Martinez - Photographie contemporaine | Artistics","isPartOf":{"@id":"https:\/\/artistics.com\/fr\/#website"},"primaryImageOfPage":{"@id":"https:\/\/artistics.com\/fr\/oeuvre\/omnia-vanitas-n5\/#primaryimage"},"image":{"@id":"https:\/\/artistics.com\/fr\/oeuvre\/omnia-vanitas-n5\/#primaryimage"},"thumbnailUrl":"https:\/\/artistics.com\/wp-content\/uploads\/2024\/07\/omnia-vanitas-no-5-still-life-photography-by-ronald-martinez-1.jpeg","datePublished":"2024-07-05T08:41:19+00:00","dateModified":"2024-07-12T15:19:50+00:00","description":"Omnia Vanitas N5 par Ronald Martinez - achetez en ligne cette \u0153uvre d\u2019art originale avec son certificat d\u2019authenticit\u00e9 et b\u00e9n\u00e9ficiez de notre service premium.","breadcrumb":{"@id":"https:\/\/artistics.com\/fr\/oeuvre\/omnia-vanitas-n5\/#breadcrumb"},"inLanguage":"fr-FR","potentialAction":[{"@type":"ReadAction","target":["https:\/\/artistics.com\/fr\/oeuvre\/omnia-vanitas-n5\/"]}]},{"@type":"ImageObject","inLanguage":"fr-FR","@id":"https:\/\/artistics.com\/fr\/oeuvre\/omnia-vanitas-n5\/#primaryimage","url":"https:\/\/artistics.com\/wp-content\/uploads\/2024\/07\/omnia-vanitas-no-5-still-life-photography-by-ronald-martinez-1.jpeg","contentUrl":"https:\/\/artistics.com\/wp-content\/uploads\/2024\/07\/omnia-vanitas-no-5-still-life-photography-by-ronald-martinez-1.jpeg","width":1900,"height":1249},{"@type":"BreadcrumbList","@id":"https:\/\/artistics.com\/fr\/oeuvre\/omnia-vanitas-n5\/#breadcrumb","itemListElement":[{"@type":"ListItem","position":1,"name":"Achat \u0153uvre d'art","item":"https:\/\/artistics.com\/fr\/"},{"@type":"ListItem","position":2,"name":"Galerie","item":"https:\/\/artistics.com\/fr\/galerie\/"},{"@type":"ListItem","position":3,"name":"Photographie contemporaine","item":"https:\/\/artistics.com\/fr\/categorie-oeuvre\/photographie-contemporaine\/"},{"@type":"ListItem","position":4,"name":"Omnia Vanitas N5"}]},{"@type":"WebSite","@id":"https:\/\/artistics.com\/fr\/#website","url":"https:\/\/artistics.com\/fr\/","name":"Artistics","description":"The online art gallery","publisher":{"@id":"https:\/\/artistics.com\/fr\/#organization"},"potentialAction":[{"@type":"SearchAction","target":{"@type":"EntryPoint","urlTemplate":"https:\/\/artistics.com\/fr\/?s={search_term_string}"},"query-input":{"@type":"PropertyValueSpecification","valueRequired":true,"valueName":"search_term_string"}}],"inLanguage":"fr-FR"},{"@type":"Organization","@id":"https:\/\/artistics.com\/fr\/#organization","name":"Artistics","url":"https:\/\/artistics.com\/fr\/","logo":{"@type":"ImageObject","inLanguage":"fr-FR","@id":"https:\/\/artistics.com\/fr\/#\/schema\/logo\/image\/","url":"https:\/\/artistics.com\/wp-content\/uploads\/2023\/02\/artistics-logo-web-1.svg","contentUrl":"https:\/\/artistics.com\/wp-content\/uploads\/2023\/02\/artistics-logo-web-1.svg","caption":"Artistics"},"image":{"@id":"https:\/\/artistics.com\/fr\/#\/schema\/logo\/image\/"},"sameAs":["https:\/\/www.facebook.com\/ArtisticsMag","https:\/\/x.com\/Artistics_FR","http:\/\/www.linkedin.com\/company\/artistics","https:\/\/www.instagram.com\/artistics_com\/","http:\/\/www.pinterest.com\/ArtisticsMag"],"hasMerchantReturnPolicy":{"@type":"MerchantReturnPolicy","merchantReturnLink":"https:\/\/artistics.com\/free-return-policy\/"}}]},"product_price_amount":"3500","product_price_currency":"EUR","og_availability":"instock","product_availability":"instock","product_condition":"new"},"_links":{"self":[{"href":"https:\/\/artistics.com\/fr\/wp-json\/wp\/v2\/product\/59234","targetHints":{"allow":["GET"]}}],"collection":[{"href":"https:\/\/artistics.com\/fr\/wp-json\/wp\/v2\/product"}],"about":[{"href":"https:\/\/artistics.com\/fr\/wp-json\/wp\/v2\/types\/product"}],"acf:term":[{"embeddable":true,"taxonomy":"series","href":"https:\/\/artistics.com\/fr\/wp-json\/wp\/v2\/series\/2322"},{"embeddable":true,"taxonomy":"product_tag","href":"https:\/\/artistics.com\/fr\/wp-json\/wp\/v2\/product_tag\/567"},{"embeddable":true,"taxonomy":"product_tag","href":"https:\/\/artistics.com\/fr\/wp-json\/wp\/v2\/product_tag\/2499"},{"embeddable":true,"taxonomy":"product_tag","href":"https:\/\/artistics.com\/fr\/wp-json\/wp\/v2\/product_tag\/2502"},{"embeddable":true,"taxonomy":"product_cat","href":"https:\/\/artistics.com\/fr\/wp-json\/wp\/v2\/product_cat\/236"},{"embeddable":true,"taxonomy":"product_cat","href":"https:\/\/artistics.com\/fr\/wp-json\/wp\/v2\/product_cat\/216"},{"embeddable":true,"taxonomy":"product_cat","href":"https:\/\/artistics.com\/fr\/wp-json\/wp\/v2\/product_cat\/414"},{"embeddable":true,"taxonomy":"product_cat","href":"https:\/\/artistics.com\/fr\/wp-json\/wp\/v2\/product_cat\/428"},{"embeddable":true,"taxonomy":"product_cat","href":"https:\/\/artistics.com\/fr\/wp-json\/wp\/v2\/product_cat\/225"},{"embeddable":true,"taxonomy":"product_cat","href":"https:\/\/artistics.com\/fr\/wp-json\/wp\/v2\/product_cat\/2244"},{"embeddable":true,"taxonomy":"product_cat","href":"https:\/\/artistics.com\/fr\/wp-json\/wp\/v2\/product_cat\/2173"},{"embeddable":true,"taxonomy":"product_cat","href":"https:\/\/artistics.com\/fr\/wp-json\/wp\/v2\/product_cat\/418"},{"embeddable":true,"taxonomy":"product_cat","href":"https:\/\/artistics.com\/fr\/wp-json\/wp\/v2\/product_cat\/163"}],"acf:post":[{"embeddable":true,"href":"https:\/\/artistics.com\/fr\/wp-json\/wp\/v2\/artist\/58219"}],"wp:featuredmedia":[{"embeddable":true,"href":"https:\/\/artistics.com\/fr\/wp-json\/wp\/v2\/media\/59170"}],"wp:attachment":[{"href":"https:\/\/artistics.com\/fr\/wp-json\/wp\/v2\/media?parent=59234"}],"wp:term":[{"taxonomy":"product_cat","embeddable":true,"href":"https:\/\/artistics.com\/fr\/wp-json\/wp\/v2\/product_cat?post=59234"},{"taxonomy":"product_tag","embeddable":true,"href":"https:\/\/artistics.com\/fr\/wp-json\/wp\/v2\/product_tag?post=59234"},{"taxonomy":"series","embeddable":true,"href":"https:\/\/artistics.com\/fr\/wp-json\/wp\/v2\/series?post=59234"}],"curies":[{"name":"wp","href":"https:\/\/api.w.org\/{rel}","templated":true}]}}