{"id":58877,"date":"2024-07-02T11:43:25","date_gmt":"2024-07-02T09:43:25","guid":{"rendered":"https:\/\/artistics.com\/?post_type=product&#038;p=58877"},"modified":"2024-07-05T11:09:16","modified_gmt":"2024-07-05T09:09:16","slug":"artifact-iv-white-rhinoceros-2024","status":"publish","type":"product","link":"https:\/\/artistics.com\/fr\/oeuvre\/artifact-iv-white-rhinoceros-2024\/","title":{"rendered":"Artifact IV, White Rhinoceros, 2024"},"content":{"rendered":"","protected":false},"excerpt":{"rendered":"","protected":false},"featured_media":58791,"template":"","meta":{"_acf_changed":false,"_searchwp_excluded":"","inline_featured_image":false},"product_cat":[190,235,2173,216,199,163,418,201],"product_tag":[568],"series":[2332],"class_list":{"0":"post-58877","1":"product","2":"type-product","3":"status-publish","4":"has-post-thumbnail","6":"product_cat-animal","7":"product_cat-de-1000-a-3000-e","8":"product_cat-mise-en-scene-photographique","9":"product_cat-moyen","10":"product_cat-photographie-animaliere","11":"product_cat-photographie-contemporaine","12":"product_cat-photographie-de-studio","13":"product_cat-photographie-noir-et-blanc","14":"product_tag-noir-et-blanc","15":"series-brad-wilson-artifacts-fr","17":"first","18":"instock","19":"shipping-taxable","20":"purchasable","21":"product-type-variable","22":"has-default-attributes"},"acf":{"artwork_artist":[2786],"artwork_medium":163,"artwork_categories":[199,2173,418,201],"artwork_overall-tones":[],"artwork_main-material":[],"artwork_art-genre":[418],"artwork_art-movement":[],"artwork_miscellaneous":[190],"artwork_formats":[216,216,216],"artwork_price-ranges":[235],"artwork_main_subject":[],"artwork_technique":[],"artwork_featured_location":[],"artwork_dominant_color":[568],"artwork_physical_attributes":[],"artwork_creation_date":"20240101","artwork_unique_piece":false,"artwork_description":"Tirage pigmentaire Archival sur papier Hahnem\u00fchle Fine Art Baryta","artwork_signature":"x","artwork_authenticity":"L\u2019\u0153uvre est vendue avec un certificat d\u2019authenticit\u00e9 sign\u00e9 par l\u2019artiste.","artwork_framing":"unframed","artwork_has_custom_framing_info":false,"artwork_custom_framing_info":"Not specified","artwork_location_country":"US","artwork_location_city":"Santa Fe","artwork_location_zipcode":"87507","artwork_shipment_type":"2D_rolled_artwork","artwork_shipping_delivery":"photography_production_time","artwork_has_custom_shipping_delivery_info":false,"artwork_custom_shipping_delivery_info":"Not specified","artwork_360_view_url":"","artwork_video_url":"","artwork_video_format":[],"artwork_preview_type":"featured_image","artwork_reserved":false,"artwork_hide_price":false,"artwork_about":"<em><strong>Artifact IV, White Rhinoceros, 2024 <\/strong><\/em>est une photographie de l'artiste am\u00e9ricain Brad Wilson issue de la s\u00e9rie <i>Artifacts<\/i>. Ce tirage d'art repr\u00e9sente un rhinoc\u00e9ros blanc.\r\n\r\nCette s\u00e9rie s'inscrit dans le prolongement d'<i>Affinity<\/i>, la pr\u00e9c\u00e9dente s\u00e9rie de portraits d'animaux de Brad Wilson, en \u00e9largissant et en approfondissant son exploration du genre et de sa place dans l'histoire de l'art. L'artiste a s\u00e9lectionn\u00e9 des vieux films Polaroid datant du d\u00e9but de sa carri\u00e8re et a travaill\u00e9 manuellement chaque feuille pour laisser \u00e9merger un paysage abstrait de textures et de tons. Au cours du processus, il a int\u00e9gr\u00e9 une marque personnelle unique, ses empreintes, faisant ainsi r\u00e9f\u00e9rence aux marques omnipr\u00e9sentes des mains humaines accompagnant la repr\u00e9sentation des animaux dans les premi\u00e8res peintures du pal\u00e9olithique trouv\u00e9es sur les murs des grottes. Il a ensuite combin\u00e9 ces artefacts manipul\u00e9s avec ses portraits contemporains d'animaux sauvages r\u00e9alis\u00e9s en studio. Ces nouvelles images m\u00ealent ainsi pass\u00e9 et pr\u00e9sent ; elles incarnent le lien immuable qui unit l'homme \u00e0 la faune gr\u00e2ce \u00e0 la co\u00e9volution de nos esp\u00e8ces.\r\n\r\n<i>\"Nous avons \u00e9volu\u00e9 aux c\u00f4t\u00e9s de toutes les autres esp\u00e8ces animales pendant des millions d'ann\u00e9es et, jusqu'\u00e0 il y a environ 12 000 ans (lorsque nous avons commenc\u00e9 \u00e0 cultiver et \u00e0 construire des \u00e9tablissements permanents), nous vivions exactement comme elles, dans les m\u00eames environnements naturels. Notre histoire est une histoire commune. Cela nous relie \u00e0 la faune sauvage d'une mani\u00e8re profonde, qui rel\u00e8ve \u00e0 la fois de la m\u00e9moire g\u00e9n\u00e9tique et de la parent\u00e9.\"<\/i> - Brad Wilson.\r\n\r\nBrad Wilson vit et travaille \u00e0 Santa Fe, au Nouveau Mexique. Le photographe a d\u00e9but\u00e9 en 2010 un projet tr\u00e8s ambitieux et original qui pr\u00e9sente des portraits d\u2019animaux sauvages en studio. Le choix du sujet a \u00e9t\u00e9 pour l\u2019artiste un vrai d\u00e9fi : les animaux \u00e9tant impr\u00e9visibles et incontr\u00f4lables, il peut arriver \u00e0 l\u2019artiste d\u2019attendre des heures avant d\u2019atteindre la composition souhait\u00e9e, c\u2019est \u00e0 dire le moment de connexion profonde avec l\u2019animal qu\u2019il souhaite r\u00e9v\u00e9ler dans chaque portrait. Les photographies apparaissent hors du temps et de l\u2019espace, sugg\u00e9rant \u00e0 l\u2019observateur une r\u00e9flexion sur l\u2019importance et le caract\u00e8re unique des autres esp\u00e8ces ainsi que sur leur relation avec les \u00eatres humains. Qu\u2019il s\u2019agisse de tigres, singes, serpents ou oiseaux rares, tous les animaux sont toujours repr\u00e9sent\u00e9s par l\u2019artiste avec grand respect et dignit\u00e9.\r\n\r\nLes tirages des photographies de Brad Wilson sont vendus en \u00e9dition limit\u00e9e. Le prix indiqu\u00e9 correspond au tirage seul, vendu non mont\u00e9 et non encadr\u00e9. Pour toute demande particuli\u00e8re concernant le montage ou l\u2019encadrement, merci de nous contacter. Chaque tirage est accompagn\u00e9 d\u2019un certificat d\u2019authenticit\u00e9 sign\u00e9 par l\u2019artiste.","artwork_series":[2332],"artwork_query_group":"20","artwork_lowest_grid_position":1,"artwork_random_position":6611396,"explicit_sensitive_content":false,"drupal_id":"9050"},"yoast_head":"<!-- This site is optimized with the Yoast SEO Premium plugin v27.3 (Yoast SEO v27.3) - https:\/\/yoast.com\/product\/yoast-seo-premium-wordpress\/ -->\n<title>Artistics | Artifact IV, White Rhinoceros, 2024 par Brad Wilson - Photographie contemporaine<\/title>\n<meta name=\"description\" content=\"Artifact IV, White Rhinoceros, 2024 par Brad Wilson - achat d&#039;\u0153uvres d&#039;art contemporain originales sur la galerie d&#039;art en ligne Artistics.\" \/>\n<meta name=\"robots\" content=\"index, follow, max-snippet:-1, max-image-preview:large, max-video-preview:-1\" \/>\n<link rel=\"canonical\" href=\"https:\/\/artistics.com\/fr\/oeuvre\/artifact-iv-white-rhinoceros-2024\/\" \/>\n<meta property=\"og:locale\" content=\"fr_FR\" \/>\n<meta property=\"og:type\" content=\"article\" \/>\n<meta property=\"og:title\" content=\"Artifact IV, White Rhinoceros, 2024\" \/>\n<meta property=\"og:description\" content=\"Artifact IV, White Rhinoceros, 2024 par Brad Wilson - achat d&#039;\u0153uvres d&#039;art contemporain originales sur la galerie d&#039;art en ligne Artistics.\" \/>\n<meta property=\"og:url\" content=\"https:\/\/artistics.com\/fr\/oeuvre\/artifact-iv-white-rhinoceros-2024\/\" \/>\n<meta property=\"og:site_name\" content=\"Artistics\" \/>\n<meta property=\"article:publisher\" content=\"https:\/\/www.facebook.com\/ArtisticsMag\" \/>\n<meta property=\"article:modified_time\" content=\"2024-07-05T09:09:16+00:00\" \/>\n<meta property=\"og:image\" content=\"https:\/\/artistics.com\/wp-content\/uploads\/2024\/07\/artifact-iv-white-rhinoceros-photograph-by-brad-wilson.jpg\" \/>\n\t<meta property=\"og:image:width\" content=\"1900\" \/>\n\t<meta property=\"og:image:height\" content=\"1267\" \/>\n\t<meta property=\"og:image:type\" content=\"image\/jpeg\" \/>\n<meta name=\"twitter:card\" content=\"summary_large_image\" \/>\n<meta name=\"twitter:site\" content=\"@Artistics_FR\" \/>\n<meta name=\"twitter:label1\" content=\"Disponibilit\u00e9\" \/>\n\t<meta name=\"twitter:data1\" content=\"En stock\" \/>\n<script type=\"application\/ld+json\" class=\"yoast-schema-graph\">{\"@context\":\"https:\\\/\\\/schema.org\",\"@graph\":[{\"@type\":[\"WebPage\",\"ItemPage\"],\"@id\":\"https:\\\/\\\/artistics.com\\\/fr\\\/oeuvre\\\/artifact-iv-white-rhinoceros-2024\\\/\",\"url\":\"https:\\\/\\\/artistics.com\\\/fr\\\/oeuvre\\\/artifact-iv-white-rhinoceros-2024\\\/\",\"name\":\"Artistics | Artifact IV, White Rhinoceros, 2024 par Brad Wilson - Photographie contemporaine\",\"isPartOf\":{\"@id\":\"https:\\\/\\\/artistics.com\\\/fr\\\/#website\"},\"primaryImageOfPage\":{\"@id\":\"https:\\\/\\\/artistics.com\\\/fr\\\/oeuvre\\\/artifact-iv-white-rhinoceros-2024\\\/#primaryimage\"},\"image\":{\"@id\":\"https:\\\/\\\/artistics.com\\\/fr\\\/oeuvre\\\/artifact-iv-white-rhinoceros-2024\\\/#primaryimage\"},\"thumbnailUrl\":\"https:\\\/\\\/artistics.com\\\/wp-content\\\/uploads\\\/2024\\\/07\\\/artifact-iv-white-rhinoceros-photograph-by-brad-wilson.jpg\",\"datePublished\":\"2024-07-02T09:43:25+00:00\",\"dateModified\":\"2024-07-05T09:09:16+00:00\",\"description\":\"Artifact IV, White Rhinoceros, 2024 par Brad Wilson - achat d'\u0153uvres d'art contemporain originales sur la galerie d'art en ligne Artistics.\",\"breadcrumb\":{\"@id\":\"https:\\\/\\\/artistics.com\\\/fr\\\/oeuvre\\\/artifact-iv-white-rhinoceros-2024\\\/#breadcrumb\"},\"inLanguage\":\"fr-FR\",\"potentialAction\":[{\"@type\":\"ReadAction\",\"target\":[\"https:\\\/\\\/artistics.com\\\/fr\\\/oeuvre\\\/artifact-iv-white-rhinoceros-2024\\\/\"]}]},{\"@type\":\"ImageObject\",\"inLanguage\":\"fr-FR\",\"@id\":\"https:\\\/\\\/artistics.com\\\/fr\\\/oeuvre\\\/artifact-iv-white-rhinoceros-2024\\\/#primaryimage\",\"url\":\"https:\\\/\\\/artistics.com\\\/wp-content\\\/uploads\\\/2024\\\/07\\\/artifact-iv-white-rhinoceros-photograph-by-brad-wilson.jpg\",\"contentUrl\":\"https:\\\/\\\/artistics.com\\\/wp-content\\\/uploads\\\/2024\\\/07\\\/artifact-iv-white-rhinoceros-photograph-by-brad-wilson.jpg\",\"width\":1900,\"height\":1267},{\"@type\":\"BreadcrumbList\",\"@id\":\"https:\\\/\\\/artistics.com\\\/fr\\\/oeuvre\\\/artifact-iv-white-rhinoceros-2024\\\/#breadcrumb\",\"itemListElement\":[{\"@type\":\"ListItem\",\"position\":1,\"name\":\"Achat \u0153uvre d'art\",\"item\":\"https:\\\/\\\/artistics.com\\\/fr\\\/\"},{\"@type\":\"ListItem\",\"position\":2,\"name\":\"Galerie\",\"item\":\"https:\\\/\\\/artistics.com\\\/fr\\\/galerie\\\/\"},{\"@type\":\"ListItem\",\"position\":3,\"name\":\"Photographie contemporaine\",\"item\":\"https:\\\/\\\/artistics.com\\\/fr\\\/categorie-oeuvre\\\/photographie-contemporaine\\\/\"},{\"@type\":\"ListItem\",\"position\":4,\"name\":\"Artifact IV, White Rhinoceros, 2024\"}]},{\"@type\":\"WebSite\",\"@id\":\"https:\\\/\\\/artistics.com\\\/fr\\\/#website\",\"url\":\"https:\\\/\\\/artistics.com\\\/fr\\\/\",\"name\":\"Artistics\",\"description\":\"The online art gallery\",\"publisher\":{\"@id\":\"https:\\\/\\\/artistics.com\\\/fr\\\/#organization\"},\"potentialAction\":[{\"@type\":\"SearchAction\",\"target\":{\"@type\":\"EntryPoint\",\"urlTemplate\":\"https:\\\/\\\/artistics.com\\\/fr\\\/?s={search_term_string}\"},\"query-input\":{\"@type\":\"PropertyValueSpecification\",\"valueRequired\":true,\"valueName\":\"search_term_string\"}}],\"inLanguage\":\"fr-FR\"},{\"@type\":\"Organization\",\"@id\":\"https:\\\/\\\/artistics.com\\\/fr\\\/#organization\",\"name\":\"Artistics\",\"url\":\"https:\\\/\\\/artistics.com\\\/fr\\\/\",\"logo\":{\"@type\":\"ImageObject\",\"inLanguage\":\"fr-FR\",\"@id\":\"https:\\\/\\\/artistics.com\\\/fr\\\/#\\\/schema\\\/logo\\\/image\\\/\",\"url\":\"https:\\\/\\\/artistics.com\\\/wp-content\\\/uploads\\\/2023\\\/02\\\/artistics-logo-web-1.svg\",\"contentUrl\":\"https:\\\/\\\/artistics.com\\\/wp-content\\\/uploads\\\/2023\\\/02\\\/artistics-logo-web-1.svg\",\"caption\":\"Artistics\"},\"image\":{\"@id\":\"https:\\\/\\\/artistics.com\\\/fr\\\/#\\\/schema\\\/logo\\\/image\\\/\"},\"sameAs\":[\"https:\\\/\\\/www.facebook.com\\\/ArtisticsMag\",\"https:\\\/\\\/x.com\\\/Artistics_FR\",\"http:\\\/\\\/www.linkedin.com\\\/company\\\/artistics\",\"https:\\\/\\\/www.instagram.com\\\/artistics_com\\\/\",\"http:\\\/\\\/www.pinterest.com\\\/ArtisticsMag\"],\"hasMerchantReturnPolicy\":{\"@type\":\"MerchantReturnPolicy\",\"merchantReturnLink\":\"https:\\\/\\\/artistics.com\\\/free-return-policy\\\/\"}}]}<\/script>\n<meta property=\"og:availability\" content=\"instock\" \/>\n<meta property=\"product:availability\" content=\"instock\" \/>\n<meta property=\"product:retailer_item_id\" content=\"9051-5\" \/>\n<meta property=\"product:condition\" content=\"new\" \/>\n<!-- \/ Yoast SEO Premium plugin. -->","yoast_head_json":{"title":"Artistics | Artifact IV, White Rhinoceros, 2024 par Brad Wilson - Photographie contemporaine","description":"Artifact IV, White Rhinoceros, 2024 par Brad Wilson - achat d'\u0153uvres d'art contemporain originales sur la galerie d'art en ligne Artistics.","robots":{"index":"index","follow":"follow","max-snippet":"max-snippet:-1","max-image-preview":"max-image-preview:large","max-video-preview":"max-video-preview:-1"},"canonical":"https:\/\/artistics.com\/fr\/oeuvre\/artifact-iv-white-rhinoceros-2024\/","og_locale":"fr_FR","og_type":"article","og_title":"Artifact IV, White Rhinoceros, 2024","og_description":"Artifact IV, White Rhinoceros, 2024 par Brad Wilson - achat d'\u0153uvres d'art contemporain originales sur la galerie d'art en ligne Artistics.","og_url":"https:\/\/artistics.com\/fr\/oeuvre\/artifact-iv-white-rhinoceros-2024\/","og_site_name":"Artistics","article_publisher":"https:\/\/www.facebook.com\/ArtisticsMag","article_modified_time":"2024-07-05T09:09:16+00:00","og_image":[{"width":1900,"height":1267,"url":"https:\/\/artistics.com\/wp-content\/uploads\/2024\/07\/artifact-iv-white-rhinoceros-photograph-by-brad-wilson.jpg","type":"image\/jpeg"}],"twitter_card":"summary_large_image","twitter_site":"@Artistics_FR","twitter_misc":{"Disponibilit\u00e9":"En stock"},"schema":{"@context":"https:\/\/schema.org","@graph":[{"@type":["WebPage","ItemPage"],"@id":"https:\/\/artistics.com\/fr\/oeuvre\/artifact-iv-white-rhinoceros-2024\/","url":"https:\/\/artistics.com\/fr\/oeuvre\/artifact-iv-white-rhinoceros-2024\/","name":"Artistics | Artifact IV, White Rhinoceros, 2024 par Brad Wilson - Photographie contemporaine","isPartOf":{"@id":"https:\/\/artistics.com\/fr\/#website"},"primaryImageOfPage":{"@id":"https:\/\/artistics.com\/fr\/oeuvre\/artifact-iv-white-rhinoceros-2024\/#primaryimage"},"image":{"@id":"https:\/\/artistics.com\/fr\/oeuvre\/artifact-iv-white-rhinoceros-2024\/#primaryimage"},"thumbnailUrl":"https:\/\/artistics.com\/wp-content\/uploads\/2024\/07\/artifact-iv-white-rhinoceros-photograph-by-brad-wilson.jpg","datePublished":"2024-07-02T09:43:25+00:00","dateModified":"2024-07-05T09:09:16+00:00","description":"Artifact IV, White Rhinoceros, 2024 par Brad Wilson - achat d'\u0153uvres d'art contemporain originales sur la galerie d'art en ligne Artistics.","breadcrumb":{"@id":"https:\/\/artistics.com\/fr\/oeuvre\/artifact-iv-white-rhinoceros-2024\/#breadcrumb"},"inLanguage":"fr-FR","potentialAction":[{"@type":"ReadAction","target":["https:\/\/artistics.com\/fr\/oeuvre\/artifact-iv-white-rhinoceros-2024\/"]}]},{"@type":"ImageObject","inLanguage":"fr-FR","@id":"https:\/\/artistics.com\/fr\/oeuvre\/artifact-iv-white-rhinoceros-2024\/#primaryimage","url":"https:\/\/artistics.com\/wp-content\/uploads\/2024\/07\/artifact-iv-white-rhinoceros-photograph-by-brad-wilson.jpg","contentUrl":"https:\/\/artistics.com\/wp-content\/uploads\/2024\/07\/artifact-iv-white-rhinoceros-photograph-by-brad-wilson.jpg","width":1900,"height":1267},{"@type":"BreadcrumbList","@id":"https:\/\/artistics.com\/fr\/oeuvre\/artifact-iv-white-rhinoceros-2024\/#breadcrumb","itemListElement":[{"@type":"ListItem","position":1,"name":"Achat \u0153uvre d'art","item":"https:\/\/artistics.com\/fr\/"},{"@type":"ListItem","position":2,"name":"Galerie","item":"https:\/\/artistics.com\/fr\/galerie\/"},{"@type":"ListItem","position":3,"name":"Photographie contemporaine","item":"https:\/\/artistics.com\/fr\/categorie-oeuvre\/photographie-contemporaine\/"},{"@type":"ListItem","position":4,"name":"Artifact IV, White Rhinoceros, 2024"}]},{"@type":"WebSite","@id":"https:\/\/artistics.com\/fr\/#website","url":"https:\/\/artistics.com\/fr\/","name":"Artistics","description":"The online art gallery","publisher":{"@id":"https:\/\/artistics.com\/fr\/#organization"},"potentialAction":[{"@type":"SearchAction","target":{"@type":"EntryPoint","urlTemplate":"https:\/\/artistics.com\/fr\/?s={search_term_string}"},"query-input":{"@type":"PropertyValueSpecification","valueRequired":true,"valueName":"search_term_string"}}],"inLanguage":"fr-FR"},{"@type":"Organization","@id":"https:\/\/artistics.com\/fr\/#organization","name":"Artistics","url":"https:\/\/artistics.com\/fr\/","logo":{"@type":"ImageObject","inLanguage":"fr-FR","@id":"https:\/\/artistics.com\/fr\/#\/schema\/logo\/image\/","url":"https:\/\/artistics.com\/wp-content\/uploads\/2023\/02\/artistics-logo-web-1.svg","contentUrl":"https:\/\/artistics.com\/wp-content\/uploads\/2023\/02\/artistics-logo-web-1.svg","caption":"Artistics"},"image":{"@id":"https:\/\/artistics.com\/fr\/#\/schema\/logo\/image\/"},"sameAs":["https:\/\/www.facebook.com\/ArtisticsMag","https:\/\/x.com\/Artistics_FR","http:\/\/www.linkedin.com\/company\/artistics","https:\/\/www.instagram.com\/artistics_com\/","http:\/\/www.pinterest.com\/ArtisticsMag"],"hasMerchantReturnPolicy":{"@type":"MerchantReturnPolicy","merchantReturnLink":"https:\/\/artistics.com\/free-return-policy\/"}}]},"og_availability":"instock","product_availability":"instock","product_retailer_item_id":"9051-5","product_condition":"new"},"_links":{"self":[{"href":"https:\/\/artistics.com\/fr\/wp-json\/wp\/v2\/product\/58877","targetHints":{"allow":["GET"]}}],"collection":[{"href":"https:\/\/artistics.com\/fr\/wp-json\/wp\/v2\/product"}],"about":[{"href":"https:\/\/artistics.com\/fr\/wp-json\/wp\/v2\/types\/product"}],"acf:term":[{"embeddable":true,"taxonomy":"series","href":"https:\/\/artistics.com\/fr\/wp-json\/wp\/v2\/series\/2332"},{"embeddable":true,"taxonomy":"product_tag","href":"https:\/\/artistics.com\/fr\/wp-json\/wp\/v2\/product_tag\/568"},{"embeddable":true,"taxonomy":"product_cat","href":"https:\/\/artistics.com\/fr\/wp-json\/wp\/v2\/product_cat\/235"},{"embeddable":true,"taxonomy":"product_cat","href":"https:\/\/artistics.com\/fr\/wp-json\/wp\/v2\/product_cat\/216"},{"embeddable":true,"taxonomy":"product_cat","href":"https:\/\/artistics.com\/fr\/wp-json\/wp\/v2\/product_cat\/190"},{"embeddable":true,"taxonomy":"product_cat","href":"https:\/\/artistics.com\/fr\/wp-json\/wp\/v2\/product_cat\/201"},{"embeddable":true,"taxonomy":"product_cat","href":"https:\/\/artistics.com\/fr\/wp-json\/wp\/v2\/product_cat\/418"},{"embeddable":true,"taxonomy":"product_cat","href":"https:\/\/artistics.com\/fr\/wp-json\/wp\/v2\/product_cat\/2173"},{"embeddable":true,"taxonomy":"product_cat","href":"https:\/\/artistics.com\/fr\/wp-json\/wp\/v2\/product_cat\/199"},{"embeddable":true,"taxonomy":"product_cat","href":"https:\/\/artistics.com\/fr\/wp-json\/wp\/v2\/product_cat\/163"}],"acf:post":[{"embeddable":true,"href":"https:\/\/artistics.com\/fr\/wp-json\/wp\/v2\/artist\/2786"}],"wp:featuredmedia":[{"embeddable":true,"href":"https:\/\/artistics.com\/fr\/wp-json\/wp\/v2\/media\/58791"}],"wp:attachment":[{"href":"https:\/\/artistics.com\/fr\/wp-json\/wp\/v2\/media?parent=58877"}],"wp:term":[{"taxonomy":"product_cat","embeddable":true,"href":"https:\/\/artistics.com\/fr\/wp-json\/wp\/v2\/product_cat?post=58877"},{"taxonomy":"product_tag","embeddable":true,"href":"https:\/\/artistics.com\/fr\/wp-json\/wp\/v2\/product_tag?post=58877"},{"taxonomy":"series","embeddable":true,"href":"https:\/\/artistics.com\/fr\/wp-json\/wp\/v2\/series?post=58877"}],"curies":[{"name":"wp","href":"https:\/\/api.w.org\/{rel}","templated":true}]}}