{"id":57276,"date":"2024-06-12T13:02:17","date_gmt":"2024-06-12T11:02:17","guid":{"rendered":"https:\/\/artistics.com\/?post_type=product&#038;p=57276"},"modified":"2024-06-13T15:14:19","modified_gmt":"2024-06-13T13:14:19","slug":"hotel-des-cabines-n1","status":"publish","type":"product","link":"https:\/\/artistics.com\/fr\/oeuvre\/hotel-des-cabines-n1\/","title":{"rendered":"H\u00f4tel des Cabines n\u00b01"},"content":{"rendered":"","protected":false},"excerpt":{"rendered":"","protected":false},"featured_media":57198,"template":"","meta":{"_acf_changed":false,"_searchwp_excluded":"","inline_featured_image":false},"product_cat":[428,235,2173,216,163,419,196,227],"product_tag":[513,570],"series":[2307],"class_list":{"0":"post-57276","1":"product","2":"type-product","3":"status-publish","4":"has-post-thumbnail","6":"product_cat-couleurs-neutres","7":"product_cat-de-1000-a-3000-e","8":"product_cat-mise-en-scene-photographique","9":"product_cat-moyen","10":"product_cat-photographie-contemporaine","11":"product_cat-portrait-photographique","12":"product_cat-portrait-et-figure","13":"product_cat-tons-clairs","14":"product_tag-femme","15":"product_tag-rose","16":"series-camille-brasselet-chemin-creux-fr","18":"first","19":"instock","20":"shipping-taxable","21":"purchasable","22":"product-type-variable","23":"has-default-attributes"},"acf":{"artwork_artist":[39916],"artwork_medium":163,"artwork_categories":[2173,419],"artwork_overall-tones":[227,428],"artwork_main-material":[],"artwork_art-genre":[196],"artwork_art-movement":[],"artwork_miscellaneous":[],"artwork_formats":[216,216],"artwork_price-ranges":[235],"artwork_main_subject":[513],"artwork_technique":[],"artwork_featured_location":[],"artwork_dominant_color":[570],"artwork_physical_attributes":[],"artwork_creation_date":"20240101","artwork_unique_piece":false,"artwork_description":"Tirage pigmentaire sur papier fine art","artwork_signature":"\u0152uvre sign\u00e9e","artwork_authenticity":"L\u2019\u0153uvre est vendue avec un certificat d\u2019authenticit\u00e9 sign\u00e9 par l\u2019artiste.","artwork_framing":"unframed","artwork_has_custom_framing_info":true,"artwork_custom_framing_info":"L\u2019\u0153uvre est vendue non encadr\u00e9e (contactez-nous pour toute demande sp\u00e9cifique).","artwork_location_country":"","artwork_location_city":"","artwork_location_zipcode":"","artwork_shipment_type":"2D_rolled_artwork","artwork_shipping_delivery":"photography_production_time","artwork_has_custom_shipping_delivery_info":false,"artwork_custom_shipping_delivery_info":"Not specified","artwork_360_view_url":"","artwork_video_url":"","artwork_video_format":[],"artwork_preview_type":"auto","artwork_reserved":false,"artwork_hide_price":false,"artwork_about":"<strong><em>H\u00f4tel des Cabines n\u00b01 <\/em><\/strong>est une photographie de l\u2019artiste contemporaine fran\u00e7aise Camille Brasselet issue de la s\u00e9rie \u00ab\u00a0<i>Chemin creux<\/i>\u00a0\u00bb.\r\n<p class=\"x_MsoNormal\">La s\u00e9rie a \u00e9t\u00e9 con\u00e7ue et d\u00e9velopp\u00e9e pendant une r\u00e9sidence de l\u2019artiste \u00e0 Houlgate, ville et station baln\u00e9aire de la Normandie. Elle a ensuite \u00e9t\u00e9 pr\u00e9sent\u00e9e \u00e0 la 7<sup>\u00e8me<\/sup>\u00a0\u00e9dition du Festival LES FEMMES S\u2019EXPOSENT (7 juin \u2013 1 septembre 2024), un \u00e9v\u00e9nement qui souhaite valoriser et r\u00e9compenser les travaux des femmes photographes professionnelles.<\/p>\r\n<p class=\"x_MsoNormal\">Camille Brasselet explique ainsi la s\u00e9rie : \u00ab\u00a0<i>En partant de la traduction \u00e9tymologique de Houlgate comme un \u00ab chemin creux \u00bb, je souhaitais cr\u00e9er une autofiction en apportant un regard singulier sur cette ville maritime de Normandie. Ayant grandi dans cette r\u00e9gion, ces paysages restent pour moi un ancrage fort. Par l\u2019architecture iconique de Houlgate, les lieux prennent une place centrale au sein des images. Le cadre hivernal avec les espaces touristiques vides, les volets ferm\u00e9s et le silence qui r\u00e9sonne sont une opportunit\u00e9 de montrer l\u2019envers du d\u00e9cor. Houlgate d\u00e9voile l\u2019ambigu\u00eft\u00e9 entre r\u00e9el et fiction, comme un d\u00e9cor fabriqu\u00e9 de toutes pi\u00e8ces. Le \u00ab chemin creux \u00bb \u00e9voque le paradoxe d\u2019une errance o\u00f9 le personnage cherche sa place : en m\u00eame temps alter ego aveugle \u00e0 la connaissance de ce lieu et petite fille qui cherche \u00e0 retrouver les traces de son pass\u00e9.<\/i>\u00a0\u00bb<\/p>\r\n<p class=\"x_MsoNormal\">Dans les tableaux photographiques de Camille Brasselet, il n\u2019y a ni d\u00e9but, ni fin, seulement un moment suspendu qu\u2019elle fa\u00e7onne en restant \u00e0 la fronti\u00e8re poreuse, souvent mouvante, entre la r\u00e9alit\u00e9 et la fiction. De photographie en photographie, l\u2019artiste contemporaine explore des bribes d\u2019histoires, des fragments de fictions. Ses personnages th\u00e9\u00e2traux, le plus souvent seuls, sont fig\u00e9s dans une position d\u2019attente.<\/p>\r\n<p class=\"x_MsoNormal\">L\u2019univers de Camille Brasselet est tr\u00e8s graphique. Des tons pastel qui pr\u00e9dominent, des compositions minimalistes rigoureuses, une implacable sym\u00e9trie et un attachement pour le choix de ses d\u00e9cors le caract\u00e9risent. La photographe contemporaine r\u00e9sume : \u00ab\u00a0<i>Tout ce qui entre dans mon cadre est pens\u00e9<\/i>. \u00bb<\/p>\r\n<p class=\"x_MsoNormal\">L\u2019\u0153uvre est disponible en deux formats : 50 x 75 cm et 80 x 120 cm (formats sans marges). Il existe 15 \u00e9ditions de la photographie tous formats confondus.<\/p>\r\n<p class=\"x_MsoNormal\">Le prix indiqu\u00e9 correspond au tirage seul, vendu non mont\u00e9 et non encadr\u00e9. L\u2019artiste sugg\u00e8re pour cette s\u00e9rie un encadrement bois avec avec contrecollage forex 2\/3mm et verre anti-reflets. Pour toute demande particuli\u00e8re concernant le montage ou l\u2019encadrement, merci de nous contacter.<\/p>","artwork_series":[2307],"artwork_query_group":"10","artwork_lowest_grid_position":1,"artwork_random_position":1917087,"explicit_sensitive_content":false,"drupal_id":""},"yoast_head":"<!-- This site is optimized with the Yoast SEO Premium plugin v27.3 (Yoast SEO v27.3) - https:\/\/yoast.com\/product\/yoast-seo-premium-wordpress\/ -->\n<title>H\u00f4tel des Cabines n\u00b01 par Camille Brasselet - Photographie contemporaine | Artistics<\/title>\n<meta name=\"description\" content=\"H\u00f4tel des Cabines n\u00b01 par Camille Brasselet - achetez en ligne cette \u0153uvre d\u2019art originale avec son certificat d\u2019authenticit\u00e9 et b\u00e9n\u00e9ficiez de notre service premium.\" \/>\n<meta name=\"robots\" content=\"index, follow, max-snippet:-1, max-image-preview:large, max-video-preview:-1\" \/>\n<link rel=\"canonical\" href=\"https:\/\/artistics.com\/fr\/oeuvre\/hotel-des-cabines-n1\/\" \/>\n<meta property=\"og:locale\" content=\"fr_FR\" \/>\n<meta property=\"og:type\" content=\"article\" \/>\n<meta property=\"og:title\" content=\"H\u00f4tel des Cabines n\u00b01\" \/>\n<meta property=\"og:description\" content=\"H\u00f4tel des Cabines n\u00b01 par Camille Brasselet - achetez en ligne cette \u0153uvre d\u2019art originale avec son certificat d\u2019authenticit\u00e9 et b\u00e9n\u00e9ficiez de notre service premium.\" \/>\n<meta property=\"og:url\" content=\"https:\/\/artistics.com\/fr\/oeuvre\/hotel-des-cabines-n1\/\" \/>\n<meta property=\"og:site_name\" content=\"Artistics\" \/>\n<meta property=\"article:publisher\" content=\"https:\/\/www.facebook.com\/ArtisticsMag\" \/>\n<meta property=\"article:modified_time\" content=\"2024-06-13T13:14:19+00:00\" \/>\n<meta property=\"og:image\" content=\"https:\/\/artistics.com\/wp-content\/uploads\/2024\/06\/hotel-des-cabines-n1-photo-by-camille-brasselet-1024x683.jpg\" \/>\n\t<meta property=\"og:image:width\" content=\"1024\" \/>\n\t<meta property=\"og:image:height\" content=\"683\" \/>\n\t<meta property=\"og:image:type\" content=\"image\/jpeg\" \/>\n<meta name=\"twitter:card\" content=\"summary_large_image\" \/>\n<meta name=\"twitter:site\" content=\"@Artistics_FR\" \/>\n<meta name=\"twitter:label1\" content=\"Disponibilit\u00e9\" \/>\n\t<meta name=\"twitter:data1\" content=\"En stock\" \/>\n<script type=\"application\/ld+json\" class=\"yoast-schema-graph\">{\"@context\":\"https:\\\/\\\/schema.org\",\"@graph\":[{\"@type\":[\"WebPage\",\"ItemPage\"],\"@id\":\"https:\\\/\\\/artistics.com\\\/fr\\\/oeuvre\\\/hotel-des-cabines-n1\\\/\",\"url\":\"https:\\\/\\\/artistics.com\\\/fr\\\/oeuvre\\\/hotel-des-cabines-n1\\\/\",\"name\":\"H\u00f4tel des Cabines n\u00b01 par Camille Brasselet - Photographie contemporaine | Artistics\",\"isPartOf\":{\"@id\":\"https:\\\/\\\/artistics.com\\\/fr\\\/#website\"},\"primaryImageOfPage\":{\"@id\":\"https:\\\/\\\/artistics.com\\\/fr\\\/oeuvre\\\/hotel-des-cabines-n1\\\/#primaryimage\"},\"image\":{\"@id\":\"https:\\\/\\\/artistics.com\\\/fr\\\/oeuvre\\\/hotel-des-cabines-n1\\\/#primaryimage\"},\"thumbnailUrl\":\"https:\\\/\\\/artistics.com\\\/wp-content\\\/uploads\\\/2024\\\/06\\\/hotel-des-cabines-n1-photo-by-camille-brasselet.jpg\",\"datePublished\":\"2024-06-12T11:02:17+00:00\",\"dateModified\":\"2024-06-13T13:14:19+00:00\",\"description\":\"H\u00f4tel des Cabines n\u00b01 par Camille Brasselet - achetez en ligne cette \u0153uvre d\u2019art originale avec son certificat d\u2019authenticit\u00e9 et b\u00e9n\u00e9ficiez de notre service premium.\",\"breadcrumb\":{\"@id\":\"https:\\\/\\\/artistics.com\\\/fr\\\/oeuvre\\\/hotel-des-cabines-n1\\\/#breadcrumb\"},\"inLanguage\":\"fr-FR\",\"potentialAction\":[{\"@type\":\"ReadAction\",\"target\":[\"https:\\\/\\\/artistics.com\\\/fr\\\/oeuvre\\\/hotel-des-cabines-n1\\\/\"]}]},{\"@type\":\"ImageObject\",\"inLanguage\":\"fr-FR\",\"@id\":\"https:\\\/\\\/artistics.com\\\/fr\\\/oeuvre\\\/hotel-des-cabines-n1\\\/#primaryimage\",\"url\":\"https:\\\/\\\/artistics.com\\\/wp-content\\\/uploads\\\/2024\\\/06\\\/hotel-des-cabines-n1-photo-by-camille-brasselet.jpg\",\"contentUrl\":\"https:\\\/\\\/artistics.com\\\/wp-content\\\/uploads\\\/2024\\\/06\\\/hotel-des-cabines-n1-photo-by-camille-brasselet.jpg\",\"width\":2560,\"height\":1707},{\"@type\":\"BreadcrumbList\",\"@id\":\"https:\\\/\\\/artistics.com\\\/fr\\\/oeuvre\\\/hotel-des-cabines-n1\\\/#breadcrumb\",\"itemListElement\":[{\"@type\":\"ListItem\",\"position\":1,\"name\":\"Achat \u0153uvre d'art\",\"item\":\"https:\\\/\\\/artistics.com\\\/fr\\\/\"},{\"@type\":\"ListItem\",\"position\":2,\"name\":\"Galerie\",\"item\":\"https:\\\/\\\/artistics.com\\\/fr\\\/galerie\\\/\"},{\"@type\":\"ListItem\",\"position\":3,\"name\":\"Photographie contemporaine\",\"item\":\"https:\\\/\\\/artistics.com\\\/fr\\\/categorie-oeuvre\\\/photographie-contemporaine\\\/\"},{\"@type\":\"ListItem\",\"position\":4,\"name\":\"H\u00f4tel des Cabines n\u00b01\"}]},{\"@type\":\"WebSite\",\"@id\":\"https:\\\/\\\/artistics.com\\\/fr\\\/#website\",\"url\":\"https:\\\/\\\/artistics.com\\\/fr\\\/\",\"name\":\"Artistics\",\"description\":\"The online art gallery\",\"publisher\":{\"@id\":\"https:\\\/\\\/artistics.com\\\/fr\\\/#organization\"},\"potentialAction\":[{\"@type\":\"SearchAction\",\"target\":{\"@type\":\"EntryPoint\",\"urlTemplate\":\"https:\\\/\\\/artistics.com\\\/fr\\\/?s={search_term_string}\"},\"query-input\":{\"@type\":\"PropertyValueSpecification\",\"valueRequired\":true,\"valueName\":\"search_term_string\"}}],\"inLanguage\":\"fr-FR\"},{\"@type\":\"Organization\",\"@id\":\"https:\\\/\\\/artistics.com\\\/fr\\\/#organization\",\"name\":\"Artistics\",\"url\":\"https:\\\/\\\/artistics.com\\\/fr\\\/\",\"logo\":{\"@type\":\"ImageObject\",\"inLanguage\":\"fr-FR\",\"@id\":\"https:\\\/\\\/artistics.com\\\/fr\\\/#\\\/schema\\\/logo\\\/image\\\/\",\"url\":\"https:\\\/\\\/artistics.com\\\/wp-content\\\/uploads\\\/2023\\\/02\\\/artistics-logo-web-1.svg\",\"contentUrl\":\"https:\\\/\\\/artistics.com\\\/wp-content\\\/uploads\\\/2023\\\/02\\\/artistics-logo-web-1.svg\",\"caption\":\"Artistics\"},\"image\":{\"@id\":\"https:\\\/\\\/artistics.com\\\/fr\\\/#\\\/schema\\\/logo\\\/image\\\/\"},\"sameAs\":[\"https:\\\/\\\/www.facebook.com\\\/ArtisticsMag\",\"https:\\\/\\\/x.com\\\/Artistics_FR\",\"http:\\\/\\\/www.linkedin.com\\\/company\\\/artistics\",\"https:\\\/\\\/www.instagram.com\\\/artistics_com\\\/\",\"http:\\\/\\\/www.pinterest.com\\\/ArtisticsMag\"],\"hasMerchantReturnPolicy\":{\"@type\":\"MerchantReturnPolicy\",\"merchantReturnLink\":\"https:\\\/\\\/artistics.com\\\/free-return-policy\\\/\"}}]}<\/script>\n<meta property=\"og:availability\" content=\"instock\" \/>\n<meta property=\"product:availability\" content=\"instock\" \/>\n<meta property=\"product:condition\" content=\"new\" \/>\n<!-- \/ Yoast SEO Premium plugin. -->","yoast_head_json":{"title":"H\u00f4tel des Cabines n\u00b01 par Camille Brasselet - Photographie contemporaine | Artistics","description":"H\u00f4tel des Cabines n\u00b01 par Camille Brasselet - achetez en ligne cette \u0153uvre d\u2019art originale avec son certificat d\u2019authenticit\u00e9 et b\u00e9n\u00e9ficiez de notre service premium.","robots":{"index":"index","follow":"follow","max-snippet":"max-snippet:-1","max-image-preview":"max-image-preview:large","max-video-preview":"max-video-preview:-1"},"canonical":"https:\/\/artistics.com\/fr\/oeuvre\/hotel-des-cabines-n1\/","og_locale":"fr_FR","og_type":"article","og_title":"H\u00f4tel des Cabines n\u00b01","og_description":"H\u00f4tel des Cabines n\u00b01 par Camille Brasselet - achetez en ligne cette \u0153uvre d\u2019art originale avec son certificat d\u2019authenticit\u00e9 et b\u00e9n\u00e9ficiez de notre service premium.","og_url":"https:\/\/artistics.com\/fr\/oeuvre\/hotel-des-cabines-n1\/","og_site_name":"Artistics","article_publisher":"https:\/\/www.facebook.com\/ArtisticsMag","article_modified_time":"2024-06-13T13:14:19+00:00","og_image":[{"width":1024,"height":683,"url":"https:\/\/artistics.com\/wp-content\/uploads\/2024\/06\/hotel-des-cabines-n1-photo-by-camille-brasselet-1024x683.jpg","type":"image\/jpeg"}],"twitter_card":"summary_large_image","twitter_site":"@Artistics_FR","twitter_misc":{"Disponibilit\u00e9":"En stock"},"schema":{"@context":"https:\/\/schema.org","@graph":[{"@type":["WebPage","ItemPage"],"@id":"https:\/\/artistics.com\/fr\/oeuvre\/hotel-des-cabines-n1\/","url":"https:\/\/artistics.com\/fr\/oeuvre\/hotel-des-cabines-n1\/","name":"H\u00f4tel des Cabines n\u00b01 par Camille Brasselet - Photographie contemporaine | Artistics","isPartOf":{"@id":"https:\/\/artistics.com\/fr\/#website"},"primaryImageOfPage":{"@id":"https:\/\/artistics.com\/fr\/oeuvre\/hotel-des-cabines-n1\/#primaryimage"},"image":{"@id":"https:\/\/artistics.com\/fr\/oeuvre\/hotel-des-cabines-n1\/#primaryimage"},"thumbnailUrl":"https:\/\/artistics.com\/wp-content\/uploads\/2024\/06\/hotel-des-cabines-n1-photo-by-camille-brasselet.jpg","datePublished":"2024-06-12T11:02:17+00:00","dateModified":"2024-06-13T13:14:19+00:00","description":"H\u00f4tel des Cabines n\u00b01 par Camille Brasselet - achetez en ligne cette \u0153uvre d\u2019art originale avec son certificat d\u2019authenticit\u00e9 et b\u00e9n\u00e9ficiez de notre service premium.","breadcrumb":{"@id":"https:\/\/artistics.com\/fr\/oeuvre\/hotel-des-cabines-n1\/#breadcrumb"},"inLanguage":"fr-FR","potentialAction":[{"@type":"ReadAction","target":["https:\/\/artistics.com\/fr\/oeuvre\/hotel-des-cabines-n1\/"]}]},{"@type":"ImageObject","inLanguage":"fr-FR","@id":"https:\/\/artistics.com\/fr\/oeuvre\/hotel-des-cabines-n1\/#primaryimage","url":"https:\/\/artistics.com\/wp-content\/uploads\/2024\/06\/hotel-des-cabines-n1-photo-by-camille-brasselet.jpg","contentUrl":"https:\/\/artistics.com\/wp-content\/uploads\/2024\/06\/hotel-des-cabines-n1-photo-by-camille-brasselet.jpg","width":2560,"height":1707},{"@type":"BreadcrumbList","@id":"https:\/\/artistics.com\/fr\/oeuvre\/hotel-des-cabines-n1\/#breadcrumb","itemListElement":[{"@type":"ListItem","position":1,"name":"Achat \u0153uvre d'art","item":"https:\/\/artistics.com\/fr\/"},{"@type":"ListItem","position":2,"name":"Galerie","item":"https:\/\/artistics.com\/fr\/galerie\/"},{"@type":"ListItem","position":3,"name":"Photographie contemporaine","item":"https:\/\/artistics.com\/fr\/categorie-oeuvre\/photographie-contemporaine\/"},{"@type":"ListItem","position":4,"name":"H\u00f4tel des Cabines n\u00b01"}]},{"@type":"WebSite","@id":"https:\/\/artistics.com\/fr\/#website","url":"https:\/\/artistics.com\/fr\/","name":"Artistics","description":"The online art gallery","publisher":{"@id":"https:\/\/artistics.com\/fr\/#organization"},"potentialAction":[{"@type":"SearchAction","target":{"@type":"EntryPoint","urlTemplate":"https:\/\/artistics.com\/fr\/?s={search_term_string}"},"query-input":{"@type":"PropertyValueSpecification","valueRequired":true,"valueName":"search_term_string"}}],"inLanguage":"fr-FR"},{"@type":"Organization","@id":"https:\/\/artistics.com\/fr\/#organization","name":"Artistics","url":"https:\/\/artistics.com\/fr\/","logo":{"@type":"ImageObject","inLanguage":"fr-FR","@id":"https:\/\/artistics.com\/fr\/#\/schema\/logo\/image\/","url":"https:\/\/artistics.com\/wp-content\/uploads\/2023\/02\/artistics-logo-web-1.svg","contentUrl":"https:\/\/artistics.com\/wp-content\/uploads\/2023\/02\/artistics-logo-web-1.svg","caption":"Artistics"},"image":{"@id":"https:\/\/artistics.com\/fr\/#\/schema\/logo\/image\/"},"sameAs":["https:\/\/www.facebook.com\/ArtisticsMag","https:\/\/x.com\/Artistics_FR","http:\/\/www.linkedin.com\/company\/artistics","https:\/\/www.instagram.com\/artistics_com\/","http:\/\/www.pinterest.com\/ArtisticsMag"],"hasMerchantReturnPolicy":{"@type":"MerchantReturnPolicy","merchantReturnLink":"https:\/\/artistics.com\/free-return-policy\/"}}]},"og_availability":"instock","product_availability":"instock","product_condition":"new"},"_links":{"self":[{"href":"https:\/\/artistics.com\/fr\/wp-json\/wp\/v2\/product\/57276","targetHints":{"allow":["GET"]}}],"collection":[{"href":"https:\/\/artistics.com\/fr\/wp-json\/wp\/v2\/product"}],"about":[{"href":"https:\/\/artistics.com\/fr\/wp-json\/wp\/v2\/types\/product"}],"acf:term":[{"embeddable":true,"taxonomy":"series","href":"https:\/\/artistics.com\/fr\/wp-json\/wp\/v2\/series\/2307"},{"embeddable":true,"taxonomy":"product_tag","href":"https:\/\/artistics.com\/fr\/wp-json\/wp\/v2\/product_tag\/570"},{"embeddable":true,"taxonomy":"product_tag","href":"https:\/\/artistics.com\/fr\/wp-json\/wp\/v2\/product_tag\/513"},{"embeddable":true,"taxonomy":"product_cat","href":"https:\/\/artistics.com\/fr\/wp-json\/wp\/v2\/product_cat\/235"},{"embeddable":true,"taxonomy":"product_cat","href":"https:\/\/artistics.com\/fr\/wp-json\/wp\/v2\/product_cat\/216"},{"embeddable":true,"taxonomy":"product_cat","href":"https:\/\/artistics.com\/fr\/wp-json\/wp\/v2\/product_cat\/196"},{"embeddable":true,"taxonomy":"product_cat","href":"https:\/\/artistics.com\/fr\/wp-json\/wp\/v2\/product_cat\/428"},{"embeddable":true,"taxonomy":"product_cat","href":"https:\/\/artistics.com\/fr\/wp-json\/wp\/v2\/product_cat\/227"},{"embeddable":true,"taxonomy":"product_cat","href":"https:\/\/artistics.com\/fr\/wp-json\/wp\/v2\/product_cat\/419"},{"embeddable":true,"taxonomy":"product_cat","href":"https:\/\/artistics.com\/fr\/wp-json\/wp\/v2\/product_cat\/2173"},{"embeddable":true,"taxonomy":"product_cat","href":"https:\/\/artistics.com\/fr\/wp-json\/wp\/v2\/product_cat\/163"}],"acf:post":[{"embeddable":true,"href":"https:\/\/artistics.com\/fr\/wp-json\/wp\/v2\/artist\/39916"}],"wp:featuredmedia":[{"embeddable":true,"href":"https:\/\/artistics.com\/fr\/wp-json\/wp\/v2\/media\/57198"}],"wp:attachment":[{"href":"https:\/\/artistics.com\/fr\/wp-json\/wp\/v2\/media?parent=57276"}],"wp:term":[{"taxonomy":"product_cat","embeddable":true,"href":"https:\/\/artistics.com\/fr\/wp-json\/wp\/v2\/product_cat?post=57276"},{"taxonomy":"product_tag","embeddable":true,"href":"https:\/\/artistics.com\/fr\/wp-json\/wp\/v2\/product_tag?post=57276"},{"taxonomy":"series","embeddable":true,"href":"https:\/\/artistics.com\/fr\/wp-json\/wp\/v2\/series?post=57276"}],"curies":[{"name":"wp","href":"https:\/\/api.w.org\/{rel}","templated":true}]}}