{"id":56818,"date":"2024-06-05T14:50:46","date_gmt":"2024-06-05T12:50:46","guid":{"rendered":"https:\/\/artistics.com\/?post_type=product&#038;p=56818"},"modified":"2024-06-07T11:34:17","modified_gmt":"2024-06-07T09:34:17","slug":"marronier-de-luxembourg","status":"publish","type":"product","link":"https:\/\/artistics.com\/fr\/oeuvre\/marronier-de-luxembourg\/","title":{"rendered":"Marronier de Luxembourg"},"content":{"rendered":"","protected":false},"excerpt":{"rendered":"","protected":false},"featured_media":56802,"template":"","meta":{"_acf_changed":false,"_searchwp_excluded":"","inline_featured_image":false},"product_cat":[192,228,237,194,2488,162,170,168,217,172],"product_tag":[504,535,342,542,571],"series":[2556],"class_list":{"0":"post-56818","1":"product","2":"type-product","3":"status-publish","4":"has-post-thumbnail","6":"product_cat-art-figuratif","7":"product_cat-couleurs-vives","8":"product_cat-moins-de-1000-e","9":"product_cat-nature-et-paysage","10":"product_cat-oeuvre-dart-asiatique","11":"product_cat-peinture-contemporaine","12":"product_cat-peinture-figurative","13":"product_cat-peinture-japonaise","14":"product_cat-petit","15":"product_cat-tableau-nature-et-paysage","16":"product_tag-arbre","17":"product_tag-encre","18":"product_tag-peinture-couleurs-vives","19":"product_tag-pigment-fr","20":"product_tag-rouge","21":"series-lumi-mizutani-fond-rouge","23":"first","24":"instock","25":"shipping-taxable","26":"purchasable","27":"product-type-simple"},"acf":{"artwork_artist":[2771],"artwork_medium":162,"artwork_categories":[170,172,168],"artwork_overall-tones":[228],"artwork_main-material":[],"artwork_art-genre":[194],"artwork_art-movement":[192,2488],"artwork_miscellaneous":[],"artwork_formats":[217],"artwork_price-ranges":[237],"artwork_main_subject":[504],"artwork_technique":[535,542],"artwork_featured_location":[],"artwork_dominant_color":[571],"artwork_physical_attributes":[342,342],"artwork_creation_date":"20180101","artwork_unique_piece":true,"artwork_description":"Pigments japonais, encre de Chine et feuilles d'argent noires sur carton japonais","artwork_signature":"\u0152uvre sign\u00e9e","artwork_authenticity":"L\u2019\u0153uvre est vendue avec un certificat d\u2019authenticit\u00e9 sign\u00e9 par l\u2019artiste.","artwork_framing":"framed","artwork_has_custom_framing_info":true,"artwork_custom_framing_info":"Cette \u0153uvre est vendue encadr\u00e9e (caisse am\u00e9ricaine noire). Dimensions de l\u2019\u0153uvre encadr\u00e9e : 18,7 cm x 17,2 cm","artwork_location_country":"FR","artwork_location_city":"Paris","artwork_location_zipcode":"75019","artwork_shipment_type":"2D_flat_artwork","artwork_shipping_delivery":"painting_immediate_availability","artwork_has_custom_shipping_delivery_info":false,"artwork_custom_shipping_delivery_info":"Not specified","artwork_360_view_url":"","artwork_video_url":"","artwork_video_format":[],"artwork_preview_type":"featured_image","artwork_reserved":false,"artwork_hide_price":false,"artwork_about":"<em><strong>L'autre rive<\/strong><\/em> est une peinture de l\u2019artiste contemporaine franco-japonaise Lumi Mizutani. Sur un fond rouge, elle a peint un arbre avec de l\u2019encre de Chine et des pigments japonais.\r\n\r\n\u00c0 travers ses peintures et ses compositions, Lumi Mizutani sublime les paysages naturels fran\u00e7ais et japonais et d\u00e9cline les saisons, les moments. Pruniers, cerisiers, pins, saules pleureurs\u2026 La nature et les arbres occupent une place tr\u00e8s importante dans son travail. Cette s\u00e9rie se caract\u00e9rise \u00e9galement par l\u2019usage de l\u2019encre de Chine et des pigments japonais associ\u00e9 \u00e0 des feuilles d\u2019argent.\r\n\r\n\u00ab <em>J\u2019ai ressenti le d\u00e9sir d\u2019introduire des couleurs, en particulier des pigments de couleur japonais, familiers \u00e0 mon enfance. La peinture japonaise est ainsi entr\u00e9e dans mon expression artistique et dans ma vie. Tout en respectant les techniques et codes ancestraux, je m\u2019efforce de cr\u00e9er une empreinte personnelle et actuelle qui interpelle le spectateur par l\u2019\u00e9motion qu\u2019elle suscite.<\/em> \u00bb\r\n\r\nCette \u0153uvre est vendue encadr\u00e9e (caisse am\u00e9ricaine noire). Dimensions de l\u2019\u0153uvre encadr\u00e9e : 18,7 cm x 17,2 cm.","artwork_series":[2556],"artwork_query_group":"20","artwork_lowest_grid_position":1,"artwork_random_position":295772,"explicit_sensitive_content":false,"drupal_id":"8749"},"yoast_head":"<!-- This site is optimized with the Yoast SEO Premium plugin v27.3 (Yoast SEO v27.3) - https:\/\/yoast.com\/product\/yoast-seo-premium-wordpress\/ -->\n<title>Artistics | Marronier de Luxembourg par Lumi Mizutani - Peinture contemporaine<\/title>\n<meta name=\"description\" content=\"Marronier de Luxembourg par Lumi Mizutani - achat d&#039;\u0153uvres d&#039;art contemporain originales sur la galerie d&#039;art en ligne Artistics.\" \/>\n<meta name=\"robots\" content=\"index, follow, max-snippet:-1, max-image-preview:large, max-video-preview:-1\" \/>\n<link rel=\"canonical\" href=\"https:\/\/artistics.com\/fr\/oeuvre\/marronier-de-luxembourg\/\" \/>\n<meta property=\"og:locale\" content=\"fr_FR\" \/>\n<meta property=\"og:type\" content=\"article\" \/>\n<meta property=\"og:title\" content=\"Marronier de Luxembourg\" \/>\n<meta property=\"og:description\" content=\"Marronier de Luxembourg par Lumi Mizutani - achat d&#039;\u0153uvres d&#039;art contemporain originales sur la galerie d&#039;art en ligne Artistics.\" \/>\n<meta property=\"og:url\" content=\"https:\/\/artistics.com\/fr\/oeuvre\/marronier-de-luxembourg\/\" \/>\n<meta property=\"og:site_name\" content=\"Artistics\" \/>\n<meta property=\"article:publisher\" content=\"https:\/\/www.facebook.com\/ArtisticsMag\" \/>\n<meta property=\"article:modified_time\" content=\"2024-06-07T09:34:17+00:00\" \/>\n<meta property=\"og:image\" content=\"https:\/\/artistics.com\/wp-content\/uploads\/2024\/06\/luxembourg-chestnut-tree-painting-by-lumi-mizutani-1-910x1024.jpg\" \/>\n\t<meta property=\"og:image:width\" content=\"910\" \/>\n\t<meta property=\"og:image:height\" content=\"1024\" \/>\n\t<meta property=\"og:image:type\" content=\"image\/jpeg\" \/>\n<meta name=\"twitter:card\" content=\"summary_large_image\" \/>\n<meta name=\"twitter:site\" content=\"@Artistics_FR\" \/>\n<meta name=\"twitter:label1\" content=\"Prix\" \/>\n\t<meta name=\"twitter:data1\" content=\"500&nbsp;&euro;\" \/>\n\t<meta name=\"twitter:label2\" content=\"Disponibilit\u00e9\" \/>\n\t<meta name=\"twitter:data2\" content=\"En stock\" \/>\n<script type=\"application\/ld+json\" class=\"yoast-schema-graph\">{\"@context\":\"https:\\\/\\\/schema.org\",\"@graph\":[{\"@type\":[\"WebPage\",\"ItemPage\"],\"@id\":\"https:\\\/\\\/artistics.com\\\/fr\\\/oeuvre\\\/marronier-de-luxembourg\\\/\",\"url\":\"https:\\\/\\\/artistics.com\\\/fr\\\/oeuvre\\\/marronier-de-luxembourg\\\/\",\"name\":\"Artistics | Marronier de Luxembourg par Lumi Mizutani - Peinture contemporaine\",\"isPartOf\":{\"@id\":\"https:\\\/\\\/artistics.com\\\/fr\\\/#website\"},\"primaryImageOfPage\":{\"@id\":\"https:\\\/\\\/artistics.com\\\/fr\\\/oeuvre\\\/marronier-de-luxembourg\\\/#primaryimage\"},\"image\":{\"@id\":\"https:\\\/\\\/artistics.com\\\/fr\\\/oeuvre\\\/marronier-de-luxembourg\\\/#primaryimage\"},\"thumbnailUrl\":\"https:\\\/\\\/artistics.com\\\/wp-content\\\/uploads\\\/2024\\\/06\\\/luxembourg-chestnut-tree-painting-by-lumi-mizutani-1.jpg\",\"datePublished\":\"2024-06-05T12:50:46+00:00\",\"dateModified\":\"2024-06-07T09:34:17+00:00\",\"description\":\"Marronier de Luxembourg par Lumi Mizutani - achat d'\u0153uvres d'art contemporain originales sur la galerie d'art en ligne Artistics.\",\"breadcrumb\":{\"@id\":\"https:\\\/\\\/artistics.com\\\/fr\\\/oeuvre\\\/marronier-de-luxembourg\\\/#breadcrumb\"},\"inLanguage\":\"fr-FR\",\"potentialAction\":[{\"@type\":\"ReadAction\",\"target\":[\"https:\\\/\\\/artistics.com\\\/fr\\\/oeuvre\\\/marronier-de-luxembourg\\\/\"]}]},{\"@type\":\"ImageObject\",\"inLanguage\":\"fr-FR\",\"@id\":\"https:\\\/\\\/artistics.com\\\/fr\\\/oeuvre\\\/marronier-de-luxembourg\\\/#primaryimage\",\"url\":\"https:\\\/\\\/artistics.com\\\/wp-content\\\/uploads\\\/2024\\\/06\\\/luxembourg-chestnut-tree-painting-by-lumi-mizutani-1.jpg\",\"contentUrl\":\"https:\\\/\\\/artistics.com\\\/wp-content\\\/uploads\\\/2024\\\/06\\\/luxembourg-chestnut-tree-painting-by-lumi-mizutani-1.jpg\",\"width\":1777,\"height\":2000},{\"@type\":\"BreadcrumbList\",\"@id\":\"https:\\\/\\\/artistics.com\\\/fr\\\/oeuvre\\\/marronier-de-luxembourg\\\/#breadcrumb\",\"itemListElement\":[{\"@type\":\"ListItem\",\"position\":1,\"name\":\"Achat \u0153uvre d'art\",\"item\":\"https:\\\/\\\/artistics.com\\\/fr\\\/\"},{\"@type\":\"ListItem\",\"position\":2,\"name\":\"Galerie\",\"item\":\"https:\\\/\\\/artistics.com\\\/fr\\\/galerie\\\/\"},{\"@type\":\"ListItem\",\"position\":3,\"name\":\"Peinture contemporaine\",\"item\":\"https:\\\/\\\/artistics.com\\\/fr\\\/categorie-oeuvre\\\/peinture-contemporaine\\\/\"},{\"@type\":\"ListItem\",\"position\":4,\"name\":\"Marronier de Luxembourg\"}]},{\"@type\":\"WebSite\",\"@id\":\"https:\\\/\\\/artistics.com\\\/fr\\\/#website\",\"url\":\"https:\\\/\\\/artistics.com\\\/fr\\\/\",\"name\":\"Artistics\",\"description\":\"The online art gallery\",\"publisher\":{\"@id\":\"https:\\\/\\\/artistics.com\\\/fr\\\/#organization\"},\"potentialAction\":[{\"@type\":\"SearchAction\",\"target\":{\"@type\":\"EntryPoint\",\"urlTemplate\":\"https:\\\/\\\/artistics.com\\\/fr\\\/?s={search_term_string}\"},\"query-input\":{\"@type\":\"PropertyValueSpecification\",\"valueRequired\":true,\"valueName\":\"search_term_string\"}}],\"inLanguage\":\"fr-FR\"},{\"@type\":\"Organization\",\"@id\":\"https:\\\/\\\/artistics.com\\\/fr\\\/#organization\",\"name\":\"Artistics\",\"url\":\"https:\\\/\\\/artistics.com\\\/fr\\\/\",\"logo\":{\"@type\":\"ImageObject\",\"inLanguage\":\"fr-FR\",\"@id\":\"https:\\\/\\\/artistics.com\\\/fr\\\/#\\\/schema\\\/logo\\\/image\\\/\",\"url\":\"https:\\\/\\\/artistics.com\\\/wp-content\\\/uploads\\\/2023\\\/02\\\/artistics-logo-web-1.svg\",\"contentUrl\":\"https:\\\/\\\/artistics.com\\\/wp-content\\\/uploads\\\/2023\\\/02\\\/artistics-logo-web-1.svg\",\"caption\":\"Artistics\"},\"image\":{\"@id\":\"https:\\\/\\\/artistics.com\\\/fr\\\/#\\\/schema\\\/logo\\\/image\\\/\"},\"sameAs\":[\"https:\\\/\\\/www.facebook.com\\\/ArtisticsMag\",\"https:\\\/\\\/x.com\\\/Artistics_FR\",\"http:\\\/\\\/www.linkedin.com\\\/company\\\/artistics\",\"https:\\\/\\\/www.instagram.com\\\/artistics_com\\\/\",\"http:\\\/\\\/www.pinterest.com\\\/ArtisticsMag\"],\"hasMerchantReturnPolicy\":{\"@type\":\"MerchantReturnPolicy\",\"merchantReturnLink\":\"https:\\\/\\\/artistics.com\\\/free-return-policy\\\/\"}}]}<\/script>\n<meta property=\"product:price:amount\" content=\"500\" \/>\n<meta property=\"product:price:currency\" content=\"EUR\" \/>\n<meta property=\"og:availability\" content=\"instock\" \/>\n<meta property=\"product:availability\" content=\"instock\" \/>\n<meta property=\"product:condition\" content=\"new\" \/>\n<!-- \/ Yoast SEO Premium plugin. -->","yoast_head_json":{"title":"Artistics | Marronier de Luxembourg par Lumi Mizutani - Peinture contemporaine","description":"Marronier de Luxembourg par Lumi Mizutani - achat d'\u0153uvres d'art contemporain originales sur la galerie d'art en ligne Artistics.","robots":{"index":"index","follow":"follow","max-snippet":"max-snippet:-1","max-image-preview":"max-image-preview:large","max-video-preview":"max-video-preview:-1"},"canonical":"https:\/\/artistics.com\/fr\/oeuvre\/marronier-de-luxembourg\/","og_locale":"fr_FR","og_type":"article","og_title":"Marronier de Luxembourg","og_description":"Marronier de Luxembourg par Lumi Mizutani - achat d'\u0153uvres d'art contemporain originales sur la galerie d'art en ligne Artistics.","og_url":"https:\/\/artistics.com\/fr\/oeuvre\/marronier-de-luxembourg\/","og_site_name":"Artistics","article_publisher":"https:\/\/www.facebook.com\/ArtisticsMag","article_modified_time":"2024-06-07T09:34:17+00:00","og_image":[{"width":910,"height":1024,"url":"https:\/\/artistics.com\/wp-content\/uploads\/2024\/06\/luxembourg-chestnut-tree-painting-by-lumi-mizutani-1-910x1024.jpg","type":"image\/jpeg"}],"twitter_card":"summary_large_image","twitter_site":"@Artistics_FR","twitter_misc":{"Prix":"500&nbsp;&euro;","Disponibilit\u00e9":"En stock"},"schema":{"@context":"https:\/\/schema.org","@graph":[{"@type":["WebPage","ItemPage"],"@id":"https:\/\/artistics.com\/fr\/oeuvre\/marronier-de-luxembourg\/","url":"https:\/\/artistics.com\/fr\/oeuvre\/marronier-de-luxembourg\/","name":"Artistics | Marronier de Luxembourg par Lumi Mizutani - Peinture contemporaine","isPartOf":{"@id":"https:\/\/artistics.com\/fr\/#website"},"primaryImageOfPage":{"@id":"https:\/\/artistics.com\/fr\/oeuvre\/marronier-de-luxembourg\/#primaryimage"},"image":{"@id":"https:\/\/artistics.com\/fr\/oeuvre\/marronier-de-luxembourg\/#primaryimage"},"thumbnailUrl":"https:\/\/artistics.com\/wp-content\/uploads\/2024\/06\/luxembourg-chestnut-tree-painting-by-lumi-mizutani-1.jpg","datePublished":"2024-06-05T12:50:46+00:00","dateModified":"2024-06-07T09:34:17+00:00","description":"Marronier de Luxembourg par Lumi Mizutani - achat d'\u0153uvres d'art contemporain originales sur la galerie d'art en ligne Artistics.","breadcrumb":{"@id":"https:\/\/artistics.com\/fr\/oeuvre\/marronier-de-luxembourg\/#breadcrumb"},"inLanguage":"fr-FR","potentialAction":[{"@type":"ReadAction","target":["https:\/\/artistics.com\/fr\/oeuvre\/marronier-de-luxembourg\/"]}]},{"@type":"ImageObject","inLanguage":"fr-FR","@id":"https:\/\/artistics.com\/fr\/oeuvre\/marronier-de-luxembourg\/#primaryimage","url":"https:\/\/artistics.com\/wp-content\/uploads\/2024\/06\/luxembourg-chestnut-tree-painting-by-lumi-mizutani-1.jpg","contentUrl":"https:\/\/artistics.com\/wp-content\/uploads\/2024\/06\/luxembourg-chestnut-tree-painting-by-lumi-mizutani-1.jpg","width":1777,"height":2000},{"@type":"BreadcrumbList","@id":"https:\/\/artistics.com\/fr\/oeuvre\/marronier-de-luxembourg\/#breadcrumb","itemListElement":[{"@type":"ListItem","position":1,"name":"Achat \u0153uvre d'art","item":"https:\/\/artistics.com\/fr\/"},{"@type":"ListItem","position":2,"name":"Galerie","item":"https:\/\/artistics.com\/fr\/galerie\/"},{"@type":"ListItem","position":3,"name":"Peinture contemporaine","item":"https:\/\/artistics.com\/fr\/categorie-oeuvre\/peinture-contemporaine\/"},{"@type":"ListItem","position":4,"name":"Marronier de Luxembourg"}]},{"@type":"WebSite","@id":"https:\/\/artistics.com\/fr\/#website","url":"https:\/\/artistics.com\/fr\/","name":"Artistics","description":"The online art gallery","publisher":{"@id":"https:\/\/artistics.com\/fr\/#organization"},"potentialAction":[{"@type":"SearchAction","target":{"@type":"EntryPoint","urlTemplate":"https:\/\/artistics.com\/fr\/?s={search_term_string}"},"query-input":{"@type":"PropertyValueSpecification","valueRequired":true,"valueName":"search_term_string"}}],"inLanguage":"fr-FR"},{"@type":"Organization","@id":"https:\/\/artistics.com\/fr\/#organization","name":"Artistics","url":"https:\/\/artistics.com\/fr\/","logo":{"@type":"ImageObject","inLanguage":"fr-FR","@id":"https:\/\/artistics.com\/fr\/#\/schema\/logo\/image\/","url":"https:\/\/artistics.com\/wp-content\/uploads\/2023\/02\/artistics-logo-web-1.svg","contentUrl":"https:\/\/artistics.com\/wp-content\/uploads\/2023\/02\/artistics-logo-web-1.svg","caption":"Artistics"},"image":{"@id":"https:\/\/artistics.com\/fr\/#\/schema\/logo\/image\/"},"sameAs":["https:\/\/www.facebook.com\/ArtisticsMag","https:\/\/x.com\/Artistics_FR","http:\/\/www.linkedin.com\/company\/artistics","https:\/\/www.instagram.com\/artistics_com\/","http:\/\/www.pinterest.com\/ArtisticsMag"],"hasMerchantReturnPolicy":{"@type":"MerchantReturnPolicy","merchantReturnLink":"https:\/\/artistics.com\/free-return-policy\/"}}]},"product_price_amount":"500","product_price_currency":"EUR","og_availability":"instock","product_availability":"instock","product_condition":"new"},"_links":{"self":[{"href":"https:\/\/artistics.com\/fr\/wp-json\/wp\/v2\/product\/56818","targetHints":{"allow":["GET"]}}],"collection":[{"href":"https:\/\/artistics.com\/fr\/wp-json\/wp\/v2\/product"}],"about":[{"href":"https:\/\/artistics.com\/fr\/wp-json\/wp\/v2\/types\/product"}],"acf:term":[{"embeddable":true,"taxonomy":"series","href":"https:\/\/artistics.com\/fr\/wp-json\/wp\/v2\/series\/2556"},{"embeddable":true,"taxonomy":"product_tag","href":"https:\/\/artistics.com\/fr\/wp-json\/wp\/v2\/product_tag\/342"},{"embeddable":true,"taxonomy":"product_tag","href":"https:\/\/artistics.com\/fr\/wp-json\/wp\/v2\/product_tag\/571"},{"embeddable":true,"taxonomy":"product_tag","href":"https:\/\/artistics.com\/fr\/wp-json\/wp\/v2\/product_tag\/542"},{"embeddable":true,"taxonomy":"product_tag","href":"https:\/\/artistics.com\/fr\/wp-json\/wp\/v2\/product_tag\/535"},{"embeddable":true,"taxonomy":"product_tag","href":"https:\/\/artistics.com\/fr\/wp-json\/wp\/v2\/product_tag\/504"},{"embeddable":true,"taxonomy":"product_cat","href":"https:\/\/artistics.com\/fr\/wp-json\/wp\/v2\/product_cat\/237"},{"embeddable":true,"taxonomy":"product_cat","href":"https:\/\/artistics.com\/fr\/wp-json\/wp\/v2\/product_cat\/217"},{"embeddable":true,"taxonomy":"product_cat","href":"https:\/\/artistics.com\/fr\/wp-json\/wp\/v2\/product_cat\/2488"},{"embeddable":true,"taxonomy":"product_cat","href":"https:\/\/artistics.com\/fr\/wp-json\/wp\/v2\/product_cat\/192"},{"embeddable":true,"taxonomy":"product_cat","href":"https:\/\/artistics.com\/fr\/wp-json\/wp\/v2\/product_cat\/194"},{"embeddable":true,"taxonomy":"product_cat","href":"https:\/\/artistics.com\/fr\/wp-json\/wp\/v2\/product_cat\/228"},{"embeddable":true,"taxonomy":"product_cat","href":"https:\/\/artistics.com\/fr\/wp-json\/wp\/v2\/product_cat\/168"},{"embeddable":true,"taxonomy":"product_cat","href":"https:\/\/artistics.com\/fr\/wp-json\/wp\/v2\/product_cat\/172"},{"embeddable":true,"taxonomy":"product_cat","href":"https:\/\/artistics.com\/fr\/wp-json\/wp\/v2\/product_cat\/170"},{"embeddable":true,"taxonomy":"product_cat","href":"https:\/\/artistics.com\/fr\/wp-json\/wp\/v2\/product_cat\/162"}],"acf:post":[{"embeddable":true,"href":"https:\/\/artistics.com\/fr\/wp-json\/wp\/v2\/artist\/2771"}],"wp:featuredmedia":[{"embeddable":true,"href":"https:\/\/artistics.com\/fr\/wp-json\/wp\/v2\/media\/56802"}],"wp:attachment":[{"href":"https:\/\/artistics.com\/fr\/wp-json\/wp\/v2\/media?parent=56818"}],"wp:term":[{"taxonomy":"product_cat","embeddable":true,"href":"https:\/\/artistics.com\/fr\/wp-json\/wp\/v2\/product_cat?post=56818"},{"taxonomy":"product_tag","embeddable":true,"href":"https:\/\/artistics.com\/fr\/wp-json\/wp\/v2\/product_tag?post=56818"},{"taxonomy":"series","embeddable":true,"href":"https:\/\/artistics.com\/fr\/wp-json\/wp\/v2\/series?post=56818"}],"curies":[{"name":"wp","href":"https:\/\/api.w.org\/{rel}","templated":true}]}}