{"id":56277,"date":"2024-05-27T17:51:36","date_gmt":"2024-05-27T15:51:36","guid":{"rendered":"https:\/\/artistics.com\/?post_type=product&#038;p=56277"},"modified":"2024-05-30T16:28:16","modified_gmt":"2024-05-30T14:28:16","slug":"lemigrant","status":"publish","type":"product","link":"https:\/\/artistics.com\/fr\/oeuvre\/lemigrant\/","title":{"rendered":"L&rsquo;\u00e9migrant"},"content":{"rendered":"","protected":false},"excerpt":{"rendered":"","protected":false},"featured_media":55767,"template":"","meta":{"_acf_changed":false,"_searchwp_excluded":"","inline_featured_image":false},"product_cat":[2243,2241,24,162,147,169,150,143,171,174,193,120,131,132,215,124,227,228,236,233],"product_tag":[2492,2492,363,354,342,2506,354,2506,342,363],"series":[2302],"class_list":{"0":"post-56277","1":"product","2":"type-product","3":"status-publish","4":"has-post-thumbnail","6":"product_cat-art-optique-et-art-cinetique","7":"product_cat-op-art-and-kinetic-art","8":"product_cat-contemporary-painting","9":"product_cat-peinture-contemporaine","10":"product_cat-minimalist-painting","11":"product_cat-peinture-abstraite","12":"product_cat-geometric-painting","13":"product_cat-abstract-painting","14":"product_cat-tableau-geometrique","15":"product_cat-peinture-minimaliste","16":"product_cat-geometrique","17":"product_cat-large","18":"product_cat-vivid-colors","19":"product_cat-light-tones","20":"product_cat-grand","21":"product_cat-geometric","22":"product_cat-tons-clairs","23":"product_cat-couleurs-vives","24":"product_cat-de-3000-a-10-000-e","25":"product_cat-from-3000-to-10000","26":"product_tag-art-acrylique","28":"product_tag-jaune","29":"product_tag-tableau-grand-format","30":"product_tag-peinture-couleurs-vives","31":"product_tag-peinture-texturee","36":"series-mathieu-piffeteau-peintures-a-lhuile-vert-et-jaune","38":"first","39":"outofstock","40":"shipping-taxable","41":"purchasable","42":"product-type-simple"},"acf":{"artwork_artist":[55679],"artwork_medium":162,"artwork_categories":[169,171,174],"artwork_overall-tones":[227,228],"artwork_main-material":[],"artwork_art-genre":[],"artwork_art-movement":[2243],"artwork_miscellaneous":[193],"artwork_formats":[215],"artwork_price-ranges":[236],"artwork_main_subject":[],"artwork_technique":[2492],"artwork_featured_location":[],"artwork_dominant_color":[363],"artwork_physical_attributes":[354,342,2506,354,342],"artwork_creation_date":"20200101","artwork_unique_piece":true,"artwork_description":"Huile et acrylique sur toile","artwork_signature":"\u0152uvre sign\u00e9e","artwork_authenticity":"L\u2019\u0153uvre est vendue avec un certificat d\u2019authenticit\u00e9 sign\u00e9 par l\u2019artiste.","artwork_framing":"not_specified","artwork_has_custom_framing_info":false,"artwork_custom_framing_info":"Not specified","artwork_location_country":"","artwork_location_city":"","artwork_location_zipcode":"","artwork_shipment_type":"2D_flat_artwork","artwork_shipping_delivery":"painting_immediate_availability","artwork_has_custom_shipping_delivery_info":false,"artwork_custom_shipping_delivery_info":"Not specified","artwork_360_view_url":"","artwork_video_url":"","artwork_video_format":[],"artwork_preview_type":"auto","artwork_reserved":false,"artwork_hide_price":false,"artwork_about":"<span data-contrast=\"auto\"><em><strong>L'\u00e9migrant<\/strong><\/em> est une peinture de l\u2019artiste fran\u00e7ais Mathieu Piffeteau. <\/span><span data-ccp-props=\"{&quot;335551550&quot;:6,&quot;335551620&quot;:6}\">\u00a0<\/span>\r\n\r\n<span data-contrast=\"auto\">L\u2019artiste emploie une technique particuli\u00e8re et originale qui consiste \u00e0 fragmenter l\u2019action de peindre\u202f: il peint par touches, carr\u00e9 apr\u00e8s carr\u00e9, ligne apr\u00e8s ligne. Chaque ligne change l\u00e9g\u00e8rement de nuance, afin de cr\u00e9er le d\u00e9grad\u00e9 de couleurs qui g\u00e9n\u00e8re l\u2019illusion de lumi\u00e8re souhait\u00e9e. Ce proc\u00e9d\u00e9 r\u00e9p\u00e9titif demande une grande minutie et patience, l\u2019\u0153uvre requ\u00e9rant plusieurs semaines ou mois pour \u00eatre finalis\u00e9e. Le processus de cr\u00e9ation est toujours r\u00e9fl\u00e9chi et calcul\u00e9, mais des surprises peuvent naitre des exp\u00e9rimentations ou des erreurs.\u00a0\u00a0<\/span>\r\n\r\n<span data-contrast=\"auto\">Mathieu Piffeteau travaille toutes les couleurs sauf le rouge\u202f; pour cette peinture, il a utilis\u00e9 des nuances de jaune et de blanc.<\/span><span data-ccp-props=\"{&quot;335551550&quot;:6,&quot;335551620&quot;:6}\">\u00a0<\/span><span data-contrast=\"auto\">Ici, l\u2019artiste combine deux types de peintures et techniques, en diversifiant la texture et les reflets sur la surface de l\u2019\u0153uvre\u202f: une partie est r\u00e9alis\u00e9e \u00e0 l\u2019huile avec sa technique de fragmentation, alors que l\u2019aplat de couleur est r\u00e9alis\u00e9 \u00e0 l\u2019acrylique.\u00a0<\/span><span data-ccp-props=\"{&quot;335551550&quot;:6,&quot;335551620&quot;:6}\"><span class=\"TextRun SCXW236367469 BCX0\" lang=\"FR-FR\" xml:lang=\"FR-FR\" data-contrast=\"auto\"><span class=\"NormalTextRun SCXW236367469 BCX0\">Dans cette peinture <\/span><span class=\"NormalTextRun SCXW236367469 BCX0\">il est possible d\u2019<\/span><span class=\"NormalTextRun SCXW236367469 BCX0\">appr\u00e9cier un effet visuel <\/span><span class=\"NormalTextRun SCXW236367469 BCX0\">de<\/span><span class=\"NormalTextRun SCXW236367469 BCX0\"> rayonnement lumineux<\/span><span class=\"NormalTextRun SCXW236367469 BCX0\"> intense<\/span><span class=\"NormalTextRun SCXW236367469 BCX0\">, une<\/span><span class=\"NormalTextRun SCXW236367469 BCX0\"> d\u2019<\/span><span class=\"NormalTextRun SCXW236367469 BCX0\">illusion <\/span><span class=\"NormalTextRun SCXW236367469 BCX0\">d\u2019<\/span><span class=\"NormalTextRun SCXW236367469 BCX0\">optique que l\u2019artiste cr\u00e9e gr\u00e2ce \u00e0 un d\u00e9grad\u00e9 de couleurs<\/span><span class=\"NormalTextRun SCXW236367469 BCX0\"> long<\/span><span class=\"NormalTextRun SCXW236367469 BCX0\">.\u00a0<\/span><\/span><\/span>\r\n\r\n<span data-contrast=\"auto\">Les tableaux abstraits de l\u2019artiste Mathieu Piffeteau explorent la diffusion de la lumi\u00e8re et les illusions d\u2019optique \u00e0 travers une combinaison harmonieuse de formes g\u00e9om\u00e9triques simples et universelles (des cercles, des carr\u00e9s, des triangles\u2026) avec des d\u00e9grad\u00e9s de couleurs peints \u00e0 l\u2019huile. Le r\u00e9sultat est une \u0153uvre captivante qui d\u00e9gage une \u00e9nergie fr\u00e9missante\u202f; l\u2019observateur est immerg\u00e9 dans une pure contemplation esth\u00e9tique, une exp\u00e9rience sensorielle subjective et unique.\u00a0\u00a0<\/span><span data-ccp-props=\"{&quot;335551550&quot;:6,&quot;335551620&quot;:6}\">\u00a0<\/span>\r\n\r\n<span data-contrast=\"auto\">\u00ab\u202f<\/span><i><span data-contrast=\"auto\">Pour moi, la personne qui regarde mes tableaux est aussi artiste que moi\u202f: elle va participer \u00e0 l'\u0153uvre d'art, la voir avec sa propre perception, \u00e9prouver un sentiment personnel. C\u2019est le but du tableau<\/span><\/i><span data-contrast=\"auto\">.\u202f\u00bb Mathieu Piffeteau\u00a0<\/span>\r\n\r\n<span class=\"TextRun SCXW266180708 BCX0\" lang=\"FR-FR\" xml:lang=\"FR-FR\" data-contrast=\"auto\"><span class=\"NormalTextRun SCXW266180708 BCX0\">Cette \u0153uvre <\/span><span class=\"NormalTextRun SCXW266180708 BCX0\">a<\/span><span class=\"NormalTextRun SCXW266180708 BCX0\"> \u00e9t\u00e9 expos\u00e9e dans la premi\u00e8re exposition personnelle de Mathieu <\/span><span class=\"NormalTextRun SpellingErrorV2Themed SCXW266180708 BCX0\">Piffeteau<\/span><span class=\"NormalTextRun SCXW266180708 BCX0\">, \u00ab\u202f<\/span><\/span><span class=\"TextRun SCXW266180708 BCX0\" lang=\"FR-FR\" xml:lang=\"FR-FR\" data-contrast=\"auto\"><span class=\"NormalTextRun SCXW266180708 BCX0\">Ondes de lumi\u00e8re<\/span><\/span><span class=\"TextRun SCXW266180708 BCX0\" lang=\"FR-FR\" xml:lang=\"FR-FR\" data-contrast=\"auto\"><span class=\"NormalTextRun SCXW266180708 BCX0\">\u202f\u00bb, <\/span><span class=\"NormalTextRun SCXW266180708 BCX0\">pour<\/span><span class=\"NormalTextRun SCXW266180708 BCX0\"> laquelle l\u2019artiste <\/span><span class=\"NormalTextRun SCXW266180708 BCX0\">a investi la crypte Sainte-Eug\u00e9nie de Biarritz avec <\/span><span class=\"NormalTextRun SCXW266180708 BCX0\">53<\/span><span class=\"NormalTextRun SCXW266180708 BCX0\"> toiles<\/span><span class=\"NormalTextRun SCXW266180708 BCX0\"> en 2023<\/span><span class=\"NormalTextRun SCXW266180708 BCX0\">. <\/span><span class=\"NormalTextRun SCXW266180708 BCX0\">Toutes les \u0153uvres, de <\/span><span class=\"NormalTextRun SCXW266180708 BCX0\">d<\/span><span class=\"NormalTextRun SCXW266180708 BCX0\">iff\u00e9rents<\/span><span class=\"NormalTextRun SCXW266180708 BCX0\"> formats<\/span><span class=\"NormalTextRun SCXW266180708 BCX0\">, ont \u00e9t\u00e9 cr\u00e9\u00e9es pour les espaces de la crypte\u202f; le peintre a <\/span><span class=\"NormalTextRun SCXW266180708 BCX0\">travaill\u00e9 quatre ann\u00e9es sur<\/span><span class=\"NormalTextRun SCXW266180708 BCX0\"> ce projet ambitieux.\u00a0<\/span><\/span><span class=\"EOP SCXW266180708 BCX0\" data-ccp-props=\"{&quot;335551550&quot;:6,&quot;335551620&quot;:6}\">\u00a0<\/span>","artwork_series":[2302],"artwork_query_group":"20","artwork_lowest_grid_position":1,"artwork_random_position":8424230,"explicit_sensitive_content":false,"drupal_id":""},"yoast_head":"<!-- This site is optimized with the Yoast SEO Premium plugin v27.3 (Yoast SEO v27.3) - https:\/\/yoast.com\/product\/yoast-seo-premium-wordpress\/ -->\n<title>L&#039;\u00e9migrant par Mathieu Piffeteau - Peinture contemporaine | Artistics<\/title>\n<meta name=\"description\" content=\"L&#039;\u00e9migrant par Mathieu Piffeteau - achetez en ligne cette \u0153uvre d\u2019art originale avec son certificat d\u2019authenticit\u00e9 et b\u00e9n\u00e9ficiez de notre service premium.\" \/>\n<meta name=\"robots\" content=\"index, follow, max-snippet:-1, max-image-preview:large, max-video-preview:-1\" \/>\n<link rel=\"canonical\" href=\"https:\/\/artistics.com\/fr\/oeuvre\/lemigrant\/\" \/>\n<meta property=\"og:locale\" content=\"fr_FR\" \/>\n<meta property=\"og:type\" content=\"article\" \/>\n<meta property=\"og:title\" content=\"L&#039;\u00e9migrant\" \/>\n<meta property=\"og:description\" content=\"L&#039;\u00e9migrant par Mathieu Piffeteau - achetez en ligne cette \u0153uvre d\u2019art originale avec son certificat d\u2019authenticit\u00e9 et b\u00e9n\u00e9ficiez de notre service premium.\" \/>\n<meta property=\"og:url\" content=\"https:\/\/artistics.com\/fr\/oeuvre\/lemigrant\/\" \/>\n<meta property=\"og:site_name\" content=\"Artistics\" \/>\n<meta property=\"article:publisher\" content=\"https:\/\/www.facebook.com\/ArtisticsMag\" \/>\n<meta property=\"article:modified_time\" content=\"2024-05-30T14:28:16+00:00\" \/>\n<meta property=\"og:image\" content=\"https:\/\/artistics.com\/wp-content\/uploads\/2024\/05\/emigrant-oil-and-acrylic-painting-by-mathieu-piffteau-1-1024x688.jpg\" \/>\n\t<meta property=\"og:image:width\" content=\"1024\" \/>\n\t<meta property=\"og:image:height\" content=\"688\" \/>\n\t<meta property=\"og:image:type\" content=\"image\/jpeg\" \/>\n<meta name=\"twitter:card\" content=\"summary_large_image\" \/>\n<meta name=\"twitter:site\" content=\"@Artistics_FR\" \/>\n<meta name=\"twitter:label1\" content=\"Prix\" \/>\n\t<meta name=\"twitter:data1\" content=\"6 900&nbsp;&euro;\" \/>\n\t<meta name=\"twitter:label2\" content=\"Disponibilit\u00e9\" \/>\n\t<meta name=\"twitter:data2\" content=\"Rupture de stock\" \/>\n<script type=\"application\/ld+json\" class=\"yoast-schema-graph\">{\"@context\":\"https:\\\/\\\/schema.org\",\"@graph\":[{\"@type\":[\"WebPage\",\"ItemPage\"],\"@id\":\"https:\\\/\\\/artistics.com\\\/fr\\\/oeuvre\\\/lemigrant\\\/\",\"url\":\"https:\\\/\\\/artistics.com\\\/fr\\\/oeuvre\\\/lemigrant\\\/\",\"name\":\"L'\u00e9migrant par Mathieu Piffeteau - Peinture contemporaine | Artistics\",\"isPartOf\":{\"@id\":\"https:\\\/\\\/artistics.com\\\/fr\\\/#website\"},\"primaryImageOfPage\":{\"@id\":\"https:\\\/\\\/artistics.com\\\/fr\\\/oeuvre\\\/lemigrant\\\/#primaryimage\"},\"image\":{\"@id\":\"https:\\\/\\\/artistics.com\\\/fr\\\/oeuvre\\\/lemigrant\\\/#primaryimage\"},\"thumbnailUrl\":\"https:\\\/\\\/artistics.com\\\/wp-content\\\/uploads\\\/2024\\\/05\\\/emigrant-oil-and-acrylic-painting-by-mathieu-piffteau-1.jpg\",\"datePublished\":\"2024-05-27T15:51:36+00:00\",\"dateModified\":\"2024-05-30T14:28:16+00:00\",\"description\":\"L'\u00e9migrant par Mathieu Piffeteau - achetez en ligne cette \u0153uvre d\u2019art originale avec son certificat d\u2019authenticit\u00e9 et b\u00e9n\u00e9ficiez de notre service premium.\",\"breadcrumb\":{\"@id\":\"https:\\\/\\\/artistics.com\\\/fr\\\/oeuvre\\\/lemigrant\\\/#breadcrumb\"},\"inLanguage\":\"fr-FR\",\"potentialAction\":[{\"@type\":\"ReadAction\",\"target\":[\"https:\\\/\\\/artistics.com\\\/fr\\\/oeuvre\\\/lemigrant\\\/\"]}]},{\"@type\":\"ImageObject\",\"inLanguage\":\"fr-FR\",\"@id\":\"https:\\\/\\\/artistics.com\\\/fr\\\/oeuvre\\\/lemigrant\\\/#primaryimage\",\"url\":\"https:\\\/\\\/artistics.com\\\/wp-content\\\/uploads\\\/2024\\\/05\\\/emigrant-oil-and-acrylic-painting-by-mathieu-piffteau-1.jpg\",\"contentUrl\":\"https:\\\/\\\/artistics.com\\\/wp-content\\\/uploads\\\/2024\\\/05\\\/emigrant-oil-and-acrylic-painting-by-mathieu-piffteau-1.jpg\",\"width\":2560,\"height\":1721},{\"@type\":\"BreadcrumbList\",\"@id\":\"https:\\\/\\\/artistics.com\\\/fr\\\/oeuvre\\\/lemigrant\\\/#breadcrumb\",\"itemListElement\":[{\"@type\":\"ListItem\",\"position\":1,\"name\":\"Achat \u0153uvre d'art\",\"item\":\"https:\\\/\\\/artistics.com\\\/fr\\\/\"},{\"@type\":\"ListItem\",\"position\":2,\"name\":\"Galerie\",\"item\":\"https:\\\/\\\/artistics.com\\\/fr\\\/galerie\\\/\"},{\"@type\":\"ListItem\",\"position\":3,\"name\":\"Peinture contemporaine\",\"item\":\"https:\\\/\\\/artistics.com\\\/fr\\\/categorie-oeuvre\\\/peinture-contemporaine\\\/\"},{\"@type\":\"ListItem\",\"position\":4,\"name\":\"L&#8217;\u00e9migrant\"}]},{\"@type\":\"WebSite\",\"@id\":\"https:\\\/\\\/artistics.com\\\/fr\\\/#website\",\"url\":\"https:\\\/\\\/artistics.com\\\/fr\\\/\",\"name\":\"Artistics\",\"description\":\"The online art gallery\",\"publisher\":{\"@id\":\"https:\\\/\\\/artistics.com\\\/fr\\\/#organization\"},\"potentialAction\":[{\"@type\":\"SearchAction\",\"target\":{\"@type\":\"EntryPoint\",\"urlTemplate\":\"https:\\\/\\\/artistics.com\\\/fr\\\/?s={search_term_string}\"},\"query-input\":{\"@type\":\"PropertyValueSpecification\",\"valueRequired\":true,\"valueName\":\"search_term_string\"}}],\"inLanguage\":\"fr-FR\"},{\"@type\":\"Organization\",\"@id\":\"https:\\\/\\\/artistics.com\\\/fr\\\/#organization\",\"name\":\"Artistics\",\"url\":\"https:\\\/\\\/artistics.com\\\/fr\\\/\",\"logo\":{\"@type\":\"ImageObject\",\"inLanguage\":\"fr-FR\",\"@id\":\"https:\\\/\\\/artistics.com\\\/fr\\\/#\\\/schema\\\/logo\\\/image\\\/\",\"url\":\"https:\\\/\\\/artistics.com\\\/wp-content\\\/uploads\\\/2023\\\/02\\\/artistics-logo-web-1.svg\",\"contentUrl\":\"https:\\\/\\\/artistics.com\\\/wp-content\\\/uploads\\\/2023\\\/02\\\/artistics-logo-web-1.svg\",\"caption\":\"Artistics\"},\"image\":{\"@id\":\"https:\\\/\\\/artistics.com\\\/fr\\\/#\\\/schema\\\/logo\\\/image\\\/\"},\"sameAs\":[\"https:\\\/\\\/www.facebook.com\\\/ArtisticsMag\",\"https:\\\/\\\/x.com\\\/Artistics_FR\",\"http:\\\/\\\/www.linkedin.com\\\/company\\\/artistics\",\"https:\\\/\\\/www.instagram.com\\\/artistics_com\\\/\",\"http:\\\/\\\/www.pinterest.com\\\/ArtisticsMag\"],\"hasMerchantReturnPolicy\":{\"@type\":\"MerchantReturnPolicy\",\"merchantReturnLink\":\"https:\\\/\\\/artistics.com\\\/free-return-policy\\\/\"}}]}<\/script>\n<meta property=\"product:price:amount\" content=\"6900\" \/>\n<meta property=\"product:price:currency\" content=\"EUR\" \/>\n<meta property=\"og:availability\" content=\"out of stock\" \/>\n<meta property=\"product:availability\" content=\"out of stock\" \/>\n<meta property=\"product:condition\" content=\"new\" \/>\n<!-- \/ Yoast SEO Premium plugin. -->","yoast_head_json":{"title":"L'\u00e9migrant par Mathieu Piffeteau - Peinture contemporaine | Artistics","description":"L'\u00e9migrant par Mathieu Piffeteau - achetez en ligne cette \u0153uvre d\u2019art originale avec son certificat d\u2019authenticit\u00e9 et b\u00e9n\u00e9ficiez de notre service premium.","robots":{"index":"index","follow":"follow","max-snippet":"max-snippet:-1","max-image-preview":"max-image-preview:large","max-video-preview":"max-video-preview:-1"},"canonical":"https:\/\/artistics.com\/fr\/oeuvre\/lemigrant\/","og_locale":"fr_FR","og_type":"article","og_title":"L'\u00e9migrant","og_description":"L'\u00e9migrant par Mathieu Piffeteau - achetez en ligne cette \u0153uvre d\u2019art originale avec son certificat d\u2019authenticit\u00e9 et b\u00e9n\u00e9ficiez de notre service premium.","og_url":"https:\/\/artistics.com\/fr\/oeuvre\/lemigrant\/","og_site_name":"Artistics","article_publisher":"https:\/\/www.facebook.com\/ArtisticsMag","article_modified_time":"2024-05-30T14:28:16+00:00","og_image":[{"width":1024,"height":688,"url":"https:\/\/artistics.com\/wp-content\/uploads\/2024\/05\/emigrant-oil-and-acrylic-painting-by-mathieu-piffteau-1-1024x688.jpg","type":"image\/jpeg"}],"twitter_card":"summary_large_image","twitter_site":"@Artistics_FR","twitter_misc":{"Prix":"6 900&nbsp;&euro;","Disponibilit\u00e9":"Rupture de stock"},"schema":{"@context":"https:\/\/schema.org","@graph":[{"@type":["WebPage","ItemPage"],"@id":"https:\/\/artistics.com\/fr\/oeuvre\/lemigrant\/","url":"https:\/\/artistics.com\/fr\/oeuvre\/lemigrant\/","name":"L'\u00e9migrant par Mathieu Piffeteau - Peinture contemporaine | Artistics","isPartOf":{"@id":"https:\/\/artistics.com\/fr\/#website"},"primaryImageOfPage":{"@id":"https:\/\/artistics.com\/fr\/oeuvre\/lemigrant\/#primaryimage"},"image":{"@id":"https:\/\/artistics.com\/fr\/oeuvre\/lemigrant\/#primaryimage"},"thumbnailUrl":"https:\/\/artistics.com\/wp-content\/uploads\/2024\/05\/emigrant-oil-and-acrylic-painting-by-mathieu-piffteau-1.jpg","datePublished":"2024-05-27T15:51:36+00:00","dateModified":"2024-05-30T14:28:16+00:00","description":"L'\u00e9migrant par Mathieu Piffeteau - achetez en ligne cette \u0153uvre d\u2019art originale avec son certificat d\u2019authenticit\u00e9 et b\u00e9n\u00e9ficiez de notre service premium.","breadcrumb":{"@id":"https:\/\/artistics.com\/fr\/oeuvre\/lemigrant\/#breadcrumb"},"inLanguage":"fr-FR","potentialAction":[{"@type":"ReadAction","target":["https:\/\/artistics.com\/fr\/oeuvre\/lemigrant\/"]}]},{"@type":"ImageObject","inLanguage":"fr-FR","@id":"https:\/\/artistics.com\/fr\/oeuvre\/lemigrant\/#primaryimage","url":"https:\/\/artistics.com\/wp-content\/uploads\/2024\/05\/emigrant-oil-and-acrylic-painting-by-mathieu-piffteau-1.jpg","contentUrl":"https:\/\/artistics.com\/wp-content\/uploads\/2024\/05\/emigrant-oil-and-acrylic-painting-by-mathieu-piffteau-1.jpg","width":2560,"height":1721},{"@type":"BreadcrumbList","@id":"https:\/\/artistics.com\/fr\/oeuvre\/lemigrant\/#breadcrumb","itemListElement":[{"@type":"ListItem","position":1,"name":"Achat \u0153uvre d'art","item":"https:\/\/artistics.com\/fr\/"},{"@type":"ListItem","position":2,"name":"Galerie","item":"https:\/\/artistics.com\/fr\/galerie\/"},{"@type":"ListItem","position":3,"name":"Peinture contemporaine","item":"https:\/\/artistics.com\/fr\/categorie-oeuvre\/peinture-contemporaine\/"},{"@type":"ListItem","position":4,"name":"L&#8217;\u00e9migrant"}]},{"@type":"WebSite","@id":"https:\/\/artistics.com\/fr\/#website","url":"https:\/\/artistics.com\/fr\/","name":"Artistics","description":"The online art gallery","publisher":{"@id":"https:\/\/artistics.com\/fr\/#organization"},"potentialAction":[{"@type":"SearchAction","target":{"@type":"EntryPoint","urlTemplate":"https:\/\/artistics.com\/fr\/?s={search_term_string}"},"query-input":{"@type":"PropertyValueSpecification","valueRequired":true,"valueName":"search_term_string"}}],"inLanguage":"fr-FR"},{"@type":"Organization","@id":"https:\/\/artistics.com\/fr\/#organization","name":"Artistics","url":"https:\/\/artistics.com\/fr\/","logo":{"@type":"ImageObject","inLanguage":"fr-FR","@id":"https:\/\/artistics.com\/fr\/#\/schema\/logo\/image\/","url":"https:\/\/artistics.com\/wp-content\/uploads\/2023\/02\/artistics-logo-web-1.svg","contentUrl":"https:\/\/artistics.com\/wp-content\/uploads\/2023\/02\/artistics-logo-web-1.svg","caption":"Artistics"},"image":{"@id":"https:\/\/artistics.com\/fr\/#\/schema\/logo\/image\/"},"sameAs":["https:\/\/www.facebook.com\/ArtisticsMag","https:\/\/x.com\/Artistics_FR","http:\/\/www.linkedin.com\/company\/artistics","https:\/\/www.instagram.com\/artistics_com\/","http:\/\/www.pinterest.com\/ArtisticsMag"],"hasMerchantReturnPolicy":{"@type":"MerchantReturnPolicy","merchantReturnLink":"https:\/\/artistics.com\/free-return-policy\/"}}]},"product_price_amount":"6900","product_price_currency":"EUR","og_availability":"out of stock","product_availability":"out of stock","product_condition":"new"},"_links":{"self":[{"href":"https:\/\/artistics.com\/fr\/wp-json\/wp\/v2\/product\/56277","targetHints":{"allow":["GET"]}}],"collection":[{"href":"https:\/\/artistics.com\/fr\/wp-json\/wp\/v2\/product"}],"about":[{"href":"https:\/\/artistics.com\/fr\/wp-json\/wp\/v2\/types\/product"}],"acf:term":[{"embeddable":true,"taxonomy":"series","href":"https:\/\/artistics.com\/fr\/wp-json\/wp\/v2\/series\/2302"},{"embeddable":true,"taxonomy":"product_tag","href":"https:\/\/artistics.com\/fr\/wp-json\/wp\/v2\/product_tag\/2506"},{"embeddable":true,"taxonomy":"product_tag","href":"https:\/\/artistics.com\/fr\/wp-json\/wp\/v2\/product_tag\/342"},{"embeddable":true,"taxonomy":"product_tag","href":"https:\/\/artistics.com\/fr\/wp-json\/wp\/v2\/product_tag\/354"},{"embeddable":true,"taxonomy":"product_tag","href":"https:\/\/artistics.com\/fr\/wp-json\/wp\/v2\/product_tag\/363"},{"embeddable":true,"taxonomy":"product_tag","href":"https:\/\/artistics.com\/fr\/wp-json\/wp\/v2\/product_tag\/2492"},{"embeddable":true,"taxonomy":"product_cat","href":"https:\/\/artistics.com\/fr\/wp-json\/wp\/v2\/product_cat\/236"},{"embeddable":true,"taxonomy":"product_cat","href":"https:\/\/artistics.com\/fr\/wp-json\/wp\/v2\/product_cat\/215"},{"embeddable":true,"taxonomy":"product_cat","href":"https:\/\/artistics.com\/fr\/wp-json\/wp\/v2\/product_cat\/193"},{"embeddable":true,"taxonomy":"product_cat","href":"https:\/\/artistics.com\/fr\/wp-json\/wp\/v2\/product_cat\/2243"},{"embeddable":true,"taxonomy":"product_cat","href":"https:\/\/artistics.com\/fr\/wp-json\/wp\/v2\/product_cat\/228"},{"embeddable":true,"taxonomy":"product_cat","href":"https:\/\/artistics.com\/fr\/wp-json\/wp\/v2\/product_cat\/227"},{"embeddable":true,"taxonomy":"product_cat","href":"https:\/\/artistics.com\/fr\/wp-json\/wp\/v2\/product_cat\/174"},{"embeddable":true,"taxonomy":"product_cat","href":"https:\/\/artistics.com\/fr\/wp-json\/wp\/v2\/product_cat\/171"},{"embeddable":true,"taxonomy":"product_cat","href":"https:\/\/artistics.com\/fr\/wp-json\/wp\/v2\/product_cat\/169"},{"embeddable":true,"taxonomy":"product_cat","href":"https:\/\/artistics.com\/fr\/wp-json\/wp\/v2\/product_cat\/162"}],"acf:post":[{"embeddable":true,"href":"https:\/\/artistics.com\/fr\/wp-json\/wp\/v2\/artist\/55679"}],"wp:featuredmedia":[{"embeddable":true,"href":"https:\/\/artistics.com\/fr\/wp-json\/wp\/v2\/media\/55767"}],"wp:attachment":[{"href":"https:\/\/artistics.com\/fr\/wp-json\/wp\/v2\/media?parent=56277"}],"wp:term":[{"taxonomy":"product_cat","embeddable":true,"href":"https:\/\/artistics.com\/fr\/wp-json\/wp\/v2\/product_cat?post=56277"},{"taxonomy":"product_tag","embeddable":true,"href":"https:\/\/artistics.com\/fr\/wp-json\/wp\/v2\/product_tag?post=56277"},{"taxonomy":"series","embeddable":true,"href":"https:\/\/artistics.com\/fr\/wp-json\/wp\/v2\/series?post=56277"}],"curies":[{"name":"wp","href":"https:\/\/api.w.org\/{rel}","templated":true}]}}