{"id":56192,"date":"2024-05-27T12:43:22","date_gmt":"2024-05-27T10:43:22","guid":{"rendered":"https:\/\/artistics.com\/?post_type=product&#038;p=56192"},"modified":"2024-05-27T17:38:37","modified_gmt":"2024-05-27T15:38:37","slug":"barricada-14-aip-m105","status":"publish","type":"product","link":"https:\/\/artistics.com\/fr\/oeuvre\/barricada-14-aip-m105\/","title":{"rendered":"Barricada #14 aip M105"},"content":{"rendered":"","protected":false},"excerpt":{"rendered":"","protected":false},"featured_media":56161,"template":"","meta":{"_acf_changed":false,"_searchwp_excluded":"","inline_featured_image":false},"product_cat":[407,2243,424,407,413,2243,424,413,164,210,164,204,189,193,204,216,210,216,189,193,238,238],"product_tag":[562,340,368,487],"series":[2304],"class_list":{"0":"post-56192","1":"product","2":"type-product","3":"status-publish","4":"has-post-thumbnail","6":"product_cat-art-minimaliste","7":"product_cat-art-optique-et-art-cinetique","8":"product_cat-sculpture-en-metal","10":"product_cat-sculpture-minimaliste","14":"product_cat-sculpture-contemporaine","15":"product_cat-sculpture-geometrique","17":"product_cat-sculpture-abstraite","18":"product_cat-art-abstrait","19":"product_cat-geometrique","21":"product_cat-moyen","26":"product_cat-plus-de-10-000-e","28":"product_tag-argente","29":"product_tag-large-scale-sculpture","30":"product_tag-sculpture-grand-format","31":"product_tag-silver","32":"series-alejandro-vega-beuvrin-sculptures-moyen-et-petit-format","34":"first","35":"outofstock","36":"taxable","37":"shipping-taxable","38":"purchasable","39":"product-type-simple"},"acf":{"artwork_artist":[2793],"artwork_medium":164,"artwork_categories":[204,2243,210,413,424],"artwork_overall-tones":[],"artwork_main-material":[],"artwork_art-genre":[],"artwork_art-movement":[413,407,189,2243],"artwork_miscellaneous":[193],"artwork_formats":[216],"artwork_price-ranges":[238],"artwork_main_subject":[],"artwork_technique":[],"artwork_featured_location":[],"artwork_dominant_color":[562],"artwork_physical_attributes":[368],"artwork_creation_date":"20200101","artwork_unique_piece":false,"artwork_description":"Sculpture en acier inoxydable poli","artwork_signature":"\u0152uvre sign\u00e9e","artwork_authenticity":"L\u2019\u0153uvre est vendue avec un certificat d\u2019authenticit\u00e9 sign\u00e9 par l\u2019artiste.","artwork_framing":"not_specified","artwork_has_custom_framing_info":false,"artwork_custom_framing_info":"Not specified","artwork_location_country":"ES","artwork_location_city":"Barcelone","artwork_location_zipcode":"08013","artwork_shipment_type":"3D_artwork","artwork_shipping_delivery":"sculpture_edition_production_time","artwork_has_custom_shipping_delivery_info":false,"artwork_custom_shipping_delivery_info":"Not specified","artwork_360_view_url":"","artwork_video_url":"","artwork_video_format":[],"artwork_preview_type":"featured_image","artwork_reserved":false,"artwork_hide_price":false,"artwork_about":"<em><strong>Barricada #14 aip M105<\/strong><\/em> est une sculpture en acier inoxydable poli de l'artiste contemporain v\u00e9n\u00e9zu\u00e9lien Alejandro Vega Beuvrin.\r\n\r\nLes \u0153uvres d\u2019Alejandro Vega Beuvrin sont con\u00e7ues comme des \u00ab dessins spatiaux \u00bb. A la mani\u00e8re des minimalistes, et influenc\u00e9 par ses connaissances en architecture, l\u2019artiste envisage ses \u0153uvres dans une relation \u00e0 l\u2019espace qui les entoure. De ses dessins num\u00e9riques unidimensionnels, l\u2019artiste d\u00e9coupe des plaques de m\u00e9tal au laser qui, apr\u00e8s assemblage, se transforment en objets en trois dimensions.\r\n\r\nIntitul\u00e9es \u00ab Barricada \u00bb, ces sculptures en feuilles de m\u00e9tal sont des hommages rendus \u00e0 un mode de r\u00e9sistance populaire propre \u00e0 la r\u00e9volution v\u00e9n\u00e9zu\u00e9lienne dit \u00ab Guarimba \u00bb : il s\u2019agit de manifestations organis\u00e9es qui doivent aboutir au blocage pacifique des rues gr\u00e2ce \u00e0 la construction de barricades.\r\n\r\nCette \u0153uvre peut \u00eatre \u00e9dit\u00e9e en acier inoxydable, en acier inoxydable peint ou en acier Corten. Nous contacter pour plus d\u2019informations.","artwork_series":[2304],"artwork_query_group":"20","artwork_lowest_grid_position":1,"artwork_random_position":9176509,"explicit_sensitive_content":false,"drupal_id":"8858"},"yoast_head":"<!-- This site is optimized with the Yoast SEO Premium plugin v27.3 (Yoast SEO v27.3) - https:\/\/yoast.com\/product\/yoast-seo-premium-wordpress\/ -->\n<title>Artistics | Barricada #14 aip M105 par Alejandro Vega Beuvrin - Sculpture contemporaine<\/title>\n<meta name=\"description\" content=\"Barricada #14 aip M105 par Alejandro Vega Beuvrin - achat d&#039;\u0153uvres d&#039;art contemporain originales sur la galerie d&#039;art en ligne Artistics.\" \/>\n<meta name=\"robots\" content=\"index, follow, max-snippet:-1, max-image-preview:large, max-video-preview:-1\" \/>\n<link rel=\"canonical\" href=\"https:\/\/artistics.com\/fr\/oeuvre\/barricada-14-aip-m105\/\" \/>\n<meta property=\"og:locale\" content=\"fr_FR\" \/>\n<meta property=\"og:type\" content=\"article\" \/>\n<meta property=\"og:title\" content=\"Barricada #14 aip M105\" \/>\n<meta property=\"og:description\" content=\"Barricada #14 aip M105 par Alejandro Vega Beuvrin - achat d&#039;\u0153uvres d&#039;art contemporain originales sur la galerie d&#039;art en ligne Artistics.\" \/>\n<meta property=\"og:url\" content=\"https:\/\/artistics.com\/fr\/oeuvre\/barricada-14-aip-m105\/\" \/>\n<meta property=\"og:site_name\" content=\"Artistics\" \/>\n<meta property=\"article:publisher\" content=\"https:\/\/www.facebook.com\/ArtisticsMag\" \/>\n<meta property=\"article:modified_time\" content=\"2024-05-27T15:38:37+00:00\" \/>\n<meta property=\"og:image\" content=\"https:\/\/artistics.com\/wp-content\/uploads\/2024\/05\/barricada-14-aip-m105-sculpture-by-alejandro-vega-beuvrin-1.jpeg\" \/>\n\t<meta property=\"og:image:width\" content=\"2560\" \/>\n\t<meta property=\"og:image:height\" content=\"1555\" \/>\n\t<meta property=\"og:image:type\" content=\"image\/jpeg\" \/>\n<meta name=\"twitter:card\" content=\"summary_large_image\" \/>\n<meta name=\"twitter:site\" content=\"@Artistics_FR\" \/>\n<meta name=\"twitter:label1\" content=\"Prix\" \/>\n\t<meta name=\"twitter:data1\" content=\"18 000&nbsp;&euro;\" \/>\n\t<meta name=\"twitter:label2\" content=\"Disponibilit\u00e9\" \/>\n\t<meta name=\"twitter:data2\" content=\"Rupture de stock\" \/>\n<script type=\"application\/ld+json\" class=\"yoast-schema-graph\">{\"@context\":\"https:\\\/\\\/schema.org\",\"@graph\":[{\"@type\":[\"WebPage\",\"ItemPage\"],\"@id\":\"https:\\\/\\\/artistics.com\\\/fr\\\/oeuvre\\\/barricada-14-aip-m105\\\/\",\"url\":\"https:\\\/\\\/artistics.com\\\/fr\\\/oeuvre\\\/barricada-14-aip-m105\\\/\",\"name\":\"Artistics | Barricada #14 aip M105 par Alejandro Vega Beuvrin - Sculpture contemporaine\",\"isPartOf\":{\"@id\":\"https:\\\/\\\/artistics.com\\\/fr\\\/#website\"},\"primaryImageOfPage\":{\"@id\":\"https:\\\/\\\/artistics.com\\\/fr\\\/oeuvre\\\/barricada-14-aip-m105\\\/#primaryimage\"},\"image\":{\"@id\":\"https:\\\/\\\/artistics.com\\\/fr\\\/oeuvre\\\/barricada-14-aip-m105\\\/#primaryimage\"},\"thumbnailUrl\":\"https:\\\/\\\/artistics.com\\\/wp-content\\\/uploads\\\/2024\\\/05\\\/barricada-14-aip-m105-sculpture-by-alejandro-vega-beuvrin-1.jpeg\",\"datePublished\":\"2024-05-27T10:43:22+00:00\",\"dateModified\":\"2024-05-27T15:38:37+00:00\",\"description\":\"Barricada #14 aip M105 par Alejandro Vega Beuvrin - achat d'\u0153uvres d'art contemporain originales sur la galerie d'art en ligne Artistics.\",\"breadcrumb\":{\"@id\":\"https:\\\/\\\/artistics.com\\\/fr\\\/oeuvre\\\/barricada-14-aip-m105\\\/#breadcrumb\"},\"inLanguage\":\"fr-FR\",\"potentialAction\":[{\"@type\":\"ReadAction\",\"target\":[\"https:\\\/\\\/artistics.com\\\/fr\\\/oeuvre\\\/barricada-14-aip-m105\\\/\"]}]},{\"@type\":\"ImageObject\",\"inLanguage\":\"fr-FR\",\"@id\":\"https:\\\/\\\/artistics.com\\\/fr\\\/oeuvre\\\/barricada-14-aip-m105\\\/#primaryimage\",\"url\":\"https:\\\/\\\/artistics.com\\\/wp-content\\\/uploads\\\/2024\\\/05\\\/barricada-14-aip-m105-sculpture-by-alejandro-vega-beuvrin-1.jpeg\",\"contentUrl\":\"https:\\\/\\\/artistics.com\\\/wp-content\\\/uploads\\\/2024\\\/05\\\/barricada-14-aip-m105-sculpture-by-alejandro-vega-beuvrin-1.jpeg\",\"width\":2560,\"height\":1555},{\"@type\":\"BreadcrumbList\",\"@id\":\"https:\\\/\\\/artistics.com\\\/fr\\\/oeuvre\\\/barricada-14-aip-m105\\\/#breadcrumb\",\"itemListElement\":[{\"@type\":\"ListItem\",\"position\":1,\"name\":\"Achat \u0153uvre d'art\",\"item\":\"https:\\\/\\\/artistics.com\\\/fr\\\/\"},{\"@type\":\"ListItem\",\"position\":2,\"name\":\"Galerie\",\"item\":\"https:\\\/\\\/artistics.com\\\/fr\\\/galerie\\\/\"},{\"@type\":\"ListItem\",\"position\":3,\"name\":\"Sculpture contemporaine\",\"item\":\"https:\\\/\\\/artistics.com\\\/fr\\\/categorie-oeuvre\\\/sculpture-contemporaine\\\/\"},{\"@type\":\"ListItem\",\"position\":4,\"name\":\"Barricada #14 aip M105\"}]},{\"@type\":\"WebSite\",\"@id\":\"https:\\\/\\\/artistics.com\\\/fr\\\/#website\",\"url\":\"https:\\\/\\\/artistics.com\\\/fr\\\/\",\"name\":\"Artistics\",\"description\":\"The online art gallery\",\"publisher\":{\"@id\":\"https:\\\/\\\/artistics.com\\\/fr\\\/#organization\"},\"potentialAction\":[{\"@type\":\"SearchAction\",\"target\":{\"@type\":\"EntryPoint\",\"urlTemplate\":\"https:\\\/\\\/artistics.com\\\/fr\\\/?s={search_term_string}\"},\"query-input\":{\"@type\":\"PropertyValueSpecification\",\"valueRequired\":true,\"valueName\":\"search_term_string\"}}],\"inLanguage\":\"fr-FR\"},{\"@type\":\"Organization\",\"@id\":\"https:\\\/\\\/artistics.com\\\/fr\\\/#organization\",\"name\":\"Artistics\",\"url\":\"https:\\\/\\\/artistics.com\\\/fr\\\/\",\"logo\":{\"@type\":\"ImageObject\",\"inLanguage\":\"fr-FR\",\"@id\":\"https:\\\/\\\/artistics.com\\\/fr\\\/#\\\/schema\\\/logo\\\/image\\\/\",\"url\":\"https:\\\/\\\/artistics.com\\\/wp-content\\\/uploads\\\/2023\\\/02\\\/artistics-logo-web-1.svg\",\"contentUrl\":\"https:\\\/\\\/artistics.com\\\/wp-content\\\/uploads\\\/2023\\\/02\\\/artistics-logo-web-1.svg\",\"caption\":\"Artistics\"},\"image\":{\"@id\":\"https:\\\/\\\/artistics.com\\\/fr\\\/#\\\/schema\\\/logo\\\/image\\\/\"},\"sameAs\":[\"https:\\\/\\\/www.facebook.com\\\/ArtisticsMag\",\"https:\\\/\\\/x.com\\\/Artistics_FR\",\"http:\\\/\\\/www.linkedin.com\\\/company\\\/artistics\",\"https:\\\/\\\/www.instagram.com\\\/artistics_com\\\/\",\"http:\\\/\\\/www.pinterest.com\\\/ArtisticsMag\"],\"hasMerchantReturnPolicy\":{\"@type\":\"MerchantReturnPolicy\",\"merchantReturnLink\":\"https:\\\/\\\/artistics.com\\\/free-return-policy\\\/\"}}]}<\/script>\n<meta property=\"product:price:amount\" content=\"18000\" \/>\n<meta property=\"product:price:currency\" content=\"EUR\" \/>\n<meta property=\"og:availability\" content=\"out of stock\" \/>\n<meta property=\"product:availability\" content=\"out of stock\" \/>\n<meta property=\"product:condition\" content=\"new\" \/>\n<!-- \/ Yoast SEO Premium plugin. -->","yoast_head_json":{"title":"Artistics | Barricada #14 aip M105 par Alejandro Vega Beuvrin - Sculpture contemporaine","description":"Barricada #14 aip M105 par Alejandro Vega Beuvrin - achat d'\u0153uvres d'art contemporain originales sur la galerie d'art en ligne Artistics.","robots":{"index":"index","follow":"follow","max-snippet":"max-snippet:-1","max-image-preview":"max-image-preview:large","max-video-preview":"max-video-preview:-1"},"canonical":"https:\/\/artistics.com\/fr\/oeuvre\/barricada-14-aip-m105\/","og_locale":"fr_FR","og_type":"article","og_title":"Barricada #14 aip M105","og_description":"Barricada #14 aip M105 par Alejandro Vega Beuvrin - achat d'\u0153uvres d'art contemporain originales sur la galerie d'art en ligne Artistics.","og_url":"https:\/\/artistics.com\/fr\/oeuvre\/barricada-14-aip-m105\/","og_site_name":"Artistics","article_publisher":"https:\/\/www.facebook.com\/ArtisticsMag","article_modified_time":"2024-05-27T15:38:37+00:00","og_image":[{"width":2560,"height":1555,"url":"https:\/\/artistics.com\/wp-content\/uploads\/2024\/05\/barricada-14-aip-m105-sculpture-by-alejandro-vega-beuvrin-1.jpeg","type":"image\/jpeg"}],"twitter_card":"summary_large_image","twitter_site":"@Artistics_FR","twitter_misc":{"Prix":"18 000&nbsp;&euro;","Disponibilit\u00e9":"Rupture de stock"},"schema":{"@context":"https:\/\/schema.org","@graph":[{"@type":["WebPage","ItemPage"],"@id":"https:\/\/artistics.com\/fr\/oeuvre\/barricada-14-aip-m105\/","url":"https:\/\/artistics.com\/fr\/oeuvre\/barricada-14-aip-m105\/","name":"Artistics | Barricada #14 aip M105 par Alejandro Vega Beuvrin - Sculpture contemporaine","isPartOf":{"@id":"https:\/\/artistics.com\/fr\/#website"},"primaryImageOfPage":{"@id":"https:\/\/artistics.com\/fr\/oeuvre\/barricada-14-aip-m105\/#primaryimage"},"image":{"@id":"https:\/\/artistics.com\/fr\/oeuvre\/barricada-14-aip-m105\/#primaryimage"},"thumbnailUrl":"https:\/\/artistics.com\/wp-content\/uploads\/2024\/05\/barricada-14-aip-m105-sculpture-by-alejandro-vega-beuvrin-1.jpeg","datePublished":"2024-05-27T10:43:22+00:00","dateModified":"2024-05-27T15:38:37+00:00","description":"Barricada #14 aip M105 par Alejandro Vega Beuvrin - achat d'\u0153uvres d'art contemporain originales sur la galerie d'art en ligne Artistics.","breadcrumb":{"@id":"https:\/\/artistics.com\/fr\/oeuvre\/barricada-14-aip-m105\/#breadcrumb"},"inLanguage":"fr-FR","potentialAction":[{"@type":"ReadAction","target":["https:\/\/artistics.com\/fr\/oeuvre\/barricada-14-aip-m105\/"]}]},{"@type":"ImageObject","inLanguage":"fr-FR","@id":"https:\/\/artistics.com\/fr\/oeuvre\/barricada-14-aip-m105\/#primaryimage","url":"https:\/\/artistics.com\/wp-content\/uploads\/2024\/05\/barricada-14-aip-m105-sculpture-by-alejandro-vega-beuvrin-1.jpeg","contentUrl":"https:\/\/artistics.com\/wp-content\/uploads\/2024\/05\/barricada-14-aip-m105-sculpture-by-alejandro-vega-beuvrin-1.jpeg","width":2560,"height":1555},{"@type":"BreadcrumbList","@id":"https:\/\/artistics.com\/fr\/oeuvre\/barricada-14-aip-m105\/#breadcrumb","itemListElement":[{"@type":"ListItem","position":1,"name":"Achat \u0153uvre d'art","item":"https:\/\/artistics.com\/fr\/"},{"@type":"ListItem","position":2,"name":"Galerie","item":"https:\/\/artistics.com\/fr\/galerie\/"},{"@type":"ListItem","position":3,"name":"Sculpture contemporaine","item":"https:\/\/artistics.com\/fr\/categorie-oeuvre\/sculpture-contemporaine\/"},{"@type":"ListItem","position":4,"name":"Barricada #14 aip M105"}]},{"@type":"WebSite","@id":"https:\/\/artistics.com\/fr\/#website","url":"https:\/\/artistics.com\/fr\/","name":"Artistics","description":"The online art gallery","publisher":{"@id":"https:\/\/artistics.com\/fr\/#organization"},"potentialAction":[{"@type":"SearchAction","target":{"@type":"EntryPoint","urlTemplate":"https:\/\/artistics.com\/fr\/?s={search_term_string}"},"query-input":{"@type":"PropertyValueSpecification","valueRequired":true,"valueName":"search_term_string"}}],"inLanguage":"fr-FR"},{"@type":"Organization","@id":"https:\/\/artistics.com\/fr\/#organization","name":"Artistics","url":"https:\/\/artistics.com\/fr\/","logo":{"@type":"ImageObject","inLanguage":"fr-FR","@id":"https:\/\/artistics.com\/fr\/#\/schema\/logo\/image\/","url":"https:\/\/artistics.com\/wp-content\/uploads\/2023\/02\/artistics-logo-web-1.svg","contentUrl":"https:\/\/artistics.com\/wp-content\/uploads\/2023\/02\/artistics-logo-web-1.svg","caption":"Artistics"},"image":{"@id":"https:\/\/artistics.com\/fr\/#\/schema\/logo\/image\/"},"sameAs":["https:\/\/www.facebook.com\/ArtisticsMag","https:\/\/x.com\/Artistics_FR","http:\/\/www.linkedin.com\/company\/artistics","https:\/\/www.instagram.com\/artistics_com\/","http:\/\/www.pinterest.com\/ArtisticsMag"],"hasMerchantReturnPolicy":{"@type":"MerchantReturnPolicy","merchantReturnLink":"https:\/\/artistics.com\/free-return-policy\/"}}]},"product_price_amount":"18000","product_price_currency":"EUR","og_availability":"out of stock","product_availability":"out of stock","product_condition":"new"},"_links":{"self":[{"href":"https:\/\/artistics.com\/fr\/wp-json\/wp\/v2\/product\/56192","targetHints":{"allow":["GET"]}}],"collection":[{"href":"https:\/\/artistics.com\/fr\/wp-json\/wp\/v2\/product"}],"about":[{"href":"https:\/\/artistics.com\/fr\/wp-json\/wp\/v2\/types\/product"}],"acf:term":[{"embeddable":true,"taxonomy":"series","href":"https:\/\/artistics.com\/fr\/wp-json\/wp\/v2\/series\/2304"},{"embeddable":true,"taxonomy":"product_tag","href":"https:\/\/artistics.com\/fr\/wp-json\/wp\/v2\/product_tag\/368"},{"embeddable":true,"taxonomy":"product_tag","href":"https:\/\/artistics.com\/fr\/wp-json\/wp\/v2\/product_tag\/562"},{"embeddable":true,"taxonomy":"product_cat","href":"https:\/\/artistics.com\/fr\/wp-json\/wp\/v2\/product_cat\/238"},{"embeddable":true,"taxonomy":"product_cat","href":"https:\/\/artistics.com\/fr\/wp-json\/wp\/v2\/product_cat\/216"},{"embeddable":true,"taxonomy":"product_cat","href":"https:\/\/artistics.com\/fr\/wp-json\/wp\/v2\/product_cat\/193"},{"embeddable":true,"taxonomy":"product_cat","href":"https:\/\/artistics.com\/fr\/wp-json\/wp\/v2\/product_cat\/189"},{"embeddable":true,"taxonomy":"product_cat","href":"https:\/\/artistics.com\/fr\/wp-json\/wp\/v2\/product_cat\/407"},{"embeddable":true,"taxonomy":"product_cat","href":"https:\/\/artistics.com\/fr\/wp-json\/wp\/v2\/product_cat\/424"},{"embeddable":true,"taxonomy":"product_cat","href":"https:\/\/artistics.com\/fr\/wp-json\/wp\/v2\/product_cat\/413"},{"embeddable":true,"taxonomy":"product_cat","href":"https:\/\/artistics.com\/fr\/wp-json\/wp\/v2\/product_cat\/210"},{"embeddable":true,"taxonomy":"product_cat","href":"https:\/\/artistics.com\/fr\/wp-json\/wp\/v2\/product_cat\/2243"},{"embeddable":true,"taxonomy":"product_cat","href":"https:\/\/artistics.com\/fr\/wp-json\/wp\/v2\/product_cat\/204"},{"embeddable":true,"taxonomy":"product_cat","href":"https:\/\/artistics.com\/fr\/wp-json\/wp\/v2\/product_cat\/164"}],"acf:post":[{"embeddable":true,"href":"https:\/\/artistics.com\/fr\/wp-json\/wp\/v2\/artist\/2793"}],"wp:featuredmedia":[{"embeddable":true,"href":"https:\/\/artistics.com\/fr\/wp-json\/wp\/v2\/media\/56161"}],"wp:attachment":[{"href":"https:\/\/artistics.com\/fr\/wp-json\/wp\/v2\/media?parent=56192"}],"wp:term":[{"taxonomy":"product_cat","embeddable":true,"href":"https:\/\/artistics.com\/fr\/wp-json\/wp\/v2\/product_cat?post=56192"},{"taxonomy":"product_tag","embeddable":true,"href":"https:\/\/artistics.com\/fr\/wp-json\/wp\/v2\/product_tag?post=56192"},{"taxonomy":"series","embeddable":true,"href":"https:\/\/artistics.com\/fr\/wp-json\/wp\/v2\/series?post=56192"}],"curies":[{"name":"wp","href":"https:\/\/api.w.org\/{rel}","templated":true}]}}