{"id":54665,"date":"2024-04-26T17:27:41","date_gmt":"2024-04-26T15:27:41","guid":{"rendered":"https:\/\/artistics.com\/?post_type=product&#038;p=54665"},"modified":"2024-04-30T17:14:01","modified_gmt":"2024-04-30T15:14:01","slug":"barricada-20-aip-l300","status":"publish","type":"product","link":"https:\/\/artistics.com\/fr\/oeuvre\/barricada-20-aip-l300\/","title":{"rendered":"Barricada #20 aip L300"},"content":{"rendered":"","protected":false},"excerpt":{"rendered":"","protected":false},"featured_media":54642,"template":"","meta":{"_acf_changed":false,"_searchwp_excluded":"","inline_featured_image":false},"product_cat":[407,424,407,413,421,421,424,413,164,210,164,204,189,193,204,215,210,215,189,193,238,238],"product_tag":[562,340,2505,368,487,2481],"series":[1788],"class_list":{"0":"post-54665","1":"product","2":"type-product","3":"status-publish","4":"has-post-thumbnail","6":"product_cat-art-minimaliste","7":"product_cat-sculpture-en-metal","9":"product_cat-sculpture-minimaliste","10":"product_cat-sculpture-dexterieur","14":"product_cat-sculpture-contemporaine","15":"product_cat-sculpture-geometrique","17":"product_cat-sculpture-abstraite","18":"product_cat-art-abstrait","19":"product_cat-geometrique","21":"product_cat-grand","26":"product_cat-plus-de-10-000-e","28":"product_tag-argente","29":"product_tag-large-scale-sculpture","30":"product_tag-oeuvres-dart-verticales","31":"product_tag-sculpture-grand-format","32":"product_tag-silver","33":"product_tag-vertical-artwork","34":"series-alejandro-vega-beuvrin-sculptures-grand-format","36":"first","37":"instock","38":"taxable","39":"shipping-taxable","40":"purchasable","41":"product-type-simple"},"acf":{"artwork_artist":[2793],"artwork_medium":164,"artwork_categories":[210,204,421,413,424],"artwork_overall-tones":[],"artwork_main-material":[424],"artwork_art-genre":[],"artwork_art-movement":[413,407,189],"artwork_miscellaneous":[193],"artwork_formats":[215],"artwork_price-ranges":[238],"artwork_main_subject":[],"artwork_technique":[],"artwork_featured_location":[],"artwork_dominant_color":[562],"artwork_physical_attributes":[368,2505,368],"artwork_creation_date":"20200101","artwork_unique_piece":false,"artwork_description":"Sculpture en acier inoxydable","artwork_signature":"\u0152uvre sign\u00e9e","artwork_authenticity":"L\u2019\u0153uvre est vendue avec un certificat d\u2019authenticit\u00e9 sign\u00e9 par l\u2019artiste.","artwork_framing":"not_specified","artwork_has_custom_framing_info":false,"artwork_custom_framing_info":"Not specified","artwork_location_country":"ES","artwork_location_city":"Barcelone","artwork_location_zipcode":"08013","artwork_shipment_type":"3D_artwork","artwork_shipping_delivery":"sculpture_commissioned_production_time","artwork_has_custom_shipping_delivery_info":false,"artwork_custom_shipping_delivery_info":"Not specified","artwork_360_view_url":"","artwork_video_url":"","artwork_video_format":[],"artwork_preview_type":"featured_image","artwork_reserved":false,"artwork_hide_price":true,"artwork_about":"<em><strong>Barricada #20 aip L300<\/strong><\/em> est une sculpture r\u00e9alisable sur commande par l\u2019artiste contemporain v\u00e9n\u00e9zu\u00e9lien Alejandro Vega Beuvrin. La sculpture en acier inoxydable de la premi\u00e8re photo a \u00e9t\u00e9 pr\u00e9sent\u00e9e dans les rues de Madrid dans le cadre de l'exposition \u00ab Rencontre avec l'art \u00bb dans le Madrid Luxury District. La sculpture en acier inoxydable peinte sur les photos suivantes a \u00e9t\u00e9 expos\u00e9e \u00e0 JING'AN INTERNATIONAL SCULPTURE PROJECT en novembre 2023 dans le cadre d'ART021 - Shanghai International Art Festival 2023 (Chine).\r\n\r\nLes \u0153uvres d\u2019Alejandro Vega Beuvrin sont con\u00e7ues comme des \u00ab dessins spatiaux \u00bb. A la mani\u00e8re des minimalistes, et influenc\u00e9 par ses connaissances en architecture, l\u2019artiste envisage ses \u0153uvres dans une relation \u00e0 l\u2019espace qui les entoure. De ses dessins num\u00e9riques unidimensionnels, l\u2019artiste d\u00e9coupe des plaques de m\u00e9tal d'une \u00e9paisseur de 6 millim\u00e8tres au laser qui, apr\u00e8s assemblage, se transforment en objets en trois dimensions.\r\n\r\nLes cr\u00e9ations de Alejandro Vega Beuvrin recouvrent \u00e9galement une dimension politique. Intitul\u00e9es \u00ab Barricada \u00bb, ces sculptures en feuilles de m\u00e9tal sont des hommages rendus \u00e0 un mode de r\u00e9sistance populaire propre \u00e0 la r\u00e9volution v\u00e9n\u00e9zu\u00e9lienne dit \u00ab Guarimba \u00bb : il s\u2019agit de manifestations organis\u00e9es qui doivent aboutir au blocage pacifique des rues gr\u00e2ce \u00e0 la construction de barricades.\r\n\r\nCette \u0153uvre peut \u00eatre \u00e9dit\u00e9e \u00e9galement en acier inoxydable peint ou en acier Corten. Nous contacter pour plus d\u2019informations.","artwork_series":[1788],"artwork_query_group":"20","artwork_lowest_grid_position":1,"artwork_random_position":1578121,"explicit_sensitive_content":false,"drupal_id":"6965"},"yoast_head":"<!-- This site is optimized with the Yoast SEO Premium plugin v27.3 (Yoast SEO v27.3) - https:\/\/yoast.com\/product\/yoast-seo-premium-wordpress\/ -->\n<title>Artistics | Barricada #20 aip L300 par Alejandro Vega Beuvrin - Sculpture contemporaine<\/title>\n<meta name=\"description\" content=\"Barricada #20 aip L300 par Alejandro Vega Beuvrin - achat d&#039;\u0153uvres d&#039;art contemporain originales sur la galerie d&#039;art en ligne Artistics.\" \/>\n<meta name=\"robots\" content=\"index, follow, max-snippet:-1, max-image-preview:large, max-video-preview:-1\" \/>\n<link rel=\"canonical\" href=\"https:\/\/artistics.com\/fr\/oeuvre\/barricada-20-aip-l300\/\" \/>\n<meta property=\"og:locale\" content=\"fr_FR\" \/>\n<meta property=\"og:type\" content=\"article\" \/>\n<meta property=\"og:title\" content=\"Barricada #20 aip L300\" \/>\n<meta property=\"og:description\" content=\"Barricada #20 aip L300 par Alejandro Vega Beuvrin - achat d&#039;\u0153uvres d&#039;art contemporain originales sur la galerie d&#039;art en ligne Artistics.\" \/>\n<meta property=\"og:url\" content=\"https:\/\/artistics.com\/fr\/oeuvre\/barricada-20-aip-l300\/\" \/>\n<meta property=\"og:site_name\" content=\"Artistics\" \/>\n<meta property=\"article:publisher\" content=\"https:\/\/www.facebook.com\/ArtisticsMag\" \/>\n<meta property=\"article:modified_time\" content=\"2024-04-30T15:14:01+00:00\" \/>\n<meta property=\"og:image\" content=\"https:\/\/artistics.com\/wp-content\/uploads\/2024\/04\/barricada-20-aip-l300-sculpture-by-alejandro-vega-beuvrin-1.jpg\" \/>\n\t<meta property=\"og:image:width\" content=\"1581\" \/>\n\t<meta property=\"og:image:height\" content=\"2000\" \/>\n\t<meta property=\"og:image:type\" content=\"image\/jpeg\" \/>\n<meta name=\"twitter:card\" content=\"summary_large_image\" \/>\n<meta name=\"twitter:site\" content=\"@Artistics_FR\" \/>\n<meta name=\"twitter:label1\" content=\"Prix\" \/>\n\t<meta name=\"twitter:data1\" content=\"60 000&nbsp;&euro;\" \/>\n\t<meta name=\"twitter:label2\" content=\"Disponibilit\u00e9\" \/>\n\t<meta name=\"twitter:data2\" content=\"En stock\" \/>\n<script type=\"application\/ld+json\" class=\"yoast-schema-graph\">{\"@context\":\"https:\\\/\\\/schema.org\",\"@graph\":[{\"@type\":[\"WebPage\",\"ItemPage\"],\"@id\":\"https:\\\/\\\/artistics.com\\\/fr\\\/oeuvre\\\/barricada-20-aip-l300\\\/\",\"url\":\"https:\\\/\\\/artistics.com\\\/fr\\\/oeuvre\\\/barricada-20-aip-l300\\\/\",\"name\":\"Artistics | Barricada #20 aip L300 par Alejandro Vega Beuvrin - Sculpture contemporaine\",\"isPartOf\":{\"@id\":\"https:\\\/\\\/artistics.com\\\/fr\\\/#website\"},\"primaryImageOfPage\":{\"@id\":\"https:\\\/\\\/artistics.com\\\/fr\\\/oeuvre\\\/barricada-20-aip-l300\\\/#primaryimage\"},\"image\":{\"@id\":\"https:\\\/\\\/artistics.com\\\/fr\\\/oeuvre\\\/barricada-20-aip-l300\\\/#primaryimage\"},\"thumbnailUrl\":\"https:\\\/\\\/artistics.com\\\/wp-content\\\/uploads\\\/2024\\\/04\\\/barricada-20-aip-l300-sculpture-by-alejandro-vega-beuvrin-1.jpg\",\"datePublished\":\"2024-04-26T15:27:41+00:00\",\"dateModified\":\"2024-04-30T15:14:01+00:00\",\"description\":\"Barricada #20 aip L300 par Alejandro Vega Beuvrin - achat d'\u0153uvres d'art contemporain originales sur la galerie d'art en ligne Artistics.\",\"breadcrumb\":{\"@id\":\"https:\\\/\\\/artistics.com\\\/fr\\\/oeuvre\\\/barricada-20-aip-l300\\\/#breadcrumb\"},\"inLanguage\":\"fr-FR\",\"potentialAction\":[{\"@type\":\"ReadAction\",\"target\":[\"https:\\\/\\\/artistics.com\\\/fr\\\/oeuvre\\\/barricada-20-aip-l300\\\/\"]}]},{\"@type\":\"ImageObject\",\"inLanguage\":\"fr-FR\",\"@id\":\"https:\\\/\\\/artistics.com\\\/fr\\\/oeuvre\\\/barricada-20-aip-l300\\\/#primaryimage\",\"url\":\"https:\\\/\\\/artistics.com\\\/wp-content\\\/uploads\\\/2024\\\/04\\\/barricada-20-aip-l300-sculpture-by-alejandro-vega-beuvrin-1.jpg\",\"contentUrl\":\"https:\\\/\\\/artistics.com\\\/wp-content\\\/uploads\\\/2024\\\/04\\\/barricada-20-aip-l300-sculpture-by-alejandro-vega-beuvrin-1.jpg\",\"width\":1581,\"height\":2000},{\"@type\":\"BreadcrumbList\",\"@id\":\"https:\\\/\\\/artistics.com\\\/fr\\\/oeuvre\\\/barricada-20-aip-l300\\\/#breadcrumb\",\"itemListElement\":[{\"@type\":\"ListItem\",\"position\":1,\"name\":\"Achat \u0153uvre d'art\",\"item\":\"https:\\\/\\\/artistics.com\\\/fr\\\/\"},{\"@type\":\"ListItem\",\"position\":2,\"name\":\"Galerie\",\"item\":\"https:\\\/\\\/artistics.com\\\/fr\\\/galerie\\\/\"},{\"@type\":\"ListItem\",\"position\":3,\"name\":\"Sculpture contemporaine\",\"item\":\"https:\\\/\\\/artistics.com\\\/fr\\\/categorie-oeuvre\\\/sculpture-contemporaine\\\/\"},{\"@type\":\"ListItem\",\"position\":4,\"name\":\"Barricada #20 aip L300\"}]},{\"@type\":\"WebSite\",\"@id\":\"https:\\\/\\\/artistics.com\\\/fr\\\/#website\",\"url\":\"https:\\\/\\\/artistics.com\\\/fr\\\/\",\"name\":\"Artistics\",\"description\":\"The online art gallery\",\"publisher\":{\"@id\":\"https:\\\/\\\/artistics.com\\\/fr\\\/#organization\"},\"potentialAction\":[{\"@type\":\"SearchAction\",\"target\":{\"@type\":\"EntryPoint\",\"urlTemplate\":\"https:\\\/\\\/artistics.com\\\/fr\\\/?s={search_term_string}\"},\"query-input\":{\"@type\":\"PropertyValueSpecification\",\"valueRequired\":true,\"valueName\":\"search_term_string\"}}],\"inLanguage\":\"fr-FR\"},{\"@type\":\"Organization\",\"@id\":\"https:\\\/\\\/artistics.com\\\/fr\\\/#organization\",\"name\":\"Artistics\",\"url\":\"https:\\\/\\\/artistics.com\\\/fr\\\/\",\"logo\":{\"@type\":\"ImageObject\",\"inLanguage\":\"fr-FR\",\"@id\":\"https:\\\/\\\/artistics.com\\\/fr\\\/#\\\/schema\\\/logo\\\/image\\\/\",\"url\":\"https:\\\/\\\/artistics.com\\\/wp-content\\\/uploads\\\/2023\\\/02\\\/artistics-logo-web-1.svg\",\"contentUrl\":\"https:\\\/\\\/artistics.com\\\/wp-content\\\/uploads\\\/2023\\\/02\\\/artistics-logo-web-1.svg\",\"caption\":\"Artistics\"},\"image\":{\"@id\":\"https:\\\/\\\/artistics.com\\\/fr\\\/#\\\/schema\\\/logo\\\/image\\\/\"},\"sameAs\":[\"https:\\\/\\\/www.facebook.com\\\/ArtisticsMag\",\"https:\\\/\\\/x.com\\\/Artistics_FR\",\"http:\\\/\\\/www.linkedin.com\\\/company\\\/artistics\",\"https:\\\/\\\/www.instagram.com\\\/artistics_com\\\/\",\"http:\\\/\\\/www.pinterest.com\\\/ArtisticsMag\"],\"hasMerchantReturnPolicy\":{\"@type\":\"MerchantReturnPolicy\",\"merchantReturnLink\":\"https:\\\/\\\/artistics.com\\\/free-return-policy\\\/\"}}]}<\/script>\n<meta property=\"product:price:amount\" content=\"60000\" \/>\n<meta property=\"product:price:currency\" content=\"EUR\" \/>\n<meta property=\"og:availability\" content=\"instock\" \/>\n<meta property=\"product:availability\" content=\"instock\" \/>\n<meta property=\"product:condition\" content=\"new\" \/>\n<!-- \/ Yoast SEO Premium plugin. -->","yoast_head_json":{"title":"Artistics | Barricada #20 aip L300 par Alejandro Vega Beuvrin - Sculpture contemporaine","description":"Barricada #20 aip L300 par Alejandro Vega Beuvrin - achat d'\u0153uvres d'art contemporain originales sur la galerie d'art en ligne Artistics.","robots":{"index":"index","follow":"follow","max-snippet":"max-snippet:-1","max-image-preview":"max-image-preview:large","max-video-preview":"max-video-preview:-1"},"canonical":"https:\/\/artistics.com\/fr\/oeuvre\/barricada-20-aip-l300\/","og_locale":"fr_FR","og_type":"article","og_title":"Barricada #20 aip L300","og_description":"Barricada #20 aip L300 par Alejandro Vega Beuvrin - achat d'\u0153uvres d'art contemporain originales sur la galerie d'art en ligne Artistics.","og_url":"https:\/\/artistics.com\/fr\/oeuvre\/barricada-20-aip-l300\/","og_site_name":"Artistics","article_publisher":"https:\/\/www.facebook.com\/ArtisticsMag","article_modified_time":"2024-04-30T15:14:01+00:00","og_image":[{"width":1581,"height":2000,"url":"https:\/\/artistics.com\/wp-content\/uploads\/2024\/04\/barricada-20-aip-l300-sculpture-by-alejandro-vega-beuvrin-1.jpg","type":"image\/jpeg"}],"twitter_card":"summary_large_image","twitter_site":"@Artistics_FR","twitter_misc":{"Prix":"60 000&nbsp;&euro;","Disponibilit\u00e9":"En stock"},"schema":{"@context":"https:\/\/schema.org","@graph":[{"@type":["WebPage","ItemPage"],"@id":"https:\/\/artistics.com\/fr\/oeuvre\/barricada-20-aip-l300\/","url":"https:\/\/artistics.com\/fr\/oeuvre\/barricada-20-aip-l300\/","name":"Artistics | Barricada #20 aip L300 par Alejandro Vega Beuvrin - Sculpture contemporaine","isPartOf":{"@id":"https:\/\/artistics.com\/fr\/#website"},"primaryImageOfPage":{"@id":"https:\/\/artistics.com\/fr\/oeuvre\/barricada-20-aip-l300\/#primaryimage"},"image":{"@id":"https:\/\/artistics.com\/fr\/oeuvre\/barricada-20-aip-l300\/#primaryimage"},"thumbnailUrl":"https:\/\/artistics.com\/wp-content\/uploads\/2024\/04\/barricada-20-aip-l300-sculpture-by-alejandro-vega-beuvrin-1.jpg","datePublished":"2024-04-26T15:27:41+00:00","dateModified":"2024-04-30T15:14:01+00:00","description":"Barricada #20 aip L300 par Alejandro Vega Beuvrin - achat d'\u0153uvres d'art contemporain originales sur la galerie d'art en ligne Artistics.","breadcrumb":{"@id":"https:\/\/artistics.com\/fr\/oeuvre\/barricada-20-aip-l300\/#breadcrumb"},"inLanguage":"fr-FR","potentialAction":[{"@type":"ReadAction","target":["https:\/\/artistics.com\/fr\/oeuvre\/barricada-20-aip-l300\/"]}]},{"@type":"ImageObject","inLanguage":"fr-FR","@id":"https:\/\/artistics.com\/fr\/oeuvre\/barricada-20-aip-l300\/#primaryimage","url":"https:\/\/artistics.com\/wp-content\/uploads\/2024\/04\/barricada-20-aip-l300-sculpture-by-alejandro-vega-beuvrin-1.jpg","contentUrl":"https:\/\/artistics.com\/wp-content\/uploads\/2024\/04\/barricada-20-aip-l300-sculpture-by-alejandro-vega-beuvrin-1.jpg","width":1581,"height":2000},{"@type":"BreadcrumbList","@id":"https:\/\/artistics.com\/fr\/oeuvre\/barricada-20-aip-l300\/#breadcrumb","itemListElement":[{"@type":"ListItem","position":1,"name":"Achat \u0153uvre d'art","item":"https:\/\/artistics.com\/fr\/"},{"@type":"ListItem","position":2,"name":"Galerie","item":"https:\/\/artistics.com\/fr\/galerie\/"},{"@type":"ListItem","position":3,"name":"Sculpture contemporaine","item":"https:\/\/artistics.com\/fr\/categorie-oeuvre\/sculpture-contemporaine\/"},{"@type":"ListItem","position":4,"name":"Barricada #20 aip L300"}]},{"@type":"WebSite","@id":"https:\/\/artistics.com\/fr\/#website","url":"https:\/\/artistics.com\/fr\/","name":"Artistics","description":"The online art gallery","publisher":{"@id":"https:\/\/artistics.com\/fr\/#organization"},"potentialAction":[{"@type":"SearchAction","target":{"@type":"EntryPoint","urlTemplate":"https:\/\/artistics.com\/fr\/?s={search_term_string}"},"query-input":{"@type":"PropertyValueSpecification","valueRequired":true,"valueName":"search_term_string"}}],"inLanguage":"fr-FR"},{"@type":"Organization","@id":"https:\/\/artistics.com\/fr\/#organization","name":"Artistics","url":"https:\/\/artistics.com\/fr\/","logo":{"@type":"ImageObject","inLanguage":"fr-FR","@id":"https:\/\/artistics.com\/fr\/#\/schema\/logo\/image\/","url":"https:\/\/artistics.com\/wp-content\/uploads\/2023\/02\/artistics-logo-web-1.svg","contentUrl":"https:\/\/artistics.com\/wp-content\/uploads\/2023\/02\/artistics-logo-web-1.svg","caption":"Artistics"},"image":{"@id":"https:\/\/artistics.com\/fr\/#\/schema\/logo\/image\/"},"sameAs":["https:\/\/www.facebook.com\/ArtisticsMag","https:\/\/x.com\/Artistics_FR","http:\/\/www.linkedin.com\/company\/artistics","https:\/\/www.instagram.com\/artistics_com\/","http:\/\/www.pinterest.com\/ArtisticsMag"],"hasMerchantReturnPolicy":{"@type":"MerchantReturnPolicy","merchantReturnLink":"https:\/\/artistics.com\/free-return-policy\/"}}]},"product_price_amount":"60000","product_price_currency":"EUR","og_availability":"instock","product_availability":"instock","product_condition":"new"},"_links":{"self":[{"href":"https:\/\/artistics.com\/fr\/wp-json\/wp\/v2\/product\/54665","targetHints":{"allow":["GET"]}}],"collection":[{"href":"https:\/\/artistics.com\/fr\/wp-json\/wp\/v2\/product"}],"about":[{"href":"https:\/\/artistics.com\/fr\/wp-json\/wp\/v2\/types\/product"}],"acf:term":[{"embeddable":true,"taxonomy":"series","href":"https:\/\/artistics.com\/fr\/wp-json\/wp\/v2\/series\/1788"},{"embeddable":true,"taxonomy":"product_tag","href":"https:\/\/artistics.com\/fr\/wp-json\/wp\/v2\/product_tag\/2505"},{"embeddable":true,"taxonomy":"product_tag","href":"https:\/\/artistics.com\/fr\/wp-json\/wp\/v2\/product_tag\/368"},{"embeddable":true,"taxonomy":"product_tag","href":"https:\/\/artistics.com\/fr\/wp-json\/wp\/v2\/product_tag\/562"},{"embeddable":true,"taxonomy":"product_cat","href":"https:\/\/artistics.com\/fr\/wp-json\/wp\/v2\/product_cat\/238"},{"embeddable":true,"taxonomy":"product_cat","href":"https:\/\/artistics.com\/fr\/wp-json\/wp\/v2\/product_cat\/215"},{"embeddable":true,"taxonomy":"product_cat","href":"https:\/\/artistics.com\/fr\/wp-json\/wp\/v2\/product_cat\/193"},{"embeddable":true,"taxonomy":"product_cat","href":"https:\/\/artistics.com\/fr\/wp-json\/wp\/v2\/product_cat\/189"},{"embeddable":true,"taxonomy":"product_cat","href":"https:\/\/artistics.com\/fr\/wp-json\/wp\/v2\/product_cat\/407"},{"embeddable":true,"taxonomy":"product_cat","href":"https:\/\/artistics.com\/fr\/wp-json\/wp\/v2\/product_cat\/424"},{"embeddable":true,"taxonomy":"product_cat","href":"https:\/\/artistics.com\/fr\/wp-json\/wp\/v2\/product_cat\/413"},{"embeddable":true,"taxonomy":"product_cat","href":"https:\/\/artistics.com\/fr\/wp-json\/wp\/v2\/product_cat\/421"},{"embeddable":true,"taxonomy":"product_cat","href":"https:\/\/artistics.com\/fr\/wp-json\/wp\/v2\/product_cat\/204"},{"embeddable":true,"taxonomy":"product_cat","href":"https:\/\/artistics.com\/fr\/wp-json\/wp\/v2\/product_cat\/210"},{"embeddable":true,"taxonomy":"product_cat","href":"https:\/\/artistics.com\/fr\/wp-json\/wp\/v2\/product_cat\/164"}],"acf:post":[{"embeddable":true,"href":"https:\/\/artistics.com\/fr\/wp-json\/wp\/v2\/artist\/2793"}],"wp:featuredmedia":[{"embeddable":true,"href":"https:\/\/artistics.com\/fr\/wp-json\/wp\/v2\/media\/54642"}],"wp:attachment":[{"href":"https:\/\/artistics.com\/fr\/wp-json\/wp\/v2\/media?parent=54665"}],"wp:term":[{"taxonomy":"product_cat","embeddable":true,"href":"https:\/\/artistics.com\/fr\/wp-json\/wp\/v2\/product_cat?post=54665"},{"taxonomy":"product_tag","embeddable":true,"href":"https:\/\/artistics.com\/fr\/wp-json\/wp\/v2\/product_tag?post=54665"},{"taxonomy":"series","embeddable":true,"href":"https:\/\/artistics.com\/fr\/wp-json\/wp\/v2\/series?post=54665"}],"curies":[{"name":"wp","href":"https:\/\/api.w.org\/{rel}","templated":true}]}}