{"id":54574,"date":"2024-04-26T11:37:38","date_gmt":"2024-04-26T09:37:38","guid":{"rendered":"https:\/\/artistics.com\/?post_type=product&#038;p=54574"},"modified":"2024-04-26T15:04:37","modified_gmt":"2024-04-26T13:04:37","slug":"growing-up-11","status":"publish","type":"product","link":"https:\/\/artistics.com\/fr\/oeuvre\/growing-up-11\/","title":{"rendered":"GROWING UP 11"},"content":{"rendered":"","protected":false},"excerpt":{"rendered":"","protected":false},"featured_media":54576,"template":"","meta":{"_acf_changed":false,"_searchwp_excluded":"","inline_featured_image":false},"product_cat":[162,162,169,170,169,170,189,192,215,228,215,189,192,228,238,238],"product_tag":[499,574,339,342,354,341],"series":[2026],"class_list":{"0":"post-54574","1":"product","2":"type-product","3":"status-publish","4":"has-post-thumbnail","6":"product_cat-peinture-contemporaine","8":"product_cat-peinture-abstraite","9":"product_cat-peinture-figurative","12":"product_cat-art-abstrait","13":"product_cat-art-figuratif","14":"product_cat-grand","15":"product_cat-couleurs-vives","20":"product_cat-plus-de-10-000-e","22":"product_tag-diptych","23":"product_tag-diptyque","24":"product_tag-large-scale-painting","25":"product_tag-peinture-couleurs-vives","26":"product_tag-tableau-grand-format","27":"product_tag-vivid-colors-painting","28":"series-zoran-simunovic-growing-up-fr","30":"first","31":"outofstock","32":"taxable","33":"shipping-taxable","34":"purchasable","35":"product-type-simple"},"acf":{"artwork_artist":[2808],"artwork_medium":162,"artwork_categories":[169,170],"artwork_overall-tones":[228],"artwork_main-material":[],"artwork_art-genre":[],"artwork_art-movement":[189,192],"artwork_miscellaneous":[],"artwork_formats":[215],"artwork_price-ranges":[238],"artwork_main_subject":[],"artwork_technique":[],"artwork_featured_location":[],"artwork_dominant_color":[],"artwork_physical_attributes":[354,342,574],"artwork_creation_date":"20240101","artwork_unique_piece":true,"artwork_description":"Huile sur toile","artwork_signature":"\u0152uvre sign\u00e9e","artwork_authenticity":"L\u2019\u0153uvre est vendue avec un certificat d\u2019authenticit\u00e9 sign\u00e9 par l\u2019artiste.","artwork_framing":"unframed","artwork_has_custom_framing_info":false,"artwork_custom_framing_info":"L'\u0153uvre est vendue encadr\u00e9e. Dimensions de l\u2019\u0153uvre encadr\u00e9e\u00a0: 182 x 152 cm.","artwork_location_country":"","artwork_location_city":"","artwork_location_zipcode":"","artwork_shipment_type":"2D_flat_artwork","artwork_shipping_delivery":"painting_immediate_availability","artwork_has_custom_shipping_delivery_info":false,"artwork_custom_shipping_delivery_info":"Not specified","artwork_360_view_url":"","artwork_video_url":"https:\/\/youtube.com\/watch\/FJPovS_X6-4","artwork_video_format":["vertical"],"artwork_preview_type":"auto","artwork_reserved":false,"artwork_hide_price":false,"artwork_about":"<em><strong>GROWING UP 11<\/strong><\/em> est une \u0153uvre de l\u2019artiste croate Zoran \u0160imunovi\u0107 issue de la s\u00e9rie GROWING UP. Cette \u0153uvre est un diptyque, les dimensions de chaque pi\u00e8ce sont de 180 x 145 cm.\r\n\r\nToutes les s\u00e9ries de l\u2019artiste sont intrins\u00e8quement li\u00e9es les unes aux autres, en tant qu\u2019il consid\u00e8re que chaque s\u00e9rie est une \u00e9volution de la pr\u00e9c\u00e9dente.\r\n\r\nLa s\u00e9rie GROWING UP poursuit la r\u00e9flexion sur l\u2019importance de l\u2019art et son omnipr\u00e9sence dans la vie quotidienne d\u00e9j\u00e0 initi\u00e9e avec DO ASTRONAUTS NEED ART? En choisissant de peindre des objets communs dans ses tableaux, l\u2019artiste exhorte le public \u00e0 consid\u00e9rer le potentiel artistique dans tout ce qui l\u2019entoure. Dans cette s\u00e9rie, il int\u00e8gre des objets personnels de ses proches, objets qui ont \u00e9t\u00e9 importants pour eux, avec lesquels ils ont grandi et auxquels leurs beaux souvenirs d\u2019enfance sont li\u00e9s.\r\n\r\nPour Zoran \u0160imunovi\u0107, l\u2019art est avant tout jeu et plaisir. Sa vision de la vie est extr\u00eamement optimiste et il cherche \u00e0 travers ses \u0153uvres \u00e0 \u00e9voquer chez l\u2019observateur des \u00e9motions positives ou des souvenirs personnels heureux. Pour cela, il emploie dans ses peintures des combinaisons raffin\u00e9es de couleurs vives et attrayantes. L\u2019artiste trouve son inspiration dans les espaces qui l\u2019entourent et les objets ordinaires qui font partie de sa vie : les jouets, les fruits, les meubles, les plantes\u2026 Ces petites choses communes mais importantes qui attirent son attention et sa cr\u00e9ativit\u00e9 sont mises \u00e0 l\u2019honneur dans ses tableaux.\r\n\r\n\u00ab <em>Certaines des choses que je peins datent de mon enfance, d\u2019autres sont plus r\u00e9centes. Leur datation n\u2019est pas importante. Ce qui l\u2019est, c\u2019est l\u2019\u00e9motion qu\u2019ils \u00e9veillent en moi. Il est parfois difficile pour les artistes de mettre \u00e0 nu leur intimit\u00e9 et de la montrer au monde, mais cela ne me pose aucun probl\u00e8me. Peut-\u00eatre parce que je suis toujours heureux avec les peintures, qui me procurent du plaisir et du bonheur, et j\u2019esp\u00e8re qu\u2019elles auront le m\u00eame effet sur le public.<\/em> \u00bb\r\n\r\nGr\u00e2ce \u00e0 une composition unique qui m\u00e9lange harmonieusement motifs figuratifs et \u00e9l\u00e9ments abstraits, Zoran parvient \u00e0 cr\u00e9er des mondes imaginaires et po\u00e9tiques, charg\u00e9s d\u2019interrelations symboliques \u00e0 d\u00e9chiffrer. Ces espaces narratifs et introspectifs racontent ses souvenirs, ses \u00e9motions et ses r\u00eaves mais ils trouvent en m\u00eame temps un \u00e9cho chez l\u2019observateur, gr\u00e2ce \u00e0 l\u2019interpr\u00e9tation personnelle qu\u2019ils suscitent.\r\n\r\nLa vid\u00e9o et les photos montrent l\u2019exposition personnelle de Zoran \u0160imunovi\u0107 \u2018PINK\u2019, qui a eu lieu en avril 2024 au Mus\u00e9e national de Zadar (Croatie).","artwork_series":[2026],"artwork_query_group":"20","artwork_lowest_grid_position":1,"artwork_random_position":5843714,"explicit_sensitive_content":false,"drupal_id":""},"yoast_head":"<!-- This site is optimized with the Yoast SEO Premium plugin v27.3 (Yoast SEO v27.3) - https:\/\/yoast.com\/product\/yoast-seo-premium-wordpress\/ -->\n<title>GROWING UP 11 par Zoran \u0160imunovi\u0107 - Peinture contemporaine | Artistics<\/title>\n<meta name=\"description\" content=\"GROWING UP 11 par Zoran \u0160imunovi\u0107 - achetez en ligne cette \u0153uvre d\u2019art originale avec son certificat d\u2019authenticit\u00e9 et b\u00e9n\u00e9ficiez de notre service premium.\" \/>\n<meta name=\"robots\" content=\"index, follow, max-snippet:-1, max-image-preview:large, max-video-preview:-1\" \/>\n<link rel=\"canonical\" href=\"https:\/\/artistics.com\/fr\/oeuvre\/growing-up-11\/\" \/>\n<meta property=\"og:locale\" content=\"fr_FR\" \/>\n<meta property=\"og:type\" content=\"article\" \/>\n<meta property=\"og:title\" content=\"GROWING UP 11\" \/>\n<meta property=\"og:description\" content=\"GROWING UP 11 par Zoran \u0160imunovi\u0107 - achetez en ligne cette \u0153uvre d\u2019art originale avec son certificat d\u2019authenticit\u00e9 et b\u00e9n\u00e9ficiez de notre service premium.\" \/>\n<meta property=\"og:url\" content=\"https:\/\/artistics.com\/fr\/oeuvre\/growing-up-11\/\" \/>\n<meta property=\"og:site_name\" content=\"Artistics\" \/>\n<meta property=\"article:publisher\" content=\"https:\/\/www.facebook.com\/ArtisticsMag\" \/>\n<meta property=\"article:modified_time\" content=\"2024-04-26T13:04:37+00:00\" \/>\n<meta property=\"og:image\" content=\"https:\/\/artistics.com\/wp-content\/uploads\/2024\/04\/growing-up-11-oil-painting-by-zoran-simunovic-1.jpg\" \/>\n\t<meta property=\"og:image:width\" content=\"2560\" \/>\n\t<meta property=\"og:image:height\" content=\"1577\" \/>\n\t<meta property=\"og:image:type\" content=\"image\/jpeg\" \/>\n<meta name=\"twitter:card\" content=\"summary_large_image\" \/>\n<meta name=\"twitter:site\" content=\"@Artistics_FR\" \/>\n<meta name=\"twitter:label1\" content=\"Prix\" \/>\n\t<meta name=\"twitter:data1\" content=\"16 000&nbsp;&euro;\" \/>\n\t<meta name=\"twitter:label2\" content=\"Disponibilit\u00e9\" \/>\n\t<meta name=\"twitter:data2\" content=\"Rupture de stock\" \/>\n<script type=\"application\/ld+json\" class=\"yoast-schema-graph\">{\"@context\":\"https:\\\/\\\/schema.org\",\"@graph\":[{\"@type\":[\"WebPage\",\"ItemPage\"],\"@id\":\"https:\\\/\\\/artistics.com\\\/fr\\\/oeuvre\\\/growing-up-11\\\/\",\"url\":\"https:\\\/\\\/artistics.com\\\/fr\\\/oeuvre\\\/growing-up-11\\\/\",\"name\":\"GROWING UP 11 par Zoran \u0160imunovi\u0107 - Peinture contemporaine | Artistics\",\"isPartOf\":{\"@id\":\"https:\\\/\\\/artistics.com\\\/fr\\\/#website\"},\"primaryImageOfPage\":{\"@id\":\"https:\\\/\\\/artistics.com\\\/fr\\\/oeuvre\\\/growing-up-11\\\/#primaryimage\"},\"image\":{\"@id\":\"https:\\\/\\\/artistics.com\\\/fr\\\/oeuvre\\\/growing-up-11\\\/#primaryimage\"},\"thumbnailUrl\":\"https:\\\/\\\/artistics.com\\\/wp-content\\\/uploads\\\/2024\\\/04\\\/growing-up-11-oil-painting-by-zoran-simunovic-1.jpg\",\"datePublished\":\"2024-04-26T09:37:38+00:00\",\"dateModified\":\"2024-04-26T13:04:37+00:00\",\"description\":\"GROWING UP 11 par Zoran \u0160imunovi\u0107 - achetez en ligne cette \u0153uvre d\u2019art originale avec son certificat d\u2019authenticit\u00e9 et b\u00e9n\u00e9ficiez de notre service premium.\",\"breadcrumb\":{\"@id\":\"https:\\\/\\\/artistics.com\\\/fr\\\/oeuvre\\\/growing-up-11\\\/#breadcrumb\"},\"inLanguage\":\"fr-FR\",\"potentialAction\":[{\"@type\":\"ReadAction\",\"target\":[\"https:\\\/\\\/artistics.com\\\/fr\\\/oeuvre\\\/growing-up-11\\\/\"]}]},{\"@type\":\"ImageObject\",\"inLanguage\":\"fr-FR\",\"@id\":\"https:\\\/\\\/artistics.com\\\/fr\\\/oeuvre\\\/growing-up-11\\\/#primaryimage\",\"url\":\"https:\\\/\\\/artistics.com\\\/wp-content\\\/uploads\\\/2024\\\/04\\\/growing-up-11-oil-painting-by-zoran-simunovic-1.jpg\",\"contentUrl\":\"https:\\\/\\\/artistics.com\\\/wp-content\\\/uploads\\\/2024\\\/04\\\/growing-up-11-oil-painting-by-zoran-simunovic-1.jpg\",\"width\":2560,\"height\":1577},{\"@type\":\"BreadcrumbList\",\"@id\":\"https:\\\/\\\/artistics.com\\\/fr\\\/oeuvre\\\/growing-up-11\\\/#breadcrumb\",\"itemListElement\":[{\"@type\":\"ListItem\",\"position\":1,\"name\":\"Achat \u0153uvre d'art\",\"item\":\"https:\\\/\\\/artistics.com\\\/fr\\\/\"},{\"@type\":\"ListItem\",\"position\":2,\"name\":\"Galerie\",\"item\":\"https:\\\/\\\/artistics.com\\\/fr\\\/galerie\\\/\"},{\"@type\":\"ListItem\",\"position\":3,\"name\":\"Peinture contemporaine\",\"item\":\"https:\\\/\\\/artistics.com\\\/fr\\\/categorie-oeuvre\\\/peinture-contemporaine\\\/\"},{\"@type\":\"ListItem\",\"position\":4,\"name\":\"GROWING UP 11\"}]},{\"@type\":\"WebSite\",\"@id\":\"https:\\\/\\\/artistics.com\\\/fr\\\/#website\",\"url\":\"https:\\\/\\\/artistics.com\\\/fr\\\/\",\"name\":\"Artistics\",\"description\":\"The online art gallery\",\"publisher\":{\"@id\":\"https:\\\/\\\/artistics.com\\\/fr\\\/#organization\"},\"potentialAction\":[{\"@type\":\"SearchAction\",\"target\":{\"@type\":\"EntryPoint\",\"urlTemplate\":\"https:\\\/\\\/artistics.com\\\/fr\\\/?s={search_term_string}\"},\"query-input\":{\"@type\":\"PropertyValueSpecification\",\"valueRequired\":true,\"valueName\":\"search_term_string\"}}],\"inLanguage\":\"fr-FR\"},{\"@type\":\"Organization\",\"@id\":\"https:\\\/\\\/artistics.com\\\/fr\\\/#organization\",\"name\":\"Artistics\",\"url\":\"https:\\\/\\\/artistics.com\\\/fr\\\/\",\"logo\":{\"@type\":\"ImageObject\",\"inLanguage\":\"fr-FR\",\"@id\":\"https:\\\/\\\/artistics.com\\\/fr\\\/#\\\/schema\\\/logo\\\/image\\\/\",\"url\":\"https:\\\/\\\/artistics.com\\\/wp-content\\\/uploads\\\/2023\\\/02\\\/artistics-logo-web-1.svg\",\"contentUrl\":\"https:\\\/\\\/artistics.com\\\/wp-content\\\/uploads\\\/2023\\\/02\\\/artistics-logo-web-1.svg\",\"caption\":\"Artistics\"},\"image\":{\"@id\":\"https:\\\/\\\/artistics.com\\\/fr\\\/#\\\/schema\\\/logo\\\/image\\\/\"},\"sameAs\":[\"https:\\\/\\\/www.facebook.com\\\/ArtisticsMag\",\"https:\\\/\\\/x.com\\\/Artistics_FR\",\"http:\\\/\\\/www.linkedin.com\\\/company\\\/artistics\",\"https:\\\/\\\/www.instagram.com\\\/artistics_com\\\/\",\"http:\\\/\\\/www.pinterest.com\\\/ArtisticsMag\"],\"hasMerchantReturnPolicy\":{\"@type\":\"MerchantReturnPolicy\",\"merchantReturnLink\":\"https:\\\/\\\/artistics.com\\\/free-return-policy\\\/\"}}]}<\/script>\n<meta property=\"product:price:amount\" content=\"16000\" \/>\n<meta property=\"product:price:currency\" content=\"EUR\" \/>\n<meta property=\"og:availability\" content=\"out of stock\" \/>\n<meta property=\"product:availability\" content=\"out of stock\" \/>\n<meta property=\"product:condition\" content=\"new\" \/>\n<!-- \/ Yoast SEO Premium plugin. -->","yoast_head_json":{"title":"GROWING UP 11 par Zoran \u0160imunovi\u0107 - Peinture contemporaine | Artistics","description":"GROWING UP 11 par Zoran \u0160imunovi\u0107 - achetez en ligne cette \u0153uvre d\u2019art originale avec son certificat d\u2019authenticit\u00e9 et b\u00e9n\u00e9ficiez de notre service premium.","robots":{"index":"index","follow":"follow","max-snippet":"max-snippet:-1","max-image-preview":"max-image-preview:large","max-video-preview":"max-video-preview:-1"},"canonical":"https:\/\/artistics.com\/fr\/oeuvre\/growing-up-11\/","og_locale":"fr_FR","og_type":"article","og_title":"GROWING UP 11","og_description":"GROWING UP 11 par Zoran \u0160imunovi\u0107 - achetez en ligne cette \u0153uvre d\u2019art originale avec son certificat d\u2019authenticit\u00e9 et b\u00e9n\u00e9ficiez de notre service premium.","og_url":"https:\/\/artistics.com\/fr\/oeuvre\/growing-up-11\/","og_site_name":"Artistics","article_publisher":"https:\/\/www.facebook.com\/ArtisticsMag","article_modified_time":"2024-04-26T13:04:37+00:00","og_image":[{"width":2560,"height":1577,"url":"https:\/\/artistics.com\/wp-content\/uploads\/2024\/04\/growing-up-11-oil-painting-by-zoran-simunovic-1.jpg","type":"image\/jpeg"}],"twitter_card":"summary_large_image","twitter_site":"@Artistics_FR","twitter_misc":{"Prix":"16 000&nbsp;&euro;","Disponibilit\u00e9":"Rupture de stock"},"schema":{"@context":"https:\/\/schema.org","@graph":[{"@type":["WebPage","ItemPage"],"@id":"https:\/\/artistics.com\/fr\/oeuvre\/growing-up-11\/","url":"https:\/\/artistics.com\/fr\/oeuvre\/growing-up-11\/","name":"GROWING UP 11 par Zoran \u0160imunovi\u0107 - Peinture contemporaine | Artistics","isPartOf":{"@id":"https:\/\/artistics.com\/fr\/#website"},"primaryImageOfPage":{"@id":"https:\/\/artistics.com\/fr\/oeuvre\/growing-up-11\/#primaryimage"},"image":{"@id":"https:\/\/artistics.com\/fr\/oeuvre\/growing-up-11\/#primaryimage"},"thumbnailUrl":"https:\/\/artistics.com\/wp-content\/uploads\/2024\/04\/growing-up-11-oil-painting-by-zoran-simunovic-1.jpg","datePublished":"2024-04-26T09:37:38+00:00","dateModified":"2024-04-26T13:04:37+00:00","description":"GROWING UP 11 par Zoran \u0160imunovi\u0107 - achetez en ligne cette \u0153uvre d\u2019art originale avec son certificat d\u2019authenticit\u00e9 et b\u00e9n\u00e9ficiez de notre service premium.","breadcrumb":{"@id":"https:\/\/artistics.com\/fr\/oeuvre\/growing-up-11\/#breadcrumb"},"inLanguage":"fr-FR","potentialAction":[{"@type":"ReadAction","target":["https:\/\/artistics.com\/fr\/oeuvre\/growing-up-11\/"]}]},{"@type":"ImageObject","inLanguage":"fr-FR","@id":"https:\/\/artistics.com\/fr\/oeuvre\/growing-up-11\/#primaryimage","url":"https:\/\/artistics.com\/wp-content\/uploads\/2024\/04\/growing-up-11-oil-painting-by-zoran-simunovic-1.jpg","contentUrl":"https:\/\/artistics.com\/wp-content\/uploads\/2024\/04\/growing-up-11-oil-painting-by-zoran-simunovic-1.jpg","width":2560,"height":1577},{"@type":"BreadcrumbList","@id":"https:\/\/artistics.com\/fr\/oeuvre\/growing-up-11\/#breadcrumb","itemListElement":[{"@type":"ListItem","position":1,"name":"Achat \u0153uvre d'art","item":"https:\/\/artistics.com\/fr\/"},{"@type":"ListItem","position":2,"name":"Galerie","item":"https:\/\/artistics.com\/fr\/galerie\/"},{"@type":"ListItem","position":3,"name":"Peinture contemporaine","item":"https:\/\/artistics.com\/fr\/categorie-oeuvre\/peinture-contemporaine\/"},{"@type":"ListItem","position":4,"name":"GROWING UP 11"}]},{"@type":"WebSite","@id":"https:\/\/artistics.com\/fr\/#website","url":"https:\/\/artistics.com\/fr\/","name":"Artistics","description":"The online art gallery","publisher":{"@id":"https:\/\/artistics.com\/fr\/#organization"},"potentialAction":[{"@type":"SearchAction","target":{"@type":"EntryPoint","urlTemplate":"https:\/\/artistics.com\/fr\/?s={search_term_string}"},"query-input":{"@type":"PropertyValueSpecification","valueRequired":true,"valueName":"search_term_string"}}],"inLanguage":"fr-FR"},{"@type":"Organization","@id":"https:\/\/artistics.com\/fr\/#organization","name":"Artistics","url":"https:\/\/artistics.com\/fr\/","logo":{"@type":"ImageObject","inLanguage":"fr-FR","@id":"https:\/\/artistics.com\/fr\/#\/schema\/logo\/image\/","url":"https:\/\/artistics.com\/wp-content\/uploads\/2023\/02\/artistics-logo-web-1.svg","contentUrl":"https:\/\/artistics.com\/wp-content\/uploads\/2023\/02\/artistics-logo-web-1.svg","caption":"Artistics"},"image":{"@id":"https:\/\/artistics.com\/fr\/#\/schema\/logo\/image\/"},"sameAs":["https:\/\/www.facebook.com\/ArtisticsMag","https:\/\/x.com\/Artistics_FR","http:\/\/www.linkedin.com\/company\/artistics","https:\/\/www.instagram.com\/artistics_com\/","http:\/\/www.pinterest.com\/ArtisticsMag"],"hasMerchantReturnPolicy":{"@type":"MerchantReturnPolicy","merchantReturnLink":"https:\/\/artistics.com\/free-return-policy\/"}}]},"product_price_amount":"16000","product_price_currency":"EUR","og_availability":"out of stock","product_availability":"out of stock","product_condition":"new"},"_links":{"self":[{"href":"https:\/\/artistics.com\/fr\/wp-json\/wp\/v2\/product\/54574","targetHints":{"allow":["GET"]}}],"collection":[{"href":"https:\/\/artistics.com\/fr\/wp-json\/wp\/v2\/product"}],"about":[{"href":"https:\/\/artistics.com\/fr\/wp-json\/wp\/v2\/types\/product"}],"acf:term":[{"embeddable":true,"taxonomy":"series","href":"https:\/\/artistics.com\/fr\/wp-json\/wp\/v2\/series\/2026"},{"embeddable":true,"taxonomy":"product_tag","href":"https:\/\/artistics.com\/fr\/wp-json\/wp\/v2\/product_tag\/574"},{"embeddable":true,"taxonomy":"product_tag","href":"https:\/\/artistics.com\/fr\/wp-json\/wp\/v2\/product_tag\/342"},{"embeddable":true,"taxonomy":"product_tag","href":"https:\/\/artistics.com\/fr\/wp-json\/wp\/v2\/product_tag\/354"},{"embeddable":true,"taxonomy":"product_cat","href":"https:\/\/artistics.com\/fr\/wp-json\/wp\/v2\/product_cat\/238"},{"embeddable":true,"taxonomy":"product_cat","href":"https:\/\/artistics.com\/fr\/wp-json\/wp\/v2\/product_cat\/215"},{"embeddable":true,"taxonomy":"product_cat","href":"https:\/\/artistics.com\/fr\/wp-json\/wp\/v2\/product_cat\/192"},{"embeddable":true,"taxonomy":"product_cat","href":"https:\/\/artistics.com\/fr\/wp-json\/wp\/v2\/product_cat\/189"},{"embeddable":true,"taxonomy":"product_cat","href":"https:\/\/artistics.com\/fr\/wp-json\/wp\/v2\/product_cat\/228"},{"embeddable":true,"taxonomy":"product_cat","href":"https:\/\/artistics.com\/fr\/wp-json\/wp\/v2\/product_cat\/170"},{"embeddable":true,"taxonomy":"product_cat","href":"https:\/\/artistics.com\/fr\/wp-json\/wp\/v2\/product_cat\/169"},{"embeddable":true,"taxonomy":"product_cat","href":"https:\/\/artistics.com\/fr\/wp-json\/wp\/v2\/product_cat\/162"}],"acf:post":[{"embeddable":true,"href":"https:\/\/artistics.com\/fr\/wp-json\/wp\/v2\/artist\/2808"}],"wp:featuredmedia":[{"embeddable":true,"href":"https:\/\/artistics.com\/fr\/wp-json\/wp\/v2\/media\/54576"}],"wp:attachment":[{"href":"https:\/\/artistics.com\/fr\/wp-json\/wp\/v2\/media?parent=54574"}],"wp:term":[{"taxonomy":"product_cat","embeddable":true,"href":"https:\/\/artistics.com\/fr\/wp-json\/wp\/v2\/product_cat?post=54574"},{"taxonomy":"product_tag","embeddable":true,"href":"https:\/\/artistics.com\/fr\/wp-json\/wp\/v2\/product_tag?post=54574"},{"taxonomy":"series","embeddable":true,"href":"https:\/\/artistics.com\/fr\/wp-json\/wp\/v2\/series?post=54574"}],"curies":[{"name":"wp","href":"https:\/\/api.w.org\/{rel}","templated":true}]}}