{"id":53865,"date":"2024-04-11T11:59:34","date_gmt":"2024-04-11T09:59:34","guid":{"rendered":"https:\/\/artistics.com\/?post_type=product&#038;p=53865"},"modified":"2024-04-11T12:19:03","modified_gmt":"2024-04-11T10:19:03","slug":"sound-and-vision-blackwhiteorange-volume-ii","status":"publish","type":"product","link":"https:\/\/artistics.com\/fr\/oeuvre\/sound-and-vision-blackwhiteorange-volume-ii\/","title":{"rendered":"SOUND AND VISION &#8211; BlackWhiteOrange (Volume II)"},"content":{"rendered":"","protected":false},"excerpt":{"rendered":"","protected":false},"featured_media":56905,"template":"","meta":{"_acf_changed":false,"_searchwp_excluded":"","inline_featured_image":false},"product_cat":[407,2243,162,169,174,189,215,238],"product_tag":[540,567,569,342,354],"series":[1864],"class_list":{"0":"post-53865","1":"product","2":"type-product","3":"status-publish","4":"has-post-thumbnail","6":"product_cat-art-minimaliste","7":"product_cat-art-optique-et-art-cinetique","8":"product_cat-peinture-contemporaine","9":"product_cat-peinture-abstraite","10":"product_cat-peinture-minimaliste","11":"product_cat-art-abstrait","12":"product_cat-grand","13":"product_cat-plus-de-10-000-e","14":"product_tag-installation-fr","15":"product_tag-noir","16":"product_tag-orange-fr","17":"product_tag-peinture-couleurs-vives","18":"product_tag-tableau-grand-format","19":"series-doris-marten-sound-and-vision-compositions-fr","21":"first","22":"instock","23":"taxable","24":"shipping-taxable","25":"purchasable","26":"product-type-simple"},"acf":{"artwork_artist":[2792],"artwork_medium":162,"artwork_categories":[169,174,2243],"artwork_overall-tones":[],"artwork_main-material":[],"artwork_art-genre":[],"artwork_art-movement":[189,407],"artwork_miscellaneous":[],"artwork_formats":[215],"artwork_price-ranges":[238],"artwork_main_subject":[],"artwork_technique":[540],"artwork_featured_location":[],"artwork_dominant_color":[567,569],"artwork_physical_attributes":[354,342,354],"artwork_creation_date":"20230101","artwork_unique_piece":true,"artwork_description":"Huile sur vinyle","artwork_signature":"\u0152uvre sign\u00e9e","artwork_authenticity":"L\u2019\u0153uvre est vendue avec un certificat d\u2019authenticit\u00e9 sign\u00e9 par l\u2019artiste.","artwork_framing":"unframed","artwork_has_custom_framing_info":false,"artwork_custom_framing_info":"Not specified","artwork_location_country":"DE","artwork_location_city":"Berlin","artwork_location_zipcode":"","artwork_shipment_type":"2D_flat_artwork","artwork_shipping_delivery":"painting_immediate_availability","artwork_has_custom_shipping_delivery_info":false,"artwork_custom_shipping_delivery_info":"Not specified","artwork_360_view_url":"","artwork_video_url":"","artwork_video_format":[],"artwork_preview_type":"auto","artwork_reserved":false,"artwork_hide_price":false,"artwork_about":"<em><strong>SOUND AND VISION - BlackWhiteOrange (Volume II) <\/strong><\/em>est une installation de l\u2019artiste contemporaine allemande Doris Marten issue de la s\u00e9rie Sound and Vision.\r\n\r\nL\u2019installation compl\u00e8te est compos\u00e9e de 20 pi\u00e8ces (le diam\u00e8tre de chaque pi\u00e8ce est de 30 cm), mais le collectionneur peut choisir d\u2019acqu\u00e9rir seulement une partie de l\u2019installation (avec un minimum de 9 pi\u00e8ces). La composition des diff\u00e9rentes pi\u00e8ces de l\u2019installation est un choix artistique : toutes les pi\u00e8ces sont soigneusement choisies par Doris Marten afin de cr\u00e9er un certain \u00e9quilibre et elles ne peuvent donc pas \u00eatre remplac\u00e9es sur demande. Si une pi\u00e8ce change, une nouvelle composition doit \u00eatre propos\u00e9e par l\u2019artiste. Elle compare cela \u00e0 une composition musicale : il est certainement possible d\u2019\u00e9couter des extraits d\u2019un morceau, mais si on m\u00e9lange les notes individuelles alors celui-ci n\u2019est plus reconnaissable.\r\n\r\nDoris Marten explore la perception des couleurs et de leur influence r\u00e9ciproque \u00e0 travers l\u2019utilisation des lignes, qui permettent de r\u00e9v\u00e9ler les couleurs individuellement ainsi que de rendre visible l\u2019effet d\u2019une couleur sur les autres. L\u2019artiste a d\u00e9velopp\u00e9 une connaissance approfondie des couleurs qui lui permet de cr\u00e9er des illusions d\u2019optique, des effets de mouvement et d\u2019intenses variations de lumi\u00e8re. Elle consid\u00e8re le temps comme un v\u00e9ritable mat\u00e9riel de production, n\u00e9cessaire au d\u00e9veloppement de l\u2019\u0153uvre dans le processus de cr\u00e9ation.\r\n\r\nDans la s\u00e9rie Sound and Vision, la ligne reste le motif unique de ces compositions, mais elle s\u2019illustre sur un nouveau support qui n\u2019est autre que le disque vinyle. En peignant sur un plateau tournant, l\u2019artiste a transform\u00e9 ces supports de donn\u00e9es acoustiques en supports visuels : les compositions musicales sont comme rejou\u00e9es au pinceau, dans une sorte de transmutation du son en image. Compos\u00e9s individuellement dans une recherche permanente d\u2019\u00e9quilibre entre ligne, couleur et rythme, ces tableaux constituent un alphabet dans lequel l\u2019artiste puise pour cr\u00e9er diff\u00e9rentes installations et assemblages.\r\n\r\nLes dimensions indiqu\u00e9es sont celles de l\u2019installation, chaque pi\u00e8ce mesure 30 cm de diam\u00e8tre et la distance conseill\u00e9e par l\u2019artiste entre les pi\u00e8ces est de 5 cm. Le syst\u00e8me d\u2019accroche est inclus et fourni avec l\u2019installation : une mousse poly\u00e9thyl\u00e8ne carr\u00e9e (voir la photo) \u00e0 placer derri\u00e8re le vinyle afin de cr\u00e9er un espace entre le mur et l\u2019\u0153uvre d\u2019art et une vis pour fixer le vinyle et la mousse au mur.\r\n\r\nLa s\u00e9rie Sound and Vision a \u00e9t\u00e9 expos\u00e9e lors de l\u2019exposition Every Choice is a Change dans les locaux de l\u2019entreprise allemande et important m\u00e9c\u00e8ne allemand Westdeutsche Lotterie GmbH. Pour en savoir plus sur cette exposition, <a href=\"https:\/\/artistics.com\/fr\/artzine\/son-et-vision-de-doris-marten-une-symphonie-visuelle\/\">cliquez ici<\/a>.\r\n\r\nEn 2022, une installation en quatre parties issues de la s\u00e9rie Sound and Vision a \u00e9t\u00e9 expos\u00e9e dans la mine de Rammelsberg pr\u00e8s de Goslar en Basse-Saxe (Allemagne), un site class\u00e9 au patrimoine mondial de l\u2019Unesco. Sur les murs en acier de l'ancienne usine de traitement du minerai, plusieurs centaines d'\u0153uvres de la s\u00e9rie ont transform\u00e9 le lieu en une exp\u00e9rience visuelle. Chaque \u0153uvre fonctionne comme une valeur de couleur et de ton au sein de l'ensemble final, comme un accord dans un concert. La grande majorit\u00e9 de ces \u0153uvres ont \u00e9t\u00e9 cr\u00e9\u00e9es sp\u00e9cialement pour l\u2019exposition : les sulfates de Rammelsberg ont inspir\u00e9 \u00e0 Doris Marten de nouvelles \u00e9ditions en bleu et vert p\u00e9trole, blanc et orange.","artwork_series":[1864],"artwork_query_group":"10","artwork_lowest_grid_position":1,"artwork_random_position":5296199,"explicit_sensitive_content":false,"drupal_id":""},"yoast_head":"<!-- This site is optimized with the Yoast SEO Premium plugin v27.3 (Yoast SEO v27.3) - https:\/\/yoast.com\/product\/yoast-seo-premium-wordpress\/ -->\n<title>SOUND AND VISION - BlackWhiteOrange (Volume II) par Doris Marten - Peinture contemporaine | Artistics<\/title>\n<meta name=\"description\" content=\"SOUND AND VISION - BlackWhiteOrange (Volume II) par Doris Marten - achetez en ligne cette \u0153uvre d\u2019art originale avec son certificat d\u2019authenticit\u00e9 et b\u00e9n\u00e9ficiez de notre service premium.\" \/>\n<meta name=\"robots\" content=\"index, follow, max-snippet:-1, max-image-preview:large, max-video-preview:-1\" \/>\n<link rel=\"canonical\" href=\"https:\/\/artistics.com\/fr\/oeuvre\/sound-and-vision-blackwhiteorange-volume-ii\/\" \/>\n<meta property=\"og:locale\" content=\"fr_FR\" \/>\n<meta property=\"og:type\" content=\"article\" \/>\n<meta property=\"og:title\" content=\"SOUND AND VISION - BlackWhiteOrange (Volume II)\" \/>\n<meta property=\"og:description\" content=\"SOUND AND VISION - BlackWhiteOrange (Volume II) par Doris Marten - achetez en ligne cette \u0153uvre d\u2019art originale avec son certificat d\u2019authenticit\u00e9 et b\u00e9n\u00e9ficiez de notre service premium.\" \/>\n<meta property=\"og:url\" content=\"https:\/\/artistics.com\/fr\/oeuvre\/sound-and-vision-blackwhiteorange-volume-ii\/\" \/>\n<meta property=\"og:site_name\" content=\"Artistics\" \/>\n<meta property=\"article:publisher\" content=\"https:\/\/www.facebook.com\/ArtisticsMag\" \/>\n<meta property=\"article:modified_time\" content=\"2024-04-11T10:19:03+00:00\" \/>\n<meta property=\"og:image\" content=\"https:\/\/artistics.com\/wp-content\/uploads\/2024\/04\/blackwhiteorange-volume-ii-by-doris-marten.jpeg\" \/>\n\t<meta property=\"og:image:width\" content=\"1848\" \/>\n\t<meta property=\"og:image:height\" content=\"2000\" \/>\n\t<meta property=\"og:image:type\" content=\"image\/jpeg\" \/>\n<meta name=\"twitter:card\" content=\"summary_large_image\" \/>\n<meta name=\"twitter:site\" content=\"@Artistics_FR\" \/>\n<meta name=\"twitter:label1\" content=\"Prix\" \/>\n\t<meta name=\"twitter:data1\" content=\"17 600&nbsp;&euro;\" \/>\n\t<meta name=\"twitter:label2\" content=\"Disponibilit\u00e9\" \/>\n\t<meta name=\"twitter:data2\" content=\"En stock\" \/>\n<script type=\"application\/ld+json\" class=\"yoast-schema-graph\">{\"@context\":\"https:\\\/\\\/schema.org\",\"@graph\":[{\"@type\":[\"WebPage\",\"ItemPage\"],\"@id\":\"https:\\\/\\\/artistics.com\\\/fr\\\/oeuvre\\\/sound-and-vision-blackwhiteorange-volume-ii\\\/\",\"url\":\"https:\\\/\\\/artistics.com\\\/fr\\\/oeuvre\\\/sound-and-vision-blackwhiteorange-volume-ii\\\/\",\"name\":\"SOUND AND VISION - BlackWhiteOrange (Volume II) par Doris Marten - Peinture contemporaine | Artistics\",\"isPartOf\":{\"@id\":\"https:\\\/\\\/artistics.com\\\/fr\\\/#website\"},\"primaryImageOfPage\":{\"@id\":\"https:\\\/\\\/artistics.com\\\/fr\\\/oeuvre\\\/sound-and-vision-blackwhiteorange-volume-ii\\\/#primaryimage\"},\"image\":{\"@id\":\"https:\\\/\\\/artistics.com\\\/fr\\\/oeuvre\\\/sound-and-vision-blackwhiteorange-volume-ii\\\/#primaryimage\"},\"thumbnailUrl\":\"https:\\\/\\\/artistics.com\\\/wp-content\\\/uploads\\\/2024\\\/06\\\/blackwhiteorange-volume-ii-by-doris-marten-4.jpg\",\"datePublished\":\"2024-04-11T09:59:34+00:00\",\"dateModified\":\"2024-04-11T10:19:03+00:00\",\"description\":\"SOUND AND VISION - BlackWhiteOrange (Volume II) par Doris Marten - achetez en ligne cette \u0153uvre d\u2019art originale avec son certificat d\u2019authenticit\u00e9 et b\u00e9n\u00e9ficiez de notre service premium.\",\"breadcrumb\":{\"@id\":\"https:\\\/\\\/artistics.com\\\/fr\\\/oeuvre\\\/sound-and-vision-blackwhiteorange-volume-ii\\\/#breadcrumb\"},\"inLanguage\":\"fr-FR\",\"potentialAction\":[{\"@type\":\"ReadAction\",\"target\":[\"https:\\\/\\\/artistics.com\\\/fr\\\/oeuvre\\\/sound-and-vision-blackwhiteorange-volume-ii\\\/\"]}]},{\"@type\":\"ImageObject\",\"inLanguage\":\"fr-FR\",\"@id\":\"https:\\\/\\\/artistics.com\\\/fr\\\/oeuvre\\\/sound-and-vision-blackwhiteorange-volume-ii\\\/#primaryimage\",\"url\":\"https:\\\/\\\/artistics.com\\\/wp-content\\\/uploads\\\/2024\\\/06\\\/blackwhiteorange-volume-ii-by-doris-marten-4.jpg\",\"contentUrl\":\"https:\\\/\\\/artistics.com\\\/wp-content\\\/uploads\\\/2024\\\/06\\\/blackwhiteorange-volume-ii-by-doris-marten-4.jpg\",\"width\":2560,\"height\":2559},{\"@type\":\"BreadcrumbList\",\"@id\":\"https:\\\/\\\/artistics.com\\\/fr\\\/oeuvre\\\/sound-and-vision-blackwhiteorange-volume-ii\\\/#breadcrumb\",\"itemListElement\":[{\"@type\":\"ListItem\",\"position\":1,\"name\":\"Achat \u0153uvre d'art\",\"item\":\"https:\\\/\\\/artistics.com\\\/fr\\\/\"},{\"@type\":\"ListItem\",\"position\":2,\"name\":\"Galerie\",\"item\":\"https:\\\/\\\/artistics.com\\\/fr\\\/galerie\\\/\"},{\"@type\":\"ListItem\",\"position\":3,\"name\":\"Peinture contemporaine\",\"item\":\"https:\\\/\\\/artistics.com\\\/fr\\\/categorie-oeuvre\\\/peinture-contemporaine\\\/\"},{\"@type\":\"ListItem\",\"position\":4,\"name\":\"SOUND AND VISION &#8211; BlackWhiteOrange (Volume II)\"}]},{\"@type\":\"WebSite\",\"@id\":\"https:\\\/\\\/artistics.com\\\/fr\\\/#website\",\"url\":\"https:\\\/\\\/artistics.com\\\/fr\\\/\",\"name\":\"Artistics\",\"description\":\"The online art gallery\",\"publisher\":{\"@id\":\"https:\\\/\\\/artistics.com\\\/fr\\\/#organization\"},\"potentialAction\":[{\"@type\":\"SearchAction\",\"target\":{\"@type\":\"EntryPoint\",\"urlTemplate\":\"https:\\\/\\\/artistics.com\\\/fr\\\/?s={search_term_string}\"},\"query-input\":{\"@type\":\"PropertyValueSpecification\",\"valueRequired\":true,\"valueName\":\"search_term_string\"}}],\"inLanguage\":\"fr-FR\"},{\"@type\":\"Organization\",\"@id\":\"https:\\\/\\\/artistics.com\\\/fr\\\/#organization\",\"name\":\"Artistics\",\"url\":\"https:\\\/\\\/artistics.com\\\/fr\\\/\",\"logo\":{\"@type\":\"ImageObject\",\"inLanguage\":\"fr-FR\",\"@id\":\"https:\\\/\\\/artistics.com\\\/fr\\\/#\\\/schema\\\/logo\\\/image\\\/\",\"url\":\"https:\\\/\\\/artistics.com\\\/wp-content\\\/uploads\\\/2023\\\/02\\\/artistics-logo-web-1.svg\",\"contentUrl\":\"https:\\\/\\\/artistics.com\\\/wp-content\\\/uploads\\\/2023\\\/02\\\/artistics-logo-web-1.svg\",\"caption\":\"Artistics\"},\"image\":{\"@id\":\"https:\\\/\\\/artistics.com\\\/fr\\\/#\\\/schema\\\/logo\\\/image\\\/\"},\"sameAs\":[\"https:\\\/\\\/www.facebook.com\\\/ArtisticsMag\",\"https:\\\/\\\/x.com\\\/Artistics_FR\",\"http:\\\/\\\/www.linkedin.com\\\/company\\\/artistics\",\"https:\\\/\\\/www.instagram.com\\\/artistics_com\\\/\",\"http:\\\/\\\/www.pinterest.com\\\/ArtisticsMag\"],\"hasMerchantReturnPolicy\":{\"@type\":\"MerchantReturnPolicy\",\"merchantReturnLink\":\"https:\\\/\\\/artistics.com\\\/free-return-policy\\\/\"}}]}<\/script>\n<meta property=\"product:price:amount\" content=\"17600\" \/>\n<meta property=\"product:price:currency\" content=\"EUR\" \/>\n<meta property=\"og:availability\" content=\"instock\" \/>\n<meta property=\"product:availability\" content=\"instock\" \/>\n<meta property=\"product:condition\" content=\"new\" \/>\n<!-- \/ Yoast SEO Premium plugin. -->","yoast_head_json":{"title":"SOUND AND VISION - BlackWhiteOrange (Volume II) par Doris Marten - Peinture contemporaine | Artistics","description":"SOUND AND VISION - BlackWhiteOrange (Volume II) par Doris Marten - achetez en ligne cette \u0153uvre d\u2019art originale avec son certificat d\u2019authenticit\u00e9 et b\u00e9n\u00e9ficiez de notre service premium.","robots":{"index":"index","follow":"follow","max-snippet":"max-snippet:-1","max-image-preview":"max-image-preview:large","max-video-preview":"max-video-preview:-1"},"canonical":"https:\/\/artistics.com\/fr\/oeuvre\/sound-and-vision-blackwhiteorange-volume-ii\/","og_locale":"fr_FR","og_type":"article","og_title":"SOUND AND VISION - BlackWhiteOrange (Volume II)","og_description":"SOUND AND VISION - BlackWhiteOrange (Volume II) par Doris Marten - achetez en ligne cette \u0153uvre d\u2019art originale avec son certificat d\u2019authenticit\u00e9 et b\u00e9n\u00e9ficiez de notre service premium.","og_url":"https:\/\/artistics.com\/fr\/oeuvre\/sound-and-vision-blackwhiteorange-volume-ii\/","og_site_name":"Artistics","article_publisher":"https:\/\/www.facebook.com\/ArtisticsMag","article_modified_time":"2024-04-11T10:19:03+00:00","og_image":[{"width":1848,"height":2000,"url":"https:\/\/artistics.com\/wp-content\/uploads\/2024\/04\/blackwhiteorange-volume-ii-by-doris-marten.jpeg","type":"image\/jpeg"}],"twitter_card":"summary_large_image","twitter_site":"@Artistics_FR","twitter_misc":{"Prix":"17 600&nbsp;&euro;","Disponibilit\u00e9":"En stock"},"schema":{"@context":"https:\/\/schema.org","@graph":[{"@type":["WebPage","ItemPage"],"@id":"https:\/\/artistics.com\/fr\/oeuvre\/sound-and-vision-blackwhiteorange-volume-ii\/","url":"https:\/\/artistics.com\/fr\/oeuvre\/sound-and-vision-blackwhiteorange-volume-ii\/","name":"SOUND AND VISION - BlackWhiteOrange (Volume II) par Doris Marten - Peinture contemporaine | Artistics","isPartOf":{"@id":"https:\/\/artistics.com\/fr\/#website"},"primaryImageOfPage":{"@id":"https:\/\/artistics.com\/fr\/oeuvre\/sound-and-vision-blackwhiteorange-volume-ii\/#primaryimage"},"image":{"@id":"https:\/\/artistics.com\/fr\/oeuvre\/sound-and-vision-blackwhiteorange-volume-ii\/#primaryimage"},"thumbnailUrl":"https:\/\/artistics.com\/wp-content\/uploads\/2024\/06\/blackwhiteorange-volume-ii-by-doris-marten-4.jpg","datePublished":"2024-04-11T09:59:34+00:00","dateModified":"2024-04-11T10:19:03+00:00","description":"SOUND AND VISION - BlackWhiteOrange (Volume II) par Doris Marten - achetez en ligne cette \u0153uvre d\u2019art originale avec son certificat d\u2019authenticit\u00e9 et b\u00e9n\u00e9ficiez de notre service premium.","breadcrumb":{"@id":"https:\/\/artistics.com\/fr\/oeuvre\/sound-and-vision-blackwhiteorange-volume-ii\/#breadcrumb"},"inLanguage":"fr-FR","potentialAction":[{"@type":"ReadAction","target":["https:\/\/artistics.com\/fr\/oeuvre\/sound-and-vision-blackwhiteorange-volume-ii\/"]}]},{"@type":"ImageObject","inLanguage":"fr-FR","@id":"https:\/\/artistics.com\/fr\/oeuvre\/sound-and-vision-blackwhiteorange-volume-ii\/#primaryimage","url":"https:\/\/artistics.com\/wp-content\/uploads\/2024\/06\/blackwhiteorange-volume-ii-by-doris-marten-4.jpg","contentUrl":"https:\/\/artistics.com\/wp-content\/uploads\/2024\/06\/blackwhiteorange-volume-ii-by-doris-marten-4.jpg","width":2560,"height":2559},{"@type":"BreadcrumbList","@id":"https:\/\/artistics.com\/fr\/oeuvre\/sound-and-vision-blackwhiteorange-volume-ii\/#breadcrumb","itemListElement":[{"@type":"ListItem","position":1,"name":"Achat \u0153uvre d'art","item":"https:\/\/artistics.com\/fr\/"},{"@type":"ListItem","position":2,"name":"Galerie","item":"https:\/\/artistics.com\/fr\/galerie\/"},{"@type":"ListItem","position":3,"name":"Peinture contemporaine","item":"https:\/\/artistics.com\/fr\/categorie-oeuvre\/peinture-contemporaine\/"},{"@type":"ListItem","position":4,"name":"SOUND AND VISION &#8211; BlackWhiteOrange (Volume II)"}]},{"@type":"WebSite","@id":"https:\/\/artistics.com\/fr\/#website","url":"https:\/\/artistics.com\/fr\/","name":"Artistics","description":"The online art gallery","publisher":{"@id":"https:\/\/artistics.com\/fr\/#organization"},"potentialAction":[{"@type":"SearchAction","target":{"@type":"EntryPoint","urlTemplate":"https:\/\/artistics.com\/fr\/?s={search_term_string}"},"query-input":{"@type":"PropertyValueSpecification","valueRequired":true,"valueName":"search_term_string"}}],"inLanguage":"fr-FR"},{"@type":"Organization","@id":"https:\/\/artistics.com\/fr\/#organization","name":"Artistics","url":"https:\/\/artistics.com\/fr\/","logo":{"@type":"ImageObject","inLanguage":"fr-FR","@id":"https:\/\/artistics.com\/fr\/#\/schema\/logo\/image\/","url":"https:\/\/artistics.com\/wp-content\/uploads\/2023\/02\/artistics-logo-web-1.svg","contentUrl":"https:\/\/artistics.com\/wp-content\/uploads\/2023\/02\/artistics-logo-web-1.svg","caption":"Artistics"},"image":{"@id":"https:\/\/artistics.com\/fr\/#\/schema\/logo\/image\/"},"sameAs":["https:\/\/www.facebook.com\/ArtisticsMag","https:\/\/x.com\/Artistics_FR","http:\/\/www.linkedin.com\/company\/artistics","https:\/\/www.instagram.com\/artistics_com\/","http:\/\/www.pinterest.com\/ArtisticsMag"],"hasMerchantReturnPolicy":{"@type":"MerchantReturnPolicy","merchantReturnLink":"https:\/\/artistics.com\/free-return-policy\/"}}]},"product_price_amount":"17600","product_price_currency":"EUR","og_availability":"instock","product_availability":"instock","product_condition":"new"},"_links":{"self":[{"href":"https:\/\/artistics.com\/fr\/wp-json\/wp\/v2\/product\/53865","targetHints":{"allow":["GET"]}}],"collection":[{"href":"https:\/\/artistics.com\/fr\/wp-json\/wp\/v2\/product"}],"about":[{"href":"https:\/\/artistics.com\/fr\/wp-json\/wp\/v2\/types\/product"}],"acf:term":[{"embeddable":true,"taxonomy":"series","href":"https:\/\/artistics.com\/fr\/wp-json\/wp\/v2\/series\/1864"},{"embeddable":true,"taxonomy":"product_tag","href":"https:\/\/artistics.com\/fr\/wp-json\/wp\/v2\/product_tag\/342"},{"embeddable":true,"taxonomy":"product_tag","href":"https:\/\/artistics.com\/fr\/wp-json\/wp\/v2\/product_tag\/354"},{"embeddable":true,"taxonomy":"product_tag","href":"https:\/\/artistics.com\/fr\/wp-json\/wp\/v2\/product_tag\/569"},{"embeddable":true,"taxonomy":"product_tag","href":"https:\/\/artistics.com\/fr\/wp-json\/wp\/v2\/product_tag\/567"},{"embeddable":true,"taxonomy":"product_tag","href":"https:\/\/artistics.com\/fr\/wp-json\/wp\/v2\/product_tag\/540"},{"embeddable":true,"taxonomy":"product_cat","href":"https:\/\/artistics.com\/fr\/wp-json\/wp\/v2\/product_cat\/238"},{"embeddable":true,"taxonomy":"product_cat","href":"https:\/\/artistics.com\/fr\/wp-json\/wp\/v2\/product_cat\/215"},{"embeddable":true,"taxonomy":"product_cat","href":"https:\/\/artistics.com\/fr\/wp-json\/wp\/v2\/product_cat\/407"},{"embeddable":true,"taxonomy":"product_cat","href":"https:\/\/artistics.com\/fr\/wp-json\/wp\/v2\/product_cat\/189"},{"embeddable":true,"taxonomy":"product_cat","href":"https:\/\/artistics.com\/fr\/wp-json\/wp\/v2\/product_cat\/2243"},{"embeddable":true,"taxonomy":"product_cat","href":"https:\/\/artistics.com\/fr\/wp-json\/wp\/v2\/product_cat\/174"},{"embeddable":true,"taxonomy":"product_cat","href":"https:\/\/artistics.com\/fr\/wp-json\/wp\/v2\/product_cat\/169"},{"embeddable":true,"taxonomy":"product_cat","href":"https:\/\/artistics.com\/fr\/wp-json\/wp\/v2\/product_cat\/162"}],"acf:post":[{"embeddable":true,"href":"https:\/\/artistics.com\/fr\/wp-json\/wp\/v2\/artist\/2792"}],"wp:featuredmedia":[{"embeddable":true,"href":"https:\/\/artistics.com\/fr\/wp-json\/wp\/v2\/media\/56905"}],"wp:attachment":[{"href":"https:\/\/artistics.com\/fr\/wp-json\/wp\/v2\/media?parent=53865"}],"wp:term":[{"taxonomy":"product_cat","embeddable":true,"href":"https:\/\/artistics.com\/fr\/wp-json\/wp\/v2\/product_cat?post=53865"},{"taxonomy":"product_tag","embeddable":true,"href":"https:\/\/artistics.com\/fr\/wp-json\/wp\/v2\/product_tag?post=53865"},{"taxonomy":"series","embeddable":true,"href":"https:\/\/artistics.com\/fr\/wp-json\/wp\/v2\/series?post=53865"}],"curies":[{"name":"wp","href":"https:\/\/api.w.org\/{rel}","templated":true}]}}