{"id":53502,"date":"2024-04-04T18:24:57","date_gmt":"2024-04-04T16:24:57","guid":{"rendered":"https:\/\/artistics.com\/?post_type=product&#038;p=53502"},"modified":"2024-05-06T18:12:33","modified_gmt":"2024-05-06T16:12:33","slug":"meltdown-chair-bronze-2","status":"publish","type":"product","link":"https:\/\/artistics.com\/fr\/oeuvre\/meltdown-chair-bronze-2\/","title":{"rendered":"Meltdown Chair, Bronze #2"},"content":{"rendered":"","protected":false},"excerpt":{"rendered":"","protected":false},"featured_media":53378,"template":"","meta":{"_acf_changed":false,"_searchwp_excluded":"","inline_featured_image":false},"product_cat":[2336,164,208,209,216,238],"product_tag":[565,567,368],"series":[2286],"class_list":{"0":"post-53502","1":"product","2":"type-product","3":"status-publish","4":"has-post-thumbnail","6":"product_cat-art-et-design","7":"product_cat-sculpture-contemporaine","8":"product_cat-sculpture-en-bronze","9":"product_cat-sculpture-figurative","10":"product_cat-moyen","11":"product_cat-plus-de-10-000-e","12":"product_tag-dore","13":"product_tag-noir","14":"product_tag-sculpture-grand-format","15":"series-tom-price-mobilier-design","17":"first","18":"instock","19":"taxable","20":"shipping-taxable","21":"purchasable","22":"product-type-simple"},"acf":{"artwork_artist":[2798],"artwork_medium":164,"artwork_categories":[208,209],"artwork_overall-tones":[],"artwork_main-material":[],"artwork_art-genre":[2336],"artwork_art-movement":[],"artwork_miscellaneous":[],"artwork_formats":[216],"artwork_price-ranges":[238],"artwork_main_subject":[],"artwork_technique":[],"artwork_featured_location":[],"artwork_dominant_color":[567,565],"artwork_physical_attributes":[368],"artwork_creation_date":"20160101","artwork_unique_piece":false,"artwork_description":"Bronze","artwork_signature":"x","artwork_authenticity":"L\u2019\u0153uvre est vendue avec un certificat d\u2019authenticit\u00e9 sign\u00e9 par l\u2019artiste.","artwork_framing":"not_specified","artwork_has_custom_framing_info":false,"artwork_custom_framing_info":"Not specified","artwork_location_country":"","artwork_location_city":"","artwork_location_zipcode":"","artwork_shipment_type":"3D_artwork","artwork_shipping_delivery":"sculpture_commissioned_production_time","artwork_has_custom_shipping_delivery_info":false,"artwork_custom_shipping_delivery_info":"Not specified","artwork_360_view_url":"","artwork_video_url":"","artwork_video_format":[],"artwork_preview_type":"auto","artwork_reserved":false,"artwork_hide_price":false,"artwork_about":"<em><strong>Meltdown Chair, Bronze #2<\/strong><\/em> est une pi\u00e8ce de l'artiste anglais Tom Price, issue de la s\u00e9rie Meltdown.\r\n\r\nCette chaise a \u00e9t\u00e9 cr\u00e9\u00e9e \u00e0 l'aide d'une technique de fonte \u00e0 plastique perdu : une chaise faite de tubes de polypropyl\u00e8ne est enferm\u00e9e dans une \u00e9paisse coquille de c\u00e9ramique, puis fondue. L'artiste verse ensuite du bronze fondu dans l'espace vide qui s'est form\u00e9 et, une fois que le m\u00e9tal a refroidi et durci, la coque en c\u00e9ramique est bris\u00e9e. Il s'ensuit un travail sur la surface : le dessous est laiss\u00e9 brut et patin\u00e9 en noir tandis que l'assise est polie jusqu'\u00e0 ce qu'elle acqui\u00e8re une finition miroir brillante. Chaque chaise de l'\u00e9dition est unique, car le moule en c\u00e9ramique doit \u00eatre bris\u00e9 pour lib\u00e9rer le bronze, et l'ensemble du processus doit donc \u00eatre r\u00e9p\u00e9t\u00e9 pour chaque nouvelle \u00e9dition.\r\n\r\nLanc\u00e9e en 2007, la s\u00e9rie Meltdown a valu \u00e0 Tom Price une large reconnaissance internationale pour ses processus de production innovants et son approche remarquable du travail avec des produits plastiques communs. La mani\u00e8re d'assembler la mati\u00e8re plastique et les motifs impr\u00e9visibles cr\u00e9\u00e9s par le processus de r\u00e9chauffement garantissent que chaque pi\u00e8ce est unique et ne peut \u00eatre reproduite. Ces pi\u00e8ces design sont de v\u00e9ritables objets sculpturaux, tout en \u00e9tant parfaitement fonctionnelles et tr\u00e8s robustes.\r\n\r\nLes chaises Meltdown font partie des collections permanentes de plusieurs mus\u00e9es, dont le SFMOMA San Francisco Museum of Modern Art (\u00c9tats-Unis), le Denver Art Museum (\u00c9tats-Unis), le Nelson Atkins Museum (\u00c9tats-Unis), Chatsworth House (Royaume-Uni), MKG Hamburg (Allemagne) et le Amore Pacific Museum (Cor\u00e9e du Sud). Elles ont \u00e9t\u00e9 largement expos\u00e9es aux \u00c9tats-Unis, en Am\u00e9rique du Sud, en Europe, au Moyen-Orient et en Asie. Elles ont figur\u00e9 dans de nombreuses expositions mus\u00e9ales de premier plan, notamment au SFMOMA San Francisco Museum of Modern Art (\u00c9tats-Unis), au MAD Museum of Art and Design New York (\u00c9tats-Unis), au Mint Museum (\u00c9tats-Unis), au Denver Art Museum (\u00c9tats-Unis), au Design Museum Holon (Isra\u00ebl), au Design Museum Gent (Belgique), au NRW Forum Dusseldorf (Allemagne) et au Latvian National Museum of Art \u00e0 Riga (Lettonie). Les chaises Meltdown ont \u00e9galement \u00e9t\u00e9 pr\u00e9sent\u00e9es dans des foires internationales d'art et de design, notamment Design Miami Basel (Suisse), Sao Paolo Design Festival (Br\u00e9sil), Cheongju International Craft Biennale (Cor\u00e9e du Sud), Design Days Dubai (\u00c9mirats arabes unis), Gwangju Biennale (Cor\u00e9e du Sud) et Lodz International Design Biennale (Pologne).\r\n\r\nEnfin, la s\u00e9rie a \u00e9t\u00e9 pr\u00e9sent\u00e9e dans de nombreuses publications, notamment : The Campaign for Art : Gifts for the San Francisco Museum of Modern Art. Pr\u00e9face de Helen Schwab et Robin Wright. \u00c9diteur : San Francisco Museum of Modern Art, 2016 ; San Francisco Museum of Modern Art 360\u00b0 : Views on the Collection. R\u00e9dactrices Judy Bloch et Suzanne Stein. \u00c9diteur : San Francisco Museum of Modern Art, 2016 ; Contemporary Furniture. Auteurs : Martin Wellner et Andrea Mehlhose. \u00c9diteur : h.f. ullmann ; Allemagne, 2009 ; Second Lives : Remixing the Ordinary. Auteur : Museum of Arts and Design. \u00c9diteur : MAD ; New York, USA, 2009 ; The Independent Design Guide : Innovative Products from the New Generation. Auteur : Laura Housley. \u00c9diteur : Thames and Hudson ; Londres, Royaume-Uni, 2009 ; UFO Blurring the Boundaries Between Art &amp; Design. Auteur : Werner Lippert \/ Petra Wenzel. \u00c9diteur : NRW-Forum Kultur und Wirtschaft ; D\u00fcsseldorf, Allemagne, 2009.\r\n\r\n<span data-contrast=\"none\">Dimensions : L 45 cm x H 75 cm x P 45 cm.<\/span><span data-ccp-props=\"{&quot;201341983&quot;:0,&quot;335551550&quot;:6,&quot;335551620&quot;:6,&quot;335559739&quot;:160,&quot;335559740&quot;:259}\">\u00a0<\/span>\r\n\r\n<span data-contrast=\"none\">\u00c9dition limit\u00e9e \u00e0 8 exemplaires. Disponible sur commande.<\/span>","artwork_series":[2286],"artwork_query_group":"10","artwork_lowest_grid_position":1,"artwork_random_position":2909678,"explicit_sensitive_content":false,"drupal_id":""},"yoast_head":"<!-- This site is optimized with the Yoast SEO Premium plugin v27.3 (Yoast SEO v27.3) - https:\/\/yoast.com\/product\/yoast-seo-premium-wordpress\/ -->\n<title>Meltdown Chair, Bronze #2 par Tom Price - Sculpture contemporaine | Artistics<\/title>\n<meta name=\"description\" content=\"Meltdown Chair, Bronze #2 par Tom Price - achetez en ligne cette \u0153uvre d\u2019art originale avec son certificat d\u2019authenticit\u00e9 et b\u00e9n\u00e9ficiez de notre service premium.\" \/>\n<meta name=\"robots\" content=\"index, follow, max-snippet:-1, max-image-preview:large, max-video-preview:-1\" \/>\n<link rel=\"canonical\" href=\"https:\/\/artistics.com\/fr\/oeuvre\/meltdown-chair-bronze-2\/\" \/>\n<meta property=\"og:locale\" content=\"fr_FR\" \/>\n<meta property=\"og:type\" content=\"article\" \/>\n<meta property=\"og:title\" content=\"Meltdown Chair, Bronze #2\" \/>\n<meta property=\"og:description\" content=\"Meltdown Chair, Bronze #2 par Tom Price - achetez en ligne cette \u0153uvre d\u2019art originale avec son certificat d\u2019authenticit\u00e9 et b\u00e9n\u00e9ficiez de notre service premium.\" \/>\n<meta property=\"og:url\" content=\"https:\/\/artistics.com\/fr\/oeuvre\/meltdown-chair-bronze-2\/\" \/>\n<meta property=\"og:site_name\" content=\"Artistics\" \/>\n<meta property=\"article:publisher\" content=\"https:\/\/www.facebook.com\/ArtisticsMag\" \/>\n<meta property=\"article:modified_time\" content=\"2024-05-06T16:12:33+00:00\" \/>\n<meta property=\"og:image\" content=\"https:\/\/artistics.com\/wp-content\/uploads\/2024\/04\/meltdown-chair-bronze-2-by-tom-price-3.jpeg\" \/>\n\t<meta property=\"og:image:width\" content=\"1400\" \/>\n\t<meta property=\"og:image:height\" content=\"933\" \/>\n\t<meta property=\"og:image:type\" content=\"image\/jpeg\" \/>\n<meta name=\"twitter:card\" content=\"summary_large_image\" \/>\n<meta name=\"twitter:site\" content=\"@Artistics_FR\" \/>\n<meta name=\"twitter:label1\" content=\"Prix\" \/>\n\t<meta name=\"twitter:data1\" content=\"19 800&nbsp;&euro;\" \/>\n\t<meta name=\"twitter:label2\" content=\"Disponibilit\u00e9\" \/>\n\t<meta name=\"twitter:data2\" content=\"En stock\" \/>\n<script type=\"application\/ld+json\" class=\"yoast-schema-graph\">{\"@context\":\"https:\\\/\\\/schema.org\",\"@graph\":[{\"@type\":[\"WebPage\",\"ItemPage\"],\"@id\":\"https:\\\/\\\/artistics.com\\\/fr\\\/oeuvre\\\/meltdown-chair-bronze-2\\\/\",\"url\":\"https:\\\/\\\/artistics.com\\\/fr\\\/oeuvre\\\/meltdown-chair-bronze-2\\\/\",\"name\":\"Meltdown Chair, Bronze #2 par Tom Price - Sculpture contemporaine | Artistics\",\"isPartOf\":{\"@id\":\"https:\\\/\\\/artistics.com\\\/fr\\\/#website\"},\"primaryImageOfPage\":{\"@id\":\"https:\\\/\\\/artistics.com\\\/fr\\\/oeuvre\\\/meltdown-chair-bronze-2\\\/#primaryimage\"},\"image\":{\"@id\":\"https:\\\/\\\/artistics.com\\\/fr\\\/oeuvre\\\/meltdown-chair-bronze-2\\\/#primaryimage\"},\"thumbnailUrl\":\"https:\\\/\\\/artistics.com\\\/wp-content\\\/uploads\\\/2024\\\/04\\\/meltdown-chair-bronze-2-by-tom-price-3.jpeg\",\"datePublished\":\"2024-04-04T16:24:57+00:00\",\"dateModified\":\"2024-05-06T16:12:33+00:00\",\"description\":\"Meltdown Chair, Bronze #2 par Tom Price - achetez en ligne cette \u0153uvre d\u2019art originale avec son certificat d\u2019authenticit\u00e9 et b\u00e9n\u00e9ficiez de notre service premium.\",\"breadcrumb\":{\"@id\":\"https:\\\/\\\/artistics.com\\\/fr\\\/oeuvre\\\/meltdown-chair-bronze-2\\\/#breadcrumb\"},\"inLanguage\":\"fr-FR\",\"potentialAction\":[{\"@type\":\"ReadAction\",\"target\":[\"https:\\\/\\\/artistics.com\\\/fr\\\/oeuvre\\\/meltdown-chair-bronze-2\\\/\"]}]},{\"@type\":\"ImageObject\",\"inLanguage\":\"fr-FR\",\"@id\":\"https:\\\/\\\/artistics.com\\\/fr\\\/oeuvre\\\/meltdown-chair-bronze-2\\\/#primaryimage\",\"url\":\"https:\\\/\\\/artistics.com\\\/wp-content\\\/uploads\\\/2024\\\/04\\\/meltdown-chair-bronze-2-by-tom-price-3.jpeg\",\"contentUrl\":\"https:\\\/\\\/artistics.com\\\/wp-content\\\/uploads\\\/2024\\\/04\\\/meltdown-chair-bronze-2-by-tom-price-3.jpeg\",\"width\":1400,\"height\":933},{\"@type\":\"BreadcrumbList\",\"@id\":\"https:\\\/\\\/artistics.com\\\/fr\\\/oeuvre\\\/meltdown-chair-bronze-2\\\/#breadcrumb\",\"itemListElement\":[{\"@type\":\"ListItem\",\"position\":1,\"name\":\"Achat \u0153uvre d'art\",\"item\":\"https:\\\/\\\/artistics.com\\\/fr\\\/\"},{\"@type\":\"ListItem\",\"position\":2,\"name\":\"Galerie\",\"item\":\"https:\\\/\\\/artistics.com\\\/fr\\\/galerie\\\/\"},{\"@type\":\"ListItem\",\"position\":3,\"name\":\"Sculpture contemporaine\",\"item\":\"https:\\\/\\\/artistics.com\\\/fr\\\/categorie-oeuvre\\\/sculpture-contemporaine\\\/\"},{\"@type\":\"ListItem\",\"position\":4,\"name\":\"Meltdown Chair, Bronze #2\"}]},{\"@type\":\"WebSite\",\"@id\":\"https:\\\/\\\/artistics.com\\\/fr\\\/#website\",\"url\":\"https:\\\/\\\/artistics.com\\\/fr\\\/\",\"name\":\"Artistics\",\"description\":\"The online art gallery\",\"publisher\":{\"@id\":\"https:\\\/\\\/artistics.com\\\/fr\\\/#organization\"},\"potentialAction\":[{\"@type\":\"SearchAction\",\"target\":{\"@type\":\"EntryPoint\",\"urlTemplate\":\"https:\\\/\\\/artistics.com\\\/fr\\\/?s={search_term_string}\"},\"query-input\":{\"@type\":\"PropertyValueSpecification\",\"valueRequired\":true,\"valueName\":\"search_term_string\"}}],\"inLanguage\":\"fr-FR\"},{\"@type\":\"Organization\",\"@id\":\"https:\\\/\\\/artistics.com\\\/fr\\\/#organization\",\"name\":\"Artistics\",\"url\":\"https:\\\/\\\/artistics.com\\\/fr\\\/\",\"logo\":{\"@type\":\"ImageObject\",\"inLanguage\":\"fr-FR\",\"@id\":\"https:\\\/\\\/artistics.com\\\/fr\\\/#\\\/schema\\\/logo\\\/image\\\/\",\"url\":\"https:\\\/\\\/artistics.com\\\/wp-content\\\/uploads\\\/2023\\\/02\\\/artistics-logo-web-1.svg\",\"contentUrl\":\"https:\\\/\\\/artistics.com\\\/wp-content\\\/uploads\\\/2023\\\/02\\\/artistics-logo-web-1.svg\",\"caption\":\"Artistics\"},\"image\":{\"@id\":\"https:\\\/\\\/artistics.com\\\/fr\\\/#\\\/schema\\\/logo\\\/image\\\/\"},\"sameAs\":[\"https:\\\/\\\/www.facebook.com\\\/ArtisticsMag\",\"https:\\\/\\\/x.com\\\/Artistics_FR\",\"http:\\\/\\\/www.linkedin.com\\\/company\\\/artistics\",\"https:\\\/\\\/www.instagram.com\\\/artistics_com\\\/\",\"http:\\\/\\\/www.pinterest.com\\\/ArtisticsMag\"],\"hasMerchantReturnPolicy\":{\"@type\":\"MerchantReturnPolicy\",\"merchantReturnLink\":\"https:\\\/\\\/artistics.com\\\/free-return-policy\\\/\"}}]}<\/script>\n<meta property=\"product:price:amount\" content=\"19800\" \/>\n<meta property=\"product:price:currency\" content=\"EUR\" \/>\n<meta property=\"og:availability\" content=\"instock\" \/>\n<meta property=\"product:availability\" content=\"instock\" \/>\n<meta property=\"product:condition\" content=\"new\" \/>\n<!-- \/ Yoast SEO Premium plugin. -->","yoast_head_json":{"title":"Meltdown Chair, Bronze #2 par Tom Price - Sculpture contemporaine | Artistics","description":"Meltdown Chair, Bronze #2 par Tom Price - achetez en ligne cette \u0153uvre d\u2019art originale avec son certificat d\u2019authenticit\u00e9 et b\u00e9n\u00e9ficiez de notre service premium.","robots":{"index":"index","follow":"follow","max-snippet":"max-snippet:-1","max-image-preview":"max-image-preview:large","max-video-preview":"max-video-preview:-1"},"canonical":"https:\/\/artistics.com\/fr\/oeuvre\/meltdown-chair-bronze-2\/","og_locale":"fr_FR","og_type":"article","og_title":"Meltdown Chair, Bronze #2","og_description":"Meltdown Chair, Bronze #2 par Tom Price - achetez en ligne cette \u0153uvre d\u2019art originale avec son certificat d\u2019authenticit\u00e9 et b\u00e9n\u00e9ficiez de notre service premium.","og_url":"https:\/\/artistics.com\/fr\/oeuvre\/meltdown-chair-bronze-2\/","og_site_name":"Artistics","article_publisher":"https:\/\/www.facebook.com\/ArtisticsMag","article_modified_time":"2024-05-06T16:12:33+00:00","og_image":[{"width":1400,"height":933,"url":"https:\/\/artistics.com\/wp-content\/uploads\/2024\/04\/meltdown-chair-bronze-2-by-tom-price-3.jpeg","type":"image\/jpeg"}],"twitter_card":"summary_large_image","twitter_site":"@Artistics_FR","twitter_misc":{"Prix":"19 800&nbsp;&euro;","Disponibilit\u00e9":"En stock"},"schema":{"@context":"https:\/\/schema.org","@graph":[{"@type":["WebPage","ItemPage"],"@id":"https:\/\/artistics.com\/fr\/oeuvre\/meltdown-chair-bronze-2\/","url":"https:\/\/artistics.com\/fr\/oeuvre\/meltdown-chair-bronze-2\/","name":"Meltdown Chair, Bronze #2 par Tom Price - Sculpture contemporaine | Artistics","isPartOf":{"@id":"https:\/\/artistics.com\/fr\/#website"},"primaryImageOfPage":{"@id":"https:\/\/artistics.com\/fr\/oeuvre\/meltdown-chair-bronze-2\/#primaryimage"},"image":{"@id":"https:\/\/artistics.com\/fr\/oeuvre\/meltdown-chair-bronze-2\/#primaryimage"},"thumbnailUrl":"https:\/\/artistics.com\/wp-content\/uploads\/2024\/04\/meltdown-chair-bronze-2-by-tom-price-3.jpeg","datePublished":"2024-04-04T16:24:57+00:00","dateModified":"2024-05-06T16:12:33+00:00","description":"Meltdown Chair, Bronze #2 par Tom Price - achetez en ligne cette \u0153uvre d\u2019art originale avec son certificat d\u2019authenticit\u00e9 et b\u00e9n\u00e9ficiez de notre service premium.","breadcrumb":{"@id":"https:\/\/artistics.com\/fr\/oeuvre\/meltdown-chair-bronze-2\/#breadcrumb"},"inLanguage":"fr-FR","potentialAction":[{"@type":"ReadAction","target":["https:\/\/artistics.com\/fr\/oeuvre\/meltdown-chair-bronze-2\/"]}]},{"@type":"ImageObject","inLanguage":"fr-FR","@id":"https:\/\/artistics.com\/fr\/oeuvre\/meltdown-chair-bronze-2\/#primaryimage","url":"https:\/\/artistics.com\/wp-content\/uploads\/2024\/04\/meltdown-chair-bronze-2-by-tom-price-3.jpeg","contentUrl":"https:\/\/artistics.com\/wp-content\/uploads\/2024\/04\/meltdown-chair-bronze-2-by-tom-price-3.jpeg","width":1400,"height":933},{"@type":"BreadcrumbList","@id":"https:\/\/artistics.com\/fr\/oeuvre\/meltdown-chair-bronze-2\/#breadcrumb","itemListElement":[{"@type":"ListItem","position":1,"name":"Achat \u0153uvre d'art","item":"https:\/\/artistics.com\/fr\/"},{"@type":"ListItem","position":2,"name":"Galerie","item":"https:\/\/artistics.com\/fr\/galerie\/"},{"@type":"ListItem","position":3,"name":"Sculpture contemporaine","item":"https:\/\/artistics.com\/fr\/categorie-oeuvre\/sculpture-contemporaine\/"},{"@type":"ListItem","position":4,"name":"Meltdown Chair, Bronze #2"}]},{"@type":"WebSite","@id":"https:\/\/artistics.com\/fr\/#website","url":"https:\/\/artistics.com\/fr\/","name":"Artistics","description":"The online art gallery","publisher":{"@id":"https:\/\/artistics.com\/fr\/#organization"},"potentialAction":[{"@type":"SearchAction","target":{"@type":"EntryPoint","urlTemplate":"https:\/\/artistics.com\/fr\/?s={search_term_string}"},"query-input":{"@type":"PropertyValueSpecification","valueRequired":true,"valueName":"search_term_string"}}],"inLanguage":"fr-FR"},{"@type":"Organization","@id":"https:\/\/artistics.com\/fr\/#organization","name":"Artistics","url":"https:\/\/artistics.com\/fr\/","logo":{"@type":"ImageObject","inLanguage":"fr-FR","@id":"https:\/\/artistics.com\/fr\/#\/schema\/logo\/image\/","url":"https:\/\/artistics.com\/wp-content\/uploads\/2023\/02\/artistics-logo-web-1.svg","contentUrl":"https:\/\/artistics.com\/wp-content\/uploads\/2023\/02\/artistics-logo-web-1.svg","caption":"Artistics"},"image":{"@id":"https:\/\/artistics.com\/fr\/#\/schema\/logo\/image\/"},"sameAs":["https:\/\/www.facebook.com\/ArtisticsMag","https:\/\/x.com\/Artistics_FR","http:\/\/www.linkedin.com\/company\/artistics","https:\/\/www.instagram.com\/artistics_com\/","http:\/\/www.pinterest.com\/ArtisticsMag"],"hasMerchantReturnPolicy":{"@type":"MerchantReturnPolicy","merchantReturnLink":"https:\/\/artistics.com\/free-return-policy\/"}}]},"product_price_amount":"19800","product_price_currency":"EUR","og_availability":"instock","product_availability":"instock","product_condition":"new"},"_links":{"self":[{"href":"https:\/\/artistics.com\/fr\/wp-json\/wp\/v2\/product\/53502","targetHints":{"allow":["GET"]}}],"collection":[{"href":"https:\/\/artistics.com\/fr\/wp-json\/wp\/v2\/product"}],"about":[{"href":"https:\/\/artistics.com\/fr\/wp-json\/wp\/v2\/types\/product"}],"acf:term":[{"embeddable":true,"taxonomy":"series","href":"https:\/\/artistics.com\/fr\/wp-json\/wp\/v2\/series\/2286"},{"embeddable":true,"taxonomy":"product_tag","href":"https:\/\/artistics.com\/fr\/wp-json\/wp\/v2\/product_tag\/368"},{"embeddable":true,"taxonomy":"product_tag","href":"https:\/\/artistics.com\/fr\/wp-json\/wp\/v2\/product_tag\/565"},{"embeddable":true,"taxonomy":"product_tag","href":"https:\/\/artistics.com\/fr\/wp-json\/wp\/v2\/product_tag\/567"},{"embeddable":true,"taxonomy":"product_cat","href":"https:\/\/artistics.com\/fr\/wp-json\/wp\/v2\/product_cat\/238"},{"embeddable":true,"taxonomy":"product_cat","href":"https:\/\/artistics.com\/fr\/wp-json\/wp\/v2\/product_cat\/216"},{"embeddable":true,"taxonomy":"product_cat","href":"https:\/\/artistics.com\/fr\/wp-json\/wp\/v2\/product_cat\/2336"},{"embeddable":true,"taxonomy":"product_cat","href":"https:\/\/artistics.com\/fr\/wp-json\/wp\/v2\/product_cat\/209"},{"embeddable":true,"taxonomy":"product_cat","href":"https:\/\/artistics.com\/fr\/wp-json\/wp\/v2\/product_cat\/208"},{"embeddable":true,"taxonomy":"product_cat","href":"https:\/\/artistics.com\/fr\/wp-json\/wp\/v2\/product_cat\/164"}],"acf:post":[{"embeddable":true,"href":"https:\/\/artistics.com\/fr\/wp-json\/wp\/v2\/artist\/2798"}],"wp:featuredmedia":[{"embeddable":true,"href":"https:\/\/artistics.com\/fr\/wp-json\/wp\/v2\/media\/53378"}],"wp:attachment":[{"href":"https:\/\/artistics.com\/fr\/wp-json\/wp\/v2\/media?parent=53502"}],"wp:term":[{"taxonomy":"product_cat","embeddable":true,"href":"https:\/\/artistics.com\/fr\/wp-json\/wp\/v2\/product_cat?post=53502"},{"taxonomy":"product_tag","embeddable":true,"href":"https:\/\/artistics.com\/fr\/wp-json\/wp\/v2\/product_tag?post=53502"},{"taxonomy":"series","embeddable":true,"href":"https:\/\/artistics.com\/fr\/wp-json\/wp\/v2\/series?post=53502"}],"curies":[{"name":"wp","href":"https:\/\/api.w.org\/{rel}","templated":true}]}}