{"id":53340,"date":"2024-04-03T19:02:59","date_gmt":"2024-04-03T17:02:59","guid":{"rendered":"https:\/\/artistics.com\/?post_type=product&#038;p=53340"},"modified":"2024-05-17T17:54:35","modified_gmt":"2024-05-17T15:54:35","slug":"armoire-a-liqueurs-murale","status":"publish","type":"product","link":"https:\/\/artistics.com\/fr\/oeuvre\/armoire-a-liqueurs-murale\/","title":{"rendered":"Armoire \u00e0 liqueurs murale"},"content":{"rendered":"","protected":false},"excerpt":{"rendered":"","protected":false},"featured_media":53297,"template":"","meta":{"_acf_changed":false,"_searchwp_excluded":"","inline_featured_image":false},"product_cat":[2336,215,238,164,423,424,209],"product_tag":[368],"series":[2285],"class_list":{"0":"post-53340","1":"product","2":"type-product","3":"status-publish","4":"has-post-thumbnail","6":"product_cat-art-et-design","7":"product_cat-grand","8":"product_cat-plus-de-10-000-e","9":"product_cat-sculpture-contemporaine","10":"product_cat-sculpture-en-bois","11":"product_cat-sculpture-en-metal","12":"product_cat-sculpture-figurative","13":"product_tag-sculpture-grand-format","14":"series-frederique-domergue-mobilier","16":"first","17":"instock","18":"taxable","19":"shipping-taxable","20":"purchasable","21":"product-type-simple"},"acf":{"artwork_artist":[2774],"artwork_medium":164,"artwork_categories":[424,423,209],"artwork_overall-tones":[],"artwork_main-material":[],"artwork_art-genre":[2336],"artwork_art-movement":[],"artwork_miscellaneous":[],"artwork_formats":[215],"artwork_price-ranges":[238],"artwork_main_subject":[],"artwork_technique":[],"artwork_featured_location":[],"artwork_dominant_color":[],"artwork_physical_attributes":[368,368],"artwork_creation_date":"20150101","artwork_unique_piece":true,"artwork_description":"Placage d'\u00e9rable piqu\u00e9, panneaux de m\u00e9tal oxyd\u00e9 (feuilles de bronze et de zinc)","artwork_signature":"x","artwork_authenticity":"L\u2019\u0153uvre est vendue avec un certificat d\u2019authenticit\u00e9 sign\u00e9 par l\u2019artiste.","artwork_framing":"not_specified","artwork_has_custom_framing_info":false,"artwork_custom_framing_info":"Not specified","artwork_location_country":"","artwork_location_city":"","artwork_location_zipcode":"","artwork_shipment_type":"3D_artwork","artwork_shipping_delivery":"sculpture_unique_piece_immediate_availability","artwork_has_custom_shipping_delivery_info":false,"artwork_custom_shipping_delivery_info":"Not specified","artwork_360_view_url":"","artwork_video_url":"","artwork_video_format":[],"artwork_preview_type":"auto","artwork_reserved":false,"artwork_hide_price":false,"artwork_about":"<span data-contrast=\"none\"><em><strong>Armoire \u00e0 liqueurs murale <\/strong><\/em>est une pi\u00e8ce unique de mobilier d'art fait \u00e0 la main par Fr\u00e9d\u00e9rique Domergue.\u00a0Cette pi\u00e8ce unique est \u00e0 la fois un meuble et un tableau. La partie fonctionnelle du meuble de bar est enti\u00e8rement dissimul\u00e9e sur le c\u00f4t\u00e9 avec des compartiments qui s'ouvrent d'une simple pression. Les compartiments sup\u00e9rieurs peuvent \u00eatre utilis\u00e9s pour suspendre les verres \u00e0 pied. Les bouteilles peuvent \u00eatre stock\u00e9es dans la partie inf\u00e9rieure tandis que les planches du milieu peuvent \u00eatre utilis\u00e9es pour m\u00e9langer ou servir des cocktails. L'int\u00e9rieur est en placage d'\u00e9rable piqu\u00e9.<\/span><span data-ccp-props=\"{&quot;201341983&quot;:0,&quot;335551550&quot;:6,&quot;335551620&quot;:6,&quot;335559739&quot;:160,&quot;335559740&quot;:259}\">\u00a0<\/span><span data-contrast=\"none\">Lorsqu'il est ferm\u00e9, le meuble est une toile abstraite dont la surface est constitu\u00e9e de panneaux de m\u00e9tal oxyd\u00e9 (feuille de bronze \u00e0 la base et au milieu, feuille de zinc sur le dessus). L'arri\u00e8re du meuble est muni de crochets qui permettent de le suspendre au mur.<\/span><span data-ccp-props=\"{&quot;201341983&quot;:0,&quot;335551550&quot;:6,&quot;335551620&quot;:6,&quot;335559739&quot;:160,&quot;335559740&quot;:259}\">\u00a0<\/span>\r\n\r\n<span data-contrast=\"none\">Depuis pr\u00e8s de 20 ans, l\u2019artiste fran\u00e7aise Fr\u00e9d\u00e9rique Domergue a cr\u00e9\u00e9 un ensemble unique d\u2019\u0153uvres bas\u00e9es sur des combinaisons de m\u00e9taux et de bois rares. Elle a appris les techniques traditionnelles du travail du bois et du m\u00e9tal aupr\u00e8s de ma\u00eetres artisans, et a rapidement d\u00e9velopp\u00e9 ses propres approches, en particulier le rev\u00eatement m\u00e9tallique qui est devenu sa marque de fabrique.\u00a0\u00a0<\/span><span data-ccp-props=\"{&quot;201341983&quot;:0,&quot;335551550&quot;:6,&quot;335551620&quot;:6,&quot;335559739&quot;:160,&quot;335559740&quot;:259}\">\u00a0<\/span>\r\n\r\n<span data-contrast=\"none\">Fr\u00e9d\u00e9rique Domergue utilise de fines feuilles de m\u00e9tal qui \u00e9pousent les contours du bois (qu\u2019elle sculpte parfois au pr\u00e9alable) pour cr\u00e9er une \u00ab\u00a0seconde peau\u00a0\u00bb. L\u2019artiste cr\u00e9e des effets \u00e9tonnants en transformant le m\u00e9tal en une mati\u00e8re qui semble souple et \u00e9lastique.\u00a0\u00a0<\/span><span data-ccp-props=\"{&quot;201341983&quot;:0,&quot;335551550&quot;:6,&quot;335551620&quot;:6,&quot;335559739&quot;:160,&quot;335559740&quot;:259}\">\u00a0<\/span>\r\n\r\n<span data-contrast=\"none\">Elle met \u00e0 profit sa grande ma\u00eetrise des m\u00e9taux les plus divers (bronze, zinc, titane, acier, etc.) pour obtenir des r\u00e9sultats surprenants. Elle utilise parfois des techniques d\u2019oxydation qui conf\u00e8rent aux feuilles de zinc ou de bronze des teintes chaudes et sensuelles qui \u00e9voluent avec la lumi\u00e8re.\u00a0\u00a0<\/span><span data-ccp-props=\"{&quot;201341983&quot;:0,&quot;335551550&quot;:6,&quot;335551620&quot;:6,&quot;335559739&quot;:160,&quot;335559740&quot;:259}\">\u00a0<\/span>\r\n\r\n<span data-contrast=\"none\">Ses pi\u00e8ces, enti\u00e8rement r\u00e9alis\u00e9es \u00e0 la main, se patinent au fil du temps, l\u2019alchimie inattendue des mat\u00e9riaux r\u00e9v\u00e9lant une palette de tons subtils et distingu\u00e9s. La passion qui l\u2019anime, la curiosit\u00e9 qui la pousse vers de nouveaux univers et le soin qu\u2019elle apporte \u00e0 la finition de ses pi\u00e8ces ont permis \u00e0 Fr\u00e9d\u00e9rique Domergue de produire une \u0153uvre singuli\u00e8re qui allie excellence, innovation, esth\u00e9tique et audace.<\/span><span data-ccp-props=\"{&quot;201341983&quot;:0,&quot;335551550&quot;:6,&quot;335551620&quot;:6,&quot;335559739&quot;:160,&quot;335559740&quot;:259}\">\u00a0<\/span>\r\n\r\n<span data-contrast=\"none\">Dimensions : L 100 cm x H 200 cm x P 20 cm \/\/ L 39.37 in. x H 78.74 in. x D 7.87 in. Pi\u00e8ce unique<\/span>","artwork_series":[2285],"artwork_query_group":"20","artwork_lowest_grid_position":1,"artwork_random_position":137039,"explicit_sensitive_content":false,"drupal_id":""},"yoast_head":"<!-- This site is optimized with the Yoast SEO Premium plugin v27.3 (Yoast SEO v27.3) - https:\/\/yoast.com\/product\/yoast-seo-premium-wordpress\/ -->\n<title>Armoire \u00e0 liqueurs murale par Fr\u00e9d\u00e9rique Domergue - Sculpture contemporaine | Artistics<\/title>\n<meta name=\"description\" content=\"Armoire \u00e0 liqueurs murale par Fr\u00e9d\u00e9rique Domergue - achetez en ligne cette \u0153uvre d\u2019art originale avec son certificat d\u2019authenticit\u00e9 et b\u00e9n\u00e9ficiez de notre service premium.\" \/>\n<meta name=\"robots\" content=\"index, follow, max-snippet:-1, max-image-preview:large, max-video-preview:-1\" \/>\n<link rel=\"canonical\" href=\"https:\/\/artistics.com\/fr\/oeuvre\/armoire-a-liqueurs-murale\/\" \/>\n<meta property=\"og:locale\" content=\"fr_FR\" \/>\n<meta property=\"og:type\" content=\"article\" \/>\n<meta property=\"og:title\" content=\"Armoire \u00e0 liqueurs murale\" \/>\n<meta property=\"og:description\" content=\"Armoire \u00e0 liqueurs murale par Fr\u00e9d\u00e9rique Domergue - achetez en ligne cette \u0153uvre d\u2019art originale avec son certificat d\u2019authenticit\u00e9 et b\u00e9n\u00e9ficiez de notre service premium.\" \/>\n<meta property=\"og:url\" content=\"https:\/\/artistics.com\/fr\/oeuvre\/armoire-a-liqueurs-murale\/\" \/>\n<meta property=\"og:site_name\" content=\"Artistics\" \/>\n<meta property=\"article:publisher\" content=\"https:\/\/www.facebook.com\/ArtisticsMag\" \/>\n<meta property=\"article:modified_time\" content=\"2024-05-17T15:54:35+00:00\" \/>\n<meta property=\"og:image\" content=\"https:\/\/artistics.com\/wp-content\/uploads\/2024\/04\/wall-liquor-cabinet-by-frederique-domergue-3.jpeg\" \/>\n\t<meta property=\"og:image:width\" content=\"1400\" \/>\n\t<meta property=\"og:image:height\" content=\"2108\" \/>\n\t<meta property=\"og:image:type\" content=\"image\/jpeg\" \/>\n<meta name=\"twitter:card\" content=\"summary_large_image\" \/>\n<meta name=\"twitter:site\" content=\"@Artistics_FR\" \/>\n<meta name=\"twitter:label1\" content=\"Prix\" \/>\n\t<meta name=\"twitter:data1\" content=\"17 400&nbsp;&euro;\" \/>\n\t<meta name=\"twitter:label2\" content=\"Disponibilit\u00e9\" \/>\n\t<meta name=\"twitter:data2\" content=\"En stock\" \/>\n<script type=\"application\/ld+json\" class=\"yoast-schema-graph\">{\"@context\":\"https:\\\/\\\/schema.org\",\"@graph\":[{\"@type\":[\"WebPage\",\"ItemPage\"],\"@id\":\"https:\\\/\\\/artistics.com\\\/fr\\\/oeuvre\\\/armoire-a-liqueurs-murale\\\/\",\"url\":\"https:\\\/\\\/artistics.com\\\/fr\\\/oeuvre\\\/armoire-a-liqueurs-murale\\\/\",\"name\":\"Armoire \u00e0 liqueurs murale par Fr\u00e9d\u00e9rique Domergue - Sculpture contemporaine | Artistics\",\"isPartOf\":{\"@id\":\"https:\\\/\\\/artistics.com\\\/fr\\\/#website\"},\"primaryImageOfPage\":{\"@id\":\"https:\\\/\\\/artistics.com\\\/fr\\\/oeuvre\\\/armoire-a-liqueurs-murale\\\/#primaryimage\"},\"image\":{\"@id\":\"https:\\\/\\\/artistics.com\\\/fr\\\/oeuvre\\\/armoire-a-liqueurs-murale\\\/#primaryimage\"},\"thumbnailUrl\":\"https:\\\/\\\/artistics.com\\\/wp-content\\\/uploads\\\/2024\\\/04\\\/wall-liquor-cabinet-by-frederique-domergue-3.jpeg\",\"datePublished\":\"2024-04-03T17:02:59+00:00\",\"dateModified\":\"2024-05-17T15:54:35+00:00\",\"description\":\"Armoire \u00e0 liqueurs murale par Fr\u00e9d\u00e9rique Domergue - achetez en ligne cette \u0153uvre d\u2019art originale avec son certificat d\u2019authenticit\u00e9 et b\u00e9n\u00e9ficiez de notre service premium.\",\"breadcrumb\":{\"@id\":\"https:\\\/\\\/artistics.com\\\/fr\\\/oeuvre\\\/armoire-a-liqueurs-murale\\\/#breadcrumb\"},\"inLanguage\":\"fr-FR\",\"potentialAction\":[{\"@type\":\"ReadAction\",\"target\":[\"https:\\\/\\\/artistics.com\\\/fr\\\/oeuvre\\\/armoire-a-liqueurs-murale\\\/\"]}]},{\"@type\":\"ImageObject\",\"inLanguage\":\"fr-FR\",\"@id\":\"https:\\\/\\\/artistics.com\\\/fr\\\/oeuvre\\\/armoire-a-liqueurs-murale\\\/#primaryimage\",\"url\":\"https:\\\/\\\/artistics.com\\\/wp-content\\\/uploads\\\/2024\\\/04\\\/wall-liquor-cabinet-by-frederique-domergue-3.jpeg\",\"contentUrl\":\"https:\\\/\\\/artistics.com\\\/wp-content\\\/uploads\\\/2024\\\/04\\\/wall-liquor-cabinet-by-frederique-domergue-3.jpeg\",\"width\":1400,\"height\":2108},{\"@type\":\"BreadcrumbList\",\"@id\":\"https:\\\/\\\/artistics.com\\\/fr\\\/oeuvre\\\/armoire-a-liqueurs-murale\\\/#breadcrumb\",\"itemListElement\":[{\"@type\":\"ListItem\",\"position\":1,\"name\":\"Achat \u0153uvre d'art\",\"item\":\"https:\\\/\\\/artistics.com\\\/fr\\\/\"},{\"@type\":\"ListItem\",\"position\":2,\"name\":\"Galerie\",\"item\":\"https:\\\/\\\/artistics.com\\\/fr\\\/galerie\\\/\"},{\"@type\":\"ListItem\",\"position\":3,\"name\":\"Sculpture contemporaine\",\"item\":\"https:\\\/\\\/artistics.com\\\/fr\\\/categorie-oeuvre\\\/sculpture-contemporaine\\\/\"},{\"@type\":\"ListItem\",\"position\":4,\"name\":\"Armoire \u00e0 liqueurs murale\"}]},{\"@type\":\"WebSite\",\"@id\":\"https:\\\/\\\/artistics.com\\\/fr\\\/#website\",\"url\":\"https:\\\/\\\/artistics.com\\\/fr\\\/\",\"name\":\"Artistics\",\"description\":\"The online art gallery\",\"publisher\":{\"@id\":\"https:\\\/\\\/artistics.com\\\/fr\\\/#organization\"},\"potentialAction\":[{\"@type\":\"SearchAction\",\"target\":{\"@type\":\"EntryPoint\",\"urlTemplate\":\"https:\\\/\\\/artistics.com\\\/fr\\\/?s={search_term_string}\"},\"query-input\":{\"@type\":\"PropertyValueSpecification\",\"valueRequired\":true,\"valueName\":\"search_term_string\"}}],\"inLanguage\":\"fr-FR\"},{\"@type\":\"Organization\",\"@id\":\"https:\\\/\\\/artistics.com\\\/fr\\\/#organization\",\"name\":\"Artistics\",\"url\":\"https:\\\/\\\/artistics.com\\\/fr\\\/\",\"logo\":{\"@type\":\"ImageObject\",\"inLanguage\":\"fr-FR\",\"@id\":\"https:\\\/\\\/artistics.com\\\/fr\\\/#\\\/schema\\\/logo\\\/image\\\/\",\"url\":\"https:\\\/\\\/artistics.com\\\/wp-content\\\/uploads\\\/2023\\\/02\\\/artistics-logo-web-1.svg\",\"contentUrl\":\"https:\\\/\\\/artistics.com\\\/wp-content\\\/uploads\\\/2023\\\/02\\\/artistics-logo-web-1.svg\",\"caption\":\"Artistics\"},\"image\":{\"@id\":\"https:\\\/\\\/artistics.com\\\/fr\\\/#\\\/schema\\\/logo\\\/image\\\/\"},\"sameAs\":[\"https:\\\/\\\/www.facebook.com\\\/ArtisticsMag\",\"https:\\\/\\\/x.com\\\/Artistics_FR\",\"http:\\\/\\\/www.linkedin.com\\\/company\\\/artistics\",\"https:\\\/\\\/www.instagram.com\\\/artistics_com\\\/\",\"http:\\\/\\\/www.pinterest.com\\\/ArtisticsMag\"],\"hasMerchantReturnPolicy\":{\"@type\":\"MerchantReturnPolicy\",\"merchantReturnLink\":\"https:\\\/\\\/artistics.com\\\/free-return-policy\\\/\"}}]}<\/script>\n<meta property=\"product:price:amount\" content=\"17400\" \/>\n<meta property=\"product:price:currency\" content=\"EUR\" \/>\n<meta property=\"og:availability\" content=\"instock\" \/>\n<meta property=\"product:availability\" content=\"instock\" \/>\n<meta property=\"product:condition\" content=\"new\" \/>\n<!-- \/ Yoast SEO Premium plugin. -->","yoast_head_json":{"title":"Armoire \u00e0 liqueurs murale par Fr\u00e9d\u00e9rique Domergue - Sculpture contemporaine | Artistics","description":"Armoire \u00e0 liqueurs murale par Fr\u00e9d\u00e9rique Domergue - achetez en ligne cette \u0153uvre d\u2019art originale avec son certificat d\u2019authenticit\u00e9 et b\u00e9n\u00e9ficiez de notre service premium.","robots":{"index":"index","follow":"follow","max-snippet":"max-snippet:-1","max-image-preview":"max-image-preview:large","max-video-preview":"max-video-preview:-1"},"canonical":"https:\/\/artistics.com\/fr\/oeuvre\/armoire-a-liqueurs-murale\/","og_locale":"fr_FR","og_type":"article","og_title":"Armoire \u00e0 liqueurs murale","og_description":"Armoire \u00e0 liqueurs murale par Fr\u00e9d\u00e9rique Domergue - achetez en ligne cette \u0153uvre d\u2019art originale avec son certificat d\u2019authenticit\u00e9 et b\u00e9n\u00e9ficiez de notre service premium.","og_url":"https:\/\/artistics.com\/fr\/oeuvre\/armoire-a-liqueurs-murale\/","og_site_name":"Artistics","article_publisher":"https:\/\/www.facebook.com\/ArtisticsMag","article_modified_time":"2024-05-17T15:54:35+00:00","og_image":[{"width":1400,"height":2108,"url":"https:\/\/artistics.com\/wp-content\/uploads\/2024\/04\/wall-liquor-cabinet-by-frederique-domergue-3.jpeg","type":"image\/jpeg"}],"twitter_card":"summary_large_image","twitter_site":"@Artistics_FR","twitter_misc":{"Prix":"17 400&nbsp;&euro;","Disponibilit\u00e9":"En stock"},"schema":{"@context":"https:\/\/schema.org","@graph":[{"@type":["WebPage","ItemPage"],"@id":"https:\/\/artistics.com\/fr\/oeuvre\/armoire-a-liqueurs-murale\/","url":"https:\/\/artistics.com\/fr\/oeuvre\/armoire-a-liqueurs-murale\/","name":"Armoire \u00e0 liqueurs murale par Fr\u00e9d\u00e9rique Domergue - Sculpture contemporaine | Artistics","isPartOf":{"@id":"https:\/\/artistics.com\/fr\/#website"},"primaryImageOfPage":{"@id":"https:\/\/artistics.com\/fr\/oeuvre\/armoire-a-liqueurs-murale\/#primaryimage"},"image":{"@id":"https:\/\/artistics.com\/fr\/oeuvre\/armoire-a-liqueurs-murale\/#primaryimage"},"thumbnailUrl":"https:\/\/artistics.com\/wp-content\/uploads\/2024\/04\/wall-liquor-cabinet-by-frederique-domergue-3.jpeg","datePublished":"2024-04-03T17:02:59+00:00","dateModified":"2024-05-17T15:54:35+00:00","description":"Armoire \u00e0 liqueurs murale par Fr\u00e9d\u00e9rique Domergue - achetez en ligne cette \u0153uvre d\u2019art originale avec son certificat d\u2019authenticit\u00e9 et b\u00e9n\u00e9ficiez de notre service premium.","breadcrumb":{"@id":"https:\/\/artistics.com\/fr\/oeuvre\/armoire-a-liqueurs-murale\/#breadcrumb"},"inLanguage":"fr-FR","potentialAction":[{"@type":"ReadAction","target":["https:\/\/artistics.com\/fr\/oeuvre\/armoire-a-liqueurs-murale\/"]}]},{"@type":"ImageObject","inLanguage":"fr-FR","@id":"https:\/\/artistics.com\/fr\/oeuvre\/armoire-a-liqueurs-murale\/#primaryimage","url":"https:\/\/artistics.com\/wp-content\/uploads\/2024\/04\/wall-liquor-cabinet-by-frederique-domergue-3.jpeg","contentUrl":"https:\/\/artistics.com\/wp-content\/uploads\/2024\/04\/wall-liquor-cabinet-by-frederique-domergue-3.jpeg","width":1400,"height":2108},{"@type":"BreadcrumbList","@id":"https:\/\/artistics.com\/fr\/oeuvre\/armoire-a-liqueurs-murale\/#breadcrumb","itemListElement":[{"@type":"ListItem","position":1,"name":"Achat \u0153uvre d'art","item":"https:\/\/artistics.com\/fr\/"},{"@type":"ListItem","position":2,"name":"Galerie","item":"https:\/\/artistics.com\/fr\/galerie\/"},{"@type":"ListItem","position":3,"name":"Sculpture contemporaine","item":"https:\/\/artistics.com\/fr\/categorie-oeuvre\/sculpture-contemporaine\/"},{"@type":"ListItem","position":4,"name":"Armoire \u00e0 liqueurs murale"}]},{"@type":"WebSite","@id":"https:\/\/artistics.com\/fr\/#website","url":"https:\/\/artistics.com\/fr\/","name":"Artistics","description":"The online art gallery","publisher":{"@id":"https:\/\/artistics.com\/fr\/#organization"},"potentialAction":[{"@type":"SearchAction","target":{"@type":"EntryPoint","urlTemplate":"https:\/\/artistics.com\/fr\/?s={search_term_string}"},"query-input":{"@type":"PropertyValueSpecification","valueRequired":true,"valueName":"search_term_string"}}],"inLanguage":"fr-FR"},{"@type":"Organization","@id":"https:\/\/artistics.com\/fr\/#organization","name":"Artistics","url":"https:\/\/artistics.com\/fr\/","logo":{"@type":"ImageObject","inLanguage":"fr-FR","@id":"https:\/\/artistics.com\/fr\/#\/schema\/logo\/image\/","url":"https:\/\/artistics.com\/wp-content\/uploads\/2023\/02\/artistics-logo-web-1.svg","contentUrl":"https:\/\/artistics.com\/wp-content\/uploads\/2023\/02\/artistics-logo-web-1.svg","caption":"Artistics"},"image":{"@id":"https:\/\/artistics.com\/fr\/#\/schema\/logo\/image\/"},"sameAs":["https:\/\/www.facebook.com\/ArtisticsMag","https:\/\/x.com\/Artistics_FR","http:\/\/www.linkedin.com\/company\/artistics","https:\/\/www.instagram.com\/artistics_com\/","http:\/\/www.pinterest.com\/ArtisticsMag"],"hasMerchantReturnPolicy":{"@type":"MerchantReturnPolicy","merchantReturnLink":"https:\/\/artistics.com\/free-return-policy\/"}}]},"product_price_amount":"17400","product_price_currency":"EUR","og_availability":"instock","product_availability":"instock","product_condition":"new"},"_links":{"self":[{"href":"https:\/\/artistics.com\/fr\/wp-json\/wp\/v2\/product\/53340","targetHints":{"allow":["GET"]}}],"collection":[{"href":"https:\/\/artistics.com\/fr\/wp-json\/wp\/v2\/product"}],"about":[{"href":"https:\/\/artistics.com\/fr\/wp-json\/wp\/v2\/types\/product"}],"acf:term":[{"embeddable":true,"taxonomy":"series","href":"https:\/\/artistics.com\/fr\/wp-json\/wp\/v2\/series\/2285"},{"embeddable":true,"taxonomy":"product_tag","href":"https:\/\/artistics.com\/fr\/wp-json\/wp\/v2\/product_tag\/368"},{"embeddable":true,"taxonomy":"product_cat","href":"https:\/\/artistics.com\/fr\/wp-json\/wp\/v2\/product_cat\/238"},{"embeddable":true,"taxonomy":"product_cat","href":"https:\/\/artistics.com\/fr\/wp-json\/wp\/v2\/product_cat\/215"},{"embeddable":true,"taxonomy":"product_cat","href":"https:\/\/artistics.com\/fr\/wp-json\/wp\/v2\/product_cat\/2336"},{"embeddable":true,"taxonomy":"product_cat","href":"https:\/\/artistics.com\/fr\/wp-json\/wp\/v2\/product_cat\/209"},{"embeddable":true,"taxonomy":"product_cat","href":"https:\/\/artistics.com\/fr\/wp-json\/wp\/v2\/product_cat\/423"},{"embeddable":true,"taxonomy":"product_cat","href":"https:\/\/artistics.com\/fr\/wp-json\/wp\/v2\/product_cat\/424"},{"embeddable":true,"taxonomy":"product_cat","href":"https:\/\/artistics.com\/fr\/wp-json\/wp\/v2\/product_cat\/164"}],"acf:post":[{"embeddable":true,"href":"https:\/\/artistics.com\/fr\/wp-json\/wp\/v2\/artist\/2774"}],"wp:featuredmedia":[{"embeddable":true,"href":"https:\/\/artistics.com\/fr\/wp-json\/wp\/v2\/media\/53297"}],"wp:attachment":[{"href":"https:\/\/artistics.com\/fr\/wp-json\/wp\/v2\/media?parent=53340"}],"wp:term":[{"taxonomy":"product_cat","embeddable":true,"href":"https:\/\/artistics.com\/fr\/wp-json\/wp\/v2\/product_cat?post=53340"},{"taxonomy":"product_tag","embeddable":true,"href":"https:\/\/artistics.com\/fr\/wp-json\/wp\/v2\/product_tag?post=53340"},{"taxonomy":"series","embeddable":true,"href":"https:\/\/artistics.com\/fr\/wp-json\/wp\/v2\/series?post=53340"}],"curies":[{"name":"wp","href":"https:\/\/api.w.org\/{rel}","templated":true}]}}