{"id":52779,"date":"2024-03-25T09:47:03","date_gmt":"2024-03-25T08:47:03","guid":{"rendered":"https:\/\/artistics.com\/?post_type=product&#038;p=52779"},"modified":"2025-06-24T19:04:55","modified_gmt":"2025-06-24T17:04:55","slug":"franck-k-2965-fk-bld","status":"publish","type":"product","link":"https:\/\/artistics.com\/fr\/oeuvre\/franck-k-2965-fk-bld\/","title":{"rendered":"Franck K 2965 FK Bld"},"content":{"rendered":"","protected":false},"excerpt":{"rendered":"","protected":false},"featured_media":52763,"template":"","meta":{"_acf_changed":false,"_searchwp_excluded":"","inline_featured_image":false},"product_cat":[2243,421,424,164,193,204,215,238],"product_tag":[562,2505,368],"series":[2276],"class_list":{"0":"post-52779","1":"product","2":"type-product","3":"status-publish","4":"has-post-thumbnail","6":"product_cat-art-optique-et-art-cinetique","7":"product_cat-sculpture-dexterieur","8":"product_cat-sculpture-en-metal","9":"product_cat-sculpture-contemporaine","10":"product_cat-geometrique","11":"product_cat-sculpture-abstraite","12":"product_cat-grand","13":"product_cat-plus-de-10-000-e","14":"product_tag-argente","15":"product_tag-oeuvres-dart-verticales","16":"product_tag-sculpture-grand-format","17":"series-franck-k-sculptures-dexterieur","19":"first","20":"instock","21":"shipping-taxable","22":"purchasable","23":"product-type-simple"},"acf":{"artwork_artist":[50695],"artwork_medium":164,"artwork_categories":[421,424,204],"artwork_overall-tones":[],"artwork_main-material":[],"artwork_art-genre":[],"artwork_art-movement":[2243],"artwork_miscellaneous":[193],"artwork_formats":[215],"artwork_price-ranges":[238],"artwork_main_subject":[],"artwork_technique":[],"artwork_featured_location":[],"artwork_dominant_color":[562],"artwork_physical_attributes":[368,2505,368],"artwork_creation_date":"20130101","artwork_unique_piece":true,"artwork_description":"Installation de trois sculptures en acier inox poli miroir sur socle en b\u00e9ton ou en bois","artwork_signature":"\u0152uvre sign\u00e9e","artwork_authenticity":"L\u2019\u0153uvre est vendue avec un certificat d\u2019authenticit\u00e9 sign\u00e9 par l\u2019artiste.","artwork_framing":"not_specified","artwork_has_custom_framing_info":false,"artwork_custom_framing_info":"Not specified","artwork_location_country":"","artwork_location_city":"","artwork_location_zipcode":"","artwork_shipment_type":"3D_artwork","artwork_shipping_delivery":"sculpture_unique_piece_immediate_availability","artwork_has_custom_shipping_delivery_info":false,"artwork_custom_shipping_delivery_info":"Not specified","artwork_360_view_url":"","artwork_video_url":"","artwork_video_format":[],"artwork_preview_type":"auto","artwork_reserved":false,"artwork_hide_price":false,"artwork_about":"<p class=\"p1\"><em><strong>Franck K 2965 FK Bld<\/strong><\/em> est une \u0153uvre de l\u2019artiste Franck K.<span class=\"Apple-converted-space\">\u00a0<\/span>Cette \u0153uvre peut \u00eatre plac\u00e9e en ext\u00e9rieur. Les sculptures sont vides \u00e0 l'int\u00e9rieur (\u00e9paisseur du m\u00e9tal : 1,5 mm).<\/p>\r\n<p class=\"p1\">Les \u0153uvres en acier inoxydable de Franck K jouent avec la lumi\u00e8re et les reflets de leur environnement.\u00a0Etablissant une r\u00e9f\u00e9rence directe \u00e0 l\u2019art optique, les sculptures de Franck K questionnent la perception de la r\u00e9alit\u00e9 et stimulent l\u2019imagination des observateurs, qui deviennent \u00ab\u00a0<i>architectes de leur propre \u0153uvre<\/i> \u00bb au gr\u00e9 de leurs mouvements autour de la sculpture. La virtuosit\u00e9 de l\u2019artiste dans le travail du m\u00e9tal, sa patience et son attention aux d\u00e9tails conf\u00e8rent \u00e0 chacune de ses pi\u00e8ces une finition et une ex\u00e9cution parfaitement ma\u00eetris\u00e9es. Entre les mains de l\u2019artiste, la mati\u00e8re brute - une feuille de m\u00e9tal - se transmute en \u0153uvre d\u2019art.<span class=\"Apple-converted-space\">\u00a0<\/span><\/p>\r\n<p class=\"p1\">\u00ab <i>L'\u0153uvre transforme le lieu. Un emplacement quelconque, anonyme, trivial deviendra un \u00e9crin. [\u2026] Seul le reflet importe, car lui seul est capable de magnifier l'environnement.<\/i> \u00bb Philippe Parricart et Franck K<\/p>\r\n<p class=\"p1\">Cette \u0153uvre est une pi\u00e8ce unique, sign\u00e9e et dat\u00e9e.<span class=\"Apple-converted-space\">\u00a0<\/span><\/p>\r\nLes dimensions sp\u00e9cifi\u00e9es incluent le socle.\r\n\r\nDimensions des trois sculptures : 208 H x 32 L x 32 P cm, 208 H x 32 L x 32 P cm, 154 H x 32 L x 32 P cm\r\n\r\nDimensions du socle : 28 H x 39 L x 39 P cm\r\n\r\nHauteur totale de la sculpture avec la base : 236 cm","artwork_series":[2276],"artwork_query_group":"20","artwork_lowest_grid_position":1,"artwork_random_position":7413891,"explicit_sensitive_content":false,"drupal_id":""},"yoast_head":"<!-- This site is optimized with the Yoast SEO Premium plugin v27.3 (Yoast SEO v27.3) - https:\/\/yoast.com\/product\/yoast-seo-premium-wordpress\/ -->\n<title>Franck K 2965 FK Bld par Franck K - Sculpture contemporaine | Artistics<\/title>\n<meta name=\"description\" content=\"Franck K 2965 FK Bld par Franck K - achetez en ligne cette \u0153uvre d\u2019art originale avec son certificat d\u2019authenticit\u00e9 et b\u00e9n\u00e9ficiez de notre service premium.\" \/>\n<meta name=\"robots\" content=\"index, follow, max-snippet:-1, max-image-preview:large, max-video-preview:-1\" \/>\n<link rel=\"canonical\" href=\"https:\/\/artistics.com\/fr\/oeuvre\/franck-k-2965-fk-bld\/\" \/>\n<meta property=\"og:locale\" content=\"fr_FR\" \/>\n<meta property=\"og:type\" content=\"article\" \/>\n<meta property=\"og:title\" content=\"Franck K 2965 FK Bld\" \/>\n<meta property=\"og:description\" content=\"Franck K 2965 FK Bld par Franck K - achetez en ligne cette \u0153uvre d\u2019art originale avec son certificat d\u2019authenticit\u00e9 et b\u00e9n\u00e9ficiez de notre service premium.\" \/>\n<meta property=\"og:url\" content=\"https:\/\/artistics.com\/fr\/oeuvre\/franck-k-2965-fk-bld\/\" \/>\n<meta property=\"og:site_name\" content=\"Artistics\" \/>\n<meta property=\"article:publisher\" content=\"https:\/\/www.facebook.com\/ArtisticsMag\" \/>\n<meta property=\"article:modified_time\" content=\"2025-06-24T17:04:55+00:00\" \/>\n<meta property=\"og:image\" content=\"https:\/\/artistics.com\/wp-content\/uploads\/2024\/03\/twins-stainless-steel-sculpture-by-franck-k-8.jpg\" \/>\n\t<meta property=\"og:image:width\" content=\"1497\" \/>\n\t<meta property=\"og:image:height\" content=\"2000\" \/>\n\t<meta property=\"og:image:type\" content=\"image\/jpeg\" \/>\n<meta name=\"twitter:card\" content=\"summary_large_image\" \/>\n<meta name=\"twitter:site\" content=\"@Artistics_FR\" \/>\n<meta name=\"twitter:label1\" content=\"Prix\" \/>\n\t<meta name=\"twitter:data1\" content=\"33 300&nbsp;&euro;\" \/>\n\t<meta name=\"twitter:label2\" content=\"Disponibilit\u00e9\" \/>\n\t<meta name=\"twitter:data2\" content=\"En stock\" \/>\n<script type=\"application\/ld+json\" class=\"yoast-schema-graph\">{\"@context\":\"https:\\\/\\\/schema.org\",\"@graph\":[{\"@type\":[\"WebPage\",\"ItemPage\"],\"@id\":\"https:\\\/\\\/artistics.com\\\/fr\\\/oeuvre\\\/franck-k-2965-fk-bld\\\/\",\"url\":\"https:\\\/\\\/artistics.com\\\/fr\\\/oeuvre\\\/franck-k-2965-fk-bld\\\/\",\"name\":\"Franck K 2965 FK Bld par Franck K - Sculpture contemporaine | Artistics\",\"isPartOf\":{\"@id\":\"https:\\\/\\\/artistics.com\\\/fr\\\/#website\"},\"primaryImageOfPage\":{\"@id\":\"https:\\\/\\\/artistics.com\\\/fr\\\/oeuvre\\\/franck-k-2965-fk-bld\\\/#primaryimage\"},\"image\":{\"@id\":\"https:\\\/\\\/artistics.com\\\/fr\\\/oeuvre\\\/franck-k-2965-fk-bld\\\/#primaryimage\"},\"thumbnailUrl\":\"https:\\\/\\\/artistics.com\\\/wp-content\\\/uploads\\\/2024\\\/03\\\/twins-stainless-steel-sculpture-by-franck-k-8.jpg\",\"datePublished\":\"2024-03-25T08:47:03+00:00\",\"dateModified\":\"2025-06-24T17:04:55+00:00\",\"description\":\"Franck K 2965 FK Bld par Franck K - achetez en ligne cette \u0153uvre d\u2019art originale avec son certificat d\u2019authenticit\u00e9 et b\u00e9n\u00e9ficiez de notre service premium.\",\"breadcrumb\":{\"@id\":\"https:\\\/\\\/artistics.com\\\/fr\\\/oeuvre\\\/franck-k-2965-fk-bld\\\/#breadcrumb\"},\"inLanguage\":\"fr-FR\",\"potentialAction\":[{\"@type\":\"ReadAction\",\"target\":[\"https:\\\/\\\/artistics.com\\\/fr\\\/oeuvre\\\/franck-k-2965-fk-bld\\\/\"]}]},{\"@type\":\"ImageObject\",\"inLanguage\":\"fr-FR\",\"@id\":\"https:\\\/\\\/artistics.com\\\/fr\\\/oeuvre\\\/franck-k-2965-fk-bld\\\/#primaryimage\",\"url\":\"https:\\\/\\\/artistics.com\\\/wp-content\\\/uploads\\\/2024\\\/03\\\/twins-stainless-steel-sculpture-by-franck-k-8.jpg\",\"contentUrl\":\"https:\\\/\\\/artistics.com\\\/wp-content\\\/uploads\\\/2024\\\/03\\\/twins-stainless-steel-sculpture-by-franck-k-8.jpg\",\"width\":1497,\"height\":2000},{\"@type\":\"BreadcrumbList\",\"@id\":\"https:\\\/\\\/artistics.com\\\/fr\\\/oeuvre\\\/franck-k-2965-fk-bld\\\/#breadcrumb\",\"itemListElement\":[{\"@type\":\"ListItem\",\"position\":1,\"name\":\"Achat \u0153uvre d'art\",\"item\":\"https:\\\/\\\/artistics.com\\\/fr\\\/\"},{\"@type\":\"ListItem\",\"position\":2,\"name\":\"Galerie\",\"item\":\"https:\\\/\\\/artistics.com\\\/fr\\\/galerie\\\/\"},{\"@type\":\"ListItem\",\"position\":3,\"name\":\"Sculpture contemporaine\",\"item\":\"https:\\\/\\\/artistics.com\\\/fr\\\/categorie-oeuvre\\\/sculpture-contemporaine\\\/\"},{\"@type\":\"ListItem\",\"position\":4,\"name\":\"Franck K 2965 FK Bld\"}]},{\"@type\":\"WebSite\",\"@id\":\"https:\\\/\\\/artistics.com\\\/fr\\\/#website\",\"url\":\"https:\\\/\\\/artistics.com\\\/fr\\\/\",\"name\":\"Artistics\",\"description\":\"The online art gallery\",\"publisher\":{\"@id\":\"https:\\\/\\\/artistics.com\\\/fr\\\/#organization\"},\"potentialAction\":[{\"@type\":\"SearchAction\",\"target\":{\"@type\":\"EntryPoint\",\"urlTemplate\":\"https:\\\/\\\/artistics.com\\\/fr\\\/?s={search_term_string}\"},\"query-input\":{\"@type\":\"PropertyValueSpecification\",\"valueRequired\":true,\"valueName\":\"search_term_string\"}}],\"inLanguage\":\"fr-FR\"},{\"@type\":\"Organization\",\"@id\":\"https:\\\/\\\/artistics.com\\\/fr\\\/#organization\",\"name\":\"Artistics\",\"url\":\"https:\\\/\\\/artistics.com\\\/fr\\\/\",\"logo\":{\"@type\":\"ImageObject\",\"inLanguage\":\"fr-FR\",\"@id\":\"https:\\\/\\\/artistics.com\\\/fr\\\/#\\\/schema\\\/logo\\\/image\\\/\",\"url\":\"https:\\\/\\\/artistics.com\\\/wp-content\\\/uploads\\\/2023\\\/02\\\/artistics-logo-web-1.svg\",\"contentUrl\":\"https:\\\/\\\/artistics.com\\\/wp-content\\\/uploads\\\/2023\\\/02\\\/artistics-logo-web-1.svg\",\"caption\":\"Artistics\"},\"image\":{\"@id\":\"https:\\\/\\\/artistics.com\\\/fr\\\/#\\\/schema\\\/logo\\\/image\\\/\"},\"sameAs\":[\"https:\\\/\\\/www.facebook.com\\\/ArtisticsMag\",\"https:\\\/\\\/x.com\\\/Artistics_FR\",\"http:\\\/\\\/www.linkedin.com\\\/company\\\/artistics\",\"https:\\\/\\\/www.instagram.com\\\/artistics_com\\\/\",\"http:\\\/\\\/www.pinterest.com\\\/ArtisticsMag\"],\"hasMerchantReturnPolicy\":{\"@type\":\"MerchantReturnPolicy\",\"merchantReturnLink\":\"https:\\\/\\\/artistics.com\\\/free-return-policy\\\/\"}}]}<\/script>\n<meta property=\"product:price:amount\" content=\"33300\" \/>\n<meta property=\"product:price:currency\" content=\"EUR\" \/>\n<meta property=\"og:availability\" content=\"instock\" \/>\n<meta property=\"product:availability\" content=\"instock\" \/>\n<meta property=\"product:condition\" content=\"new\" \/>\n<!-- \/ Yoast SEO Premium plugin. -->","yoast_head_json":{"title":"Franck K 2965 FK Bld par Franck K - Sculpture contemporaine | Artistics","description":"Franck K 2965 FK Bld par Franck K - achetez en ligne cette \u0153uvre d\u2019art originale avec son certificat d\u2019authenticit\u00e9 et b\u00e9n\u00e9ficiez de notre service premium.","robots":{"index":"index","follow":"follow","max-snippet":"max-snippet:-1","max-image-preview":"max-image-preview:large","max-video-preview":"max-video-preview:-1"},"canonical":"https:\/\/artistics.com\/fr\/oeuvre\/franck-k-2965-fk-bld\/","og_locale":"fr_FR","og_type":"article","og_title":"Franck K 2965 FK Bld","og_description":"Franck K 2965 FK Bld par Franck K - achetez en ligne cette \u0153uvre d\u2019art originale avec son certificat d\u2019authenticit\u00e9 et b\u00e9n\u00e9ficiez de notre service premium.","og_url":"https:\/\/artistics.com\/fr\/oeuvre\/franck-k-2965-fk-bld\/","og_site_name":"Artistics","article_publisher":"https:\/\/www.facebook.com\/ArtisticsMag","article_modified_time":"2025-06-24T17:04:55+00:00","og_image":[{"width":1497,"height":2000,"url":"https:\/\/artistics.com\/wp-content\/uploads\/2024\/03\/twins-stainless-steel-sculpture-by-franck-k-8.jpg","type":"image\/jpeg"}],"twitter_card":"summary_large_image","twitter_site":"@Artistics_FR","twitter_misc":{"Prix":"33 300&nbsp;&euro;","Disponibilit\u00e9":"En stock"},"schema":{"@context":"https:\/\/schema.org","@graph":[{"@type":["WebPage","ItemPage"],"@id":"https:\/\/artistics.com\/fr\/oeuvre\/franck-k-2965-fk-bld\/","url":"https:\/\/artistics.com\/fr\/oeuvre\/franck-k-2965-fk-bld\/","name":"Franck K 2965 FK Bld par Franck K - Sculpture contemporaine | Artistics","isPartOf":{"@id":"https:\/\/artistics.com\/fr\/#website"},"primaryImageOfPage":{"@id":"https:\/\/artistics.com\/fr\/oeuvre\/franck-k-2965-fk-bld\/#primaryimage"},"image":{"@id":"https:\/\/artistics.com\/fr\/oeuvre\/franck-k-2965-fk-bld\/#primaryimage"},"thumbnailUrl":"https:\/\/artistics.com\/wp-content\/uploads\/2024\/03\/twins-stainless-steel-sculpture-by-franck-k-8.jpg","datePublished":"2024-03-25T08:47:03+00:00","dateModified":"2025-06-24T17:04:55+00:00","description":"Franck K 2965 FK Bld par Franck K - achetez en ligne cette \u0153uvre d\u2019art originale avec son certificat d\u2019authenticit\u00e9 et b\u00e9n\u00e9ficiez de notre service premium.","breadcrumb":{"@id":"https:\/\/artistics.com\/fr\/oeuvre\/franck-k-2965-fk-bld\/#breadcrumb"},"inLanguage":"fr-FR","potentialAction":[{"@type":"ReadAction","target":["https:\/\/artistics.com\/fr\/oeuvre\/franck-k-2965-fk-bld\/"]}]},{"@type":"ImageObject","inLanguage":"fr-FR","@id":"https:\/\/artistics.com\/fr\/oeuvre\/franck-k-2965-fk-bld\/#primaryimage","url":"https:\/\/artistics.com\/wp-content\/uploads\/2024\/03\/twins-stainless-steel-sculpture-by-franck-k-8.jpg","contentUrl":"https:\/\/artistics.com\/wp-content\/uploads\/2024\/03\/twins-stainless-steel-sculpture-by-franck-k-8.jpg","width":1497,"height":2000},{"@type":"BreadcrumbList","@id":"https:\/\/artistics.com\/fr\/oeuvre\/franck-k-2965-fk-bld\/#breadcrumb","itemListElement":[{"@type":"ListItem","position":1,"name":"Achat \u0153uvre d'art","item":"https:\/\/artistics.com\/fr\/"},{"@type":"ListItem","position":2,"name":"Galerie","item":"https:\/\/artistics.com\/fr\/galerie\/"},{"@type":"ListItem","position":3,"name":"Sculpture contemporaine","item":"https:\/\/artistics.com\/fr\/categorie-oeuvre\/sculpture-contemporaine\/"},{"@type":"ListItem","position":4,"name":"Franck K 2965 FK Bld"}]},{"@type":"WebSite","@id":"https:\/\/artistics.com\/fr\/#website","url":"https:\/\/artistics.com\/fr\/","name":"Artistics","description":"The online art gallery","publisher":{"@id":"https:\/\/artistics.com\/fr\/#organization"},"potentialAction":[{"@type":"SearchAction","target":{"@type":"EntryPoint","urlTemplate":"https:\/\/artistics.com\/fr\/?s={search_term_string}"},"query-input":{"@type":"PropertyValueSpecification","valueRequired":true,"valueName":"search_term_string"}}],"inLanguage":"fr-FR"},{"@type":"Organization","@id":"https:\/\/artistics.com\/fr\/#organization","name":"Artistics","url":"https:\/\/artistics.com\/fr\/","logo":{"@type":"ImageObject","inLanguage":"fr-FR","@id":"https:\/\/artistics.com\/fr\/#\/schema\/logo\/image\/","url":"https:\/\/artistics.com\/wp-content\/uploads\/2023\/02\/artistics-logo-web-1.svg","contentUrl":"https:\/\/artistics.com\/wp-content\/uploads\/2023\/02\/artistics-logo-web-1.svg","caption":"Artistics"},"image":{"@id":"https:\/\/artistics.com\/fr\/#\/schema\/logo\/image\/"},"sameAs":["https:\/\/www.facebook.com\/ArtisticsMag","https:\/\/x.com\/Artistics_FR","http:\/\/www.linkedin.com\/company\/artistics","https:\/\/www.instagram.com\/artistics_com\/","http:\/\/www.pinterest.com\/ArtisticsMag"],"hasMerchantReturnPolicy":{"@type":"MerchantReturnPolicy","merchantReturnLink":"https:\/\/artistics.com\/free-return-policy\/"}}]},"product_price_amount":"33300","product_price_currency":"EUR","og_availability":"instock","product_availability":"instock","product_condition":"new"},"_links":{"self":[{"href":"https:\/\/artistics.com\/fr\/wp-json\/wp\/v2\/product\/52779","targetHints":{"allow":["GET"]}}],"collection":[{"href":"https:\/\/artistics.com\/fr\/wp-json\/wp\/v2\/product"}],"about":[{"href":"https:\/\/artistics.com\/fr\/wp-json\/wp\/v2\/types\/product"}],"acf:term":[{"embeddable":true,"taxonomy":"series","href":"https:\/\/artistics.com\/fr\/wp-json\/wp\/v2\/series\/2276"},{"embeddable":true,"taxonomy":"product_tag","href":"https:\/\/artistics.com\/fr\/wp-json\/wp\/v2\/product_tag\/2505"},{"embeddable":true,"taxonomy":"product_tag","href":"https:\/\/artistics.com\/fr\/wp-json\/wp\/v2\/product_tag\/368"},{"embeddable":true,"taxonomy":"product_tag","href":"https:\/\/artistics.com\/fr\/wp-json\/wp\/v2\/product_tag\/562"},{"embeddable":true,"taxonomy":"product_cat","href":"https:\/\/artistics.com\/fr\/wp-json\/wp\/v2\/product_cat\/238"},{"embeddable":true,"taxonomy":"product_cat","href":"https:\/\/artistics.com\/fr\/wp-json\/wp\/v2\/product_cat\/215"},{"embeddable":true,"taxonomy":"product_cat","href":"https:\/\/artistics.com\/fr\/wp-json\/wp\/v2\/product_cat\/193"},{"embeddable":true,"taxonomy":"product_cat","href":"https:\/\/artistics.com\/fr\/wp-json\/wp\/v2\/product_cat\/2243"},{"embeddable":true,"taxonomy":"product_cat","href":"https:\/\/artistics.com\/fr\/wp-json\/wp\/v2\/product_cat\/204"},{"embeddable":true,"taxonomy":"product_cat","href":"https:\/\/artistics.com\/fr\/wp-json\/wp\/v2\/product_cat\/424"},{"embeddable":true,"taxonomy":"product_cat","href":"https:\/\/artistics.com\/fr\/wp-json\/wp\/v2\/product_cat\/421"},{"embeddable":true,"taxonomy":"product_cat","href":"https:\/\/artistics.com\/fr\/wp-json\/wp\/v2\/product_cat\/164"}],"acf:post":[{"embeddable":true,"href":"https:\/\/artistics.com\/fr\/wp-json\/wp\/v2\/artist\/50695"}],"wp:featuredmedia":[{"embeddable":true,"href":"https:\/\/artistics.com\/fr\/wp-json\/wp\/v2\/media\/52763"}],"wp:attachment":[{"href":"https:\/\/artistics.com\/fr\/wp-json\/wp\/v2\/media?parent=52779"}],"wp:term":[{"taxonomy":"product_cat","embeddable":true,"href":"https:\/\/artistics.com\/fr\/wp-json\/wp\/v2\/product_cat?post=52779"},{"taxonomy":"product_tag","embeddable":true,"href":"https:\/\/artistics.com\/fr\/wp-json\/wp\/v2\/product_tag?post=52779"},{"taxonomy":"series","embeddable":true,"href":"https:\/\/artistics.com\/fr\/wp-json\/wp\/v2\/series?post=52779"}],"curies":[{"name":"wp","href":"https:\/\/api.w.org\/{rel}","templated":true}]}}