{"id":52596,"date":"2024-03-27T15:59:05","date_gmt":"2024-03-27T14:59:05","guid":{"rendered":"https:\/\/artistics.com\/?post_type=product&#038;p=52596"},"modified":"2024-03-29T11:54:53","modified_gmt":"2024-03-29T10:54:53","slug":"psyche-individuelle","status":"publish","type":"product","link":"https:\/\/artistics.com\/fr\/oeuvre\/psyche-individuelle\/","title":{"rendered":"Psych\u00e9 (individuelle)"},"content":{"rendered":"","protected":false},"excerpt":{"rendered":"","protected":false},"featured_media":62978,"template":"","meta":{"_acf_changed":false,"_searchwp_excluded":"","inline_featured_image":false},"product_cat":[2243,421,424,164,193,204,215,238],"product_tag":[562,2504,2505,368],"series":[2276],"class_list":{"0":"post-52596","1":"product","2":"type-product","3":"status-publish","4":"has-post-thumbnail","6":"product_cat-art-optique-et-art-cinetique","7":"product_cat-sculpture-dexterieur","8":"product_cat-sculpture-en-metal","9":"product_cat-sculpture-contemporaine","10":"product_cat-geometrique","11":"product_cat-sculpture-abstraite","12":"product_cat-grand","13":"product_cat-plus-de-10-000-e","14":"product_tag-argente","15":"product_tag-art-en-miroir","16":"product_tag-oeuvres-dart-verticales","17":"product_tag-sculpture-grand-format","18":"series-franck-k-sculptures-dexterieur","20":"first","21":"instock","22":"shipping-taxable","23":"purchasable","24":"product-type-simple"},"acf":{"artwork_artist":[50695],"artwork_medium":164,"artwork_categories":[421,424,204],"artwork_overall-tones":[],"artwork_main-material":[],"artwork_art-genre":[],"artwork_art-movement":[2243],"artwork_miscellaneous":[193],"artwork_formats":[215],"artwork_price-ranges":[238],"artwork_main_subject":[],"artwork_technique":[2504],"artwork_featured_location":[],"artwork_dominant_color":[562],"artwork_physical_attributes":[368,2505,368],"artwork_creation_date":null,"artwork_unique_piece":true,"artwork_description":"Sculpture en acier inox poli miroir sur socle en b\u00e9ton","artwork_signature":"\u0152uvre sign\u00e9e","artwork_authenticity":"L\u2019\u0153uvre est vendue avec un certificat d\u2019authenticit\u00e9 sign\u00e9 par l\u2019artiste.","artwork_framing":"not_specified","artwork_has_custom_framing_info":false,"artwork_custom_framing_info":"Not specified","artwork_location_country":"","artwork_location_city":"","artwork_location_zipcode":"","artwork_shipment_type":"3D_artwork","artwork_shipping_delivery":"sculpture_commissioned_production_time","artwork_has_custom_shipping_delivery_info":false,"artwork_custom_shipping_delivery_info":"Not specified","artwork_360_view_url":"","artwork_video_url":"https:\/\/www.youtube.com\/watch?v=zoCFEwqQV3M","artwork_video_format":["horizontal"],"artwork_preview_type":"auto","artwork_reserved":false,"artwork_hide_price":false,"artwork_about":"<p class=\"p1\"><strong><em>Psych\u00e9 (individuelle) <\/em><\/strong>est une \u0153uvre de l\u2019artiste Franck K. La sculpture est travaill\u00e9e sur une seule face, l\u2019autre derri\u00e8re est peinte en noir.<\/p>\r\n<p class=\"p1\">Cette \u0153uvre est disponible sur commande et sera r\u00e9alis\u00e9e sur le m\u00eame mod\u00e8le et dans les m\u00eames conditions que celle pr\u00e9sent\u00e9e sur les photos (d\u00e9lais de production : 2 mois). Le processus de cr\u00e9ation garantie l\u2019unicit\u00e9 de chaque pi\u00e8ce. Les photos montrent l\u2019\u0153uvre expos\u00e9e dans le parc du Grand H\u00f4tel des Bains, Lavey-les-Bains (Suisse).<span class=\"Apple-converted-space\">\u00a0<\/span><\/p>\r\n<p class=\"p1\">Cette \u0153uvre peut \u00eatre plac\u00e9e en ext\u00e9rieur. L\u2019artiste saura conseiller le collectionneur sur l\u2019emplacement optimal et pourra \u00e9ventuellement retoucher l\u2019\u0153uvre en amont pour l\u2019adapter \u00e0 son environnement.<\/p>\r\n<p class=\"p1\">Les \u0153uvres en acier inoxydable de Franck K jouent avec la lumi\u00e8re et les reflets de leur environnement. Ces sculptures poss\u00e8dent une surface parfaitement polie et d\u00e9form\u00e9e par des bosses et des creux. Elles semblent anim\u00e9es par un mouvement perp\u00e9tuel, inspir\u00e9 par l\u2019onde et les reflets sur la surface de la mer.<span class=\"Apple-converted-space\">\u00a0<\/span><\/p>\r\n<p class=\"p1\">Etablissant une r\u00e9f\u00e9rence directe \u00e0 l\u2019art optique, les sculptures de Franck K questionnent la perception de la r\u00e9alit\u00e9 et stimulent l\u2019imagination des observateurs, qui deviennent \u00ab\u00a0<i>architectes de leur propre \u0153uvre<\/i>\u00a0\u00bb au gr\u00e9 de leurs mouvements autour de la sculpture\u00a0: le rythme de leur pas, l\u2019inclinaison de leur regard influence les formes et couleurs qui apparaissent et disparaissent sur l\u2019\u0153uvre, semblables \u00e0 des visions fugaces.<span class=\"Apple-converted-space\">\u00a0<\/span><\/p>\r\n<p class=\"p1\">La virtuosit\u00e9 de l\u2019artiste dans le travail du m\u00e9tal, sa patience et son attention aux d\u00e9tails conf\u00e8rent \u00e0 chacune de ses pi\u00e8ces une finition et une ex\u00e9cution parfaitement ma\u00eetris\u00e9es. Les lignes glissent fluides sur la surface luisante, dans une alternance harmonieuse de courbes douces. Entre les mains de l\u2019artiste, la mati\u00e8re brute - une feuille de m\u00e9tal - se transmute en \u0153uvre d\u2019art.<span class=\"Apple-converted-space\">\u00a0<\/span><\/p>\r\n<p class=\"p1\">\u00ab <i>L'\u0153uvre transforme le lieu. Un emplacement quelconque, anonyme, trivial deviendra un \u00e9crin. [\u2026] Seul le reflet importe, car lui seul est capable de magnifier l'environnement.<\/i> \u00bb Philippe Parricart et Franck K<\/p>\r\n<p class=\"p1\">Cette \u0153uvre est une pi\u00e8ce unique, sign\u00e9e et dat\u00e9e.<span class=\"Apple-converted-space\">\u00a0<\/span><\/p>\r\nLes dimensions sp\u00e9cifi\u00e9es incluent le socle.\r\n\r\nDimensions de la sculpture : 295 H x 146 L x 5 P cm\r\n\r\nDimensions du socle : 22 H x 170 L x 80 D cm\r\n\r\nHauteur totale de la sculpture avec la base : 300 cm","artwork_series":[2276],"artwork_query_group":"20","artwork_lowest_grid_position":1,"artwork_random_position":6069163,"explicit_sensitive_content":false,"drupal_id":""},"yoast_head":"<!-- This site is optimized with the Yoast SEO Premium plugin v27.3 (Yoast SEO v27.3) - https:\/\/yoast.com\/product\/yoast-seo-premium-wordpress\/ -->\n<title>Psych\u00e9 (individuelle) par Franck K - Sculpture contemporaine | Artistics<\/title>\n<meta name=\"description\" content=\"Psych\u00e9 (individuelle) par Franck K - achetez en ligne cette \u0153uvre d\u2019art originale avec son certificat d\u2019authenticit\u00e9 et b\u00e9n\u00e9ficiez de notre service premium.\" \/>\n<meta name=\"robots\" content=\"index, follow, max-snippet:-1, max-image-preview:large, max-video-preview:-1\" \/>\n<link rel=\"canonical\" href=\"https:\/\/artistics.com\/fr\/oeuvre\/psyche-individuelle\/\" \/>\n<meta property=\"og:locale\" content=\"fr_FR\" \/>\n<meta property=\"og:type\" content=\"article\" \/>\n<meta property=\"og:title\" content=\"Psych\u00e9 (individuelle)\" \/>\n<meta property=\"og:description\" content=\"Psych\u00e9 (individuelle) par Franck K - achetez en ligne cette \u0153uvre d\u2019art originale avec son certificat d\u2019authenticit\u00e9 et b\u00e9n\u00e9ficiez de notre service premium.\" \/>\n<meta property=\"og:url\" content=\"https:\/\/artistics.com\/fr\/oeuvre\/psyche-individuelle\/\" \/>\n<meta property=\"og:site_name\" content=\"Artistics\" \/>\n<meta property=\"article:publisher\" content=\"https:\/\/www.facebook.com\/ArtisticsMag\" \/>\n<meta property=\"article:modified_time\" content=\"2024-03-29T10:54:53+00:00\" \/>\n<meta property=\"og:image\" content=\"https:\/\/artistics.com\/wp-content\/uploads\/2024\/03\/psyche-stainless-steel-sculpture-by-franck-k-3-864x1024.jpg\" \/>\n\t<meta property=\"og:image:width\" content=\"864\" \/>\n\t<meta property=\"og:image:height\" content=\"1024\" \/>\n\t<meta property=\"og:image:type\" content=\"image\/jpeg\" \/>\n<meta name=\"twitter:card\" content=\"summary_large_image\" \/>\n<meta name=\"twitter:site\" content=\"@Artistics_FR\" \/>\n<meta name=\"twitter:label1\" content=\"Prix\" \/>\n\t<meta name=\"twitter:data1\" content=\"49 000&nbsp;&euro;\" \/>\n\t<meta name=\"twitter:label2\" content=\"Disponibilit\u00e9\" \/>\n\t<meta name=\"twitter:data2\" content=\"En stock\" \/>\n<script type=\"application\/ld+json\" class=\"yoast-schema-graph\">{\"@context\":\"https:\\\/\\\/schema.org\",\"@graph\":[{\"@type\":[\"WebPage\",\"ItemPage\"],\"@id\":\"https:\\\/\\\/artistics.com\\\/fr\\\/oeuvre\\\/psyche-individuelle\\\/\",\"url\":\"https:\\\/\\\/artistics.com\\\/fr\\\/oeuvre\\\/psyche-individuelle\\\/\",\"name\":\"Psych\u00e9 (individuelle) par Franck K - Sculpture contemporaine | Artistics\",\"isPartOf\":{\"@id\":\"https:\\\/\\\/artistics.com\\\/fr\\\/#website\"},\"primaryImageOfPage\":{\"@id\":\"https:\\\/\\\/artistics.com\\\/fr\\\/oeuvre\\\/psyche-individuelle\\\/#primaryimage\"},\"image\":{\"@id\":\"https:\\\/\\\/artistics.com\\\/fr\\\/oeuvre\\\/psyche-individuelle\\\/#primaryimage\"},\"thumbnailUrl\":\"https:\\\/\\\/artistics.com\\\/wp-content\\\/uploads\\\/2024\\\/03\\\/psyche-by-franck-k-2.jpeg\",\"datePublished\":\"2024-03-27T14:59:05+00:00\",\"dateModified\":\"2024-03-29T10:54:53+00:00\",\"description\":\"Psych\u00e9 (individuelle) par Franck K - achetez en ligne cette \u0153uvre d\u2019art originale avec son certificat d\u2019authenticit\u00e9 et b\u00e9n\u00e9ficiez de notre service premium.\",\"breadcrumb\":{\"@id\":\"https:\\\/\\\/artistics.com\\\/fr\\\/oeuvre\\\/psyche-individuelle\\\/#breadcrumb\"},\"inLanguage\":\"fr-FR\",\"potentialAction\":[{\"@type\":\"ReadAction\",\"target\":[\"https:\\\/\\\/artistics.com\\\/fr\\\/oeuvre\\\/psyche-individuelle\\\/\"]}]},{\"@type\":\"ImageObject\",\"inLanguage\":\"fr-FR\",\"@id\":\"https:\\\/\\\/artistics.com\\\/fr\\\/oeuvre\\\/psyche-individuelle\\\/#primaryimage\",\"url\":\"https:\\\/\\\/artistics.com\\\/wp-content\\\/uploads\\\/2024\\\/03\\\/psyche-by-franck-k-2.jpeg\",\"contentUrl\":\"https:\\\/\\\/artistics.com\\\/wp-content\\\/uploads\\\/2024\\\/03\\\/psyche-by-franck-k-2.jpeg\",\"width\":1559,\"height\":1559,\"caption\":\"Screenshot\"},{\"@type\":\"BreadcrumbList\",\"@id\":\"https:\\\/\\\/artistics.com\\\/fr\\\/oeuvre\\\/psyche-individuelle\\\/#breadcrumb\",\"itemListElement\":[{\"@type\":\"ListItem\",\"position\":1,\"name\":\"Achat \u0153uvre d'art\",\"item\":\"https:\\\/\\\/artistics.com\\\/fr\\\/\"},{\"@type\":\"ListItem\",\"position\":2,\"name\":\"Galerie\",\"item\":\"https:\\\/\\\/artistics.com\\\/fr\\\/galerie\\\/\"},{\"@type\":\"ListItem\",\"position\":3,\"name\":\"Sculpture contemporaine\",\"item\":\"https:\\\/\\\/artistics.com\\\/fr\\\/categorie-oeuvre\\\/sculpture-contemporaine\\\/\"},{\"@type\":\"ListItem\",\"position\":4,\"name\":\"Psych\u00e9 (individuelle)\"}]},{\"@type\":\"WebSite\",\"@id\":\"https:\\\/\\\/artistics.com\\\/fr\\\/#website\",\"url\":\"https:\\\/\\\/artistics.com\\\/fr\\\/\",\"name\":\"Artistics\",\"description\":\"The online art gallery\",\"publisher\":{\"@id\":\"https:\\\/\\\/artistics.com\\\/fr\\\/#organization\"},\"potentialAction\":[{\"@type\":\"SearchAction\",\"target\":{\"@type\":\"EntryPoint\",\"urlTemplate\":\"https:\\\/\\\/artistics.com\\\/fr\\\/?s={search_term_string}\"},\"query-input\":{\"@type\":\"PropertyValueSpecification\",\"valueRequired\":true,\"valueName\":\"search_term_string\"}}],\"inLanguage\":\"fr-FR\"},{\"@type\":\"Organization\",\"@id\":\"https:\\\/\\\/artistics.com\\\/fr\\\/#organization\",\"name\":\"Artistics\",\"url\":\"https:\\\/\\\/artistics.com\\\/fr\\\/\",\"logo\":{\"@type\":\"ImageObject\",\"inLanguage\":\"fr-FR\",\"@id\":\"https:\\\/\\\/artistics.com\\\/fr\\\/#\\\/schema\\\/logo\\\/image\\\/\",\"url\":\"https:\\\/\\\/artistics.com\\\/wp-content\\\/uploads\\\/2023\\\/02\\\/artistics-logo-web-1.svg\",\"contentUrl\":\"https:\\\/\\\/artistics.com\\\/wp-content\\\/uploads\\\/2023\\\/02\\\/artistics-logo-web-1.svg\",\"caption\":\"Artistics\"},\"image\":{\"@id\":\"https:\\\/\\\/artistics.com\\\/fr\\\/#\\\/schema\\\/logo\\\/image\\\/\"},\"sameAs\":[\"https:\\\/\\\/www.facebook.com\\\/ArtisticsMag\",\"https:\\\/\\\/x.com\\\/Artistics_FR\",\"http:\\\/\\\/www.linkedin.com\\\/company\\\/artistics\",\"https:\\\/\\\/www.instagram.com\\\/artistics_com\\\/\",\"http:\\\/\\\/www.pinterest.com\\\/ArtisticsMag\"],\"hasMerchantReturnPolicy\":{\"@type\":\"MerchantReturnPolicy\",\"merchantReturnLink\":\"https:\\\/\\\/artistics.com\\\/free-return-policy\\\/\"}}]}<\/script>\n<meta property=\"product:price:amount\" content=\"49000\" \/>\n<meta property=\"product:price:currency\" content=\"EUR\" \/>\n<meta property=\"og:availability\" content=\"instock\" \/>\n<meta property=\"product:availability\" content=\"instock\" \/>\n<meta property=\"product:condition\" content=\"new\" \/>\n<!-- \/ Yoast SEO Premium plugin. -->","yoast_head_json":{"title":"Psych\u00e9 (individuelle) par Franck K - Sculpture contemporaine | Artistics","description":"Psych\u00e9 (individuelle) par Franck K - achetez en ligne cette \u0153uvre d\u2019art originale avec son certificat d\u2019authenticit\u00e9 et b\u00e9n\u00e9ficiez de notre service premium.","robots":{"index":"index","follow":"follow","max-snippet":"max-snippet:-1","max-image-preview":"max-image-preview:large","max-video-preview":"max-video-preview:-1"},"canonical":"https:\/\/artistics.com\/fr\/oeuvre\/psyche-individuelle\/","og_locale":"fr_FR","og_type":"article","og_title":"Psych\u00e9 (individuelle)","og_description":"Psych\u00e9 (individuelle) par Franck K - achetez en ligne cette \u0153uvre d\u2019art originale avec son certificat d\u2019authenticit\u00e9 et b\u00e9n\u00e9ficiez de notre service premium.","og_url":"https:\/\/artistics.com\/fr\/oeuvre\/psyche-individuelle\/","og_site_name":"Artistics","article_publisher":"https:\/\/www.facebook.com\/ArtisticsMag","article_modified_time":"2024-03-29T10:54:53+00:00","og_image":[{"width":864,"height":1024,"url":"https:\/\/artistics.com\/wp-content\/uploads\/2024\/03\/psyche-stainless-steel-sculpture-by-franck-k-3-864x1024.jpg","type":"image\/jpeg"}],"twitter_card":"summary_large_image","twitter_site":"@Artistics_FR","twitter_misc":{"Prix":"49 000&nbsp;&euro;","Disponibilit\u00e9":"En stock"},"schema":{"@context":"https:\/\/schema.org","@graph":[{"@type":["WebPage","ItemPage"],"@id":"https:\/\/artistics.com\/fr\/oeuvre\/psyche-individuelle\/","url":"https:\/\/artistics.com\/fr\/oeuvre\/psyche-individuelle\/","name":"Psych\u00e9 (individuelle) par Franck K - Sculpture contemporaine | Artistics","isPartOf":{"@id":"https:\/\/artistics.com\/fr\/#website"},"primaryImageOfPage":{"@id":"https:\/\/artistics.com\/fr\/oeuvre\/psyche-individuelle\/#primaryimage"},"image":{"@id":"https:\/\/artistics.com\/fr\/oeuvre\/psyche-individuelle\/#primaryimage"},"thumbnailUrl":"https:\/\/artistics.com\/wp-content\/uploads\/2024\/03\/psyche-by-franck-k-2.jpeg","datePublished":"2024-03-27T14:59:05+00:00","dateModified":"2024-03-29T10:54:53+00:00","description":"Psych\u00e9 (individuelle) par Franck K - achetez en ligne cette \u0153uvre d\u2019art originale avec son certificat d\u2019authenticit\u00e9 et b\u00e9n\u00e9ficiez de notre service premium.","breadcrumb":{"@id":"https:\/\/artistics.com\/fr\/oeuvre\/psyche-individuelle\/#breadcrumb"},"inLanguage":"fr-FR","potentialAction":[{"@type":"ReadAction","target":["https:\/\/artistics.com\/fr\/oeuvre\/psyche-individuelle\/"]}]},{"@type":"ImageObject","inLanguage":"fr-FR","@id":"https:\/\/artistics.com\/fr\/oeuvre\/psyche-individuelle\/#primaryimage","url":"https:\/\/artistics.com\/wp-content\/uploads\/2024\/03\/psyche-by-franck-k-2.jpeg","contentUrl":"https:\/\/artistics.com\/wp-content\/uploads\/2024\/03\/psyche-by-franck-k-2.jpeg","width":1559,"height":1559,"caption":"Screenshot"},{"@type":"BreadcrumbList","@id":"https:\/\/artistics.com\/fr\/oeuvre\/psyche-individuelle\/#breadcrumb","itemListElement":[{"@type":"ListItem","position":1,"name":"Achat \u0153uvre d'art","item":"https:\/\/artistics.com\/fr\/"},{"@type":"ListItem","position":2,"name":"Galerie","item":"https:\/\/artistics.com\/fr\/galerie\/"},{"@type":"ListItem","position":3,"name":"Sculpture contemporaine","item":"https:\/\/artistics.com\/fr\/categorie-oeuvre\/sculpture-contemporaine\/"},{"@type":"ListItem","position":4,"name":"Psych\u00e9 (individuelle)"}]},{"@type":"WebSite","@id":"https:\/\/artistics.com\/fr\/#website","url":"https:\/\/artistics.com\/fr\/","name":"Artistics","description":"The online art gallery","publisher":{"@id":"https:\/\/artistics.com\/fr\/#organization"},"potentialAction":[{"@type":"SearchAction","target":{"@type":"EntryPoint","urlTemplate":"https:\/\/artistics.com\/fr\/?s={search_term_string}"},"query-input":{"@type":"PropertyValueSpecification","valueRequired":true,"valueName":"search_term_string"}}],"inLanguage":"fr-FR"},{"@type":"Organization","@id":"https:\/\/artistics.com\/fr\/#organization","name":"Artistics","url":"https:\/\/artistics.com\/fr\/","logo":{"@type":"ImageObject","inLanguage":"fr-FR","@id":"https:\/\/artistics.com\/fr\/#\/schema\/logo\/image\/","url":"https:\/\/artistics.com\/wp-content\/uploads\/2023\/02\/artistics-logo-web-1.svg","contentUrl":"https:\/\/artistics.com\/wp-content\/uploads\/2023\/02\/artistics-logo-web-1.svg","caption":"Artistics"},"image":{"@id":"https:\/\/artistics.com\/fr\/#\/schema\/logo\/image\/"},"sameAs":["https:\/\/www.facebook.com\/ArtisticsMag","https:\/\/x.com\/Artistics_FR","http:\/\/www.linkedin.com\/company\/artistics","https:\/\/www.instagram.com\/artistics_com\/","http:\/\/www.pinterest.com\/ArtisticsMag"],"hasMerchantReturnPolicy":{"@type":"MerchantReturnPolicy","merchantReturnLink":"https:\/\/artistics.com\/free-return-policy\/"}}]},"product_price_amount":"49000","product_price_currency":"EUR","og_availability":"instock","product_availability":"instock","product_condition":"new"},"_links":{"self":[{"href":"https:\/\/artistics.com\/fr\/wp-json\/wp\/v2\/product\/52596","targetHints":{"allow":["GET"]}}],"collection":[{"href":"https:\/\/artistics.com\/fr\/wp-json\/wp\/v2\/product"}],"about":[{"href":"https:\/\/artistics.com\/fr\/wp-json\/wp\/v2\/types\/product"}],"acf:term":[{"embeddable":true,"taxonomy":"series","href":"https:\/\/artistics.com\/fr\/wp-json\/wp\/v2\/series\/2276"},{"embeddable":true,"taxonomy":"product_tag","href":"https:\/\/artistics.com\/fr\/wp-json\/wp\/v2\/product_tag\/2505"},{"embeddable":true,"taxonomy":"product_tag","href":"https:\/\/artistics.com\/fr\/wp-json\/wp\/v2\/product_tag\/368"},{"embeddable":true,"taxonomy":"product_tag","href":"https:\/\/artistics.com\/fr\/wp-json\/wp\/v2\/product_tag\/562"},{"embeddable":true,"taxonomy":"product_tag","href":"https:\/\/artistics.com\/fr\/wp-json\/wp\/v2\/product_tag\/2504"},{"embeddable":true,"taxonomy":"product_cat","href":"https:\/\/artistics.com\/fr\/wp-json\/wp\/v2\/product_cat\/238"},{"embeddable":true,"taxonomy":"product_cat","href":"https:\/\/artistics.com\/fr\/wp-json\/wp\/v2\/product_cat\/215"},{"embeddable":true,"taxonomy":"product_cat","href":"https:\/\/artistics.com\/fr\/wp-json\/wp\/v2\/product_cat\/193"},{"embeddable":true,"taxonomy":"product_cat","href":"https:\/\/artistics.com\/fr\/wp-json\/wp\/v2\/product_cat\/2243"},{"embeddable":true,"taxonomy":"product_cat","href":"https:\/\/artistics.com\/fr\/wp-json\/wp\/v2\/product_cat\/204"},{"embeddable":true,"taxonomy":"product_cat","href":"https:\/\/artistics.com\/fr\/wp-json\/wp\/v2\/product_cat\/424"},{"embeddable":true,"taxonomy":"product_cat","href":"https:\/\/artistics.com\/fr\/wp-json\/wp\/v2\/product_cat\/421"},{"embeddable":true,"taxonomy":"product_cat","href":"https:\/\/artistics.com\/fr\/wp-json\/wp\/v2\/product_cat\/164"}],"acf:post":[{"embeddable":true,"href":"https:\/\/artistics.com\/fr\/wp-json\/wp\/v2\/artist\/50695"}],"wp:featuredmedia":[{"embeddable":true,"href":"https:\/\/artistics.com\/fr\/wp-json\/wp\/v2\/media\/62978"}],"wp:attachment":[{"href":"https:\/\/artistics.com\/fr\/wp-json\/wp\/v2\/media?parent=52596"}],"wp:term":[{"taxonomy":"product_cat","embeddable":true,"href":"https:\/\/artistics.com\/fr\/wp-json\/wp\/v2\/product_cat?post=52596"},{"taxonomy":"product_tag","embeddable":true,"href":"https:\/\/artistics.com\/fr\/wp-json\/wp\/v2\/product_tag?post=52596"},{"taxonomy":"series","embeddable":true,"href":"https:\/\/artistics.com\/fr\/wp-json\/wp\/v2\/series?post=52596"}],"curies":[{"name":"wp","href":"https:\/\/api.w.org\/{rel}","templated":true}]}}