{"id":49266,"date":"2024-02-19T12:31:03","date_gmt":"2024-02-19T11:31:03","guid":{"rendered":"https:\/\/artistics.com\/?post_type=product&#038;p=49266"},"modified":"2024-02-22T15:44:04","modified_gmt":"2024-02-22T14:44:04","slug":"deep-mirroring-forest-002","status":"publish","type":"product","link":"https:\/\/artistics.com\/fr\/oeuvre\/deep-mirroring-forest-002\/","title":{"rendered":"Deep Mirroring Forest 002"},"content":{"rendered":"","protected":false},"excerpt":{"rendered":"","protected":false},"featured_media":48623,"template":"","meta":{"_acf_changed":false,"_searchwp_excluded":"","inline_featured_image":false},"product_cat":[163,194,202,215,216,225,235],"product_tag":[515,2498,577,572],"series":[2247],"class_list":{"0":"post-49266","1":"product","2":"type-product","3":"status-publish","4":"has-post-thumbnail","6":"product_cat-photographie-contemporaine","7":"product_cat-nature-et-paysage","8":"product_cat-photographie-nature-et-paysage","9":"product_cat-grand","10":"product_cat-moyen","11":"product_cat-tons-sombres","12":"product_cat-de-1000-a-3000-e","13":"product_tag-foret","14":"product_tag-oeuvre-dart-automnale","15":"product_tag-triptyque","16":"product_tag-vert","17":"series-bernhard-lang-deep-mirroring-forests-fr","19":"first","20":"instock","21":"taxable","22":"shipping-taxable","23":"purchasable","24":"product-type-variable","25":"has-default-attributes"},"acf":{"artwork_artist":[2780],"artwork_medium":163,"artwork_categories":[202],"artwork_overall-tones":[225],"artwork_main-material":[],"artwork_art-genre":[194],"artwork_art-movement":[],"artwork_miscellaneous":[],"artwork_formats":[216,216,216,215,215],"artwork_price-ranges":[235],"artwork_main_subject":[515,2498],"artwork_technique":[],"artwork_featured_location":[],"artwork_dominant_color":[572],"artwork_physical_attributes":[577],"artwork_creation_date":"20230101","artwork_unique_piece":false,"artwork_description":"Tirage d'art sur papier Hahnem\u00fchle","artwork_signature":"\u0152uvre sign\u00e9e","artwork_authenticity":"L\u2019\u0153uvre est vendue avec un certificat d\u2019authenticit\u00e9 sign\u00e9 par l\u2019artiste.","artwork_framing":"unframed","artwork_has_custom_framing_info":false,"artwork_custom_framing_info":"Cette \u0153uvre peut \u00eatre vendue encadr\u00e9e. Les prix indiqu\u00e9s s\u2019appliquent au tirage uniquement, non mont\u00e9 et non encadr\u00e9","artwork_location_country":"EE","artwork_location_city":"","artwork_location_zipcode":"","artwork_shipment_type":"2D_rolled_artwork","artwork_shipping_delivery":"photography_production_time","artwork_has_custom_shipping_delivery_info":false,"artwork_custom_shipping_delivery_info":"Not specified","artwork_360_view_url":"","artwork_video_url":"","artwork_video_format":[],"artwork_preview_type":"auto","artwork_reserved":false,"artwork_hide_price":false,"artwork_about":"<p class=\"x_MsoNormal\"><em><strong>Deep Mirroring Forest 002<\/strong>\u00a0<\/em>est une photographie r\u00e9alis\u00e9e par l\u2019artiste contemporain allemand Bernhard Lang issue de la s\u00e9rie Deep Mirroring Forests.<\/p>\r\n<p class=\"x_MsoNormal\">Les images ont \u00e9t\u00e9 captur\u00e9es durant l'automne \/ d\u00e9but de l'hiver 2023 dans plusieurs parcs nationaux d'Estonie. Les lacs forestiers sont cach\u00e9s au c\u0153ur des for\u00eats et ne sont accessibles que par des longues randonn\u00e9es. Dans ces paysages idylliques, il n'y a personne, seulement le silence et une nature pure et intacte.<\/p>\r\n<p class=\"x_MsoNormal\">Depuis 2010, Bernhard Lang s\u2019est consacr\u00e9 \u00e0 la photographie a\u00e9rienne. Il parcourt le monde \u00e0 la recherche de paysages singuliers fortement marqu\u00e9s par l\u2019empreinte de l\u2019homme, qu\u2019il photographie en adoptant un point de vue le plus souvent vertical, depuis un ULM ou un h\u00e9licopt\u00e8re. Vus du ciel, ces panoramas ressemblent presque \u00e0 des tableaux abstraits. Pleinement inscrit dans le domaine de l\u2019art contemporain, son travail cherche \u00e0 provoquer une r\u00e9flexion environnementale tout en procurant un plaisir esth\u00e9tique.<\/p>\r\n<p class=\"x_MsoNormal\">Les tirages en \u00e9dition limit\u00e9e de cette s\u00e9rie sont disponibles en trois formats, sign\u00e9s et num\u00e9rot\u00e9s par l\u2019artiste. Les prix indiqu\u00e9s s\u2019appliquent au tirage uniquement, non mont\u00e9 et non encadr\u00e9. Pour toute demande particuli\u00e8re concernant le montage ou l\u2019encadrement, merci de nous contacter.<\/p>\r\n<p class=\"x_MsoNormal\">Dans cette s\u00e9rie, plusieurs photographies sont assembl\u00e9es pour obtenir une tr\u00e8s haute r\u00e9solution afin de g\u00e9n\u00e9rer des polyptyques \u00e0 grande \u00e9chelle. Cette photographie sp\u00e9cifique est compos\u00e9e de 3 tirages, qui sont livr\u00e9s s\u00e9par\u00e9ment lors de l'achat. Cependant, il est \u00e9galement possible d'acheter la photographie en un seul tirage sous forme d'image panoramique. Veuillez nous contacter pour plus d'informations.<\/p>\r\n<p class=\"x_MsoNormal\" aria-hidden=\"true\"><\/p>","artwork_series":[2247],"artwork_query_group":"30","artwork_lowest_grid_position":1,"artwork_random_position":6945974,"explicit_sensitive_content":false,"drupal_id":""},"yoast_head":"<!-- This site is optimized with the Yoast SEO Premium plugin v27.3 (Yoast SEO v27.3) - https:\/\/yoast.com\/product\/yoast-seo-premium-wordpress\/ -->\n<title>Deep Mirroring Forest 002 | Artistics<\/title>\n<meta name=\"description\" content=\"Deep Mirroring Forest 002\" \/>\n<meta name=\"robots\" content=\"index, follow, max-snippet:-1, max-image-preview:large, max-video-preview:-1\" \/>\n<link rel=\"canonical\" href=\"https:\/\/artistics.com\/fr\/oeuvre\/deep-mirroring-forest-002\/\" \/>\n<meta property=\"og:locale\" content=\"fr_FR\" \/>\n<meta property=\"og:type\" content=\"article\" \/>\n<meta property=\"og:title\" content=\"Deep Mirroring Forest 002\" \/>\n<meta property=\"og:description\" content=\"Deep Mirroring Forest 002\" \/>\n<meta property=\"og:url\" content=\"https:\/\/artistics.com\/fr\/oeuvre\/deep-mirroring-forest-002\/\" \/>\n<meta property=\"og:site_name\" content=\"Artistics\" \/>\n<meta property=\"article:publisher\" content=\"https:\/\/www.facebook.com\/ArtisticsMag\" \/>\n<meta property=\"article:modified_time\" content=\"2024-02-22T14:44:04+00:00\" \/>\n<meta property=\"og:image\" content=\"https:\/\/artistics.com\/wp-content\/uploads\/2024\/02\/deep-mirroring-forest-002-aerial-photography-by-bernhard-lang-2.jpg\" \/>\n\t<meta property=\"og:image:width\" content=\"2063\" \/>\n\t<meta property=\"og:image:height\" content=\"1024\" \/>\n\t<meta property=\"og:image:type\" content=\"image\/jpeg\" \/>\n<meta name=\"twitter:card\" content=\"summary_large_image\" \/>\n<meta name=\"twitter:site\" content=\"@Artistics_FR\" \/>\n<meta name=\"twitter:label1\" content=\"Disponibilit\u00e9\" \/>\n\t<meta name=\"twitter:data1\" content=\"En stock\" \/>\n<script type=\"application\/ld+json\" class=\"yoast-schema-graph\">{\"@context\":\"https:\\\/\\\/schema.org\",\"@graph\":[{\"@type\":[\"WebPage\",\"ItemPage\"],\"@id\":\"https:\\\/\\\/artistics.com\\\/fr\\\/oeuvre\\\/deep-mirroring-forest-002\\\/\",\"url\":\"https:\\\/\\\/artistics.com\\\/fr\\\/oeuvre\\\/deep-mirroring-forest-002\\\/\",\"name\":\"Deep Mirroring Forest 002 | Artistics\",\"isPartOf\":{\"@id\":\"https:\\\/\\\/artistics.com\\\/fr\\\/#website\"},\"primaryImageOfPage\":{\"@id\":\"https:\\\/\\\/artistics.com\\\/fr\\\/oeuvre\\\/deep-mirroring-forest-002\\\/#primaryimage\"},\"image\":{\"@id\":\"https:\\\/\\\/artistics.com\\\/fr\\\/oeuvre\\\/deep-mirroring-forest-002\\\/#primaryimage\"},\"thumbnailUrl\":\"https:\\\/\\\/artistics.com\\\/wp-content\\\/uploads\\\/2024\\\/02\\\/deep-mirroring-forest-002-aerial-photography-by-bernhard-lang-2.jpg\",\"datePublished\":\"2024-02-19T11:31:03+00:00\",\"dateModified\":\"2024-02-22T14:44:04+00:00\",\"description\":\"Deep Mirroring Forest 002\",\"breadcrumb\":{\"@id\":\"https:\\\/\\\/artistics.com\\\/fr\\\/oeuvre\\\/deep-mirroring-forest-002\\\/#breadcrumb\"},\"inLanguage\":\"fr-FR\",\"potentialAction\":[{\"@type\":\"ReadAction\",\"target\":[\"https:\\\/\\\/artistics.com\\\/fr\\\/oeuvre\\\/deep-mirroring-forest-002\\\/\"]}]},{\"@type\":\"ImageObject\",\"inLanguage\":\"fr-FR\",\"@id\":\"https:\\\/\\\/artistics.com\\\/fr\\\/oeuvre\\\/deep-mirroring-forest-002\\\/#primaryimage\",\"url\":\"https:\\\/\\\/artistics.com\\\/wp-content\\\/uploads\\\/2024\\\/02\\\/deep-mirroring-forest-002-aerial-photography-by-bernhard-lang-2.jpg\",\"contentUrl\":\"https:\\\/\\\/artistics.com\\\/wp-content\\\/uploads\\\/2024\\\/02\\\/deep-mirroring-forest-002-aerial-photography-by-bernhard-lang-2.jpg\",\"width\":2063,\"height\":1024},{\"@type\":\"BreadcrumbList\",\"@id\":\"https:\\\/\\\/artistics.com\\\/fr\\\/oeuvre\\\/deep-mirroring-forest-002\\\/#breadcrumb\",\"itemListElement\":[{\"@type\":\"ListItem\",\"position\":1,\"name\":\"Achat \u0153uvre d'art\",\"item\":\"https:\\\/\\\/artistics.com\\\/fr\\\/\"},{\"@type\":\"ListItem\",\"position\":2,\"name\":\"Galerie\",\"item\":\"https:\\\/\\\/artistics.com\\\/fr\\\/galerie\\\/\"},{\"@type\":\"ListItem\",\"position\":3,\"name\":\"Photographie contemporaine\",\"item\":\"https:\\\/\\\/artistics.com\\\/fr\\\/categorie-oeuvre\\\/photographie-contemporaine\\\/\"},{\"@type\":\"ListItem\",\"position\":4,\"name\":\"Deep Mirroring Forest 002\"}]},{\"@type\":\"WebSite\",\"@id\":\"https:\\\/\\\/artistics.com\\\/fr\\\/#website\",\"url\":\"https:\\\/\\\/artistics.com\\\/fr\\\/\",\"name\":\"Artistics\",\"description\":\"The online art gallery\",\"publisher\":{\"@id\":\"https:\\\/\\\/artistics.com\\\/fr\\\/#organization\"},\"potentialAction\":[{\"@type\":\"SearchAction\",\"target\":{\"@type\":\"EntryPoint\",\"urlTemplate\":\"https:\\\/\\\/artistics.com\\\/fr\\\/?s={search_term_string}\"},\"query-input\":{\"@type\":\"PropertyValueSpecification\",\"valueRequired\":true,\"valueName\":\"search_term_string\"}}],\"inLanguage\":\"fr-FR\"},{\"@type\":\"Organization\",\"@id\":\"https:\\\/\\\/artistics.com\\\/fr\\\/#organization\",\"name\":\"Artistics\",\"url\":\"https:\\\/\\\/artistics.com\\\/fr\\\/\",\"logo\":{\"@type\":\"ImageObject\",\"inLanguage\":\"fr-FR\",\"@id\":\"https:\\\/\\\/artistics.com\\\/fr\\\/#\\\/schema\\\/logo\\\/image\\\/\",\"url\":\"https:\\\/\\\/artistics.com\\\/wp-content\\\/uploads\\\/2023\\\/02\\\/artistics-logo-web-1.svg\",\"contentUrl\":\"https:\\\/\\\/artistics.com\\\/wp-content\\\/uploads\\\/2023\\\/02\\\/artistics-logo-web-1.svg\",\"caption\":\"Artistics\"},\"image\":{\"@id\":\"https:\\\/\\\/artistics.com\\\/fr\\\/#\\\/schema\\\/logo\\\/image\\\/\"},\"sameAs\":[\"https:\\\/\\\/www.facebook.com\\\/ArtisticsMag\",\"https:\\\/\\\/x.com\\\/Artistics_FR\",\"http:\\\/\\\/www.linkedin.com\\\/company\\\/artistics\",\"https:\\\/\\\/www.instagram.com\\\/artistics_com\\\/\",\"http:\\\/\\\/www.pinterest.com\\\/ArtisticsMag\"],\"hasMerchantReturnPolicy\":{\"@type\":\"MerchantReturnPolicy\",\"merchantReturnLink\":\"https:\\\/\\\/artistics.com\\\/free-return-policy\\\/\"}}]}<\/script>\n<meta property=\"og:availability\" content=\"instock\" \/>\n<meta property=\"product:availability\" content=\"instock\" \/>\n<meta property=\"product:condition\" content=\"new\" \/>\n<!-- \/ Yoast SEO Premium plugin. -->","yoast_head_json":{"title":"Deep Mirroring Forest 002 | Artistics","description":"Deep Mirroring Forest 002","robots":{"index":"index","follow":"follow","max-snippet":"max-snippet:-1","max-image-preview":"max-image-preview:large","max-video-preview":"max-video-preview:-1"},"canonical":"https:\/\/artistics.com\/fr\/oeuvre\/deep-mirroring-forest-002\/","og_locale":"fr_FR","og_type":"article","og_title":"Deep Mirroring Forest 002","og_description":"Deep Mirroring Forest 002","og_url":"https:\/\/artistics.com\/fr\/oeuvre\/deep-mirroring-forest-002\/","og_site_name":"Artistics","article_publisher":"https:\/\/www.facebook.com\/ArtisticsMag","article_modified_time":"2024-02-22T14:44:04+00:00","og_image":[{"width":2063,"height":1024,"url":"https:\/\/artistics.com\/wp-content\/uploads\/2024\/02\/deep-mirroring-forest-002-aerial-photography-by-bernhard-lang-2.jpg","type":"image\/jpeg"}],"twitter_card":"summary_large_image","twitter_site":"@Artistics_FR","twitter_misc":{"Disponibilit\u00e9":"En stock"},"schema":{"@context":"https:\/\/schema.org","@graph":[{"@type":["WebPage","ItemPage"],"@id":"https:\/\/artistics.com\/fr\/oeuvre\/deep-mirroring-forest-002\/","url":"https:\/\/artistics.com\/fr\/oeuvre\/deep-mirroring-forest-002\/","name":"Deep Mirroring Forest 002 | Artistics","isPartOf":{"@id":"https:\/\/artistics.com\/fr\/#website"},"primaryImageOfPage":{"@id":"https:\/\/artistics.com\/fr\/oeuvre\/deep-mirroring-forest-002\/#primaryimage"},"image":{"@id":"https:\/\/artistics.com\/fr\/oeuvre\/deep-mirroring-forest-002\/#primaryimage"},"thumbnailUrl":"https:\/\/artistics.com\/wp-content\/uploads\/2024\/02\/deep-mirroring-forest-002-aerial-photography-by-bernhard-lang-2.jpg","datePublished":"2024-02-19T11:31:03+00:00","dateModified":"2024-02-22T14:44:04+00:00","description":"Deep Mirroring Forest 002","breadcrumb":{"@id":"https:\/\/artistics.com\/fr\/oeuvre\/deep-mirroring-forest-002\/#breadcrumb"},"inLanguage":"fr-FR","potentialAction":[{"@type":"ReadAction","target":["https:\/\/artistics.com\/fr\/oeuvre\/deep-mirroring-forest-002\/"]}]},{"@type":"ImageObject","inLanguage":"fr-FR","@id":"https:\/\/artistics.com\/fr\/oeuvre\/deep-mirroring-forest-002\/#primaryimage","url":"https:\/\/artistics.com\/wp-content\/uploads\/2024\/02\/deep-mirroring-forest-002-aerial-photography-by-bernhard-lang-2.jpg","contentUrl":"https:\/\/artistics.com\/wp-content\/uploads\/2024\/02\/deep-mirroring-forest-002-aerial-photography-by-bernhard-lang-2.jpg","width":2063,"height":1024},{"@type":"BreadcrumbList","@id":"https:\/\/artistics.com\/fr\/oeuvre\/deep-mirroring-forest-002\/#breadcrumb","itemListElement":[{"@type":"ListItem","position":1,"name":"Achat \u0153uvre d'art","item":"https:\/\/artistics.com\/fr\/"},{"@type":"ListItem","position":2,"name":"Galerie","item":"https:\/\/artistics.com\/fr\/galerie\/"},{"@type":"ListItem","position":3,"name":"Photographie contemporaine","item":"https:\/\/artistics.com\/fr\/categorie-oeuvre\/photographie-contemporaine\/"},{"@type":"ListItem","position":4,"name":"Deep Mirroring Forest 002"}]},{"@type":"WebSite","@id":"https:\/\/artistics.com\/fr\/#website","url":"https:\/\/artistics.com\/fr\/","name":"Artistics","description":"The online art gallery","publisher":{"@id":"https:\/\/artistics.com\/fr\/#organization"},"potentialAction":[{"@type":"SearchAction","target":{"@type":"EntryPoint","urlTemplate":"https:\/\/artistics.com\/fr\/?s={search_term_string}"},"query-input":{"@type":"PropertyValueSpecification","valueRequired":true,"valueName":"search_term_string"}}],"inLanguage":"fr-FR"},{"@type":"Organization","@id":"https:\/\/artistics.com\/fr\/#organization","name":"Artistics","url":"https:\/\/artistics.com\/fr\/","logo":{"@type":"ImageObject","inLanguage":"fr-FR","@id":"https:\/\/artistics.com\/fr\/#\/schema\/logo\/image\/","url":"https:\/\/artistics.com\/wp-content\/uploads\/2023\/02\/artistics-logo-web-1.svg","contentUrl":"https:\/\/artistics.com\/wp-content\/uploads\/2023\/02\/artistics-logo-web-1.svg","caption":"Artistics"},"image":{"@id":"https:\/\/artistics.com\/fr\/#\/schema\/logo\/image\/"},"sameAs":["https:\/\/www.facebook.com\/ArtisticsMag","https:\/\/x.com\/Artistics_FR","http:\/\/www.linkedin.com\/company\/artistics","https:\/\/www.instagram.com\/artistics_com\/","http:\/\/www.pinterest.com\/ArtisticsMag"],"hasMerchantReturnPolicy":{"@type":"MerchantReturnPolicy","merchantReturnLink":"https:\/\/artistics.com\/free-return-policy\/"}}]},"og_availability":"instock","product_availability":"instock","product_condition":"new"},"_links":{"self":[{"href":"https:\/\/artistics.com\/fr\/wp-json\/wp\/v2\/product\/49266","targetHints":{"allow":["GET"]}}],"collection":[{"href":"https:\/\/artistics.com\/fr\/wp-json\/wp\/v2\/product"}],"about":[{"href":"https:\/\/artistics.com\/fr\/wp-json\/wp\/v2\/types\/product"}],"acf:term":[{"embeddable":true,"taxonomy":"series","href":"https:\/\/artistics.com\/fr\/wp-json\/wp\/v2\/series\/2247"},{"embeddable":true,"taxonomy":"product_tag","href":"https:\/\/artistics.com\/fr\/wp-json\/wp\/v2\/product_tag\/577"},{"embeddable":true,"taxonomy":"product_tag","href":"https:\/\/artistics.com\/fr\/wp-json\/wp\/v2\/product_tag\/572"},{"embeddable":true,"taxonomy":"product_tag","href":"https:\/\/artistics.com\/fr\/wp-json\/wp\/v2\/product_tag\/2498"},{"embeddable":true,"taxonomy":"product_tag","href":"https:\/\/artistics.com\/fr\/wp-json\/wp\/v2\/product_tag\/515"},{"embeddable":true,"taxonomy":"product_cat","href":"https:\/\/artistics.com\/fr\/wp-json\/wp\/v2\/product_cat\/235"},{"embeddable":true,"taxonomy":"product_cat","href":"https:\/\/artistics.com\/fr\/wp-json\/wp\/v2\/product_cat\/215"},{"embeddable":true,"taxonomy":"product_cat","href":"https:\/\/artistics.com\/fr\/wp-json\/wp\/v2\/product_cat\/216"},{"embeddable":true,"taxonomy":"product_cat","href":"https:\/\/artistics.com\/fr\/wp-json\/wp\/v2\/product_cat\/194"},{"embeddable":true,"taxonomy":"product_cat","href":"https:\/\/artistics.com\/fr\/wp-json\/wp\/v2\/product_cat\/225"},{"embeddable":true,"taxonomy":"product_cat","href":"https:\/\/artistics.com\/fr\/wp-json\/wp\/v2\/product_cat\/202"},{"embeddable":true,"taxonomy":"product_cat","href":"https:\/\/artistics.com\/fr\/wp-json\/wp\/v2\/product_cat\/163"}],"acf:post":[{"embeddable":true,"href":"https:\/\/artistics.com\/fr\/wp-json\/wp\/v2\/artist\/2780"}],"wp:featuredmedia":[{"embeddable":true,"href":"https:\/\/artistics.com\/fr\/wp-json\/wp\/v2\/media\/48623"}],"wp:attachment":[{"href":"https:\/\/artistics.com\/fr\/wp-json\/wp\/v2\/media?parent=49266"}],"wp:term":[{"taxonomy":"product_cat","embeddable":true,"href":"https:\/\/artistics.com\/fr\/wp-json\/wp\/v2\/product_cat?post=49266"},{"taxonomy":"product_tag","embeddable":true,"href":"https:\/\/artistics.com\/fr\/wp-json\/wp\/v2\/product_tag?post=49266"},{"taxonomy":"series","embeddable":true,"href":"https:\/\/artistics.com\/fr\/wp-json\/wp\/v2\/series?post=49266"}],"curies":[{"name":"wp","href":"https:\/\/api.w.org\/{rel}","templated":true}]}}